{"id":25538,"date":"2021-05-25T16:52:51","date_gmt":"2021-05-25T16:52:51","guid":{"rendered":"https:\/\/safetysourcefire.ca\/?post_type=product&#038;p=25538"},"modified":"2021-05-25T17:41:57","modified_gmt":"2021-05-25T17:41:57","slug":"air-management-systems","status":"publish","type":"product","link":"https:\/\/safetysourcefire.ca\/fr\/produit\/air-management-systems\/","title":{"rendered":"Syst\u00e8mes de gestion de l&#039;air"},"content":{"rendered":"<p><strong>Entreposage d'air<\/strong><\/p>\n<ul>\n<li>Syst\u00e8mes de remplissage en cascade pour optimiser les capacit\u00e9s d'entreposage et de remplissage<\/li>\n<li>\u00c9tag\u00e8res horizontales et verticales disponibles dans des configurations de 2 \u00e0 6<\/li>\n<li>Peut \u00eatre int\u00e9gr\u00e9e dans une station de remplissage existante ou en tant qu'unit\u00e9 s\u00e9par\u00e9e<\/li>\n<\/ul>\n<p><strong>Contr\u00f4les en cascade<\/strong><\/p>\n<p>Con\u00e7ues pour optimiser l'entreoposage d'air et la capacit\u00e9 de remplissage, nos commandes en cascade permettent \u00e0 l'op\u00e9rateur de remplir une banque \u00e9puis\u00e9e tout en remplissant simultan\u00e9ment les ARA \u00e0 partir d'une banque pleine.<\/p>\n<ul>\n<li>Soit int\u00e9gr\u00e9 dans une station de remplissage ou mont\u00e9 \u00e0 distance<\/li>\n<li>Option de contr\u00f4le en cascade automatique de la station de remplissage de confinement\n<ul>\n<li>R\u00e9duit le potentiel d&#039;erreur de l&#039;op\u00e9rateur<\/li>\n<li>Simplifie et facilite l&#039;op\u00e9ration de remplissage<\/li>\n<li>Contr\u00f4le automatiquement la consommation et le r\u00e9approvisionnement d'air<\/li>\n<\/ul>\n<\/li>\n<\/ul>\n<p><a href=\"https:\/\/safetysourcefire.ca\/wp-content\/uploads\/2021\/05\/Mako-Breathing-Air-Catalogue.pdf\">T\u00e9l\u00e9charger le catalogue Mako<\/a><\/p>","protected":false},"excerpt":{"rendered":"<p>Les bouteilles et les \u00e9tag\u00e8res de rangement pour bonbonnes sont disponibles dans des configurations verticales et horizontales pour les bouteilles ASME et UN. Avoir un tel syst\u00e8me est essentiel pour faire face aux situations impr\u00e9visibles de remplissage.<\/p>","protected":false},"featured_media":25541,"template":"","meta":[],"product_brand":[525],"product_cat":[45,58],"product_tag":[527],"class_list":{"0":"post-25538","1":"product","2":"type-product","3":"status-publish","4":"has-post-thumbnail","6":"product_brand-mako","7":"product_cat-respiratory","8":"product_cat-accessories-scba","9":"product_tag-mako","11":"first","12":"instock","13":"shipping-taxable","14":"product-type-simple"},"yoast_head":"<!-- This site is optimized with the Yoast SEO plugin v27.4 - https:\/\/yoast.com\/product\/yoast-seo-wordpress\/ -->\n<title>Air Management Systems - Safety Source Fire<\/title>\n<meta name=\"robots\" content=\"index, follow, max-snippet:-1, max-image-preview:large, max-video-preview:-1\" \/>\n<link rel=\"canonical\" href=\"https:\/\/safetysourcefire.ca\/fr\/?product=air-management-systems\" \/>\n<meta property=\"og:locale\" content=\"fr_CA\" \/>\n<meta property=\"og:type\" content=\"article\" \/>\n<meta property=\"og:title\" content=\"Air Management Systems - Safety Source Fire\" \/>\n<meta property=\"og:description\" content=\"Air storage cylinders and racks are available in vertical and horizontal configurations for ASME and UN cylinders. Air Storage is essential in coping with unpredictable or peak filling requirements.\" \/>\n<meta property=\"og:url\" content=\"https:\/\/safetysourcefire.ca\/fr\/?product=air-management-systems\" \/>\n<meta property=\"og:site_name\" content=\"Safety Source Fire\" \/>\n<meta property=\"article:publisher\" content=\"https:\/\/www.facebook.com\/mmfssca\" \/>\n<meta property=\"article:modified_time\" content=\"2021-05-25T17:41:57+00:00\" \/>\n<meta property=\"og:image\" content=\"https:\/\/safetysourcefire.ca\/wp-content\/uploads\/2021\/05\/AirStorage.jpg\" \/>\n\t<meta property=\"og:image:width\" content=\"600\" \/>\n\t<meta property=\"og:image:height\" content=\"600\" \/>\n\t<meta property=\"og:image:type\" content=\"image\/jpeg\" \/>\n<meta name=\"twitter:card\" content=\"summary_large_image\" \/>\n<meta name=\"twitter:site\" content=\"@mmfssca\" \/>\n<meta name=\"twitter:label1\" content=\"Estimation du temps de lecture\" \/>\n\t<meta name=\"twitter:data1\" content=\"1 minute\" \/>\n<script type=\"application\/ld+json\" class=\"yoast-schema-graph\">{\"@context\":\"https:\\\/\\\/schema.org\",\"@graph\":[{\"@type\":\"WebPage\",\"@id\":\"https:\\\/\\\/safetysourcefire.ca\\\/?product=air-management-systems\",\"url\":\"https:\\\/\\\/safetysourcefire.ca\\\/?product=air-management-systems\",\"name\":\"Air Management Systems - Safety Source Fire\",\"isPartOf\":{\"@id\":\"https:\\\/\\\/safetysourcefire.ca\\\/#website\"},\"primaryImageOfPage\":{\"@id\":\"https:\\\/\\\/safetysourcefire.ca\\\/?product=air-management-systems#primaryimage\"},\"image\":{\"@id\":\"https:\\\/\\\/safetysourcefire.ca\\\/?product=air-management-systems#primaryimage\"},\"thumbnailUrl\":\"https:\\\/\\\/safetysourcefire.ca\\\/wp-content\\\/uploads\\\/2021\\\/05\\\/AirStorage.jpg\",\"datePublished\":\"2021-05-25T16:52:51+00:00\",\"dateModified\":\"2021-05-25T17:41:57+00:00\",\"breadcrumb\":{\"@id\":\"https:\\\/\\\/safetysourcefire.ca\\\/?product=air-management-systems#breadcrumb\"},\"inLanguage\":\"fr-CA\",\"potentialAction\":[{\"@type\":\"ReadAction\",\"target\":[\"https:\\\/\\\/safetysourcefire.ca\\\/?product=air-management-systems\"]}]},{\"@type\":\"ImageObject\",\"inLanguage\":\"fr-CA\",\"@id\":\"https:\\\/\\\/safetysourcefire.ca\\\/?product=air-management-systems#primaryimage\",\"url\":\"https:\\\/\\\/safetysourcefire.ca\\\/wp-content\\\/uploads\\\/2021\\\/05\\\/AirStorage.jpg\",\"contentUrl\":\"https:\\\/\\\/safetysourcefire.ca\\\/wp-content\\\/uploads\\\/2021\\\/05\\\/AirStorage.jpg\",\"width\":600,\"height\":600,\"caption\":\"scbas in storage rack\"},{\"@type\":\"BreadcrumbList\",\"@id\":\"https:\\\/\\\/safetysourcefire.ca\\\/?product=air-management-systems#breadcrumb\",\"itemListElement\":[{\"@type\":\"ListItem\",\"position\":1,\"name\":\"Home\",\"item\":\"https:\\\/\\\/safetysourcefire.ca\\\/\"},{\"@type\":\"ListItem\",\"position\":2,\"name\":\"Products\",\"item\":\"https:\\\/\\\/safetysourcefire.ca\\\/shop\\\/\"},{\"@type\":\"ListItem\",\"position\":3,\"name\":\"Air Management Systems\"}]},{\"@type\":\"WebSite\",\"@id\":\"https:\\\/\\\/safetysourcefire.ca\\\/#website\",\"url\":\"https:\\\/\\\/safetysourcefire.ca\\\/\",\"name\":\"Safety Source Fire\",\"description\":\"\",\"publisher\":{\"@id\":\"https:\\\/\\\/safetysourcefire.ca\\\/#organization\"},\"potentialAction\":[{\"@type\":\"SearchAction\",\"target\":{\"@type\":\"EntryPoint\",\"urlTemplate\":\"https:\\\/\\\/safetysourcefire.ca\\\/?s={search_term_string}\"},\"query-input\":{\"@type\":\"PropertyValueSpecification\",\"valueRequired\":true,\"valueName\":\"search_term_string\"}}],\"inLanguage\":\"fr-CA\"},{\"@type\":\"Organization\",\"@id\":\"https:\\\/\\\/safetysourcefire.ca\\\/#organization\",\"name\":\"Safety Source Fire\",\"url\":\"https:\\\/\\\/safetysourcefire.ca\\\/\",\"logo\":{\"@type\":\"ImageObject\",\"inLanguage\":\"fr-CA\",\"@id\":\"https:\\\/\\\/safetysourcefire.ca\\\/#\\\/schema\\\/logo\\\/image\\\/\",\"url\":\"https:\\\/\\\/safetysourcefire.ca\\\/wp-content\\\/uploads\\\/2021\\\/01\\\/SSF_logo_CC0000-3.png\",\"contentUrl\":\"https:\\\/\\\/safetysourcefire.ca\\\/wp-content\\\/uploads\\\/2021\\\/01\\\/SSF_logo_CC0000-3.png\",\"width\":1107,\"height\":365,\"caption\":\"Safety Source Fire\"},\"image\":{\"@id\":\"https:\\\/\\\/safetysourcefire.ca\\\/#\\\/schema\\\/logo\\\/image\\\/\"},\"sameAs\":[\"https:\\\/\\\/www.facebook.com\\\/mmfssca\",\"https:\\\/\\\/x.com\\\/mmfssca\"]}]}<\/script>\n<!-- \/ Yoast SEO plugin. -->","yoast_head_json":{"title":"Syst\u00e8mes de gestion de l&#039;air - S\u00e9curit\u00e9 incendie \u00e0 source","robots":{"index":"index","follow":"follow","max-snippet":"max-snippet:-1","max-image-preview":"max-image-preview:large","max-video-preview":"max-video-preview:-1"},"canonical":"https:\/\/safetysourcefire.ca\/fr\/?product=air-management-systems","og_locale":"fr_CA","og_type":"article","og_title":"Air Management Systems - Safety Source Fire","og_description":"Air storage cylinders and racks are available in vertical and horizontal configurations for ASME and UN cylinders. Air Storage is essential in coping with unpredictable or peak filling requirements.","og_url":"https:\/\/safetysourcefire.ca\/fr\/?product=air-management-systems","og_site_name":"Safety Source Fire","article_publisher":"https:\/\/www.facebook.com\/mmfssca","article_modified_time":"2021-05-25T17:41:57+00:00","og_image":[{"width":600,"height":600,"url":"https:\/\/safetysourcefire.ca\/wp-content\/uploads\/2021\/05\/AirStorage.jpg","type":"image\/jpeg"}],"twitter_card":"summary_large_image","twitter_site":"@mmfssca","twitter_misc":{"Estimation du temps de lecture":"1 minute"},"schema":{"@context":"https:\/\/schema.org","@graph":[{"@type":"WebPage","@id":"https:\/\/safetysourcefire.ca\/?product=air-management-systems","url":"https:\/\/safetysourcefire.ca\/?product=air-management-systems","name":"Syst\u00e8mes de gestion de l&#039;air - S\u00e9curit\u00e9 incendie \u00e0 source","isPartOf":{"@id":"https:\/\/safetysourcefire.ca\/#website"},"primaryImageOfPage":{"@id":"https:\/\/safetysourcefire.ca\/?product=air-management-systems#primaryimage"},"image":{"@id":"https:\/\/safetysourcefire.ca\/?product=air-management-systems#primaryimage"},"thumbnailUrl":"https:\/\/safetysourcefire.ca\/wp-content\/uploads\/2021\/05\/AirStorage.jpg","datePublished":"2021-05-25T16:52:51+00:00","dateModified":"2021-05-25T17:41:57+00:00","breadcrumb":{"@id":"https:\/\/safetysourcefire.ca\/?product=air-management-systems#breadcrumb"},"inLanguage":"fr-CA","potentialAction":[{"@type":"ReadAction","target":["https:\/\/safetysourcefire.ca\/?product=air-management-systems"]}]},{"@type":"ImageObject","inLanguage":"fr-CA","@id":"https:\/\/safetysourcefire.ca\/?product=air-management-systems#primaryimage","url":"https:\/\/safetysourcefire.ca\/wp-content\/uploads\/2021\/05\/AirStorage.jpg","contentUrl":"https:\/\/safetysourcefire.ca\/wp-content\/uploads\/2021\/05\/AirStorage.jpg","width":600,"height":600,"caption":"scbas in storage rack"},{"@type":"BreadcrumbList","@id":"https:\/\/safetysourcefire.ca\/?product=air-management-systems#breadcrumb","itemListElement":[{"@type":"ListItem","position":1,"name":"Home","item":"https:\/\/safetysourcefire.ca\/"},{"@type":"ListItem","position":2,"name":"Products","item":"https:\/\/safetysourcefire.ca\/shop\/"},{"@type":"ListItem","position":3,"name":"Air Management Systems"}]},{"@type":"WebSite","@id":"https:\/\/safetysourcefire.ca\/#website","url":"https:\/\/safetysourcefire.ca\/","name":"Safety Source Fire","description":"","publisher":{"@id":"https:\/\/safetysourcefire.ca\/#organization"},"potentialAction":[{"@type":"SearchAction","target":{"@type":"EntryPoint","urlTemplate":"https:\/\/safetysourcefire.ca\/?s={search_term_string}"},"query-input":{"@type":"PropertyValueSpecification","valueRequired":true,"valueName":"search_term_string"}}],"inLanguage":"fr-CA"},{"@type":"Organization","@id":"https:\/\/safetysourcefire.ca\/#organization","name":"Safety Source Fire","url":"https:\/\/safetysourcefire.ca\/","logo":{"@type":"ImageObject","inLanguage":"fr-CA","@id":"https:\/\/safetysourcefire.ca\/#\/schema\/logo\/image\/","url":"https:\/\/safetysourcefire.ca\/wp-content\/uploads\/2021\/01\/SSF_logo_CC0000-3.png","contentUrl":"https:\/\/safetysourcefire.ca\/wp-content\/uploads\/2021\/01\/SSF_logo_CC0000-3.png","width":1107,"height":365,"caption":"Safety Source Fire"},"image":{"@id":"https:\/\/safetysourcefire.ca\/#\/schema\/logo\/image\/"},"sameAs":["https:\/\/www.facebook.com\/mmfssca","https:\/\/x.com\/mmfssca"]}]}},"_links":{"self":[{"href":"https:\/\/safetysourcefire.ca\/fr\/wp-json\/wp\/v2\/product\/25538","targetHints":{"allow":["GET"]}}],"collection":[{"href":"https:\/\/safetysourcefire.ca\/fr\/wp-json\/wp\/v2\/product"}],"about":[{"href":"https:\/\/safetysourcefire.ca\/fr\/wp-json\/wp\/v2\/types\/product"}],"wp:featuredmedia":[{"embeddable":true,"href":"https:\/\/safetysourcefire.ca\/fr\/wp-json\/wp\/v2\/media\/25541"}],"wp:attachment":[{"href":"https:\/\/safetysourcefire.ca\/fr\/wp-json\/wp\/v2\/media?parent=25538"}],"wp:term":[{"taxonomy":"product_brand","embeddable":true,"href":"https:\/\/safetysourcefire.ca\/fr\/wp-json\/wp\/v2\/product_brand?post=25538"},{"taxonomy":"product_cat","embeddable":true,"href":"https:\/\/safetysourcefire.ca\/fr\/wp-json\/wp\/v2\/product_cat?post=25538"},{"taxonomy":"product_tag","embeddable":true,"href":"https:\/\/safetysourcefire.ca\/fr\/wp-json\/wp\/v2\/product_tag?post=25538"}],"curies":[{"name":"wp","href":"https:\/\/api.w.org\/{rel}","templated":true}]}}