{"id":26172,"date":"2022-01-26T18:38:19","date_gmt":"2022-01-26T18:38:19","guid":{"rendered":"https:\/\/safetysourcefire.ca\/?post_type=product&#038;p=26172"},"modified":"2022-01-26T18:38:19","modified_gmt":"2022-01-26T18:38:19","slug":"thread-saver","status":"publish","type":"product","link":"https:\/\/safetysourcefire.ca\/fr\/produit\/thread-saver\/","title":{"rendered":"Protecteur THREAD SAVER\u00ae"},"content":{"rendered":"<p>Il est important de pr\u00e9venir les dommages qui pourraient d\u00e9sactiver votre SCBA au moment o\u00f9 vous en avez le plus besoin. C'est exactement ce que fais THREAD SAVER\u00ae : il aide \u00e0 pr\u00e9venir les dommages graves au filetage des valves. De plus, cet outil peut vous faire \u00e9conomiser jusqu'\u00e0 $425, car vous n'aurez pas \u00e0 remplacer le corps de valve endommag\u00e9 par une nouvelle valve.<\/p>\n<p>Une protection de filetage est n\u00e9cessaire pour les filetages de valve en aluminium souple des bouteilles d&#039;appareils respiratoires fabriqu\u00e9s par Scott, MSA, Draeger, Interspiro, Avon\/ISI, Survivair et North SCBA.<\/p>\n<p>Avec raison, les pompiers ne jurent que par la capacit\u00e9 de THREAD SAVER pour prot\u00e9ger leurs filetages de bonbonnes CGA 346 et 347.<\/p>\n<p>Satisfaction garantie ou argent remis (p\u00e9riode de 12 mois) et item garantie \u00e0 vie\u00a0!<\/p>\n<p>THREAD SAVER\u00ae prot\u00e8ge en gardant la salet\u00e9, la poussi\u00e8re, la boue, le gravier, le sable, la neige, la glace et l'eau \u00e0 l'\u00e9cart des filetages ainsi que de l'orifice de la valve de votre bouteille LP ou HP.<\/p>\n<p>THREAD SAVER\u00ae est une option peu co\u00fbteuse contre les dommages graves caus\u00e9s par les impacts. Gr\u00e2ce \u00e0 elle, vous pouvez \u00e9viter les remplacements co\u00fbteux des valves sur votre mat\u00e9riel.<\/p>\n<p>THREAD SAVER\u00ae a \u00e9t\u00e9 test\u00e9 thermiquement par un laboratoire ind\u00e9pendant \u00e0 des temp\u00e9ratures de 650\u00b0C \u00e0 1200\u00b0F.<\/p>\n<p>&quot;Sp\u00e9cifiez les tests ASTM D1929 sur votre cahier des charges.&quot;<\/p>\n<p>Ajoutez Thread Saver\u00ae \u00e0 votre nouvelle sp\u00e9cification d&#039;offre SCBA<\/p>\n<p>Gardez vos valves SCBA pr\u00eates \u00e0 l'action!<\/p>","protected":false},"excerpt":{"rendered":"<p>Vos valves sont-elles prot\u00e9g\u00e9es ?<\/p>","protected":false},"featured_media":26173,"template":"","meta":[],"product_brand":[539],"product_cat":[45,58],"product_tag":[540],"class_list":{"0":"post-26172","1":"product","2":"type-product","3":"status-publish","4":"has-post-thumbnail","6":"product_brand-thread-saver","7":"product_cat-respiratory","8":"product_cat-accessories-scba","9":"product_tag-thread-saver","11":"first","12":"instock","13":"shipping-taxable","14":"product-type-simple"},"yoast_head":"<!-- This site is optimized with the Yoast SEO plugin v27.4 - https:\/\/yoast.com\/product\/yoast-seo-wordpress\/ -->\n<title>Thread Saver - Safety Source Fire<\/title>\n<meta name=\"robots\" content=\"index, follow, max-snippet:-1, max-image-preview:large, max-video-preview:-1\" \/>\n<link rel=\"canonical\" href=\"https:\/\/safetysourcefire.ca\/fr\/?product=thread-saver\" \/>\n<meta property=\"og:locale\" content=\"fr_CA\" \/>\n<meta property=\"og:type\" content=\"article\" \/>\n<meta property=\"og:title\" content=\"Thread Saver - Safety Source Fire\" \/>\n<meta property=\"og:description\" content=\"Are your valve threads protected?\" \/>\n<meta property=\"og:url\" content=\"https:\/\/safetysourcefire.ca\/fr\/?product=thread-saver\" \/>\n<meta property=\"og:site_name\" content=\"Safety Source Fire\" \/>\n<meta property=\"article:publisher\" content=\"https:\/\/www.facebook.com\/mmfssca\" \/>\n<meta property=\"og:image\" content=\"https:\/\/safetysourcefire.ca\/wp-content\/uploads\/2022\/01\/ts1.jpg\" \/>\n\t<meta property=\"og:image:width\" content=\"600\" \/>\n\t<meta property=\"og:image:height\" content=\"600\" \/>\n\t<meta property=\"og:image:type\" content=\"image\/jpeg\" \/>\n<meta name=\"twitter:card\" content=\"summary_large_image\" \/>\n<meta name=\"twitter:site\" content=\"@mmfssca\" \/>\n<meta name=\"twitter:label1\" content=\"Estimation du temps de lecture\" \/>\n\t<meta name=\"twitter:data1\" content=\"1 minute\" \/>\n<script type=\"application\/ld+json\" class=\"yoast-schema-graph\">{\"@context\":\"https:\\\/\\\/schema.org\",\"@graph\":[{\"@type\":\"WebPage\",\"@id\":\"https:\\\/\\\/safetysourcefire.ca\\\/?product=thread-saver\",\"url\":\"https:\\\/\\\/safetysourcefire.ca\\\/?product=thread-saver\",\"name\":\"Thread Saver - Safety Source Fire\",\"isPartOf\":{\"@id\":\"https:\\\/\\\/safetysourcefire.ca\\\/#website\"},\"primaryImageOfPage\":{\"@id\":\"https:\\\/\\\/safetysourcefire.ca\\\/?product=thread-saver#primaryimage\"},\"image\":{\"@id\":\"https:\\\/\\\/safetysourcefire.ca\\\/?product=thread-saver#primaryimage\"},\"thumbnailUrl\":\"https:\\\/\\\/safetysourcefire.ca\\\/wp-content\\\/uploads\\\/2022\\\/01\\\/ts1.jpg\",\"datePublished\":\"2022-01-26T18:38:19+00:00\",\"breadcrumb\":{\"@id\":\"https:\\\/\\\/safetysourcefire.ca\\\/?product=thread-saver#breadcrumb\"},\"inLanguage\":\"fr-CA\",\"potentialAction\":[{\"@type\":\"ReadAction\",\"target\":[\"https:\\\/\\\/safetysourcefire.ca\\\/?product=thread-saver\"]}]},{\"@type\":\"ImageObject\",\"inLanguage\":\"fr-CA\",\"@id\":\"https:\\\/\\\/safetysourcefire.ca\\\/?product=thread-saver#primaryimage\",\"url\":\"https:\\\/\\\/safetysourcefire.ca\\\/wp-content\\\/uploads\\\/2022\\\/01\\\/ts1.jpg\",\"contentUrl\":\"https:\\\/\\\/safetysourcefire.ca\\\/wp-content\\\/uploads\\\/2022\\\/01\\\/ts1.jpg\",\"width\":600,\"height\":600,\"caption\":\"thread protector on scba\"},{\"@type\":\"BreadcrumbList\",\"@id\":\"https:\\\/\\\/safetysourcefire.ca\\\/?product=thread-saver#breadcrumb\",\"itemListElement\":[{\"@type\":\"ListItem\",\"position\":1,\"name\":\"Home\",\"item\":\"https:\\\/\\\/safetysourcefire.ca\\\/\"},{\"@type\":\"ListItem\",\"position\":2,\"name\":\"Products\",\"item\":\"https:\\\/\\\/safetysourcefire.ca\\\/shop\\\/\"},{\"@type\":\"ListItem\",\"position\":3,\"name\":\"Thread Saver\"}]},{\"@type\":\"WebSite\",\"@id\":\"https:\\\/\\\/safetysourcefire.ca\\\/#website\",\"url\":\"https:\\\/\\\/safetysourcefire.ca\\\/\",\"name\":\"Safety Source Fire\",\"description\":\"\",\"publisher\":{\"@id\":\"https:\\\/\\\/safetysourcefire.ca\\\/#organization\"},\"potentialAction\":[{\"@type\":\"SearchAction\",\"target\":{\"@type\":\"EntryPoint\",\"urlTemplate\":\"https:\\\/\\\/safetysourcefire.ca\\\/?s={search_term_string}\"},\"query-input\":{\"@type\":\"PropertyValueSpecification\",\"valueRequired\":true,\"valueName\":\"search_term_string\"}}],\"inLanguage\":\"fr-CA\"},{\"@type\":\"Organization\",\"@id\":\"https:\\\/\\\/safetysourcefire.ca\\\/#organization\",\"name\":\"Safety Source Fire\",\"url\":\"https:\\\/\\\/safetysourcefire.ca\\\/\",\"logo\":{\"@type\":\"ImageObject\",\"inLanguage\":\"fr-CA\",\"@id\":\"https:\\\/\\\/safetysourcefire.ca\\\/#\\\/schema\\\/logo\\\/image\\\/\",\"url\":\"https:\\\/\\\/safetysourcefire.ca\\\/wp-content\\\/uploads\\\/2021\\\/01\\\/SSF_logo_CC0000-3.png\",\"contentUrl\":\"https:\\\/\\\/safetysourcefire.ca\\\/wp-content\\\/uploads\\\/2021\\\/01\\\/SSF_logo_CC0000-3.png\",\"width\":1107,\"height\":365,\"caption\":\"Safety Source Fire\"},\"image\":{\"@id\":\"https:\\\/\\\/safetysourcefire.ca\\\/#\\\/schema\\\/logo\\\/image\\\/\"},\"sameAs\":[\"https:\\\/\\\/www.facebook.com\\\/mmfssca\",\"https:\\\/\\\/x.com\\\/mmfssca\"]}]}<\/script>\n<!-- \/ Yoast SEO plugin. -->","yoast_head_json":{"title":"Thread Saver - Source de s\u00e9curit\u00e9 incendie","robots":{"index":"index","follow":"follow","max-snippet":"max-snippet:-1","max-image-preview":"max-image-preview:large","max-video-preview":"max-video-preview:-1"},"canonical":"https:\/\/safetysourcefire.ca\/fr\/?product=thread-saver","og_locale":"fr_CA","og_type":"article","og_title":"Thread Saver - Safety Source Fire","og_description":"Are your valve threads protected?","og_url":"https:\/\/safetysourcefire.ca\/fr\/?product=thread-saver","og_site_name":"Safety Source Fire","article_publisher":"https:\/\/www.facebook.com\/mmfssca","og_image":[{"width":600,"height":600,"url":"https:\/\/safetysourcefire.ca\/wp-content\/uploads\/2022\/01\/ts1.jpg","type":"image\/jpeg"}],"twitter_card":"summary_large_image","twitter_site":"@mmfssca","twitter_misc":{"Estimation du temps de lecture":"1 minute"},"schema":{"@context":"https:\/\/schema.org","@graph":[{"@type":"WebPage","@id":"https:\/\/safetysourcefire.ca\/?product=thread-saver","url":"https:\/\/safetysourcefire.ca\/?product=thread-saver","name":"Thread Saver - Source de s\u00e9curit\u00e9 incendie","isPartOf":{"@id":"https:\/\/safetysourcefire.ca\/#website"},"primaryImageOfPage":{"@id":"https:\/\/safetysourcefire.ca\/?product=thread-saver#primaryimage"},"image":{"@id":"https:\/\/safetysourcefire.ca\/?product=thread-saver#primaryimage"},"thumbnailUrl":"https:\/\/safetysourcefire.ca\/wp-content\/uploads\/2022\/01\/ts1.jpg","datePublished":"2022-01-26T18:38:19+00:00","breadcrumb":{"@id":"https:\/\/safetysourcefire.ca\/?product=thread-saver#breadcrumb"},"inLanguage":"fr-CA","potentialAction":[{"@type":"ReadAction","target":["https:\/\/safetysourcefire.ca\/?product=thread-saver"]}]},{"@type":"ImageObject","inLanguage":"fr-CA","@id":"https:\/\/safetysourcefire.ca\/?product=thread-saver#primaryimage","url":"https:\/\/safetysourcefire.ca\/wp-content\/uploads\/2022\/01\/ts1.jpg","contentUrl":"https:\/\/safetysourcefire.ca\/wp-content\/uploads\/2022\/01\/ts1.jpg","width":600,"height":600,"caption":"thread protector on scba"},{"@type":"BreadcrumbList","@id":"https:\/\/safetysourcefire.ca\/?product=thread-saver#breadcrumb","itemListElement":[{"@type":"ListItem","position":1,"name":"Home","item":"https:\/\/safetysourcefire.ca\/"},{"@type":"ListItem","position":2,"name":"Products","item":"https:\/\/safetysourcefire.ca\/shop\/"},{"@type":"ListItem","position":3,"name":"Thread Saver"}]},{"@type":"WebSite","@id":"https:\/\/safetysourcefire.ca\/#website","url":"https:\/\/safetysourcefire.ca\/","name":"Safety Source Fire","description":"","publisher":{"@id":"https:\/\/safetysourcefire.ca\/#organization"},"potentialAction":[{"@type":"SearchAction","target":{"@type":"EntryPoint","urlTemplate":"https:\/\/safetysourcefire.ca\/?s={search_term_string}"},"query-input":{"@type":"PropertyValueSpecification","valueRequired":true,"valueName":"search_term_string"}}],"inLanguage":"fr-CA"},{"@type":"Organization","@id":"https:\/\/safetysourcefire.ca\/#organization","name":"Safety Source Fire","url":"https:\/\/safetysourcefire.ca\/","logo":{"@type":"ImageObject","inLanguage":"fr-CA","@id":"https:\/\/safetysourcefire.ca\/#\/schema\/logo\/image\/","url":"https:\/\/safetysourcefire.ca\/wp-content\/uploads\/2021\/01\/SSF_logo_CC0000-3.png","contentUrl":"https:\/\/safetysourcefire.ca\/wp-content\/uploads\/2021\/01\/SSF_logo_CC0000-3.png","width":1107,"height":365,"caption":"Safety Source Fire"},"image":{"@id":"https:\/\/safetysourcefire.ca\/#\/schema\/logo\/image\/"},"sameAs":["https:\/\/www.facebook.com\/mmfssca","https:\/\/x.com\/mmfssca"]}]}},"_links":{"self":[{"href":"https:\/\/safetysourcefire.ca\/fr\/wp-json\/wp\/v2\/product\/26172","targetHints":{"allow":["GET"]}}],"collection":[{"href":"https:\/\/safetysourcefire.ca\/fr\/wp-json\/wp\/v2\/product"}],"about":[{"href":"https:\/\/safetysourcefire.ca\/fr\/wp-json\/wp\/v2\/types\/product"}],"wp:featuredmedia":[{"embeddable":true,"href":"https:\/\/safetysourcefire.ca\/fr\/wp-json\/wp\/v2\/media\/26173"}],"wp:attachment":[{"href":"https:\/\/safetysourcefire.ca\/fr\/wp-json\/wp\/v2\/media?parent=26172"}],"wp:term":[{"taxonomy":"product_brand","embeddable":true,"href":"https:\/\/safetysourcefire.ca\/fr\/wp-json\/wp\/v2\/product_brand?post=26172"},{"taxonomy":"product_cat","embeddable":true,"href":"https:\/\/safetysourcefire.ca\/fr\/wp-json\/wp\/v2\/product_cat?post=26172"},{"taxonomy":"product_tag","embeddable":true,"href":"https:\/\/safetysourcefire.ca\/fr\/wp-json\/wp\/v2\/product_tag?post=26172"}],"curies":[{"name":"wp","href":"https:\/\/api.w.org\/{rel}","templated":true}]}}