{"id":26175,"date":"2022-01-26T18:50:00","date_gmt":"2022-01-26T18:50:00","guid":{"rendered":"https:\/\/safetysourcefire.ca\/?post_type=product&#038;p=26175"},"modified":"2022-01-26T18:59:51","modified_gmt":"2022-01-26T18:59:51","slug":"cansorb-hydrocarbon-arbsorbent","status":"publish","type":"product","link":"https:\/\/safetysourcefire.ca\/fr\/produit\/cansorb-hydrocarbon-arbsorbent\/","title":{"rendered":"Arsorbant d&#039;hydrocarbures Cansorb"},"content":{"rendered":"<p>Gr\u00e2ce \u00e0 son proc\u00e9d\u00e9 de fabrication, Cansorb nous propose un produit \u00e0 la fois ol\u00e9ophile, absorbant des hydrocarbures et hydrophobe (repoussant l'eau). En raison de sa structure fibreuse et de notre traitement sp\u00e9cial, Cansorb absorbe rapidement les hydrocarbures gr\u00e2ce \u00e0 son action de m\u00e8che, et encapsule l'huile au contact, ce qui le rend id\u00e9al pour le nettoyage des hydrocarbures autant en eau libre que sur terre. Cansorb absorbe en moyenne huit fois son poids. * Le volume peut varier en fonction de l'hydrocarbure absorb\u00e9 et de la temp\u00e9rature.<\/p>\n<p><strong>Cansorb fonctionne naturellement<\/strong><\/p>\n<p>La nature a donn\u00e9 des propri\u00e9t\u00e9s et des ingr\u00e9dients uniques \u00e0 notre tourbe de sphaigne. Dans son \u00e9tat naturel, la fibre contient de 40% \u00e0 60% d'eau, mais cette fibre poss\u00e8de la capacit\u00e9 d'absorber de 20% \u00e0 40% plus d'eau et le fera d\u00e8s le premier contact en raison de sa nature poreuse. Lorsque Cansorb est d\u00e9shydrat\u00e9 (activ\u00e9) \u00e0 10%-12% MC, une cire (bitume) est lib\u00e9r\u00e9e \u00e0 la surface depuis les profondeurs des pores. Cette cire recouvre l'ext\u00e9rieur de la fibre, ce qui fait que la fibre r\u00e9siste \u00e0 l'eau de l'int\u00e9rieur et permet l'absorption des hydrocarbures.<\/p>\n<p><strong>Ballots comprim\u00e9s (CB)<\/strong><\/p>\n<p>Gr\u00e2ce \u00e0 ses produits compress\u00e9s, Cansorb offre l'une des plus grandes valeurs de l'industrie. Comprim\u00e9 \u00e0 un rapport d'environ 1,5 : 1, ce produit vous offre une valeur sure sans compromettre la qualit\u00e9 de la fibre compress\u00e9e. Les ballots peuvent facilement \u00eatre d\u00e9compos\u00e9s dans nos barils de d\u00e9caissement.<\/p>\n<p><strong>Sacs en vrac (LFB)<\/strong><\/p>\n<p>Ce produit est emball\u00e9 expr\u00e9ssement pour un d\u00e9ploiement facile. Cette fonction, combin\u00e9e \u00e0 la taille compacte du produit, permet une utilisation et un rangement faciles m\u00eame dans des situations o\u00f9 l'espace est limit\u00e9 et o\u00f9 les barils et les balles plus grands sont prohibitifs.<\/p>\n<p><strong>Chaussettes (S)<\/strong><\/p>\n<p>Nous offrons des chaussettes de 3,5 pouces de diam\u00e8tre, dans des longueurs de 48 et 96 pouces. Ces chaussettes sont remplies de nos particules Cansorb et vous sont livr\u00e9es dans des enveloppes en polypropyl\u00e8ne.<\/p>\n<p><strong>Oreillers (P)<\/strong><\/p>\n<p>Deux tailles d'oreillers sont disponibles : 12\u2033 x 12\u2033 et 12\u2033 x 24\u2033. Nos oreillers sont remplis de particules Cansorb et nous les envoyons dans une enveloppe en polypropyl\u00e8ne.<\/p>","protected":false},"excerpt":{"rendered":"<p>Cansorb est un absorbant d'hydrocarbures enti\u00e8rement organique, fabriqu\u00e9 \u00e0 partir de mousse de tourbe \u00e0 grosses fibres de haute qualit\u00e9.<\/p>","protected":false},"featured_media":26176,"template":"","meta":[],"product_brand":[541],"product_cat":[462,464,47,78],"product_tag":[542],"class_list":{"0":"post-26175","1":"product","2":"type-product","3":"status-publish","4":"has-post-thumbnail","6":"product_brand-cansorb","7":"product_cat-emergency-preparedness","8":"product_cat-flood","9":"product_cat-hazmat","10":"product_cat-spill-response","11":"product_tag-cansorb","13":"first","14":"instock","15":"shipping-taxable","16":"product-type-simple"},"yoast_head":"<!-- This site is optimized with the Yoast SEO plugin v27.4 - https:\/\/yoast.com\/product\/yoast-seo-wordpress\/ -->\n<title>Cansorb Hydrocarbon Arbsorbent - Safety Source Fire<\/title>\n<meta name=\"robots\" content=\"index, follow, max-snippet:-1, max-image-preview:large, max-video-preview:-1\" \/>\n<link rel=\"canonical\" href=\"https:\/\/safetysourcefire.ca\/fr\/?product=cansorb-hydrocarbon-arbsorbent\" \/>\n<meta property=\"og:locale\" content=\"fr_CA\" \/>\n<meta property=\"og:type\" content=\"article\" \/>\n<meta property=\"og:title\" content=\"Cansorb Hydrocarbon Arbsorbent - Safety Source Fire\" \/>\n<meta property=\"og:description\" content=\"Cansorb is an all organic hydrocarbon absorbent, manufactured from high quality large fibre Sphagnum Peat Moss.\" \/>\n<meta property=\"og:url\" content=\"https:\/\/safetysourcefire.ca\/fr\/?product=cansorb-hydrocarbon-arbsorbent\" \/>\n<meta property=\"og:site_name\" content=\"Safety Source Fire\" \/>\n<meta property=\"article:publisher\" content=\"https:\/\/www.facebook.com\/mmfssca\" \/>\n<meta property=\"article:modified_time\" content=\"2022-01-26T18:59:51+00:00\" \/>\n<meta property=\"og:image\" content=\"https:\/\/safetysourcefire.ca\/wp-content\/uploads\/2022\/01\/cansorbproducts.jpg\" \/>\n\t<meta property=\"og:image:width\" content=\"600\" \/>\n\t<meta property=\"og:image:height\" content=\"600\" \/>\n\t<meta property=\"og:image:type\" content=\"image\/jpeg\" \/>\n<meta name=\"twitter:card\" content=\"summary_large_image\" \/>\n<meta name=\"twitter:site\" content=\"@mmfssca\" \/>\n<meta name=\"twitter:label1\" content=\"Estimation du temps de lecture\" \/>\n\t<meta name=\"twitter:data1\" content=\"2 minutes\" \/>\n<script type=\"application\/ld+json\" class=\"yoast-schema-graph\">{\"@context\":\"https:\\\/\\\/schema.org\",\"@graph\":[{\"@type\":\"WebPage\",\"@id\":\"https:\\\/\\\/safetysourcefire.ca\\\/?product=cansorb-hydrocarbon-arbsorbent\",\"url\":\"https:\\\/\\\/safetysourcefire.ca\\\/?product=cansorb-hydrocarbon-arbsorbent\",\"name\":\"Cansorb Hydrocarbon Arbsorbent - Safety Source Fire\",\"isPartOf\":{\"@id\":\"https:\\\/\\\/safetysourcefire.ca\\\/#website\"},\"primaryImageOfPage\":{\"@id\":\"https:\\\/\\\/safetysourcefire.ca\\\/?product=cansorb-hydrocarbon-arbsorbent#primaryimage\"},\"image\":{\"@id\":\"https:\\\/\\\/safetysourcefire.ca\\\/?product=cansorb-hydrocarbon-arbsorbent#primaryimage\"},\"thumbnailUrl\":\"https:\\\/\\\/safetysourcefire.ca\\\/wp-content\\\/uploads\\\/2022\\\/01\\\/cansorbproducts.jpg\",\"datePublished\":\"2022-01-26T18:50:00+00:00\",\"dateModified\":\"2022-01-26T18:59:51+00:00\",\"breadcrumb\":{\"@id\":\"https:\\\/\\\/safetysourcefire.ca\\\/?product=cansorb-hydrocarbon-arbsorbent#breadcrumb\"},\"inLanguage\":\"fr-CA\",\"potentialAction\":[{\"@type\":\"ReadAction\",\"target\":[\"https:\\\/\\\/safetysourcefire.ca\\\/?product=cansorb-hydrocarbon-arbsorbent\"]}]},{\"@type\":\"ImageObject\",\"inLanguage\":\"fr-CA\",\"@id\":\"https:\\\/\\\/safetysourcefire.ca\\\/?product=cansorb-hydrocarbon-arbsorbent#primaryimage\",\"url\":\"https:\\\/\\\/safetysourcefire.ca\\\/wp-content\\\/uploads\\\/2022\\\/01\\\/cansorbproducts.jpg\",\"contentUrl\":\"https:\\\/\\\/safetysourcefire.ca\\\/wp-content\\\/uploads\\\/2022\\\/01\\\/cansorbproducts.jpg\",\"width\":600,\"height\":600,\"caption\":\"Cansorb products\"},{\"@type\":\"BreadcrumbList\",\"@id\":\"https:\\\/\\\/safetysourcefire.ca\\\/?product=cansorb-hydrocarbon-arbsorbent#breadcrumb\",\"itemListElement\":[{\"@type\":\"ListItem\",\"position\":1,\"name\":\"Home\",\"item\":\"https:\\\/\\\/safetysourcefire.ca\\\/\"},{\"@type\":\"ListItem\",\"position\":2,\"name\":\"Products\",\"item\":\"https:\\\/\\\/safetysourcefire.ca\\\/shop\\\/\"},{\"@type\":\"ListItem\",\"position\":3,\"name\":\"Cansorb Hydrocarbon Arbsorbent\"}]},{\"@type\":\"WebSite\",\"@id\":\"https:\\\/\\\/safetysourcefire.ca\\\/#website\",\"url\":\"https:\\\/\\\/safetysourcefire.ca\\\/\",\"name\":\"Safety Source Fire\",\"description\":\"\",\"publisher\":{\"@id\":\"https:\\\/\\\/safetysourcefire.ca\\\/#organization\"},\"potentialAction\":[{\"@type\":\"SearchAction\",\"target\":{\"@type\":\"EntryPoint\",\"urlTemplate\":\"https:\\\/\\\/safetysourcefire.ca\\\/?s={search_term_string}\"},\"query-input\":{\"@type\":\"PropertyValueSpecification\",\"valueRequired\":true,\"valueName\":\"search_term_string\"}}],\"inLanguage\":\"fr-CA\"},{\"@type\":\"Organization\",\"@id\":\"https:\\\/\\\/safetysourcefire.ca\\\/#organization\",\"name\":\"Safety Source Fire\",\"url\":\"https:\\\/\\\/safetysourcefire.ca\\\/\",\"logo\":{\"@type\":\"ImageObject\",\"inLanguage\":\"fr-CA\",\"@id\":\"https:\\\/\\\/safetysourcefire.ca\\\/#\\\/schema\\\/logo\\\/image\\\/\",\"url\":\"https:\\\/\\\/safetysourcefire.ca\\\/wp-content\\\/uploads\\\/2021\\\/01\\\/SSF_logo_CC0000-3.png\",\"contentUrl\":\"https:\\\/\\\/safetysourcefire.ca\\\/wp-content\\\/uploads\\\/2021\\\/01\\\/SSF_logo_CC0000-3.png\",\"width\":1107,\"height\":365,\"caption\":\"Safety Source Fire\"},\"image\":{\"@id\":\"https:\\\/\\\/safetysourcefire.ca\\\/#\\\/schema\\\/logo\\\/image\\\/\"},\"sameAs\":[\"https:\\\/\\\/www.facebook.com\\\/mmfssca\",\"https:\\\/\\\/x.com\\\/mmfssca\"]}]}<\/script>\n<!-- \/ Yoast SEO plugin. -->","yoast_head_json":{"title":"Cansorb Hydrocarbon Arbsorbent - S\u00e9curit\u00e9 incendie","robots":{"index":"index","follow":"follow","max-snippet":"max-snippet:-1","max-image-preview":"max-image-preview:large","max-video-preview":"max-video-preview:-1"},"canonical":"https:\/\/safetysourcefire.ca\/fr\/?product=cansorb-hydrocarbon-arbsorbent","og_locale":"fr_CA","og_type":"article","og_title":"Cansorb Hydrocarbon Arbsorbent - Safety Source Fire","og_description":"Cansorb is an all organic hydrocarbon absorbent, manufactured from high quality large fibre Sphagnum Peat Moss.","og_url":"https:\/\/safetysourcefire.ca\/fr\/?product=cansorb-hydrocarbon-arbsorbent","og_site_name":"Safety Source Fire","article_publisher":"https:\/\/www.facebook.com\/mmfssca","article_modified_time":"2022-01-26T18:59:51+00:00","og_image":[{"width":600,"height":600,"url":"https:\/\/safetysourcefire.ca\/wp-content\/uploads\/2022\/01\/cansorbproducts.jpg","type":"image\/jpeg"}],"twitter_card":"summary_large_image","twitter_site":"@mmfssca","twitter_misc":{"Estimation du temps de lecture":"2 minutes"},"schema":{"@context":"https:\/\/schema.org","@graph":[{"@type":"WebPage","@id":"https:\/\/safetysourcefire.ca\/?product=cansorb-hydrocarbon-arbsorbent","url":"https:\/\/safetysourcefire.ca\/?product=cansorb-hydrocarbon-arbsorbent","name":"Cansorb Hydrocarbon Arbsorbent - S\u00e9curit\u00e9 incendie","isPartOf":{"@id":"https:\/\/safetysourcefire.ca\/#website"},"primaryImageOfPage":{"@id":"https:\/\/safetysourcefire.ca\/?product=cansorb-hydrocarbon-arbsorbent#primaryimage"},"image":{"@id":"https:\/\/safetysourcefire.ca\/?product=cansorb-hydrocarbon-arbsorbent#primaryimage"},"thumbnailUrl":"https:\/\/safetysourcefire.ca\/wp-content\/uploads\/2022\/01\/cansorbproducts.jpg","datePublished":"2022-01-26T18:50:00+00:00","dateModified":"2022-01-26T18:59:51+00:00","breadcrumb":{"@id":"https:\/\/safetysourcefire.ca\/?product=cansorb-hydrocarbon-arbsorbent#breadcrumb"},"inLanguage":"fr-CA","potentialAction":[{"@type":"ReadAction","target":["https:\/\/safetysourcefire.ca\/?product=cansorb-hydrocarbon-arbsorbent"]}]},{"@type":"ImageObject","inLanguage":"fr-CA","@id":"https:\/\/safetysourcefire.ca\/?product=cansorb-hydrocarbon-arbsorbent#primaryimage","url":"https:\/\/safetysourcefire.ca\/wp-content\/uploads\/2022\/01\/cansorbproducts.jpg","contentUrl":"https:\/\/safetysourcefire.ca\/wp-content\/uploads\/2022\/01\/cansorbproducts.jpg","width":600,"height":600,"caption":"Cansorb products"},{"@type":"BreadcrumbList","@id":"https:\/\/safetysourcefire.ca\/?product=cansorb-hydrocarbon-arbsorbent#breadcrumb","itemListElement":[{"@type":"ListItem","position":1,"name":"Home","item":"https:\/\/safetysourcefire.ca\/"},{"@type":"ListItem","position":2,"name":"Products","item":"https:\/\/safetysourcefire.ca\/shop\/"},{"@type":"ListItem","position":3,"name":"Cansorb Hydrocarbon Arbsorbent"}]},{"@type":"WebSite","@id":"https:\/\/safetysourcefire.ca\/#website","url":"https:\/\/safetysourcefire.ca\/","name":"Safety Source Fire","description":"","publisher":{"@id":"https:\/\/safetysourcefire.ca\/#organization"},"potentialAction":[{"@type":"SearchAction","target":{"@type":"EntryPoint","urlTemplate":"https:\/\/safetysourcefire.ca\/?s={search_term_string}"},"query-input":{"@type":"PropertyValueSpecification","valueRequired":true,"valueName":"search_term_string"}}],"inLanguage":"fr-CA"},{"@type":"Organization","@id":"https:\/\/safetysourcefire.ca\/#organization","name":"Safety Source Fire","url":"https:\/\/safetysourcefire.ca\/","logo":{"@type":"ImageObject","inLanguage":"fr-CA","@id":"https:\/\/safetysourcefire.ca\/#\/schema\/logo\/image\/","url":"https:\/\/safetysourcefire.ca\/wp-content\/uploads\/2021\/01\/SSF_logo_CC0000-3.png","contentUrl":"https:\/\/safetysourcefire.ca\/wp-content\/uploads\/2021\/01\/SSF_logo_CC0000-3.png","width":1107,"height":365,"caption":"Safety Source Fire"},"image":{"@id":"https:\/\/safetysourcefire.ca\/#\/schema\/logo\/image\/"},"sameAs":["https:\/\/www.facebook.com\/mmfssca","https:\/\/x.com\/mmfssca"]}]}},"_links":{"self":[{"href":"https:\/\/safetysourcefire.ca\/fr\/wp-json\/wp\/v2\/product\/26175","targetHints":{"allow":["GET"]}}],"collection":[{"href":"https:\/\/safetysourcefire.ca\/fr\/wp-json\/wp\/v2\/product"}],"about":[{"href":"https:\/\/safetysourcefire.ca\/fr\/wp-json\/wp\/v2\/types\/product"}],"wp:featuredmedia":[{"embeddable":true,"href":"https:\/\/safetysourcefire.ca\/fr\/wp-json\/wp\/v2\/media\/26176"}],"wp:attachment":[{"href":"https:\/\/safetysourcefire.ca\/fr\/wp-json\/wp\/v2\/media?parent=26175"}],"wp:term":[{"taxonomy":"product_brand","embeddable":true,"href":"https:\/\/safetysourcefire.ca\/fr\/wp-json\/wp\/v2\/product_brand?post=26175"},{"taxonomy":"product_cat","embeddable":true,"href":"https:\/\/safetysourcefire.ca\/fr\/wp-json\/wp\/v2\/product_cat?post=26175"},{"taxonomy":"product_tag","embeddable":true,"href":"https:\/\/safetysourcefire.ca\/fr\/wp-json\/wp\/v2\/product_tag?post=26175"}],"curies":[{"name":"wp","href":"https:\/\/api.w.org\/{rel}","templated":true}]}}