{"id":26194,"date":"2022-01-26T19:55:33","date_gmt":"2022-01-26T19:55:33","guid":{"rendered":"https:\/\/safetysourcefire.ca\/?post_type=product&#038;p=26194"},"modified":"2022-01-26T20:44:25","modified_gmt":"2022-01-26T20:44:25","slug":"extreme-rescue-dry-suit","status":"publish","type":"product","link":"https:\/\/safetysourcefire.ca\/fr\/produit\/extreme-rescue-dry-suit\/","title":{"rendered":"Combinaison \u00e9tanche Extreme Rescue"},"content":{"rendered":"<p>Con\u00e7ue sp\u00e9cifiquement pour nos clients de sauvetage, le tissu TriTon \u2122 respirant et imperm\u00e9able de 320 deniers r\u00e9sistera \u00e0 des ann\u00e9es de travail.<\/p>\n<ul>\n<li>Le tissus ext\u00e9rieur Cordura\u00ae super r\u00e9sistant renforce le si\u00e8ge, les coudes et les genoux pour une protection robuste dans les zones \u00e0 forte usure.<\/li>\n<li>Avec moins de coutures, l'Extreme SAR est maintenant plus l\u00e9ger qu'auparavant, ce qui facilite l'accomplissement des sauvetages physiquement exigeants.<\/li>\n<li>Des chaussettes en latex attach\u00e9es \u00e0 la combinaison gardent l'eau \u00e0 l'ext\u00e9rieur. Vos pieds seront au chaud.<\/li>\n<li>Le mat\u00e9riel r\u00e9fl\u00e9chissant 3M\u2122 Scotchlite\u2122 sans couture autour des poignets et des chevilles est inclue dans le tissus pour augmenter la visibilit\u00e9 de votre combinaison dans les conditions de faible luminosit\u00e9 et de brouillard, sans restreindre vos mouvements ni s'accrocher sur les terrains accident\u00e9s.<\/li>\n<li>Les bretelles internes amovibles vous permettent de porter la combinaison autour de votre taille lorsque vous \u00eates hors de l&#039;eau.<\/li>\n<li>Une poche cargo auto-drainante garde l&#039;essentiel \u00e0 port\u00e9e de main.<\/li>\n<li>La fermeture \u00e0 glissi\u00e8re \u00e9tanche YKK\u00ae r\u00e9sistante \u00e0 l'eau scelle l'eau hors de la combinaison mais permet aux hommes de r\u00e9pondre \u00e0 l'appel de la nature sans avoir \u00e0 retirer toute la combinaison.<\/li>\n<li>Les coutures sont scell\u00e9es avec du caoutchouc liquide r\u00e9sistant RSeal\u2122 afin qu&#039;elles ne fuient jamais.<\/li>\n<li>Les joints en latex r\u00e9sistants offrent une \u00e9tanch\u00e9it\u00e9 durable.<\/li>\n<li>Les poignets ext\u00e9rieurs en n\u00e9opr\u00e8ne avec fermetures auto-agrippantes r\u00e9glables sur le cou, les poignets et les chevilles prot\u00e8gent les joints en latex.<\/li>\n<li>La ceinture en sangle \u00e0 fermeture \u00e0 boucle permet un ajustement plus personnalis\u00e9.<\/li>\n<li>La coupe Grizzly, G-XXL, donne plus d'espace autour de la poitrine, de la taille et des cuisses pour s'adapter aux clients les plus grands.<\/li>\n<\/ul>","protected":false},"excerpt":{"rendered":"<p>Lorsque des vies sont en jeu, les sauveteurs doivent avoir confiance dans l'\u00e9quipement qu'ils utilisent. La combinaison \u00e9tanche NRS Extreme SAR est sp\u00e9cialement con\u00e7ue pour vous donner cette confiance. Imperm\u00e9able, respirante et con\u00e7ue pour une durabilit\u00e9 maximale, la combinaison SAR fonctionnera, quelque soit le terrain sur lequel vous l'utiliserez.<\/p>","protected":false},"featured_media":26203,"template":"","meta":[],"product_brand":[546],"product_cat":[462,464,51,135],"product_tag":[547],"class_list":{"0":"post-26194","1":"product","2":"type-product","3":"status-publish","4":"has-post-thumbnail","6":"product_brand-nrs","7":"product_cat-emergency-preparedness","8":"product_cat-flood","9":"product_cat-rescue","10":"product_cat-water-ice-rescue","11":"product_tag-nrs","13":"first","14":"instock","15":"shipping-taxable","16":"product-type-simple"},"yoast_head":"<!-- This site is optimized with the Yoast SEO plugin v27.4 - https:\/\/yoast.com\/product\/yoast-seo-wordpress\/ -->\n<title>Extreme Rescue Dry Suit - Safety Source Fire<\/title>\n<meta name=\"robots\" content=\"index, follow, max-snippet:-1, max-image-preview:large, max-video-preview:-1\" \/>\n<link rel=\"canonical\" href=\"https:\/\/safetysourcefire.ca\/fr\/produit\/extreme-rescue-dry-suit\/\" \/>\n<meta property=\"og:locale\" content=\"fr_CA\" \/>\n<meta property=\"og:type\" content=\"article\" \/>\n<meta property=\"og:title\" content=\"Extreme Rescue Dry Suit - Safety Source Fire\" \/>\n<meta property=\"og:description\" content=\"When lives are on the line, rescuers need to feel confident in the gear they use. The NRS Extreme SAR dry suit is purpose-built for this confidence. Waterproof, breathable, and built for maximum durability, the SAR will perform no matter how rugged the terrain.\" \/>\n<meta property=\"og:url\" content=\"https:\/\/safetysourcefire.ca\/fr\/produit\/extreme-rescue-dry-suit\/\" \/>\n<meta property=\"og:site_name\" content=\"Safety Source Fire\" \/>\n<meta property=\"article:publisher\" content=\"https:\/\/www.facebook.com\/mmfssca\" \/>\n<meta property=\"article:modified_time\" content=\"2022-01-26T20:44:25+00:00\" \/>\n<meta property=\"og:image\" content=\"https:\/\/safetysourcefire.ca\/wp-content\/uploads\/2022\/01\/22529_03_Red_Right_020617_1000x1000.jpg\" \/>\n\t<meta property=\"og:image:width\" content=\"600\" \/>\n\t<meta property=\"og:image:height\" content=\"600\" \/>\n\t<meta property=\"og:image:type\" content=\"image\/jpeg\" \/>\n<meta name=\"twitter:card\" content=\"summary_large_image\" \/>\n<meta name=\"twitter:site\" content=\"@mmfssca\" \/>\n<meta name=\"twitter:label1\" content=\"Estimation du temps de lecture\" \/>\n\t<meta name=\"twitter:data1\" content=\"1 minute\" \/>\n<script type=\"application\/ld+json\" class=\"yoast-schema-graph\">{\"@context\":\"https:\\\/\\\/schema.org\",\"@graph\":[{\"@type\":\"WebPage\",\"@id\":\"https:\\\/\\\/safetysourcefire.ca\\\/product\\\/extreme-rescue-dry-suit\\\/\",\"url\":\"https:\\\/\\\/safetysourcefire.ca\\\/product\\\/extreme-rescue-dry-suit\\\/\",\"name\":\"Extreme Rescue Dry Suit - Safety Source Fire\",\"isPartOf\":{\"@id\":\"https:\\\/\\\/safetysourcefire.ca\\\/#website\"},\"primaryImageOfPage\":{\"@id\":\"https:\\\/\\\/safetysourcefire.ca\\\/product\\\/extreme-rescue-dry-suit\\\/#primaryimage\"},\"image\":{\"@id\":\"https:\\\/\\\/safetysourcefire.ca\\\/product\\\/extreme-rescue-dry-suit\\\/#primaryimage\"},\"thumbnailUrl\":\"https:\\\/\\\/safetysourcefire.ca\\\/wp-content\\\/uploads\\\/2022\\\/01\\\/22529_03_Red_Right_020617_1000x1000.jpg\",\"datePublished\":\"2022-01-26T19:55:33+00:00\",\"dateModified\":\"2022-01-26T20:44:25+00:00\",\"breadcrumb\":{\"@id\":\"https:\\\/\\\/safetysourcefire.ca\\\/product\\\/extreme-rescue-dry-suit\\\/#breadcrumb\"},\"inLanguage\":\"fr-CA\",\"potentialAction\":[{\"@type\":\"ReadAction\",\"target\":[\"https:\\\/\\\/safetysourcefire.ca\\\/product\\\/extreme-rescue-dry-suit\\\/\"]}]},{\"@type\":\"ImageObject\",\"inLanguage\":\"fr-CA\",\"@id\":\"https:\\\/\\\/safetysourcefire.ca\\\/product\\\/extreme-rescue-dry-suit\\\/#primaryimage\",\"url\":\"https:\\\/\\\/safetysourcefire.ca\\\/wp-content\\\/uploads\\\/2022\\\/01\\\/22529_03_Red_Right_020617_1000x1000.jpg\",\"contentUrl\":\"https:\\\/\\\/safetysourcefire.ca\\\/wp-content\\\/uploads\\\/2022\\\/01\\\/22529_03_Red_Right_020617_1000x1000.jpg\",\"width\":600,\"height\":600,\"caption\":\"drysuit\"},{\"@type\":\"BreadcrumbList\",\"@id\":\"https:\\\/\\\/safetysourcefire.ca\\\/product\\\/extreme-rescue-dry-suit\\\/#breadcrumb\",\"itemListElement\":[{\"@type\":\"ListItem\",\"position\":1,\"name\":\"Home\",\"item\":\"https:\\\/\\\/safetysourcefire.ca\\\/\"},{\"@type\":\"ListItem\",\"position\":2,\"name\":\"Products\",\"item\":\"https:\\\/\\\/safetysourcefire.ca\\\/shop\\\/\"},{\"@type\":\"ListItem\",\"position\":3,\"name\":\"Extreme Rescue Dry Suit\"}]},{\"@type\":\"WebSite\",\"@id\":\"https:\\\/\\\/safetysourcefire.ca\\\/#website\",\"url\":\"https:\\\/\\\/safetysourcefire.ca\\\/\",\"name\":\"Safety Source Fire\",\"description\":\"\",\"publisher\":{\"@id\":\"https:\\\/\\\/safetysourcefire.ca\\\/#organization\"},\"potentialAction\":[{\"@type\":\"SearchAction\",\"target\":{\"@type\":\"EntryPoint\",\"urlTemplate\":\"https:\\\/\\\/safetysourcefire.ca\\\/?s={search_term_string}\"},\"query-input\":{\"@type\":\"PropertyValueSpecification\",\"valueRequired\":true,\"valueName\":\"search_term_string\"}}],\"inLanguage\":\"fr-CA\"},{\"@type\":\"Organization\",\"@id\":\"https:\\\/\\\/safetysourcefire.ca\\\/#organization\",\"name\":\"Safety Source Fire\",\"url\":\"https:\\\/\\\/safetysourcefire.ca\\\/\",\"logo\":{\"@type\":\"ImageObject\",\"inLanguage\":\"fr-CA\",\"@id\":\"https:\\\/\\\/safetysourcefire.ca\\\/#\\\/schema\\\/logo\\\/image\\\/\",\"url\":\"https:\\\/\\\/safetysourcefire.ca\\\/wp-content\\\/uploads\\\/2021\\\/01\\\/SSF_logo_CC0000-3.png\",\"contentUrl\":\"https:\\\/\\\/safetysourcefire.ca\\\/wp-content\\\/uploads\\\/2021\\\/01\\\/SSF_logo_CC0000-3.png\",\"width\":1107,\"height\":365,\"caption\":\"Safety Source Fire\"},\"image\":{\"@id\":\"https:\\\/\\\/safetysourcefire.ca\\\/#\\\/schema\\\/logo\\\/image\\\/\"},\"sameAs\":[\"https:\\\/\\\/www.facebook.com\\\/mmfssca\",\"https:\\\/\\\/x.com\\\/mmfssca\"]}]}<\/script>\n<!-- \/ Yoast SEO plugin. -->","yoast_head_json":{"title":"Combinaison \u00e9tanche Extreme Rescue - Incendie \u00e0 source de s\u00e9curit\u00e9","robots":{"index":"index","follow":"follow","max-snippet":"max-snippet:-1","max-image-preview":"max-image-preview:large","max-video-preview":"max-video-preview:-1"},"canonical":"https:\/\/safetysourcefire.ca\/fr\/produit\/extreme-rescue-dry-suit\/","og_locale":"fr_CA","og_type":"article","og_title":"Extreme Rescue Dry Suit - Safety Source Fire","og_description":"When lives are on the line, rescuers need to feel confident in the gear they use. The NRS Extreme SAR dry suit is purpose-built for this confidence. Waterproof, breathable, and built for maximum durability, the SAR will perform no matter how rugged the terrain.","og_url":"https:\/\/safetysourcefire.ca\/fr\/produit\/extreme-rescue-dry-suit\/","og_site_name":"Safety Source Fire","article_publisher":"https:\/\/www.facebook.com\/mmfssca","article_modified_time":"2022-01-26T20:44:25+00:00","og_image":[{"width":600,"height":600,"url":"https:\/\/safetysourcefire.ca\/wp-content\/uploads\/2022\/01\/22529_03_Red_Right_020617_1000x1000.jpg","type":"image\/jpeg"}],"twitter_card":"summary_large_image","twitter_site":"@mmfssca","twitter_misc":{"Estimation du temps de lecture":"1 minute"},"schema":{"@context":"https:\/\/schema.org","@graph":[{"@type":"WebPage","@id":"https:\/\/safetysourcefire.ca\/product\/extreme-rescue-dry-suit\/","url":"https:\/\/safetysourcefire.ca\/product\/extreme-rescue-dry-suit\/","name":"Combinaison \u00e9tanche Extreme Rescue - Incendie \u00e0 source de s\u00e9curit\u00e9","isPartOf":{"@id":"https:\/\/safetysourcefire.ca\/#website"},"primaryImageOfPage":{"@id":"https:\/\/safetysourcefire.ca\/product\/extreme-rescue-dry-suit\/#primaryimage"},"image":{"@id":"https:\/\/safetysourcefire.ca\/product\/extreme-rescue-dry-suit\/#primaryimage"},"thumbnailUrl":"https:\/\/safetysourcefire.ca\/wp-content\/uploads\/2022\/01\/22529_03_Red_Right_020617_1000x1000.jpg","datePublished":"2022-01-26T19:55:33+00:00","dateModified":"2022-01-26T20:44:25+00:00","breadcrumb":{"@id":"https:\/\/safetysourcefire.ca\/product\/extreme-rescue-dry-suit\/#breadcrumb"},"inLanguage":"fr-CA","potentialAction":[{"@type":"ReadAction","target":["https:\/\/safetysourcefire.ca\/product\/extreme-rescue-dry-suit\/"]}]},{"@type":"ImageObject","inLanguage":"fr-CA","@id":"https:\/\/safetysourcefire.ca\/product\/extreme-rescue-dry-suit\/#primaryimage","url":"https:\/\/safetysourcefire.ca\/wp-content\/uploads\/2022\/01\/22529_03_Red_Right_020617_1000x1000.jpg","contentUrl":"https:\/\/safetysourcefire.ca\/wp-content\/uploads\/2022\/01\/22529_03_Red_Right_020617_1000x1000.jpg","width":600,"height":600,"caption":"drysuit"},{"@type":"BreadcrumbList","@id":"https:\/\/safetysourcefire.ca\/product\/extreme-rescue-dry-suit\/#breadcrumb","itemListElement":[{"@type":"ListItem","position":1,"name":"Home","item":"https:\/\/safetysourcefire.ca\/"},{"@type":"ListItem","position":2,"name":"Products","item":"https:\/\/safetysourcefire.ca\/shop\/"},{"@type":"ListItem","position":3,"name":"Extreme Rescue Dry Suit"}]},{"@type":"WebSite","@id":"https:\/\/safetysourcefire.ca\/#website","url":"https:\/\/safetysourcefire.ca\/","name":"Safety Source Fire","description":"","publisher":{"@id":"https:\/\/safetysourcefire.ca\/#organization"},"potentialAction":[{"@type":"SearchAction","target":{"@type":"EntryPoint","urlTemplate":"https:\/\/safetysourcefire.ca\/?s={search_term_string}"},"query-input":{"@type":"PropertyValueSpecification","valueRequired":true,"valueName":"search_term_string"}}],"inLanguage":"fr-CA"},{"@type":"Organization","@id":"https:\/\/safetysourcefire.ca\/#organization","name":"Safety Source Fire","url":"https:\/\/safetysourcefire.ca\/","logo":{"@type":"ImageObject","inLanguage":"fr-CA","@id":"https:\/\/safetysourcefire.ca\/#\/schema\/logo\/image\/","url":"https:\/\/safetysourcefire.ca\/wp-content\/uploads\/2021\/01\/SSF_logo_CC0000-3.png","contentUrl":"https:\/\/safetysourcefire.ca\/wp-content\/uploads\/2021\/01\/SSF_logo_CC0000-3.png","width":1107,"height":365,"caption":"Safety Source Fire"},"image":{"@id":"https:\/\/safetysourcefire.ca\/#\/schema\/logo\/image\/"},"sameAs":["https:\/\/www.facebook.com\/mmfssca","https:\/\/x.com\/mmfssca"]}]}},"_links":{"self":[{"href":"https:\/\/safetysourcefire.ca\/fr\/wp-json\/wp\/v2\/product\/26194","targetHints":{"allow":["GET"]}}],"collection":[{"href":"https:\/\/safetysourcefire.ca\/fr\/wp-json\/wp\/v2\/product"}],"about":[{"href":"https:\/\/safetysourcefire.ca\/fr\/wp-json\/wp\/v2\/types\/product"}],"wp:featuredmedia":[{"embeddable":true,"href":"https:\/\/safetysourcefire.ca\/fr\/wp-json\/wp\/v2\/media\/26203"}],"wp:attachment":[{"href":"https:\/\/safetysourcefire.ca\/fr\/wp-json\/wp\/v2\/media?parent=26194"}],"wp:term":[{"taxonomy":"product_brand","embeddable":true,"href":"https:\/\/safetysourcefire.ca\/fr\/wp-json\/wp\/v2\/product_brand?post=26194"},{"taxonomy":"product_cat","embeddable":true,"href":"https:\/\/safetysourcefire.ca\/fr\/wp-json\/wp\/v2\/product_cat?post=26194"},{"taxonomy":"product_tag","embeddable":true,"href":"https:\/\/safetysourcefire.ca\/fr\/wp-json\/wp\/v2\/product_tag?post=26194"}],"curies":[{"name":"wp","href":"https:\/\/api.w.org\/{rel}","templated":true}]}}