{"id":26232,"date":"2022-01-26T20:35:08","date_gmt":"2022-01-26T20:35:08","guid":{"rendered":"https:\/\/safetysourcefire.ca\/?post_type=product&#038;p=26232"},"modified":"2022-01-26T20:35:45","modified_gmt":"2022-01-26T20:35:45","slug":"pilot-knife","status":"publish","type":"product","link":"https:\/\/safetysourcefire.ca\/fr\/produit\/pilot-knife\/","title":{"rendered":"Couteau pilote"},"content":{"rendered":"<ul>\n<li>Un excellent couteau pour la navigation en eau douce et pour le sauvetage. Pour une utilisation en eau sal\u00e9e, choisissez le couteau NRS Titanium Pilot.<\/li>\n<li>Le c\u00f4t\u00e9 tranchant comporte des sections lisses et dentel\u00e9es ainsi qu'un crochet pour couper les cordes.<\/li>\n<li>La conception \u00e0 pointe \u00e9mouss\u00e9e prot\u00e8ge contre la perforation involontaire de votre \u00e9quipement (ou de vous-m\u00eame\u00a0!)<\/li>\n<li>La lame n'est aff\u00fbt\u00e9e que d'un seul c\u00f4t\u00e9, pour plus de s\u00e9curit\u00e9. Ceci aide \u00e0 pr\u00e9venir les blessures accidentelles dans les situations de sauvetage de proximit\u00e9.<\/li>\n<li>La gaine unique verrouille fermement le couteau en place et ne le lib\u00e8re que lorsque vous pressez les deux c\u00f4t\u00e9s en m\u00eame temps.<\/li>\n<li>La poign\u00e9e caoutchout\u00e9e confortable s&#039;enroule autour de la poign\u00e9e profil\u00e9e, vous donnant un contr\u00f4le maximal de la lame.<\/li>\n<li>L'attache se fixe fermement \u00e0 une languette PFD.<\/li>\n<li>\u00c0 l'extr\u00e9mit\u00e9, la poign\u00e9e poss\u00e8de une pointe int\u00e9gr\u00e9e servant briser le verre.<\/li>\n<li>Un ouvre-bouteille est \u00e9galement inclus dans le manche du couteau.<\/li>\n<\/ul>\n<p><iframe loading=\"lazy\" title=\"Couteau pilote NRS\" width=\"980\" height=\"551\" src=\"https:\/\/www.youtube.com\/embed\/s9A0lI9fidE?feature=oembed\" frameborder=\"0\" allow=\"accelerometer; autoplay; clipboard-write; encrypted-media; gyroscope; picture-in-picture\" allowfullscreen><\/iframe><\/p>\n<p>&nbsp;<\/p>","protected":false},"excerpt":{"rendered":"<p>Les professionnels du sauvetage et les plaisanciers adorent les fonctionnalit\u00e9s du couteau pilote NRS. Non seulement sa conception unique attire l'attention, mais la gaine offre un acc\u00e8s et une lib\u00e9ration pratiques du couteau lorsque vous en avez le plus besoin.<\/p>","protected":false},"featured_media":26234,"template":"","meta":[],"product_brand":[546],"product_cat":[462,464,51,135],"product_tag":[547],"class_list":{"0":"post-26232","1":"product","2":"type-product","3":"status-publish","4":"has-post-thumbnail","6":"product_brand-nrs","7":"product_cat-emergency-preparedness","8":"product_cat-flood","9":"product_cat-rescue","10":"product_cat-water-ice-rescue","11":"product_tag-nrs","13":"first","14":"instock","15":"shipping-taxable","16":"product-type-simple"},"yoast_head":"<!-- This site is optimized with the Yoast SEO plugin v27.4 - https:\/\/yoast.com\/product\/yoast-seo-wordpress\/ -->\n<title>Pilot Knife - Safety Source Fire<\/title>\n<meta name=\"robots\" content=\"index, follow, max-snippet:-1, max-image-preview:large, max-video-preview:-1\" \/>\n<link rel=\"canonical\" href=\"https:\/\/safetysourcefire.ca\/fr\/produit\/pilot-knife\/\" \/>\n<meta property=\"og:locale\" content=\"fr_CA\" \/>\n<meta property=\"og:type\" content=\"article\" \/>\n<meta property=\"og:title\" content=\"Pilot Knife - Safety Source Fire\" \/>\n<meta property=\"og:description\" content=\"Both rescue professionals and recreational boaters love the features of the NRS Pilot Knife. Not only does its unique design attract attention, the sheath provides convenient access and release of the knife when you need it most.\" \/>\n<meta property=\"og:url\" content=\"https:\/\/safetysourcefire.ca\/fr\/produit\/pilot-knife\/\" \/>\n<meta property=\"og:site_name\" content=\"Safety Source Fire\" \/>\n<meta property=\"article:publisher\" content=\"https:\/\/www.facebook.com\/mmfssca\" \/>\n<meta property=\"article:modified_time\" content=\"2022-01-26T20:35:45+00:00\" \/>\n<meta property=\"og:image\" content=\"https:\/\/safetysourcefire.ca\/wp-content\/uploads\/2022\/01\/47300_02_blue_010816_1000x1000.jpg\" \/>\n\t<meta property=\"og:image:width\" content=\"600\" \/>\n\t<meta property=\"og:image:height\" content=\"600\" \/>\n\t<meta property=\"og:image:type\" content=\"image\/jpeg\" \/>\n<meta name=\"twitter:card\" content=\"summary_large_image\" \/>\n<meta name=\"twitter:site\" content=\"@mmfssca\" \/>\n<meta name=\"twitter:label1\" content=\"Estimation du temps de lecture\" \/>\n\t<meta name=\"twitter:data1\" content=\"1 minute\" \/>\n<script type=\"application\/ld+json\" class=\"yoast-schema-graph\">{\"@context\":\"https:\\\/\\\/schema.org\",\"@graph\":[{\"@type\":\"WebPage\",\"@id\":\"https:\\\/\\\/safetysourcefire.ca\\\/product\\\/pilot-knife\\\/\",\"url\":\"https:\\\/\\\/safetysourcefire.ca\\\/product\\\/pilot-knife\\\/\",\"name\":\"Pilot Knife - Safety Source Fire\",\"isPartOf\":{\"@id\":\"https:\\\/\\\/safetysourcefire.ca\\\/#website\"},\"primaryImageOfPage\":{\"@id\":\"https:\\\/\\\/safetysourcefire.ca\\\/product\\\/pilot-knife\\\/#primaryimage\"},\"image\":{\"@id\":\"https:\\\/\\\/safetysourcefire.ca\\\/product\\\/pilot-knife\\\/#primaryimage\"},\"thumbnailUrl\":\"https:\\\/\\\/safetysourcefire.ca\\\/wp-content\\\/uploads\\\/2022\\\/01\\\/47300_02_blue_010816_1000x1000.jpg\",\"datePublished\":\"2022-01-26T20:35:08+00:00\",\"dateModified\":\"2022-01-26T20:35:45+00:00\",\"breadcrumb\":{\"@id\":\"https:\\\/\\\/safetysourcefire.ca\\\/product\\\/pilot-knife\\\/#breadcrumb\"},\"inLanguage\":\"fr-CA\",\"potentialAction\":[{\"@type\":\"ReadAction\",\"target\":[\"https:\\\/\\\/safetysourcefire.ca\\\/product\\\/pilot-knife\\\/\"]}]},{\"@type\":\"ImageObject\",\"inLanguage\":\"fr-CA\",\"@id\":\"https:\\\/\\\/safetysourcefire.ca\\\/product\\\/pilot-knife\\\/#primaryimage\",\"url\":\"https:\\\/\\\/safetysourcefire.ca\\\/wp-content\\\/uploads\\\/2022\\\/01\\\/47300_02_blue_010816_1000x1000.jpg\",\"contentUrl\":\"https:\\\/\\\/safetysourcefire.ca\\\/wp-content\\\/uploads\\\/2022\\\/01\\\/47300_02_blue_010816_1000x1000.jpg\",\"width\":600,\"height\":600,\"caption\":\"knife\"},{\"@type\":\"BreadcrumbList\",\"@id\":\"https:\\\/\\\/safetysourcefire.ca\\\/product\\\/pilot-knife\\\/#breadcrumb\",\"itemListElement\":[{\"@type\":\"ListItem\",\"position\":1,\"name\":\"Home\",\"item\":\"https:\\\/\\\/safetysourcefire.ca\\\/\"},{\"@type\":\"ListItem\",\"position\":2,\"name\":\"Products\",\"item\":\"https:\\\/\\\/safetysourcefire.ca\\\/shop\\\/\"},{\"@type\":\"ListItem\",\"position\":3,\"name\":\"Pilot Knife\"}]},{\"@type\":\"WebSite\",\"@id\":\"https:\\\/\\\/safetysourcefire.ca\\\/#website\",\"url\":\"https:\\\/\\\/safetysourcefire.ca\\\/\",\"name\":\"Safety Source Fire\",\"description\":\"\",\"publisher\":{\"@id\":\"https:\\\/\\\/safetysourcefire.ca\\\/#organization\"},\"potentialAction\":[{\"@type\":\"SearchAction\",\"target\":{\"@type\":\"EntryPoint\",\"urlTemplate\":\"https:\\\/\\\/safetysourcefire.ca\\\/?s={search_term_string}\"},\"query-input\":{\"@type\":\"PropertyValueSpecification\",\"valueRequired\":true,\"valueName\":\"search_term_string\"}}],\"inLanguage\":\"fr-CA\"},{\"@type\":\"Organization\",\"@id\":\"https:\\\/\\\/safetysourcefire.ca\\\/#organization\",\"name\":\"Safety Source Fire\",\"url\":\"https:\\\/\\\/safetysourcefire.ca\\\/\",\"logo\":{\"@type\":\"ImageObject\",\"inLanguage\":\"fr-CA\",\"@id\":\"https:\\\/\\\/safetysourcefire.ca\\\/#\\\/schema\\\/logo\\\/image\\\/\",\"url\":\"https:\\\/\\\/safetysourcefire.ca\\\/wp-content\\\/uploads\\\/2021\\\/01\\\/SSF_logo_CC0000-3.png\",\"contentUrl\":\"https:\\\/\\\/safetysourcefire.ca\\\/wp-content\\\/uploads\\\/2021\\\/01\\\/SSF_logo_CC0000-3.png\",\"width\":1107,\"height\":365,\"caption\":\"Safety Source Fire\"},\"image\":{\"@id\":\"https:\\\/\\\/safetysourcefire.ca\\\/#\\\/schema\\\/logo\\\/image\\\/\"},\"sameAs\":[\"https:\\\/\\\/www.facebook.com\\\/mmfssca\",\"https:\\\/\\\/x.com\\\/mmfssca\"]}]}<\/script>\n<!-- \/ Yoast SEO plugin. -->","yoast_head_json":{"title":"Couteau pilote - Source d&#039;incendie de s\u00e9curit\u00e9","robots":{"index":"index","follow":"follow","max-snippet":"max-snippet:-1","max-image-preview":"max-image-preview:large","max-video-preview":"max-video-preview:-1"},"canonical":"https:\/\/safetysourcefire.ca\/fr\/produit\/pilot-knife\/","og_locale":"fr_CA","og_type":"article","og_title":"Pilot Knife - Safety Source Fire","og_description":"Both rescue professionals and recreational boaters love the features of the NRS Pilot Knife. Not only does its unique design attract attention, the sheath provides convenient access and release of the knife when you need it most.","og_url":"https:\/\/safetysourcefire.ca\/fr\/produit\/pilot-knife\/","og_site_name":"Safety Source Fire","article_publisher":"https:\/\/www.facebook.com\/mmfssca","article_modified_time":"2022-01-26T20:35:45+00:00","og_image":[{"width":600,"height":600,"url":"https:\/\/safetysourcefire.ca\/wp-content\/uploads\/2022\/01\/47300_02_blue_010816_1000x1000.jpg","type":"image\/jpeg"}],"twitter_card":"summary_large_image","twitter_site":"@mmfssca","twitter_misc":{"Estimation du temps de lecture":"1 minute"},"schema":{"@context":"https:\/\/schema.org","@graph":[{"@type":"WebPage","@id":"https:\/\/safetysourcefire.ca\/product\/pilot-knife\/","url":"https:\/\/safetysourcefire.ca\/product\/pilot-knife\/","name":"Couteau pilote - Source d&#039;incendie de s\u00e9curit\u00e9","isPartOf":{"@id":"https:\/\/safetysourcefire.ca\/#website"},"primaryImageOfPage":{"@id":"https:\/\/safetysourcefire.ca\/product\/pilot-knife\/#primaryimage"},"image":{"@id":"https:\/\/safetysourcefire.ca\/product\/pilot-knife\/#primaryimage"},"thumbnailUrl":"https:\/\/safetysourcefire.ca\/wp-content\/uploads\/2022\/01\/47300_02_blue_010816_1000x1000.jpg","datePublished":"2022-01-26T20:35:08+00:00","dateModified":"2022-01-26T20:35:45+00:00","breadcrumb":{"@id":"https:\/\/safetysourcefire.ca\/product\/pilot-knife\/#breadcrumb"},"inLanguage":"fr-CA","potentialAction":[{"@type":"ReadAction","target":["https:\/\/safetysourcefire.ca\/product\/pilot-knife\/"]}]},{"@type":"ImageObject","inLanguage":"fr-CA","@id":"https:\/\/safetysourcefire.ca\/product\/pilot-knife\/#primaryimage","url":"https:\/\/safetysourcefire.ca\/wp-content\/uploads\/2022\/01\/47300_02_blue_010816_1000x1000.jpg","contentUrl":"https:\/\/safetysourcefire.ca\/wp-content\/uploads\/2022\/01\/47300_02_blue_010816_1000x1000.jpg","width":600,"height":600,"caption":"knife"},{"@type":"BreadcrumbList","@id":"https:\/\/safetysourcefire.ca\/product\/pilot-knife\/#breadcrumb","itemListElement":[{"@type":"ListItem","position":1,"name":"Home","item":"https:\/\/safetysourcefire.ca\/"},{"@type":"ListItem","position":2,"name":"Products","item":"https:\/\/safetysourcefire.ca\/shop\/"},{"@type":"ListItem","position":3,"name":"Pilot Knife"}]},{"@type":"WebSite","@id":"https:\/\/safetysourcefire.ca\/#website","url":"https:\/\/safetysourcefire.ca\/","name":"Safety Source Fire","description":"","publisher":{"@id":"https:\/\/safetysourcefire.ca\/#organization"},"potentialAction":[{"@type":"SearchAction","target":{"@type":"EntryPoint","urlTemplate":"https:\/\/safetysourcefire.ca\/?s={search_term_string}"},"query-input":{"@type":"PropertyValueSpecification","valueRequired":true,"valueName":"search_term_string"}}],"inLanguage":"fr-CA"},{"@type":"Organization","@id":"https:\/\/safetysourcefire.ca\/#organization","name":"Safety Source Fire","url":"https:\/\/safetysourcefire.ca\/","logo":{"@type":"ImageObject","inLanguage":"fr-CA","@id":"https:\/\/safetysourcefire.ca\/#\/schema\/logo\/image\/","url":"https:\/\/safetysourcefire.ca\/wp-content\/uploads\/2021\/01\/SSF_logo_CC0000-3.png","contentUrl":"https:\/\/safetysourcefire.ca\/wp-content\/uploads\/2021\/01\/SSF_logo_CC0000-3.png","width":1107,"height":365,"caption":"Safety Source Fire"},"image":{"@id":"https:\/\/safetysourcefire.ca\/#\/schema\/logo\/image\/"},"sameAs":["https:\/\/www.facebook.com\/mmfssca","https:\/\/x.com\/mmfssca"]}]}},"_links":{"self":[{"href":"https:\/\/safetysourcefire.ca\/fr\/wp-json\/wp\/v2\/product\/26232","targetHints":{"allow":["GET"]}}],"collection":[{"href":"https:\/\/safetysourcefire.ca\/fr\/wp-json\/wp\/v2\/product"}],"about":[{"href":"https:\/\/safetysourcefire.ca\/fr\/wp-json\/wp\/v2\/types\/product"}],"wp:featuredmedia":[{"embeddable":true,"href":"https:\/\/safetysourcefire.ca\/fr\/wp-json\/wp\/v2\/media\/26234"}],"wp:attachment":[{"href":"https:\/\/safetysourcefire.ca\/fr\/wp-json\/wp\/v2\/media?parent=26232"}],"wp:term":[{"taxonomy":"product_brand","embeddable":true,"href":"https:\/\/safetysourcefire.ca\/fr\/wp-json\/wp\/v2\/product_brand?post=26232"},{"taxonomy":"product_cat","embeddable":true,"href":"https:\/\/safetysourcefire.ca\/fr\/wp-json\/wp\/v2\/product_cat?post=26232"},{"taxonomy":"product_tag","embeddable":true,"href":"https:\/\/safetysourcefire.ca\/fr\/wp-json\/wp\/v2\/product_tag?post=26232"}],"curies":[{"name":"wp","href":"https:\/\/api.w.org\/{rel}","templated":true}]}}