{"id":26349,"date":"2022-01-31T14:59:23","date_gmt":"2022-01-31T14:59:23","guid":{"rendered":"https:\/\/safetysourcefire.ca\/?post_type=product&#038;p=26349"},"modified":"2022-01-31T15:00:54","modified_gmt":"2022-01-31T15:00:54","slug":"superpass-5-nfpa-compliant-firefighter-personal-alert-safety-system","status":"publish","type":"product","link":"https:\/\/safetysourcefire.ca\/fr\/produit\/superpass-5-nfpa-compliant-firefighter-personal-alert-safety-system\/","title":{"rendered":"SuperPASS\u00ae 5 Syst\u00e8me de s\u00e9curit\u00e9 d&#039;alerte personnelle pour les pompiers conforme \u00e0 la NFPA"},"content":{"rendered":"<p>Le SuperPASS\u00ae 5 est utilis\u00e9 comme PASS principal du pompier en tant qu&#039;appareil autonome, aucun ARA n&#039;est n\u00e9cessaire et ce PASS reste op\u00e9rationnel, prot\u00e9geant le pompier \u00e0 tout moment, avec ou sans ARA.<\/p>\n<p>SuperPASS\u00ae 5 est le seul appareil conforme \u00e0 la NFPA disponible pour prot\u00e9ger vos pompiers. La fonction d&#039;activation automatique est intelligemment con\u00e7ue \u00e0 l&#039;aide d&#039;une cl\u00e9 de responsabilit\u00e9 brevet\u00e9e qui peut \u00eatre utilis\u00e9e comme \u00e9tiquette de tableau de pointage indiquant que le pompier est pr\u00e9sent lors de l&#039;incident et contient une fen\u00eatre d&#039;identit\u00e9 pouvant contenir le nom des pompiers et d&#039;autres informations pertinentes.<\/p>\n<p>Ne comptez pas sur un SCBA int\u00e9gr\u00e9 PASS pour votre s\u00e9curit\u00e9. Le SuperPASS\u00ae 5 est un PASS robuste et autonome qui prot\u00e8ge le pompier \u00e0 tout moment dans tous les environnements.<\/p>\n<p>Caract\u00e9ristiques et sp\u00e9cifications du SuperPASS\u00ae 5 :<\/p>\n<ul>\n<li>S\u00e9curit\u00e9 intrins\u00e8que selon UL913 et CSA C22.2, n\u00b0 157<\/li>\n<li>Conforme aux exigences NFPA 1982, \u00e9dition 2018 TIA 13-2<\/li>\n<li>Indicateurs d&#039;\u00e9tat LED lumineux et tr\u00e8s visibles<\/li>\n<li>Grand clip et anneau en D en acier inoxydable<\/li>\n<li>Niveau de pression sonore de 98+ dBA \u00e0 500 \u00b0F (260 \u00b0C)<\/li>\n<li>Enregistrement de donn\u00e9es de tous les changements d&#039;\u00e9tat PASS (marche, arr\u00eat, alarme, etc.)<\/li>\n<li>Alarme de temp\u00e9rature de stress thermique<\/li>\n<li>200 heures d&#039;autonomie en mode d\u00e9tection<\/li>\n<li>SuperPASS\u00ae 5 est \u00e9ligible \u00e0 un financement dans la cat\u00e9gorie de financement EPI<\/li>\n<li>SuperPASS\u00ae 5 est une alarme PASS qui peut \u00eatre d\u00e9plac\u00e9e d&#039;un v\u00eatement de protection \u00e0 un autre et ne n\u00e9cessite pas de SCBA<\/li>\n<li>SuperPASS\u00ae 5 maintient le pompier conforme \u00e0 la norme NFPA 1500 lorsqu&#039;il retire son SCBA et retourne dans la zone dangereuse pour une r\u00e9vision et d&#039;autres op\u00e9rations<\/li>\n<\/ul>\n<p><iframe loading=\"lazy\" title=\"vimeo-player\" src=\"https:\/\/player.vimeo.com\/video\/454502721?h=f3e679640f\" width=\"640\" height=\"360\" frameborder=\"0\" allowfullscreen=\"allowfullscreen\"><\/iframe><\/p>","protected":false},"excerpt":{"rendered":"<p>Le SuperPASS\u00ae 5 est le PASS autonome le plus petit, le plus l\u00e9ger et le plus bruyant, conforme \u00e0 la norme NFPA.<\/p>","protected":false},"featured_media":26351,"template":"","meta":[],"product_brand":[557],"product_cat":[452,50],"product_tag":[558],"class_list":{"0":"post-26349","1":"product","2":"type-product","3":"status-publish","4":"has-post-thumbnail","6":"product_brand-grace-industries","7":"product_cat-miscellaneous-ppe","8":"product_cat-personal-protective-equipment","9":"product_tag-grace-industries","11":"first","12":"instock","13":"shipping-taxable","14":"product-type-simple"},"yoast_head":"<!-- This site is optimized with the Yoast SEO plugin v27.4 - https:\/\/yoast.com\/product\/yoast-seo-wordpress\/ -->\n<title>SuperPASS\u00ae 5 NFPA Compliant Firefighter Personal Alert Safety System - Safety Source Fire<\/title>\n<meta name=\"robots\" content=\"index, follow, max-snippet:-1, max-image-preview:large, max-video-preview:-1\" \/>\n<link rel=\"canonical\" href=\"https:\/\/safetysourcefire.ca\/fr\/?product=superpass-5-nfpa-compliant-firefighter-personal-alert-safety-system\" \/>\n<meta property=\"og:locale\" content=\"fr_CA\" \/>\n<meta property=\"og:type\" content=\"article\" \/>\n<meta property=\"og:title\" content=\"SuperPASS\u00ae 5 NFPA Compliant Firefighter Personal Alert Safety System - Safety Source Fire\" \/>\n<meta property=\"og:description\" content=\"The SuperPASS\u00ae 5 is the smallest, lightest and loudest stand-alone, NFPA-compliant PASS.\" \/>\n<meta property=\"og:url\" content=\"https:\/\/safetysourcefire.ca\/fr\/?product=superpass-5-nfpa-compliant-firefighter-personal-alert-safety-system\" \/>\n<meta property=\"og:site_name\" content=\"Safety Source Fire\" \/>\n<meta property=\"article:publisher\" content=\"https:\/\/www.facebook.com\/mmfssca\" \/>\n<meta property=\"article:modified_time\" content=\"2022-01-31T15:00:54+00:00\" \/>\n<meta property=\"og:image\" content=\"https:\/\/safetysourcefire.ca\/wp-content\/uploads\/2022\/01\/SUPERPASS-5X-1-560x907-1.jpg\" \/>\n\t<meta property=\"og:image:width\" content=\"600\" \/>\n\t<meta property=\"og:image:height\" content=\"600\" \/>\n\t<meta property=\"og:image:type\" content=\"image\/jpeg\" \/>\n<meta name=\"twitter:card\" content=\"summary_large_image\" \/>\n<meta name=\"twitter:site\" content=\"@mmfssca\" \/>\n<meta name=\"twitter:label1\" content=\"Estimation du temps de lecture\" \/>\n\t<meta name=\"twitter:data1\" content=\"2 minutes\" \/>\n<script type=\"application\/ld+json\" class=\"yoast-schema-graph\">{\"@context\":\"https:\\\/\\\/schema.org\",\"@graph\":[{\"@type\":\"WebPage\",\"@id\":\"https:\\\/\\\/safetysourcefire.ca\\\/?product=superpass-5-nfpa-compliant-firefighter-personal-alert-safety-system\",\"url\":\"https:\\\/\\\/safetysourcefire.ca\\\/?product=superpass-5-nfpa-compliant-firefighter-personal-alert-safety-system\",\"name\":\"SuperPASS\u00ae 5 NFPA Compliant Firefighter Personal Alert Safety System - Safety Source Fire\",\"isPartOf\":{\"@id\":\"https:\\\/\\\/safetysourcefire.ca\\\/#website\"},\"primaryImageOfPage\":{\"@id\":\"https:\\\/\\\/safetysourcefire.ca\\\/?product=superpass-5-nfpa-compliant-firefighter-personal-alert-safety-system#primaryimage\"},\"image\":{\"@id\":\"https:\\\/\\\/safetysourcefire.ca\\\/?product=superpass-5-nfpa-compliant-firefighter-personal-alert-safety-system#primaryimage\"},\"thumbnailUrl\":\"https:\\\/\\\/safetysourcefire.ca\\\/wp-content\\\/uploads\\\/2022\\\/01\\\/SUPERPASS-5X-1-560x907-1.jpg\",\"datePublished\":\"2022-01-31T14:59:23+00:00\",\"dateModified\":\"2022-01-31T15:00:54+00:00\",\"breadcrumb\":{\"@id\":\"https:\\\/\\\/safetysourcefire.ca\\\/?product=superpass-5-nfpa-compliant-firefighter-personal-alert-safety-system#breadcrumb\"},\"inLanguage\":\"fr-CA\",\"potentialAction\":[{\"@type\":\"ReadAction\",\"target\":[\"https:\\\/\\\/safetysourcefire.ca\\\/?product=superpass-5-nfpa-compliant-firefighter-personal-alert-safety-system\"]}]},{\"@type\":\"ImageObject\",\"inLanguage\":\"fr-CA\",\"@id\":\"https:\\\/\\\/safetysourcefire.ca\\\/?product=superpass-5-nfpa-compliant-firefighter-personal-alert-safety-system#primaryimage\",\"url\":\"https:\\\/\\\/safetysourcefire.ca\\\/wp-content\\\/uploads\\\/2022\\\/01\\\/SUPERPASS-5X-1-560x907-1.jpg\",\"contentUrl\":\"https:\\\/\\\/safetysourcefire.ca\\\/wp-content\\\/uploads\\\/2022\\\/01\\\/SUPERPASS-5X-1-560x907-1.jpg\",\"width\":600,\"height\":600,\"caption\":\"superPASS\"},{\"@type\":\"BreadcrumbList\",\"@id\":\"https:\\\/\\\/safetysourcefire.ca\\\/?product=superpass-5-nfpa-compliant-firefighter-personal-alert-safety-system#breadcrumb\",\"itemListElement\":[{\"@type\":\"ListItem\",\"position\":1,\"name\":\"Home\",\"item\":\"https:\\\/\\\/safetysourcefire.ca\\\/\"},{\"@type\":\"ListItem\",\"position\":2,\"name\":\"Products\",\"item\":\"https:\\\/\\\/safetysourcefire.ca\\\/shop\\\/\"},{\"@type\":\"ListItem\",\"position\":3,\"name\":\"SuperPASS\u00ae 5 NFPA Compliant Firefighter Personal Alert Safety System\"}]},{\"@type\":\"WebSite\",\"@id\":\"https:\\\/\\\/safetysourcefire.ca\\\/#website\",\"url\":\"https:\\\/\\\/safetysourcefire.ca\\\/\",\"name\":\"Safety Source Fire\",\"description\":\"\",\"publisher\":{\"@id\":\"https:\\\/\\\/safetysourcefire.ca\\\/#organization\"},\"potentialAction\":[{\"@type\":\"SearchAction\",\"target\":{\"@type\":\"EntryPoint\",\"urlTemplate\":\"https:\\\/\\\/safetysourcefire.ca\\\/?s={search_term_string}\"},\"query-input\":{\"@type\":\"PropertyValueSpecification\",\"valueRequired\":true,\"valueName\":\"search_term_string\"}}],\"inLanguage\":\"fr-CA\"},{\"@type\":\"Organization\",\"@id\":\"https:\\\/\\\/safetysourcefire.ca\\\/#organization\",\"name\":\"Safety Source Fire\",\"url\":\"https:\\\/\\\/safetysourcefire.ca\\\/\",\"logo\":{\"@type\":\"ImageObject\",\"inLanguage\":\"fr-CA\",\"@id\":\"https:\\\/\\\/safetysourcefire.ca\\\/#\\\/schema\\\/logo\\\/image\\\/\",\"url\":\"https:\\\/\\\/safetysourcefire.ca\\\/wp-content\\\/uploads\\\/2021\\\/01\\\/SSF_logo_CC0000-3.png\",\"contentUrl\":\"https:\\\/\\\/safetysourcefire.ca\\\/wp-content\\\/uploads\\\/2021\\\/01\\\/SSF_logo_CC0000-3.png\",\"width\":1107,\"height\":365,\"caption\":\"Safety Source Fire\"},\"image\":{\"@id\":\"https:\\\/\\\/safetysourcefire.ca\\\/#\\\/schema\\\/logo\\\/image\\\/\"},\"sameAs\":[\"https:\\\/\\\/www.facebook.com\\\/mmfssca\",\"https:\\\/\\\/x.com\\\/mmfssca\"]}]}<\/script>\n<!-- \/ Yoast SEO plugin. -->","yoast_head_json":{"title":"SuperPASS\u00ae 5 NFPA Compliant Firefighter Personal Alert Safety System - Safety Source Fire","robots":{"index":"index","follow":"follow","max-snippet":"max-snippet:-1","max-image-preview":"max-image-preview:large","max-video-preview":"max-video-preview:-1"},"canonical":"https:\/\/safetysourcefire.ca\/fr\/?product=superpass-5-nfpa-compliant-firefighter-personal-alert-safety-system","og_locale":"fr_CA","og_type":"article","og_title":"SuperPASS\u00ae 5 NFPA Compliant Firefighter Personal Alert Safety System - Safety Source Fire","og_description":"The SuperPASS\u00ae 5 is the smallest, lightest and loudest stand-alone, NFPA-compliant PASS.","og_url":"https:\/\/safetysourcefire.ca\/fr\/?product=superpass-5-nfpa-compliant-firefighter-personal-alert-safety-system","og_site_name":"Safety Source Fire","article_publisher":"https:\/\/www.facebook.com\/mmfssca","article_modified_time":"2022-01-31T15:00:54+00:00","og_image":[{"width":600,"height":600,"url":"https:\/\/safetysourcefire.ca\/wp-content\/uploads\/2022\/01\/SUPERPASS-5X-1-560x907-1.jpg","type":"image\/jpeg"}],"twitter_card":"summary_large_image","twitter_site":"@mmfssca","twitter_misc":{"Estimation du temps de lecture":"2 minutes"},"schema":{"@context":"https:\/\/schema.org","@graph":[{"@type":"WebPage","@id":"https:\/\/safetysourcefire.ca\/?product=superpass-5-nfpa-compliant-firefighter-personal-alert-safety-system","url":"https:\/\/safetysourcefire.ca\/?product=superpass-5-nfpa-compliant-firefighter-personal-alert-safety-system","name":"SuperPASS\u00ae 5 NFPA Compliant Firefighter Personal Alert Safety System - Safety Source Fire","isPartOf":{"@id":"https:\/\/safetysourcefire.ca\/#website"},"primaryImageOfPage":{"@id":"https:\/\/safetysourcefire.ca\/?product=superpass-5-nfpa-compliant-firefighter-personal-alert-safety-system#primaryimage"},"image":{"@id":"https:\/\/safetysourcefire.ca\/?product=superpass-5-nfpa-compliant-firefighter-personal-alert-safety-system#primaryimage"},"thumbnailUrl":"https:\/\/safetysourcefire.ca\/wp-content\/uploads\/2022\/01\/SUPERPASS-5X-1-560x907-1.jpg","datePublished":"2022-01-31T14:59:23+00:00","dateModified":"2022-01-31T15:00:54+00:00","breadcrumb":{"@id":"https:\/\/safetysourcefire.ca\/?product=superpass-5-nfpa-compliant-firefighter-personal-alert-safety-system#breadcrumb"},"inLanguage":"fr-CA","potentialAction":[{"@type":"ReadAction","target":["https:\/\/safetysourcefire.ca\/?product=superpass-5-nfpa-compliant-firefighter-personal-alert-safety-system"]}]},{"@type":"ImageObject","inLanguage":"fr-CA","@id":"https:\/\/safetysourcefire.ca\/?product=superpass-5-nfpa-compliant-firefighter-personal-alert-safety-system#primaryimage","url":"https:\/\/safetysourcefire.ca\/wp-content\/uploads\/2022\/01\/SUPERPASS-5X-1-560x907-1.jpg","contentUrl":"https:\/\/safetysourcefire.ca\/wp-content\/uploads\/2022\/01\/SUPERPASS-5X-1-560x907-1.jpg","width":600,"height":600,"caption":"superPASS"},{"@type":"BreadcrumbList","@id":"https:\/\/safetysourcefire.ca\/?product=superpass-5-nfpa-compliant-firefighter-personal-alert-safety-system#breadcrumb","itemListElement":[{"@type":"ListItem","position":1,"name":"Home","item":"https:\/\/safetysourcefire.ca\/"},{"@type":"ListItem","position":2,"name":"Products","item":"https:\/\/safetysourcefire.ca\/shop\/"},{"@type":"ListItem","position":3,"name":"SuperPASS\u00ae 5 NFPA Compliant Firefighter Personal Alert Safety System"}]},{"@type":"WebSite","@id":"https:\/\/safetysourcefire.ca\/#website","url":"https:\/\/safetysourcefire.ca\/","name":"Safety Source Fire","description":"","publisher":{"@id":"https:\/\/safetysourcefire.ca\/#organization"},"potentialAction":[{"@type":"SearchAction","target":{"@type":"EntryPoint","urlTemplate":"https:\/\/safetysourcefire.ca\/?s={search_term_string}"},"query-input":{"@type":"PropertyValueSpecification","valueRequired":true,"valueName":"search_term_string"}}],"inLanguage":"fr-CA"},{"@type":"Organization","@id":"https:\/\/safetysourcefire.ca\/#organization","name":"Safety Source Fire","url":"https:\/\/safetysourcefire.ca\/","logo":{"@type":"ImageObject","inLanguage":"fr-CA","@id":"https:\/\/safetysourcefire.ca\/#\/schema\/logo\/image\/","url":"https:\/\/safetysourcefire.ca\/wp-content\/uploads\/2021\/01\/SSF_logo_CC0000-3.png","contentUrl":"https:\/\/safetysourcefire.ca\/wp-content\/uploads\/2021\/01\/SSF_logo_CC0000-3.png","width":1107,"height":365,"caption":"Safety Source Fire"},"image":{"@id":"https:\/\/safetysourcefire.ca\/#\/schema\/logo\/image\/"},"sameAs":["https:\/\/www.facebook.com\/mmfssca","https:\/\/x.com\/mmfssca"]}]}},"_links":{"self":[{"href":"https:\/\/safetysourcefire.ca\/fr\/wp-json\/wp\/v2\/product\/26349","targetHints":{"allow":["GET"]}}],"collection":[{"href":"https:\/\/safetysourcefire.ca\/fr\/wp-json\/wp\/v2\/product"}],"about":[{"href":"https:\/\/safetysourcefire.ca\/fr\/wp-json\/wp\/v2\/types\/product"}],"wp:featuredmedia":[{"embeddable":true,"href":"https:\/\/safetysourcefire.ca\/fr\/wp-json\/wp\/v2\/media\/26351"}],"wp:attachment":[{"href":"https:\/\/safetysourcefire.ca\/fr\/wp-json\/wp\/v2\/media?parent=26349"}],"wp:term":[{"taxonomy":"product_brand","embeddable":true,"href":"https:\/\/safetysourcefire.ca\/fr\/wp-json\/wp\/v2\/product_brand?post=26349"},{"taxonomy":"product_cat","embeddable":true,"href":"https:\/\/safetysourcefire.ca\/fr\/wp-json\/wp\/v2\/product_cat?post=26349"},{"taxonomy":"product_tag","embeddable":true,"href":"https:\/\/safetysourcefire.ca\/fr\/wp-json\/wp\/v2\/product_tag?post=26349"}],"curies":[{"name":"wp","href":"https:\/\/api.w.org\/{rel}","templated":true}]}}