{"id":26359,"date":"2022-01-31T15:38:45","date_gmt":"2022-01-31T15:38:45","guid":{"rendered":"https:\/\/safetysourcefire.ca\/?post_type=product&#038;p=26359"},"modified":"2022-02-02T20:13:53","modified_gmt":"2022-02-02T20:13:53","slug":"customized-aluminum-command-board","status":"publish","type":"product","link":"https:\/\/safetysourcefire.ca\/fr\/produit\/customized-aluminum-command-board\/","title":{"rendered":"Tableau de commande personnalis\u00e9 en aluminium"},"content":{"rendered":"<p>La planche en aluminium mesure environ 12\" x 16\" avec une \u00e9paisseur de 1\/16\", ce qui lui donne la force de r\u00e9sister de travailler sur tous les types de terrains.<\/p>\n<p>Le tableau sera personnalis\u00e9 pour votre service d'incendie ou votre agence. Tous les lettrages et graphiques de ce tableau sont imprim\u00e9s par sublimation pour plus de durabilit\u00e9. Le nom de votre d\u00e9partement sera inscrit en haut du tableau et vous pourrez vous m\u00eame d\u00e9cider des \u00e9tiquettes pour chacune des dix sections. Une sangle de transport peut \u00eatre attach\u00e9e en haut ou en bas de la planche, selon vos pr\u00e9f\u00e9rences. Les marqueurs fournis vous permettent de prendre des notes, de r\u00e9\u00e9tiqueter les segments, d'encercler si chaque affectation est une fonction de groupe ou de division (selon les directives NIMS) et de dessiner les affectations sur le tableau.<\/p>\n<p><iframe loading=\"lazy\" title=\"MY-LOR, Inc. Options de la carte de commande\" width=\"980\" height=\"551\" src=\"https:\/\/www.youtube.com\/embed\/gL6f9e1mJVo?feature=oembed&#038;enablejsapi=1&#038;origin=https:\/\/safetysourcefire.ca\" frameborder=\"0\" allow=\"accelerometer; autoplay; clipboard-write; encrypted-media; gyroscope; picture-in-picture\" allowfullscreen><\/iframe><\/p>\n<p>&nbsp;<\/p>","protected":false},"excerpt":{"rendered":"<p>Ce tableau de commande en aluminium est con\u00e7u pour r\u00e9sister aux conditions les plus difficiles et rester fonctionnel pendant de nombreuses ann\u00e9es. \u00c9galement con\u00e7u pour r\u00e9pondre aux directives NIMS pour la responsabilit\u00e9 des op\u00e9rations des succursales.<\/p>","protected":false},"featured_media":26360,"template":"","meta":[],"product_brand":[562],"product_cat":[584,51],"product_tag":[563],"class_list":{"0":"post-26359","1":"product","2":"type-product","3":"status-publish","4":"has-post-thumbnail","6":"product_brand-my-lor","7":"product_cat-accountability","8":"product_cat-rescue","9":"product_tag-my-lor","11":"first","12":"instock","13":"shipping-taxable","14":"product-type-simple"},"yoast_head":"<!-- This site is optimized with the Yoast SEO plugin v27.4 - https:\/\/yoast.com\/product\/yoast-seo-wordpress\/ -->\n<title>Customized Aluminum Command Board - Safety Source Fire<\/title>\n<meta name=\"robots\" content=\"index, follow, max-snippet:-1, max-image-preview:large, max-video-preview:-1\" \/>\n<link rel=\"canonical\" href=\"https:\/\/safetysourcefire.ca\/fr\/produit\/customized-aluminum-command-board\/\" \/>\n<meta property=\"og:locale\" content=\"fr_CA\" \/>\n<meta property=\"og:type\" content=\"article\" \/>\n<meta property=\"og:title\" content=\"Customized Aluminum Command Board - Safety Source Fire\" \/>\n<meta property=\"og:description\" content=\"This aluminum Command Board is built to withstand abuse and remain functional for many years and is designed to meet the NIMS guidelines for Branch Operations Accountability.\" \/>\n<meta property=\"og:url\" content=\"https:\/\/safetysourcefire.ca\/fr\/produit\/customized-aluminum-command-board\/\" \/>\n<meta property=\"og:site_name\" content=\"Safety Source Fire\" \/>\n<meta property=\"article:publisher\" content=\"https:\/\/www.facebook.com\/mmfssca\" \/>\n<meta property=\"article:modified_time\" content=\"2022-02-02T20:13:53+00:00\" \/>\n<meta property=\"og:image\" content=\"https:\/\/safetysourcefire.ca\/wp-content\/uploads\/2022\/01\/ic200-sub-b__19923.1367208718.jpg\" \/>\n\t<meta property=\"og:image:width\" content=\"600\" \/>\n\t<meta property=\"og:image:height\" content=\"600\" \/>\n\t<meta property=\"og:image:type\" content=\"image\/jpeg\" \/>\n<meta name=\"twitter:card\" content=\"summary_large_image\" \/>\n<meta name=\"twitter:site\" content=\"@mmfssca\" \/>\n<meta name=\"twitter:label1\" content=\"Estimation du temps de lecture\" \/>\n\t<meta name=\"twitter:data1\" content=\"1 minute\" \/>\n<script type=\"application\/ld+json\" class=\"yoast-schema-graph\">{\"@context\":\"https:\\\/\\\/schema.org\",\"@graph\":[{\"@type\":\"WebPage\",\"@id\":\"https:\\\/\\\/safetysourcefire.ca\\\/product\\\/customized-aluminum-command-board\\\/\",\"url\":\"https:\\\/\\\/safetysourcefire.ca\\\/product\\\/customized-aluminum-command-board\\\/\",\"name\":\"Customized Aluminum Command Board - Safety Source Fire\",\"isPartOf\":{\"@id\":\"https:\\\/\\\/safetysourcefire.ca\\\/#website\"},\"primaryImageOfPage\":{\"@id\":\"https:\\\/\\\/safetysourcefire.ca\\\/product\\\/customized-aluminum-command-board\\\/#primaryimage\"},\"image\":{\"@id\":\"https:\\\/\\\/safetysourcefire.ca\\\/product\\\/customized-aluminum-command-board\\\/#primaryimage\"},\"thumbnailUrl\":\"https:\\\/\\\/safetysourcefire.ca\\\/wp-content\\\/uploads\\\/2022\\\/01\\\/ic200-sub-b__19923.1367208718.jpg\",\"datePublished\":\"2022-01-31T15:38:45+00:00\",\"dateModified\":\"2022-02-02T20:13:53+00:00\",\"breadcrumb\":{\"@id\":\"https:\\\/\\\/safetysourcefire.ca\\\/product\\\/customized-aluminum-command-board\\\/#breadcrumb\"},\"inLanguage\":\"fr-CA\",\"potentialAction\":[{\"@type\":\"ReadAction\",\"target\":[\"https:\\\/\\\/safetysourcefire.ca\\\/product\\\/customized-aluminum-command-board\\\/\"]}]},{\"@type\":\"ImageObject\",\"inLanguage\":\"fr-CA\",\"@id\":\"https:\\\/\\\/safetysourcefire.ca\\\/product\\\/customized-aluminum-command-board\\\/#primaryimage\",\"url\":\"https:\\\/\\\/safetysourcefire.ca\\\/wp-content\\\/uploads\\\/2022\\\/01\\\/ic200-sub-b__19923.1367208718.jpg\",\"contentUrl\":\"https:\\\/\\\/safetysourcefire.ca\\\/wp-content\\\/uploads\\\/2022\\\/01\\\/ic200-sub-b__19923.1367208718.jpg\",\"width\":600,\"height\":600,\"caption\":\"board\"},{\"@type\":\"BreadcrumbList\",\"@id\":\"https:\\\/\\\/safetysourcefire.ca\\\/product\\\/customized-aluminum-command-board\\\/#breadcrumb\",\"itemListElement\":[{\"@type\":\"ListItem\",\"position\":1,\"name\":\"Home\",\"item\":\"https:\\\/\\\/safetysourcefire.ca\\\/\"},{\"@type\":\"ListItem\",\"position\":2,\"name\":\"Products\",\"item\":\"https:\\\/\\\/safetysourcefire.ca\\\/shop\\\/\"},{\"@type\":\"ListItem\",\"position\":3,\"name\":\"Customized Aluminum Command Board\"}]},{\"@type\":\"WebSite\",\"@id\":\"https:\\\/\\\/safetysourcefire.ca\\\/#website\",\"url\":\"https:\\\/\\\/safetysourcefire.ca\\\/\",\"name\":\"Safety Source Fire\",\"description\":\"\",\"publisher\":{\"@id\":\"https:\\\/\\\/safetysourcefire.ca\\\/#organization\"},\"potentialAction\":[{\"@type\":\"SearchAction\",\"target\":{\"@type\":\"EntryPoint\",\"urlTemplate\":\"https:\\\/\\\/safetysourcefire.ca\\\/?s={search_term_string}\"},\"query-input\":{\"@type\":\"PropertyValueSpecification\",\"valueRequired\":true,\"valueName\":\"search_term_string\"}}],\"inLanguage\":\"fr-CA\"},{\"@type\":\"Organization\",\"@id\":\"https:\\\/\\\/safetysourcefire.ca\\\/#organization\",\"name\":\"Safety Source Fire\",\"url\":\"https:\\\/\\\/safetysourcefire.ca\\\/\",\"logo\":{\"@type\":\"ImageObject\",\"inLanguage\":\"fr-CA\",\"@id\":\"https:\\\/\\\/safetysourcefire.ca\\\/#\\\/schema\\\/logo\\\/image\\\/\",\"url\":\"https:\\\/\\\/safetysourcefire.ca\\\/wp-content\\\/uploads\\\/2021\\\/01\\\/SSF_logo_CC0000-3.png\",\"contentUrl\":\"https:\\\/\\\/safetysourcefire.ca\\\/wp-content\\\/uploads\\\/2021\\\/01\\\/SSF_logo_CC0000-3.png\",\"width\":1107,\"height\":365,\"caption\":\"Safety Source Fire\"},\"image\":{\"@id\":\"https:\\\/\\\/safetysourcefire.ca\\\/#\\\/schema\\\/logo\\\/image\\\/\"},\"sameAs\":[\"https:\\\/\\\/www.facebook.com\\\/mmfssca\",\"https:\\\/\\\/x.com\\\/mmfssca\"]}]}<\/script>\n<!-- \/ Yoast SEO plugin. -->","yoast_head_json":{"title":"Panneau de commande en aluminium personnalis\u00e9 - Source de s\u00e9curit\u00e9 incendie","robots":{"index":"index","follow":"follow","max-snippet":"max-snippet:-1","max-image-preview":"max-image-preview:large","max-video-preview":"max-video-preview:-1"},"canonical":"https:\/\/safetysourcefire.ca\/fr\/produit\/customized-aluminum-command-board\/","og_locale":"fr_CA","og_type":"article","og_title":"Customized Aluminum Command Board - Safety Source Fire","og_description":"This aluminum Command Board is built to withstand abuse and remain functional for many years and is designed to meet the NIMS guidelines for Branch Operations Accountability.","og_url":"https:\/\/safetysourcefire.ca\/fr\/produit\/customized-aluminum-command-board\/","og_site_name":"Safety Source Fire","article_publisher":"https:\/\/www.facebook.com\/mmfssca","article_modified_time":"2022-02-02T20:13:53+00:00","og_image":[{"width":600,"height":600,"url":"https:\/\/safetysourcefire.ca\/wp-content\/uploads\/2022\/01\/ic200-sub-b__19923.1367208718.jpg","type":"image\/jpeg"}],"twitter_card":"summary_large_image","twitter_site":"@mmfssca","twitter_misc":{"Estimation du temps de lecture":"1 minute"},"schema":{"@context":"https:\/\/schema.org","@graph":[{"@type":"WebPage","@id":"https:\/\/safetysourcefire.ca\/product\/customized-aluminum-command-board\/","url":"https:\/\/safetysourcefire.ca\/product\/customized-aluminum-command-board\/","name":"Panneau de commande en aluminium personnalis\u00e9 - Source de s\u00e9curit\u00e9 incendie","isPartOf":{"@id":"https:\/\/safetysourcefire.ca\/#website"},"primaryImageOfPage":{"@id":"https:\/\/safetysourcefire.ca\/product\/customized-aluminum-command-board\/#primaryimage"},"image":{"@id":"https:\/\/safetysourcefire.ca\/product\/customized-aluminum-command-board\/#primaryimage"},"thumbnailUrl":"https:\/\/safetysourcefire.ca\/wp-content\/uploads\/2022\/01\/ic200-sub-b__19923.1367208718.jpg","datePublished":"2022-01-31T15:38:45+00:00","dateModified":"2022-02-02T20:13:53+00:00","breadcrumb":{"@id":"https:\/\/safetysourcefire.ca\/product\/customized-aluminum-command-board\/#breadcrumb"},"inLanguage":"fr-CA","potentialAction":[{"@type":"ReadAction","target":["https:\/\/safetysourcefire.ca\/product\/customized-aluminum-command-board\/"]}]},{"@type":"ImageObject","inLanguage":"fr-CA","@id":"https:\/\/safetysourcefire.ca\/product\/customized-aluminum-command-board\/#primaryimage","url":"https:\/\/safetysourcefire.ca\/wp-content\/uploads\/2022\/01\/ic200-sub-b__19923.1367208718.jpg","contentUrl":"https:\/\/safetysourcefire.ca\/wp-content\/uploads\/2022\/01\/ic200-sub-b__19923.1367208718.jpg","width":600,"height":600,"caption":"board"},{"@type":"BreadcrumbList","@id":"https:\/\/safetysourcefire.ca\/product\/customized-aluminum-command-board\/#breadcrumb","itemListElement":[{"@type":"ListItem","position":1,"name":"Home","item":"https:\/\/safetysourcefire.ca\/"},{"@type":"ListItem","position":2,"name":"Products","item":"https:\/\/safetysourcefire.ca\/shop\/"},{"@type":"ListItem","position":3,"name":"Customized Aluminum Command Board"}]},{"@type":"WebSite","@id":"https:\/\/safetysourcefire.ca\/#website","url":"https:\/\/safetysourcefire.ca\/","name":"Safety Source Fire","description":"","publisher":{"@id":"https:\/\/safetysourcefire.ca\/#organization"},"potentialAction":[{"@type":"SearchAction","target":{"@type":"EntryPoint","urlTemplate":"https:\/\/safetysourcefire.ca\/?s={search_term_string}"},"query-input":{"@type":"PropertyValueSpecification","valueRequired":true,"valueName":"search_term_string"}}],"inLanguage":"fr-CA"},{"@type":"Organization","@id":"https:\/\/safetysourcefire.ca\/#organization","name":"Safety Source Fire","url":"https:\/\/safetysourcefire.ca\/","logo":{"@type":"ImageObject","inLanguage":"fr-CA","@id":"https:\/\/safetysourcefire.ca\/#\/schema\/logo\/image\/","url":"https:\/\/safetysourcefire.ca\/wp-content\/uploads\/2021\/01\/SSF_logo_CC0000-3.png","contentUrl":"https:\/\/safetysourcefire.ca\/wp-content\/uploads\/2021\/01\/SSF_logo_CC0000-3.png","width":1107,"height":365,"caption":"Safety Source Fire"},"image":{"@id":"https:\/\/safetysourcefire.ca\/#\/schema\/logo\/image\/"},"sameAs":["https:\/\/www.facebook.com\/mmfssca","https:\/\/x.com\/mmfssca"]}]}},"_links":{"self":[{"href":"https:\/\/safetysourcefire.ca\/fr\/wp-json\/wp\/v2\/product\/26359","targetHints":{"allow":["GET"]}}],"collection":[{"href":"https:\/\/safetysourcefire.ca\/fr\/wp-json\/wp\/v2\/product"}],"about":[{"href":"https:\/\/safetysourcefire.ca\/fr\/wp-json\/wp\/v2\/types\/product"}],"wp:featuredmedia":[{"embeddable":true,"href":"https:\/\/safetysourcefire.ca\/fr\/wp-json\/wp\/v2\/media\/26360"}],"wp:attachment":[{"href":"https:\/\/safetysourcefire.ca\/fr\/wp-json\/wp\/v2\/media?parent=26359"}],"wp:term":[{"taxonomy":"product_brand","embeddable":true,"href":"https:\/\/safetysourcefire.ca\/fr\/wp-json\/wp\/v2\/product_brand?post=26359"},{"taxonomy":"product_cat","embeddable":true,"href":"https:\/\/safetysourcefire.ca\/fr\/wp-json\/wp\/v2\/product_cat?post=26359"},{"taxonomy":"product_tag","embeddable":true,"href":"https:\/\/safetysourcefire.ca\/fr\/wp-json\/wp\/v2\/product_tag?post=26359"}],"curies":[{"name":"wp","href":"https:\/\/api.w.org\/{rel}","templated":true}]}}