{"id":26361,"date":"2022-01-31T15:49:42","date_gmt":"2022-01-31T15:49:42","guid":{"rendered":"https:\/\/safetysourcefire.ca\/?post_type=product&#038;p=26361"},"modified":"2022-02-02T20:16:26","modified_gmt":"2022-02-02T20:16:26","slug":"case-commander-incident-command-system","status":"publish","type":"product","link":"https:\/\/safetysourcefire.ca\/fr\/produit\/case-commander-incident-command-system\/","title":{"rendered":"Syst\u00e8me Case Commander\u00ae pour commandement des incidents"},"content":{"rendered":"<p>Dans de nombreux villes et villages,  les chefs de caserne utilisent des syst\u00e8mes de commandement portatifs pour g\u00e9rer les incidents. Cela permet au commandant de l'incident de positionner le poste de travail l\u00e0 ou il poss\u00e8de la meilleure vue de la sc\u00e8ne.<\/p>\n<p>Le syst\u00e8me de commande Case Commander\u2122 permettra \u00e0 l'IC de suivre facilement les affectations du personnel et des appareils gr\u00e2ce \u00e0 l'utilisation du syst\u00e8me national de gestion des incidents. Avec ce syst\u00e8me, vous pouvez g\u00e9rer les petits comme les grands incidents.<\/p>\n<p>La surface s\u00e8che facilement effa\u00e7able offre un espace de taille pour les notes, la planification strat\u00e9gique et tactique, les affectations, le PAR, les risques sp\u00e9ciaux, les consid\u00e9rations tactiques, etc.<\/p>\n<p>Pour une utilisation optimale, l'IC peut dessiner la disposition de l'incident puis placer des \u00e9tiquettes magn\u00e9tiques repr\u00e9sentant les engins, les officiers et les \u00e9quipages sur le tableau dans les positions de leurs affectations. Ensuite, l'IC peut suivre tous les groupes et divisions ainsi que les officiers qui les dirigent.<\/p>\n<p>Une horloge avec alarme permet de garder la notion du temps et facilite les rapports PAR rapides.<\/p>\n<p>Inclus 50 \u00e9tiquettes magn\u00e9tiques grav\u00e9es personnalis\u00e9es repr\u00e9sentant votre appareil et vos officiers. Ces \u00e9tiquettes sont g\u00e9n\u00e9ralement grav\u00e9es avec les d\u00e9signations radio de tous les officiers du d\u00e9partement, des appareils, ainsi que des t\u00e2ches communes et des soci\u00e9t\u00e9s d'entraide.<\/p>\n<ul>\n<li>Enti\u00e8rement conforme NIMS<\/li>\n<li>Valise robuste avec roues et pieds int\u00e9gr\u00e9s<\/li>\n<li>Grande horloge avec minuterie et alarme<\/li>\n<li>Lumi\u00e8re LED<\/li>\n<li>Grandes surfaces effa\u00e7ables \u00e0 sec imprim\u00e9es avec feuille de calcul ''Incident Command''<\/li>\n<li>50 \u00e9tiquettes magn\u00e9tiques grav\u00e9es personnalis\u00e9es<\/li>\n<li>Balises suppl\u00e9mentaires disponibles<\/li>\n<li>Marqueurs \u00e0 sec et gomme \u00e0 effacer inclus<\/li>\n<li>Espace de rangement sous le plateau inf\u00e9rieur<\/li>\n<li>Dispositions personnalis\u00e9es disponibles\u00a0!<\/li>\n<\/ul>\n<p>Si moins de 50 \u00e9tiquettes sont n\u00e9cessaires, des \u00e9tiquettes blanches effa\u00e7ables seront fournis pour un total de 50 items par commande.<\/p>\n<p>Taille d&#039;exp\u00e9dition : 39&quot; x 14&quot; x 9&quot; 60 livres<\/p>\n<p><iframe loading=\"lazy\" title=\"Didacticiel du syst\u00e8me de commandement des incidents Case Commander\u2122\" width=\"980\" height=\"551\" src=\"https:\/\/www.youtube.com\/embed\/HJDzEKOZdYI?feature=oembed&#038;enablejsapi=1&#038;origin=https:\/\/safetysourcefire.ca\" frameborder=\"0\" allow=\"accelerometer; autoplay; clipboard-write; encrypted-media; gyroscope; picture-in-picture\" allowfullscreen><\/iframe><\/p>\n<p>&nbsp;<\/p>","protected":false},"excerpt":{"rendered":"<p>Le commandant de l'incident doit coordonner de nombreuses activit\u00e9s en succession rapide. Pour faire son travail correctement, il aura besoin d'un syst\u00e8me de commandement bien con\u00e7u tel que celui-ci.<\/p>","protected":false},"featured_media":26362,"template":"","meta":[],"product_brand":[564],"product_cat":[584,462,51,463],"product_tag":[565],"class_list":{"0":"post-26361","1":"product","2":"type-product","3":"status-publish","4":"has-post-thumbnail","6":"product_brand-fire-command","7":"product_cat-accountability","8":"product_cat-emergency-preparedness","9":"product_cat-rescue","10":"product_cat-wildland-fire","11":"product_tag-fire-command","13":"first","14":"instock","15":"shipping-taxable","16":"product-type-simple"},"yoast_head":"<!-- This site is optimized with the Yoast SEO plugin v27.4 - https:\/\/yoast.com\/product\/yoast-seo-wordpress\/ -->\n<title>Case Commander\u00ae Incident Command System - Safety Source Fire<\/title>\n<meta name=\"robots\" content=\"index, follow, max-snippet:-1, max-image-preview:large, max-video-preview:-1\" \/>\n<link rel=\"canonical\" href=\"https:\/\/safetysourcefire.ca\/fr\/produit\/case-commander-incident-command-system\/\" \/>\n<meta property=\"og:locale\" content=\"fr_CA\" \/>\n<meta property=\"og:type\" content=\"article\" \/>\n<meta property=\"og:title\" content=\"Case Commander\u00ae Incident Command System - Safety Source Fire\" \/>\n<meta property=\"og:description\" content=\"The Incident Commander must coordinate many activities in rapid succession and in order to do this you need a well designed command system.\" \/>\n<meta property=\"og:url\" content=\"https:\/\/safetysourcefire.ca\/fr\/produit\/case-commander-incident-command-system\/\" \/>\n<meta property=\"og:site_name\" content=\"Safety Source Fire\" \/>\n<meta property=\"article:publisher\" content=\"https:\/\/www.facebook.com\/mmfssca\" \/>\n<meta property=\"article:modified_time\" content=\"2022-02-02T20:16:26+00:00\" \/>\n<meta property=\"og:image\" content=\"https:\/\/safetysourcefire.ca\/wp-content\/uploads\/2022\/01\/Case-2016.jpg\" \/>\n\t<meta property=\"og:image:width\" content=\"600\" \/>\n\t<meta property=\"og:image:height\" content=\"600\" \/>\n\t<meta property=\"og:image:type\" content=\"image\/jpeg\" \/>\n<meta name=\"twitter:card\" content=\"summary_large_image\" \/>\n<meta name=\"twitter:site\" content=\"@mmfssca\" \/>\n<meta name=\"twitter:label1\" content=\"Estimation du temps de lecture\" \/>\n\t<meta name=\"twitter:data1\" content=\"2 minutes\" \/>\n<script type=\"application\/ld+json\" class=\"yoast-schema-graph\">{\"@context\":\"https:\\\/\\\/schema.org\",\"@graph\":[{\"@type\":\"WebPage\",\"@id\":\"https:\\\/\\\/safetysourcefire.ca\\\/product\\\/case-commander-incident-command-system\\\/\",\"url\":\"https:\\\/\\\/safetysourcefire.ca\\\/product\\\/case-commander-incident-command-system\\\/\",\"name\":\"Case Commander\u00ae Incident Command System - Safety Source Fire\",\"isPartOf\":{\"@id\":\"https:\\\/\\\/safetysourcefire.ca\\\/#website\"},\"primaryImageOfPage\":{\"@id\":\"https:\\\/\\\/safetysourcefire.ca\\\/product\\\/case-commander-incident-command-system\\\/#primaryimage\"},\"image\":{\"@id\":\"https:\\\/\\\/safetysourcefire.ca\\\/product\\\/case-commander-incident-command-system\\\/#primaryimage\"},\"thumbnailUrl\":\"https:\\\/\\\/safetysourcefire.ca\\\/wp-content\\\/uploads\\\/2022\\\/01\\\/Case-2016.jpg\",\"datePublished\":\"2022-01-31T15:49:42+00:00\",\"dateModified\":\"2022-02-02T20:16:26+00:00\",\"breadcrumb\":{\"@id\":\"https:\\\/\\\/safetysourcefire.ca\\\/product\\\/case-commander-incident-command-system\\\/#breadcrumb\"},\"inLanguage\":\"fr-CA\",\"potentialAction\":[{\"@type\":\"ReadAction\",\"target\":[\"https:\\\/\\\/safetysourcefire.ca\\\/product\\\/case-commander-incident-command-system\\\/\"]}]},{\"@type\":\"ImageObject\",\"inLanguage\":\"fr-CA\",\"@id\":\"https:\\\/\\\/safetysourcefire.ca\\\/product\\\/case-commander-incident-command-system\\\/#primaryimage\",\"url\":\"https:\\\/\\\/safetysourcefire.ca\\\/wp-content\\\/uploads\\\/2022\\\/01\\\/Case-2016.jpg\",\"contentUrl\":\"https:\\\/\\\/safetysourcefire.ca\\\/wp-content\\\/uploads\\\/2022\\\/01\\\/Case-2016.jpg\",\"width\":600,\"height\":600,\"caption\":\"command board\"},{\"@type\":\"BreadcrumbList\",\"@id\":\"https:\\\/\\\/safetysourcefire.ca\\\/product\\\/case-commander-incident-command-system\\\/#breadcrumb\",\"itemListElement\":[{\"@type\":\"ListItem\",\"position\":1,\"name\":\"Home\",\"item\":\"https:\\\/\\\/safetysourcefire.ca\\\/\"},{\"@type\":\"ListItem\",\"position\":2,\"name\":\"Products\",\"item\":\"https:\\\/\\\/safetysourcefire.ca\\\/shop\\\/\"},{\"@type\":\"ListItem\",\"position\":3,\"name\":\"Case Commander\u00ae Incident Command System\"}]},{\"@type\":\"WebSite\",\"@id\":\"https:\\\/\\\/safetysourcefire.ca\\\/#website\",\"url\":\"https:\\\/\\\/safetysourcefire.ca\\\/\",\"name\":\"Safety Source Fire\",\"description\":\"\",\"publisher\":{\"@id\":\"https:\\\/\\\/safetysourcefire.ca\\\/#organization\"},\"potentialAction\":[{\"@type\":\"SearchAction\",\"target\":{\"@type\":\"EntryPoint\",\"urlTemplate\":\"https:\\\/\\\/safetysourcefire.ca\\\/?s={search_term_string}\"},\"query-input\":{\"@type\":\"PropertyValueSpecification\",\"valueRequired\":true,\"valueName\":\"search_term_string\"}}],\"inLanguage\":\"fr-CA\"},{\"@type\":\"Organization\",\"@id\":\"https:\\\/\\\/safetysourcefire.ca\\\/#organization\",\"name\":\"Safety Source Fire\",\"url\":\"https:\\\/\\\/safetysourcefire.ca\\\/\",\"logo\":{\"@type\":\"ImageObject\",\"inLanguage\":\"fr-CA\",\"@id\":\"https:\\\/\\\/safetysourcefire.ca\\\/#\\\/schema\\\/logo\\\/image\\\/\",\"url\":\"https:\\\/\\\/safetysourcefire.ca\\\/wp-content\\\/uploads\\\/2021\\\/01\\\/SSF_logo_CC0000-3.png\",\"contentUrl\":\"https:\\\/\\\/safetysourcefire.ca\\\/wp-content\\\/uploads\\\/2021\\\/01\\\/SSF_logo_CC0000-3.png\",\"width\":1107,\"height\":365,\"caption\":\"Safety Source Fire\"},\"image\":{\"@id\":\"https:\\\/\\\/safetysourcefire.ca\\\/#\\\/schema\\\/logo\\\/image\\\/\"},\"sameAs\":[\"https:\\\/\\\/www.facebook.com\\\/mmfssca\",\"https:\\\/\\\/x.com\\\/mmfssca\"]}]}<\/script>\n<!-- \/ Yoast SEO plugin. -->","yoast_head_json":{"title":"Syst\u00e8me de commandement des incidents Case Commander\u00ae - Incendie \u00e0 source de s\u00e9curit\u00e9","robots":{"index":"index","follow":"follow","max-snippet":"max-snippet:-1","max-image-preview":"max-image-preview:large","max-video-preview":"max-video-preview:-1"},"canonical":"https:\/\/safetysourcefire.ca\/fr\/produit\/case-commander-incident-command-system\/","og_locale":"fr_CA","og_type":"article","og_title":"Case Commander\u00ae Incident Command System - Safety Source Fire","og_description":"The Incident Commander must coordinate many activities in rapid succession and in order to do this you need a well designed command system.","og_url":"https:\/\/safetysourcefire.ca\/fr\/produit\/case-commander-incident-command-system\/","og_site_name":"Safety Source Fire","article_publisher":"https:\/\/www.facebook.com\/mmfssca","article_modified_time":"2022-02-02T20:16:26+00:00","og_image":[{"width":600,"height":600,"url":"https:\/\/safetysourcefire.ca\/wp-content\/uploads\/2022\/01\/Case-2016.jpg","type":"image\/jpeg"}],"twitter_card":"summary_large_image","twitter_site":"@mmfssca","twitter_misc":{"Estimation du temps de lecture":"2 minutes"},"schema":{"@context":"https:\/\/schema.org","@graph":[{"@type":"WebPage","@id":"https:\/\/safetysourcefire.ca\/product\/case-commander-incident-command-system\/","url":"https:\/\/safetysourcefire.ca\/product\/case-commander-incident-command-system\/","name":"Syst\u00e8me de commandement des incidents Case Commander\u00ae - Incendie \u00e0 source de s\u00e9curit\u00e9","isPartOf":{"@id":"https:\/\/safetysourcefire.ca\/#website"},"primaryImageOfPage":{"@id":"https:\/\/safetysourcefire.ca\/product\/case-commander-incident-command-system\/#primaryimage"},"image":{"@id":"https:\/\/safetysourcefire.ca\/product\/case-commander-incident-command-system\/#primaryimage"},"thumbnailUrl":"https:\/\/safetysourcefire.ca\/wp-content\/uploads\/2022\/01\/Case-2016.jpg","datePublished":"2022-01-31T15:49:42+00:00","dateModified":"2022-02-02T20:16:26+00:00","breadcrumb":{"@id":"https:\/\/safetysourcefire.ca\/product\/case-commander-incident-command-system\/#breadcrumb"},"inLanguage":"fr-CA","potentialAction":[{"@type":"ReadAction","target":["https:\/\/safetysourcefire.ca\/product\/case-commander-incident-command-system\/"]}]},{"@type":"ImageObject","inLanguage":"fr-CA","@id":"https:\/\/safetysourcefire.ca\/product\/case-commander-incident-command-system\/#primaryimage","url":"https:\/\/safetysourcefire.ca\/wp-content\/uploads\/2022\/01\/Case-2016.jpg","contentUrl":"https:\/\/safetysourcefire.ca\/wp-content\/uploads\/2022\/01\/Case-2016.jpg","width":600,"height":600,"caption":"command board"},{"@type":"BreadcrumbList","@id":"https:\/\/safetysourcefire.ca\/product\/case-commander-incident-command-system\/#breadcrumb","itemListElement":[{"@type":"ListItem","position":1,"name":"Home","item":"https:\/\/safetysourcefire.ca\/"},{"@type":"ListItem","position":2,"name":"Products","item":"https:\/\/safetysourcefire.ca\/shop\/"},{"@type":"ListItem","position":3,"name":"Case Commander\u00ae Incident Command System"}]},{"@type":"WebSite","@id":"https:\/\/safetysourcefire.ca\/#website","url":"https:\/\/safetysourcefire.ca\/","name":"Safety Source Fire","description":"","publisher":{"@id":"https:\/\/safetysourcefire.ca\/#organization"},"potentialAction":[{"@type":"SearchAction","target":{"@type":"EntryPoint","urlTemplate":"https:\/\/safetysourcefire.ca\/?s={search_term_string}"},"query-input":{"@type":"PropertyValueSpecification","valueRequired":true,"valueName":"search_term_string"}}],"inLanguage":"fr-CA"},{"@type":"Organization","@id":"https:\/\/safetysourcefire.ca\/#organization","name":"Safety Source Fire","url":"https:\/\/safetysourcefire.ca\/","logo":{"@type":"ImageObject","inLanguage":"fr-CA","@id":"https:\/\/safetysourcefire.ca\/#\/schema\/logo\/image\/","url":"https:\/\/safetysourcefire.ca\/wp-content\/uploads\/2021\/01\/SSF_logo_CC0000-3.png","contentUrl":"https:\/\/safetysourcefire.ca\/wp-content\/uploads\/2021\/01\/SSF_logo_CC0000-3.png","width":1107,"height":365,"caption":"Safety Source Fire"},"image":{"@id":"https:\/\/safetysourcefire.ca\/#\/schema\/logo\/image\/"},"sameAs":["https:\/\/www.facebook.com\/mmfssca","https:\/\/x.com\/mmfssca"]}]}},"_links":{"self":[{"href":"https:\/\/safetysourcefire.ca\/fr\/wp-json\/wp\/v2\/product\/26361","targetHints":{"allow":["GET"]}}],"collection":[{"href":"https:\/\/safetysourcefire.ca\/fr\/wp-json\/wp\/v2\/product"}],"about":[{"href":"https:\/\/safetysourcefire.ca\/fr\/wp-json\/wp\/v2\/types\/product"}],"wp:featuredmedia":[{"embeddable":true,"href":"https:\/\/safetysourcefire.ca\/fr\/wp-json\/wp\/v2\/media\/26362"}],"wp:attachment":[{"href":"https:\/\/safetysourcefire.ca\/fr\/wp-json\/wp\/v2\/media?parent=26361"}],"wp:term":[{"taxonomy":"product_brand","embeddable":true,"href":"https:\/\/safetysourcefire.ca\/fr\/wp-json\/wp\/v2\/product_brand?post=26361"},{"taxonomy":"product_cat","embeddable":true,"href":"https:\/\/safetysourcefire.ca\/fr\/wp-json\/wp\/v2\/product_cat?post=26361"},{"taxonomy":"product_tag","embeddable":true,"href":"https:\/\/safetysourcefire.ca\/fr\/wp-json\/wp\/v2\/product_tag?post=26361"}],"curies":[{"name":"wp","href":"https:\/\/api.w.org\/{rel}","templated":true}]}}