{"id":26370,"date":"2022-01-31T16:12:27","date_gmt":"2022-01-31T16:12:27","guid":{"rendered":"https:\/\/safetysourcefire.ca\/?post_type=product&#038;p=26370"},"modified":"2023-10-03T12:48:17","modified_gmt":"2023-10-03T12:48:17","slug":"car-escape-tool-seatbelt-cutter-window-breaker","status":"publish","type":"product","link":"https:\/\/safetysourcefire.ca\/fr\/produit\/car-escape-tool-seatbelt-cutter-window-breaker\/","title":{"rendered":"Outil d&#039;\u00e9vacuation de voiture, coupe-ceinture\/brise-vitre"},"content":{"rendered":"<p>Cet appareil 2 en 1, de s\u00e9curit\u00e9 et de survie, vous permet de couper une ceinture de s\u00e9curit\u00e9 coinc\u00e9e et de casser une vitre lat\u00e9rale tremp\u00e9e de votre voiture tout en \u00e9tant portable et facile \u00e0 transporter.<\/p>\n<p>D\u00e9velopp\u00e9 \u00e0 l&#039;origine pour les premiers intervenants (pompiers ambulanciers, organismes d&#039;application de la loi); resqme\u00ae est d\u00e9sormais devenu une solution de s\u00e9curit\u00e9 essentielle pour de nombreuses personnes soucieuses de leur s\u00e9curit\u00e9 dans le monde entier.<\/p>\n<p>Fabriqu\u00e9 aux \u00c9tats-Unis \u2013 L&#039;original \u2022 Brise les vitres lat\u00e9rales tremp\u00e9es de la voiture \u2022 Coupe les ceintures de s\u00e9curit\u00e9 bloqu\u00e9es \u2022 Compact, l\u00e9ger et puissant<br \/>\nL&#039;outil d&#039;\u00e9vacuation de voiture le plus fiable \u2022 Marque d\u00e9pos\u00e9e et brevet\u00e9e<\/p>\n<p>&nbsp;<\/p>\n<p>Sp\u00e9cifications techniques<br \/>\nDIMENSIONS:<br \/>\n3L x 1,25W x 0,67D (po) | 7.60L x 3.20W x 1.70D (cm.)<\/p>\n<p>MASSE:<br \/>\n0,6 oz | 17 grammes<\/p>\n<p>MAT\u00c9RIAUX:<br \/>\nplastique ABS | Acier inoxydable | Acier chrom\u00e9 tremp\u00e9 | Nylon<\/p>","protected":false},"excerpt":{"rendered":"<p>Plus de 8 millions d&#039;automobilistes dans le monde portent l&#039;outil d&#039;\u00e9vacuation de voiture porte-cl\u00e9s resqme\u00ae, qui est fabriqu\u00e9 pour vous prot\u00e9ger, vous et votre famille, sur la route\u00a0!<\/p>","protected":false},"featured_media":26371,"template":"","meta":[],"product_brand":[566],"product_cat":[452,50],"product_tag":[567],"class_list":{"0":"post-26370","1":"product","2":"type-product","3":"status-publish","4":"has-post-thumbnail","6":"product_brand-resqme","7":"product_cat-miscellaneous-ppe","8":"product_cat-personal-protective-equipment","9":"product_tag-resqme","11":"first","12":"instock","13":"shipping-taxable","14":"product-type-simple"},"yoast_head":"<!-- This site is optimized with the Yoast SEO plugin v27.4 - https:\/\/yoast.com\/product\/yoast-seo-wordpress\/ -->\n<title>Car Escape Tool, Seatbelt Cutter \/ Window Breaker - Safety Source Fire<\/title>\n<meta name=\"robots\" content=\"index, follow, max-snippet:-1, max-image-preview:large, max-video-preview:-1\" \/>\n<link rel=\"canonical\" href=\"https:\/\/safetysourcefire.ca\/fr\/?product=car-escape-tool-seatbelt-cutter-window-breaker\" \/>\n<meta property=\"og:locale\" content=\"fr_CA\" \/>\n<meta property=\"og:type\" content=\"article\" \/>\n<meta property=\"og:title\" content=\"Car Escape Tool, Seatbelt Cutter \/ Window Breaker - Safety Source Fire\" \/>\n<meta property=\"og:description\" content=\"Over 8 million motorists worldwide carry the resqme\u00ae keychain car escape tool, which is manufactured to keep you and your family safe while on the road!\" \/>\n<meta property=\"og:url\" content=\"https:\/\/safetysourcefire.ca\/fr\/?product=car-escape-tool-seatbelt-cutter-window-breaker\" \/>\n<meta property=\"og:site_name\" content=\"Safety Source Fire\" \/>\n<meta property=\"article:publisher\" content=\"https:\/\/www.facebook.com\/mmfssca\" \/>\n<meta property=\"article:modified_time\" content=\"2023-10-03T12:48:17+00:00\" \/>\n<meta property=\"og:image\" content=\"https:\/\/safetysourcefire.ca\/wp-content\/uploads\/2022\/01\/resqme-rainbow-2020-sqaure.jpg\" \/>\n\t<meta property=\"og:image:width\" content=\"600\" \/>\n\t<meta property=\"og:image:height\" content=\"600\" \/>\n\t<meta property=\"og:image:type\" content=\"image\/jpeg\" \/>\n<meta name=\"twitter:card\" content=\"summary_large_image\" \/>\n<meta name=\"twitter:site\" content=\"@mmfssca\" \/>\n<meta name=\"twitter:label1\" content=\"Estimation du temps de lecture\" \/>\n\t<meta name=\"twitter:data1\" content=\"1 minute\" \/>\n<script type=\"application\/ld+json\" class=\"yoast-schema-graph\">{\"@context\":\"https:\\\/\\\/schema.org\",\"@graph\":[{\"@type\":\"WebPage\",\"@id\":\"https:\\\/\\\/safetysourcefire.ca\\\/?product=car-escape-tool-seatbelt-cutter-window-breaker\",\"url\":\"https:\\\/\\\/safetysourcefire.ca\\\/?product=car-escape-tool-seatbelt-cutter-window-breaker\",\"name\":\"Car Escape Tool, Seatbelt Cutter \\\/ Window Breaker - Safety Source Fire\",\"isPartOf\":{\"@id\":\"https:\\\/\\\/safetysourcefire.ca\\\/#website\"},\"primaryImageOfPage\":{\"@id\":\"https:\\\/\\\/safetysourcefire.ca\\\/?product=car-escape-tool-seatbelt-cutter-window-breaker#primaryimage\"},\"image\":{\"@id\":\"https:\\\/\\\/safetysourcefire.ca\\\/?product=car-escape-tool-seatbelt-cutter-window-breaker#primaryimage\"},\"thumbnailUrl\":\"https:\\\/\\\/safetysourcefire.ca\\\/wp-content\\\/uploads\\\/2022\\\/01\\\/resqme-rainbow-2020-sqaure.jpg\",\"datePublished\":\"2022-01-31T16:12:27+00:00\",\"dateModified\":\"2023-10-03T12:48:17+00:00\",\"breadcrumb\":{\"@id\":\"https:\\\/\\\/safetysourcefire.ca\\\/?product=car-escape-tool-seatbelt-cutter-window-breaker#breadcrumb\"},\"inLanguage\":\"fr-CA\",\"potentialAction\":[{\"@type\":\"ReadAction\",\"target\":[\"https:\\\/\\\/safetysourcefire.ca\\\/?product=car-escape-tool-seatbelt-cutter-window-breaker\"]}]},{\"@type\":\"ImageObject\",\"inLanguage\":\"fr-CA\",\"@id\":\"https:\\\/\\\/safetysourcefire.ca\\\/?product=car-escape-tool-seatbelt-cutter-window-breaker#primaryimage\",\"url\":\"https:\\\/\\\/safetysourcefire.ca\\\/wp-content\\\/uploads\\\/2022\\\/01\\\/resqme-rainbow-2020-sqaure.jpg\",\"contentUrl\":\"https:\\\/\\\/safetysourcefire.ca\\\/wp-content\\\/uploads\\\/2022\\\/01\\\/resqme-rainbow-2020-sqaure.jpg\",\"width\":600,\"height\":600,\"caption\":\"colourful tools\"},{\"@type\":\"BreadcrumbList\",\"@id\":\"https:\\\/\\\/safetysourcefire.ca\\\/?product=car-escape-tool-seatbelt-cutter-window-breaker#breadcrumb\",\"itemListElement\":[{\"@type\":\"ListItem\",\"position\":1,\"name\":\"Home\",\"item\":\"https:\\\/\\\/safetysourcefire.ca\\\/\"},{\"@type\":\"ListItem\",\"position\":2,\"name\":\"Products\",\"item\":\"https:\\\/\\\/safetysourcefire.ca\\\/shop\\\/\"},{\"@type\":\"ListItem\",\"position\":3,\"name\":\"Car Escape Tool, Seatbelt Cutter \\\/ Window Breaker\"}]},{\"@type\":\"WebSite\",\"@id\":\"https:\\\/\\\/safetysourcefire.ca\\\/#website\",\"url\":\"https:\\\/\\\/safetysourcefire.ca\\\/\",\"name\":\"Safety Source Fire\",\"description\":\"\",\"publisher\":{\"@id\":\"https:\\\/\\\/safetysourcefire.ca\\\/#organization\"},\"potentialAction\":[{\"@type\":\"SearchAction\",\"target\":{\"@type\":\"EntryPoint\",\"urlTemplate\":\"https:\\\/\\\/safetysourcefire.ca\\\/?s={search_term_string}\"},\"query-input\":{\"@type\":\"PropertyValueSpecification\",\"valueRequired\":true,\"valueName\":\"search_term_string\"}}],\"inLanguage\":\"fr-CA\"},{\"@type\":\"Organization\",\"@id\":\"https:\\\/\\\/safetysourcefire.ca\\\/#organization\",\"name\":\"Safety Source Fire\",\"url\":\"https:\\\/\\\/safetysourcefire.ca\\\/\",\"logo\":{\"@type\":\"ImageObject\",\"inLanguage\":\"fr-CA\",\"@id\":\"https:\\\/\\\/safetysourcefire.ca\\\/#\\\/schema\\\/logo\\\/image\\\/\",\"url\":\"https:\\\/\\\/safetysourcefire.ca\\\/wp-content\\\/uploads\\\/2021\\\/01\\\/SSF_logo_CC0000-3.png\",\"contentUrl\":\"https:\\\/\\\/safetysourcefire.ca\\\/wp-content\\\/uploads\\\/2021\\\/01\\\/SSF_logo_CC0000-3.png\",\"width\":1107,\"height\":365,\"caption\":\"Safety Source Fire\"},\"image\":{\"@id\":\"https:\\\/\\\/safetysourcefire.ca\\\/#\\\/schema\\\/logo\\\/image\\\/\"},\"sameAs\":[\"https:\\\/\\\/www.facebook.com\\\/mmfssca\",\"https:\\\/\\\/x.com\\\/mmfssca\"]}]}<\/script>\n<!-- \/ Yoast SEO plugin. -->","yoast_head_json":{"title":"Car Escape Tool, Seatbelt Cutter \/ Window Breaker - Safety Source Fire","robots":{"index":"index","follow":"follow","max-snippet":"max-snippet:-1","max-image-preview":"max-image-preview:large","max-video-preview":"max-video-preview:-1"},"canonical":"https:\/\/safetysourcefire.ca\/fr\/?product=car-escape-tool-seatbelt-cutter-window-breaker","og_locale":"fr_CA","og_type":"article","og_title":"Car Escape Tool, Seatbelt Cutter \/ Window Breaker - Safety Source Fire","og_description":"Over 8 million motorists worldwide carry the resqme\u00ae keychain car escape tool, which is manufactured to keep you and your family safe while on the road!","og_url":"https:\/\/safetysourcefire.ca\/fr\/?product=car-escape-tool-seatbelt-cutter-window-breaker","og_site_name":"Safety Source Fire","article_publisher":"https:\/\/www.facebook.com\/mmfssca","article_modified_time":"2023-10-03T12:48:17+00:00","og_image":[{"width":600,"height":600,"url":"https:\/\/safetysourcefire.ca\/wp-content\/uploads\/2022\/01\/resqme-rainbow-2020-sqaure.jpg","type":"image\/jpeg"}],"twitter_card":"summary_large_image","twitter_site":"@mmfssca","twitter_misc":{"Estimation du temps de lecture":"1 minute"},"schema":{"@context":"https:\/\/schema.org","@graph":[{"@type":"WebPage","@id":"https:\/\/safetysourcefire.ca\/?product=car-escape-tool-seatbelt-cutter-window-breaker","url":"https:\/\/safetysourcefire.ca\/?product=car-escape-tool-seatbelt-cutter-window-breaker","name":"Car Escape Tool, Seatbelt Cutter \/ Window Breaker - Safety Source Fire","isPartOf":{"@id":"https:\/\/safetysourcefire.ca\/#website"},"primaryImageOfPage":{"@id":"https:\/\/safetysourcefire.ca\/?product=car-escape-tool-seatbelt-cutter-window-breaker#primaryimage"},"image":{"@id":"https:\/\/safetysourcefire.ca\/?product=car-escape-tool-seatbelt-cutter-window-breaker#primaryimage"},"thumbnailUrl":"https:\/\/safetysourcefire.ca\/wp-content\/uploads\/2022\/01\/resqme-rainbow-2020-sqaure.jpg","datePublished":"2022-01-31T16:12:27+00:00","dateModified":"2023-10-03T12:48:17+00:00","breadcrumb":{"@id":"https:\/\/safetysourcefire.ca\/?product=car-escape-tool-seatbelt-cutter-window-breaker#breadcrumb"},"inLanguage":"fr-CA","potentialAction":[{"@type":"ReadAction","target":["https:\/\/safetysourcefire.ca\/?product=car-escape-tool-seatbelt-cutter-window-breaker"]}]},{"@type":"ImageObject","inLanguage":"fr-CA","@id":"https:\/\/safetysourcefire.ca\/?product=car-escape-tool-seatbelt-cutter-window-breaker#primaryimage","url":"https:\/\/safetysourcefire.ca\/wp-content\/uploads\/2022\/01\/resqme-rainbow-2020-sqaure.jpg","contentUrl":"https:\/\/safetysourcefire.ca\/wp-content\/uploads\/2022\/01\/resqme-rainbow-2020-sqaure.jpg","width":600,"height":600,"caption":"colourful tools"},{"@type":"BreadcrumbList","@id":"https:\/\/safetysourcefire.ca\/?product=car-escape-tool-seatbelt-cutter-window-breaker#breadcrumb","itemListElement":[{"@type":"ListItem","position":1,"name":"Home","item":"https:\/\/safetysourcefire.ca\/"},{"@type":"ListItem","position":2,"name":"Products","item":"https:\/\/safetysourcefire.ca\/shop\/"},{"@type":"ListItem","position":3,"name":"Car Escape Tool, Seatbelt Cutter \/ Window Breaker"}]},{"@type":"WebSite","@id":"https:\/\/safetysourcefire.ca\/#website","url":"https:\/\/safetysourcefire.ca\/","name":"Safety Source Fire","description":"","publisher":{"@id":"https:\/\/safetysourcefire.ca\/#organization"},"potentialAction":[{"@type":"SearchAction","target":{"@type":"EntryPoint","urlTemplate":"https:\/\/safetysourcefire.ca\/?s={search_term_string}"},"query-input":{"@type":"PropertyValueSpecification","valueRequired":true,"valueName":"search_term_string"}}],"inLanguage":"fr-CA"},{"@type":"Organization","@id":"https:\/\/safetysourcefire.ca\/#organization","name":"Safety Source Fire","url":"https:\/\/safetysourcefire.ca\/","logo":{"@type":"ImageObject","inLanguage":"fr-CA","@id":"https:\/\/safetysourcefire.ca\/#\/schema\/logo\/image\/","url":"https:\/\/safetysourcefire.ca\/wp-content\/uploads\/2021\/01\/SSF_logo_CC0000-3.png","contentUrl":"https:\/\/safetysourcefire.ca\/wp-content\/uploads\/2021\/01\/SSF_logo_CC0000-3.png","width":1107,"height":365,"caption":"Safety Source Fire"},"image":{"@id":"https:\/\/safetysourcefire.ca\/#\/schema\/logo\/image\/"},"sameAs":["https:\/\/www.facebook.com\/mmfssca","https:\/\/x.com\/mmfssca"]}]}},"_links":{"self":[{"href":"https:\/\/safetysourcefire.ca\/fr\/wp-json\/wp\/v2\/product\/26370","targetHints":{"allow":["GET"]}}],"collection":[{"href":"https:\/\/safetysourcefire.ca\/fr\/wp-json\/wp\/v2\/product"}],"about":[{"href":"https:\/\/safetysourcefire.ca\/fr\/wp-json\/wp\/v2\/types\/product"}],"wp:featuredmedia":[{"embeddable":true,"href":"https:\/\/safetysourcefire.ca\/fr\/wp-json\/wp\/v2\/media\/26371"}],"wp:attachment":[{"href":"https:\/\/safetysourcefire.ca\/fr\/wp-json\/wp\/v2\/media?parent=26370"}],"wp:term":[{"taxonomy":"product_brand","embeddable":true,"href":"https:\/\/safetysourcefire.ca\/fr\/wp-json\/wp\/v2\/product_brand?post=26370"},{"taxonomy":"product_cat","embeddable":true,"href":"https:\/\/safetysourcefire.ca\/fr\/wp-json\/wp\/v2\/product_cat?post=26370"},{"taxonomy":"product_tag","embeddable":true,"href":"https:\/\/safetysourcefire.ca\/fr\/wp-json\/wp\/v2\/product_tag?post=26370"}],"curies":[{"name":"wp","href":"https:\/\/api.w.org\/{rel}","templated":true}]}}