{"id":26376,"date":"2022-01-31T16:18:42","date_gmt":"2022-01-31T16:18:42","guid":{"rendered":"https:\/\/safetysourcefire.ca\/?post_type=product&#038;p=26376"},"modified":"2022-01-31T16:18:42","modified_gmt":"2022-01-31T16:18:42","slug":"fh3-fire-hose-tester-3-gpm-up-to-500-psi","status":"publish","type":"product","link":"https:\/\/safetysourcefire.ca\/fr\/produit\/fh3-fire-hose-tester-3-gpm-up-to-500-psi\/","title":{"rendered":"Testeur de tuyau d'incendie FH3 3 GPM - jusqu'\u00e0 500 PSI"},"content":{"rendered":"<p>Con\u00e7u pour tester les tuyaux d'incendie ayant jusqu'\u00e0 6\u2033 de diam\u00e8tre. Pompe \u00e0 piston en c\u00e9ramique triplex avec bain d'huile int\u00e9rieur, assurant une longue dur\u00e9e de vie et une stabilit\u00e9 accrue. Collecteur robuste avec QUATRE vannes \u00e0 bille en acier inoxydable contr\u00f4l\u00e9es ind\u00e9pendamment.<\/p>\n<p>PAS DE LIGNES SAUVAGES - unique \u00e0 la gamme de testeurs de tuyaux d'incendie RICE Hydro. Une vanne \u00e0 bille strat\u00e9giquement plac\u00e9e sur la tuyauterie d'entr\u00e9e permet \u00e0 l'utilisateur de remplir \"GRAND VOLUME \u00e0 BASSE PRESSION\" et de tester avec \"BAS VOLUME \u00e0 HAUTE PRESSION\", \u00e9liminant les \u00e9l\u00e9ments qui peuvent provoquer des lignes sauvages. Pratiquement indestructible, l'appareil est prot\u00e9g\u00e9 par une cage de protection robuste en acier soud\u00e9 de gros calibre.<\/p>\n<p>Des commandes sp\u00e9cialis\u00e9es et des options personnalis\u00e9es construites sur mesure sont disponibles pour r\u00e9pondre \u00e0 vos besoins de test sp\u00e9cifiques.<\/p>\n<ul>\n<li>3 GPM jusqu&#039;\u00e0 500 PSI<\/li>\n<li>Moteur \u00e9lectrique 1 CV, TEFC, 110\/220 V, capacit\u00e9 50 ou 60 Hertz<\/li>\n<li>Quatre vannes de sortie \u00e0 billes sph\u00e9riques avec commande ind\u00e9pendante et raccords NST<\/li>\n<li>Jauge en acier inoxydable remplie de liquide de 0 \u00e0 600 PSI (assure des lectures pr\u00e9cises)<\/li>\n<li>R\u00e9gulateur de pression r\u00e9glable de 50 \u00e0 500 PSI<\/li>\n<li>Construction robuste: la cage de protection prot\u00e8ge la pompe contre les dommages<\/li>\n<li>Roulettes de 4\u2033 \u00e0 usage moyen, roulement \u00e0 rouleaux anti-friction, roue ph\u00e9nolique Plexite<\/li>\n<li>Garantie de 5 ans contre les d\u00e9fauts du fabricant<\/li>\n<li>Poids de la pompe : 158 livres \/ Dimensions : 28 X 23 X 19 \/ Exp\u00e9dition : 175 livres<\/li>\n<li>Toutes les unit\u00e9s RICE peuvent \u00eatre construites sur mesure. Contactez l'usine pour des options de commande sp\u00e9ciale ou une construction personnalis\u00e9e qui r\u00e9ponds \u00e0 vos exigences de test sp\u00e9cifiques.<\/li>\n<\/ul>","protected":false},"excerpt":{"rendered":"<p>Une pompe de test hydrostatique \u00e9lectrique offrant 3 GPM jusqu&#039;\u00e0 500 PSI.<\/p>","protected":false},"featured_media":26377,"template":"","meta":[],"product_brand":[568],"product_cat":[44,64,65],"product_tag":[569],"class_list":{"0":"post-26376","1":"product","2":"type-product","3":"status-publish","4":"has-post-thumbnail","6":"product_brand-rice-hydro","7":"product_cat-fire-suppression","8":"product_cat-hardware-appliances-adapters","9":"product_cat-hose","10":"product_tag-rice-hydro","12":"first","13":"instock","14":"shipping-taxable","15":"product-type-simple"},"yoast_head":"<!-- This site is optimized with the Yoast SEO plugin v27.4 - https:\/\/yoast.com\/product\/yoast-seo-wordpress\/ -->\n<title>FH3 Fire Hose Tester 3 GPM up to 500 PSI - Safety Source Fire<\/title>\n<meta name=\"robots\" content=\"index, follow, max-snippet:-1, max-image-preview:large, max-video-preview:-1\" \/>\n<link rel=\"canonical\" href=\"https:\/\/safetysourcefire.ca\/fr\/produit\/fh3-fire-hose-tester-3-gpm-up-to-500-psi\/\" \/>\n<meta property=\"og:locale\" content=\"fr_CA\" \/>\n<meta property=\"og:type\" content=\"article\" \/>\n<meta property=\"og:title\" content=\"FH3 Fire Hose Tester 3 GPM up to 500 PSI - Safety Source Fire\" \/>\n<meta property=\"og:description\" content=\"An electric powered hydrostatic test pump offering 3 GPM up to 500 PSI.\" \/>\n<meta property=\"og:url\" content=\"https:\/\/safetysourcefire.ca\/fr\/produit\/fh3-fire-hose-tester-3-gpm-up-to-500-psi\/\" \/>\n<meta property=\"og:site_name\" content=\"Safety Source Fire\" \/>\n<meta property=\"article:publisher\" content=\"https:\/\/www.facebook.com\/mmfssca\" \/>\n<meta property=\"og:image\" content=\"https:\/\/safetysourcefire.ca\/wp-content\/uploads\/2022\/01\/FH-3-800x800-1.jpg\" \/>\n\t<meta property=\"og:image:width\" content=\"600\" \/>\n\t<meta property=\"og:image:height\" content=\"600\" \/>\n\t<meta property=\"og:image:type\" content=\"image\/jpeg\" \/>\n<meta name=\"twitter:card\" content=\"summary_large_image\" \/>\n<meta name=\"twitter:site\" content=\"@mmfssca\" \/>\n<meta name=\"twitter:label1\" content=\"Estimation du temps de lecture\" \/>\n\t<meta name=\"twitter:data1\" content=\"1 minute\" \/>\n<script type=\"application\/ld+json\" class=\"yoast-schema-graph\">{\"@context\":\"https:\\\/\\\/schema.org\",\"@graph\":[{\"@type\":\"WebPage\",\"@id\":\"https:\\\/\\\/safetysourcefire.ca\\\/product\\\/fh3-fire-hose-tester-3-gpm-up-to-500-psi\\\/\",\"url\":\"https:\\\/\\\/safetysourcefire.ca\\\/product\\\/fh3-fire-hose-tester-3-gpm-up-to-500-psi\\\/\",\"name\":\"FH3 Fire Hose Tester 3 GPM up to 500 PSI - Safety Source Fire\",\"isPartOf\":{\"@id\":\"https:\\\/\\\/safetysourcefire.ca\\\/#website\"},\"primaryImageOfPage\":{\"@id\":\"https:\\\/\\\/safetysourcefire.ca\\\/product\\\/fh3-fire-hose-tester-3-gpm-up-to-500-psi\\\/#primaryimage\"},\"image\":{\"@id\":\"https:\\\/\\\/safetysourcefire.ca\\\/product\\\/fh3-fire-hose-tester-3-gpm-up-to-500-psi\\\/#primaryimage\"},\"thumbnailUrl\":\"https:\\\/\\\/safetysourcefire.ca\\\/wp-content\\\/uploads\\\/2022\\\/01\\\/FH-3-800x800-1.jpg\",\"datePublished\":\"2022-01-31T16:18:42+00:00\",\"breadcrumb\":{\"@id\":\"https:\\\/\\\/safetysourcefire.ca\\\/product\\\/fh3-fire-hose-tester-3-gpm-up-to-500-psi\\\/#breadcrumb\"},\"inLanguage\":\"fr-CA\",\"potentialAction\":[{\"@type\":\"ReadAction\",\"target\":[\"https:\\\/\\\/safetysourcefire.ca\\\/product\\\/fh3-fire-hose-tester-3-gpm-up-to-500-psi\\\/\"]}]},{\"@type\":\"ImageObject\",\"inLanguage\":\"fr-CA\",\"@id\":\"https:\\\/\\\/safetysourcefire.ca\\\/product\\\/fh3-fire-hose-tester-3-gpm-up-to-500-psi\\\/#primaryimage\",\"url\":\"https:\\\/\\\/safetysourcefire.ca\\\/wp-content\\\/uploads\\\/2022\\\/01\\\/FH-3-800x800-1.jpg\",\"contentUrl\":\"https:\\\/\\\/safetysourcefire.ca\\\/wp-content\\\/uploads\\\/2022\\\/01\\\/FH-3-800x800-1.jpg\",\"width\":600,\"height\":600,\"caption\":\"hose tester\"},{\"@type\":\"BreadcrumbList\",\"@id\":\"https:\\\/\\\/safetysourcefire.ca\\\/product\\\/fh3-fire-hose-tester-3-gpm-up-to-500-psi\\\/#breadcrumb\",\"itemListElement\":[{\"@type\":\"ListItem\",\"position\":1,\"name\":\"Home\",\"item\":\"https:\\\/\\\/safetysourcefire.ca\\\/\"},{\"@type\":\"ListItem\",\"position\":2,\"name\":\"Products\",\"item\":\"https:\\\/\\\/safetysourcefire.ca\\\/shop\\\/\"},{\"@type\":\"ListItem\",\"position\":3,\"name\":\"FH3 Fire Hose Tester 3 GPM up to 500 PSI\"}]},{\"@type\":\"WebSite\",\"@id\":\"https:\\\/\\\/safetysourcefire.ca\\\/#website\",\"url\":\"https:\\\/\\\/safetysourcefire.ca\\\/\",\"name\":\"Safety Source Fire\",\"description\":\"\",\"publisher\":{\"@id\":\"https:\\\/\\\/safetysourcefire.ca\\\/#organization\"},\"potentialAction\":[{\"@type\":\"SearchAction\",\"target\":{\"@type\":\"EntryPoint\",\"urlTemplate\":\"https:\\\/\\\/safetysourcefire.ca\\\/?s={search_term_string}\"},\"query-input\":{\"@type\":\"PropertyValueSpecification\",\"valueRequired\":true,\"valueName\":\"search_term_string\"}}],\"inLanguage\":\"fr-CA\"},{\"@type\":\"Organization\",\"@id\":\"https:\\\/\\\/safetysourcefire.ca\\\/#organization\",\"name\":\"Safety Source Fire\",\"url\":\"https:\\\/\\\/safetysourcefire.ca\\\/\",\"logo\":{\"@type\":\"ImageObject\",\"inLanguage\":\"fr-CA\",\"@id\":\"https:\\\/\\\/safetysourcefire.ca\\\/#\\\/schema\\\/logo\\\/image\\\/\",\"url\":\"https:\\\/\\\/safetysourcefire.ca\\\/wp-content\\\/uploads\\\/2021\\\/01\\\/SSF_logo_CC0000-3.png\",\"contentUrl\":\"https:\\\/\\\/safetysourcefire.ca\\\/wp-content\\\/uploads\\\/2021\\\/01\\\/SSF_logo_CC0000-3.png\",\"width\":1107,\"height\":365,\"caption\":\"Safety Source Fire\"},\"image\":{\"@id\":\"https:\\\/\\\/safetysourcefire.ca\\\/#\\\/schema\\\/logo\\\/image\\\/\"},\"sameAs\":[\"https:\\\/\\\/www.facebook.com\\\/mmfssca\",\"https:\\\/\\\/x.com\\\/mmfssca\"]}]}<\/script>\n<!-- \/ Yoast SEO plugin. -->","yoast_head_json":{"title":"Testeur de tuyau d&#039;incendie FH3 (3 GPM jusqu&#039;\u00e0 500 PSI) - Safety Source Fire","robots":{"index":"index","follow":"follow","max-snippet":"max-snippet:-1","max-image-preview":"max-image-preview:large","max-video-preview":"max-video-preview:-1"},"canonical":"https:\/\/safetysourcefire.ca\/fr\/produit\/fh3-fire-hose-tester-3-gpm-up-to-500-psi\/","og_locale":"fr_CA","og_type":"article","og_title":"FH3 Fire Hose Tester 3 GPM up to 500 PSI - Safety Source Fire","og_description":"An electric powered hydrostatic test pump offering 3 GPM up to 500 PSI.","og_url":"https:\/\/safetysourcefire.ca\/fr\/produit\/fh3-fire-hose-tester-3-gpm-up-to-500-psi\/","og_site_name":"Safety Source Fire","article_publisher":"https:\/\/www.facebook.com\/mmfssca","og_image":[{"width":600,"height":600,"url":"https:\/\/safetysourcefire.ca\/wp-content\/uploads\/2022\/01\/FH-3-800x800-1.jpg","type":"image\/jpeg"}],"twitter_card":"summary_large_image","twitter_site":"@mmfssca","twitter_misc":{"Estimation du temps de lecture":"1 minute"},"schema":{"@context":"https:\/\/schema.org","@graph":[{"@type":"WebPage","@id":"https:\/\/safetysourcefire.ca\/product\/fh3-fire-hose-tester-3-gpm-up-to-500-psi\/","url":"https:\/\/safetysourcefire.ca\/product\/fh3-fire-hose-tester-3-gpm-up-to-500-psi\/","name":"Testeur de tuyau d&#039;incendie FH3 (3 GPM jusqu&#039;\u00e0 500 PSI) - Safety Source Fire","isPartOf":{"@id":"https:\/\/safetysourcefire.ca\/#website"},"primaryImageOfPage":{"@id":"https:\/\/safetysourcefire.ca\/product\/fh3-fire-hose-tester-3-gpm-up-to-500-psi\/#primaryimage"},"image":{"@id":"https:\/\/safetysourcefire.ca\/product\/fh3-fire-hose-tester-3-gpm-up-to-500-psi\/#primaryimage"},"thumbnailUrl":"https:\/\/safetysourcefire.ca\/wp-content\/uploads\/2022\/01\/FH-3-800x800-1.jpg","datePublished":"2022-01-31T16:18:42+00:00","breadcrumb":{"@id":"https:\/\/safetysourcefire.ca\/product\/fh3-fire-hose-tester-3-gpm-up-to-500-psi\/#breadcrumb"},"inLanguage":"fr-CA","potentialAction":[{"@type":"ReadAction","target":["https:\/\/safetysourcefire.ca\/product\/fh3-fire-hose-tester-3-gpm-up-to-500-psi\/"]}]},{"@type":"ImageObject","inLanguage":"fr-CA","@id":"https:\/\/safetysourcefire.ca\/product\/fh3-fire-hose-tester-3-gpm-up-to-500-psi\/#primaryimage","url":"https:\/\/safetysourcefire.ca\/wp-content\/uploads\/2022\/01\/FH-3-800x800-1.jpg","contentUrl":"https:\/\/safetysourcefire.ca\/wp-content\/uploads\/2022\/01\/FH-3-800x800-1.jpg","width":600,"height":600,"caption":"hose tester"},{"@type":"BreadcrumbList","@id":"https:\/\/safetysourcefire.ca\/product\/fh3-fire-hose-tester-3-gpm-up-to-500-psi\/#breadcrumb","itemListElement":[{"@type":"ListItem","position":1,"name":"Home","item":"https:\/\/safetysourcefire.ca\/"},{"@type":"ListItem","position":2,"name":"Products","item":"https:\/\/safetysourcefire.ca\/shop\/"},{"@type":"ListItem","position":3,"name":"FH3 Fire Hose Tester 3 GPM up to 500 PSI"}]},{"@type":"WebSite","@id":"https:\/\/safetysourcefire.ca\/#website","url":"https:\/\/safetysourcefire.ca\/","name":"Safety Source Fire","description":"","publisher":{"@id":"https:\/\/safetysourcefire.ca\/#organization"},"potentialAction":[{"@type":"SearchAction","target":{"@type":"EntryPoint","urlTemplate":"https:\/\/safetysourcefire.ca\/?s={search_term_string}"},"query-input":{"@type":"PropertyValueSpecification","valueRequired":true,"valueName":"search_term_string"}}],"inLanguage":"fr-CA"},{"@type":"Organization","@id":"https:\/\/safetysourcefire.ca\/#organization","name":"Safety Source Fire","url":"https:\/\/safetysourcefire.ca\/","logo":{"@type":"ImageObject","inLanguage":"fr-CA","@id":"https:\/\/safetysourcefire.ca\/#\/schema\/logo\/image\/","url":"https:\/\/safetysourcefire.ca\/wp-content\/uploads\/2021\/01\/SSF_logo_CC0000-3.png","contentUrl":"https:\/\/safetysourcefire.ca\/wp-content\/uploads\/2021\/01\/SSF_logo_CC0000-3.png","width":1107,"height":365,"caption":"Safety Source Fire"},"image":{"@id":"https:\/\/safetysourcefire.ca\/#\/schema\/logo\/image\/"},"sameAs":["https:\/\/www.facebook.com\/mmfssca","https:\/\/x.com\/mmfssca"]}]}},"_links":{"self":[{"href":"https:\/\/safetysourcefire.ca\/fr\/wp-json\/wp\/v2\/product\/26376","targetHints":{"allow":["GET"]}}],"collection":[{"href":"https:\/\/safetysourcefire.ca\/fr\/wp-json\/wp\/v2\/product"}],"about":[{"href":"https:\/\/safetysourcefire.ca\/fr\/wp-json\/wp\/v2\/types\/product"}],"wp:featuredmedia":[{"embeddable":true,"href":"https:\/\/safetysourcefire.ca\/fr\/wp-json\/wp\/v2\/media\/26377"}],"wp:attachment":[{"href":"https:\/\/safetysourcefire.ca\/fr\/wp-json\/wp\/v2\/media?parent=26376"}],"wp:term":[{"taxonomy":"product_brand","embeddable":true,"href":"https:\/\/safetysourcefire.ca\/fr\/wp-json\/wp\/v2\/product_brand?post=26376"},{"taxonomy":"product_cat","embeddable":true,"href":"https:\/\/safetysourcefire.ca\/fr\/wp-json\/wp\/v2\/product_cat?post=26376"},{"taxonomy":"product_tag","embeddable":true,"href":"https:\/\/safetysourcefire.ca\/fr\/wp-json\/wp\/v2\/product_tag?post=26376"}],"curies":[{"name":"wp","href":"https:\/\/api.w.org\/{rel}","templated":true}]}}