{"id":26382,"date":"2022-01-31T16:45:21","date_gmt":"2022-01-31T16:45:21","guid":{"rendered":"https:\/\/safetysourcefire.ca\/?post_type=product&#038;p=26382"},"modified":"2022-01-31T16:52:44","modified_gmt":"2022-01-31T16:52:44","slug":"engine-kits-auto-x-crib-kits","status":"publish","type":"product","link":"https:\/\/safetysourcefire.ca\/fr\/produit\/engine-kits-auto-x-crib-kits\/","title":{"rendered":"Ensembles Auto X"},"content":{"rendered":"<p>Nous avons travaill\u00e9 avec des entra\u00eeneurs d'incendie ainsi que nos clients afin de cr\u00e9er diff\u00e9rentes combinaisons d'articles Dura Crib\/Dura Stat. Vous pouvez maintenant choisir entre six trousses d'extraction automatique complets diff\u00e9rents. Remplacez le bois sale et dangereux avec ces produits d'ing\u00e9nierie qui sont lavables, r\u00e9sistant \u00e0 la charge et toujours pr\u00eats pour d\u00e9ploiement rapide. Tous les ensemble Auto X seront envoy\u00e9s avec des articles bonus gratuits. Tous nos produits sont lavables et peuvent \u00eatre facilement d\u00e9contamin\u00e9s. L'image ci-dessus vous d\u00e9montre le contenu de l'ensemble B.<\/p>","protected":false},"excerpt":{"rendered":"<p>Nos ensembles les plus populaires chez les caserne de pompiers de toute les tailles.<\/p>","protected":false},"featured_media":26383,"template":"","meta":[],"product_brand":[571],"product_cat":[51,133],"product_tag":[572],"class_list":{"0":"post-26382","1":"product","2":"type-product","3":"status-publish","4":"has-post-thumbnail","6":"product_brand-turtle-plastics","7":"product_cat-rescue","8":"product_cat-stabilization-shoring","9":"product_tag-turtle-plastics","11":"first","12":"instock","13":"shipping-taxable","14":"product-type-simple"},"yoast_head":"<!-- This site is optimized with the Yoast SEO plugin v27.4 - https:\/\/yoast.com\/product\/yoast-seo-wordpress\/ -->\n<title>Engine Kits - Auto X Crib Kits - Safety Source Fire<\/title>\n<meta name=\"robots\" content=\"index, follow, max-snippet:-1, max-image-preview:large, max-video-preview:-1\" \/>\n<link rel=\"canonical\" href=\"https:\/\/safetysourcefire.ca\/fr\/produit\/engine-kits-auto-x-crib-kits\/\" \/>\n<meta property=\"og:locale\" content=\"fr_CA\" \/>\n<meta property=\"og:type\" content=\"article\" \/>\n<meta property=\"og:title\" content=\"Engine Kits - Auto X Crib Kits - Safety Source Fire\" \/>\n<meta property=\"og:description\" content=\"Our most popular kits for any sized fire station.\" \/>\n<meta property=\"og:url\" content=\"https:\/\/safetysourcefire.ca\/fr\/produit\/engine-kits-auto-x-crib-kits\/\" \/>\n<meta property=\"og:site_name\" content=\"Safety Source Fire\" \/>\n<meta property=\"article:publisher\" content=\"https:\/\/www.facebook.com\/mmfssca\" \/>\n<meta property=\"article:modified_time\" content=\"2022-01-31T16:52:44+00:00\" \/>\n<meta property=\"og:image\" content=\"https:\/\/safetysourcefire.ca\/wp-content\/uploads\/2022\/01\/AUTO-X-TOOL-KIT-B-RESCUE-EQUIPMENT-KITS-with-bag-clear-background.jpg\" \/>\n\t<meta property=\"og:image:width\" content=\"600\" \/>\n\t<meta property=\"og:image:height\" content=\"600\" \/>\n\t<meta property=\"og:image:type\" content=\"image\/jpeg\" \/>\n<meta name=\"twitter:card\" content=\"summary_large_image\" \/>\n<meta name=\"twitter:site\" content=\"@mmfssca\" \/>\n<script type=\"application\/ld+json\" class=\"yoast-schema-graph\">{\"@context\":\"https:\\\/\\\/schema.org\",\"@graph\":[{\"@type\":\"WebPage\",\"@id\":\"https:\\\/\\\/safetysourcefire.ca\\\/product\\\/engine-kits-auto-x-crib-kits\\\/\",\"url\":\"https:\\\/\\\/safetysourcefire.ca\\\/product\\\/engine-kits-auto-x-crib-kits\\\/\",\"name\":\"Engine Kits - Auto X Crib Kits - Safety Source Fire\",\"isPartOf\":{\"@id\":\"https:\\\/\\\/safetysourcefire.ca\\\/#website\"},\"primaryImageOfPage\":{\"@id\":\"https:\\\/\\\/safetysourcefire.ca\\\/product\\\/engine-kits-auto-x-crib-kits\\\/#primaryimage\"},\"image\":{\"@id\":\"https:\\\/\\\/safetysourcefire.ca\\\/product\\\/engine-kits-auto-x-crib-kits\\\/#primaryimage\"},\"thumbnailUrl\":\"https:\\\/\\\/safetysourcefire.ca\\\/wp-content\\\/uploads\\\/2022\\\/01\\\/AUTO-X-TOOL-KIT-B-RESCUE-EQUIPMENT-KITS-with-bag-clear-background.jpg\",\"datePublished\":\"2022-01-31T16:45:21+00:00\",\"dateModified\":\"2022-01-31T16:52:44+00:00\",\"breadcrumb\":{\"@id\":\"https:\\\/\\\/safetysourcefire.ca\\\/product\\\/engine-kits-auto-x-crib-kits\\\/#breadcrumb\"},\"inLanguage\":\"fr-CA\",\"potentialAction\":[{\"@type\":\"ReadAction\",\"target\":[\"https:\\\/\\\/safetysourcefire.ca\\\/product\\\/engine-kits-auto-x-crib-kits\\\/\"]}]},{\"@type\":\"ImageObject\",\"inLanguage\":\"fr-CA\",\"@id\":\"https:\\\/\\\/safetysourcefire.ca\\\/product\\\/engine-kits-auto-x-crib-kits\\\/#primaryimage\",\"url\":\"https:\\\/\\\/safetysourcefire.ca\\\/wp-content\\\/uploads\\\/2022\\\/01\\\/AUTO-X-TOOL-KIT-B-RESCUE-EQUIPMENT-KITS-with-bag-clear-background.jpg\",\"contentUrl\":\"https:\\\/\\\/safetysourcefire.ca\\\/wp-content\\\/uploads\\\/2022\\\/01\\\/AUTO-X-TOOL-KIT-B-RESCUE-EQUIPMENT-KITS-with-bag-clear-background.jpg\",\"width\":600,\"height\":600,\"caption\":\"kit\"},{\"@type\":\"BreadcrumbList\",\"@id\":\"https:\\\/\\\/safetysourcefire.ca\\\/product\\\/engine-kits-auto-x-crib-kits\\\/#breadcrumb\",\"itemListElement\":[{\"@type\":\"ListItem\",\"position\":1,\"name\":\"Home\",\"item\":\"https:\\\/\\\/safetysourcefire.ca\\\/\"},{\"@type\":\"ListItem\",\"position\":2,\"name\":\"Products\",\"item\":\"https:\\\/\\\/safetysourcefire.ca\\\/shop\\\/\"},{\"@type\":\"ListItem\",\"position\":3,\"name\":\"Engine Kits &#8211; Auto X Crib Kits\"}]},{\"@type\":\"WebSite\",\"@id\":\"https:\\\/\\\/safetysourcefire.ca\\\/#website\",\"url\":\"https:\\\/\\\/safetysourcefire.ca\\\/\",\"name\":\"Safety Source Fire\",\"description\":\"\",\"publisher\":{\"@id\":\"https:\\\/\\\/safetysourcefire.ca\\\/#organization\"},\"potentialAction\":[{\"@type\":\"SearchAction\",\"target\":{\"@type\":\"EntryPoint\",\"urlTemplate\":\"https:\\\/\\\/safetysourcefire.ca\\\/?s={search_term_string}\"},\"query-input\":{\"@type\":\"PropertyValueSpecification\",\"valueRequired\":true,\"valueName\":\"search_term_string\"}}],\"inLanguage\":\"fr-CA\"},{\"@type\":\"Organization\",\"@id\":\"https:\\\/\\\/safetysourcefire.ca\\\/#organization\",\"name\":\"Safety Source Fire\",\"url\":\"https:\\\/\\\/safetysourcefire.ca\\\/\",\"logo\":{\"@type\":\"ImageObject\",\"inLanguage\":\"fr-CA\",\"@id\":\"https:\\\/\\\/safetysourcefire.ca\\\/#\\\/schema\\\/logo\\\/image\\\/\",\"url\":\"https:\\\/\\\/safetysourcefire.ca\\\/wp-content\\\/uploads\\\/2021\\\/01\\\/SSF_logo_CC0000-3.png\",\"contentUrl\":\"https:\\\/\\\/safetysourcefire.ca\\\/wp-content\\\/uploads\\\/2021\\\/01\\\/SSF_logo_CC0000-3.png\",\"width\":1107,\"height\":365,\"caption\":\"Safety Source Fire\"},\"image\":{\"@id\":\"https:\\\/\\\/safetysourcefire.ca\\\/#\\\/schema\\\/logo\\\/image\\\/\"},\"sameAs\":[\"https:\\\/\\\/www.facebook.com\\\/mmfssca\",\"https:\\\/\\\/x.com\\\/mmfssca\"]}]}<\/script>\n<!-- \/ Yoast SEO plugin. -->","yoast_head_json":{"title":"Kits moteur - Kits Auto X Crib - Safety Source Fire","robots":{"index":"index","follow":"follow","max-snippet":"max-snippet:-1","max-image-preview":"max-image-preview:large","max-video-preview":"max-video-preview:-1"},"canonical":"https:\/\/safetysourcefire.ca\/fr\/produit\/engine-kits-auto-x-crib-kits\/","og_locale":"fr_CA","og_type":"article","og_title":"Engine Kits - Auto X Crib Kits - Safety Source Fire","og_description":"Our most popular kits for any sized fire station.","og_url":"https:\/\/safetysourcefire.ca\/fr\/produit\/engine-kits-auto-x-crib-kits\/","og_site_name":"Safety Source Fire","article_publisher":"https:\/\/www.facebook.com\/mmfssca","article_modified_time":"2022-01-31T16:52:44+00:00","og_image":[{"width":600,"height":600,"url":"https:\/\/safetysourcefire.ca\/wp-content\/uploads\/2022\/01\/AUTO-X-TOOL-KIT-B-RESCUE-EQUIPMENT-KITS-with-bag-clear-background.jpg","type":"image\/jpeg"}],"twitter_card":"summary_large_image","twitter_site":"@mmfssca","schema":{"@context":"https:\/\/schema.org","@graph":[{"@type":"WebPage","@id":"https:\/\/safetysourcefire.ca\/product\/engine-kits-auto-x-crib-kits\/","url":"https:\/\/safetysourcefire.ca\/product\/engine-kits-auto-x-crib-kits\/","name":"Kits moteur - Kits Auto X Crib - Safety Source Fire","isPartOf":{"@id":"https:\/\/safetysourcefire.ca\/#website"},"primaryImageOfPage":{"@id":"https:\/\/safetysourcefire.ca\/product\/engine-kits-auto-x-crib-kits\/#primaryimage"},"image":{"@id":"https:\/\/safetysourcefire.ca\/product\/engine-kits-auto-x-crib-kits\/#primaryimage"},"thumbnailUrl":"https:\/\/safetysourcefire.ca\/wp-content\/uploads\/2022\/01\/AUTO-X-TOOL-KIT-B-RESCUE-EQUIPMENT-KITS-with-bag-clear-background.jpg","datePublished":"2022-01-31T16:45:21+00:00","dateModified":"2022-01-31T16:52:44+00:00","breadcrumb":{"@id":"https:\/\/safetysourcefire.ca\/product\/engine-kits-auto-x-crib-kits\/#breadcrumb"},"inLanguage":"fr-CA","potentialAction":[{"@type":"ReadAction","target":["https:\/\/safetysourcefire.ca\/product\/engine-kits-auto-x-crib-kits\/"]}]},{"@type":"ImageObject","inLanguage":"fr-CA","@id":"https:\/\/safetysourcefire.ca\/product\/engine-kits-auto-x-crib-kits\/#primaryimage","url":"https:\/\/safetysourcefire.ca\/wp-content\/uploads\/2022\/01\/AUTO-X-TOOL-KIT-B-RESCUE-EQUIPMENT-KITS-with-bag-clear-background.jpg","contentUrl":"https:\/\/safetysourcefire.ca\/wp-content\/uploads\/2022\/01\/AUTO-X-TOOL-KIT-B-RESCUE-EQUIPMENT-KITS-with-bag-clear-background.jpg","width":600,"height":600,"caption":"kit"},{"@type":"BreadcrumbList","@id":"https:\/\/safetysourcefire.ca\/product\/engine-kits-auto-x-crib-kits\/#breadcrumb","itemListElement":[{"@type":"ListItem","position":1,"name":"Home","item":"https:\/\/safetysourcefire.ca\/"},{"@type":"ListItem","position":2,"name":"Products","item":"https:\/\/safetysourcefire.ca\/shop\/"},{"@type":"ListItem","position":3,"name":"Engine Kits &#8211; Auto X Crib Kits"}]},{"@type":"WebSite","@id":"https:\/\/safetysourcefire.ca\/#website","url":"https:\/\/safetysourcefire.ca\/","name":"Safety Source Fire","description":"","publisher":{"@id":"https:\/\/safetysourcefire.ca\/#organization"},"potentialAction":[{"@type":"SearchAction","target":{"@type":"EntryPoint","urlTemplate":"https:\/\/safetysourcefire.ca\/?s={search_term_string}"},"query-input":{"@type":"PropertyValueSpecification","valueRequired":true,"valueName":"search_term_string"}}],"inLanguage":"fr-CA"},{"@type":"Organization","@id":"https:\/\/safetysourcefire.ca\/#organization","name":"Safety Source Fire","url":"https:\/\/safetysourcefire.ca\/","logo":{"@type":"ImageObject","inLanguage":"fr-CA","@id":"https:\/\/safetysourcefire.ca\/#\/schema\/logo\/image\/","url":"https:\/\/safetysourcefire.ca\/wp-content\/uploads\/2021\/01\/SSF_logo_CC0000-3.png","contentUrl":"https:\/\/safetysourcefire.ca\/wp-content\/uploads\/2021\/01\/SSF_logo_CC0000-3.png","width":1107,"height":365,"caption":"Safety Source Fire"},"image":{"@id":"https:\/\/safetysourcefire.ca\/#\/schema\/logo\/image\/"},"sameAs":["https:\/\/www.facebook.com\/mmfssca","https:\/\/x.com\/mmfssca"]}]}},"_links":{"self":[{"href":"https:\/\/safetysourcefire.ca\/fr\/wp-json\/wp\/v2\/product\/26382","targetHints":{"allow":["GET"]}}],"collection":[{"href":"https:\/\/safetysourcefire.ca\/fr\/wp-json\/wp\/v2\/product"}],"about":[{"href":"https:\/\/safetysourcefire.ca\/fr\/wp-json\/wp\/v2\/types\/product"}],"wp:featuredmedia":[{"embeddable":true,"href":"https:\/\/safetysourcefire.ca\/fr\/wp-json\/wp\/v2\/media\/26383"}],"wp:attachment":[{"href":"https:\/\/safetysourcefire.ca\/fr\/wp-json\/wp\/v2\/media?parent=26382"}],"wp:term":[{"taxonomy":"product_brand","embeddable":true,"href":"https:\/\/safetysourcefire.ca\/fr\/wp-json\/wp\/v2\/product_brand?post=26382"},{"taxonomy":"product_cat","embeddable":true,"href":"https:\/\/safetysourcefire.ca\/fr\/wp-json\/wp\/v2\/product_cat?post=26382"},{"taxonomy":"product_tag","embeddable":true,"href":"https:\/\/safetysourcefire.ca\/fr\/wp-json\/wp\/v2\/product_tag?post=26382"}],"curies":[{"name":"wp","href":"https:\/\/api.w.org\/{rel}","templated":true}]}}