{"id":26407,"date":"2022-02-07T16:08:30","date_gmt":"2022-02-07T16:08:30","guid":{"rendered":"https:\/\/safetysourcefire.ca\/?post_type=product&#038;p=26407"},"modified":"2022-02-07T16:38:55","modified_gmt":"2022-02-07T16:38:55","slug":"hose-cord-and-cable-reels","status":"publish","type":"product","link":"https:\/\/safetysourcefire.ca\/fr\/produit\/hose-cord-and-cable-reels\/","title":{"rendered":"Tuyaux, cordons et enrouleurs de c\u00e2bles"},"content":{"rendered":"<p>L'objectif principal de Reelcraft est de vous fournir des produits durables et de qualit\u00e9 qui rendent les tuyaux, les cordons et les c\u00e2bles plus productifs, les gardent facilement accessibles et les font durer plus longtemps. Travaillez plus intelligemment avec la gamme compl\u00e8te d'enrouleurs de tuyaux, de cordons et de c\u00e2bles \u00e0 ressort, \u00e0 moteur et \u00e0 manivelle de Reelcraft.<\/p>\n<p><a href=\"https:\/\/www.reelcraft.com\/wp-content\/uploads\/reelcraft_catalog.pdf\">Cliquez ici pour t\u00e9l\u00e9charger l&#039;int\u00e9gralit\u00e9 du catalogue Reelcraft (8,0 Mo)<\/a><\/p>","protected":false},"excerpt":{"rendered":"<p>Reelcraft un chef de file mondial dans la fabicration d'enrouleurs de tuyaux, de cordons et de c\u00e2bles pour les applications industrielles, commerciales et professionnelles.<\/p>","protected":false},"featured_media":26408,"template":"","meta":[],"product_brand":[578],"product_cat":[44,51,181],"product_tag":[585],"class_list":{"0":"post-26407","1":"product","2":"type-product","3":"status-publish","4":"has-post-thumbnail","6":"product_brand-reelcraft","7":"product_cat-fire-suppression","8":"product_cat-rescue","9":"product_cat-storage","10":"product_tag-reelcraft","12":"first","13":"instock","14":"shipping-taxable","15":"product-type-simple"},"yoast_head":"<!-- This site is optimized with the Yoast SEO plugin v27.4 - https:\/\/yoast.com\/product\/yoast-seo-wordpress\/ -->\n<title>Hose, Cord and Cable Reels - Safety Source Fire<\/title>\n<meta name=\"robots\" content=\"index, follow, max-snippet:-1, max-image-preview:large, max-video-preview:-1\" \/>\n<link rel=\"canonical\" href=\"https:\/\/safetysourcefire.ca\/fr\/produit\/hose-cord-and-cable-reels\/\" \/>\n<meta property=\"og:locale\" content=\"fr_CA\" \/>\n<meta property=\"og:type\" content=\"article\" \/>\n<meta property=\"og:title\" content=\"Hose, Cord and Cable Reels - Safety Source Fire\" \/>\n<meta property=\"og:description\" content=\"Reelcraft is the leading global manufacturer of the widest range of hose, cord and cable reels for industrial, commercial and professional applications.\" \/>\n<meta property=\"og:url\" content=\"https:\/\/safetysourcefire.ca\/fr\/produit\/hose-cord-and-cable-reels\/\" \/>\n<meta property=\"og:site_name\" content=\"Safety Source Fire\" \/>\n<meta property=\"article:publisher\" content=\"https:\/\/www.facebook.com\/mmfssca\" \/>\n<meta property=\"article:modified_time\" content=\"2022-02-07T16:38:55+00:00\" \/>\n<meta property=\"og:image\" content=\"https:\/\/safetysourcefire.ca\/wp-content\/uploads\/2022\/02\/reelcraft_catalog-1.jpg\" \/>\n\t<meta property=\"og:image:width\" content=\"600\" \/>\n\t<meta property=\"og:image:height\" content=\"600\" \/>\n\t<meta property=\"og:image:type\" content=\"image\/jpeg\" \/>\n<meta name=\"twitter:card\" content=\"summary_large_image\" \/>\n<meta name=\"twitter:site\" content=\"@mmfssca\" \/>\n<meta name=\"twitter:label1\" content=\"Estimation du temps de lecture\" \/>\n\t<meta name=\"twitter:data1\" content=\"1 minute\" \/>\n<script type=\"application\/ld+json\" class=\"yoast-schema-graph\">{\"@context\":\"https:\\\/\\\/schema.org\",\"@graph\":[{\"@type\":\"WebPage\",\"@id\":\"https:\\\/\\\/safetysourcefire.ca\\\/product\\\/hose-cord-and-cable-reels\\\/\",\"url\":\"https:\\\/\\\/safetysourcefire.ca\\\/product\\\/hose-cord-and-cable-reels\\\/\",\"name\":\"Hose, Cord and Cable Reels - Safety Source Fire\",\"isPartOf\":{\"@id\":\"https:\\\/\\\/safetysourcefire.ca\\\/#website\"},\"primaryImageOfPage\":{\"@id\":\"https:\\\/\\\/safetysourcefire.ca\\\/product\\\/hose-cord-and-cable-reels\\\/#primaryimage\"},\"image\":{\"@id\":\"https:\\\/\\\/safetysourcefire.ca\\\/product\\\/hose-cord-and-cable-reels\\\/#primaryimage\"},\"thumbnailUrl\":\"https:\\\/\\\/safetysourcefire.ca\\\/wp-content\\\/uploads\\\/2022\\\/02\\\/reelcraft_catalog-1.jpg\",\"datePublished\":\"2022-02-07T16:08:30+00:00\",\"dateModified\":\"2022-02-07T16:38:55+00:00\",\"breadcrumb\":{\"@id\":\"https:\\\/\\\/safetysourcefire.ca\\\/product\\\/hose-cord-and-cable-reels\\\/#breadcrumb\"},\"inLanguage\":\"fr-CA\",\"potentialAction\":[{\"@type\":\"ReadAction\",\"target\":[\"https:\\\/\\\/safetysourcefire.ca\\\/product\\\/hose-cord-and-cable-reels\\\/\"]}]},{\"@type\":\"ImageObject\",\"inLanguage\":\"fr-CA\",\"@id\":\"https:\\\/\\\/safetysourcefire.ca\\\/product\\\/hose-cord-and-cable-reels\\\/#primaryimage\",\"url\":\"https:\\\/\\\/safetysourcefire.ca\\\/wp-content\\\/uploads\\\/2022\\\/02\\\/reelcraft_catalog-1.jpg\",\"contentUrl\":\"https:\\\/\\\/safetysourcefire.ca\\\/wp-content\\\/uploads\\\/2022\\\/02\\\/reelcraft_catalog-1.jpg\",\"width\":600,\"height\":600,\"caption\":\"catalog cover\"},{\"@type\":\"BreadcrumbList\",\"@id\":\"https:\\\/\\\/safetysourcefire.ca\\\/product\\\/hose-cord-and-cable-reels\\\/#breadcrumb\",\"itemListElement\":[{\"@type\":\"ListItem\",\"position\":1,\"name\":\"Home\",\"item\":\"https:\\\/\\\/safetysourcefire.ca\\\/\"},{\"@type\":\"ListItem\",\"position\":2,\"name\":\"Products\",\"item\":\"https:\\\/\\\/safetysourcefire.ca\\\/shop\\\/\"},{\"@type\":\"ListItem\",\"position\":3,\"name\":\"Hose, Cord and Cable Reels\"}]},{\"@type\":\"WebSite\",\"@id\":\"https:\\\/\\\/safetysourcefire.ca\\\/#website\",\"url\":\"https:\\\/\\\/safetysourcefire.ca\\\/\",\"name\":\"Safety Source Fire\",\"description\":\"\",\"publisher\":{\"@id\":\"https:\\\/\\\/safetysourcefire.ca\\\/#organization\"},\"potentialAction\":[{\"@type\":\"SearchAction\",\"target\":{\"@type\":\"EntryPoint\",\"urlTemplate\":\"https:\\\/\\\/safetysourcefire.ca\\\/?s={search_term_string}\"},\"query-input\":{\"@type\":\"PropertyValueSpecification\",\"valueRequired\":true,\"valueName\":\"search_term_string\"}}],\"inLanguage\":\"fr-CA\"},{\"@type\":\"Organization\",\"@id\":\"https:\\\/\\\/safetysourcefire.ca\\\/#organization\",\"name\":\"Safety Source Fire\",\"url\":\"https:\\\/\\\/safetysourcefire.ca\\\/\",\"logo\":{\"@type\":\"ImageObject\",\"inLanguage\":\"fr-CA\",\"@id\":\"https:\\\/\\\/safetysourcefire.ca\\\/#\\\/schema\\\/logo\\\/image\\\/\",\"url\":\"https:\\\/\\\/safetysourcefire.ca\\\/wp-content\\\/uploads\\\/2021\\\/01\\\/SSF_logo_CC0000-3.png\",\"contentUrl\":\"https:\\\/\\\/safetysourcefire.ca\\\/wp-content\\\/uploads\\\/2021\\\/01\\\/SSF_logo_CC0000-3.png\",\"width\":1107,\"height\":365,\"caption\":\"Safety Source Fire\"},\"image\":{\"@id\":\"https:\\\/\\\/safetysourcefire.ca\\\/#\\\/schema\\\/logo\\\/image\\\/\"},\"sameAs\":[\"https:\\\/\\\/www.facebook.com\\\/mmfssca\",\"https:\\\/\\\/x.com\\\/mmfssca\"]}]}<\/script>\n<!-- \/ Yoast SEO plugin. -->","yoast_head_json":{"title":"Enrouleurs de tuyaux, de cordons et de c\u00e2bles - Safety Source Fire","robots":{"index":"index","follow":"follow","max-snippet":"max-snippet:-1","max-image-preview":"max-image-preview:large","max-video-preview":"max-video-preview:-1"},"canonical":"https:\/\/safetysourcefire.ca\/fr\/produit\/hose-cord-and-cable-reels\/","og_locale":"fr_CA","og_type":"article","og_title":"Hose, Cord and Cable Reels - Safety Source Fire","og_description":"Reelcraft is the leading global manufacturer of the widest range of hose, cord and cable reels for industrial, commercial and professional applications.","og_url":"https:\/\/safetysourcefire.ca\/fr\/produit\/hose-cord-and-cable-reels\/","og_site_name":"Safety Source Fire","article_publisher":"https:\/\/www.facebook.com\/mmfssca","article_modified_time":"2022-02-07T16:38:55+00:00","og_image":[{"width":600,"height":600,"url":"https:\/\/safetysourcefire.ca\/wp-content\/uploads\/2022\/02\/reelcraft_catalog-1.jpg","type":"image\/jpeg"}],"twitter_card":"summary_large_image","twitter_site":"@mmfssca","twitter_misc":{"Estimation du temps de lecture":"1 minute"},"schema":{"@context":"https:\/\/schema.org","@graph":[{"@type":"WebPage","@id":"https:\/\/safetysourcefire.ca\/product\/hose-cord-and-cable-reels\/","url":"https:\/\/safetysourcefire.ca\/product\/hose-cord-and-cable-reels\/","name":"Enrouleurs de tuyaux, de cordons et de c\u00e2bles - Safety Source Fire","isPartOf":{"@id":"https:\/\/safetysourcefire.ca\/#website"},"primaryImageOfPage":{"@id":"https:\/\/safetysourcefire.ca\/product\/hose-cord-and-cable-reels\/#primaryimage"},"image":{"@id":"https:\/\/safetysourcefire.ca\/product\/hose-cord-and-cable-reels\/#primaryimage"},"thumbnailUrl":"https:\/\/safetysourcefire.ca\/wp-content\/uploads\/2022\/02\/reelcraft_catalog-1.jpg","datePublished":"2022-02-07T16:08:30+00:00","dateModified":"2022-02-07T16:38:55+00:00","breadcrumb":{"@id":"https:\/\/safetysourcefire.ca\/product\/hose-cord-and-cable-reels\/#breadcrumb"},"inLanguage":"fr-CA","potentialAction":[{"@type":"ReadAction","target":["https:\/\/safetysourcefire.ca\/product\/hose-cord-and-cable-reels\/"]}]},{"@type":"ImageObject","inLanguage":"fr-CA","@id":"https:\/\/safetysourcefire.ca\/product\/hose-cord-and-cable-reels\/#primaryimage","url":"https:\/\/safetysourcefire.ca\/wp-content\/uploads\/2022\/02\/reelcraft_catalog-1.jpg","contentUrl":"https:\/\/safetysourcefire.ca\/wp-content\/uploads\/2022\/02\/reelcraft_catalog-1.jpg","width":600,"height":600,"caption":"catalog cover"},{"@type":"BreadcrumbList","@id":"https:\/\/safetysourcefire.ca\/product\/hose-cord-and-cable-reels\/#breadcrumb","itemListElement":[{"@type":"ListItem","position":1,"name":"Home","item":"https:\/\/safetysourcefire.ca\/"},{"@type":"ListItem","position":2,"name":"Products","item":"https:\/\/safetysourcefire.ca\/shop\/"},{"@type":"ListItem","position":3,"name":"Hose, Cord and Cable Reels"}]},{"@type":"WebSite","@id":"https:\/\/safetysourcefire.ca\/#website","url":"https:\/\/safetysourcefire.ca\/","name":"Safety Source Fire","description":"","publisher":{"@id":"https:\/\/safetysourcefire.ca\/#organization"},"potentialAction":[{"@type":"SearchAction","target":{"@type":"EntryPoint","urlTemplate":"https:\/\/safetysourcefire.ca\/?s={search_term_string}"},"query-input":{"@type":"PropertyValueSpecification","valueRequired":true,"valueName":"search_term_string"}}],"inLanguage":"fr-CA"},{"@type":"Organization","@id":"https:\/\/safetysourcefire.ca\/#organization","name":"Safety Source Fire","url":"https:\/\/safetysourcefire.ca\/","logo":{"@type":"ImageObject","inLanguage":"fr-CA","@id":"https:\/\/safetysourcefire.ca\/#\/schema\/logo\/image\/","url":"https:\/\/safetysourcefire.ca\/wp-content\/uploads\/2021\/01\/SSF_logo_CC0000-3.png","contentUrl":"https:\/\/safetysourcefire.ca\/wp-content\/uploads\/2021\/01\/SSF_logo_CC0000-3.png","width":1107,"height":365,"caption":"Safety Source Fire"},"image":{"@id":"https:\/\/safetysourcefire.ca\/#\/schema\/logo\/image\/"},"sameAs":["https:\/\/www.facebook.com\/mmfssca","https:\/\/x.com\/mmfssca"]}]}},"_links":{"self":[{"href":"https:\/\/safetysourcefire.ca\/fr\/wp-json\/wp\/v2\/product\/26407","targetHints":{"allow":["GET"]}}],"collection":[{"href":"https:\/\/safetysourcefire.ca\/fr\/wp-json\/wp\/v2\/product"}],"about":[{"href":"https:\/\/safetysourcefire.ca\/fr\/wp-json\/wp\/v2\/types\/product"}],"wp:featuredmedia":[{"embeddable":true,"href":"https:\/\/safetysourcefire.ca\/fr\/wp-json\/wp\/v2\/media\/26408"}],"wp:attachment":[{"href":"https:\/\/safetysourcefire.ca\/fr\/wp-json\/wp\/v2\/media?parent=26407"}],"wp:term":[{"taxonomy":"product_brand","embeddable":true,"href":"https:\/\/safetysourcefire.ca\/fr\/wp-json\/wp\/v2\/product_brand?post=26407"},{"taxonomy":"product_cat","embeddable":true,"href":"https:\/\/safetysourcefire.ca\/fr\/wp-json\/wp\/v2\/product_cat?post=26407"},{"taxonomy":"product_tag","embeddable":true,"href":"https:\/\/safetysourcefire.ca\/fr\/wp-json\/wp\/v2\/product_tag?post=26407"}],"curies":[{"name":"wp","href":"https:\/\/api.w.org\/{rel}","templated":true}]}}