{"id":2663,"date":"2017-06-13T21:02:23","date_gmt":"2017-06-13T21:02:23","guid":{"rendered":"http:\/\/mmfss.ca\/?post_type=product&#038;p=2663"},"modified":"2023-02-15T20:31:19","modified_gmt":"2023-02-15T20:31:19","slug":"bubble-cup-with-grip-1-5-38mm","status":"publish","type":"product","link":"https:\/\/safetysourcefire.ca\/fr\/produit\/bubble-cup-with-grip-1-5-38mm\/","title":{"rendered":"Buse Bubble cup avec poign\u00e9e 1,5 \u2033 (38 mm)"},"content":{"rendered":"<p>Disponible dans d&#039;autres configurations<\/p>\n<p>Fait de mat\u00e9riaux l\u00e9gers, aluminium anodis\u00e9 dur. Si\u00e8ge de soupape arri\u00e8re \u00e0 changement rapide, bille d'arr\u00eat en acier inoxydable. Pour fermeture positive, simplement placer la vanne en position \u00ab\u00a0off\u00a0\u00bb. La poign\u00e9e pistolet est fix\u00e9e sous la valve. Raccord \u00e0 oreilles standard de 1,5 po (38 mm).<\/p>\n<p>Poids\u00a0:\u00a03,100 lb (1,406\u00a0kg)<\/p>\n<table>\n<tbody>\n<tr>\n<td><strong>M\u00e9thode de contr\u00f4le du flux<\/strong><\/td>\n<td>D\u00e9bit s\u00e9lectionnable de la pression (le d\u00e9bit change selon le mode)<\/td>\n<\/tr>\n<tr>\n<td><strong>D\u00e9bit<\/strong><\/td>\n<td>95 gal\/min (360 l\/min)<\/td>\n<\/tr>\n<tr>\n<td><strong>Taille de couplage (buses)<\/strong><\/td>\n<td>1 1\/2 pouce (38 mm)<\/td>\n<\/tr>\n<tr>\n<td><strong>Style de couplage (buses)<\/strong><\/td>\n<td>Bascule<\/td>\n<\/tr>\n<tr>\n<td><strong>Couplage Pivotant\/Rigide (Buses)<\/strong><\/td>\n<td>Pivot (pas temps plein, pas de pivot apr\u00e8s serrage)<\/td>\n<\/tr>\n<tr>\n<td><strong>Pression<\/strong><\/td>\n<td>100 psi (7 bars)<\/td>\n<\/tr>\n<tr>\n<td><strong>Style de corps de buse<\/strong><\/td>\n<td>Buse avec arr\u00eat et poign\u00e9e pistolet<\/td>\n<\/tr>\n<tr>\n<td><strong>Conception de vanne<\/strong><\/td>\n<td>Valve \u00e0 balle (inox)<\/td>\n<\/tr>\n<tr>\n<td><strong>M\u00e9thode d&#039;actionnement de la vanne<\/strong><\/td>\n<td>Fer \u00e0 cheval (Nylon moul\u00e9 par injection avec poign\u00e9e color\u00e9e)<\/td>\n<\/tr>\n<tr>\n<td><strong>M\u00e9thode de motif de brouillard<\/strong><\/td>\n<td>Pas de dents<\/td>\n<\/tr>\n<tr>\n<td><strong>Mat\u00e9riau du pare-chocs de la buse<\/strong><\/td>\n<td>PVC<\/td>\n<\/tr>\n<tr>\n<td><strong>Certifications<\/strong><\/td>\n<td>N \/ A<\/td>\n<\/tr>\n<tr>\n<td><strong>Performance d&#039;expansion de la mousse<\/strong><\/td>\n<td>Faible expansion<\/td>\n<\/tr>\n<\/tbody>\n<\/table>","protected":false},"excerpt":{"rendered":"<p>Buse Bubble Cup \u00e0 double d\u00e9bit avec deux r\u00e9glages - 95 gpm \u00e0 100 psi (360 l \/ min \u00e0 7 bar).<\/p>","protected":false},"featured_media":27455,"template":"","meta":[],"product_brand":[179],"product_cat":[44,66],"product_tag":[355,354],"class_list":{"0":"post-2663","1":"product","2":"type-product","3":"status-publish","4":"has-post-thumbnail","6":"product_brand-tft","7":"product_cat-fire-suppression","8":"product_cat-nozzles-monitors","9":"product_tag-task-force-tips","10":"product_tag-tft","12":"first","13":"instock","14":"shipping-taxable","15":"product-type-simple"},"yoast_head":"<!-- This site is optimized with the Yoast SEO plugin v27.4 - https:\/\/yoast.com\/product\/yoast-seo-wordpress\/ -->\n<title>Bubble Cup with Grip 1.5&quot; (38mm) - Safety Source Fire<\/title>\n<meta name=\"robots\" content=\"index, follow, max-snippet:-1, max-image-preview:large, max-video-preview:-1\" \/>\n<link rel=\"canonical\" href=\"https:\/\/safetysourcefire.ca\/fr\/?product=bubble-cup-with-grip-1-5-38mm\" \/>\n<meta property=\"og:locale\" content=\"fr_CA\" \/>\n<meta property=\"og:type\" content=\"article\" \/>\n<meta property=\"og:title\" content=\"Bubble Cup with Grip 1.5&quot; (38mm) - Safety Source Fire\" \/>\n<meta property=\"og:description\" content=\"Dual gallonage Bubble Cup nozzle with two flow settings 95 gpm @ 100 psi (360 l\/min @ 7 bar).\" \/>\n<meta property=\"og:url\" content=\"https:\/\/safetysourcefire.ca\/fr\/?product=bubble-cup-with-grip-1-5-38mm\" \/>\n<meta property=\"og:site_name\" content=\"Safety Source Fire\" \/>\n<meta property=\"article:publisher\" content=\"https:\/\/www.facebook.com\/mmfssca\" \/>\n<meta property=\"article:modified_time\" content=\"2023-02-15T20:31:19+00:00\" \/>\n<meta property=\"og:image\" content=\"https:\/\/safetysourcefire.ca\/wp-content\/uploads\/2017\/06\/FS2095BCP.jpg\" \/>\n\t<meta property=\"og:image:width\" content=\"600\" \/>\n\t<meta property=\"og:image:height\" content=\"600\" \/>\n\t<meta property=\"og:image:type\" content=\"image\/jpeg\" \/>\n<meta name=\"twitter:card\" content=\"summary_large_image\" \/>\n<meta name=\"twitter:site\" content=\"@mmfssca\" \/>\n<meta name=\"twitter:label1\" content=\"Estimation du temps de lecture\" \/>\n\t<meta name=\"twitter:data1\" content=\"1 minute\" \/>\n<script type=\"application\/ld+json\" class=\"yoast-schema-graph\">{\"@context\":\"https:\\\/\\\/schema.org\",\"@graph\":[{\"@type\":\"WebPage\",\"@id\":\"https:\\\/\\\/safetysourcefire.ca\\\/?product=bubble-cup-with-grip-1-5-38mm\",\"url\":\"https:\\\/\\\/safetysourcefire.ca\\\/?product=bubble-cup-with-grip-1-5-38mm\",\"name\":\"Bubble Cup with Grip 1.5\\\" (38mm) - Safety Source Fire\",\"isPartOf\":{\"@id\":\"https:\\\/\\\/safetysourcefire.ca\\\/#website\"},\"primaryImageOfPage\":{\"@id\":\"https:\\\/\\\/safetysourcefire.ca\\\/?product=bubble-cup-with-grip-1-5-38mm#primaryimage\"},\"image\":{\"@id\":\"https:\\\/\\\/safetysourcefire.ca\\\/?product=bubble-cup-with-grip-1-5-38mm#primaryimage\"},\"thumbnailUrl\":\"https:\\\/\\\/safetysourcefire.ca\\\/wp-content\\\/uploads\\\/2017\\\/06\\\/FS2095BCP.jpg\",\"datePublished\":\"2017-06-13T21:02:23+00:00\",\"dateModified\":\"2023-02-15T20:31:19+00:00\",\"breadcrumb\":{\"@id\":\"https:\\\/\\\/safetysourcefire.ca\\\/?product=bubble-cup-with-grip-1-5-38mm#breadcrumb\"},\"inLanguage\":\"fr-CA\",\"potentialAction\":[{\"@type\":\"ReadAction\",\"target\":[\"https:\\\/\\\/safetysourcefire.ca\\\/?product=bubble-cup-with-grip-1-5-38mm\"]}]},{\"@type\":\"ImageObject\",\"inLanguage\":\"fr-CA\",\"@id\":\"https:\\\/\\\/safetysourcefire.ca\\\/?product=bubble-cup-with-grip-1-5-38mm#primaryimage\",\"url\":\"https:\\\/\\\/safetysourcefire.ca\\\/wp-content\\\/uploads\\\/2017\\\/06\\\/FS2095BCP.jpg\",\"contentUrl\":\"https:\\\/\\\/safetysourcefire.ca\\\/wp-content\\\/uploads\\\/2017\\\/06\\\/FS2095BCP.jpg\",\"width\":600,\"height\":600,\"caption\":\"Bubble Cup with Grip\"},{\"@type\":\"BreadcrumbList\",\"@id\":\"https:\\\/\\\/safetysourcefire.ca\\\/?product=bubble-cup-with-grip-1-5-38mm#breadcrumb\",\"itemListElement\":[{\"@type\":\"ListItem\",\"position\":1,\"name\":\"Home\",\"item\":\"https:\\\/\\\/safetysourcefire.ca\\\/\"},{\"@type\":\"ListItem\",\"position\":2,\"name\":\"Products\",\"item\":\"https:\\\/\\\/safetysourcefire.ca\\\/shop\\\/\"},{\"@type\":\"ListItem\",\"position\":3,\"name\":\"Bubble Cup with Grip 1.5&#8243; (38mm)\"}]},{\"@type\":\"WebSite\",\"@id\":\"https:\\\/\\\/safetysourcefire.ca\\\/#website\",\"url\":\"https:\\\/\\\/safetysourcefire.ca\\\/\",\"name\":\"Safety Source Fire\",\"description\":\"\",\"publisher\":{\"@id\":\"https:\\\/\\\/safetysourcefire.ca\\\/#organization\"},\"potentialAction\":[{\"@type\":\"SearchAction\",\"target\":{\"@type\":\"EntryPoint\",\"urlTemplate\":\"https:\\\/\\\/safetysourcefire.ca\\\/?s={search_term_string}\"},\"query-input\":{\"@type\":\"PropertyValueSpecification\",\"valueRequired\":true,\"valueName\":\"search_term_string\"}}],\"inLanguage\":\"fr-CA\"},{\"@type\":\"Organization\",\"@id\":\"https:\\\/\\\/safetysourcefire.ca\\\/#organization\",\"name\":\"Safety Source Fire\",\"url\":\"https:\\\/\\\/safetysourcefire.ca\\\/\",\"logo\":{\"@type\":\"ImageObject\",\"inLanguage\":\"fr-CA\",\"@id\":\"https:\\\/\\\/safetysourcefire.ca\\\/#\\\/schema\\\/logo\\\/image\\\/\",\"url\":\"https:\\\/\\\/safetysourcefire.ca\\\/wp-content\\\/uploads\\\/2021\\\/01\\\/SSF_logo_CC0000-3.png\",\"contentUrl\":\"https:\\\/\\\/safetysourcefire.ca\\\/wp-content\\\/uploads\\\/2021\\\/01\\\/SSF_logo_CC0000-3.png\",\"width\":1107,\"height\":365,\"caption\":\"Safety Source Fire\"},\"image\":{\"@id\":\"https:\\\/\\\/safetysourcefire.ca\\\/#\\\/schema\\\/logo\\\/image\\\/\"},\"sameAs\":[\"https:\\\/\\\/www.facebook.com\\\/mmfssca\",\"https:\\\/\\\/x.com\\\/mmfssca\"]}]}<\/script>\n<!-- \/ Yoast SEO plugin. -->","yoast_head_json":{"title":"Bubble Cup with Grip 1.5\" (38mm) - Safety Source Fire","robots":{"index":"index","follow":"follow","max-snippet":"max-snippet:-1","max-image-preview":"max-image-preview:large","max-video-preview":"max-video-preview:-1"},"canonical":"https:\/\/safetysourcefire.ca\/fr\/?product=bubble-cup-with-grip-1-5-38mm","og_locale":"fr_CA","og_type":"article","og_title":"Bubble Cup with Grip 1.5\" (38mm) - Safety Source Fire","og_description":"Dual gallonage Bubble Cup nozzle with two flow settings 95 gpm @ 100 psi (360 l\/min @ 7 bar).","og_url":"https:\/\/safetysourcefire.ca\/fr\/?product=bubble-cup-with-grip-1-5-38mm","og_site_name":"Safety Source Fire","article_publisher":"https:\/\/www.facebook.com\/mmfssca","article_modified_time":"2023-02-15T20:31:19+00:00","og_image":[{"width":600,"height":600,"url":"https:\/\/safetysourcefire.ca\/wp-content\/uploads\/2017\/06\/FS2095BCP.jpg","type":"image\/jpeg"}],"twitter_card":"summary_large_image","twitter_site":"@mmfssca","twitter_misc":{"Estimation du temps de lecture":"1 minute"},"schema":{"@context":"https:\/\/schema.org","@graph":[{"@type":"WebPage","@id":"https:\/\/safetysourcefire.ca\/?product=bubble-cup-with-grip-1-5-38mm","url":"https:\/\/safetysourcefire.ca\/?product=bubble-cup-with-grip-1-5-38mm","name":"Bubble Cup with Grip 1.5\" (38mm) - Safety Source Fire","isPartOf":{"@id":"https:\/\/safetysourcefire.ca\/#website"},"primaryImageOfPage":{"@id":"https:\/\/safetysourcefire.ca\/?product=bubble-cup-with-grip-1-5-38mm#primaryimage"},"image":{"@id":"https:\/\/safetysourcefire.ca\/?product=bubble-cup-with-grip-1-5-38mm#primaryimage"},"thumbnailUrl":"https:\/\/safetysourcefire.ca\/wp-content\/uploads\/2017\/06\/FS2095BCP.jpg","datePublished":"2017-06-13T21:02:23+00:00","dateModified":"2023-02-15T20:31:19+00:00","breadcrumb":{"@id":"https:\/\/safetysourcefire.ca\/?product=bubble-cup-with-grip-1-5-38mm#breadcrumb"},"inLanguage":"fr-CA","potentialAction":[{"@type":"ReadAction","target":["https:\/\/safetysourcefire.ca\/?product=bubble-cup-with-grip-1-5-38mm"]}]},{"@type":"ImageObject","inLanguage":"fr-CA","@id":"https:\/\/safetysourcefire.ca\/?product=bubble-cup-with-grip-1-5-38mm#primaryimage","url":"https:\/\/safetysourcefire.ca\/wp-content\/uploads\/2017\/06\/FS2095BCP.jpg","contentUrl":"https:\/\/safetysourcefire.ca\/wp-content\/uploads\/2017\/06\/FS2095BCP.jpg","width":600,"height":600,"caption":"Bubble Cup with Grip"},{"@type":"BreadcrumbList","@id":"https:\/\/safetysourcefire.ca\/?product=bubble-cup-with-grip-1-5-38mm#breadcrumb","itemListElement":[{"@type":"ListItem","position":1,"name":"Home","item":"https:\/\/safetysourcefire.ca\/"},{"@type":"ListItem","position":2,"name":"Products","item":"https:\/\/safetysourcefire.ca\/shop\/"},{"@type":"ListItem","position":3,"name":"Bubble Cup with Grip 1.5&#8243; (38mm)"}]},{"@type":"WebSite","@id":"https:\/\/safetysourcefire.ca\/#website","url":"https:\/\/safetysourcefire.ca\/","name":"Safety Source Fire","description":"","publisher":{"@id":"https:\/\/safetysourcefire.ca\/#organization"},"potentialAction":[{"@type":"SearchAction","target":{"@type":"EntryPoint","urlTemplate":"https:\/\/safetysourcefire.ca\/?s={search_term_string}"},"query-input":{"@type":"PropertyValueSpecification","valueRequired":true,"valueName":"search_term_string"}}],"inLanguage":"fr-CA"},{"@type":"Organization","@id":"https:\/\/safetysourcefire.ca\/#organization","name":"Safety Source Fire","url":"https:\/\/safetysourcefire.ca\/","logo":{"@type":"ImageObject","inLanguage":"fr-CA","@id":"https:\/\/safetysourcefire.ca\/#\/schema\/logo\/image\/","url":"https:\/\/safetysourcefire.ca\/wp-content\/uploads\/2021\/01\/SSF_logo_CC0000-3.png","contentUrl":"https:\/\/safetysourcefire.ca\/wp-content\/uploads\/2021\/01\/SSF_logo_CC0000-3.png","width":1107,"height":365,"caption":"Safety Source Fire"},"image":{"@id":"https:\/\/safetysourcefire.ca\/#\/schema\/logo\/image\/"},"sameAs":["https:\/\/www.facebook.com\/mmfssca","https:\/\/x.com\/mmfssca"]}]}},"_links":{"self":[{"href":"https:\/\/safetysourcefire.ca\/fr\/wp-json\/wp\/v2\/product\/2663","targetHints":{"allow":["GET"]}}],"collection":[{"href":"https:\/\/safetysourcefire.ca\/fr\/wp-json\/wp\/v2\/product"}],"about":[{"href":"https:\/\/safetysourcefire.ca\/fr\/wp-json\/wp\/v2\/types\/product"}],"wp:featuredmedia":[{"embeddable":true,"href":"https:\/\/safetysourcefire.ca\/fr\/wp-json\/wp\/v2\/media\/27455"}],"wp:attachment":[{"href":"https:\/\/safetysourcefire.ca\/fr\/wp-json\/wp\/v2\/media?parent=2663"}],"wp:term":[{"taxonomy":"product_brand","embeddable":true,"href":"https:\/\/safetysourcefire.ca\/fr\/wp-json\/wp\/v2\/product_brand?post=2663"},{"taxonomy":"product_cat","embeddable":true,"href":"https:\/\/safetysourcefire.ca\/fr\/wp-json\/wp\/v2\/product_cat?post=2663"},{"taxonomy":"product_tag","embeddable":true,"href":"https:\/\/safetysourcefire.ca\/fr\/wp-json\/wp\/v2\/product_tag?post=2663"}],"curies":[{"name":"wp","href":"https:\/\/api.w.org\/{rel}","templated":true}]}}