{"id":26698,"date":"2022-07-05T14:02:23","date_gmt":"2022-07-05T14:02:23","guid":{"rendered":"https:\/\/safetysourcefire.ca\/?post_type=product&#038;p=26698"},"modified":"2023-10-03T12:58:10","modified_gmt":"2023-10-03T12:58:10","slug":"survivor-x-usb","status":"publish","type":"product","link":"https:\/\/safetysourcefire.ca\/fr\/produit\/survivor-x-usb\/","title":{"rendered":"Lampe Survivor\u00ae X - USB"},"content":{"rendered":"<p>Lorsque la performance est critique, Streamlight con\u00e7oit pour vous des outils d'\u00e9clairage pour travailler dans les conditions les plus difficiles qui soit. La ''Survivor\u00ae X'' est une lampe de poche portative l\u00e9g\u00e8re et \u00e0 s\u00e9curit\u00e9 intrins\u00e8que avec une t\u00eate \u00e0 angle droit con\u00e7ue pour une utilisation dans des endroits dangereux. Cette lampe comporte une lunette \u00e0 profil bas qui n'interf\u00e8re pas avec l'\u00e9quipement et elle poss\u00e8de trois modes d'\u00e9clairage : \u00e9lev\u00e9, faible et urgence (clignotant). L'interrupteur \u00e0 bouton-poussoir translucide situ\u00e9 sur le dessus est dot\u00e9 d'un indicateur d'\u00e9tat de la batterie \u00e0 DEL et permet une utilisation facile, m\u00eame avec des gants \u00e9pais. L'attache s'accroche solidement \u00e0 l'\u00e9quipement et l'anneau en D permet \u00e0 votre lumi\u00e8re de pendre vers l'avant pour une utilisation en mode mains libres.<\/p>\n<p>Vous pouvez choisir parmi les mod\u00e8les <a href=\"https:\/\/safetysourcefire.ca\/fr\/produit\/survivor-x-right-angled-led-light-rechargeable-or-alkaline\/\">C1D1<\/a> ou encore par <a href=\"https:\/\/safetysourcefire.ca\/fr\/produit\/survivor-x-atex\/\">ATEX<\/a> \u00e0 fonctionnement alcalins ou rechargeables OU le syst\u00e8me \u00e9conomique <a href=\"https:\/\/safetysourcefire.ca\/fr\/produit\/survivor-x-usb\/\" target=\"_blank\" rel=\"noopener\">C1D2 rechargeable par USB<\/a> , un autre mod\u00e8le adapt\u00e9 \u00e0 vos besoins d'\u00e9clairage.<\/p>\n<div class=\"text-center\">\n<div class=\"productItem\">\n<p>SURVIVOR<sup>\u00ae<\/sup>\u00a0X - USB<\/p>\n<\/div>\n<\/div>\n<ul>\n<li style=\"list-style-type: none;\">\n<ul>\n<li>Class\u00e9 Classe 1, Division 2<\/li>\n<li>250 lumens, 4 heures d'autonomie en mode fonctionnement \u00e9lev\u00e9<\/li>\n<li>Rechargeable par USB avec un SL-B26<sup>\u00ae<\/sup><\/li>\n<li>Double alimentation (compatible aussi avec piles alcalines AA)<\/li>\n<li>\u00c9conomique<\/li>\n<li>Accessoire de chargeur de banque de batterie de 8 unit\u00e9s<\/li>\n<li>Lunette \u00e0 profil bas qui n'interf\u00e8re pas avec l'\u00e9quipement et l'\u00e9quipement. L'attache s'accroche solidement \u00e0 l'\u00e9quipement et l'anneau en D permet \u00e0 votre lumi\u00e8re de pendre vers l'avant.<\/li>\n<li>Rechargeable par USB avec la batterie rechargeable Li-Ion prot\u00e9g\u00e9e SL-B26\u00ae de Streamlight<\/li>\n<li>Technologie LED avec trois modes d&#039;\u00e9clairage :\n<ul>\n<li>\u00c9lev\u00e9 pour un faisceau super brillant qui transperce la fum\u00e9e<\/li>\n<li>Faible pour une lumi\u00e8re vive et une dur\u00e9e de fonctionnement plus longue<\/li>\n<li>Clignotant de signalisation<\/li>\n<\/ul>\n<\/li>\n<\/ul>\n<\/li>\n<\/ul>\n<p>SP\u00c9CIFICATIONS DU PRODUIT<br \/>\nLumens \u00e9lev\u00e9s : 60 \u2013 250<br \/>\nDur\u00e9e de fonctionnement en haut\u00a0: 4,00\u00a0heures<br \/>\nDur\u00e9e de fonctionnement en mode faible\u00a0: 15,00\u00a0heures<br \/>\nDistance du faisceau : 447 m\u00e8tres<br \/>\nCand\u00e9la maximum : 14 000 \u2013 50 000<br \/>\nType de pile : bloc-piles SL-B26, alcaline AA<br \/>\nQuantit\u00e9 de batterie: 1<br \/>\nLongueur : 7,06 pouces (17,93 centim\u00e8tres)<br \/>\nPoids : 11,90 onces (337,36 grammes)<br \/>\nCouleurs : Orange, jaune<\/p>\n<p><a href=\"https:\/\/www.streamlight.com\/docs\/default-source\/data-sheet\/survivorxusb_datasheet.pdf\" target=\"_blank\" rel=\"noopener\">T\u00e9l\u00e9charger la fiche technique<\/a><\/p>\n<p><iframe loading=\"lazy\" title=\"lecteur vid\u00e9o YouTube\" src=\"https:\/\/www.youtube.com\/embed\/jvJJVpXymSY\" width=\"560\" height=\"315\" frameborder=\"0\" allowfullscreen=\"allowfullscreen\"><\/iframe><\/p>","protected":false},"excerpt":{"rendered":"<p>Plus d'options, plus de fonctionnalit\u00e9s.<\/p>","protected":false},"featured_media":26699,"template":"","meta":[],"product_brand":[144],"product_cat":[48,81],"product_tag":[350],"class_list":{"0":"post-26698","1":"product","2":"type-product","3":"status-publish","4":"has-post-thumbnail","6":"product_brand-streamlight","7":"product_cat-lighting","8":"product_cat-personal-lighting","9":"product_tag-streamlight","11":"first","12":"instock","13":"shipping-taxable","14":"product-type-simple"},"yoast_head":"<!-- This site is optimized with the Yoast SEO plugin v27.4 - https:\/\/yoast.com\/product\/yoast-seo-wordpress\/ -->\n<title>Survivor\u00ae X USB - Safety Source Fire<\/title>\n<meta name=\"robots\" content=\"index, follow, max-snippet:-1, max-image-preview:large, max-video-preview:-1\" \/>\n<link rel=\"canonical\" href=\"https:\/\/safetysourcefire.ca\/fr\/?product=survivor-x-usb\" \/>\n<meta property=\"og:locale\" content=\"fr_CA\" \/>\n<meta property=\"og:type\" content=\"article\" \/>\n<meta property=\"og:title\" content=\"Survivor\u00ae X USB - Safety Source Fire\" \/>\n<meta property=\"og:description\" content=\"More Output, More Features and More Power Options.\" \/>\n<meta property=\"og:url\" content=\"https:\/\/safetysourcefire.ca\/fr\/?product=survivor-x-usb\" \/>\n<meta property=\"og:site_name\" content=\"Safety Source Fire\" \/>\n<meta property=\"article:publisher\" content=\"https:\/\/www.facebook.com\/mmfssca\" \/>\n<meta property=\"article:modified_time\" content=\"2023-10-03T12:58:10+00:00\" \/>\n<meta property=\"og:image\" content=\"https:\/\/safetysourcefire.ca\/wp-content\/uploads\/2022\/07\/survivor-x-usb_orange.jpg\" \/>\n\t<meta property=\"og:image:width\" content=\"600\" \/>\n\t<meta property=\"og:image:height\" content=\"600\" \/>\n\t<meta property=\"og:image:type\" content=\"image\/jpeg\" \/>\n<meta name=\"twitter:card\" content=\"summary_large_image\" \/>\n<meta name=\"twitter:site\" content=\"@mmfssca\" \/>\n<meta name=\"twitter:label1\" content=\"Estimation du temps de lecture\" \/>\n\t<meta name=\"twitter:data1\" content=\"2 minutes\" \/>\n<script type=\"application\/ld+json\" class=\"yoast-schema-graph\">{\"@context\":\"https:\\\/\\\/schema.org\",\"@graph\":[{\"@type\":\"WebPage\",\"@id\":\"https:\\\/\\\/safetysourcefire.ca\\\/?product=survivor-x-usb\",\"url\":\"https:\\\/\\\/safetysourcefire.ca\\\/?product=survivor-x-usb\",\"name\":\"Survivor\u00ae X USB - Safety Source Fire\",\"isPartOf\":{\"@id\":\"https:\\\/\\\/safetysourcefire.ca\\\/#website\"},\"primaryImageOfPage\":{\"@id\":\"https:\\\/\\\/safetysourcefire.ca\\\/?product=survivor-x-usb#primaryimage\"},\"image\":{\"@id\":\"https:\\\/\\\/safetysourcefire.ca\\\/?product=survivor-x-usb#primaryimage\"},\"thumbnailUrl\":\"https:\\\/\\\/safetysourcefire.ca\\\/wp-content\\\/uploads\\\/2022\\\/07\\\/survivor-x-usb_orange.jpg\",\"datePublished\":\"2022-07-05T14:02:23+00:00\",\"dateModified\":\"2023-10-03T12:58:10+00:00\",\"breadcrumb\":{\"@id\":\"https:\\\/\\\/safetysourcefire.ca\\\/?product=survivor-x-usb#breadcrumb\"},\"inLanguage\":\"fr-CA\",\"potentialAction\":[{\"@type\":\"ReadAction\",\"target\":[\"https:\\\/\\\/safetysourcefire.ca\\\/?product=survivor-x-usb\"]}]},{\"@type\":\"ImageObject\",\"inLanguage\":\"fr-CA\",\"@id\":\"https:\\\/\\\/safetysourcefire.ca\\\/?product=survivor-x-usb#primaryimage\",\"url\":\"https:\\\/\\\/safetysourcefire.ca\\\/wp-content\\\/uploads\\\/2022\\\/07\\\/survivor-x-usb_orange.jpg\",\"contentUrl\":\"https:\\\/\\\/safetysourcefire.ca\\\/wp-content\\\/uploads\\\/2022\\\/07\\\/survivor-x-usb_orange.jpg\",\"width\":600,\"height\":600,\"caption\":\"Survivor X USB\"},{\"@type\":\"BreadcrumbList\",\"@id\":\"https:\\\/\\\/safetysourcefire.ca\\\/?product=survivor-x-usb#breadcrumb\",\"itemListElement\":[{\"@type\":\"ListItem\",\"position\":1,\"name\":\"Home\",\"item\":\"https:\\\/\\\/safetysourcefire.ca\\\/\"},{\"@type\":\"ListItem\",\"position\":2,\"name\":\"Products\",\"item\":\"https:\\\/\\\/safetysourcefire.ca\\\/shop\\\/\"},{\"@type\":\"ListItem\",\"position\":3,\"name\":\"Survivor\u00ae X USB\"}]},{\"@type\":\"WebSite\",\"@id\":\"https:\\\/\\\/safetysourcefire.ca\\\/#website\",\"url\":\"https:\\\/\\\/safetysourcefire.ca\\\/\",\"name\":\"Safety Source Fire\",\"description\":\"\",\"publisher\":{\"@id\":\"https:\\\/\\\/safetysourcefire.ca\\\/#organization\"},\"potentialAction\":[{\"@type\":\"SearchAction\",\"target\":{\"@type\":\"EntryPoint\",\"urlTemplate\":\"https:\\\/\\\/safetysourcefire.ca\\\/?s={search_term_string}\"},\"query-input\":{\"@type\":\"PropertyValueSpecification\",\"valueRequired\":true,\"valueName\":\"search_term_string\"}}],\"inLanguage\":\"fr-CA\"},{\"@type\":\"Organization\",\"@id\":\"https:\\\/\\\/safetysourcefire.ca\\\/#organization\",\"name\":\"Safety Source Fire\",\"url\":\"https:\\\/\\\/safetysourcefire.ca\\\/\",\"logo\":{\"@type\":\"ImageObject\",\"inLanguage\":\"fr-CA\",\"@id\":\"https:\\\/\\\/safetysourcefire.ca\\\/#\\\/schema\\\/logo\\\/image\\\/\",\"url\":\"https:\\\/\\\/safetysourcefire.ca\\\/wp-content\\\/uploads\\\/2021\\\/01\\\/SSF_logo_CC0000-3.png\",\"contentUrl\":\"https:\\\/\\\/safetysourcefire.ca\\\/wp-content\\\/uploads\\\/2021\\\/01\\\/SSF_logo_CC0000-3.png\",\"width\":1107,\"height\":365,\"caption\":\"Safety Source Fire\"},\"image\":{\"@id\":\"https:\\\/\\\/safetysourcefire.ca\\\/#\\\/schema\\\/logo\\\/image\\\/\"},\"sameAs\":[\"https:\\\/\\\/www.facebook.com\\\/mmfssca\",\"https:\\\/\\\/x.com\\\/mmfssca\"]}]}<\/script>\n<!-- \/ Yoast SEO plugin. -->","yoast_head_json":{"title":"Survivor\u00ae X USB - Source de s\u00e9curit\u00e9 incendie","robots":{"index":"index","follow":"follow","max-snippet":"max-snippet:-1","max-image-preview":"max-image-preview:large","max-video-preview":"max-video-preview:-1"},"canonical":"https:\/\/safetysourcefire.ca\/fr\/?product=survivor-x-usb","og_locale":"fr_CA","og_type":"article","og_title":"Survivor\u00ae X USB - Safety Source Fire","og_description":"More Output, More Features and More Power Options.","og_url":"https:\/\/safetysourcefire.ca\/fr\/?product=survivor-x-usb","og_site_name":"Safety Source Fire","article_publisher":"https:\/\/www.facebook.com\/mmfssca","article_modified_time":"2023-10-03T12:58:10+00:00","og_image":[{"width":600,"height":600,"url":"https:\/\/safetysourcefire.ca\/wp-content\/uploads\/2022\/07\/survivor-x-usb_orange.jpg","type":"image\/jpeg"}],"twitter_card":"summary_large_image","twitter_site":"@mmfssca","twitter_misc":{"Estimation du temps de lecture":"2 minutes"},"schema":{"@context":"https:\/\/schema.org","@graph":[{"@type":"WebPage","@id":"https:\/\/safetysourcefire.ca\/?product=survivor-x-usb","url":"https:\/\/safetysourcefire.ca\/?product=survivor-x-usb","name":"Survivor\u00ae X USB - Source de s\u00e9curit\u00e9 incendie","isPartOf":{"@id":"https:\/\/safetysourcefire.ca\/#website"},"primaryImageOfPage":{"@id":"https:\/\/safetysourcefire.ca\/?product=survivor-x-usb#primaryimage"},"image":{"@id":"https:\/\/safetysourcefire.ca\/?product=survivor-x-usb#primaryimage"},"thumbnailUrl":"https:\/\/safetysourcefire.ca\/wp-content\/uploads\/2022\/07\/survivor-x-usb_orange.jpg","datePublished":"2022-07-05T14:02:23+00:00","dateModified":"2023-10-03T12:58:10+00:00","breadcrumb":{"@id":"https:\/\/safetysourcefire.ca\/?product=survivor-x-usb#breadcrumb"},"inLanguage":"fr-CA","potentialAction":[{"@type":"ReadAction","target":["https:\/\/safetysourcefire.ca\/?product=survivor-x-usb"]}]},{"@type":"ImageObject","inLanguage":"fr-CA","@id":"https:\/\/safetysourcefire.ca\/?product=survivor-x-usb#primaryimage","url":"https:\/\/safetysourcefire.ca\/wp-content\/uploads\/2022\/07\/survivor-x-usb_orange.jpg","contentUrl":"https:\/\/safetysourcefire.ca\/wp-content\/uploads\/2022\/07\/survivor-x-usb_orange.jpg","width":600,"height":600,"caption":"Survivor X USB"},{"@type":"BreadcrumbList","@id":"https:\/\/safetysourcefire.ca\/?product=survivor-x-usb#breadcrumb","itemListElement":[{"@type":"ListItem","position":1,"name":"Home","item":"https:\/\/safetysourcefire.ca\/"},{"@type":"ListItem","position":2,"name":"Products","item":"https:\/\/safetysourcefire.ca\/shop\/"},{"@type":"ListItem","position":3,"name":"Survivor\u00ae X USB"}]},{"@type":"WebSite","@id":"https:\/\/safetysourcefire.ca\/#website","url":"https:\/\/safetysourcefire.ca\/","name":"Safety Source Fire","description":"","publisher":{"@id":"https:\/\/safetysourcefire.ca\/#organization"},"potentialAction":[{"@type":"SearchAction","target":{"@type":"EntryPoint","urlTemplate":"https:\/\/safetysourcefire.ca\/?s={search_term_string}"},"query-input":{"@type":"PropertyValueSpecification","valueRequired":true,"valueName":"search_term_string"}}],"inLanguage":"fr-CA"},{"@type":"Organization","@id":"https:\/\/safetysourcefire.ca\/#organization","name":"Safety Source Fire","url":"https:\/\/safetysourcefire.ca\/","logo":{"@type":"ImageObject","inLanguage":"fr-CA","@id":"https:\/\/safetysourcefire.ca\/#\/schema\/logo\/image\/","url":"https:\/\/safetysourcefire.ca\/wp-content\/uploads\/2021\/01\/SSF_logo_CC0000-3.png","contentUrl":"https:\/\/safetysourcefire.ca\/wp-content\/uploads\/2021\/01\/SSF_logo_CC0000-3.png","width":1107,"height":365,"caption":"Safety Source Fire"},"image":{"@id":"https:\/\/safetysourcefire.ca\/#\/schema\/logo\/image\/"},"sameAs":["https:\/\/www.facebook.com\/mmfssca","https:\/\/x.com\/mmfssca"]}]}},"_links":{"self":[{"href":"https:\/\/safetysourcefire.ca\/fr\/wp-json\/wp\/v2\/product\/26698","targetHints":{"allow":["GET"]}}],"collection":[{"href":"https:\/\/safetysourcefire.ca\/fr\/wp-json\/wp\/v2\/product"}],"about":[{"href":"https:\/\/safetysourcefire.ca\/fr\/wp-json\/wp\/v2\/types\/product"}],"wp:featuredmedia":[{"embeddable":true,"href":"https:\/\/safetysourcefire.ca\/fr\/wp-json\/wp\/v2\/media\/26699"}],"wp:attachment":[{"href":"https:\/\/safetysourcefire.ca\/fr\/wp-json\/wp\/v2\/media?parent=26698"}],"wp:term":[{"taxonomy":"product_brand","embeddable":true,"href":"https:\/\/safetysourcefire.ca\/fr\/wp-json\/wp\/v2\/product_brand?post=26698"},{"taxonomy":"product_cat","embeddable":true,"href":"https:\/\/safetysourcefire.ca\/fr\/wp-json\/wp\/v2\/product_cat?post=26698"},{"taxonomy":"product_tag","embeddable":true,"href":"https:\/\/safetysourcefire.ca\/fr\/wp-json\/wp\/v2\/product_tag?post=26698"}],"curies":[{"name":"wp","href":"https:\/\/api.w.org\/{rel}","templated":true}]}}