{"id":26701,"date":"2022-07-05T14:11:13","date_gmt":"2022-07-05T14:11:13","guid":{"rendered":"https:\/\/safetysourcefire.ca\/?post_type=product&#038;p=26701"},"modified":"2022-07-05T14:22:52","modified_gmt":"2022-07-05T14:22:52","slug":"survivor-x-atex","status":"publish","type":"product","link":"https:\/\/safetysourcefire.ca\/fr\/produit\/survivor-x-atex\/","title":{"rendered":"Lampe Survivor\u00ae X \u00e0 angle droit de ATEX - rechargeable ou alcaline"},"content":{"rendered":"<p>Lorsque la performance est critique, Streamlight con\u00e7oit pour vous des outils d'\u00e9clairage pour travailler dans les conditions les plus difficiles qui soit. La ''Survivor\u00ae X'' est une lampe de poche portative l\u00e9g\u00e8re et \u00e0 s\u00e9curit\u00e9 intrins\u00e8que avec une t\u00eate \u00e0 angle droit con\u00e7ue pour une utilisation dans des endroits dangereux. Cette lampe comporte une lunette \u00e0 profil bas qui n'interf\u00e8re pas avec l'\u00e9quipement et elle poss\u00e8de trois modes d'\u00e9clairage : \u00e9lev\u00e9, faible et urgence (clignotant). L'interrupteur \u00e0 bouton-poussoir translucide situ\u00e9 sur le dessus est dot\u00e9 d'un indicateur d'\u00e9tat de la batterie \u00e0 DEL et permet une utilisation facile, m\u00eame avec des gants \u00e9pais. L'attache s'accroche solidement \u00e0 l'\u00e9quipement et l'anneau en D permet \u00e0 votre lumi\u00e8re de pendre vers l'avant pour une utilisation en mode mains libres.<\/p>\n<p>Vous pouvez choisir parmi les mod\u00e8les <a href=\"https:\/\/safetysourcefire.ca\/fr\/produit\/survivor-x-right-angled-led-light-rechargeable-or-alkaline\/\">C1D1<\/a> ou encore par <a href=\"https:\/\/safetysourcefire.ca\/fr\/produit\/survivor-x-atex\/\">ATEX<\/a> \u00e0 fonctionnement alcalins ou rechargeables OU le syst\u00e8me \u00e9conomique <a href=\"https:\/\/safetysourcefire.ca\/fr\/produit\/survivor-x-usb\/\" target=\"_blank\" rel=\"noopener\">C1D2 rechargeable par USB<\/a> , un autre mod\u00e8le adapt\u00e9 \u00e0 vos besoins d'\u00e9clairage.<\/p>\n<div class=\"text-center\">\n<div class=\"productItem\">\n<p>SURVIVOR -CERTIFI\u00c9 ATEX<sup>\u00ae<\/sup> X<\/p>\n<\/div>\n<\/div>\n<ul>\n<li style=\"list-style-type: none;\">\n<ul>\n<li style=\"list-style-type: none;\">\n<ul>\n<li>Classe de s\u00e9curit\u00e9 Zone 0 \/ Zone 20 (en attente)<\/li>\n<li>Mod\u00e8les rechargeables ou alcalins disponibles<\/li>\n<li>250 lumens, 3,75 heures (rechargeable) ou 5 heures d'autonomie (alcaline) \u00e0 haute puissance<\/li>\n<li>Mod\u00e8le alcalin \u00e9conomique permettant d'\u00e9conomiser 25% sur les piles<\/li>\n<li>Accessoire de chargeur de banque de 5 unit\u00e9s<\/li>\n<li>\u00c9valu\u00e9 pour la zone 0 (en attente) avec une lunette \u00e0 profil bas qui n'interf\u00e8re pas avec l'\u00e9quipement. L'attache s'accroche solidement \u00e0 l'\u00e9quipement et l'anneau en D offre une possibilit\u00e9 d'orientation vers l'avant.<\/li>\n<li>Trois modes d'\u00e9clairage : Haut, Bas et Clignotant<\/li>\n<li>Circuit de s\u00e9curit\u00e9 int\u00e9gr\u00e9 prot\u00e8geant la batterie contre les surcharges\/d\u00e9charges excessives<\/li>\n<\/ul>\n<\/li>\n<\/ul>\n<\/li>\n<\/ul>\n<p><a href=\"https:\/\/www.streamlight.com\/docs\/default-source\/data-sheet\/survivorxatex_datasheet.pdf\" target=\"_blank\" rel=\"noopener\">T\u00e9l\u00e9charger la fiche technique<\/a><\/p>\n<p>SP\u00c9CIFICATIONS DU PRODUIT (MOD\u00c8LE RECHARGEABLE)<br \/>\nLumens \u00e9lev\u00e9s : 60 \u2013 250<br \/>\nDur\u00e9e d&#039;ex\u00e9cution en mode \u00e9lev\u00e9\u00a0: 3,75\u00a0heures<br \/>\nDur\u00e9e de fonctionnement en mode faible\u00a0: 15,00\u00a0heures<br \/>\nDistance du faisceau : 447 m\u00e8tres<br \/>\nCand\u00e9la maximum : 14 000 \u2013 50 000<br \/>\nType de batterie\u00a0: lithium-ion, alcaline AA<br \/>\nLongueur : 7,06 pouces (17,93 centim\u00e8tres)<br \/>\nPoids : 12,20 onces (345,86 grammes)<br \/>\nCouleur : Orange<\/p>\n<p><iframe loading=\"lazy\" title=\"lecteur vid\u00e9o YouTube\" src=\"https:\/\/www.youtube.com\/embed\/jvJJVpXymSY\" width=\"560\" height=\"315\" frameborder=\"0\" allowfullscreen=\"allowfullscreen\"><\/iframe><\/p>","protected":false},"excerpt":{"rendered":"<p>Plus d'options, plus de fonctionnalit\u00e9s.<\/p>","protected":false},"featured_media":26702,"template":"","meta":[],"product_brand":[144],"product_cat":[48,81],"product_tag":[350],"class_list":{"0":"post-26701","1":"product","2":"type-product","3":"status-publish","4":"has-post-thumbnail","6":"product_brand-streamlight","7":"product_cat-lighting","8":"product_cat-personal-lighting","9":"product_tag-streamlight","11":"first","12":"instock","13":"shipping-taxable","14":"product-type-simple"},"yoast_head":"<!-- This site is optimized with the Yoast SEO plugin v27.4 - https:\/\/yoast.com\/product\/yoast-seo-wordpress\/ -->\n<title>Survivor\u00ae X Right Angle ATEX Light, Rechargeable or Alkaline - Safety Source Fire<\/title>\n<meta name=\"robots\" content=\"index, follow, max-snippet:-1, max-image-preview:large, max-video-preview:-1\" \/>\n<link rel=\"canonical\" href=\"https:\/\/safetysourcefire.ca\/fr\/?product=survivor-x-atex\" \/>\n<meta property=\"og:locale\" content=\"fr_CA\" \/>\n<meta property=\"og:type\" content=\"article\" \/>\n<meta property=\"og:title\" content=\"Survivor\u00ae X Right Angle ATEX Light, Rechargeable or Alkaline - Safety Source Fire\" \/>\n<meta property=\"og:description\" content=\"More Output, More Features and More Power Options.\" \/>\n<meta property=\"og:url\" content=\"https:\/\/safetysourcefire.ca\/fr\/?product=survivor-x-atex\" \/>\n<meta property=\"og:site_name\" content=\"Safety Source Fire\" \/>\n<meta property=\"article:publisher\" content=\"https:\/\/www.facebook.com\/mmfssca\" \/>\n<meta property=\"article:modified_time\" content=\"2022-07-05T14:22:52+00:00\" \/>\n<meta property=\"og:image\" content=\"https:\/\/safetysourcefire.ca\/wp-content\/uploads\/2022\/07\/survivor-x-atex_1.jpg\" \/>\n\t<meta property=\"og:image:width\" content=\"600\" \/>\n\t<meta property=\"og:image:height\" content=\"600\" \/>\n\t<meta property=\"og:image:type\" content=\"image\/jpeg\" \/>\n<meta name=\"twitter:card\" content=\"summary_large_image\" \/>\n<meta name=\"twitter:site\" content=\"@mmfssca\" \/>\n<meta name=\"twitter:label1\" content=\"Estimation du temps de lecture\" \/>\n\t<meta name=\"twitter:data1\" content=\"2 minutes\" \/>\n<script type=\"application\/ld+json\" class=\"yoast-schema-graph\">{\"@context\":\"https:\\\/\\\/schema.org\",\"@graph\":[{\"@type\":\"WebPage\",\"@id\":\"https:\\\/\\\/safetysourcefire.ca\\\/?product=survivor-x-atex\",\"url\":\"https:\\\/\\\/safetysourcefire.ca\\\/?product=survivor-x-atex\",\"name\":\"Survivor\u00ae X Right Angle ATEX Light, Rechargeable or Alkaline - Safety Source Fire\",\"isPartOf\":{\"@id\":\"https:\\\/\\\/safetysourcefire.ca\\\/#website\"},\"primaryImageOfPage\":{\"@id\":\"https:\\\/\\\/safetysourcefire.ca\\\/?product=survivor-x-atex#primaryimage\"},\"image\":{\"@id\":\"https:\\\/\\\/safetysourcefire.ca\\\/?product=survivor-x-atex#primaryimage\"},\"thumbnailUrl\":\"https:\\\/\\\/safetysourcefire.ca\\\/wp-content\\\/uploads\\\/2022\\\/07\\\/survivor-x-atex_1.jpg\",\"datePublished\":\"2022-07-05T14:11:13+00:00\",\"dateModified\":\"2022-07-05T14:22:52+00:00\",\"breadcrumb\":{\"@id\":\"https:\\\/\\\/safetysourcefire.ca\\\/?product=survivor-x-atex#breadcrumb\"},\"inLanguage\":\"fr-CA\",\"potentialAction\":[{\"@type\":\"ReadAction\",\"target\":[\"https:\\\/\\\/safetysourcefire.ca\\\/?product=survivor-x-atex\"]}]},{\"@type\":\"ImageObject\",\"inLanguage\":\"fr-CA\",\"@id\":\"https:\\\/\\\/safetysourcefire.ca\\\/?product=survivor-x-atex#primaryimage\",\"url\":\"https:\\\/\\\/safetysourcefire.ca\\\/wp-content\\\/uploads\\\/2022\\\/07\\\/survivor-x-atex_1.jpg\",\"contentUrl\":\"https:\\\/\\\/safetysourcefire.ca\\\/wp-content\\\/uploads\\\/2022\\\/07\\\/survivor-x-atex_1.jpg\",\"width\":600,\"height\":600,\"caption\":\"Survivor X ATEX\"},{\"@type\":\"BreadcrumbList\",\"@id\":\"https:\\\/\\\/safetysourcefire.ca\\\/?product=survivor-x-atex#breadcrumb\",\"itemListElement\":[{\"@type\":\"ListItem\",\"position\":1,\"name\":\"Home\",\"item\":\"https:\\\/\\\/safetysourcefire.ca\\\/\"},{\"@type\":\"ListItem\",\"position\":2,\"name\":\"Products\",\"item\":\"https:\\\/\\\/safetysourcefire.ca\\\/shop\\\/\"},{\"@type\":\"ListItem\",\"position\":3,\"name\":\"Survivor\u00ae X Right Angle ATEX Light, Rechargeable or Alkaline\"}]},{\"@type\":\"WebSite\",\"@id\":\"https:\\\/\\\/safetysourcefire.ca\\\/#website\",\"url\":\"https:\\\/\\\/safetysourcefire.ca\\\/\",\"name\":\"Safety Source Fire\",\"description\":\"\",\"publisher\":{\"@id\":\"https:\\\/\\\/safetysourcefire.ca\\\/#organization\"},\"potentialAction\":[{\"@type\":\"SearchAction\",\"target\":{\"@type\":\"EntryPoint\",\"urlTemplate\":\"https:\\\/\\\/safetysourcefire.ca\\\/?s={search_term_string}\"},\"query-input\":{\"@type\":\"PropertyValueSpecification\",\"valueRequired\":true,\"valueName\":\"search_term_string\"}}],\"inLanguage\":\"fr-CA\"},{\"@type\":\"Organization\",\"@id\":\"https:\\\/\\\/safetysourcefire.ca\\\/#organization\",\"name\":\"Safety Source Fire\",\"url\":\"https:\\\/\\\/safetysourcefire.ca\\\/\",\"logo\":{\"@type\":\"ImageObject\",\"inLanguage\":\"fr-CA\",\"@id\":\"https:\\\/\\\/safetysourcefire.ca\\\/#\\\/schema\\\/logo\\\/image\\\/\",\"url\":\"https:\\\/\\\/safetysourcefire.ca\\\/wp-content\\\/uploads\\\/2021\\\/01\\\/SSF_logo_CC0000-3.png\",\"contentUrl\":\"https:\\\/\\\/safetysourcefire.ca\\\/wp-content\\\/uploads\\\/2021\\\/01\\\/SSF_logo_CC0000-3.png\",\"width\":1107,\"height\":365,\"caption\":\"Safety Source Fire\"},\"image\":{\"@id\":\"https:\\\/\\\/safetysourcefire.ca\\\/#\\\/schema\\\/logo\\\/image\\\/\"},\"sameAs\":[\"https:\\\/\\\/www.facebook.com\\\/mmfssca\",\"https:\\\/\\\/x.com\\\/mmfssca\"]}]}<\/script>\n<!-- \/ Yoast SEO plugin. -->","yoast_head_json":{"title":"Lampe ATEX \u00e0 angle droit Survivor\u00ae X, rechargeable ou alcaline - Source de s\u00e9curit\u00e9 incendie","robots":{"index":"index","follow":"follow","max-snippet":"max-snippet:-1","max-image-preview":"max-image-preview:large","max-video-preview":"max-video-preview:-1"},"canonical":"https:\/\/safetysourcefire.ca\/fr\/?product=survivor-x-atex","og_locale":"fr_CA","og_type":"article","og_title":"Survivor\u00ae X Right Angle ATEX Light, Rechargeable or Alkaline - Safety Source Fire","og_description":"More Output, More Features and More Power Options.","og_url":"https:\/\/safetysourcefire.ca\/fr\/?product=survivor-x-atex","og_site_name":"Safety Source Fire","article_publisher":"https:\/\/www.facebook.com\/mmfssca","article_modified_time":"2022-07-05T14:22:52+00:00","og_image":[{"width":600,"height":600,"url":"https:\/\/safetysourcefire.ca\/wp-content\/uploads\/2022\/07\/survivor-x-atex_1.jpg","type":"image\/jpeg"}],"twitter_card":"summary_large_image","twitter_site":"@mmfssca","twitter_misc":{"Estimation du temps de lecture":"2 minutes"},"schema":{"@context":"https:\/\/schema.org","@graph":[{"@type":"WebPage","@id":"https:\/\/safetysourcefire.ca\/?product=survivor-x-atex","url":"https:\/\/safetysourcefire.ca\/?product=survivor-x-atex","name":"Lampe ATEX \u00e0 angle droit Survivor\u00ae X, rechargeable ou alcaline - Source de s\u00e9curit\u00e9 incendie","isPartOf":{"@id":"https:\/\/safetysourcefire.ca\/#website"},"primaryImageOfPage":{"@id":"https:\/\/safetysourcefire.ca\/?product=survivor-x-atex#primaryimage"},"image":{"@id":"https:\/\/safetysourcefire.ca\/?product=survivor-x-atex#primaryimage"},"thumbnailUrl":"https:\/\/safetysourcefire.ca\/wp-content\/uploads\/2022\/07\/survivor-x-atex_1.jpg","datePublished":"2022-07-05T14:11:13+00:00","dateModified":"2022-07-05T14:22:52+00:00","breadcrumb":{"@id":"https:\/\/safetysourcefire.ca\/?product=survivor-x-atex#breadcrumb"},"inLanguage":"fr-CA","potentialAction":[{"@type":"ReadAction","target":["https:\/\/safetysourcefire.ca\/?product=survivor-x-atex"]}]},{"@type":"ImageObject","inLanguage":"fr-CA","@id":"https:\/\/safetysourcefire.ca\/?product=survivor-x-atex#primaryimage","url":"https:\/\/safetysourcefire.ca\/wp-content\/uploads\/2022\/07\/survivor-x-atex_1.jpg","contentUrl":"https:\/\/safetysourcefire.ca\/wp-content\/uploads\/2022\/07\/survivor-x-atex_1.jpg","width":600,"height":600,"caption":"Survivor X ATEX"},{"@type":"BreadcrumbList","@id":"https:\/\/safetysourcefire.ca\/?product=survivor-x-atex#breadcrumb","itemListElement":[{"@type":"ListItem","position":1,"name":"Home","item":"https:\/\/safetysourcefire.ca\/"},{"@type":"ListItem","position":2,"name":"Products","item":"https:\/\/safetysourcefire.ca\/shop\/"},{"@type":"ListItem","position":3,"name":"Survivor\u00ae X Right Angle ATEX Light, Rechargeable or Alkaline"}]},{"@type":"WebSite","@id":"https:\/\/safetysourcefire.ca\/#website","url":"https:\/\/safetysourcefire.ca\/","name":"Safety Source Fire","description":"","publisher":{"@id":"https:\/\/safetysourcefire.ca\/#organization"},"potentialAction":[{"@type":"SearchAction","target":{"@type":"EntryPoint","urlTemplate":"https:\/\/safetysourcefire.ca\/?s={search_term_string}"},"query-input":{"@type":"PropertyValueSpecification","valueRequired":true,"valueName":"search_term_string"}}],"inLanguage":"fr-CA"},{"@type":"Organization","@id":"https:\/\/safetysourcefire.ca\/#organization","name":"Safety Source Fire","url":"https:\/\/safetysourcefire.ca\/","logo":{"@type":"ImageObject","inLanguage":"fr-CA","@id":"https:\/\/safetysourcefire.ca\/#\/schema\/logo\/image\/","url":"https:\/\/safetysourcefire.ca\/wp-content\/uploads\/2021\/01\/SSF_logo_CC0000-3.png","contentUrl":"https:\/\/safetysourcefire.ca\/wp-content\/uploads\/2021\/01\/SSF_logo_CC0000-3.png","width":1107,"height":365,"caption":"Safety Source Fire"},"image":{"@id":"https:\/\/safetysourcefire.ca\/#\/schema\/logo\/image\/"},"sameAs":["https:\/\/www.facebook.com\/mmfssca","https:\/\/x.com\/mmfssca"]}]}},"_links":{"self":[{"href":"https:\/\/safetysourcefire.ca\/fr\/wp-json\/wp\/v2\/product\/26701","targetHints":{"allow":["GET"]}}],"collection":[{"href":"https:\/\/safetysourcefire.ca\/fr\/wp-json\/wp\/v2\/product"}],"about":[{"href":"https:\/\/safetysourcefire.ca\/fr\/wp-json\/wp\/v2\/types\/product"}],"wp:featuredmedia":[{"embeddable":true,"href":"https:\/\/safetysourcefire.ca\/fr\/wp-json\/wp\/v2\/media\/26702"}],"wp:attachment":[{"href":"https:\/\/safetysourcefire.ca\/fr\/wp-json\/wp\/v2\/media?parent=26701"}],"wp:term":[{"taxonomy":"product_brand","embeddable":true,"href":"https:\/\/safetysourcefire.ca\/fr\/wp-json\/wp\/v2\/product_brand?post=26701"},{"taxonomy":"product_cat","embeddable":true,"href":"https:\/\/safetysourcefire.ca\/fr\/wp-json\/wp\/v2\/product_cat?post=26701"},{"taxonomy":"product_tag","embeddable":true,"href":"https:\/\/safetysourcefire.ca\/fr\/wp-json\/wp\/v2\/product_tag?post=26701"}],"curies":[{"name":"wp","href":"https:\/\/api.w.org\/{rel}","templated":true}]}}