{"id":2681,"date":"2017-06-13T21:26:55","date_gmt":"2017-06-13T21:26:55","guid":{"rendered":"http:\/\/mmfss.ca\/?post_type=product&#038;p=2681"},"modified":"2020-04-27T21:24:04","modified_gmt":"2020-04-27T21:24:04","slug":"thunderfog-playpipe-2-565mm","status":"publish","type":"product","link":"https:\/\/safetysourcefire.ca\/fr\/produit\/thunderfog-playpipe-2-565mm\/","title":{"rendered":"Lance Thunderfog 2,5 pouces (65 mm)"},"content":{"rendered":"<p>Disponible dans d&#039;autres configurations<\/p>\n<p>Buse \u00e0 d\u00e9bit s\u00e9lectionnable avec cinq r\u00e9glages soit 95, 125, 150, 200 et 250 gpm \u00e0 100 psi (360-470-570-750-950 l\/min \u00e0 7 bar). Tous les mat\u00e9riaux sont l\u00e9gers, fait en aluminium anodis\u00e9 dur. Permet le rincage sans avoir besoin d'\u00e9teindre. Dents de brouillard fixes \u00e0 coupe unique ou dents rotatives en acier inoxydable en option. Si\u00e8ge de soupape arri\u00e8re \u00e0 changement rapide et boule d'arr\u00eat en acier inoxydable. Alliage d'aluminium anodis\u00e9 \u00e0 rev\u00eatement dur l\u00e9ger pour emp\u00eacher la corrosion et l'usure. La buse est attach\u00e9e \u00e0 la valve et n'est pas amovible. Les poign\u00e9es de la playpipe sont recouvertes de caoutchouc et con\u00e7ues pour r\u00e9duire la fatigue de l'utilisateur. L'accouplement \u00e0 bascule pivotant \u00e0 temps plein de 2,5\u2033 est standard.<\/p>\n<p>Poids : 10 000 livres (4,535 kg)<\/p>\n<table>\n<tbody>\n<tr>\n<td><strong>M\u00e9thode de contr\u00f4le du flux<\/strong><\/td>\n<td>D\u00e9bit de pression s\u00e9lectionnable (d\u00e9bit constant- ne change pas selon le mod\u00e8le)<\/td>\n<\/tr>\n<tr>\n<td><strong>D\u00e9bit<\/strong><\/td>\n<td>95 &amp; 125 &amp; 150 &amp; 200 &amp; 250 gpm (360 &amp; 470 &amp; 570 &amp; 750 &amp; 950 l\/min)<\/td>\n<\/tr>\n<tr>\n<td><strong>Taille de couplage (buses)<\/strong><\/td>\n<td>2,5 pouces (65 mm)<\/td>\n<\/tr>\n<tr>\n<td><strong>Style de couplage (buses)<\/strong><\/td>\n<td>Bascule<\/td>\n<\/tr>\n<tr>\n<td><strong>Couplage Pivotant\/Rigide (Buses)<\/strong><\/td>\n<td>Pivotant (en tout temps, m\u00eame apr\u00e8s serrage)<\/td>\n<\/tr>\n<tr>\n<td><strong>Pression<\/strong><\/td>\n<td>100 psi (7 bars)<\/td>\n<\/tr>\n<tr>\n<td><strong>Style de corps de buse<\/strong><\/td>\n<td>Buse avec arr\u00eat et poign\u00e9e playpipe<\/td>\n<\/tr>\n<tr>\n<td><strong>Conception de vanne<\/strong><\/td>\n<td>Valve \u00e0 balle (inox)<\/td>\n<\/tr>\n<tr>\n<td><strong>M\u00e9thode d&#039;actionnement de la vanne<\/strong><\/td>\n<td>Fer \u00e0 cheval (Nylon moul\u00e9 par injection avec poign\u00e9e color\u00e9e)<\/td>\n<\/tr>\n<tr>\n<td><strong>M\u00e9thode de motif de brouillard<\/strong><\/td>\n<td>Dents en acier inoxydable (rotation)<\/td>\n<\/tr>\n<tr>\n<td><strong>Mat\u00e9riau du pare-chocs de la buse<\/strong><\/td>\n<td>Caoutchouc \u2013 coll\u00e9<\/td>\n<\/tr>\n<tr>\n<td><strong>Certifications<\/strong><\/td>\n<td>FM<\/td>\n<\/tr>\n<tr>\n<td><strong>Performance d&#039;expansion de la mousse<\/strong><\/td>\n<td>N \/ A<\/td>\n<\/tr>\n<tr>\n<td><strong>M\u00e9thode d&#039;actionnement de mod\u00e8le<\/strong><\/td>\n<td>Manuel<\/td>\n<\/tr>\n<\/tbody>\n<\/table>","protected":false},"excerpt":{"rendered":"<p>La lance combin\u00e9e la plus compacte disponible sur le march\u00e9. Pour une utilisation sur des lignes de 2,5 \"ou 3\".<\/p>","protected":false},"featured_media":2617,"template":"","meta":[],"product_brand":[179],"product_cat":[44,66],"product_tag":[355,354],"class_list":{"0":"post-2681","1":"product","2":"type-product","3":"status-publish","4":"has-post-thumbnail","6":"product_brand-tft","7":"product_cat-fire-suppression","8":"product_cat-nozzles-monitors","9":"product_tag-task-force-tips","10":"product_tag-tft","12":"first","13":"instock","14":"shipping-taxable","15":"product-type-simple"},"yoast_head":"<!-- This site is optimized with the Yoast SEO plugin v27.4 - https:\/\/yoast.com\/product\/yoast-seo-wordpress\/ -->\n<title>Thunderfog Playpipe 2.5&quot;(65mm) - Safety Source Fire<\/title>\n<meta name=\"robots\" content=\"index, follow, max-snippet:-1, max-image-preview:large, max-video-preview:-1\" \/>\n<link rel=\"canonical\" href=\"https:\/\/safetysourcefire.ca\/fr\/?product=thunderfog-playpipe-2-565mm\" \/>\n<meta property=\"og:locale\" content=\"fr_CA\" \/>\n<meta property=\"og:type\" content=\"article\" \/>\n<meta property=\"og:title\" content=\"Thunderfog Playpipe 2.5&quot;(65mm) - Safety Source Fire\" \/>\n<meta property=\"og:description\" content=\"Smallest, most compact nozzle\/playpipe combination available for use on 2.5&quot; or 3&quot; lines.\" \/>\n<meta property=\"og:url\" content=\"https:\/\/safetysourcefire.ca\/fr\/?product=thunderfog-playpipe-2-565mm\" \/>\n<meta property=\"og:site_name\" content=\"Safety Source Fire\" \/>\n<meta property=\"article:publisher\" content=\"https:\/\/www.facebook.com\/mmfssca\" \/>\n<meta property=\"article:modified_time\" content=\"2020-04-27T21:24:04+00:00\" \/>\n<meta property=\"og:image\" content=\"https:\/\/safetysourcefire.ca\/wp-content\/uploads\/2017\/06\/JTS250PPS.jpg\" \/>\n\t<meta property=\"og:image:width\" content=\"600\" \/>\n\t<meta property=\"og:image:height\" content=\"600\" \/>\n\t<meta property=\"og:image:type\" content=\"image\/jpeg\" \/>\n<meta name=\"twitter:card\" content=\"summary_large_image\" \/>\n<meta name=\"twitter:site\" content=\"@mmfssca\" \/>\n<meta name=\"twitter:label1\" content=\"Estimation du temps de lecture\" \/>\n\t<meta name=\"twitter:data1\" content=\"1 minute\" \/>\n<script type=\"application\/ld+json\" class=\"yoast-schema-graph\">{\"@context\":\"https:\\\/\\\/schema.org\",\"@graph\":[{\"@type\":\"WebPage\",\"@id\":\"https:\\\/\\\/safetysourcefire.ca\\\/?product=thunderfog-playpipe-2-565mm\",\"url\":\"https:\\\/\\\/safetysourcefire.ca\\\/?product=thunderfog-playpipe-2-565mm\",\"name\":\"Thunderfog Playpipe 2.5\\\"(65mm) - Safety Source Fire\",\"isPartOf\":{\"@id\":\"https:\\\/\\\/safetysourcefire.ca\\\/#website\"},\"primaryImageOfPage\":{\"@id\":\"https:\\\/\\\/safetysourcefire.ca\\\/?product=thunderfog-playpipe-2-565mm#primaryimage\"},\"image\":{\"@id\":\"https:\\\/\\\/safetysourcefire.ca\\\/?product=thunderfog-playpipe-2-565mm#primaryimage\"},\"thumbnailUrl\":\"https:\\\/\\\/safetysourcefire.ca\\\/wp-content\\\/uploads\\\/2017\\\/06\\\/JTS250PPS.jpg\",\"datePublished\":\"2017-06-13T21:26:55+00:00\",\"dateModified\":\"2020-04-27T21:24:04+00:00\",\"breadcrumb\":{\"@id\":\"https:\\\/\\\/safetysourcefire.ca\\\/?product=thunderfog-playpipe-2-565mm#breadcrumb\"},\"inLanguage\":\"fr-CA\",\"potentialAction\":[{\"@type\":\"ReadAction\",\"target\":[\"https:\\\/\\\/safetysourcefire.ca\\\/?product=thunderfog-playpipe-2-565mm\"]}]},{\"@type\":\"ImageObject\",\"inLanguage\":\"fr-CA\",\"@id\":\"https:\\\/\\\/safetysourcefire.ca\\\/?product=thunderfog-playpipe-2-565mm#primaryimage\",\"url\":\"https:\\\/\\\/safetysourcefire.ca\\\/wp-content\\\/uploads\\\/2017\\\/06\\\/JTS250PPS.jpg\",\"contentUrl\":\"https:\\\/\\\/safetysourcefire.ca\\\/wp-content\\\/uploads\\\/2017\\\/06\\\/JTS250PPS.jpg\",\"width\":600,\"height\":600,\"caption\":\"Thunderfog Playpipe\"},{\"@type\":\"BreadcrumbList\",\"@id\":\"https:\\\/\\\/safetysourcefire.ca\\\/?product=thunderfog-playpipe-2-565mm#breadcrumb\",\"itemListElement\":[{\"@type\":\"ListItem\",\"position\":1,\"name\":\"Home\",\"item\":\"https:\\\/\\\/safetysourcefire.ca\\\/\"},{\"@type\":\"ListItem\",\"position\":2,\"name\":\"Products\",\"item\":\"https:\\\/\\\/safetysourcefire.ca\\\/shop\\\/\"},{\"@type\":\"ListItem\",\"position\":3,\"name\":\"Thunderfog Playpipe 2.5&#8243;(65mm)\"}]},{\"@type\":\"WebSite\",\"@id\":\"https:\\\/\\\/safetysourcefire.ca\\\/#website\",\"url\":\"https:\\\/\\\/safetysourcefire.ca\\\/\",\"name\":\"Safety Source Fire\",\"description\":\"\",\"publisher\":{\"@id\":\"https:\\\/\\\/safetysourcefire.ca\\\/#organization\"},\"potentialAction\":[{\"@type\":\"SearchAction\",\"target\":{\"@type\":\"EntryPoint\",\"urlTemplate\":\"https:\\\/\\\/safetysourcefire.ca\\\/?s={search_term_string}\"},\"query-input\":{\"@type\":\"PropertyValueSpecification\",\"valueRequired\":true,\"valueName\":\"search_term_string\"}}],\"inLanguage\":\"fr-CA\"},{\"@type\":\"Organization\",\"@id\":\"https:\\\/\\\/safetysourcefire.ca\\\/#organization\",\"name\":\"Safety Source Fire\",\"url\":\"https:\\\/\\\/safetysourcefire.ca\\\/\",\"logo\":{\"@type\":\"ImageObject\",\"inLanguage\":\"fr-CA\",\"@id\":\"https:\\\/\\\/safetysourcefire.ca\\\/#\\\/schema\\\/logo\\\/image\\\/\",\"url\":\"https:\\\/\\\/safetysourcefire.ca\\\/wp-content\\\/uploads\\\/2021\\\/01\\\/SSF_logo_CC0000-3.png\",\"contentUrl\":\"https:\\\/\\\/safetysourcefire.ca\\\/wp-content\\\/uploads\\\/2021\\\/01\\\/SSF_logo_CC0000-3.png\",\"width\":1107,\"height\":365,\"caption\":\"Safety Source Fire\"},\"image\":{\"@id\":\"https:\\\/\\\/safetysourcefire.ca\\\/#\\\/schema\\\/logo\\\/image\\\/\"},\"sameAs\":[\"https:\\\/\\\/www.facebook.com\\\/mmfssca\",\"https:\\\/\\\/x.com\\\/mmfssca\"]}]}<\/script>\n<!-- \/ Yoast SEO plugin. -->","yoast_head_json":{"title":"Thunderfog Playpipe 2.5\"(65mm) - Safety Source Fire","robots":{"index":"index","follow":"follow","max-snippet":"max-snippet:-1","max-image-preview":"max-image-preview:large","max-video-preview":"max-video-preview:-1"},"canonical":"https:\/\/safetysourcefire.ca\/fr\/?product=thunderfog-playpipe-2-565mm","og_locale":"fr_CA","og_type":"article","og_title":"Thunderfog Playpipe 2.5\"(65mm) - Safety Source Fire","og_description":"Smallest, most compact nozzle\/playpipe combination available for use on 2.5\" or 3\" lines.","og_url":"https:\/\/safetysourcefire.ca\/fr\/?product=thunderfog-playpipe-2-565mm","og_site_name":"Safety Source Fire","article_publisher":"https:\/\/www.facebook.com\/mmfssca","article_modified_time":"2020-04-27T21:24:04+00:00","og_image":[{"width":600,"height":600,"url":"https:\/\/safetysourcefire.ca\/wp-content\/uploads\/2017\/06\/JTS250PPS.jpg","type":"image\/jpeg"}],"twitter_card":"summary_large_image","twitter_site":"@mmfssca","twitter_misc":{"Estimation du temps de lecture":"1 minute"},"schema":{"@context":"https:\/\/schema.org","@graph":[{"@type":"WebPage","@id":"https:\/\/safetysourcefire.ca\/?product=thunderfog-playpipe-2-565mm","url":"https:\/\/safetysourcefire.ca\/?product=thunderfog-playpipe-2-565mm","name":"Thunderfog Playpipe 2.5\"(65mm) - Safety Source Fire","isPartOf":{"@id":"https:\/\/safetysourcefire.ca\/#website"},"primaryImageOfPage":{"@id":"https:\/\/safetysourcefire.ca\/?product=thunderfog-playpipe-2-565mm#primaryimage"},"image":{"@id":"https:\/\/safetysourcefire.ca\/?product=thunderfog-playpipe-2-565mm#primaryimage"},"thumbnailUrl":"https:\/\/safetysourcefire.ca\/wp-content\/uploads\/2017\/06\/JTS250PPS.jpg","datePublished":"2017-06-13T21:26:55+00:00","dateModified":"2020-04-27T21:24:04+00:00","breadcrumb":{"@id":"https:\/\/safetysourcefire.ca\/?product=thunderfog-playpipe-2-565mm#breadcrumb"},"inLanguage":"fr-CA","potentialAction":[{"@type":"ReadAction","target":["https:\/\/safetysourcefire.ca\/?product=thunderfog-playpipe-2-565mm"]}]},{"@type":"ImageObject","inLanguage":"fr-CA","@id":"https:\/\/safetysourcefire.ca\/?product=thunderfog-playpipe-2-565mm#primaryimage","url":"https:\/\/safetysourcefire.ca\/wp-content\/uploads\/2017\/06\/JTS250PPS.jpg","contentUrl":"https:\/\/safetysourcefire.ca\/wp-content\/uploads\/2017\/06\/JTS250PPS.jpg","width":600,"height":600,"caption":"Thunderfog Playpipe"},{"@type":"BreadcrumbList","@id":"https:\/\/safetysourcefire.ca\/?product=thunderfog-playpipe-2-565mm#breadcrumb","itemListElement":[{"@type":"ListItem","position":1,"name":"Home","item":"https:\/\/safetysourcefire.ca\/"},{"@type":"ListItem","position":2,"name":"Products","item":"https:\/\/safetysourcefire.ca\/shop\/"},{"@type":"ListItem","position":3,"name":"Thunderfog Playpipe 2.5&#8243;(65mm)"}]},{"@type":"WebSite","@id":"https:\/\/safetysourcefire.ca\/#website","url":"https:\/\/safetysourcefire.ca\/","name":"Safety Source Fire","description":"","publisher":{"@id":"https:\/\/safetysourcefire.ca\/#organization"},"potentialAction":[{"@type":"SearchAction","target":{"@type":"EntryPoint","urlTemplate":"https:\/\/safetysourcefire.ca\/?s={search_term_string}"},"query-input":{"@type":"PropertyValueSpecification","valueRequired":true,"valueName":"search_term_string"}}],"inLanguage":"fr-CA"},{"@type":"Organization","@id":"https:\/\/safetysourcefire.ca\/#organization","name":"Safety Source Fire","url":"https:\/\/safetysourcefire.ca\/","logo":{"@type":"ImageObject","inLanguage":"fr-CA","@id":"https:\/\/safetysourcefire.ca\/#\/schema\/logo\/image\/","url":"https:\/\/safetysourcefire.ca\/wp-content\/uploads\/2021\/01\/SSF_logo_CC0000-3.png","contentUrl":"https:\/\/safetysourcefire.ca\/wp-content\/uploads\/2021\/01\/SSF_logo_CC0000-3.png","width":1107,"height":365,"caption":"Safety Source Fire"},"image":{"@id":"https:\/\/safetysourcefire.ca\/#\/schema\/logo\/image\/"},"sameAs":["https:\/\/www.facebook.com\/mmfssca","https:\/\/x.com\/mmfssca"]}]}},"_links":{"self":[{"href":"https:\/\/safetysourcefire.ca\/fr\/wp-json\/wp\/v2\/product\/2681","targetHints":{"allow":["GET"]}}],"collection":[{"href":"https:\/\/safetysourcefire.ca\/fr\/wp-json\/wp\/v2\/product"}],"about":[{"href":"https:\/\/safetysourcefire.ca\/fr\/wp-json\/wp\/v2\/types\/product"}],"wp:featuredmedia":[{"embeddable":true,"href":"https:\/\/safetysourcefire.ca\/fr\/wp-json\/wp\/v2\/media\/2617"}],"wp:attachment":[{"href":"https:\/\/safetysourcefire.ca\/fr\/wp-json\/wp\/v2\/media?parent=2681"}],"wp:term":[{"taxonomy":"product_brand","embeddable":true,"href":"https:\/\/safetysourcefire.ca\/fr\/wp-json\/wp\/v2\/product_brand?post=2681"},{"taxonomy":"product_cat","embeddable":true,"href":"https:\/\/safetysourcefire.ca\/fr\/wp-json\/wp\/v2\/product_cat?post=2681"},{"taxonomy":"product_tag","embeddable":true,"href":"https:\/\/safetysourcefire.ca\/fr\/wp-json\/wp\/v2\/product_tag?post=2681"}],"curies":[{"name":"wp","href":"https:\/\/api.w.org\/{rel}","templated":true}]}}