{"id":26834,"date":"2022-09-07T20:55:57","date_gmt":"2022-09-07T20:55:57","guid":{"rendered":"https:\/\/safetysourcefire.ca\/?post_type=product&#038;p=26834"},"modified":"2024-08-16T12:53:28","modified_gmt":"2024-08-16T12:53:28","slug":"dc-scenestar-led-scene-light-head-only-19000-lumen","status":"publish","type":"product","link":"https:\/\/safetysourcefire.ca\/fr\/produit\/dc-scenestar-led-scene-light-head-only-19000-lumen\/","title":{"rendered":"Lumi\u00e8re de sc\u00e8ne LED DC SceneStar - T\u00eate uniquement (19 000 lumens)"},"content":{"rendered":"<p>ELSS-XLDC<\/p>\n<p>La lumi\u00e8re de sc\u00e8ne LED haute puissance a \u00e9t\u00e9 con\u00e7ue pour fournir des niveaux de rendement lumineux de pointe avec coh\u00e9rence et fiabilit\u00e9. Les \u00e9clairages de sc\u00e8ne \u00e0 LED SceneStar continueront \u00e0 fournir un \u00e9clairage global m\u00eame \u00e0 des temp\u00e9ratures de fonctionnement \u00e9lev\u00e9es gr\u00e2ce \u00e0 une gestion thermique optimis\u00e9e. L&#039;\u00e9lectronique \u00e0 semi-conducteurs assure une dur\u00e9e de vie de performances optimales. Contactez un distributeur pour obtenir plus d&#039;informations sur nos \u00e9clairages de sc\u00e8ne \u00e0 LED.<\/p>\n<p>Caract\u00e9ristiques d&#039;\u00e9clairage de sc\u00e8ne d&#039;incendie SceneStar\u00a0:<\/p>\n<ul>\n<li>19 000 lumens<\/li>\n<li>Puissance : 220 Watts<\/li>\n<li>Tension\u00a0: 10-32\u00a0VCC<\/li>\n<li>Courant : 18 amp\u00e8res (\u00e0 12 VDC), 9 amp\u00e8res (\u00e0 24 VDC)<\/li>\n<li>Dimensions du phare : 14\u2033 L x 4,25\u2033 H x 5,6\u2033 P (356 x 108 x 142 mm)<\/li>\n<li>Esth\u00e9tique \u00e9pur\u00e9e dans un design compact<\/li>\n<li>La couleur est blanche<\/li>\n<li>Garantie de 6 ans \u00e0 la pointe de l&#039;industrie<\/li>\n<li>Construction fonctionnelle (technologie LED durable)<\/li>\n<li>Faible lumi\u00e8re ultraviolette - attire moins d&#039;insectes pendant le fonctionnement nocturne<\/li>\n<\/ul>\n<p><iframe loading=\"lazy\" title=\"\u00c9clairage de sc\u00e8ne \u00e0 DEL CA et CC SceneStar\u2122\" width=\"980\" height=\"551\" src=\"https:\/\/www.youtube.com\/embed\/RDxpbYeBfow?feature=oembed&#038;enablejsapi=1&#038;origin=https:\/\/safetysourcefire.ca\" frameborder=\"0\" allow=\"accelerometer; autoplay; clipboard-write; encrypted-media; gyroscope; picture-in-picture; web-share\" referrerpolicy=\"strict-origin-when-cross-origin\" allowfullscreen><\/iframe><\/p>\n<p>&nbsp;<\/p>","protected":false},"excerpt":{"rendered":"<p><strong>Prix de liquidation\u00a0: $1\u00a0569<br \/>\n<\/strong><em>Jusqu&#039;\u00e0 \u00e9puisement des stocks. Veuillez noter : les ventes d&#039;articles en liquidation sont d\u00e9finitives ; aucun \u00e9change ni retour.<\/em><\/p>","protected":false},"featured_media":26835,"template":"","meta":[],"product_brand":[147],"product_cat":[43,48,80],"product_tag":[501],"class_list":{"0":"post-26834","1":"product","2":"type-product","3":"status-publish","4":"has-post-thumbnail","6":"product_brand-akron-brass","7":"product_cat-clearance","8":"product_cat-lighting","9":"product_cat-scene-lighting","10":"product_tag-akron","12":"first","13":"instock","14":"shipping-taxable","15":"product-type-simple"},"yoast_head":"<!-- This site is optimized with the Yoast SEO plugin v27.4 - https:\/\/yoast.com\/product\/yoast-seo-wordpress\/ -->\n<title>DC SceneStar LED Scene Light - Head Only (19000 Lumen) - Safety Source Fire<\/title>\n<meta name=\"robots\" content=\"index, follow, max-snippet:-1, max-image-preview:large, max-video-preview:-1\" \/>\n<link rel=\"canonical\" href=\"https:\/\/safetysourcefire.ca\/fr\/?product=dc-scenestar-led-scene-light-head-only-19000-lumen\" \/>\n<meta property=\"og:locale\" content=\"fr_CA\" \/>\n<meta property=\"og:type\" content=\"article\" \/>\n<meta property=\"og:title\" content=\"DC SceneStar LED Scene Light - Head Only (19000 Lumen) - Safety Source Fire\" \/>\n<meta property=\"og:description\" content=\"Clearance Price: $1,569 While quantities last. Please note: Clearance item sales are final; no exchanges or returns.\" \/>\n<meta property=\"og:url\" content=\"https:\/\/safetysourcefire.ca\/fr\/?product=dc-scenestar-led-scene-light-head-only-19000-lumen\" \/>\n<meta property=\"og:site_name\" content=\"Safety Source Fire\" \/>\n<meta property=\"article:publisher\" content=\"https:\/\/www.facebook.com\/mmfssca\" \/>\n<meta property=\"article:modified_time\" content=\"2024-08-16T12:53:28+00:00\" \/>\n<meta property=\"og:image\" content=\"https:\/\/safetysourcefire.ca\/wp-content\/uploads\/2022\/09\/scenestar_7.jpg\" \/>\n\t<meta property=\"og:image:width\" content=\"600\" \/>\n\t<meta property=\"og:image:height\" content=\"600\" \/>\n\t<meta property=\"og:image:type\" content=\"image\/jpeg\" \/>\n<meta name=\"twitter:card\" content=\"summary_large_image\" \/>\n<meta name=\"twitter:site\" content=\"@mmfssca\" \/>\n<meta name=\"twitter:label1\" content=\"Estimation du temps de lecture\" \/>\n\t<meta name=\"twitter:data1\" content=\"1 minute\" \/>\n<script type=\"application\/ld+json\" class=\"yoast-schema-graph\">{\"@context\":\"https:\\\/\\\/schema.org\",\"@graph\":[{\"@type\":\"WebPage\",\"@id\":\"https:\\\/\\\/safetysourcefire.ca\\\/?product=dc-scenestar-led-scene-light-head-only-19000-lumen\",\"url\":\"https:\\\/\\\/safetysourcefire.ca\\\/?product=dc-scenestar-led-scene-light-head-only-19000-lumen\",\"name\":\"DC SceneStar LED Scene Light - Head Only (19000 Lumen) - Safety Source Fire\",\"isPartOf\":{\"@id\":\"https:\\\/\\\/safetysourcefire.ca\\\/#website\"},\"primaryImageOfPage\":{\"@id\":\"https:\\\/\\\/safetysourcefire.ca\\\/?product=dc-scenestar-led-scene-light-head-only-19000-lumen#primaryimage\"},\"image\":{\"@id\":\"https:\\\/\\\/safetysourcefire.ca\\\/?product=dc-scenestar-led-scene-light-head-only-19000-lumen#primaryimage\"},\"thumbnailUrl\":\"https:\\\/\\\/safetysourcefire.ca\\\/wp-content\\\/uploads\\\/2022\\\/09\\\/scenestar_7.jpg\",\"datePublished\":\"2022-09-07T20:55:57+00:00\",\"dateModified\":\"2024-08-16T12:53:28+00:00\",\"breadcrumb\":{\"@id\":\"https:\\\/\\\/safetysourcefire.ca\\\/?product=dc-scenestar-led-scene-light-head-only-19000-lumen#breadcrumb\"},\"inLanguage\":\"fr-CA\",\"potentialAction\":[{\"@type\":\"ReadAction\",\"target\":[\"https:\\\/\\\/safetysourcefire.ca\\\/?product=dc-scenestar-led-scene-light-head-only-19000-lumen\"]}]},{\"@type\":\"ImageObject\",\"inLanguage\":\"fr-CA\",\"@id\":\"https:\\\/\\\/safetysourcefire.ca\\\/?product=dc-scenestar-led-scene-light-head-only-19000-lumen#primaryimage\",\"url\":\"https:\\\/\\\/safetysourcefire.ca\\\/wp-content\\\/uploads\\\/2022\\\/09\\\/scenestar_7.jpg\",\"contentUrl\":\"https:\\\/\\\/safetysourcefire.ca\\\/wp-content\\\/uploads\\\/2022\\\/09\\\/scenestar_7.jpg\",\"width\":600,\"height\":600,\"caption\":\"scenestar light\"},{\"@type\":\"BreadcrumbList\",\"@id\":\"https:\\\/\\\/safetysourcefire.ca\\\/?product=dc-scenestar-led-scene-light-head-only-19000-lumen#breadcrumb\",\"itemListElement\":[{\"@type\":\"ListItem\",\"position\":1,\"name\":\"Home\",\"item\":\"https:\\\/\\\/safetysourcefire.ca\\\/\"},{\"@type\":\"ListItem\",\"position\":2,\"name\":\"Products\",\"item\":\"https:\\\/\\\/safetysourcefire.ca\\\/shop\\\/\"},{\"@type\":\"ListItem\",\"position\":3,\"name\":\"DC SceneStar LED Scene Light &#8211; Head Only (19000 Lumen)\"}]},{\"@type\":\"WebSite\",\"@id\":\"https:\\\/\\\/safetysourcefire.ca\\\/#website\",\"url\":\"https:\\\/\\\/safetysourcefire.ca\\\/\",\"name\":\"Safety Source Fire\",\"description\":\"\",\"publisher\":{\"@id\":\"https:\\\/\\\/safetysourcefire.ca\\\/#organization\"},\"potentialAction\":[{\"@type\":\"SearchAction\",\"target\":{\"@type\":\"EntryPoint\",\"urlTemplate\":\"https:\\\/\\\/safetysourcefire.ca\\\/?s={search_term_string}\"},\"query-input\":{\"@type\":\"PropertyValueSpecification\",\"valueRequired\":true,\"valueName\":\"search_term_string\"}}],\"inLanguage\":\"fr-CA\"},{\"@type\":\"Organization\",\"@id\":\"https:\\\/\\\/safetysourcefire.ca\\\/#organization\",\"name\":\"Safety Source Fire\",\"url\":\"https:\\\/\\\/safetysourcefire.ca\\\/\",\"logo\":{\"@type\":\"ImageObject\",\"inLanguage\":\"fr-CA\",\"@id\":\"https:\\\/\\\/safetysourcefire.ca\\\/#\\\/schema\\\/logo\\\/image\\\/\",\"url\":\"https:\\\/\\\/safetysourcefire.ca\\\/wp-content\\\/uploads\\\/2021\\\/01\\\/SSF_logo_CC0000-3.png\",\"contentUrl\":\"https:\\\/\\\/safetysourcefire.ca\\\/wp-content\\\/uploads\\\/2021\\\/01\\\/SSF_logo_CC0000-3.png\",\"width\":1107,\"height\":365,\"caption\":\"Safety Source Fire\"},\"image\":{\"@id\":\"https:\\\/\\\/safetysourcefire.ca\\\/#\\\/schema\\\/logo\\\/image\\\/\"},\"sameAs\":[\"https:\\\/\\\/www.facebook.com\\\/mmfssca\",\"https:\\\/\\\/x.com\\\/mmfssca\"]}]}<\/script>\n<!-- \/ Yoast SEO plugin. -->","yoast_head_json":{"title":"Projecteur de sc\u00e8ne \u00e0 LED DC SceneStar - T\u00eate uniquement (19\u00a0000 lumens) - Source de s\u00e9curit\u00e9 incendie","robots":{"index":"index","follow":"follow","max-snippet":"max-snippet:-1","max-image-preview":"max-image-preview:large","max-video-preview":"max-video-preview:-1"},"canonical":"https:\/\/safetysourcefire.ca\/fr\/?product=dc-scenestar-led-scene-light-head-only-19000-lumen","og_locale":"fr_CA","og_type":"article","og_title":"DC SceneStar LED Scene Light - Head Only (19000 Lumen) - Safety Source Fire","og_description":"Clearance Price: $1,569 While quantities last. Please note: Clearance item sales are final; no exchanges or returns.","og_url":"https:\/\/safetysourcefire.ca\/fr\/?product=dc-scenestar-led-scene-light-head-only-19000-lumen","og_site_name":"Safety Source Fire","article_publisher":"https:\/\/www.facebook.com\/mmfssca","article_modified_time":"2024-08-16T12:53:28+00:00","og_image":[{"width":600,"height":600,"url":"https:\/\/safetysourcefire.ca\/wp-content\/uploads\/2022\/09\/scenestar_7.jpg","type":"image\/jpeg"}],"twitter_card":"summary_large_image","twitter_site":"@mmfssca","twitter_misc":{"Estimation du temps de lecture":"1 minute"},"schema":{"@context":"https:\/\/schema.org","@graph":[{"@type":"WebPage","@id":"https:\/\/safetysourcefire.ca\/?product=dc-scenestar-led-scene-light-head-only-19000-lumen","url":"https:\/\/safetysourcefire.ca\/?product=dc-scenestar-led-scene-light-head-only-19000-lumen","name":"Projecteur de sc\u00e8ne \u00e0 LED DC SceneStar - T\u00eate uniquement (19\u00a0000 lumens) - Source de s\u00e9curit\u00e9 incendie","isPartOf":{"@id":"https:\/\/safetysourcefire.ca\/#website"},"primaryImageOfPage":{"@id":"https:\/\/safetysourcefire.ca\/?product=dc-scenestar-led-scene-light-head-only-19000-lumen#primaryimage"},"image":{"@id":"https:\/\/safetysourcefire.ca\/?product=dc-scenestar-led-scene-light-head-only-19000-lumen#primaryimage"},"thumbnailUrl":"https:\/\/safetysourcefire.ca\/wp-content\/uploads\/2022\/09\/scenestar_7.jpg","datePublished":"2022-09-07T20:55:57+00:00","dateModified":"2024-08-16T12:53:28+00:00","breadcrumb":{"@id":"https:\/\/safetysourcefire.ca\/?product=dc-scenestar-led-scene-light-head-only-19000-lumen#breadcrumb"},"inLanguage":"fr-CA","potentialAction":[{"@type":"ReadAction","target":["https:\/\/safetysourcefire.ca\/?product=dc-scenestar-led-scene-light-head-only-19000-lumen"]}]},{"@type":"ImageObject","inLanguage":"fr-CA","@id":"https:\/\/safetysourcefire.ca\/?product=dc-scenestar-led-scene-light-head-only-19000-lumen#primaryimage","url":"https:\/\/safetysourcefire.ca\/wp-content\/uploads\/2022\/09\/scenestar_7.jpg","contentUrl":"https:\/\/safetysourcefire.ca\/wp-content\/uploads\/2022\/09\/scenestar_7.jpg","width":600,"height":600,"caption":"scenestar light"},{"@type":"BreadcrumbList","@id":"https:\/\/safetysourcefire.ca\/?product=dc-scenestar-led-scene-light-head-only-19000-lumen#breadcrumb","itemListElement":[{"@type":"ListItem","position":1,"name":"Home","item":"https:\/\/safetysourcefire.ca\/"},{"@type":"ListItem","position":2,"name":"Products","item":"https:\/\/safetysourcefire.ca\/shop\/"},{"@type":"ListItem","position":3,"name":"DC SceneStar LED Scene Light &#8211; Head Only (19000 Lumen)"}]},{"@type":"WebSite","@id":"https:\/\/safetysourcefire.ca\/#website","url":"https:\/\/safetysourcefire.ca\/","name":"Safety Source Fire","description":"","publisher":{"@id":"https:\/\/safetysourcefire.ca\/#organization"},"potentialAction":[{"@type":"SearchAction","target":{"@type":"EntryPoint","urlTemplate":"https:\/\/safetysourcefire.ca\/?s={search_term_string}"},"query-input":{"@type":"PropertyValueSpecification","valueRequired":true,"valueName":"search_term_string"}}],"inLanguage":"fr-CA"},{"@type":"Organization","@id":"https:\/\/safetysourcefire.ca\/#organization","name":"Safety Source Fire","url":"https:\/\/safetysourcefire.ca\/","logo":{"@type":"ImageObject","inLanguage":"fr-CA","@id":"https:\/\/safetysourcefire.ca\/#\/schema\/logo\/image\/","url":"https:\/\/safetysourcefire.ca\/wp-content\/uploads\/2021\/01\/SSF_logo_CC0000-3.png","contentUrl":"https:\/\/safetysourcefire.ca\/wp-content\/uploads\/2021\/01\/SSF_logo_CC0000-3.png","width":1107,"height":365,"caption":"Safety Source Fire"},"image":{"@id":"https:\/\/safetysourcefire.ca\/#\/schema\/logo\/image\/"},"sameAs":["https:\/\/www.facebook.com\/mmfssca","https:\/\/x.com\/mmfssca"]}]}},"_links":{"self":[{"href":"https:\/\/safetysourcefire.ca\/fr\/wp-json\/wp\/v2\/product\/26834","targetHints":{"allow":["GET"]}}],"collection":[{"href":"https:\/\/safetysourcefire.ca\/fr\/wp-json\/wp\/v2\/product"}],"about":[{"href":"https:\/\/safetysourcefire.ca\/fr\/wp-json\/wp\/v2\/types\/product"}],"wp:featuredmedia":[{"embeddable":true,"href":"https:\/\/safetysourcefire.ca\/fr\/wp-json\/wp\/v2\/media\/26835"}],"wp:attachment":[{"href":"https:\/\/safetysourcefire.ca\/fr\/wp-json\/wp\/v2\/media?parent=26834"}],"wp:term":[{"taxonomy":"product_brand","embeddable":true,"href":"https:\/\/safetysourcefire.ca\/fr\/wp-json\/wp\/v2\/product_brand?post=26834"},{"taxonomy":"product_cat","embeddable":true,"href":"https:\/\/safetysourcefire.ca\/fr\/wp-json\/wp\/v2\/product_cat?post=26834"},{"taxonomy":"product_tag","embeddable":true,"href":"https:\/\/safetysourcefire.ca\/fr\/wp-json\/wp\/v2\/product_tag?post=26834"}],"curies":[{"name":"wp","href":"https:\/\/api.w.org\/{rel}","templated":true}]}}