{"id":2689,"date":"2017-06-13T21:39:12","date_gmt":"2017-06-13T21:39:12","guid":{"rendered":"http:\/\/mmfss.ca\/?post_type=product&#038;p=2689"},"modified":"2020-04-27T21:23:45","modified_gmt":"2020-04-27T21:23:45","slug":"metro-2-tip-1-5-38mm","status":"publish","type":"product","link":"https:\/\/safetysourcefire.ca\/fr\/produit\/metro-2-tip-1-5-38mm\/","title":{"rendered":"Lance Metro 2 - 1,5 po (38 mm)"},"content":{"rendered":"<p>Disponible dans d&#039;autres configurations<\/p>\n<p>Buse \u00e0 d\u00e9bit fixe avec 10 choix de d\u00e9bit et de pression. Le Metro 2 comprend une chasse d'eau sans arr\u00eat, des dents en caoutchouc moul\u00e9es pour un motif de \u00abbrouillard de puissance\u00bb \u00e0 remplissage complet. Fait en aluminium anodis\u00e9 dur l\u00e9ger pour une r\u00e9sistance maximale \u00e0 la corrosion et \u00e0 l'usure. L'embout ne s'arr\u00eate pas et doit \u00eatre utilis\u00e9 avec une valve s\u00e9par\u00e9e ou un tuyau de jeu \u00e0 valve. L'accouplement \u00e0 oreilles \u00e0 bascule rigide de 1,5\u2033 (38 mm) est standard.<\/p>\n<p>Poids\u00a0: 3\u00a0900\u00a0lb (1\u00a0772\u00a0kg)<\/p>\n<table>\n<tbody>\n<tr>\n<td><strong>M\u00e9thode de contr\u00f4le du flux<\/strong><\/td>\n<td>D\u00e9bit fixe \u00e0 une seule pression (gallage constant, le d\u00e9bit ne change pas avec le mod\u00e8le)<\/td>\n<\/tr>\n<tr>\n<td><strong>D\u00e9bit<\/strong><\/td>\n<td>Metro II \u2013 s\u00e9lectionnable par l&#039;utilisateur<\/td>\n<\/tr>\n<tr>\n<td><strong>Taille de couplage (buses)<\/strong><\/td>\n<td>1 1\/2 pouce (38 mm)<\/td>\n<\/tr>\n<tr>\n<td><strong>Style de couplage (buses)<\/strong><\/td>\n<td>Bascule<\/td>\n<\/tr>\n<tr>\n<td><strong>Couplage Pivotant\/Rigide (Buses)<\/strong><\/td>\n<td>Rigide<\/td>\n<\/tr>\n<tr>\n<td><strong>Pression<\/strong><\/td>\n<td>M\u00e9tro - s\u00e9lectionnable par l&#039;utilisateur<\/td>\n<\/tr>\n<tr>\n<td><strong>Style de corps de buse<\/strong><\/td>\n<td>Embout sans possibilit\u00e9 d'arr\u00eat<\/td>\n<\/tr>\n<tr>\n<td><strong>Conception de vanne<\/strong><\/td>\n<td>Robinet \u00e0 tournant sph\u00e9rique (Delrin\/ac\u00e9tal)<\/td>\n<\/tr>\n<tr>\n<td><strong>M\u00e9thode d&#039;actionnement de la vanne<\/strong><\/td>\n<td>Aucune m\u00e9thode de d\u00e9clanchement<\/td>\n<\/tr>\n<tr>\n<td><strong>M\u00e9thode de motif de brouillard<\/strong><\/td>\n<td>Dents en caoutchouc moul\u00e9es (fixes)<\/td>\n<\/tr>\n<tr>\n<td><strong>Mat\u00e9riau du pare-chocs de la buse<\/strong><\/td>\n<td>Caoutchouc \u2013 coll\u00e9<\/td>\n<\/tr>\n<tr>\n<td><strong>Certifications<\/strong><\/td>\n<td>N \/ A<\/td>\n<\/tr>\n<tr>\n<td><strong>Performance d&#039;expansion de la mousse<\/strong><\/td>\n<td>N \/ A<\/td>\n<\/tr>\n<\/tbody>\n<\/table>","protected":false},"excerpt":{"rendered":"<p>Lance \u00e0 gallon fixe \u00e0 utiliser avec une valve s\u00e9par\u00e9e ou un tuyau de jeu \u00e0 valve.<\/p>","protected":false},"featured_media":2626,"template":"","meta":[],"product_brand":[179],"product_cat":[44,66],"product_tag":[355,354],"class_list":{"0":"post-2689","1":"product","2":"type-product","3":"status-publish","4":"has-post-thumbnail","6":"product_brand-tft","7":"product_cat-fire-suppression","8":"product_cat-nozzles-monitors","9":"product_tag-task-force-tips","10":"product_tag-tft","12":"first","13":"instock","14":"shipping-taxable","15":"product-type-simple"},"yoast_head":"<!-- This site is optimized with the Yoast SEO plugin v27.4 - https:\/\/yoast.com\/product\/yoast-seo-wordpress\/ -->\n<title>Metro 2 Tip 1.5&quot; (38mm) - Safety Source Fire<\/title>\n<meta name=\"robots\" content=\"index, follow, max-snippet:-1, max-image-preview:large, max-video-preview:-1\" \/>\n<link rel=\"canonical\" href=\"https:\/\/safetysourcefire.ca\/fr\/?product=metro-2-tip-1-5-38mm\" \/>\n<meta property=\"og:locale\" content=\"fr_CA\" \/>\n<meta property=\"og:type\" content=\"article\" \/>\n<meta property=\"og:title\" content=\"Metro 2 Tip 1.5&quot; (38mm) - Safety Source Fire\" \/>\n<meta property=\"og:description\" content=\"Fixed gallonage nozzle for use with separate valve or valved playpipe.\" \/>\n<meta property=\"og:url\" content=\"https:\/\/safetysourcefire.ca\/fr\/?product=metro-2-tip-1-5-38mm\" \/>\n<meta property=\"og:site_name\" content=\"Safety Source Fire\" \/>\n<meta property=\"article:publisher\" content=\"https:\/\/www.facebook.com\/mmfssca\" \/>\n<meta property=\"article:modified_time\" content=\"2020-04-27T21:23:45+00:00\" \/>\n<meta property=\"og:image\" content=\"https:\/\/safetysourcefire.ca\/wp-content\/uploads\/2017\/06\/ME2-TO.jpg\" \/>\n\t<meta property=\"og:image:width\" content=\"600\" \/>\n\t<meta property=\"og:image:height\" content=\"600\" \/>\n\t<meta property=\"og:image:type\" content=\"image\/jpeg\" \/>\n<meta name=\"twitter:card\" content=\"summary_large_image\" \/>\n<meta name=\"twitter:site\" content=\"@mmfssca\" \/>\n<meta name=\"twitter:label1\" content=\"Estimation du temps de lecture\" \/>\n\t<meta name=\"twitter:data1\" content=\"1 minute\" \/>\n<script type=\"application\/ld+json\" class=\"yoast-schema-graph\">{\"@context\":\"https:\\\/\\\/schema.org\",\"@graph\":[{\"@type\":\"WebPage\",\"@id\":\"https:\\\/\\\/safetysourcefire.ca\\\/?product=metro-2-tip-1-5-38mm\",\"url\":\"https:\\\/\\\/safetysourcefire.ca\\\/?product=metro-2-tip-1-5-38mm\",\"name\":\"Metro 2 Tip 1.5\\\" (38mm) - Safety Source Fire\",\"isPartOf\":{\"@id\":\"https:\\\/\\\/safetysourcefire.ca\\\/#website\"},\"primaryImageOfPage\":{\"@id\":\"https:\\\/\\\/safetysourcefire.ca\\\/?product=metro-2-tip-1-5-38mm#primaryimage\"},\"image\":{\"@id\":\"https:\\\/\\\/safetysourcefire.ca\\\/?product=metro-2-tip-1-5-38mm#primaryimage\"},\"thumbnailUrl\":\"https:\\\/\\\/safetysourcefire.ca\\\/wp-content\\\/uploads\\\/2017\\\/06\\\/ME2-TO.jpg\",\"datePublished\":\"2017-06-13T21:39:12+00:00\",\"dateModified\":\"2020-04-27T21:23:45+00:00\",\"breadcrumb\":{\"@id\":\"https:\\\/\\\/safetysourcefire.ca\\\/?product=metro-2-tip-1-5-38mm#breadcrumb\"},\"inLanguage\":\"fr-CA\",\"potentialAction\":[{\"@type\":\"ReadAction\",\"target\":[\"https:\\\/\\\/safetysourcefire.ca\\\/?product=metro-2-tip-1-5-38mm\"]}]},{\"@type\":\"ImageObject\",\"inLanguage\":\"fr-CA\",\"@id\":\"https:\\\/\\\/safetysourcefire.ca\\\/?product=metro-2-tip-1-5-38mm#primaryimage\",\"url\":\"https:\\\/\\\/safetysourcefire.ca\\\/wp-content\\\/uploads\\\/2017\\\/06\\\/ME2-TO.jpg\",\"contentUrl\":\"https:\\\/\\\/safetysourcefire.ca\\\/wp-content\\\/uploads\\\/2017\\\/06\\\/ME2-TO.jpg\",\"width\":600,\"height\":600,\"caption\":\"Metro 2 Tip\"},{\"@type\":\"BreadcrumbList\",\"@id\":\"https:\\\/\\\/safetysourcefire.ca\\\/?product=metro-2-tip-1-5-38mm#breadcrumb\",\"itemListElement\":[{\"@type\":\"ListItem\",\"position\":1,\"name\":\"Home\",\"item\":\"https:\\\/\\\/safetysourcefire.ca\\\/\"},{\"@type\":\"ListItem\",\"position\":2,\"name\":\"Products\",\"item\":\"https:\\\/\\\/safetysourcefire.ca\\\/shop\\\/\"},{\"@type\":\"ListItem\",\"position\":3,\"name\":\"Metro 2 Tip 1.5&#8243; (38mm)\"}]},{\"@type\":\"WebSite\",\"@id\":\"https:\\\/\\\/safetysourcefire.ca\\\/#website\",\"url\":\"https:\\\/\\\/safetysourcefire.ca\\\/\",\"name\":\"Safety Source Fire\",\"description\":\"\",\"publisher\":{\"@id\":\"https:\\\/\\\/safetysourcefire.ca\\\/#organization\"},\"potentialAction\":[{\"@type\":\"SearchAction\",\"target\":{\"@type\":\"EntryPoint\",\"urlTemplate\":\"https:\\\/\\\/safetysourcefire.ca\\\/?s={search_term_string}\"},\"query-input\":{\"@type\":\"PropertyValueSpecification\",\"valueRequired\":true,\"valueName\":\"search_term_string\"}}],\"inLanguage\":\"fr-CA\"},{\"@type\":\"Organization\",\"@id\":\"https:\\\/\\\/safetysourcefire.ca\\\/#organization\",\"name\":\"Safety Source Fire\",\"url\":\"https:\\\/\\\/safetysourcefire.ca\\\/\",\"logo\":{\"@type\":\"ImageObject\",\"inLanguage\":\"fr-CA\",\"@id\":\"https:\\\/\\\/safetysourcefire.ca\\\/#\\\/schema\\\/logo\\\/image\\\/\",\"url\":\"https:\\\/\\\/safetysourcefire.ca\\\/wp-content\\\/uploads\\\/2021\\\/01\\\/SSF_logo_CC0000-3.png\",\"contentUrl\":\"https:\\\/\\\/safetysourcefire.ca\\\/wp-content\\\/uploads\\\/2021\\\/01\\\/SSF_logo_CC0000-3.png\",\"width\":1107,\"height\":365,\"caption\":\"Safety Source Fire\"},\"image\":{\"@id\":\"https:\\\/\\\/safetysourcefire.ca\\\/#\\\/schema\\\/logo\\\/image\\\/\"},\"sameAs\":[\"https:\\\/\\\/www.facebook.com\\\/mmfssca\",\"https:\\\/\\\/x.com\\\/mmfssca\"]}]}<\/script>\n<!-- \/ Yoast SEO plugin. -->","yoast_head_json":{"title":"Pointe Metro 2 1,5&quot; (38 mm) - Source de s\u00e9curit\u00e9 incendie","robots":{"index":"index","follow":"follow","max-snippet":"max-snippet:-1","max-image-preview":"max-image-preview:large","max-video-preview":"max-video-preview:-1"},"canonical":"https:\/\/safetysourcefire.ca\/fr\/?product=metro-2-tip-1-5-38mm","og_locale":"fr_CA","og_type":"article","og_title":"Metro 2 Tip 1.5\" (38mm) - Safety Source Fire","og_description":"Fixed gallonage nozzle for use with separate valve or valved playpipe.","og_url":"https:\/\/safetysourcefire.ca\/fr\/?product=metro-2-tip-1-5-38mm","og_site_name":"Safety Source Fire","article_publisher":"https:\/\/www.facebook.com\/mmfssca","article_modified_time":"2020-04-27T21:23:45+00:00","og_image":[{"width":600,"height":600,"url":"https:\/\/safetysourcefire.ca\/wp-content\/uploads\/2017\/06\/ME2-TO.jpg","type":"image\/jpeg"}],"twitter_card":"summary_large_image","twitter_site":"@mmfssca","twitter_misc":{"Estimation du temps de lecture":"1 minute"},"schema":{"@context":"https:\/\/schema.org","@graph":[{"@type":"WebPage","@id":"https:\/\/safetysourcefire.ca\/?product=metro-2-tip-1-5-38mm","url":"https:\/\/safetysourcefire.ca\/?product=metro-2-tip-1-5-38mm","name":"Pointe Metro 2 1,5&quot; (38 mm) - Source de s\u00e9curit\u00e9 incendie","isPartOf":{"@id":"https:\/\/safetysourcefire.ca\/#website"},"primaryImageOfPage":{"@id":"https:\/\/safetysourcefire.ca\/?product=metro-2-tip-1-5-38mm#primaryimage"},"image":{"@id":"https:\/\/safetysourcefire.ca\/?product=metro-2-tip-1-5-38mm#primaryimage"},"thumbnailUrl":"https:\/\/safetysourcefire.ca\/wp-content\/uploads\/2017\/06\/ME2-TO.jpg","datePublished":"2017-06-13T21:39:12+00:00","dateModified":"2020-04-27T21:23:45+00:00","breadcrumb":{"@id":"https:\/\/safetysourcefire.ca\/?product=metro-2-tip-1-5-38mm#breadcrumb"},"inLanguage":"fr-CA","potentialAction":[{"@type":"ReadAction","target":["https:\/\/safetysourcefire.ca\/?product=metro-2-tip-1-5-38mm"]}]},{"@type":"ImageObject","inLanguage":"fr-CA","@id":"https:\/\/safetysourcefire.ca\/?product=metro-2-tip-1-5-38mm#primaryimage","url":"https:\/\/safetysourcefire.ca\/wp-content\/uploads\/2017\/06\/ME2-TO.jpg","contentUrl":"https:\/\/safetysourcefire.ca\/wp-content\/uploads\/2017\/06\/ME2-TO.jpg","width":600,"height":600,"caption":"Metro 2 Tip"},{"@type":"BreadcrumbList","@id":"https:\/\/safetysourcefire.ca\/?product=metro-2-tip-1-5-38mm#breadcrumb","itemListElement":[{"@type":"ListItem","position":1,"name":"Home","item":"https:\/\/safetysourcefire.ca\/"},{"@type":"ListItem","position":2,"name":"Products","item":"https:\/\/safetysourcefire.ca\/shop\/"},{"@type":"ListItem","position":3,"name":"Metro 2 Tip 1.5&#8243; (38mm)"}]},{"@type":"WebSite","@id":"https:\/\/safetysourcefire.ca\/#website","url":"https:\/\/safetysourcefire.ca\/","name":"Safety Source Fire","description":"","publisher":{"@id":"https:\/\/safetysourcefire.ca\/#organization"},"potentialAction":[{"@type":"SearchAction","target":{"@type":"EntryPoint","urlTemplate":"https:\/\/safetysourcefire.ca\/?s={search_term_string}"},"query-input":{"@type":"PropertyValueSpecification","valueRequired":true,"valueName":"search_term_string"}}],"inLanguage":"fr-CA"},{"@type":"Organization","@id":"https:\/\/safetysourcefire.ca\/#organization","name":"Safety Source Fire","url":"https:\/\/safetysourcefire.ca\/","logo":{"@type":"ImageObject","inLanguage":"fr-CA","@id":"https:\/\/safetysourcefire.ca\/#\/schema\/logo\/image\/","url":"https:\/\/safetysourcefire.ca\/wp-content\/uploads\/2021\/01\/SSF_logo_CC0000-3.png","contentUrl":"https:\/\/safetysourcefire.ca\/wp-content\/uploads\/2021\/01\/SSF_logo_CC0000-3.png","width":1107,"height":365,"caption":"Safety Source Fire"},"image":{"@id":"https:\/\/safetysourcefire.ca\/#\/schema\/logo\/image\/"},"sameAs":["https:\/\/www.facebook.com\/mmfssca","https:\/\/x.com\/mmfssca"]}]}},"_links":{"self":[{"href":"https:\/\/safetysourcefire.ca\/fr\/wp-json\/wp\/v2\/product\/2689","targetHints":{"allow":["GET"]}}],"collection":[{"href":"https:\/\/safetysourcefire.ca\/fr\/wp-json\/wp\/v2\/product"}],"about":[{"href":"https:\/\/safetysourcefire.ca\/fr\/wp-json\/wp\/v2\/types\/product"}],"wp:featuredmedia":[{"embeddable":true,"href":"https:\/\/safetysourcefire.ca\/fr\/wp-json\/wp\/v2\/media\/2626"}],"wp:attachment":[{"href":"https:\/\/safetysourcefire.ca\/fr\/wp-json\/wp\/v2\/media?parent=2689"}],"wp:term":[{"taxonomy":"product_brand","embeddable":true,"href":"https:\/\/safetysourcefire.ca\/fr\/wp-json\/wp\/v2\/product_brand?post=2689"},{"taxonomy":"product_cat","embeddable":true,"href":"https:\/\/safetysourcefire.ca\/fr\/wp-json\/wp\/v2\/product_cat?post=2689"},{"taxonomy":"product_tag","embeddable":true,"href":"https:\/\/safetysourcefire.ca\/fr\/wp-json\/wp\/v2\/product_tag?post=2689"}],"curies":[{"name":"wp","href":"https:\/\/api.w.org\/{rel}","templated":true}]}}