{"id":26947,"date":"2022-11-02T19:48:59","date_gmt":"2022-11-02T19:48:59","guid":{"rendered":"https:\/\/safetysourcefire.ca\/?post_type=product&#038;p=26947"},"modified":"2025-04-28T13:58:15","modified_gmt":"2025-04-28T13:58:15","slug":"cobra-combat","status":"publish","type":"product","link":"https:\/\/safetysourcefire.ca\/fr\/produit\/cobra-combat\/","title":{"rendered":"Cobra Combat"},"content":{"rendered":"<div class=\"boxedtext\">\n<p><span style=\"color: #cc0000;\"><strong>LIQUIDATION EN STOCK<br \/>\n<\/strong><\/span><em>Quantit\u00e9s limit\u00e9es disponibles \u00e0 prix r\u00e9duit. Veuillez noter : les ventes d&#039;articles en liquidation sont d\u00e9finitives ; aucun \u00e9change ni retour. Veuillez demander un devis pour d&#039;autres options.<\/em><\/p>\n<ul>\n<li style=\"text-align: left;\">(2) D\u00e9mo 1,75\u2033 x 50\u2032 NPSH, Orange \u2013 $332<\/li>\n<li>(2) 1,75\u2033 x 50\u2032 NPSH, jaune \u2013 $425<\/li>\n<li>(2) D\u00e9mo 1,75\u2033 x 50\u2032 NPSH, Jaune \u2013 $327<\/li>\n<li>(2) D\u00e9mo 1,88\u2033 x 50\u2032 NPSH, rouge \u2013 $368<\/li>\n<li>(2) 2\u2033 x 50\u2032 2,5\u2033 NH, Jaune \u2013 $580<\/li>\n<li>(2) 2,5\u2033 x 50\u2032 2,5\u2033 Storz, Tan \u2013 $641<\/li>\n<li>(2) 2,5\u2033 x 50\u2032 2,5\u2033 BCT d\u00e9mo, jaune \u2013 $452<\/li>\n<li>(2) 2,5\u2033 x 50\u2032 2,5\u2033 NSZ1 d\u00e9mo, Jaune \u2013 $455<\/li>\n<\/ul>\n<\/div>\n<ul>\n<li>Rev\u00eatement de couleur exclusif \u00e0 base de PU pour favoriser la r\u00e9sistance \u00e0 l&#039;abrasion et le lessivage des couleurs<\/li>\n<li>Technologie exclusive Anti-Whip<\/li>\n<li>Doublure en PVC\/nitrile avec renfort exclusif pour fournir les caract\u00e9ristiques suivantes\u00a0:\n<ul>\n<li>R\u00e9sistance sup\u00e9rieure au pliage<\/li>\n<li>R\u00e9duction des pertes par frottement<\/li>\n<li>R\u00e9sistance \u00e0 la chaleur sup\u00e9rieure<\/li>\n<li>R\u00e9sistance \u00e0 la perforation exclusive<\/li>\n<li>Capacit\u00e9s de d\u00e9bit accrues<\/li>\n<\/ul>\n<\/li>\n<li>Sp\u00e9cialement con\u00e7u pour les applications de buses \u00e0 volume \u00e9lev\u00e9 et basse pression<\/li>\n<\/ul>\n<p><a href=\"https:\/\/safetysourcefire.ca\/wp-content\/uploads\/2022\/11\/COBRACOMBAT_042220.pdf\">T\u00e9l\u00e9charger la fiche technique<\/a><\/p>","protected":false},"excerpt":{"rendered":"<p>Tuyau d&#039;attaque certifi\u00e9 NFPA \u00e0 double enveloppe \u00e0 4 couches<\/p>","protected":false},"featured_media":26929,"template":"","meta":[],"product_brand":[598],"product_cat":[43,44,65],"product_tag":[600],"class_list":{"0":"post-26947","1":"product","2":"type-product","3":"status-publish","4":"has-post-thumbnail","6":"product_brand-matex-hose","7":"product_cat-clearance","8":"product_cat-fire-suppression","9":"product_cat-hose","10":"product_tag-matex-hose","12":"first","13":"instock","14":"shipping-taxable","15":"product-type-simple"},"yoast_head":"<!-- This site is optimized with the Yoast SEO plugin v27.4 - https:\/\/yoast.com\/product\/yoast-seo-wordpress\/ -->\n<title>Cobra Combat - Safety Source Fire<\/title>\n<meta name=\"robots\" content=\"index, follow, max-snippet:-1, max-image-preview:large, max-video-preview:-1\" \/>\n<link rel=\"canonical\" href=\"https:\/\/safetysourcefire.ca\/fr\/produit\/cobra-combat\/\" \/>\n<meta property=\"og:locale\" content=\"fr_CA\" \/>\n<meta property=\"og:type\" content=\"article\" \/>\n<meta property=\"og:title\" content=\"Cobra Combat - Safety Source Fire\" \/>\n<meta property=\"og:description\" content=\"Double Jacket 4-layer NFPA rated attack hose\" \/>\n<meta property=\"og:url\" content=\"https:\/\/safetysourcefire.ca\/fr\/produit\/cobra-combat\/\" \/>\n<meta property=\"og:site_name\" content=\"Safety Source Fire\" \/>\n<meta property=\"article:publisher\" content=\"https:\/\/www.facebook.com\/mmfssca\" \/>\n<meta property=\"article:modified_time\" content=\"2025-04-28T13:58:15+00:00\" \/>\n<meta property=\"og:image\" content=\"https:\/\/safetysourcefire.ca\/wp-content\/uploads\/2022\/11\/matex_cobracombat.jpg\" \/>\n\t<meta property=\"og:image:width\" content=\"600\" \/>\n\t<meta property=\"og:image:height\" content=\"600\" \/>\n\t<meta property=\"og:image:type\" content=\"image\/jpeg\" \/>\n<meta name=\"twitter:card\" content=\"summary_large_image\" \/>\n<meta name=\"twitter:site\" content=\"@mmfssca\" \/>\n<meta name=\"twitter:label1\" content=\"Estimation du temps de lecture\" \/>\n\t<meta name=\"twitter:data1\" content=\"1 minute\" \/>\n<script type=\"application\/ld+json\" class=\"yoast-schema-graph\">{\"@context\":\"https:\\\/\\\/schema.org\",\"@graph\":[{\"@type\":\"WebPage\",\"@id\":\"https:\\\/\\\/safetysourcefire.ca\\\/product\\\/cobra-combat\\\/\",\"url\":\"https:\\\/\\\/safetysourcefire.ca\\\/product\\\/cobra-combat\\\/\",\"name\":\"Cobra Combat - Safety Source Fire\",\"isPartOf\":{\"@id\":\"https:\\\/\\\/safetysourcefire.ca\\\/#website\"},\"primaryImageOfPage\":{\"@id\":\"https:\\\/\\\/safetysourcefire.ca\\\/product\\\/cobra-combat\\\/#primaryimage\"},\"image\":{\"@id\":\"https:\\\/\\\/safetysourcefire.ca\\\/product\\\/cobra-combat\\\/#primaryimage\"},\"thumbnailUrl\":\"https:\\\/\\\/safetysourcefire.ca\\\/wp-content\\\/uploads\\\/2022\\\/11\\\/matex_cobracombat.jpg\",\"datePublished\":\"2022-11-02T19:48:59+00:00\",\"dateModified\":\"2025-04-28T13:58:15+00:00\",\"breadcrumb\":{\"@id\":\"https:\\\/\\\/safetysourcefire.ca\\\/product\\\/cobra-combat\\\/#breadcrumb\"},\"inLanguage\":\"fr-CA\",\"potentialAction\":[{\"@type\":\"ReadAction\",\"target\":[\"https:\\\/\\\/safetysourcefire.ca\\\/product\\\/cobra-combat\\\/\"]}]},{\"@type\":\"ImageObject\",\"inLanguage\":\"fr-CA\",\"@id\":\"https:\\\/\\\/safetysourcefire.ca\\\/product\\\/cobra-combat\\\/#primaryimage\",\"url\":\"https:\\\/\\\/safetysourcefire.ca\\\/wp-content\\\/uploads\\\/2022\\\/11\\\/matex_cobracombat.jpg\",\"contentUrl\":\"https:\\\/\\\/safetysourcefire.ca\\\/wp-content\\\/uploads\\\/2022\\\/11\\\/matex_cobracombat.jpg\",\"width\":600,\"height\":600,\"caption\":\"orange hose\"},{\"@type\":\"BreadcrumbList\",\"@id\":\"https:\\\/\\\/safetysourcefire.ca\\\/product\\\/cobra-combat\\\/#breadcrumb\",\"itemListElement\":[{\"@type\":\"ListItem\",\"position\":1,\"name\":\"Home\",\"item\":\"https:\\\/\\\/safetysourcefire.ca\\\/\"},{\"@type\":\"ListItem\",\"position\":2,\"name\":\"Products\",\"item\":\"https:\\\/\\\/safetysourcefire.ca\\\/shop\\\/\"},{\"@type\":\"ListItem\",\"position\":3,\"name\":\"Cobra Combat\"}]},{\"@type\":\"WebSite\",\"@id\":\"https:\\\/\\\/safetysourcefire.ca\\\/#website\",\"url\":\"https:\\\/\\\/safetysourcefire.ca\\\/\",\"name\":\"Safety Source Fire\",\"description\":\"\",\"publisher\":{\"@id\":\"https:\\\/\\\/safetysourcefire.ca\\\/#organization\"},\"potentialAction\":[{\"@type\":\"SearchAction\",\"target\":{\"@type\":\"EntryPoint\",\"urlTemplate\":\"https:\\\/\\\/safetysourcefire.ca\\\/?s={search_term_string}\"},\"query-input\":{\"@type\":\"PropertyValueSpecification\",\"valueRequired\":true,\"valueName\":\"search_term_string\"}}],\"inLanguage\":\"fr-CA\"},{\"@type\":\"Organization\",\"@id\":\"https:\\\/\\\/safetysourcefire.ca\\\/#organization\",\"name\":\"Safety Source Fire\",\"url\":\"https:\\\/\\\/safetysourcefire.ca\\\/\",\"logo\":{\"@type\":\"ImageObject\",\"inLanguage\":\"fr-CA\",\"@id\":\"https:\\\/\\\/safetysourcefire.ca\\\/#\\\/schema\\\/logo\\\/image\\\/\",\"url\":\"https:\\\/\\\/safetysourcefire.ca\\\/wp-content\\\/uploads\\\/2021\\\/01\\\/SSF_logo_CC0000-3.png\",\"contentUrl\":\"https:\\\/\\\/safetysourcefire.ca\\\/wp-content\\\/uploads\\\/2021\\\/01\\\/SSF_logo_CC0000-3.png\",\"width\":1107,\"height\":365,\"caption\":\"Safety Source Fire\"},\"image\":{\"@id\":\"https:\\\/\\\/safetysourcefire.ca\\\/#\\\/schema\\\/logo\\\/image\\\/\"},\"sameAs\":[\"https:\\\/\\\/www.facebook.com\\\/mmfssca\",\"https:\\\/\\\/x.com\\\/mmfssca\"]}]}<\/script>\n<!-- \/ Yoast SEO plugin. -->","yoast_head_json":{"title":"Cobra Combat - Incendie de s\u00e9curit\u00e9","robots":{"index":"index","follow":"follow","max-snippet":"max-snippet:-1","max-image-preview":"max-image-preview:large","max-video-preview":"max-video-preview:-1"},"canonical":"https:\/\/safetysourcefire.ca\/fr\/produit\/cobra-combat\/","og_locale":"fr_CA","og_type":"article","og_title":"Cobra Combat - Safety Source Fire","og_description":"Double Jacket 4-layer NFPA rated attack hose","og_url":"https:\/\/safetysourcefire.ca\/fr\/produit\/cobra-combat\/","og_site_name":"Safety Source Fire","article_publisher":"https:\/\/www.facebook.com\/mmfssca","article_modified_time":"2025-04-28T13:58:15+00:00","og_image":[{"width":600,"height":600,"url":"https:\/\/safetysourcefire.ca\/wp-content\/uploads\/2022\/11\/matex_cobracombat.jpg","type":"image\/jpeg"}],"twitter_card":"summary_large_image","twitter_site":"@mmfssca","twitter_misc":{"Estimation du temps de lecture":"1 minute"},"schema":{"@context":"https:\/\/schema.org","@graph":[{"@type":"WebPage","@id":"https:\/\/safetysourcefire.ca\/product\/cobra-combat\/","url":"https:\/\/safetysourcefire.ca\/product\/cobra-combat\/","name":"Cobra Combat - Incendie de s\u00e9curit\u00e9","isPartOf":{"@id":"https:\/\/safetysourcefire.ca\/#website"},"primaryImageOfPage":{"@id":"https:\/\/safetysourcefire.ca\/product\/cobra-combat\/#primaryimage"},"image":{"@id":"https:\/\/safetysourcefire.ca\/product\/cobra-combat\/#primaryimage"},"thumbnailUrl":"https:\/\/safetysourcefire.ca\/wp-content\/uploads\/2022\/11\/matex_cobracombat.jpg","datePublished":"2022-11-02T19:48:59+00:00","dateModified":"2025-04-28T13:58:15+00:00","breadcrumb":{"@id":"https:\/\/safetysourcefire.ca\/product\/cobra-combat\/#breadcrumb"},"inLanguage":"fr-CA","potentialAction":[{"@type":"ReadAction","target":["https:\/\/safetysourcefire.ca\/product\/cobra-combat\/"]}]},{"@type":"ImageObject","inLanguage":"fr-CA","@id":"https:\/\/safetysourcefire.ca\/product\/cobra-combat\/#primaryimage","url":"https:\/\/safetysourcefire.ca\/wp-content\/uploads\/2022\/11\/matex_cobracombat.jpg","contentUrl":"https:\/\/safetysourcefire.ca\/wp-content\/uploads\/2022\/11\/matex_cobracombat.jpg","width":600,"height":600,"caption":"orange hose"},{"@type":"BreadcrumbList","@id":"https:\/\/safetysourcefire.ca\/product\/cobra-combat\/#breadcrumb","itemListElement":[{"@type":"ListItem","position":1,"name":"Home","item":"https:\/\/safetysourcefire.ca\/"},{"@type":"ListItem","position":2,"name":"Products","item":"https:\/\/safetysourcefire.ca\/shop\/"},{"@type":"ListItem","position":3,"name":"Cobra Combat"}]},{"@type":"WebSite","@id":"https:\/\/safetysourcefire.ca\/#website","url":"https:\/\/safetysourcefire.ca\/","name":"Safety Source Fire","description":"","publisher":{"@id":"https:\/\/safetysourcefire.ca\/#organization"},"potentialAction":[{"@type":"SearchAction","target":{"@type":"EntryPoint","urlTemplate":"https:\/\/safetysourcefire.ca\/?s={search_term_string}"},"query-input":{"@type":"PropertyValueSpecification","valueRequired":true,"valueName":"search_term_string"}}],"inLanguage":"fr-CA"},{"@type":"Organization","@id":"https:\/\/safetysourcefire.ca\/#organization","name":"Safety Source Fire","url":"https:\/\/safetysourcefire.ca\/","logo":{"@type":"ImageObject","inLanguage":"fr-CA","@id":"https:\/\/safetysourcefire.ca\/#\/schema\/logo\/image\/","url":"https:\/\/safetysourcefire.ca\/wp-content\/uploads\/2021\/01\/SSF_logo_CC0000-3.png","contentUrl":"https:\/\/safetysourcefire.ca\/wp-content\/uploads\/2021\/01\/SSF_logo_CC0000-3.png","width":1107,"height":365,"caption":"Safety Source Fire"},"image":{"@id":"https:\/\/safetysourcefire.ca\/#\/schema\/logo\/image\/"},"sameAs":["https:\/\/www.facebook.com\/mmfssca","https:\/\/x.com\/mmfssca"]}]}},"_links":{"self":[{"href":"https:\/\/safetysourcefire.ca\/fr\/wp-json\/wp\/v2\/product\/26947","targetHints":{"allow":["GET"]}}],"collection":[{"href":"https:\/\/safetysourcefire.ca\/fr\/wp-json\/wp\/v2\/product"}],"about":[{"href":"https:\/\/safetysourcefire.ca\/fr\/wp-json\/wp\/v2\/types\/product"}],"wp:featuredmedia":[{"embeddable":true,"href":"https:\/\/safetysourcefire.ca\/fr\/wp-json\/wp\/v2\/media\/26929"}],"wp:attachment":[{"href":"https:\/\/safetysourcefire.ca\/fr\/wp-json\/wp\/v2\/media?parent=26947"}],"wp:term":[{"taxonomy":"product_brand","embeddable":true,"href":"https:\/\/safetysourcefire.ca\/fr\/wp-json\/wp\/v2\/product_brand?post=26947"},{"taxonomy":"product_cat","embeddable":true,"href":"https:\/\/safetysourcefire.ca\/fr\/wp-json\/wp\/v2\/product_cat?post=26947"},{"taxonomy":"product_tag","embeddable":true,"href":"https:\/\/safetysourcefire.ca\/fr\/wp-json\/wp\/v2\/product_tag?post=26947"}],"curies":[{"name":"wp","href":"https:\/\/api.w.org\/{rel}","templated":true}]}}