{"id":26954,"date":"2022-11-02T20:09:55","date_gmt":"2022-11-02T20:09:55","guid":{"rendered":"https:\/\/safetysourcefire.ca\/?post_type=product&#038;p=26954"},"modified":"2025-04-28T14:00:40","modified_gmt":"2025-04-28T14:00:40","slug":"pac-lite","status":"publish","type":"product","link":"https:\/\/safetysourcefire.ca\/fr\/produit\/pac-lite\/","title":{"rendered":"Pac-Lite"},"content":{"rendered":"<div class=\"boxedtext\">\n<p><span style=\"color: #cc0000;\"><strong>LIQUIDATION EN STOCK<br \/>\n<\/strong><\/span><em>Quantit\u00e9s limit\u00e9es disponibles \u00e0 prix r\u00e9duit. Veuillez noter : les ventes d&#039;articles en liquidation sont d\u00e9finitives ; aucun \u00e9change ni retour. Veuillez demander un devis pour d&#039;autres options.<\/em><\/p>\n<ul>\n<li style=\"text-align: left;\">(2) 1,75\u2033 x 50\u2032 NPSH, jaune \u2013 $212.00<\/li>\n<\/ul>\n<\/div>\n<p class=\"p1\">TUYAU D&#039;ATTAQUE DOUBL\u00c9 PU DOUBLE GAINE<\/p>\n<ul>\n<li>Tuyau d&#039;attaque doubl\u00e9 de polyur\u00e9thane \u00e0 double enveloppe en polyester L\u00c9GER<\/li>\n<li>Rev\u00eatement de couleur exclusif \u00e0 base de PU pour favoriser la r\u00e9sistance \u00e0 l&#039;abrasion et la lixiviation de la couleur<\/li>\n<li>Veste int\u00e9rieure en serg\u00e9 invers\u00e9 pour une surface de doublure ultra-lisse<\/li>\n<li>Con\u00e7u pour les applications de buses de 100 PSI et les applications de transport l\u00e9g\u00e8res<\/li>\n<li>Satisfait et d\u00e9passe les normes NFPA 1961<\/li>\n<li>Satisfait et d\u00e9passe la norme NSF 61 pour l&#039;utilisation de l&#039;eau potable<\/li>\n<li>Satisfait et d\u00e9passe les normes UL-19<\/li>\n<li>Plage de temp\u00e9rature\u00a0: -30\u00a0F \u00e0 112\u00a0F<\/li>\n<li>Garantie fabricant de 10 ans<\/li>\n<li>Minimum 1200 psi R\u00e9sistance \u00e0 l&#039;\u00e9clatement<\/li>\n<li>Garantie \u00e0 vie contre le d\u00e9laminage des tubes<\/li>\n<\/ul>\n<p><a href=\"https:\/\/safetysourcefire.ca\/wp-content\/uploads\/2022\/11\/PLITE2020.pdf\">T\u00e9l\u00e9charger la fiche technique<\/a><\/p>","protected":false},"excerpt":{"rendered":"<p>R\u00e9pond \u00e0 toutes les exigences de la norme NFPA 1961 sur les tuyaux d&#039;incendie<\/p>","protected":false},"featured_media":26934,"template":"","meta":[],"product_brand":[598],"product_cat":[43,44,65],"product_tag":[600],"class_list":{"0":"post-26954","1":"product","2":"type-product","3":"status-publish","4":"has-post-thumbnail","6":"product_brand-matex-hose","7":"product_cat-clearance","8":"product_cat-fire-suppression","9":"product_cat-hose","10":"product_tag-matex-hose","12":"first","13":"instock","14":"shipping-taxable","15":"product-type-simple"},"yoast_head":"<!-- This site is optimized with the Yoast SEO plugin v27.4 - https:\/\/yoast.com\/product\/yoast-seo-wordpress\/ -->\n<title>Pac-Lite - Safety Source Fire<\/title>\n<meta name=\"robots\" content=\"index, follow, max-snippet:-1, max-image-preview:large, max-video-preview:-1\" \/>\n<link rel=\"canonical\" href=\"https:\/\/safetysourcefire.ca\/fr\/produit\/pac-lite\/\" \/>\n<meta property=\"og:locale\" content=\"fr_CA\" \/>\n<meta property=\"og:type\" content=\"article\" \/>\n<meta property=\"og:title\" content=\"Pac-Lite - Safety Source Fire\" \/>\n<meta property=\"og:description\" content=\"Meets all the requirements of NFPA 1961 Standard on Fire Hose\" \/>\n<meta property=\"og:url\" content=\"https:\/\/safetysourcefire.ca\/fr\/produit\/pac-lite\/\" \/>\n<meta property=\"og:site_name\" content=\"Safety Source Fire\" \/>\n<meta property=\"article:publisher\" content=\"https:\/\/www.facebook.com\/mmfssca\" \/>\n<meta property=\"article:modified_time\" content=\"2025-04-28T14:00:40+00:00\" \/>\n<meta property=\"og:image\" content=\"https:\/\/safetysourcefire.ca\/wp-content\/uploads\/2022\/11\/matex_paclite.jpg\" \/>\n\t<meta property=\"og:image:width\" content=\"600\" \/>\n\t<meta property=\"og:image:height\" content=\"600\" \/>\n\t<meta property=\"og:image:type\" content=\"image\/jpeg\" \/>\n<meta name=\"twitter:card\" content=\"summary_large_image\" \/>\n<meta name=\"twitter:site\" content=\"@mmfssca\" \/>\n<meta name=\"twitter:label1\" content=\"Estimation du temps de lecture\" \/>\n\t<meta name=\"twitter:data1\" content=\"1 minute\" \/>\n<script type=\"application\/ld+json\" class=\"yoast-schema-graph\">{\"@context\":\"https:\\\/\\\/schema.org\",\"@graph\":[{\"@type\":\"WebPage\",\"@id\":\"https:\\\/\\\/safetysourcefire.ca\\\/product\\\/pac-lite\\\/\",\"url\":\"https:\\\/\\\/safetysourcefire.ca\\\/product\\\/pac-lite\\\/\",\"name\":\"Pac-Lite - Safety Source Fire\",\"isPartOf\":{\"@id\":\"https:\\\/\\\/safetysourcefire.ca\\\/#website\"},\"primaryImageOfPage\":{\"@id\":\"https:\\\/\\\/safetysourcefire.ca\\\/product\\\/pac-lite\\\/#primaryimage\"},\"image\":{\"@id\":\"https:\\\/\\\/safetysourcefire.ca\\\/product\\\/pac-lite\\\/#primaryimage\"},\"thumbnailUrl\":\"https:\\\/\\\/safetysourcefire.ca\\\/wp-content\\\/uploads\\\/2022\\\/11\\\/matex_paclite.jpg\",\"datePublished\":\"2022-11-02T20:09:55+00:00\",\"dateModified\":\"2025-04-28T14:00:40+00:00\",\"breadcrumb\":{\"@id\":\"https:\\\/\\\/safetysourcefire.ca\\\/product\\\/pac-lite\\\/#breadcrumb\"},\"inLanguage\":\"fr-CA\",\"potentialAction\":[{\"@type\":\"ReadAction\",\"target\":[\"https:\\\/\\\/safetysourcefire.ca\\\/product\\\/pac-lite\\\/\"]}]},{\"@type\":\"ImageObject\",\"inLanguage\":\"fr-CA\",\"@id\":\"https:\\\/\\\/safetysourcefire.ca\\\/product\\\/pac-lite\\\/#primaryimage\",\"url\":\"https:\\\/\\\/safetysourcefire.ca\\\/wp-content\\\/uploads\\\/2022\\\/11\\\/matex_paclite.jpg\",\"contentUrl\":\"https:\\\/\\\/safetysourcefire.ca\\\/wp-content\\\/uploads\\\/2022\\\/11\\\/matex_paclite.jpg\",\"width\":600,\"height\":600,\"caption\":\"hose\"},{\"@type\":\"BreadcrumbList\",\"@id\":\"https:\\\/\\\/safetysourcefire.ca\\\/product\\\/pac-lite\\\/#breadcrumb\",\"itemListElement\":[{\"@type\":\"ListItem\",\"position\":1,\"name\":\"Home\",\"item\":\"https:\\\/\\\/safetysourcefire.ca\\\/\"},{\"@type\":\"ListItem\",\"position\":2,\"name\":\"Products\",\"item\":\"https:\\\/\\\/safetysourcefire.ca\\\/shop\\\/\"},{\"@type\":\"ListItem\",\"position\":3,\"name\":\"Pac-Lite\"}]},{\"@type\":\"WebSite\",\"@id\":\"https:\\\/\\\/safetysourcefire.ca\\\/#website\",\"url\":\"https:\\\/\\\/safetysourcefire.ca\\\/\",\"name\":\"Safety Source Fire\",\"description\":\"\",\"publisher\":{\"@id\":\"https:\\\/\\\/safetysourcefire.ca\\\/#organization\"},\"potentialAction\":[{\"@type\":\"SearchAction\",\"target\":{\"@type\":\"EntryPoint\",\"urlTemplate\":\"https:\\\/\\\/safetysourcefire.ca\\\/?s={search_term_string}\"},\"query-input\":{\"@type\":\"PropertyValueSpecification\",\"valueRequired\":true,\"valueName\":\"search_term_string\"}}],\"inLanguage\":\"fr-CA\"},{\"@type\":\"Organization\",\"@id\":\"https:\\\/\\\/safetysourcefire.ca\\\/#organization\",\"name\":\"Safety Source Fire\",\"url\":\"https:\\\/\\\/safetysourcefire.ca\\\/\",\"logo\":{\"@type\":\"ImageObject\",\"inLanguage\":\"fr-CA\",\"@id\":\"https:\\\/\\\/safetysourcefire.ca\\\/#\\\/schema\\\/logo\\\/image\\\/\",\"url\":\"https:\\\/\\\/safetysourcefire.ca\\\/wp-content\\\/uploads\\\/2021\\\/01\\\/SSF_logo_CC0000-3.png\",\"contentUrl\":\"https:\\\/\\\/safetysourcefire.ca\\\/wp-content\\\/uploads\\\/2021\\\/01\\\/SSF_logo_CC0000-3.png\",\"width\":1107,\"height\":365,\"caption\":\"Safety Source Fire\"},\"image\":{\"@id\":\"https:\\\/\\\/safetysourcefire.ca\\\/#\\\/schema\\\/logo\\\/image\\\/\"},\"sameAs\":[\"https:\\\/\\\/www.facebook.com\\\/mmfssca\",\"https:\\\/\\\/x.com\\\/mmfssca\"]}]}<\/script>\n<!-- \/ Yoast SEO plugin. -->","yoast_head_json":{"title":"Pac-Lite - Source de s\u00e9curit\u00e9 incendie","robots":{"index":"index","follow":"follow","max-snippet":"max-snippet:-1","max-image-preview":"max-image-preview:large","max-video-preview":"max-video-preview:-1"},"canonical":"https:\/\/safetysourcefire.ca\/fr\/produit\/pac-lite\/","og_locale":"fr_CA","og_type":"article","og_title":"Pac-Lite - Safety Source Fire","og_description":"Meets all the requirements of NFPA 1961 Standard on Fire Hose","og_url":"https:\/\/safetysourcefire.ca\/fr\/produit\/pac-lite\/","og_site_name":"Safety Source Fire","article_publisher":"https:\/\/www.facebook.com\/mmfssca","article_modified_time":"2025-04-28T14:00:40+00:00","og_image":[{"width":600,"height":600,"url":"https:\/\/safetysourcefire.ca\/wp-content\/uploads\/2022\/11\/matex_paclite.jpg","type":"image\/jpeg"}],"twitter_card":"summary_large_image","twitter_site":"@mmfssca","twitter_misc":{"Estimation du temps de lecture":"1 minute"},"schema":{"@context":"https:\/\/schema.org","@graph":[{"@type":"WebPage","@id":"https:\/\/safetysourcefire.ca\/product\/pac-lite\/","url":"https:\/\/safetysourcefire.ca\/product\/pac-lite\/","name":"Pac-Lite - Source de s\u00e9curit\u00e9 incendie","isPartOf":{"@id":"https:\/\/safetysourcefire.ca\/#website"},"primaryImageOfPage":{"@id":"https:\/\/safetysourcefire.ca\/product\/pac-lite\/#primaryimage"},"image":{"@id":"https:\/\/safetysourcefire.ca\/product\/pac-lite\/#primaryimage"},"thumbnailUrl":"https:\/\/safetysourcefire.ca\/wp-content\/uploads\/2022\/11\/matex_paclite.jpg","datePublished":"2022-11-02T20:09:55+00:00","dateModified":"2025-04-28T14:00:40+00:00","breadcrumb":{"@id":"https:\/\/safetysourcefire.ca\/product\/pac-lite\/#breadcrumb"},"inLanguage":"fr-CA","potentialAction":[{"@type":"ReadAction","target":["https:\/\/safetysourcefire.ca\/product\/pac-lite\/"]}]},{"@type":"ImageObject","inLanguage":"fr-CA","@id":"https:\/\/safetysourcefire.ca\/product\/pac-lite\/#primaryimage","url":"https:\/\/safetysourcefire.ca\/wp-content\/uploads\/2022\/11\/matex_paclite.jpg","contentUrl":"https:\/\/safetysourcefire.ca\/wp-content\/uploads\/2022\/11\/matex_paclite.jpg","width":600,"height":600,"caption":"hose"},{"@type":"BreadcrumbList","@id":"https:\/\/safetysourcefire.ca\/product\/pac-lite\/#breadcrumb","itemListElement":[{"@type":"ListItem","position":1,"name":"Home","item":"https:\/\/safetysourcefire.ca\/"},{"@type":"ListItem","position":2,"name":"Products","item":"https:\/\/safetysourcefire.ca\/shop\/"},{"@type":"ListItem","position":3,"name":"Pac-Lite"}]},{"@type":"WebSite","@id":"https:\/\/safetysourcefire.ca\/#website","url":"https:\/\/safetysourcefire.ca\/","name":"Safety Source Fire","description":"","publisher":{"@id":"https:\/\/safetysourcefire.ca\/#organization"},"potentialAction":[{"@type":"SearchAction","target":{"@type":"EntryPoint","urlTemplate":"https:\/\/safetysourcefire.ca\/?s={search_term_string}"},"query-input":{"@type":"PropertyValueSpecification","valueRequired":true,"valueName":"search_term_string"}}],"inLanguage":"fr-CA"},{"@type":"Organization","@id":"https:\/\/safetysourcefire.ca\/#organization","name":"Safety Source Fire","url":"https:\/\/safetysourcefire.ca\/","logo":{"@type":"ImageObject","inLanguage":"fr-CA","@id":"https:\/\/safetysourcefire.ca\/#\/schema\/logo\/image\/","url":"https:\/\/safetysourcefire.ca\/wp-content\/uploads\/2021\/01\/SSF_logo_CC0000-3.png","contentUrl":"https:\/\/safetysourcefire.ca\/wp-content\/uploads\/2021\/01\/SSF_logo_CC0000-3.png","width":1107,"height":365,"caption":"Safety Source Fire"},"image":{"@id":"https:\/\/safetysourcefire.ca\/#\/schema\/logo\/image\/"},"sameAs":["https:\/\/www.facebook.com\/mmfssca","https:\/\/x.com\/mmfssca"]}]}},"_links":{"self":[{"href":"https:\/\/safetysourcefire.ca\/fr\/wp-json\/wp\/v2\/product\/26954","targetHints":{"allow":["GET"]}}],"collection":[{"href":"https:\/\/safetysourcefire.ca\/fr\/wp-json\/wp\/v2\/product"}],"about":[{"href":"https:\/\/safetysourcefire.ca\/fr\/wp-json\/wp\/v2\/types\/product"}],"wp:featuredmedia":[{"embeddable":true,"href":"https:\/\/safetysourcefire.ca\/fr\/wp-json\/wp\/v2\/media\/26934"}],"wp:attachment":[{"href":"https:\/\/safetysourcefire.ca\/fr\/wp-json\/wp\/v2\/media?parent=26954"}],"wp:term":[{"taxonomy":"product_brand","embeddable":true,"href":"https:\/\/safetysourcefire.ca\/fr\/wp-json\/wp\/v2\/product_brand?post=26954"},{"taxonomy":"product_cat","embeddable":true,"href":"https:\/\/safetysourcefire.ca\/fr\/wp-json\/wp\/v2\/product_cat?post=26954"},{"taxonomy":"product_tag","embeddable":true,"href":"https:\/\/safetysourcefire.ca\/fr\/wp-json\/wp\/v2\/product_tag?post=26954"}],"curies":[{"name":"wp","href":"https:\/\/api.w.org\/{rel}","templated":true}]}}