{"id":26955,"date":"2022-11-02T20:14:32","date_gmt":"2022-11-02T20:14:32","guid":{"rendered":"https:\/\/safetysourcefire.ca\/?post_type=product&#038;p=26955"},"modified":"2025-03-14T14:24:21","modified_gmt":"2025-03-14T14:24:21","slug":"precision","status":"publish","type":"product","link":"https:\/\/safetysourcefire.ca\/fr\/produit\/precision\/","title":{"rendered":"ID de pr\u00e9cision"},"content":{"rendered":"<ul>\n<li class=\"p1\">Tuyau d&#039;attaque doubl\u00e9 de caoutchouc \u00e0 double gaine enti\u00e8rement en polyester<\/li>\n<li class=\"p1\">Technologie anti-coup de fouet exclusive<\/li>\n<li class=\"p1\">Rev\u00eatement de couleur exclusif \u00e0 base de PU pour favoriser la r\u00e9sistance \u00e0 l&#039;abrasion et le lessivage des couleurs<\/li>\n<li class=\"p1\">Con\u00e7u pour toutes les applications de buse, y compris \u00e0 al\u00e9sage lisse<\/li>\n<li class=\"p1\">Satisfait et d\u00e9passe les normes NFPA 1961<\/li>\n<li class=\"p1\">Satisfait et d\u00e9passe les normes UL-19<\/li>\n<li class=\"p1\">Plage de temp\u00e9rature\u00a0: -30\u00a0F \u00e0 122\u00a0F<\/li>\n<li class=\"p1\">Garantie constructeur de 10 ans<\/li>\n<li class=\"p1\">Garantie \u00e0 vie contre le d\u00e9laminage des tubes<\/li>\n<li class=\"p1\">R\u00e9sistance \u00e0 l&#039;\u00e9clatement minimale de 1500 PSI<\/li>\n<li class=\"p1\">Vestes High Pick Count \u00e0 l&#039;int\u00e9rieur et \u00e0 l&#039;ext\u00e9rieur<\/li>\n<li class=\"p1\">ID de pr\u00e9cision de qualit\u00e9 militaire (+-.02&quot;)<\/li>\n<li class=\"p1\">Couleurs\u00a0: rouge, jaune, bleu, noir, vert, beige, orange, transparent<\/li>\n<li class=\"p1\">Longueurs disponibles jusqu&#039;\u00e0 100&#039;<\/li>\n<li class=\"p1\">Diam\u00e8tres : 1,77&quot;, 1,88&quot;, 2,52&quot;<\/li>\n<\/ul>\n<p><a href=\"https:\/\/safetysourcefire.ca\/wp-content\/uploads\/2022\/11\/PRECISIONID2020.pdf\">T\u00e9l\u00e9charger la fiche technique<\/a><\/p>\n<p><a href=\"https:\/\/safetysourcefire.ca\/wp-content\/uploads\/2022\/11\/MATEXMUNICIPAL2022_C.pdf\">T\u00e9l\u00e9charger le catalogue municipal<\/a><\/p>","protected":false},"excerpt":{"rendered":"<p>Satisfait et d\u00e9passe toutes les exigences de la norme NFPA 1961 sur les tuyaux d&#039;incendie.<\/p>","protected":false},"featured_media":26936,"template":"","meta":[],"product_brand":[598],"product_cat":[44,65],"product_tag":[600],"class_list":{"0":"post-26955","1":"product","2":"type-product","3":"status-publish","4":"has-post-thumbnail","6":"product_brand-matex-hose","7":"product_cat-fire-suppression","8":"product_cat-hose","9":"product_tag-matex-hose","11":"first","12":"instock","13":"shipping-taxable","14":"product-type-simple"},"yoast_head":"<!-- This site is optimized with the Yoast SEO plugin v27.4 - https:\/\/yoast.com\/product\/yoast-seo-wordpress\/ -->\n<title>Precision ID - Safety Source Fire<\/title>\n<meta name=\"robots\" content=\"index, follow, max-snippet:-1, max-image-preview:large, max-video-preview:-1\" \/>\n<link rel=\"canonical\" href=\"https:\/\/safetysourcefire.ca\/fr\/produit\/precision\/\" \/>\n<meta property=\"og:locale\" content=\"fr_CA\" \/>\n<meta property=\"og:type\" content=\"article\" \/>\n<meta property=\"og:title\" content=\"Precision ID - Safety Source Fire\" \/>\n<meta property=\"og:description\" content=\"Meets and exceeds all the requirements of NFPA 1961 Standard on Fire Hose\" \/>\n<meta property=\"og:url\" content=\"https:\/\/safetysourcefire.ca\/fr\/produit\/precision\/\" \/>\n<meta property=\"og:site_name\" content=\"Safety Source Fire\" \/>\n<meta property=\"article:publisher\" content=\"https:\/\/www.facebook.com\/mmfssca\" \/>\n<meta property=\"article:modified_time\" content=\"2025-03-14T14:24:21+00:00\" \/>\n<meta property=\"og:image\" content=\"https:\/\/safetysourcefire.ca\/wp-content\/uploads\/2022\/11\/matex_precision.jpg\" \/>\n\t<meta property=\"og:image:width\" content=\"600\" \/>\n\t<meta property=\"og:image:height\" content=\"600\" \/>\n\t<meta property=\"og:image:type\" content=\"image\/jpeg\" \/>\n<meta name=\"twitter:card\" content=\"summary_large_image\" \/>\n<meta name=\"twitter:site\" content=\"@mmfssca\" \/>\n<meta name=\"twitter:label1\" content=\"Estimation du temps de lecture\" \/>\n\t<meta name=\"twitter:data1\" content=\"1 minute\" \/>\n<script type=\"application\/ld+json\" class=\"yoast-schema-graph\">{\"@context\":\"https:\\\/\\\/schema.org\",\"@graph\":[{\"@type\":\"WebPage\",\"@id\":\"https:\\\/\\\/safetysourcefire.ca\\\/product\\\/precision\\\/\",\"url\":\"https:\\\/\\\/safetysourcefire.ca\\\/product\\\/precision\\\/\",\"name\":\"Precision ID - Safety Source Fire\",\"isPartOf\":{\"@id\":\"https:\\\/\\\/safetysourcefire.ca\\\/#website\"},\"primaryImageOfPage\":{\"@id\":\"https:\\\/\\\/safetysourcefire.ca\\\/product\\\/precision\\\/#primaryimage\"},\"image\":{\"@id\":\"https:\\\/\\\/safetysourcefire.ca\\\/product\\\/precision\\\/#primaryimage\"},\"thumbnailUrl\":\"https:\\\/\\\/safetysourcefire.ca\\\/wp-content\\\/uploads\\\/2022\\\/11\\\/matex_precision.jpg\",\"datePublished\":\"2022-11-02T20:14:32+00:00\",\"dateModified\":\"2025-03-14T14:24:21+00:00\",\"breadcrumb\":{\"@id\":\"https:\\\/\\\/safetysourcefire.ca\\\/product\\\/precision\\\/#breadcrumb\"},\"inLanguage\":\"fr-CA\",\"potentialAction\":[{\"@type\":\"ReadAction\",\"target\":[\"https:\\\/\\\/safetysourcefire.ca\\\/product\\\/precision\\\/\"]}]},{\"@type\":\"ImageObject\",\"inLanguage\":\"fr-CA\",\"@id\":\"https:\\\/\\\/safetysourcefire.ca\\\/product\\\/precision\\\/#primaryimage\",\"url\":\"https:\\\/\\\/safetysourcefire.ca\\\/wp-content\\\/uploads\\\/2022\\\/11\\\/matex_precision.jpg\",\"contentUrl\":\"https:\\\/\\\/safetysourcefire.ca\\\/wp-content\\\/uploads\\\/2022\\\/11\\\/matex_precision.jpg\",\"width\":600,\"height\":600,\"caption\":\"hose\"},{\"@type\":\"BreadcrumbList\",\"@id\":\"https:\\\/\\\/safetysourcefire.ca\\\/product\\\/precision\\\/#breadcrumb\",\"itemListElement\":[{\"@type\":\"ListItem\",\"position\":1,\"name\":\"Home\",\"item\":\"https:\\\/\\\/safetysourcefire.ca\\\/\"},{\"@type\":\"ListItem\",\"position\":2,\"name\":\"Products\",\"item\":\"https:\\\/\\\/safetysourcefire.ca\\\/shop\\\/\"},{\"@type\":\"ListItem\",\"position\":3,\"name\":\"Precision ID\"}]},{\"@type\":\"WebSite\",\"@id\":\"https:\\\/\\\/safetysourcefire.ca\\\/#website\",\"url\":\"https:\\\/\\\/safetysourcefire.ca\\\/\",\"name\":\"Safety Source Fire\",\"description\":\"\",\"publisher\":{\"@id\":\"https:\\\/\\\/safetysourcefire.ca\\\/#organization\"},\"potentialAction\":[{\"@type\":\"SearchAction\",\"target\":{\"@type\":\"EntryPoint\",\"urlTemplate\":\"https:\\\/\\\/safetysourcefire.ca\\\/?s={search_term_string}\"},\"query-input\":{\"@type\":\"PropertyValueSpecification\",\"valueRequired\":true,\"valueName\":\"search_term_string\"}}],\"inLanguage\":\"fr-CA\"},{\"@type\":\"Organization\",\"@id\":\"https:\\\/\\\/safetysourcefire.ca\\\/#organization\",\"name\":\"Safety Source Fire\",\"url\":\"https:\\\/\\\/safetysourcefire.ca\\\/\",\"logo\":{\"@type\":\"ImageObject\",\"inLanguage\":\"fr-CA\",\"@id\":\"https:\\\/\\\/safetysourcefire.ca\\\/#\\\/schema\\\/logo\\\/image\\\/\",\"url\":\"https:\\\/\\\/safetysourcefire.ca\\\/wp-content\\\/uploads\\\/2021\\\/01\\\/SSF_logo_CC0000-3.png\",\"contentUrl\":\"https:\\\/\\\/safetysourcefire.ca\\\/wp-content\\\/uploads\\\/2021\\\/01\\\/SSF_logo_CC0000-3.png\",\"width\":1107,\"height\":365,\"caption\":\"Safety Source Fire\"},\"image\":{\"@id\":\"https:\\\/\\\/safetysourcefire.ca\\\/#\\\/schema\\\/logo\\\/image\\\/\"},\"sameAs\":[\"https:\\\/\\\/www.facebook.com\\\/mmfssca\",\"https:\\\/\\\/x.com\\\/mmfssca\"]}]}<\/script>\n<!-- \/ Yoast SEO plugin. -->","yoast_head_json":{"title":"Precision ID - Source de s\u00e9curit\u00e9 incendie","robots":{"index":"index","follow":"follow","max-snippet":"max-snippet:-1","max-image-preview":"max-image-preview:large","max-video-preview":"max-video-preview:-1"},"canonical":"https:\/\/safetysourcefire.ca\/fr\/produit\/precision\/","og_locale":"fr_CA","og_type":"article","og_title":"Precision ID - Safety Source Fire","og_description":"Meets and exceeds all the requirements of NFPA 1961 Standard on Fire Hose","og_url":"https:\/\/safetysourcefire.ca\/fr\/produit\/precision\/","og_site_name":"Safety Source Fire","article_publisher":"https:\/\/www.facebook.com\/mmfssca","article_modified_time":"2025-03-14T14:24:21+00:00","og_image":[{"width":600,"height":600,"url":"https:\/\/safetysourcefire.ca\/wp-content\/uploads\/2022\/11\/matex_precision.jpg","type":"image\/jpeg"}],"twitter_card":"summary_large_image","twitter_site":"@mmfssca","twitter_misc":{"Estimation du temps de lecture":"1 minute"},"schema":{"@context":"https:\/\/schema.org","@graph":[{"@type":"WebPage","@id":"https:\/\/safetysourcefire.ca\/product\/precision\/","url":"https:\/\/safetysourcefire.ca\/product\/precision\/","name":"Precision ID - Source de s\u00e9curit\u00e9 incendie","isPartOf":{"@id":"https:\/\/safetysourcefire.ca\/#website"},"primaryImageOfPage":{"@id":"https:\/\/safetysourcefire.ca\/product\/precision\/#primaryimage"},"image":{"@id":"https:\/\/safetysourcefire.ca\/product\/precision\/#primaryimage"},"thumbnailUrl":"https:\/\/safetysourcefire.ca\/wp-content\/uploads\/2022\/11\/matex_precision.jpg","datePublished":"2022-11-02T20:14:32+00:00","dateModified":"2025-03-14T14:24:21+00:00","breadcrumb":{"@id":"https:\/\/safetysourcefire.ca\/product\/precision\/#breadcrumb"},"inLanguage":"fr-CA","potentialAction":[{"@type":"ReadAction","target":["https:\/\/safetysourcefire.ca\/product\/precision\/"]}]},{"@type":"ImageObject","inLanguage":"fr-CA","@id":"https:\/\/safetysourcefire.ca\/product\/precision\/#primaryimage","url":"https:\/\/safetysourcefire.ca\/wp-content\/uploads\/2022\/11\/matex_precision.jpg","contentUrl":"https:\/\/safetysourcefire.ca\/wp-content\/uploads\/2022\/11\/matex_precision.jpg","width":600,"height":600,"caption":"hose"},{"@type":"BreadcrumbList","@id":"https:\/\/safetysourcefire.ca\/product\/precision\/#breadcrumb","itemListElement":[{"@type":"ListItem","position":1,"name":"Home","item":"https:\/\/safetysourcefire.ca\/"},{"@type":"ListItem","position":2,"name":"Products","item":"https:\/\/safetysourcefire.ca\/shop\/"},{"@type":"ListItem","position":3,"name":"Precision ID"}]},{"@type":"WebSite","@id":"https:\/\/safetysourcefire.ca\/#website","url":"https:\/\/safetysourcefire.ca\/","name":"Safety Source Fire","description":"","publisher":{"@id":"https:\/\/safetysourcefire.ca\/#organization"},"potentialAction":[{"@type":"SearchAction","target":{"@type":"EntryPoint","urlTemplate":"https:\/\/safetysourcefire.ca\/?s={search_term_string}"},"query-input":{"@type":"PropertyValueSpecification","valueRequired":true,"valueName":"search_term_string"}}],"inLanguage":"fr-CA"},{"@type":"Organization","@id":"https:\/\/safetysourcefire.ca\/#organization","name":"Safety Source Fire","url":"https:\/\/safetysourcefire.ca\/","logo":{"@type":"ImageObject","inLanguage":"fr-CA","@id":"https:\/\/safetysourcefire.ca\/#\/schema\/logo\/image\/","url":"https:\/\/safetysourcefire.ca\/wp-content\/uploads\/2021\/01\/SSF_logo_CC0000-3.png","contentUrl":"https:\/\/safetysourcefire.ca\/wp-content\/uploads\/2021\/01\/SSF_logo_CC0000-3.png","width":1107,"height":365,"caption":"Safety Source Fire"},"image":{"@id":"https:\/\/safetysourcefire.ca\/#\/schema\/logo\/image\/"},"sameAs":["https:\/\/www.facebook.com\/mmfssca","https:\/\/x.com\/mmfssca"]}]}},"_links":{"self":[{"href":"https:\/\/safetysourcefire.ca\/fr\/wp-json\/wp\/v2\/product\/26955","targetHints":{"allow":["GET"]}}],"collection":[{"href":"https:\/\/safetysourcefire.ca\/fr\/wp-json\/wp\/v2\/product"}],"about":[{"href":"https:\/\/safetysourcefire.ca\/fr\/wp-json\/wp\/v2\/types\/product"}],"wp:featuredmedia":[{"embeddable":true,"href":"https:\/\/safetysourcefire.ca\/fr\/wp-json\/wp\/v2\/media\/26936"}],"wp:attachment":[{"href":"https:\/\/safetysourcefire.ca\/fr\/wp-json\/wp\/v2\/media?parent=26955"}],"wp:term":[{"taxonomy":"product_brand","embeddable":true,"href":"https:\/\/safetysourcefire.ca\/fr\/wp-json\/wp\/v2\/product_brand?post=26955"},{"taxonomy":"product_cat","embeddable":true,"href":"https:\/\/safetysourcefire.ca\/fr\/wp-json\/wp\/v2\/product_cat?post=26955"},{"taxonomy":"product_tag","embeddable":true,"href":"https:\/\/safetysourcefire.ca\/fr\/wp-json\/wp\/v2\/product_tag?post=26955"}],"curies":[{"name":"wp","href":"https:\/\/api.w.org\/{rel}","templated":true}]}}