{"id":26975,"date":"2022-11-14T14:06:18","date_gmt":"2022-11-14T14:06:18","guid":{"rendered":"https:\/\/safetysourcefire.ca\/?post_type=product&#038;p=26975"},"modified":"2023-10-03T12:57:16","modified_gmt":"2023-10-03T12:57:16","slug":"txs-thermal-imager","status":"publish","type":"product","link":"https:\/\/safetysourcefire.ca\/fr\/produit\/txs-thermal-imager\/","title":{"rendered":"Imageur thermique TXS"},"content":{"rendered":"<p><strong>AVANTAGES TXS<\/strong><br \/>\nVoici l&#039;imageur thermique d\u00e9cisionnel le plus abordable du march\u00e9, offrant une qualit\u00e9 d&#039;image exceptionnelle dans un format compact et l\u00e9ger de 1,6 livre. L&#039;imageur thermique Bullard TXS est votre solution de d\u00e9ploiement \u00e9lev\u00e9 lorsque le budget, la qualit\u00e9 et les performances sont essentiels.<\/p>\n<p>&nbsp;<\/p>\n<p><a href=\"https:\/\/safetysourcefire.ca\/wp-content\/uploads\/2022\/11\/TXS_US_landing_page_features.png\"><img loading=\"lazy\" decoding=\"async\" class=\"aligncenter size-full wp-image-26980\" src=\"https:\/\/safetysourcefire.ca\/wp-content\/uploads\/2022\/11\/TXS_US_landing_page_features.png\" alt=\"TXS features\" width=\"1800\" height=\"1200\" srcset=\"https:\/\/safetysourcefire.ca\/wp-content\/uploads\/2022\/11\/TXS_US_landing_page_features.png 1800w, https:\/\/safetysourcefire.ca\/wp-content\/uploads\/2022\/11\/TXS_US_landing_page_features-300x200.png 300w, https:\/\/safetysourcefire.ca\/wp-content\/uploads\/2022\/11\/TXS_US_landing_page_features-900x600.png 900w, https:\/\/safetysourcefire.ca\/wp-content\/uploads\/2022\/11\/TXS_US_landing_page_features-150x100.png 150w, https:\/\/safetysourcefire.ca\/wp-content\/uploads\/2022\/11\/TXS_US_landing_page_features-768x512.png 768w, https:\/\/safetysourcefire.ca\/wp-content\/uploads\/2022\/11\/TXS_US_landing_page_features-1536x1024.png 1536w, https:\/\/safetysourcefire.ca\/wp-content\/uploads\/2022\/11\/TXS_US_landing_page_features-18x12.png 18w, https:\/\/safetysourcefire.ca\/wp-content\/uploads\/2022\/11\/TXS_US_landing_page_features-416x277.png 416w, https:\/\/safetysourcefire.ca\/wp-content\/uploads\/2022\/11\/TXS_US_landing_page_features-272x182.png 272w\" sizes=\"auto, (max-width: 1800px) 100vw, 1800px\" \/><\/a><\/p>\n<p>&nbsp;<\/p>\n<p><strong>L\u00e9ger et intuitif<\/strong><br \/>\n1,6 livres, 1 bouton<br \/>\nUn outil intuitif d&#039;un poids de seulement 1,6 livre, l&#039;imageur thermique Bullard TXS est essentiel pour chaque service. TXS a \u00e9t\u00e9 con\u00e7u pour \u00eatre facile \u00e0 utiliser avec son fonctionnement \u00e0 un bouton, sa conception ergonomique et sa taille qui le rend facilement rangeable via une lani\u00e8re. TXS vous donne les informations vitales dont vous avez besoin, sans vous alourdir.<\/p>\n<p><strong>Une image claire avec une seule touche<\/strong><br \/>\nVoir les d\u00e9tails avec clart\u00e9<br \/>\nAvec un \u00e9cran de 3,5 pouces facile \u00e0 lire \u00e0 une r\u00e9solution claire de 320 \u00d7 240 pixels, l&#039;imageur thermique Bullard TXS offre une image claire pour les attaques de feu et les d\u00e9tails. L&#039;utilisation simple d&#039;un seul bouton signifie que les pompiers peuvent facilement obtenir l&#039;image claire dont ils ont besoin, sans complexit\u00e9 suppl\u00e9mentaire.<\/p>\n<p><strong>Options de charge innovantes<\/strong><br \/>\nChargeur de camion robuste en option<br \/>\nAyez de la puissance \u00e0 port\u00e9e de main avec le chargeur de camion TXS pratique et robuste qui charge simultan\u00e9ment deux batteries, deux imageurs ou un de chaque. Le chargeur est \u00e9galement compatible avec une utilisation de bureau. La batterie Li-Ion amovible et rechargeable offre une autonomie exceptionnelle de 6 heures d&#039;utilisation continue.<\/p>\n<p><strong>Fiabilit\u00e9 robuste de Bullard et garantie de cinq ans<\/strong><br \/>\nLe champ de tir ne pardonne pas et Bullard TXS est con\u00e7u pour les situations les plus exigeantes. Comme tous les imageurs thermiques de Bullard, le TXS est con\u00e7u pour \u00eatre durable et fiable, quel que soit l&#039;environnement.<\/p>\n<p><a href=\"https:\/\/safetysourcefire.ca\/wp-content\/uploads\/2022\/11\/TXS_Sales_Sheet_US_8751.pdf\">T\u00e9l\u00e9charger la fiche technique<\/a><\/p>\n<p><iframe loading=\"lazy\" title=\"TXS US_FR\" src=\"https:\/\/player.vimeo.com\/video\/651162000?h=40e06d0c53&amp;dnt=1&amp;app_id=122963\" width=\"980\" height=\"551\" frameborder=\"0\" allow=\"autoplay; fullscreen; picture-in-picture\" allowfullscreen><\/iframe><\/p>\n<p>&nbsp;<\/p>","protected":false},"excerpt":{"rendered":"<p>L&#039;imageur thermique Bullard TXS est un outil de prise de d\u00e9cision l\u00e9ger mais robuste, livr\u00e9 \u00e0 un prix incroyable.<\/p>","protected":false},"featured_media":26978,"template":"","meta":[],"product_brand":[201],"product_cat":[51,134],"product_tag":[265],"class_list":{"0":"post-26975","1":"product","2":"type-product","3":"status-publish","4":"has-post-thumbnail","6":"product_brand-bullard","7":"product_cat-rescue","8":"product_cat-thermal-imaging","9":"product_tag-bullard","11":"first","12":"instock","13":"shipping-taxable","14":"product-type-simple"},"yoast_head":"<!-- This site is optimized with the Yoast SEO plugin v27.4 - https:\/\/yoast.com\/product\/yoast-seo-wordpress\/ -->\n<title>TXS Thermal Imager - Safety Source Fire<\/title>\n<meta name=\"robots\" content=\"index, follow, max-snippet:-1, max-image-preview:large, max-video-preview:-1\" \/>\n<link rel=\"canonical\" href=\"https:\/\/safetysourcefire.ca\/fr\/produit\/txs-thermal-imager\/\" \/>\n<meta property=\"og:locale\" content=\"fr_CA\" \/>\n<meta property=\"og:type\" content=\"article\" \/>\n<meta property=\"og:title\" content=\"TXS Thermal Imager - Safety Source Fire\" \/>\n<meta property=\"og:description\" content=\"The Bullard TXS Thermal Imager is a lightweight, but tough decision-making tool, delivered at an incredible value.\" \/>\n<meta property=\"og:url\" content=\"https:\/\/safetysourcefire.ca\/fr\/produit\/txs-thermal-imager\/\" \/>\n<meta property=\"og:site_name\" content=\"Safety Source Fire\" \/>\n<meta property=\"article:publisher\" content=\"https:\/\/www.facebook.com\/mmfssca\" \/>\n<meta property=\"article:modified_time\" content=\"2023-10-03T12:57:16+00:00\" \/>\n<meta property=\"og:image\" content=\"https:\/\/safetysourcefire.ca\/wp-content\/uploads\/2022\/11\/TXS_Lightweight.jpg\" \/>\n\t<meta property=\"og:image:width\" content=\"600\" \/>\n\t<meta property=\"og:image:height\" content=\"600\" \/>\n\t<meta property=\"og:image:type\" content=\"image\/jpeg\" \/>\n<meta name=\"twitter:card\" content=\"summary_large_image\" \/>\n<meta name=\"twitter:site\" content=\"@mmfssca\" \/>\n<meta name=\"twitter:label1\" content=\"Estimation du temps de lecture\" \/>\n\t<meta name=\"twitter:data1\" content=\"2 minutes\" \/>\n<script type=\"application\/ld+json\" class=\"yoast-schema-graph\">{\"@context\":\"https:\\\/\\\/schema.org\",\"@graph\":[{\"@type\":\"WebPage\",\"@id\":\"https:\\\/\\\/safetysourcefire.ca\\\/product\\\/txs-thermal-imager\\\/\",\"url\":\"https:\\\/\\\/safetysourcefire.ca\\\/product\\\/txs-thermal-imager\\\/\",\"name\":\"TXS Thermal Imager - Safety Source Fire\",\"isPartOf\":{\"@id\":\"https:\\\/\\\/safetysourcefire.ca\\\/#website\"},\"primaryImageOfPage\":{\"@id\":\"https:\\\/\\\/safetysourcefire.ca\\\/product\\\/txs-thermal-imager\\\/#primaryimage\"},\"image\":{\"@id\":\"https:\\\/\\\/safetysourcefire.ca\\\/product\\\/txs-thermal-imager\\\/#primaryimage\"},\"thumbnailUrl\":\"https:\\\/\\\/safetysourcefire.ca\\\/wp-content\\\/uploads\\\/2022\\\/11\\\/TXS_Lightweight.jpg\",\"datePublished\":\"2022-11-14T14:06:18+00:00\",\"dateModified\":\"2023-10-03T12:57:16+00:00\",\"breadcrumb\":{\"@id\":\"https:\\\/\\\/safetysourcefire.ca\\\/product\\\/txs-thermal-imager\\\/#breadcrumb\"},\"inLanguage\":\"fr-CA\",\"potentialAction\":[{\"@type\":\"ReadAction\",\"target\":[\"https:\\\/\\\/safetysourcefire.ca\\\/product\\\/txs-thermal-imager\\\/\"]}]},{\"@type\":\"ImageObject\",\"inLanguage\":\"fr-CA\",\"@id\":\"https:\\\/\\\/safetysourcefire.ca\\\/product\\\/txs-thermal-imager\\\/#primaryimage\",\"url\":\"https:\\\/\\\/safetysourcefire.ca\\\/wp-content\\\/uploads\\\/2022\\\/11\\\/TXS_Lightweight.jpg\",\"contentUrl\":\"https:\\\/\\\/safetysourcefire.ca\\\/wp-content\\\/uploads\\\/2022\\\/11\\\/TXS_Lightweight.jpg\",\"width\":600,\"height\":600,\"caption\":\"TXS\"},{\"@type\":\"BreadcrumbList\",\"@id\":\"https:\\\/\\\/safetysourcefire.ca\\\/product\\\/txs-thermal-imager\\\/#breadcrumb\",\"itemListElement\":[{\"@type\":\"ListItem\",\"position\":1,\"name\":\"Home\",\"item\":\"https:\\\/\\\/safetysourcefire.ca\\\/\"},{\"@type\":\"ListItem\",\"position\":2,\"name\":\"Products\",\"item\":\"https:\\\/\\\/safetysourcefire.ca\\\/shop\\\/\"},{\"@type\":\"ListItem\",\"position\":3,\"name\":\"TXS Thermal Imager\"}]},{\"@type\":\"WebSite\",\"@id\":\"https:\\\/\\\/safetysourcefire.ca\\\/#website\",\"url\":\"https:\\\/\\\/safetysourcefire.ca\\\/\",\"name\":\"Safety Source Fire\",\"description\":\"\",\"publisher\":{\"@id\":\"https:\\\/\\\/safetysourcefire.ca\\\/#organization\"},\"potentialAction\":[{\"@type\":\"SearchAction\",\"target\":{\"@type\":\"EntryPoint\",\"urlTemplate\":\"https:\\\/\\\/safetysourcefire.ca\\\/?s={search_term_string}\"},\"query-input\":{\"@type\":\"PropertyValueSpecification\",\"valueRequired\":true,\"valueName\":\"search_term_string\"}}],\"inLanguage\":\"fr-CA\"},{\"@type\":\"Organization\",\"@id\":\"https:\\\/\\\/safetysourcefire.ca\\\/#organization\",\"name\":\"Safety Source Fire\",\"url\":\"https:\\\/\\\/safetysourcefire.ca\\\/\",\"logo\":{\"@type\":\"ImageObject\",\"inLanguage\":\"fr-CA\",\"@id\":\"https:\\\/\\\/safetysourcefire.ca\\\/#\\\/schema\\\/logo\\\/image\\\/\",\"url\":\"https:\\\/\\\/safetysourcefire.ca\\\/wp-content\\\/uploads\\\/2021\\\/01\\\/SSF_logo_CC0000-3.png\",\"contentUrl\":\"https:\\\/\\\/safetysourcefire.ca\\\/wp-content\\\/uploads\\\/2021\\\/01\\\/SSF_logo_CC0000-3.png\",\"width\":1107,\"height\":365,\"caption\":\"Safety Source Fire\"},\"image\":{\"@id\":\"https:\\\/\\\/safetysourcefire.ca\\\/#\\\/schema\\\/logo\\\/image\\\/\"},\"sameAs\":[\"https:\\\/\\\/www.facebook.com\\\/mmfssca\",\"https:\\\/\\\/x.com\\\/mmfssca\"]}]}<\/script>\n<!-- \/ Yoast SEO plugin. -->","yoast_head_json":{"title":"Imageur thermique TXS - Incendie de source de s\u00e9curit\u00e9","robots":{"index":"index","follow":"follow","max-snippet":"max-snippet:-1","max-image-preview":"max-image-preview:large","max-video-preview":"max-video-preview:-1"},"canonical":"https:\/\/safetysourcefire.ca\/fr\/produit\/txs-thermal-imager\/","og_locale":"fr_CA","og_type":"article","og_title":"TXS Thermal Imager - Safety Source Fire","og_description":"The Bullard TXS Thermal Imager is a lightweight, but tough decision-making tool, delivered at an incredible value.","og_url":"https:\/\/safetysourcefire.ca\/fr\/produit\/txs-thermal-imager\/","og_site_name":"Safety Source Fire","article_publisher":"https:\/\/www.facebook.com\/mmfssca","article_modified_time":"2023-10-03T12:57:16+00:00","og_image":[{"width":600,"height":600,"url":"https:\/\/safetysourcefire.ca\/wp-content\/uploads\/2022\/11\/TXS_Lightweight.jpg","type":"image\/jpeg"}],"twitter_card":"summary_large_image","twitter_site":"@mmfssca","twitter_misc":{"Estimation du temps de lecture":"2 minutes"},"schema":{"@context":"https:\/\/schema.org","@graph":[{"@type":"WebPage","@id":"https:\/\/safetysourcefire.ca\/product\/txs-thermal-imager\/","url":"https:\/\/safetysourcefire.ca\/product\/txs-thermal-imager\/","name":"Imageur thermique TXS - Incendie de source de s\u00e9curit\u00e9","isPartOf":{"@id":"https:\/\/safetysourcefire.ca\/#website"},"primaryImageOfPage":{"@id":"https:\/\/safetysourcefire.ca\/product\/txs-thermal-imager\/#primaryimage"},"image":{"@id":"https:\/\/safetysourcefire.ca\/product\/txs-thermal-imager\/#primaryimage"},"thumbnailUrl":"https:\/\/safetysourcefire.ca\/wp-content\/uploads\/2022\/11\/TXS_Lightweight.jpg","datePublished":"2022-11-14T14:06:18+00:00","dateModified":"2023-10-03T12:57:16+00:00","breadcrumb":{"@id":"https:\/\/safetysourcefire.ca\/product\/txs-thermal-imager\/#breadcrumb"},"inLanguage":"fr-CA","potentialAction":[{"@type":"ReadAction","target":["https:\/\/safetysourcefire.ca\/product\/txs-thermal-imager\/"]}]},{"@type":"ImageObject","inLanguage":"fr-CA","@id":"https:\/\/safetysourcefire.ca\/product\/txs-thermal-imager\/#primaryimage","url":"https:\/\/safetysourcefire.ca\/wp-content\/uploads\/2022\/11\/TXS_Lightweight.jpg","contentUrl":"https:\/\/safetysourcefire.ca\/wp-content\/uploads\/2022\/11\/TXS_Lightweight.jpg","width":600,"height":600,"caption":"TXS"},{"@type":"BreadcrumbList","@id":"https:\/\/safetysourcefire.ca\/product\/txs-thermal-imager\/#breadcrumb","itemListElement":[{"@type":"ListItem","position":1,"name":"Home","item":"https:\/\/safetysourcefire.ca\/"},{"@type":"ListItem","position":2,"name":"Products","item":"https:\/\/safetysourcefire.ca\/shop\/"},{"@type":"ListItem","position":3,"name":"TXS Thermal Imager"}]},{"@type":"WebSite","@id":"https:\/\/safetysourcefire.ca\/#website","url":"https:\/\/safetysourcefire.ca\/","name":"Safety Source Fire","description":"","publisher":{"@id":"https:\/\/safetysourcefire.ca\/#organization"},"potentialAction":[{"@type":"SearchAction","target":{"@type":"EntryPoint","urlTemplate":"https:\/\/safetysourcefire.ca\/?s={search_term_string}"},"query-input":{"@type":"PropertyValueSpecification","valueRequired":true,"valueName":"search_term_string"}}],"inLanguage":"fr-CA"},{"@type":"Organization","@id":"https:\/\/safetysourcefire.ca\/#organization","name":"Safety Source Fire","url":"https:\/\/safetysourcefire.ca\/","logo":{"@type":"ImageObject","inLanguage":"fr-CA","@id":"https:\/\/safetysourcefire.ca\/#\/schema\/logo\/image\/","url":"https:\/\/safetysourcefire.ca\/wp-content\/uploads\/2021\/01\/SSF_logo_CC0000-3.png","contentUrl":"https:\/\/safetysourcefire.ca\/wp-content\/uploads\/2021\/01\/SSF_logo_CC0000-3.png","width":1107,"height":365,"caption":"Safety Source Fire"},"image":{"@id":"https:\/\/safetysourcefire.ca\/#\/schema\/logo\/image\/"},"sameAs":["https:\/\/www.facebook.com\/mmfssca","https:\/\/x.com\/mmfssca"]}]}},"_links":{"self":[{"href":"https:\/\/safetysourcefire.ca\/fr\/wp-json\/wp\/v2\/product\/26975","targetHints":{"allow":["GET"]}}],"collection":[{"href":"https:\/\/safetysourcefire.ca\/fr\/wp-json\/wp\/v2\/product"}],"about":[{"href":"https:\/\/safetysourcefire.ca\/fr\/wp-json\/wp\/v2\/types\/product"}],"wp:featuredmedia":[{"embeddable":true,"href":"https:\/\/safetysourcefire.ca\/fr\/wp-json\/wp\/v2\/media\/26978"}],"wp:attachment":[{"href":"https:\/\/safetysourcefire.ca\/fr\/wp-json\/wp\/v2\/media?parent=26975"}],"wp:term":[{"taxonomy":"product_brand","embeddable":true,"href":"https:\/\/safetysourcefire.ca\/fr\/wp-json\/wp\/v2\/product_brand?post=26975"},{"taxonomy":"product_cat","embeddable":true,"href":"https:\/\/safetysourcefire.ca\/fr\/wp-json\/wp\/v2\/product_cat?post=26975"},{"taxonomy":"product_tag","embeddable":true,"href":"https:\/\/safetysourcefire.ca\/fr\/wp-json\/wp\/v2\/product_tag?post=26975"}],"curies":[{"name":"wp","href":"https:\/\/api.w.org\/{rel}","templated":true}]}}