{"id":27074,"date":"2022-12-14T19:32:17","date_gmt":"2022-12-14T19:32:17","guid":{"rendered":"https:\/\/safetysourcefire.ca\/?post_type=product&#038;p=27074"},"modified":"2022-12-19T15:29:15","modified_gmt":"2022-12-19T15:29:15","slug":"rapid-transport-extrication-sled-kit-5-in-haul-out-haul-leap-frogging","status":"publish","type":"product","link":"https:\/\/safetysourcefire.ca\/fr\/produit\/rapid-transport-extrication-sled-kit-5-in-haul-out-haul-leap-frogging\/","title":{"rendered":"Kit de tra\u00eeneau d&#039;extraction de transport rapide 5 In Haul - Out Haul - Leap Frogging"},"content":{"rendered":"<p>Comprend\u00a0:<\/p>\n<ul>\n<li>2-<a href=\"https:\/\/safetysourcefire.ca\/fr\/produit\/rts-rapid-transport-ice-rescue-sled\/\">Tra\u00eeneaux de transport rapide<\/a><\/li>\n<li>2-<a href=\"https:\/\/safetysourcefire.ca\/fr\/produit\/cold-water-rescue-sling\/\">Sangles Pro Recon<\/a><\/li>\n<li>2-<a href=\"https:\/\/safetysourcefire.ca\/fr\/produit\/rts-storage-bag\/\">Sacs de rangement<\/a><\/li>\n<li>1-<a href=\"https:\/\/safetysourcefire.ca\/fr\/produit\/tether-line-rope-with-reel\/\">Corde d&#039;attache de 300 pieds avec enrouleur<\/a><\/li>\n<li>1-<a href=\"https:\/\/safetysourcefire.ca\/fr\/produit\/tether-line-rope-with-reel\/\">Corde d&#039;attache de 150 pieds avec enrouleur<\/a><\/li>\n<li>1-<a href=\"https:\/\/safetysourcefire.ca\/fr\/produit\/shortline-tethers\/\">Syst\u00e8me d&#039;attache Shortline<\/a><\/li>\n<li>1-<a href=\"https:\/\/safetysourcefire.ca\/fr\/produit\/shortline-tethers\/\">Sangle d&#039;attache de sauvetage<\/a><\/li>\n<li>1-<a href=\"https:\/\/safetysourcefire.ca\/fr\/produit\/get-a-grip-ice-awls-classic\/\">Paire de poin\u00e7ons \u00e0 glace Get a Grip\u00ae<\/a><\/li>\n<li>1-<a href=\"https:\/\/safetysourcefire.ca\/fr\/produit\/throw-bag\/\">Sac \u00e0 lancer de 75 pieds<\/a><\/li>\n<\/ul>\n<p>&nbsp;<\/p>\n<p>&nbsp;<\/p>","protected":false},"excerpt":{"rendered":"<p>Ice Rescue Systems a con\u00e7u de nombreux kits d&#039;intervention en raison de la demande des professionnels du sauvetage. Choisissez parmi 7 kits diff\u00e9rents et \u00e9conomisez gros ! Ou concevez votre propre syst\u00e8me selon vos besoins.<\/p>","protected":false},"featured_media":27213,"template":"","meta":[],"product_brand":[601],"product_cat":[462,464,51,135],"product_tag":[602,603],"class_list":{"0":"post-27074","1":"product","2":"type-product","3":"status-publish","4":"has-post-thumbnail","6":"product_brand-ice-rescue-systems","7":"product_cat-emergency-preparedness","8":"product_cat-flood","9":"product_cat-rescue","10":"product_cat-water-ice-rescue","11":"product_tag-ice-rescue-systems","12":"product_tag-irs","14":"first","15":"instock","16":"shipping-taxable","17":"product-type-simple"},"yoast_head":"<!-- This site is optimized with the Yoast SEO plugin v27.4 - https:\/\/yoast.com\/product\/yoast-seo-wordpress\/ -->\n<title>Rapid Transport Extrication Sled Kit 5 In Haul \u2013 Out Haul \u2013 Leap Frogging - Safety Source Fire<\/title>\n<meta name=\"robots\" content=\"index, follow, max-snippet:-1, max-image-preview:large, max-video-preview:-1\" \/>\n<link rel=\"canonical\" href=\"https:\/\/safetysourcefire.ca\/fr\/produit\/rapid-transport-extrication-sled-kit-5-in-haul-out-haul-leap-frogging\/\" \/>\n<meta property=\"og:locale\" content=\"fr_CA\" \/>\n<meta property=\"og:type\" content=\"article\" \/>\n<meta property=\"og:title\" content=\"Rapid Transport Extrication Sled Kit 5 In Haul \u2013 Out Haul \u2013 Leap Frogging - Safety Source Fire\" \/>\n<meta property=\"og:description\" content=\"Ice Rescue Systems designed many response kits due to the demand of rescue professionals. Choose from 7 different kits and save big! Or design your own system to your needs.\" \/>\n<meta property=\"og:url\" content=\"https:\/\/safetysourcefire.ca\/fr\/produit\/rapid-transport-extrication-sled-kit-5-in-haul-out-haul-leap-frogging\/\" \/>\n<meta property=\"og:site_name\" content=\"Safety Source Fire\" \/>\n<meta property=\"article:publisher\" content=\"https:\/\/www.facebook.com\/mmfssca\" \/>\n<meta property=\"article:modified_time\" content=\"2022-12-19T15:29:15+00:00\" \/>\n<meta property=\"og:image\" content=\"https:\/\/safetysourcefire.ca\/wp-content\/uploads\/2022\/12\/RTS-Kit-5-web-1.jpg\" \/>\n\t<meta property=\"og:image:width\" content=\"600\" \/>\n\t<meta property=\"og:image:height\" content=\"600\" \/>\n\t<meta property=\"og:image:type\" content=\"image\/jpeg\" \/>\n<meta name=\"twitter:card\" content=\"summary_large_image\" \/>\n<meta name=\"twitter:site\" content=\"@mmfssca\" \/>\n<meta name=\"twitter:label1\" content=\"Estimation du temps de lecture\" \/>\n\t<meta name=\"twitter:data1\" content=\"1 minute\" \/>\n<script type=\"application\/ld+json\" class=\"yoast-schema-graph\">{\"@context\":\"https:\\\/\\\/schema.org\",\"@graph\":[{\"@type\":\"WebPage\",\"@id\":\"https:\\\/\\\/safetysourcefire.ca\\\/product\\\/rapid-transport-extrication-sled-kit-5-in-haul-out-haul-leap-frogging\\\/\",\"url\":\"https:\\\/\\\/safetysourcefire.ca\\\/product\\\/rapid-transport-extrication-sled-kit-5-in-haul-out-haul-leap-frogging\\\/\",\"name\":\"Rapid Transport Extrication Sled Kit 5 In Haul \u2013 Out Haul \u2013 Leap Frogging - Safety Source Fire\",\"isPartOf\":{\"@id\":\"https:\\\/\\\/safetysourcefire.ca\\\/#website\"},\"primaryImageOfPage\":{\"@id\":\"https:\\\/\\\/safetysourcefire.ca\\\/product\\\/rapid-transport-extrication-sled-kit-5-in-haul-out-haul-leap-frogging\\\/#primaryimage\"},\"image\":{\"@id\":\"https:\\\/\\\/safetysourcefire.ca\\\/product\\\/rapid-transport-extrication-sled-kit-5-in-haul-out-haul-leap-frogging\\\/#primaryimage\"},\"thumbnailUrl\":\"https:\\\/\\\/safetysourcefire.ca\\\/wp-content\\\/uploads\\\/2022\\\/12\\\/RTS-Kit-5-web-1.jpg\",\"datePublished\":\"2022-12-14T19:32:17+00:00\",\"dateModified\":\"2022-12-19T15:29:15+00:00\",\"breadcrumb\":{\"@id\":\"https:\\\/\\\/safetysourcefire.ca\\\/product\\\/rapid-transport-extrication-sled-kit-5-in-haul-out-haul-leap-frogging\\\/#breadcrumb\"},\"inLanguage\":\"fr-CA\",\"potentialAction\":[{\"@type\":\"ReadAction\",\"target\":[\"https:\\\/\\\/safetysourcefire.ca\\\/product\\\/rapid-transport-extrication-sled-kit-5-in-haul-out-haul-leap-frogging\\\/\"]}]},{\"@type\":\"ImageObject\",\"inLanguage\":\"fr-CA\",\"@id\":\"https:\\\/\\\/safetysourcefire.ca\\\/product\\\/rapid-transport-extrication-sled-kit-5-in-haul-out-haul-leap-frogging\\\/#primaryimage\",\"url\":\"https:\\\/\\\/safetysourcefire.ca\\\/wp-content\\\/uploads\\\/2022\\\/12\\\/RTS-Kit-5-web-1.jpg\",\"contentUrl\":\"https:\\\/\\\/safetysourcefire.ca\\\/wp-content\\\/uploads\\\/2022\\\/12\\\/RTS-Kit-5-web-1.jpg\",\"width\":600,\"height\":600,\"caption\":\"Sled Kit 5\"},{\"@type\":\"BreadcrumbList\",\"@id\":\"https:\\\/\\\/safetysourcefire.ca\\\/product\\\/rapid-transport-extrication-sled-kit-5-in-haul-out-haul-leap-frogging\\\/#breadcrumb\",\"itemListElement\":[{\"@type\":\"ListItem\",\"position\":1,\"name\":\"Home\",\"item\":\"https:\\\/\\\/safetysourcefire.ca\\\/\"},{\"@type\":\"ListItem\",\"position\":2,\"name\":\"Products\",\"item\":\"https:\\\/\\\/safetysourcefire.ca\\\/shop\\\/\"},{\"@type\":\"ListItem\",\"position\":3,\"name\":\"Rapid Transport Extrication Sled Kit 5 In Haul \u2013 Out Haul \u2013 Leap Frogging\"}]},{\"@type\":\"WebSite\",\"@id\":\"https:\\\/\\\/safetysourcefire.ca\\\/#website\",\"url\":\"https:\\\/\\\/safetysourcefire.ca\\\/\",\"name\":\"Safety Source Fire\",\"description\":\"\",\"publisher\":{\"@id\":\"https:\\\/\\\/safetysourcefire.ca\\\/#organization\"},\"potentialAction\":[{\"@type\":\"SearchAction\",\"target\":{\"@type\":\"EntryPoint\",\"urlTemplate\":\"https:\\\/\\\/safetysourcefire.ca\\\/?s={search_term_string}\"},\"query-input\":{\"@type\":\"PropertyValueSpecification\",\"valueRequired\":true,\"valueName\":\"search_term_string\"}}],\"inLanguage\":\"fr-CA\"},{\"@type\":\"Organization\",\"@id\":\"https:\\\/\\\/safetysourcefire.ca\\\/#organization\",\"name\":\"Safety Source Fire\",\"url\":\"https:\\\/\\\/safetysourcefire.ca\\\/\",\"logo\":{\"@type\":\"ImageObject\",\"inLanguage\":\"fr-CA\",\"@id\":\"https:\\\/\\\/safetysourcefire.ca\\\/#\\\/schema\\\/logo\\\/image\\\/\",\"url\":\"https:\\\/\\\/safetysourcefire.ca\\\/wp-content\\\/uploads\\\/2021\\\/01\\\/SSF_logo_CC0000-3.png\",\"contentUrl\":\"https:\\\/\\\/safetysourcefire.ca\\\/wp-content\\\/uploads\\\/2021\\\/01\\\/SSF_logo_CC0000-3.png\",\"width\":1107,\"height\":365,\"caption\":\"Safety Source Fire\"},\"image\":{\"@id\":\"https:\\\/\\\/safetysourcefire.ca\\\/#\\\/schema\\\/logo\\\/image\\\/\"},\"sameAs\":[\"https:\\\/\\\/www.facebook.com\\\/mmfssca\",\"https:\\\/\\\/x.com\\\/mmfssca\"]}]}<\/script>\n<!-- \/ Yoast SEO plugin. -->","yoast_head_json":{"title":"Rapid Transport Extrication Sled Kit 5 In Haul \u2013 Out Haul \u2013 Leap Frogging - Safety Source Fire","robots":{"index":"index","follow":"follow","max-snippet":"max-snippet:-1","max-image-preview":"max-image-preview:large","max-video-preview":"max-video-preview:-1"},"canonical":"https:\/\/safetysourcefire.ca\/fr\/produit\/rapid-transport-extrication-sled-kit-5-in-haul-out-haul-leap-frogging\/","og_locale":"fr_CA","og_type":"article","og_title":"Rapid Transport Extrication Sled Kit 5 In Haul \u2013 Out Haul \u2013 Leap Frogging - Safety Source Fire","og_description":"Ice Rescue Systems designed many response kits due to the demand of rescue professionals. Choose from 7 different kits and save big! Or design your own system to your needs.","og_url":"https:\/\/safetysourcefire.ca\/fr\/produit\/rapid-transport-extrication-sled-kit-5-in-haul-out-haul-leap-frogging\/","og_site_name":"Safety Source Fire","article_publisher":"https:\/\/www.facebook.com\/mmfssca","article_modified_time":"2022-12-19T15:29:15+00:00","og_image":[{"width":600,"height":600,"url":"https:\/\/safetysourcefire.ca\/wp-content\/uploads\/2022\/12\/RTS-Kit-5-web-1.jpg","type":"image\/jpeg"}],"twitter_card":"summary_large_image","twitter_site":"@mmfssca","twitter_misc":{"Estimation du temps de lecture":"1 minute"},"schema":{"@context":"https:\/\/schema.org","@graph":[{"@type":"WebPage","@id":"https:\/\/safetysourcefire.ca\/product\/rapid-transport-extrication-sled-kit-5-in-haul-out-haul-leap-frogging\/","url":"https:\/\/safetysourcefire.ca\/product\/rapid-transport-extrication-sled-kit-5-in-haul-out-haul-leap-frogging\/","name":"Rapid Transport Extrication Sled Kit 5 In Haul \u2013 Out Haul \u2013 Leap Frogging - Safety Source Fire","isPartOf":{"@id":"https:\/\/safetysourcefire.ca\/#website"},"primaryImageOfPage":{"@id":"https:\/\/safetysourcefire.ca\/product\/rapid-transport-extrication-sled-kit-5-in-haul-out-haul-leap-frogging\/#primaryimage"},"image":{"@id":"https:\/\/safetysourcefire.ca\/product\/rapid-transport-extrication-sled-kit-5-in-haul-out-haul-leap-frogging\/#primaryimage"},"thumbnailUrl":"https:\/\/safetysourcefire.ca\/wp-content\/uploads\/2022\/12\/RTS-Kit-5-web-1.jpg","datePublished":"2022-12-14T19:32:17+00:00","dateModified":"2022-12-19T15:29:15+00:00","breadcrumb":{"@id":"https:\/\/safetysourcefire.ca\/product\/rapid-transport-extrication-sled-kit-5-in-haul-out-haul-leap-frogging\/#breadcrumb"},"inLanguage":"fr-CA","potentialAction":[{"@type":"ReadAction","target":["https:\/\/safetysourcefire.ca\/product\/rapid-transport-extrication-sled-kit-5-in-haul-out-haul-leap-frogging\/"]}]},{"@type":"ImageObject","inLanguage":"fr-CA","@id":"https:\/\/safetysourcefire.ca\/product\/rapid-transport-extrication-sled-kit-5-in-haul-out-haul-leap-frogging\/#primaryimage","url":"https:\/\/safetysourcefire.ca\/wp-content\/uploads\/2022\/12\/RTS-Kit-5-web-1.jpg","contentUrl":"https:\/\/safetysourcefire.ca\/wp-content\/uploads\/2022\/12\/RTS-Kit-5-web-1.jpg","width":600,"height":600,"caption":"Sled Kit 5"},{"@type":"BreadcrumbList","@id":"https:\/\/safetysourcefire.ca\/product\/rapid-transport-extrication-sled-kit-5-in-haul-out-haul-leap-frogging\/#breadcrumb","itemListElement":[{"@type":"ListItem","position":1,"name":"Home","item":"https:\/\/safetysourcefire.ca\/"},{"@type":"ListItem","position":2,"name":"Products","item":"https:\/\/safetysourcefire.ca\/shop\/"},{"@type":"ListItem","position":3,"name":"Rapid Transport Extrication Sled Kit 5 In Haul \u2013 Out Haul \u2013 Leap Frogging"}]},{"@type":"WebSite","@id":"https:\/\/safetysourcefire.ca\/#website","url":"https:\/\/safetysourcefire.ca\/","name":"Safety Source Fire","description":"","publisher":{"@id":"https:\/\/safetysourcefire.ca\/#organization"},"potentialAction":[{"@type":"SearchAction","target":{"@type":"EntryPoint","urlTemplate":"https:\/\/safetysourcefire.ca\/?s={search_term_string}"},"query-input":{"@type":"PropertyValueSpecification","valueRequired":true,"valueName":"search_term_string"}}],"inLanguage":"fr-CA"},{"@type":"Organization","@id":"https:\/\/safetysourcefire.ca\/#organization","name":"Safety Source Fire","url":"https:\/\/safetysourcefire.ca\/","logo":{"@type":"ImageObject","inLanguage":"fr-CA","@id":"https:\/\/safetysourcefire.ca\/#\/schema\/logo\/image\/","url":"https:\/\/safetysourcefire.ca\/wp-content\/uploads\/2021\/01\/SSF_logo_CC0000-3.png","contentUrl":"https:\/\/safetysourcefire.ca\/wp-content\/uploads\/2021\/01\/SSF_logo_CC0000-3.png","width":1107,"height":365,"caption":"Safety Source Fire"},"image":{"@id":"https:\/\/safetysourcefire.ca\/#\/schema\/logo\/image\/"},"sameAs":["https:\/\/www.facebook.com\/mmfssca","https:\/\/x.com\/mmfssca"]}]}},"_links":{"self":[{"href":"https:\/\/safetysourcefire.ca\/fr\/wp-json\/wp\/v2\/product\/27074","targetHints":{"allow":["GET"]}}],"collection":[{"href":"https:\/\/safetysourcefire.ca\/fr\/wp-json\/wp\/v2\/product"}],"about":[{"href":"https:\/\/safetysourcefire.ca\/fr\/wp-json\/wp\/v2\/types\/product"}],"wp:featuredmedia":[{"embeddable":true,"href":"https:\/\/safetysourcefire.ca\/fr\/wp-json\/wp\/v2\/media\/27213"}],"wp:attachment":[{"href":"https:\/\/safetysourcefire.ca\/fr\/wp-json\/wp\/v2\/media?parent=27074"}],"wp:term":[{"taxonomy":"product_brand","embeddable":true,"href":"https:\/\/safetysourcefire.ca\/fr\/wp-json\/wp\/v2\/product_brand?post=27074"},{"taxonomy":"product_cat","embeddable":true,"href":"https:\/\/safetysourcefire.ca\/fr\/wp-json\/wp\/v2\/product_cat?post=27074"},{"taxonomy":"product_tag","embeddable":true,"href":"https:\/\/safetysourcefire.ca\/fr\/wp-json\/wp\/v2\/product_tag?post=27074"}],"curies":[{"name":"wp","href":"https:\/\/api.w.org\/{rel}","templated":true}]}}