{"id":2708,"date":"2017-06-13T22:05:45","date_gmt":"2017-06-13T22:05:45","guid":{"rendered":"http:\/\/mmfss.ca\/?post_type=product&#038;p=2708"},"modified":"2020-04-27T21:23:25","modified_gmt":"2020-04-27T21:23:25","slug":"safe-tak-1250-portable-base-with-safe-tak-valve","status":"publish","type":"product","link":"https:\/\/safetysourcefire.ca\/fr\/produit\/safe-tak-1250-portable-base-with-safe-tak-valve\/","title":{"rendered":"Base portable Safe-Tak 1250 avec valve Safe-Tak"},"content":{"rendered":"<p>Les pieds du support de la base en acier inoxydable sont en carbure et peuvent \u00eatre pli\u00e9s pour faciliter le transport ou pour permettre un d\u00e9placement en \u00e9tant pr\u00e9-connect\u00e9 \u00e0 un tuyau flexible. Comprend une sangle d'arrimage de s\u00e9curit\u00e9 avec capuchon de rangement attach\u00e9.<\/p>\n<table>\n<tbody>\n<tr>\n<td><strong>Configuration du moniteur<\/strong><\/td>\n<td>Portable<\/td>\n<\/tr>\n<tr>\n<td><strong>D\u00e9bit \u2013 Moniteurs<\/strong><\/td>\n<td>0-1250 gpm (0-4500 l\/min)<\/td>\n<\/tr>\n<tr>\n<td><strong>Op\u00e9ration Source d&#039;\u00e9nergie<\/strong><\/td>\n<td>Manuel<\/td>\n<\/tr>\n<tr>\n<td><strong>Moniteur d&#039;entr\u00e9e<\/strong><\/td>\n<td>Prise unique de base portative (LDH)<\/td>\n<\/tr>\n<tr>\n<td><strong>Prise de moniteur<\/strong><\/td>\n<td>Connexion rapide m\u00e2le (XF)<\/td>\n<\/tr>\n<tr>\n<td><strong>Taille d&#039;accouplement c\u00f4t\u00e9 A<\/strong><\/td>\n<td>4,0 pouces (100 mm)<\/td>\n<\/tr>\n<tr>\n<td><strong>Style d&#039;accouplement c\u00f4t\u00e9 A<\/strong><\/td>\n<td>Filetages femelles<\/td>\n<\/tr>\n<tr>\n<td><strong>Contr\u00f4le horizontal<\/strong><\/td>\n<td>N \/ A<\/td>\n<\/tr>\n<tr>\n<td><strong>Mouvement horizontal (degr\u00e9s)<\/strong><\/td>\n<td>N \/ A<\/td>\n<\/tr>\n<tr>\n<td><strong>Contr\u00f4le vertical<\/strong><\/td>\n<td>N \/ A<\/td>\n<\/tr>\n<tr>\n<td><strong>Mouvement vertical (degr\u00e9s)<\/strong><\/td>\n<td>N \/ A<\/td>\n<\/tr>\n<tr>\n<td><strong>Arr\u00eat de s\u00e9curit\u00e9<\/strong><\/td>\n<td>Avec arr\u00eat de s\u00e9curit\u00e9<\/td>\n<\/tr>\n<tr>\n<td><strong>Soupape de limitation de pression<\/strong><\/td>\n<td>Pas de VRP<\/td>\n<\/tr>\n<tr>\n<td><strong>Conception de vanne<\/strong><\/td>\n<td>Pas de vanne<\/td>\n<\/tr>\n<tr>\n<td><strong>Finir<\/strong><\/td>\n<td>Rouge pompier enduit de poudre<\/td>\n<\/tr>\n<tr>\n<td><strong>Certifications<\/strong><\/td>\n<td>N \/ A<\/td>\n<\/tr>\n<\/tbody>\n<\/table>","protected":false},"excerpt":{"rendered":"<p>Livr\u00e9 avec deux entr\u00e9es pivotantes \u00e0 clapet ou avec une seule entr\u00e9e pivotante permanente.<\/p>","protected":false},"featured_media":2641,"template":"","meta":[],"product_brand":[179],"product_cat":[44,66],"product_tag":[355,354],"class_list":{"0":"post-2708","1":"product","2":"type-product","3":"status-publish","4":"has-post-thumbnail","6":"product_brand-tft","7":"product_cat-fire-suppression","8":"product_cat-nozzles-monitors","9":"product_tag-task-force-tips","10":"product_tag-tft","12":"first","13":"instock","14":"shipping-taxable","15":"product-type-simple"},"yoast_head":"<!-- This site is optimized with the Yoast SEO plugin v27.4 - https:\/\/yoast.com\/product\/yoast-seo-wordpress\/ -->\n<title>Safe-Tak 1250 Portable Base with Safe-Tak Valve - Safety Source Fire<\/title>\n<meta name=\"robots\" content=\"index, follow, max-snippet:-1, max-image-preview:large, max-video-preview:-1\" \/>\n<link rel=\"canonical\" href=\"https:\/\/safetysourcefire.ca\/fr\/?product=safe-tak-1250-portable-base-with-safe-tak-valve\" \/>\n<meta property=\"og:locale\" content=\"fr_CA\" \/>\n<meta property=\"og:type\" content=\"article\" \/>\n<meta property=\"og:title\" content=\"Safe-Tak 1250 Portable Base with Safe-Tak Valve - Safety Source Fire\" \/>\n<meta property=\"og:description\" content=\"Supplied with either two clappered swivel inlets or with a single full-time swivel inlet.\" \/>\n<meta property=\"og:url\" content=\"https:\/\/safetysourcefire.ca\/fr\/?product=safe-tak-1250-portable-base-with-safe-tak-valve\" \/>\n<meta property=\"og:site_name\" content=\"Safety Source Fire\" \/>\n<meta property=\"article:publisher\" content=\"https:\/\/www.facebook.com\/mmfssca\" \/>\n<meta property=\"article:modified_time\" content=\"2020-04-27T21:23:25+00:00\" \/>\n<meta property=\"og:image\" content=\"https:\/\/safetysourcefire.ca\/wp-content\/uploads\/2017\/06\/XFH-1NP.jpg\" \/>\n\t<meta property=\"og:image:width\" content=\"600\" \/>\n\t<meta property=\"og:image:height\" content=\"600\" \/>\n\t<meta property=\"og:image:type\" content=\"image\/jpeg\" \/>\n<meta name=\"twitter:card\" content=\"summary_large_image\" \/>\n<meta name=\"twitter:site\" content=\"@mmfssca\" \/>\n<meta name=\"twitter:label1\" content=\"Estimation du temps de lecture\" \/>\n\t<meta name=\"twitter:data1\" content=\"1 minute\" \/>\n<script type=\"application\/ld+json\" class=\"yoast-schema-graph\">{\"@context\":\"https:\\\/\\\/schema.org\",\"@graph\":[{\"@type\":\"WebPage\",\"@id\":\"https:\\\/\\\/safetysourcefire.ca\\\/?product=safe-tak-1250-portable-base-with-safe-tak-valve\",\"url\":\"https:\\\/\\\/safetysourcefire.ca\\\/?product=safe-tak-1250-portable-base-with-safe-tak-valve\",\"name\":\"Safe-Tak 1250 Portable Base with Safe-Tak Valve - Safety Source Fire\",\"isPartOf\":{\"@id\":\"https:\\\/\\\/safetysourcefire.ca\\\/#website\"},\"primaryImageOfPage\":{\"@id\":\"https:\\\/\\\/safetysourcefire.ca\\\/?product=safe-tak-1250-portable-base-with-safe-tak-valve#primaryimage\"},\"image\":{\"@id\":\"https:\\\/\\\/safetysourcefire.ca\\\/?product=safe-tak-1250-portable-base-with-safe-tak-valve#primaryimage\"},\"thumbnailUrl\":\"https:\\\/\\\/safetysourcefire.ca\\\/wp-content\\\/uploads\\\/2017\\\/06\\\/XFH-1NP.jpg\",\"datePublished\":\"2017-06-13T22:05:45+00:00\",\"dateModified\":\"2020-04-27T21:23:25+00:00\",\"breadcrumb\":{\"@id\":\"https:\\\/\\\/safetysourcefire.ca\\\/?product=safe-tak-1250-portable-base-with-safe-tak-valve#breadcrumb\"},\"inLanguage\":\"fr-CA\",\"potentialAction\":[{\"@type\":\"ReadAction\",\"target\":[\"https:\\\/\\\/safetysourcefire.ca\\\/?product=safe-tak-1250-portable-base-with-safe-tak-valve\"]}]},{\"@type\":\"ImageObject\",\"inLanguage\":\"fr-CA\",\"@id\":\"https:\\\/\\\/safetysourcefire.ca\\\/?product=safe-tak-1250-portable-base-with-safe-tak-valve#primaryimage\",\"url\":\"https:\\\/\\\/safetysourcefire.ca\\\/wp-content\\\/uploads\\\/2017\\\/06\\\/XFH-1NP.jpg\",\"contentUrl\":\"https:\\\/\\\/safetysourcefire.ca\\\/wp-content\\\/uploads\\\/2017\\\/06\\\/XFH-1NP.jpg\",\"width\":600,\"height\":600,\"caption\":\"Safe-Tak 1250 Portable Base\"},{\"@type\":\"BreadcrumbList\",\"@id\":\"https:\\\/\\\/safetysourcefire.ca\\\/?product=safe-tak-1250-portable-base-with-safe-tak-valve#breadcrumb\",\"itemListElement\":[{\"@type\":\"ListItem\",\"position\":1,\"name\":\"Home\",\"item\":\"https:\\\/\\\/safetysourcefire.ca\\\/\"},{\"@type\":\"ListItem\",\"position\":2,\"name\":\"Products\",\"item\":\"https:\\\/\\\/safetysourcefire.ca\\\/shop\\\/\"},{\"@type\":\"ListItem\",\"position\":3,\"name\":\"Safe-Tak 1250 Portable Base with Safe-Tak Valve\"}]},{\"@type\":\"WebSite\",\"@id\":\"https:\\\/\\\/safetysourcefire.ca\\\/#website\",\"url\":\"https:\\\/\\\/safetysourcefire.ca\\\/\",\"name\":\"Safety Source Fire\",\"description\":\"\",\"publisher\":{\"@id\":\"https:\\\/\\\/safetysourcefire.ca\\\/#organization\"},\"potentialAction\":[{\"@type\":\"SearchAction\",\"target\":{\"@type\":\"EntryPoint\",\"urlTemplate\":\"https:\\\/\\\/safetysourcefire.ca\\\/?s={search_term_string}\"},\"query-input\":{\"@type\":\"PropertyValueSpecification\",\"valueRequired\":true,\"valueName\":\"search_term_string\"}}],\"inLanguage\":\"fr-CA\"},{\"@type\":\"Organization\",\"@id\":\"https:\\\/\\\/safetysourcefire.ca\\\/#organization\",\"name\":\"Safety Source Fire\",\"url\":\"https:\\\/\\\/safetysourcefire.ca\\\/\",\"logo\":{\"@type\":\"ImageObject\",\"inLanguage\":\"fr-CA\",\"@id\":\"https:\\\/\\\/safetysourcefire.ca\\\/#\\\/schema\\\/logo\\\/image\\\/\",\"url\":\"https:\\\/\\\/safetysourcefire.ca\\\/wp-content\\\/uploads\\\/2021\\\/01\\\/SSF_logo_CC0000-3.png\",\"contentUrl\":\"https:\\\/\\\/safetysourcefire.ca\\\/wp-content\\\/uploads\\\/2021\\\/01\\\/SSF_logo_CC0000-3.png\",\"width\":1107,\"height\":365,\"caption\":\"Safety Source Fire\"},\"image\":{\"@id\":\"https:\\\/\\\/safetysourcefire.ca\\\/#\\\/schema\\\/logo\\\/image\\\/\"},\"sameAs\":[\"https:\\\/\\\/www.facebook.com\\\/mmfssca\",\"https:\\\/\\\/x.com\\\/mmfssca\"]}]}<\/script>\n<!-- \/ Yoast SEO plugin. -->","yoast_head_json":{"title":"Base portative Safe-Tak 1250 avec valve Safe-Tak - Safety Source Fire","robots":{"index":"index","follow":"follow","max-snippet":"max-snippet:-1","max-image-preview":"max-image-preview:large","max-video-preview":"max-video-preview:-1"},"canonical":"https:\/\/safetysourcefire.ca\/fr\/?product=safe-tak-1250-portable-base-with-safe-tak-valve","og_locale":"fr_CA","og_type":"article","og_title":"Safe-Tak 1250 Portable Base with Safe-Tak Valve - Safety Source Fire","og_description":"Supplied with either two clappered swivel inlets or with a single full-time swivel inlet.","og_url":"https:\/\/safetysourcefire.ca\/fr\/?product=safe-tak-1250-portable-base-with-safe-tak-valve","og_site_name":"Safety Source Fire","article_publisher":"https:\/\/www.facebook.com\/mmfssca","article_modified_time":"2020-04-27T21:23:25+00:00","og_image":[{"width":600,"height":600,"url":"https:\/\/safetysourcefire.ca\/wp-content\/uploads\/2017\/06\/XFH-1NP.jpg","type":"image\/jpeg"}],"twitter_card":"summary_large_image","twitter_site":"@mmfssca","twitter_misc":{"Estimation du temps de lecture":"1 minute"},"schema":{"@context":"https:\/\/schema.org","@graph":[{"@type":"WebPage","@id":"https:\/\/safetysourcefire.ca\/?product=safe-tak-1250-portable-base-with-safe-tak-valve","url":"https:\/\/safetysourcefire.ca\/?product=safe-tak-1250-portable-base-with-safe-tak-valve","name":"Base portative Safe-Tak 1250 avec valve Safe-Tak - Safety Source Fire","isPartOf":{"@id":"https:\/\/safetysourcefire.ca\/#website"},"primaryImageOfPage":{"@id":"https:\/\/safetysourcefire.ca\/?product=safe-tak-1250-portable-base-with-safe-tak-valve#primaryimage"},"image":{"@id":"https:\/\/safetysourcefire.ca\/?product=safe-tak-1250-portable-base-with-safe-tak-valve#primaryimage"},"thumbnailUrl":"https:\/\/safetysourcefire.ca\/wp-content\/uploads\/2017\/06\/XFH-1NP.jpg","datePublished":"2017-06-13T22:05:45+00:00","dateModified":"2020-04-27T21:23:25+00:00","breadcrumb":{"@id":"https:\/\/safetysourcefire.ca\/?product=safe-tak-1250-portable-base-with-safe-tak-valve#breadcrumb"},"inLanguage":"fr-CA","potentialAction":[{"@type":"ReadAction","target":["https:\/\/safetysourcefire.ca\/?product=safe-tak-1250-portable-base-with-safe-tak-valve"]}]},{"@type":"ImageObject","inLanguage":"fr-CA","@id":"https:\/\/safetysourcefire.ca\/?product=safe-tak-1250-portable-base-with-safe-tak-valve#primaryimage","url":"https:\/\/safetysourcefire.ca\/wp-content\/uploads\/2017\/06\/XFH-1NP.jpg","contentUrl":"https:\/\/safetysourcefire.ca\/wp-content\/uploads\/2017\/06\/XFH-1NP.jpg","width":600,"height":600,"caption":"Safe-Tak 1250 Portable Base"},{"@type":"BreadcrumbList","@id":"https:\/\/safetysourcefire.ca\/?product=safe-tak-1250-portable-base-with-safe-tak-valve#breadcrumb","itemListElement":[{"@type":"ListItem","position":1,"name":"Home","item":"https:\/\/safetysourcefire.ca\/"},{"@type":"ListItem","position":2,"name":"Products","item":"https:\/\/safetysourcefire.ca\/shop\/"},{"@type":"ListItem","position":3,"name":"Safe-Tak 1250 Portable Base with Safe-Tak Valve"}]},{"@type":"WebSite","@id":"https:\/\/safetysourcefire.ca\/#website","url":"https:\/\/safetysourcefire.ca\/","name":"Safety Source Fire","description":"","publisher":{"@id":"https:\/\/safetysourcefire.ca\/#organization"},"potentialAction":[{"@type":"SearchAction","target":{"@type":"EntryPoint","urlTemplate":"https:\/\/safetysourcefire.ca\/?s={search_term_string}"},"query-input":{"@type":"PropertyValueSpecification","valueRequired":true,"valueName":"search_term_string"}}],"inLanguage":"fr-CA"},{"@type":"Organization","@id":"https:\/\/safetysourcefire.ca\/#organization","name":"Safety Source Fire","url":"https:\/\/safetysourcefire.ca\/","logo":{"@type":"ImageObject","inLanguage":"fr-CA","@id":"https:\/\/safetysourcefire.ca\/#\/schema\/logo\/image\/","url":"https:\/\/safetysourcefire.ca\/wp-content\/uploads\/2021\/01\/SSF_logo_CC0000-3.png","contentUrl":"https:\/\/safetysourcefire.ca\/wp-content\/uploads\/2021\/01\/SSF_logo_CC0000-3.png","width":1107,"height":365,"caption":"Safety Source Fire"},"image":{"@id":"https:\/\/safetysourcefire.ca\/#\/schema\/logo\/image\/"},"sameAs":["https:\/\/www.facebook.com\/mmfssca","https:\/\/x.com\/mmfssca"]}]}},"_links":{"self":[{"href":"https:\/\/safetysourcefire.ca\/fr\/wp-json\/wp\/v2\/product\/2708","targetHints":{"allow":["GET"]}}],"collection":[{"href":"https:\/\/safetysourcefire.ca\/fr\/wp-json\/wp\/v2\/product"}],"about":[{"href":"https:\/\/safetysourcefire.ca\/fr\/wp-json\/wp\/v2\/types\/product"}],"wp:featuredmedia":[{"embeddable":true,"href":"https:\/\/safetysourcefire.ca\/fr\/wp-json\/wp\/v2\/media\/2641"}],"wp:attachment":[{"href":"https:\/\/safetysourcefire.ca\/fr\/wp-json\/wp\/v2\/media?parent=2708"}],"wp:term":[{"taxonomy":"product_brand","embeddable":true,"href":"https:\/\/safetysourcefire.ca\/fr\/wp-json\/wp\/v2\/product_brand?post=2708"},{"taxonomy":"product_cat","embeddable":true,"href":"https:\/\/safetysourcefire.ca\/fr\/wp-json\/wp\/v2\/product_cat?post=2708"},{"taxonomy":"product_tag","embeddable":true,"href":"https:\/\/safetysourcefire.ca\/fr\/wp-json\/wp\/v2\/product_tag?post=2708"}],"curies":[{"name":"wp","href":"https:\/\/api.w.org\/{rel}","templated":true}]}}