{"id":27096,"date":"2022-12-14T20:07:16","date_gmt":"2022-12-14T20:07:16","guid":{"rendered":"https:\/\/safetysourcefire.ca\/?post_type=product&#038;p=27096"},"modified":"2022-12-14T20:33:13","modified_gmt":"2022-12-14T20:33:13","slug":"rts-storage-bag","status":"publish","type":"product","link":"https:\/\/safetysourcefire.ca\/fr\/produit\/rts-storage-bag\/","title":{"rendered":"Sac de rangement RTS"},"content":{"rendered":"<p>Ce sac de rangement est sp\u00e9cialement con\u00e7u non seulement pour fournir un rangement protecteur pour le RTS, mais aussi pour offrir au secouriste un poste d&#039;habillage pratique. La poche int\u00e9rieure est strat\u00e9giquement situ\u00e9e et peut contenir des articles tels que des sacs de pansement, des b\u00e2tons de cire, des poin\u00e7ons \u00e0 glace et des vis \u00e0 glace. Le fond du sac est renforc\u00e9 avec un mat\u00e9riau en vinyle tr\u00e8s r\u00e9sistant. Enfin, le Rapid Transport Sled servira de poign\u00e9es gr\u00e2ce \u00e0 des ouvertures sp\u00e9cifiques plac\u00e9es dans le sac de rangement RTS. Oui, nous l&#039;avons dit, &quot;Tout est dans le sac.&quot;<\/p>\n<p>Fonctionnalit\u00e9s:<\/p>\n<ul>\n<li>Poste de pansement \u00e0 d\u00e9ploiement rapide<\/li>\n<li>Peau inf\u00e9rieure \u00e9paisse et r\u00e9sistante \u00e0 l&#039;abrasion<\/li>\n<li>Tissu sup\u00e9rieur r\u00e9sistant de 1000 deniers<\/li>\n<li>Poche strat\u00e9giquement plac\u00e9e \u00e0 l&#039;int\u00e9rieur<\/li>\n<li>TS servira de poign\u00e9e<\/li>\n<li>Fermeture crochet et boucle r\u00e9glable<\/li>\n<li>Fabriqu\u00e9 sur mesure avec de la place pour un sac de ligne d&#039;attache de 150&#039; sp\u00e9cialement con\u00e7u qui peut \u00eatre attach\u00e9 au RTS pour un d\u00e9ploiement rapide pr\u00eat pour le sauvetage.<\/li>\n<li>Fabriqu\u00e9 en Am\u00e9rique<\/li>\n<\/ul>\n<p>Avantages:<\/p>\n<ul>\n<li>Prot\u00e8ge vos syst\u00e8mes de sauvetage sur glace \u2013 Tra\u00eeneau de transport rapide<\/li>\n<li>Aucune b\u00e2che suppl\u00e9mentaire requise<\/li>\n<li>Reste avec le Tra\u00eeneau de Transport Rapide<\/li>\n<li>Poche de rangement<\/li>\n<li>Rentable<\/li>\n<li>Syst\u00e8me \u00ab TOUT EN UN \u00bb<\/li>\n<\/ul>\n<table class=\"woocommerce-product-attributes shop_attributes\">\n<tbody>\n<tr class=\"woocommerce-product-attributes-item woocommerce-product-attributes-item--weight\">\n<th class=\"woocommerce-product-attributes-item__label\">Poids<\/th>\n<td class=\"woocommerce-product-attributes-item__value\" data-o_content=\"7 lbs\">3 livres<\/td>\n<\/tr>\n<tr class=\"woocommerce-product-attributes-item woocommerce-product-attributes-item--dimensions\">\n<th class=\"woocommerce-product-attributes-item__label\">Dimensions<\/th>\n<td class=\"woocommerce-product-attributes-item__value\" data-o_content=\"34 \u00d7 16 \u00d7 10 in\">24 \u00d7 16 \u00d7 10 po<\/td>\n<\/tr>\n<tr class=\"woocommerce-product-attributes-item woocommerce-product-attributes-item--attribute_version\">\n<th class=\"woocommerce-product-attributes-item__label\">Version<\/th>\n<td class=\"woocommerce-product-attributes-item__value\">Sac de rangement, avec sac de ligne d&#039;attache de 150\u2032<\/td>\n<\/tr>\n<\/tbody>\n<\/table>","protected":false},"excerpt":{"rendered":"<p>&quot;Tout est dans le sac.&quot; Ice Rescue Systems RTS - Le sac de rangement Rapid Transport Sled est un syst\u00e8me de rangement polyvalent et polyvalent.<\/p>","protected":false},"featured_media":27072,"template":"","meta":[],"product_brand":[601],"product_cat":[462,464,51,135],"product_tag":[602,603],"class_list":{"0":"post-27096","1":"product","2":"type-product","3":"status-publish","4":"has-post-thumbnail","6":"product_brand-ice-rescue-systems","7":"product_cat-emergency-preparedness","8":"product_cat-flood","9":"product_cat-rescue","10":"product_cat-water-ice-rescue","11":"product_tag-ice-rescue-systems","12":"product_tag-irs","14":"first","15":"instock","16":"shipping-taxable","17":"product-type-simple"},"yoast_head":"<!-- This site is optimized with the Yoast SEO plugin v27.4 - https:\/\/yoast.com\/product\/yoast-seo-wordpress\/ -->\n<title>RTS Storage Bag - Safety Source Fire<\/title>\n<meta name=\"robots\" content=\"index, follow, max-snippet:-1, max-image-preview:large, max-video-preview:-1\" \/>\n<link rel=\"canonical\" href=\"https:\/\/safetysourcefire.ca\/fr\/produit\/rts-storage-bag\/\" \/>\n<meta property=\"og:locale\" content=\"fr_CA\" \/>\n<meta property=\"og:type\" content=\"article\" \/>\n<meta property=\"og:title\" content=\"RTS Storage Bag - Safety Source Fire\" \/>\n<meta property=\"og:description\" content=\"\u201cIt\u2019s ALL in the bag.\u201d Ice Rescue Systems RTS \u2013 Rapid Transport Sled storage bag is a multipurpose, multi-feature storage system.\" \/>\n<meta property=\"og:url\" content=\"https:\/\/safetysourcefire.ca\/fr\/produit\/rts-storage-bag\/\" \/>\n<meta property=\"og:site_name\" content=\"Safety Source Fire\" \/>\n<meta property=\"article:publisher\" content=\"https:\/\/www.facebook.com\/mmfssca\" \/>\n<meta property=\"article:modified_time\" content=\"2022-12-14T20:33:13+00:00\" \/>\n<meta property=\"og:image\" content=\"https:\/\/safetysourcefire.ca\/wp-content\/uploads\/2022\/12\/StorageBag.jpg\" \/>\n\t<meta property=\"og:image:width\" content=\"600\" \/>\n\t<meta property=\"og:image:height\" content=\"600\" \/>\n\t<meta property=\"og:image:type\" content=\"image\/jpeg\" \/>\n<meta name=\"twitter:card\" content=\"summary_large_image\" \/>\n<meta name=\"twitter:site\" content=\"@mmfssca\" \/>\n<meta name=\"twitter:label1\" content=\"Estimation du temps de lecture\" \/>\n\t<meta name=\"twitter:data1\" content=\"1 minute\" \/>\n<script type=\"application\/ld+json\" class=\"yoast-schema-graph\">{\"@context\":\"https:\\\/\\\/schema.org\",\"@graph\":[{\"@type\":\"WebPage\",\"@id\":\"https:\\\/\\\/safetysourcefire.ca\\\/product\\\/rts-storage-bag\\\/\",\"url\":\"https:\\\/\\\/safetysourcefire.ca\\\/product\\\/rts-storage-bag\\\/\",\"name\":\"RTS Storage Bag - Safety Source Fire\",\"isPartOf\":{\"@id\":\"https:\\\/\\\/safetysourcefire.ca\\\/#website\"},\"primaryImageOfPage\":{\"@id\":\"https:\\\/\\\/safetysourcefire.ca\\\/product\\\/rts-storage-bag\\\/#primaryimage\"},\"image\":{\"@id\":\"https:\\\/\\\/safetysourcefire.ca\\\/product\\\/rts-storage-bag\\\/#primaryimage\"},\"thumbnailUrl\":\"https:\\\/\\\/safetysourcefire.ca\\\/wp-content\\\/uploads\\\/2022\\\/12\\\/StorageBag.jpg\",\"datePublished\":\"2022-12-14T20:07:16+00:00\",\"dateModified\":\"2022-12-14T20:33:13+00:00\",\"breadcrumb\":{\"@id\":\"https:\\\/\\\/safetysourcefire.ca\\\/product\\\/rts-storage-bag\\\/#breadcrumb\"},\"inLanguage\":\"fr-CA\",\"potentialAction\":[{\"@type\":\"ReadAction\",\"target\":[\"https:\\\/\\\/safetysourcefire.ca\\\/product\\\/rts-storage-bag\\\/\"]}]},{\"@type\":\"ImageObject\",\"inLanguage\":\"fr-CA\",\"@id\":\"https:\\\/\\\/safetysourcefire.ca\\\/product\\\/rts-storage-bag\\\/#primaryimage\",\"url\":\"https:\\\/\\\/safetysourcefire.ca\\\/wp-content\\\/uploads\\\/2022\\\/12\\\/StorageBag.jpg\",\"contentUrl\":\"https:\\\/\\\/safetysourcefire.ca\\\/wp-content\\\/uploads\\\/2022\\\/12\\\/StorageBag.jpg\",\"width\":600,\"height\":600,\"caption\":\"storage bag\"},{\"@type\":\"BreadcrumbList\",\"@id\":\"https:\\\/\\\/safetysourcefire.ca\\\/product\\\/rts-storage-bag\\\/#breadcrumb\",\"itemListElement\":[{\"@type\":\"ListItem\",\"position\":1,\"name\":\"Home\",\"item\":\"https:\\\/\\\/safetysourcefire.ca\\\/\"},{\"@type\":\"ListItem\",\"position\":2,\"name\":\"Products\",\"item\":\"https:\\\/\\\/safetysourcefire.ca\\\/shop\\\/\"},{\"@type\":\"ListItem\",\"position\":3,\"name\":\"RTS Storage Bag\"}]},{\"@type\":\"WebSite\",\"@id\":\"https:\\\/\\\/safetysourcefire.ca\\\/#website\",\"url\":\"https:\\\/\\\/safetysourcefire.ca\\\/\",\"name\":\"Safety Source Fire\",\"description\":\"\",\"publisher\":{\"@id\":\"https:\\\/\\\/safetysourcefire.ca\\\/#organization\"},\"potentialAction\":[{\"@type\":\"SearchAction\",\"target\":{\"@type\":\"EntryPoint\",\"urlTemplate\":\"https:\\\/\\\/safetysourcefire.ca\\\/?s={search_term_string}\"},\"query-input\":{\"@type\":\"PropertyValueSpecification\",\"valueRequired\":true,\"valueName\":\"search_term_string\"}}],\"inLanguage\":\"fr-CA\"},{\"@type\":\"Organization\",\"@id\":\"https:\\\/\\\/safetysourcefire.ca\\\/#organization\",\"name\":\"Safety Source Fire\",\"url\":\"https:\\\/\\\/safetysourcefire.ca\\\/\",\"logo\":{\"@type\":\"ImageObject\",\"inLanguage\":\"fr-CA\",\"@id\":\"https:\\\/\\\/safetysourcefire.ca\\\/#\\\/schema\\\/logo\\\/image\\\/\",\"url\":\"https:\\\/\\\/safetysourcefire.ca\\\/wp-content\\\/uploads\\\/2021\\\/01\\\/SSF_logo_CC0000-3.png\",\"contentUrl\":\"https:\\\/\\\/safetysourcefire.ca\\\/wp-content\\\/uploads\\\/2021\\\/01\\\/SSF_logo_CC0000-3.png\",\"width\":1107,\"height\":365,\"caption\":\"Safety Source Fire\"},\"image\":{\"@id\":\"https:\\\/\\\/safetysourcefire.ca\\\/#\\\/schema\\\/logo\\\/image\\\/\"},\"sameAs\":[\"https:\\\/\\\/www.facebook.com\\\/mmfssca\",\"https:\\\/\\\/x.com\\\/mmfssca\"]}]}<\/script>\n<!-- \/ Yoast SEO plugin. -->","yoast_head_json":{"title":"RTS Storage Bag - Safety Source Fire","robots":{"index":"index","follow":"follow","max-snippet":"max-snippet:-1","max-image-preview":"max-image-preview:large","max-video-preview":"max-video-preview:-1"},"canonical":"https:\/\/safetysourcefire.ca\/fr\/produit\/rts-storage-bag\/","og_locale":"fr_CA","og_type":"article","og_title":"RTS Storage Bag - Safety Source Fire","og_description":"\u201cIt\u2019s ALL in the bag.\u201d Ice Rescue Systems RTS \u2013 Rapid Transport Sled storage bag is a multipurpose, multi-feature storage system.","og_url":"https:\/\/safetysourcefire.ca\/fr\/produit\/rts-storage-bag\/","og_site_name":"Safety Source Fire","article_publisher":"https:\/\/www.facebook.com\/mmfssca","article_modified_time":"2022-12-14T20:33:13+00:00","og_image":[{"width":600,"height":600,"url":"https:\/\/safetysourcefire.ca\/wp-content\/uploads\/2022\/12\/StorageBag.jpg","type":"image\/jpeg"}],"twitter_card":"summary_large_image","twitter_site":"@mmfssca","twitter_misc":{"Estimation du temps de lecture":"1 minute"},"schema":{"@context":"https:\/\/schema.org","@graph":[{"@type":"WebPage","@id":"https:\/\/safetysourcefire.ca\/product\/rts-storage-bag\/","url":"https:\/\/safetysourcefire.ca\/product\/rts-storage-bag\/","name":"RTS Storage Bag - Safety Source Fire","isPartOf":{"@id":"https:\/\/safetysourcefire.ca\/#website"},"primaryImageOfPage":{"@id":"https:\/\/safetysourcefire.ca\/product\/rts-storage-bag\/#primaryimage"},"image":{"@id":"https:\/\/safetysourcefire.ca\/product\/rts-storage-bag\/#primaryimage"},"thumbnailUrl":"https:\/\/safetysourcefire.ca\/wp-content\/uploads\/2022\/12\/StorageBag.jpg","datePublished":"2022-12-14T20:07:16+00:00","dateModified":"2022-12-14T20:33:13+00:00","breadcrumb":{"@id":"https:\/\/safetysourcefire.ca\/product\/rts-storage-bag\/#breadcrumb"},"inLanguage":"fr-CA","potentialAction":[{"@type":"ReadAction","target":["https:\/\/safetysourcefire.ca\/product\/rts-storage-bag\/"]}]},{"@type":"ImageObject","inLanguage":"fr-CA","@id":"https:\/\/safetysourcefire.ca\/product\/rts-storage-bag\/#primaryimage","url":"https:\/\/safetysourcefire.ca\/wp-content\/uploads\/2022\/12\/StorageBag.jpg","contentUrl":"https:\/\/safetysourcefire.ca\/wp-content\/uploads\/2022\/12\/StorageBag.jpg","width":600,"height":600,"caption":"storage bag"},{"@type":"BreadcrumbList","@id":"https:\/\/safetysourcefire.ca\/product\/rts-storage-bag\/#breadcrumb","itemListElement":[{"@type":"ListItem","position":1,"name":"Home","item":"https:\/\/safetysourcefire.ca\/"},{"@type":"ListItem","position":2,"name":"Products","item":"https:\/\/safetysourcefire.ca\/shop\/"},{"@type":"ListItem","position":3,"name":"RTS Storage Bag"}]},{"@type":"WebSite","@id":"https:\/\/safetysourcefire.ca\/#website","url":"https:\/\/safetysourcefire.ca\/","name":"Safety Source Fire","description":"","publisher":{"@id":"https:\/\/safetysourcefire.ca\/#organization"},"potentialAction":[{"@type":"SearchAction","target":{"@type":"EntryPoint","urlTemplate":"https:\/\/safetysourcefire.ca\/?s={search_term_string}"},"query-input":{"@type":"PropertyValueSpecification","valueRequired":true,"valueName":"search_term_string"}}],"inLanguage":"fr-CA"},{"@type":"Organization","@id":"https:\/\/safetysourcefire.ca\/#organization","name":"Safety Source Fire","url":"https:\/\/safetysourcefire.ca\/","logo":{"@type":"ImageObject","inLanguage":"fr-CA","@id":"https:\/\/safetysourcefire.ca\/#\/schema\/logo\/image\/","url":"https:\/\/safetysourcefire.ca\/wp-content\/uploads\/2021\/01\/SSF_logo_CC0000-3.png","contentUrl":"https:\/\/safetysourcefire.ca\/wp-content\/uploads\/2021\/01\/SSF_logo_CC0000-3.png","width":1107,"height":365,"caption":"Safety Source Fire"},"image":{"@id":"https:\/\/safetysourcefire.ca\/#\/schema\/logo\/image\/"},"sameAs":["https:\/\/www.facebook.com\/mmfssca","https:\/\/x.com\/mmfssca"]}]}},"_links":{"self":[{"href":"https:\/\/safetysourcefire.ca\/fr\/wp-json\/wp\/v2\/product\/27096","targetHints":{"allow":["GET"]}}],"collection":[{"href":"https:\/\/safetysourcefire.ca\/fr\/wp-json\/wp\/v2\/product"}],"about":[{"href":"https:\/\/safetysourcefire.ca\/fr\/wp-json\/wp\/v2\/types\/product"}],"wp:featuredmedia":[{"embeddable":true,"href":"https:\/\/safetysourcefire.ca\/fr\/wp-json\/wp\/v2\/media\/27072"}],"wp:attachment":[{"href":"https:\/\/safetysourcefire.ca\/fr\/wp-json\/wp\/v2\/media?parent=27096"}],"wp:term":[{"taxonomy":"product_brand","embeddable":true,"href":"https:\/\/safetysourcefire.ca\/fr\/wp-json\/wp\/v2\/product_brand?post=27096"},{"taxonomy":"product_cat","embeddable":true,"href":"https:\/\/safetysourcefire.ca\/fr\/wp-json\/wp\/v2\/product_cat?post=27096"},{"taxonomy":"product_tag","embeddable":true,"href":"https:\/\/safetysourcefire.ca\/fr\/wp-json\/wp\/v2\/product_tag?post=27096"}],"curies":[{"name":"wp","href":"https:\/\/api.w.org\/{rel}","templated":true}]}}