{"id":27110,"date":"2022-12-15T17:59:34","date_gmt":"2022-12-15T17:59:34","guid":{"rendered":"https:\/\/safetysourcefire.ca\/?post_type=product&#038;p=27110"},"modified":"2022-12-15T18:28:15","modified_gmt":"2022-12-15T18:28:15","slug":"internal-buoyancy-vest-ibv","status":"publish","type":"product","link":"https:\/\/safetysourcefire.ca\/fr\/produit\/internal-buoyancy-vest-ibv\/","title":{"rendered":"Gilet de flottabilit\u00e9 interne \u2013 IBV"},"content":{"rendered":"<p>Nous sommes ravis de vous pr\u00e9senter le premier du genre - un dispositif de flottabilit\u00e9 interne. Notre gilet de flottabilit\u00e9 interne est con\u00e7u sp\u00e9cifiquement pour les op\u00e9rations sur l&#039;eau immobile et la glace statique. Ce dispositif de flottabilit\u00e9 interne doit \u00eatre port\u00e9 sous votre combinaison hybride \u00e0 double usage de syst\u00e8mes de sauvetage sur glace. Vous pouvez \u00e9galement ajouter le dispositif de flottabilit\u00e9 interne \u00e0 votre propre combinaison \u00e9tanche. Une fois enfil\u00e9 et zipp\u00e9, vous \u00eates pr\u00eat pour l&#039;action. Chaque dispositif de flottabilit\u00e9 interne est coup\u00e9, filtr\u00e9 et cousu aux \u00c9tats-Unis pour garantir un produit de qualit\u00e9 professionnelle durable. Il est fabriqu\u00e9 \u00e0 partir du n\u00e9opr\u00e8ne de haute qualit\u00e9 le plus flexible disponible. Il est disponible en trois tailles : moyen, grand universel et surdimensionn\u00e9. Remarque : ce gilet n&#039;est pas approuv\u00e9 par les garde-c\u00f4tes des \u00c9tats-Unis. Il est agr\u00e9\u00e9 par les professionnels de la s\u00e9curit\u00e9 publique.<\/p>\n<ul>\n<li>Couche de base en n\u00e9opr\u00e8ne ultra-extensible de 1 mm<\/li>\n<li>Emmanchures extra-larges<\/li>\n<li>Panneaux de flottaison avant et arri\u00e8re plac\u00e9s de mani\u00e8re ergonomique<\/li>\n<li>Con\u00e7u pour offrir aux sauveteurs une protection frontale, dorsale et lat\u00e9rale.<\/li>\n<li>Entr\u00e9e frontale zipp\u00e9e<\/li>\n<li>Fabriqu\u00e9 aux \u00c9tats-Unis - Cousu \u00e0 la main.<\/li>\n<\/ul>\n<p>Dimensionnement<\/p>\n<ul>\n<li>Moyen - s&#039;adapte jusqu&#039;\u00e0 43&quot; Poitrine - 33&quot; Tour de taille<\/li>\n<li>Universel - s&#039;adapte jusqu&#039;\u00e0 53&quot; Poitrine - 43&quot; Tour de taille<\/li>\n<li>Surdimensionn\u00e9 - s&#039;adapte jusqu&#039;\u00e0 59&quot; Poitrine - 49&quot; Taille<\/li>\n<\/ul>\n<p><a href=\"https:\/\/safetysourcefire.ca\/wp-content\/uploads\/2022\/12\/Life_Vest.jpg\"><img loading=\"lazy\" decoding=\"async\" class=\"aligncenter size-full wp-image-27116\" src=\"https:\/\/safetysourcefire.ca\/wp-content\/uploads\/2022\/12\/Life_Vest.jpg\" alt=\"vest spec sheet\" width=\"1078\" height=\"1404\" srcset=\"https:\/\/safetysourcefire.ca\/wp-content\/uploads\/2022\/12\/Life_Vest.jpg 1078w, https:\/\/safetysourcefire.ca\/wp-content\/uploads\/2022\/12\/Life_Vest-230x300.jpg 230w, https:\/\/safetysourcefire.ca\/wp-content\/uploads\/2022\/12\/Life_Vest-461x600.jpg 461w, https:\/\/safetysourcefire.ca\/wp-content\/uploads\/2022\/12\/Life_Vest-115x150.jpg 115w, https:\/\/safetysourcefire.ca\/wp-content\/uploads\/2022\/12\/Life_Vest-768x1000.jpg 768w, https:\/\/safetysourcefire.ca\/wp-content\/uploads\/2022\/12\/Life_Vest-300x391.jpg 300w, https:\/\/safetysourcefire.ca\/wp-content\/uploads\/2022\/12\/Life_Vest-9x12.jpg 9w, https:\/\/safetysourcefire.ca\/wp-content\/uploads\/2022\/12\/Life_Vest-416x542.jpg 416w\" sizes=\"auto, (max-width: 1078px) 100vw, 1078px\" \/><\/a><\/p>\n<table class=\"woocommerce-product-attributes shop_attributes\">\n<tbody>\n<tr class=\"woocommerce-product-attributes-item woocommerce-product-attributes-item--weight\">\n<th class=\"woocommerce-product-attributes-item__label\">Poids<\/th>\n<td class=\"woocommerce-product-attributes-item__value\">5 livres<\/td>\n<\/tr>\n<tr class=\"woocommerce-product-attributes-item woocommerce-product-attributes-item--dimensions\">\n<th class=\"woocommerce-product-attributes-item__label\">Dimensions<\/th>\n<td class=\"woocommerce-product-attributes-item__value\">30 \u00d7 24 \u00d7 3 po<\/td>\n<\/tr>\n<tr class=\"woocommerce-product-attributes-item woocommerce-product-attributes-item--attribute_size\">\n<th class=\"woocommerce-product-attributes-item__label\">Taille<\/th>\n<td class=\"woocommerce-product-attributes-item__value\">Petit, universel grand, surdimensionn\u00e9<\/td>\n<\/tr>\n<\/tbody>\n<\/table>","protected":false},"excerpt":{"rendered":"<p>Le gilet de flottabilit\u00e9 interne est con\u00e7u pour la flottaison interne dans votre combinaison de sauvetage sur glace hybride. Il est con\u00e7u pour l&#039;eau statique et immobile.<\/p>","protected":false},"featured_media":27115,"template":"","meta":[],"product_brand":[601],"product_cat":[462,464,51,135],"product_tag":[602,603],"class_list":{"0":"post-27110","1":"product","2":"type-product","3":"status-publish","4":"has-post-thumbnail","6":"product_brand-ice-rescue-systems","7":"product_cat-emergency-preparedness","8":"product_cat-flood","9":"product_cat-rescue","10":"product_cat-water-ice-rescue","11":"product_tag-ice-rescue-systems","12":"product_tag-irs","14":"first","15":"instock","16":"shipping-taxable","17":"product-type-simple"},"yoast_head":"<!-- This site is optimized with the Yoast SEO plugin v27.4 - https:\/\/yoast.com\/product\/yoast-seo-wordpress\/ -->\n<title>Internal Buoyancy Vest - IBV - Safety Source Fire<\/title>\n<meta name=\"robots\" content=\"index, follow, max-snippet:-1, max-image-preview:large, max-video-preview:-1\" \/>\n<link rel=\"canonical\" href=\"https:\/\/safetysourcefire.ca\/fr\/produit\/internal-buoyancy-vest-ibv\/\" \/>\n<meta property=\"og:locale\" content=\"fr_CA\" \/>\n<meta property=\"og:type\" content=\"article\" \/>\n<meta property=\"og:title\" content=\"Internal Buoyancy Vest - IBV - Safety Source Fire\" \/>\n<meta property=\"og:description\" content=\"The Internal Buoyancy Vest is designed for internal flotation within your hybrid ice rescue suit. It is designed for static, non-moving water.\" \/>\n<meta property=\"og:url\" content=\"https:\/\/safetysourcefire.ca\/fr\/produit\/internal-buoyancy-vest-ibv\/\" \/>\n<meta property=\"og:site_name\" content=\"Safety Source Fire\" \/>\n<meta property=\"article:publisher\" content=\"https:\/\/www.facebook.com\/mmfssca\" \/>\n<meta property=\"article:modified_time\" content=\"2022-12-15T18:28:15+00:00\" \/>\n<meta property=\"og:image\" content=\"https:\/\/safetysourcefire.ca\/wp-content\/uploads\/2022\/12\/Life_Vest_Front2.jpg\" \/>\n\t<meta property=\"og:image:width\" content=\"600\" \/>\n\t<meta property=\"og:image:height\" content=\"600\" \/>\n\t<meta property=\"og:image:type\" content=\"image\/jpeg\" \/>\n<meta name=\"twitter:card\" content=\"summary_large_image\" \/>\n<meta name=\"twitter:site\" content=\"@mmfssca\" \/>\n<meta name=\"twitter:label1\" content=\"Estimation du temps de lecture\" \/>\n\t<meta name=\"twitter:data1\" content=\"2 minutes\" \/>\n<script type=\"application\/ld+json\" class=\"yoast-schema-graph\">{\"@context\":\"https:\\\/\\\/schema.org\",\"@graph\":[{\"@type\":\"WebPage\",\"@id\":\"https:\\\/\\\/safetysourcefire.ca\\\/product\\\/internal-buoyancy-vest-ibv\\\/\",\"url\":\"https:\\\/\\\/safetysourcefire.ca\\\/product\\\/internal-buoyancy-vest-ibv\\\/\",\"name\":\"Internal Buoyancy Vest - IBV - Safety Source Fire\",\"isPartOf\":{\"@id\":\"https:\\\/\\\/safetysourcefire.ca\\\/#website\"},\"primaryImageOfPage\":{\"@id\":\"https:\\\/\\\/safetysourcefire.ca\\\/product\\\/internal-buoyancy-vest-ibv\\\/#primaryimage\"},\"image\":{\"@id\":\"https:\\\/\\\/safetysourcefire.ca\\\/product\\\/internal-buoyancy-vest-ibv\\\/#primaryimage\"},\"thumbnailUrl\":\"https:\\\/\\\/safetysourcefire.ca\\\/wp-content\\\/uploads\\\/2022\\\/12\\\/Life_Vest_Front2.jpg\",\"datePublished\":\"2022-12-15T17:59:34+00:00\",\"dateModified\":\"2022-12-15T18:28:15+00:00\",\"breadcrumb\":{\"@id\":\"https:\\\/\\\/safetysourcefire.ca\\\/product\\\/internal-buoyancy-vest-ibv\\\/#breadcrumb\"},\"inLanguage\":\"fr-CA\",\"potentialAction\":[{\"@type\":\"ReadAction\",\"target\":[\"https:\\\/\\\/safetysourcefire.ca\\\/product\\\/internal-buoyancy-vest-ibv\\\/\"]}]},{\"@type\":\"ImageObject\",\"inLanguage\":\"fr-CA\",\"@id\":\"https:\\\/\\\/safetysourcefire.ca\\\/product\\\/internal-buoyancy-vest-ibv\\\/#primaryimage\",\"url\":\"https:\\\/\\\/safetysourcefire.ca\\\/wp-content\\\/uploads\\\/2022\\\/12\\\/Life_Vest_Front2.jpg\",\"contentUrl\":\"https:\\\/\\\/safetysourcefire.ca\\\/wp-content\\\/uploads\\\/2022\\\/12\\\/Life_Vest_Front2.jpg\",\"width\":600,\"height\":600,\"caption\":\"vest\"},{\"@type\":\"BreadcrumbList\",\"@id\":\"https:\\\/\\\/safetysourcefire.ca\\\/product\\\/internal-buoyancy-vest-ibv\\\/#breadcrumb\",\"itemListElement\":[{\"@type\":\"ListItem\",\"position\":1,\"name\":\"Home\",\"item\":\"https:\\\/\\\/safetysourcefire.ca\\\/\"},{\"@type\":\"ListItem\",\"position\":2,\"name\":\"Products\",\"item\":\"https:\\\/\\\/safetysourcefire.ca\\\/shop\\\/\"},{\"@type\":\"ListItem\",\"position\":3,\"name\":\"Internal Buoyancy Vest &#8211; IBV\"}]},{\"@type\":\"WebSite\",\"@id\":\"https:\\\/\\\/safetysourcefire.ca\\\/#website\",\"url\":\"https:\\\/\\\/safetysourcefire.ca\\\/\",\"name\":\"Safety Source Fire\",\"description\":\"\",\"publisher\":{\"@id\":\"https:\\\/\\\/safetysourcefire.ca\\\/#organization\"},\"potentialAction\":[{\"@type\":\"SearchAction\",\"target\":{\"@type\":\"EntryPoint\",\"urlTemplate\":\"https:\\\/\\\/safetysourcefire.ca\\\/?s={search_term_string}\"},\"query-input\":{\"@type\":\"PropertyValueSpecification\",\"valueRequired\":true,\"valueName\":\"search_term_string\"}}],\"inLanguage\":\"fr-CA\"},{\"@type\":\"Organization\",\"@id\":\"https:\\\/\\\/safetysourcefire.ca\\\/#organization\",\"name\":\"Safety Source Fire\",\"url\":\"https:\\\/\\\/safetysourcefire.ca\\\/\",\"logo\":{\"@type\":\"ImageObject\",\"inLanguage\":\"fr-CA\",\"@id\":\"https:\\\/\\\/safetysourcefire.ca\\\/#\\\/schema\\\/logo\\\/image\\\/\",\"url\":\"https:\\\/\\\/safetysourcefire.ca\\\/wp-content\\\/uploads\\\/2021\\\/01\\\/SSF_logo_CC0000-3.png\",\"contentUrl\":\"https:\\\/\\\/safetysourcefire.ca\\\/wp-content\\\/uploads\\\/2021\\\/01\\\/SSF_logo_CC0000-3.png\",\"width\":1107,\"height\":365,\"caption\":\"Safety Source Fire\"},\"image\":{\"@id\":\"https:\\\/\\\/safetysourcefire.ca\\\/#\\\/schema\\\/logo\\\/image\\\/\"},\"sameAs\":[\"https:\\\/\\\/www.facebook.com\\\/mmfssca\",\"https:\\\/\\\/x.com\\\/mmfssca\"]}]}<\/script>\n<!-- \/ Yoast SEO plugin. -->","yoast_head_json":{"title":"Internal Buoyancy Vest - IBV - Safety Source Fire","robots":{"index":"index","follow":"follow","max-snippet":"max-snippet:-1","max-image-preview":"max-image-preview:large","max-video-preview":"max-video-preview:-1"},"canonical":"https:\/\/safetysourcefire.ca\/fr\/produit\/internal-buoyancy-vest-ibv\/","og_locale":"fr_CA","og_type":"article","og_title":"Internal Buoyancy Vest - IBV - Safety Source Fire","og_description":"The Internal Buoyancy Vest is designed for internal flotation within your hybrid ice rescue suit. It is designed for static, non-moving water.","og_url":"https:\/\/safetysourcefire.ca\/fr\/produit\/internal-buoyancy-vest-ibv\/","og_site_name":"Safety Source Fire","article_publisher":"https:\/\/www.facebook.com\/mmfssca","article_modified_time":"2022-12-15T18:28:15+00:00","og_image":[{"width":600,"height":600,"url":"https:\/\/safetysourcefire.ca\/wp-content\/uploads\/2022\/12\/Life_Vest_Front2.jpg","type":"image\/jpeg"}],"twitter_card":"summary_large_image","twitter_site":"@mmfssca","twitter_misc":{"Estimation du temps de lecture":"2 minutes"},"schema":{"@context":"https:\/\/schema.org","@graph":[{"@type":"WebPage","@id":"https:\/\/safetysourcefire.ca\/product\/internal-buoyancy-vest-ibv\/","url":"https:\/\/safetysourcefire.ca\/product\/internal-buoyancy-vest-ibv\/","name":"Internal Buoyancy Vest - IBV - Safety Source Fire","isPartOf":{"@id":"https:\/\/safetysourcefire.ca\/#website"},"primaryImageOfPage":{"@id":"https:\/\/safetysourcefire.ca\/product\/internal-buoyancy-vest-ibv\/#primaryimage"},"image":{"@id":"https:\/\/safetysourcefire.ca\/product\/internal-buoyancy-vest-ibv\/#primaryimage"},"thumbnailUrl":"https:\/\/safetysourcefire.ca\/wp-content\/uploads\/2022\/12\/Life_Vest_Front2.jpg","datePublished":"2022-12-15T17:59:34+00:00","dateModified":"2022-12-15T18:28:15+00:00","breadcrumb":{"@id":"https:\/\/safetysourcefire.ca\/product\/internal-buoyancy-vest-ibv\/#breadcrumb"},"inLanguage":"fr-CA","potentialAction":[{"@type":"ReadAction","target":["https:\/\/safetysourcefire.ca\/product\/internal-buoyancy-vest-ibv\/"]}]},{"@type":"ImageObject","inLanguage":"fr-CA","@id":"https:\/\/safetysourcefire.ca\/product\/internal-buoyancy-vest-ibv\/#primaryimage","url":"https:\/\/safetysourcefire.ca\/wp-content\/uploads\/2022\/12\/Life_Vest_Front2.jpg","contentUrl":"https:\/\/safetysourcefire.ca\/wp-content\/uploads\/2022\/12\/Life_Vest_Front2.jpg","width":600,"height":600,"caption":"vest"},{"@type":"BreadcrumbList","@id":"https:\/\/safetysourcefire.ca\/product\/internal-buoyancy-vest-ibv\/#breadcrumb","itemListElement":[{"@type":"ListItem","position":1,"name":"Home","item":"https:\/\/safetysourcefire.ca\/"},{"@type":"ListItem","position":2,"name":"Products","item":"https:\/\/safetysourcefire.ca\/shop\/"},{"@type":"ListItem","position":3,"name":"Internal Buoyancy Vest &#8211; IBV"}]},{"@type":"WebSite","@id":"https:\/\/safetysourcefire.ca\/#website","url":"https:\/\/safetysourcefire.ca\/","name":"Safety Source Fire","description":"","publisher":{"@id":"https:\/\/safetysourcefire.ca\/#organization"},"potentialAction":[{"@type":"SearchAction","target":{"@type":"EntryPoint","urlTemplate":"https:\/\/safetysourcefire.ca\/?s={search_term_string}"},"query-input":{"@type":"PropertyValueSpecification","valueRequired":true,"valueName":"search_term_string"}}],"inLanguage":"fr-CA"},{"@type":"Organization","@id":"https:\/\/safetysourcefire.ca\/#organization","name":"Safety Source Fire","url":"https:\/\/safetysourcefire.ca\/","logo":{"@type":"ImageObject","inLanguage":"fr-CA","@id":"https:\/\/safetysourcefire.ca\/#\/schema\/logo\/image\/","url":"https:\/\/safetysourcefire.ca\/wp-content\/uploads\/2021\/01\/SSF_logo_CC0000-3.png","contentUrl":"https:\/\/safetysourcefire.ca\/wp-content\/uploads\/2021\/01\/SSF_logo_CC0000-3.png","width":1107,"height":365,"caption":"Safety Source Fire"},"image":{"@id":"https:\/\/safetysourcefire.ca\/#\/schema\/logo\/image\/"},"sameAs":["https:\/\/www.facebook.com\/mmfssca","https:\/\/x.com\/mmfssca"]}]}},"_links":{"self":[{"href":"https:\/\/safetysourcefire.ca\/fr\/wp-json\/wp\/v2\/product\/27110","targetHints":{"allow":["GET"]}}],"collection":[{"href":"https:\/\/safetysourcefire.ca\/fr\/wp-json\/wp\/v2\/product"}],"about":[{"href":"https:\/\/safetysourcefire.ca\/fr\/wp-json\/wp\/v2\/types\/product"}],"wp:featuredmedia":[{"embeddable":true,"href":"https:\/\/safetysourcefire.ca\/fr\/wp-json\/wp\/v2\/media\/27115"}],"wp:attachment":[{"href":"https:\/\/safetysourcefire.ca\/fr\/wp-json\/wp\/v2\/media?parent=27110"}],"wp:term":[{"taxonomy":"product_brand","embeddable":true,"href":"https:\/\/safetysourcefire.ca\/fr\/wp-json\/wp\/v2\/product_brand?post=27110"},{"taxonomy":"product_cat","embeddable":true,"href":"https:\/\/safetysourcefire.ca\/fr\/wp-json\/wp\/v2\/product_cat?post=27110"},{"taxonomy":"product_tag","embeddable":true,"href":"https:\/\/safetysourcefire.ca\/fr\/wp-json\/wp\/v2\/product_tag?post=27110"}],"curies":[{"name":"wp","href":"https:\/\/api.w.org\/{rel}","templated":true}]}}