{"id":27117,"date":"2022-12-15T18:40:16","date_gmt":"2022-12-15T18:40:16","guid":{"rendered":"https:\/\/safetysourcefire.ca\/?post_type=product&#038;p=27117"},"modified":"2022-12-15T21:49:24","modified_gmt":"2022-12-15T21:49:24","slug":"retriever_120-ft-complete-kit","status":"publish","type":"product","link":"https:\/\/safetysourcefire.ca\/fr\/produit\/retriever_120-ft-complete-kit\/","title":{"rendered":"Trousse compl\u00e8te Retriever 120 pieds"},"content":{"rendered":"<p>Au fil des ann\u00e9es, nous avons essay\u00e9, test\u00e9 et utilis\u00e9 de nombreuses autres perches. La plupart des produits n&#039;ont tout simplement pas r\u00e9pondu \u00e0 nos attentes, avec de nombreuses inefficacit\u00e9s. Le kit Reach Pole Kit Retriever 120 (syst\u00e8me complet) est un b\u00e2ton dot\u00e9 de toutes les fonctionnalit\u00e9s dont vous aurez besoin. Qu&#039;elle soit utilis\u00e9e pour la s\u00e9curit\u00e9 du sauveteur, la d\u00e9sincarc\u00e9ration d&#039;une victime ou la r\u00e9cup\u00e9ration d&#039;un chien, notre perche est le meilleur choix sur le march\u00e9.<\/p>\n<p>Fonctionnalit\u00e9s:<\/p>\n<ul>\n<li>Extraction ind\u00e9pendante du sauveteur<\/li>\n<li>Fixation de ligne s\u00e9par\u00e9e<\/li>\n<li>Ligne flottante<\/li>\n<li>&quot;boucle de caisse claire&quot; pr\u00e9-assembl\u00e9e<\/li>\n<li>S&#039;adapte au syst\u00e8me TAC+1 RP<\/li>\n<li>Aide \u00e0 l&#039;extraction du chien<\/li>\n<\/ul>\n<p>Avantages:<\/p>\n<ul>\n<li>Prot\u00e8ge le sauveteur<\/li>\n<li>Ind\u00e9pendant du chien<\/li>\n<li>S\u00e9curit\u00e9 accrue des sauveteurs<\/li>\n<li>Code couleur pour une utilisation facile<\/li>\n<li>Autocollant r\u00e9fl\u00e9chissant pour la nuit<\/li>\n<li>Tout est flottant. Ne perdez plus jamais un autre appareil &quot;attrape-chien&quot;<\/li>\n<\/ul>\n<p>Comprend\u00a0:<\/p>\n<ul>\n<li>Tac+1 Reach Pole 84\u2033<\/li>\n<li>120\u2032 Ligne Bleu\/Jaune<\/li>\n<li>6 bandes de chien bleu ou noir<\/li>\n<li>Sac de rangement avec sac de compartiment \u00e0 outils<\/li>\n<\/ul>","protected":false},"excerpt":{"rendered":"<div class=\"woocommerce-product-details__short-description\">\n<div class=\"woocommerce-product-details__short-description\">\n<p>Le kit de perche tactique Retriever 120 de Ice Rescue System (syst\u00e8me complet) est \u00e0 multiples facettes. Cette perche de sauvetage professionnelle a \u00e9t\u00e9 d\u00e9velopp\u00e9e, con\u00e7ue et fabriqu\u00e9e par Living Waters LLC.<\/p>\n<\/div>\n<\/div>","protected":false},"featured_media":27130,"template":"","meta":[],"product_brand":[601],"product_cat":[462,464,51,135],"product_tag":[602,603],"class_list":{"0":"post-27117","1":"product","2":"type-product","3":"status-publish","4":"has-post-thumbnail","6":"product_brand-ice-rescue-systems","7":"product_cat-emergency-preparedness","8":"product_cat-flood","9":"product_cat-rescue","10":"product_cat-water-ice-rescue","11":"product_tag-ice-rescue-systems","12":"product_tag-irs","14":"first","15":"instock","16":"shipping-taxable","17":"product-type-simple"},"yoast_head":"<!-- This site is optimized with the Yoast SEO plugin v27.5 - https:\/\/yoast.com\/product\/yoast-seo-wordpress\/ -->\n<title>Retriever 120 ft Complete Kit - Safety Source Fire<\/title>\n<meta name=\"robots\" content=\"index, follow, max-snippet:-1, max-image-preview:large, max-video-preview:-1\" \/>\n<link rel=\"canonical\" href=\"https:\/\/safetysourcefire.ca\/fr\/produit\/retriever_120-ft-complete-kit\/\" \/>\n<meta property=\"og:locale\" content=\"fr_CA\" \/>\n<meta property=\"og:type\" content=\"article\" \/>\n<meta property=\"og:title\" content=\"Retriever 120 ft Complete Kit - Safety Source Fire\" \/>\n<meta property=\"og:description\" content=\"Ice Rescue System\u2019s Tactical Reach Pole Kit Retriever 120 Kit (Complete System) is multi-faceted. This professional rescue pole was developed, designed and manufactured by Living Waters LLC.\" \/>\n<meta property=\"og:url\" content=\"https:\/\/safetysourcefire.ca\/fr\/produit\/retriever_120-ft-complete-kit\/\" \/>\n<meta property=\"og:site_name\" content=\"Safety Source Fire\" \/>\n<meta property=\"article:publisher\" content=\"https:\/\/www.facebook.com\/mmfssca\" \/>\n<meta property=\"article:modified_time\" content=\"2022-12-15T21:49:24+00:00\" \/>\n<meta property=\"og:image\" content=\"https:\/\/safetysourcefire.ca\/wp-content\/uploads\/2022\/12\/Tac1-TRP-84-Complete-with-Retriever-120-web.jpg\" \/>\n\t<meta property=\"og:image:width\" content=\"600\" \/>\n\t<meta property=\"og:image:height\" content=\"600\" \/>\n\t<meta property=\"og:image:type\" content=\"image\/jpeg\" \/>\n<meta name=\"twitter:card\" content=\"summary_large_image\" \/>\n<meta name=\"twitter:site\" content=\"@mmfssca\" \/>\n<meta name=\"twitter:label1\" content=\"Estimation du temps de lecture\" \/>\n\t<meta name=\"twitter:data1\" content=\"1 minute\" \/>\n<script type=\"application\/ld+json\" class=\"yoast-schema-graph\">{\"@context\":\"https:\\\/\\\/schema.org\",\"@graph\":[{\"@type\":\"WebPage\",\"@id\":\"https:\\\/\\\/safetysourcefire.ca\\\/product\\\/retriever_120-ft-complete-kit\\\/\",\"url\":\"https:\\\/\\\/safetysourcefire.ca\\\/product\\\/retriever_120-ft-complete-kit\\\/\",\"name\":\"Retriever 120 ft Complete Kit - Safety Source Fire\",\"isPartOf\":{\"@id\":\"https:\\\/\\\/safetysourcefire.ca\\\/#website\"},\"primaryImageOfPage\":{\"@id\":\"https:\\\/\\\/safetysourcefire.ca\\\/product\\\/retriever_120-ft-complete-kit\\\/#primaryimage\"},\"image\":{\"@id\":\"https:\\\/\\\/safetysourcefire.ca\\\/product\\\/retriever_120-ft-complete-kit\\\/#primaryimage\"},\"thumbnailUrl\":\"https:\\\/\\\/safetysourcefire.ca\\\/wp-content\\\/uploads\\\/2022\\\/12\\\/Tac1-TRP-84-Complete-with-Retriever-120-web.jpg\",\"datePublished\":\"2022-12-15T18:40:16+00:00\",\"dateModified\":\"2022-12-15T21:49:24+00:00\",\"breadcrumb\":{\"@id\":\"https:\\\/\\\/safetysourcefire.ca\\\/product\\\/retriever_120-ft-complete-kit\\\/#breadcrumb\"},\"inLanguage\":\"fr-CA\",\"potentialAction\":[{\"@type\":\"ReadAction\",\"target\":[\"https:\\\/\\\/safetysourcefire.ca\\\/product\\\/retriever_120-ft-complete-kit\\\/\"]}]},{\"@type\":\"ImageObject\",\"inLanguage\":\"fr-CA\",\"@id\":\"https:\\\/\\\/safetysourcefire.ca\\\/product\\\/retriever_120-ft-complete-kit\\\/#primaryimage\",\"url\":\"https:\\\/\\\/safetysourcefire.ca\\\/wp-content\\\/uploads\\\/2022\\\/12\\\/Tac1-TRP-84-Complete-with-Retriever-120-web.jpg\",\"contentUrl\":\"https:\\\/\\\/safetysourcefire.ca\\\/wp-content\\\/uploads\\\/2022\\\/12\\\/Tac1-TRP-84-Complete-with-Retriever-120-web.jpg\",\"width\":600,\"height\":600,\"caption\":\"pole with bag\"},{\"@type\":\"BreadcrumbList\",\"@id\":\"https:\\\/\\\/safetysourcefire.ca\\\/product\\\/retriever_120-ft-complete-kit\\\/#breadcrumb\",\"itemListElement\":[{\"@type\":\"ListItem\",\"position\":1,\"name\":\"Home\",\"item\":\"https:\\\/\\\/safetysourcefire.ca\\\/\"},{\"@type\":\"ListItem\",\"position\":2,\"name\":\"Products\",\"item\":\"https:\\\/\\\/safetysourcefire.ca\\\/shop\\\/\"},{\"@type\":\"ListItem\",\"position\":3,\"name\":\"Retriever 120 ft Complete Kit\"}]},{\"@type\":\"WebSite\",\"@id\":\"https:\\\/\\\/safetysourcefire.ca\\\/#website\",\"url\":\"https:\\\/\\\/safetysourcefire.ca\\\/\",\"name\":\"Safety Source Fire\",\"description\":\"\",\"publisher\":{\"@id\":\"https:\\\/\\\/safetysourcefire.ca\\\/#organization\"},\"potentialAction\":[{\"@type\":\"SearchAction\",\"target\":{\"@type\":\"EntryPoint\",\"urlTemplate\":\"https:\\\/\\\/safetysourcefire.ca\\\/?s={search_term_string}\"},\"query-input\":{\"@type\":\"PropertyValueSpecification\",\"valueRequired\":true,\"valueName\":\"search_term_string\"}}],\"inLanguage\":\"fr-CA\"},{\"@type\":\"Organization\",\"@id\":\"https:\\\/\\\/safetysourcefire.ca\\\/#organization\",\"name\":\"Safety Source Fire\",\"url\":\"https:\\\/\\\/safetysourcefire.ca\\\/\",\"logo\":{\"@type\":\"ImageObject\",\"inLanguage\":\"fr-CA\",\"@id\":\"https:\\\/\\\/safetysourcefire.ca\\\/#\\\/schema\\\/logo\\\/image\\\/\",\"url\":\"https:\\\/\\\/safetysourcefire.ca\\\/wp-content\\\/uploads\\\/2021\\\/01\\\/SSF_logo_CC0000-3.png\",\"contentUrl\":\"https:\\\/\\\/safetysourcefire.ca\\\/wp-content\\\/uploads\\\/2021\\\/01\\\/SSF_logo_CC0000-3.png\",\"width\":1107,\"height\":365,\"caption\":\"Safety Source Fire\"},\"image\":{\"@id\":\"https:\\\/\\\/safetysourcefire.ca\\\/#\\\/schema\\\/logo\\\/image\\\/\"},\"sameAs\":[\"https:\\\/\\\/www.facebook.com\\\/mmfssca\",\"https:\\\/\\\/x.com\\\/mmfssca\"]}]}<\/script>\n<!-- \/ Yoast SEO plugin. -->","yoast_head_json":{"title":"Retriever 120 ft Complete Kit - Safety Source Fire","robots":{"index":"index","follow":"follow","max-snippet":"max-snippet:-1","max-image-preview":"max-image-preview:large","max-video-preview":"max-video-preview:-1"},"canonical":"https:\/\/safetysourcefire.ca\/fr\/produit\/retriever_120-ft-complete-kit\/","og_locale":"fr_CA","og_type":"article","og_title":"Retriever 120 ft Complete Kit - Safety Source Fire","og_description":"Ice Rescue System\u2019s Tactical Reach Pole Kit Retriever 120 Kit (Complete System) is multi-faceted. This professional rescue pole was developed, designed and manufactured by Living Waters LLC.","og_url":"https:\/\/safetysourcefire.ca\/fr\/produit\/retriever_120-ft-complete-kit\/","og_site_name":"Safety Source Fire","article_publisher":"https:\/\/www.facebook.com\/mmfssca","article_modified_time":"2022-12-15T21:49:24+00:00","og_image":[{"width":600,"height":600,"url":"https:\/\/safetysourcefire.ca\/wp-content\/uploads\/2022\/12\/Tac1-TRP-84-Complete-with-Retriever-120-web.jpg","type":"image\/jpeg"}],"twitter_card":"summary_large_image","twitter_site":"@mmfssca","twitter_misc":{"Estimation du temps de lecture":"1 minute"},"schema":{"@context":"https:\/\/schema.org","@graph":[{"@type":"WebPage","@id":"https:\/\/safetysourcefire.ca\/product\/retriever_120-ft-complete-kit\/","url":"https:\/\/safetysourcefire.ca\/product\/retriever_120-ft-complete-kit\/","name":"Retriever 120 ft Complete Kit - Safety Source Fire","isPartOf":{"@id":"https:\/\/safetysourcefire.ca\/#website"},"primaryImageOfPage":{"@id":"https:\/\/safetysourcefire.ca\/product\/retriever_120-ft-complete-kit\/#primaryimage"},"image":{"@id":"https:\/\/safetysourcefire.ca\/product\/retriever_120-ft-complete-kit\/#primaryimage"},"thumbnailUrl":"https:\/\/safetysourcefire.ca\/wp-content\/uploads\/2022\/12\/Tac1-TRP-84-Complete-with-Retriever-120-web.jpg","datePublished":"2022-12-15T18:40:16+00:00","dateModified":"2022-12-15T21:49:24+00:00","breadcrumb":{"@id":"https:\/\/safetysourcefire.ca\/product\/retriever_120-ft-complete-kit\/#breadcrumb"},"inLanguage":"fr-CA","potentialAction":[{"@type":"ReadAction","target":["https:\/\/safetysourcefire.ca\/product\/retriever_120-ft-complete-kit\/"]}]},{"@type":"ImageObject","inLanguage":"fr-CA","@id":"https:\/\/safetysourcefire.ca\/product\/retriever_120-ft-complete-kit\/#primaryimage","url":"https:\/\/safetysourcefire.ca\/wp-content\/uploads\/2022\/12\/Tac1-TRP-84-Complete-with-Retriever-120-web.jpg","contentUrl":"https:\/\/safetysourcefire.ca\/wp-content\/uploads\/2022\/12\/Tac1-TRP-84-Complete-with-Retriever-120-web.jpg","width":600,"height":600,"caption":"pole with bag"},{"@type":"BreadcrumbList","@id":"https:\/\/safetysourcefire.ca\/product\/retriever_120-ft-complete-kit\/#breadcrumb","itemListElement":[{"@type":"ListItem","position":1,"name":"Home","item":"https:\/\/safetysourcefire.ca\/"},{"@type":"ListItem","position":2,"name":"Products","item":"https:\/\/safetysourcefire.ca\/shop\/"},{"@type":"ListItem","position":3,"name":"Retriever 120 ft Complete Kit"}]},{"@type":"WebSite","@id":"https:\/\/safetysourcefire.ca\/#website","url":"https:\/\/safetysourcefire.ca\/","name":"Safety Source Fire","description":"","publisher":{"@id":"https:\/\/safetysourcefire.ca\/#organization"},"potentialAction":[{"@type":"SearchAction","target":{"@type":"EntryPoint","urlTemplate":"https:\/\/safetysourcefire.ca\/?s={search_term_string}"},"query-input":{"@type":"PropertyValueSpecification","valueRequired":true,"valueName":"search_term_string"}}],"inLanguage":"fr-CA"},{"@type":"Organization","@id":"https:\/\/safetysourcefire.ca\/#organization","name":"Safety Source Fire","url":"https:\/\/safetysourcefire.ca\/","logo":{"@type":"ImageObject","inLanguage":"fr-CA","@id":"https:\/\/safetysourcefire.ca\/#\/schema\/logo\/image\/","url":"https:\/\/safetysourcefire.ca\/wp-content\/uploads\/2021\/01\/SSF_logo_CC0000-3.png","contentUrl":"https:\/\/safetysourcefire.ca\/wp-content\/uploads\/2021\/01\/SSF_logo_CC0000-3.png","width":1107,"height":365,"caption":"Safety Source Fire"},"image":{"@id":"https:\/\/safetysourcefire.ca\/#\/schema\/logo\/image\/"},"sameAs":["https:\/\/www.facebook.com\/mmfssca","https:\/\/x.com\/mmfssca"]}]}},"_links":{"self":[{"href":"https:\/\/safetysourcefire.ca\/fr\/wp-json\/wp\/v2\/product\/27117","targetHints":{"allow":["GET"]}}],"collection":[{"href":"https:\/\/safetysourcefire.ca\/fr\/wp-json\/wp\/v2\/product"}],"about":[{"href":"https:\/\/safetysourcefire.ca\/fr\/wp-json\/wp\/v2\/types\/product"}],"wp:featuredmedia":[{"embeddable":true,"href":"https:\/\/safetysourcefire.ca\/fr\/wp-json\/wp\/v2\/media\/27130"}],"wp:attachment":[{"href":"https:\/\/safetysourcefire.ca\/fr\/wp-json\/wp\/v2\/media?parent=27117"}],"wp:term":[{"taxonomy":"product_brand","embeddable":true,"href":"https:\/\/safetysourcefire.ca\/fr\/wp-json\/wp\/v2\/product_brand?post=27117"},{"taxonomy":"product_cat","embeddable":true,"href":"https:\/\/safetysourcefire.ca\/fr\/wp-json\/wp\/v2\/product_cat?post=27117"},{"taxonomy":"product_tag","embeddable":true,"href":"https:\/\/safetysourcefire.ca\/fr\/wp-json\/wp\/v2\/product_tag?post=27117"}],"curies":[{"name":"wp","href":"https:\/\/api.w.org\/{rel}","templated":true}]}}