{"id":27150,"date":"2022-12-15T19:34:56","date_gmt":"2022-12-15T19:34:56","guid":{"rendered":"https:\/\/safetysourcefire.ca\/?post_type=product&#038;p=27150"},"modified":"2023-05-31T12:49:06","modified_gmt":"2023-05-31T12:49:06","slug":"cold-water-rescue-sling","status":"publish","type":"product","link":"https:\/\/safetysourcefire.ca\/fr\/produit\/cold-water-rescue-sling\/","title":{"rendered":"Sangle de sauvetage en eau froide"},"content":{"rendered":"<p>Le Pro-Recon Sling est \u00e0 la pointe de la technologie. Il n&#039;y a aucune comparaison avec d&#039;autres appareils similaires disponibles sur le march\u00e9. La sangle de sauvetage aquatique standard peut \u00eatre utilis\u00e9e dans de nombreuses capacit\u00e9s diff\u00e9rentes. Il peut \u00eatre utilis\u00e9 comme une extension droite du sauveteur \u00e0 la victime, ou fa\u00e7onn\u00e9 en \u00e9charpe. Le harnais d&#039;eau standard peut \u00eatre ajout\u00e9 \u00e0 notre <a href=\"https:\/\/safetysourcefire.ca\/fr\/produit\/rts-rapid-transport-ice-rescue-sled\/\">Tra\u00eeneau de transport rapide<\/a>, ou au poteau 9-1-1. C&#039;est le choix du sauveteur de la flottabilit\u00e9 positive de la victime. La sangle de sauvetage aquatique Pro-Recon de Ice Rescue Systems est sp\u00e9cialement con\u00e7ue pour &quot;The Ultimate&quot;, en termes de facilit\u00e9 d&#039;utilisation. Plus de placement de l&#039;\u00e9paule gauche ou droite. Fixez-le simplement et c&#039;est parti\u00a0!<\/p>\n<p><strong>Fonctionnalit\u00e9s:<\/strong><\/p>\n<ul>\n<li>Moul\u00e9 pour s&#039;adapter au corps du sauveteur et de la victime<\/li>\n<li>Ergonomiquement correct pour le placement de la main<\/li>\n<li>Mousqueton \u00e0 doigt m\u00e9tallique ajout\u00e9 pour repousser l&#039;accumulation de glace<\/li>\n<li>Construction en sangle de 3 000 lb<\/li>\n<li>18 lb de flottabilit\u00e9<\/li>\n<li>Fixation cod\u00e9e par couleur au syst\u00e8me de transport rapide<\/li>\n<\/ul>\n<p><strong>Avantages:<\/strong><\/p>\n<ul>\n<li>Prix abordable<\/li>\n<li>Facile \u00e0 s\u00e9curiser \u2013 interchangeable gauche\/droite<\/li>\n<li>Un sauveteur capable<\/li>\n<li>Pas d&#039;installation de sangle ni de gonflage<\/li>\n<li>Se range facilement dans\/sur les appareils d&#039;incendie<\/li>\n<li>Profile bas<\/li>\n<li>Meilleures pratiques utilis\u00e9es dans l&#039;extraction des victimes<\/li>\n<li>Code couleur pour r\u00e9duire la confusion du sauveteur<\/li>\n<\/ul>\n<p><strong>Accessoires:<\/strong><\/p>\n<ul>\n<li>La perche de sauvetage sur glace 9-1-1<\/li>\n<li>Retriever - dispositif de sauvetage pour chien<\/li>\n<li>Lignes d&#039;attache-rouge ou bleu<\/li>\n<li>Sacs de d\u00e9ploiement<\/li>\n<li>Moulinets<\/li>\n<li>Harnais d&#039;op\u00e9ration sur l&#039;eau<\/li>\n<li>Combinaisons de sauvetage sur glace<\/li>\n<li>Poin\u00e7ons \u00e0 glace<\/li>\n<li>Broche \u00e0 glace<\/li>\n<li>Protection des pieds &#039;Stabilisateur&#039;<\/li>\n<li>Bons, meilleurs ou meilleurs forfaits disponibles<\/li>\n<\/ul>\n<p><a href=\"https:\/\/safetysourcefire.ca\/wp-content\/uploads\/2022\/12\/ProReconSling.pdf\">T\u00e9l\u00e9charger la fiche technique<\/a><\/p>","protected":false},"excerpt":{"rendered":"<div class=\"woocommerce-product-details__short-description\">\n<div class=\"woocommerce-product-details__short-description\">\n<p>La sangle de sauvetage aquatique Pro Recon de Ice Rescue System est con\u00e7ue pour offrir une flottabilit\u00e9 positive aux victimes dans l&#039;eau.<\/p>\n<\/div>\n<\/div>","protected":false},"featured_media":27122,"template":"","meta":[],"product_brand":[601],"product_cat":[462,464,51,135],"product_tag":[602,603],"class_list":{"0":"post-27150","1":"product","2":"type-product","3":"status-publish","4":"has-post-thumbnail","6":"product_brand-ice-rescue-systems","7":"product_cat-emergency-preparedness","8":"product_cat-flood","9":"product_cat-rescue","10":"product_cat-water-ice-rescue","11":"product_tag-ice-rescue-systems","12":"product_tag-irs","14":"first","15":"instock","16":"shipping-taxable","17":"product-type-simple"},"yoast_head":"<!-- This site is optimized with the Yoast SEO plugin v27.4 - https:\/\/yoast.com\/product\/yoast-seo-wordpress\/ -->\n<title>Cold Water Rescue Sling - Safety Source Fire<\/title>\n<meta name=\"robots\" content=\"index, follow, max-snippet:-1, max-image-preview:large, max-video-preview:-1\" \/>\n<link rel=\"canonical\" href=\"https:\/\/safetysourcefire.ca\/fr\/produit\/cold-water-rescue-sling\/\" \/>\n<meta property=\"og:locale\" content=\"fr_CA\" \/>\n<meta property=\"og:type\" content=\"article\" \/>\n<meta property=\"og:title\" content=\"Cold Water Rescue Sling - Safety Source Fire\" \/>\n<meta property=\"og:description\" content=\"Ice Rescue System\u2019s Pro Recon Water Rescue Sling designed to offer positive buoyancy to victims in water.\" \/>\n<meta property=\"og:url\" content=\"https:\/\/safetysourcefire.ca\/fr\/produit\/cold-water-rescue-sling\/\" \/>\n<meta property=\"og:site_name\" content=\"Safety Source Fire\" \/>\n<meta property=\"article:publisher\" content=\"https:\/\/www.facebook.com\/mmfssca\" \/>\n<meta property=\"article:modified_time\" content=\"2023-05-31T12:49:06+00:00\" \/>\n<meta property=\"og:image\" content=\"https:\/\/safetysourcefire.ca\/wp-content\/uploads\/2022\/12\/Cold-water-rescue-slingweb.jpg\" \/>\n\t<meta property=\"og:image:width\" content=\"600\" \/>\n\t<meta property=\"og:image:height\" content=\"600\" \/>\n\t<meta property=\"og:image:type\" content=\"image\/jpeg\" \/>\n<meta name=\"twitter:card\" content=\"summary_large_image\" \/>\n<meta name=\"twitter:site\" content=\"@mmfssca\" \/>\n<meta name=\"twitter:label1\" content=\"Estimation du temps de lecture\" \/>\n\t<meta name=\"twitter:data1\" content=\"1 minute\" \/>\n<script type=\"application\/ld+json\" class=\"yoast-schema-graph\">{\"@context\":\"https:\\\/\\\/schema.org\",\"@graph\":[{\"@type\":\"WebPage\",\"@id\":\"https:\\\/\\\/safetysourcefire.ca\\\/product\\\/cold-water-rescue-sling\\\/\",\"url\":\"https:\\\/\\\/safetysourcefire.ca\\\/product\\\/cold-water-rescue-sling\\\/\",\"name\":\"Cold Water Rescue Sling - Safety Source Fire\",\"isPartOf\":{\"@id\":\"https:\\\/\\\/safetysourcefire.ca\\\/#website\"},\"primaryImageOfPage\":{\"@id\":\"https:\\\/\\\/safetysourcefire.ca\\\/product\\\/cold-water-rescue-sling\\\/#primaryimage\"},\"image\":{\"@id\":\"https:\\\/\\\/safetysourcefire.ca\\\/product\\\/cold-water-rescue-sling\\\/#primaryimage\"},\"thumbnailUrl\":\"https:\\\/\\\/safetysourcefire.ca\\\/wp-content\\\/uploads\\\/2022\\\/12\\\/Cold-water-rescue-slingweb.jpg\",\"datePublished\":\"2022-12-15T19:34:56+00:00\",\"dateModified\":\"2023-05-31T12:49:06+00:00\",\"breadcrumb\":{\"@id\":\"https:\\\/\\\/safetysourcefire.ca\\\/product\\\/cold-water-rescue-sling\\\/#breadcrumb\"},\"inLanguage\":\"fr-CA\",\"potentialAction\":[{\"@type\":\"ReadAction\",\"target\":[\"https:\\\/\\\/safetysourcefire.ca\\\/product\\\/cold-water-rescue-sling\\\/\"]}]},{\"@type\":\"ImageObject\",\"inLanguage\":\"fr-CA\",\"@id\":\"https:\\\/\\\/safetysourcefire.ca\\\/product\\\/cold-water-rescue-sling\\\/#primaryimage\",\"url\":\"https:\\\/\\\/safetysourcefire.ca\\\/wp-content\\\/uploads\\\/2022\\\/12\\\/Cold-water-rescue-slingweb.jpg\",\"contentUrl\":\"https:\\\/\\\/safetysourcefire.ca\\\/wp-content\\\/uploads\\\/2022\\\/12\\\/Cold-water-rescue-slingweb.jpg\",\"width\":600,\"height\":600,\"caption\":\"sling\"},{\"@type\":\"BreadcrumbList\",\"@id\":\"https:\\\/\\\/safetysourcefire.ca\\\/product\\\/cold-water-rescue-sling\\\/#breadcrumb\",\"itemListElement\":[{\"@type\":\"ListItem\",\"position\":1,\"name\":\"Home\",\"item\":\"https:\\\/\\\/safetysourcefire.ca\\\/\"},{\"@type\":\"ListItem\",\"position\":2,\"name\":\"Products\",\"item\":\"https:\\\/\\\/safetysourcefire.ca\\\/shop\\\/\"},{\"@type\":\"ListItem\",\"position\":3,\"name\":\"Cold Water Rescue Sling\"}]},{\"@type\":\"WebSite\",\"@id\":\"https:\\\/\\\/safetysourcefire.ca\\\/#website\",\"url\":\"https:\\\/\\\/safetysourcefire.ca\\\/\",\"name\":\"Safety Source Fire\",\"description\":\"\",\"publisher\":{\"@id\":\"https:\\\/\\\/safetysourcefire.ca\\\/#organization\"},\"potentialAction\":[{\"@type\":\"SearchAction\",\"target\":{\"@type\":\"EntryPoint\",\"urlTemplate\":\"https:\\\/\\\/safetysourcefire.ca\\\/?s={search_term_string}\"},\"query-input\":{\"@type\":\"PropertyValueSpecification\",\"valueRequired\":true,\"valueName\":\"search_term_string\"}}],\"inLanguage\":\"fr-CA\"},{\"@type\":\"Organization\",\"@id\":\"https:\\\/\\\/safetysourcefire.ca\\\/#organization\",\"name\":\"Safety Source Fire\",\"url\":\"https:\\\/\\\/safetysourcefire.ca\\\/\",\"logo\":{\"@type\":\"ImageObject\",\"inLanguage\":\"fr-CA\",\"@id\":\"https:\\\/\\\/safetysourcefire.ca\\\/#\\\/schema\\\/logo\\\/image\\\/\",\"url\":\"https:\\\/\\\/safetysourcefire.ca\\\/wp-content\\\/uploads\\\/2021\\\/01\\\/SSF_logo_CC0000-3.png\",\"contentUrl\":\"https:\\\/\\\/safetysourcefire.ca\\\/wp-content\\\/uploads\\\/2021\\\/01\\\/SSF_logo_CC0000-3.png\",\"width\":1107,\"height\":365,\"caption\":\"Safety Source Fire\"},\"image\":{\"@id\":\"https:\\\/\\\/safetysourcefire.ca\\\/#\\\/schema\\\/logo\\\/image\\\/\"},\"sameAs\":[\"https:\\\/\\\/www.facebook.com\\\/mmfssca\",\"https:\\\/\\\/x.com\\\/mmfssca\"]}]}<\/script>\n<!-- \/ Yoast SEO plugin. -->","yoast_head_json":{"title":"Sangle de sauvetage en eau froide - Safety Source Fire","robots":{"index":"index","follow":"follow","max-snippet":"max-snippet:-1","max-image-preview":"max-image-preview:large","max-video-preview":"max-video-preview:-1"},"canonical":"https:\/\/safetysourcefire.ca\/fr\/produit\/cold-water-rescue-sling\/","og_locale":"fr_CA","og_type":"article","og_title":"Cold Water Rescue Sling - Safety Source Fire","og_description":"Ice Rescue System\u2019s Pro Recon Water Rescue Sling designed to offer positive buoyancy to victims in water.","og_url":"https:\/\/safetysourcefire.ca\/fr\/produit\/cold-water-rescue-sling\/","og_site_name":"Safety Source Fire","article_publisher":"https:\/\/www.facebook.com\/mmfssca","article_modified_time":"2023-05-31T12:49:06+00:00","og_image":[{"width":600,"height":600,"url":"https:\/\/safetysourcefire.ca\/wp-content\/uploads\/2022\/12\/Cold-water-rescue-slingweb.jpg","type":"image\/jpeg"}],"twitter_card":"summary_large_image","twitter_site":"@mmfssca","twitter_misc":{"Estimation du temps de lecture":"1 minute"},"schema":{"@context":"https:\/\/schema.org","@graph":[{"@type":"WebPage","@id":"https:\/\/safetysourcefire.ca\/product\/cold-water-rescue-sling\/","url":"https:\/\/safetysourcefire.ca\/product\/cold-water-rescue-sling\/","name":"Sangle de sauvetage en eau froide - Safety Source Fire","isPartOf":{"@id":"https:\/\/safetysourcefire.ca\/#website"},"primaryImageOfPage":{"@id":"https:\/\/safetysourcefire.ca\/product\/cold-water-rescue-sling\/#primaryimage"},"image":{"@id":"https:\/\/safetysourcefire.ca\/product\/cold-water-rescue-sling\/#primaryimage"},"thumbnailUrl":"https:\/\/safetysourcefire.ca\/wp-content\/uploads\/2022\/12\/Cold-water-rescue-slingweb.jpg","datePublished":"2022-12-15T19:34:56+00:00","dateModified":"2023-05-31T12:49:06+00:00","breadcrumb":{"@id":"https:\/\/safetysourcefire.ca\/product\/cold-water-rescue-sling\/#breadcrumb"},"inLanguage":"fr-CA","potentialAction":[{"@type":"ReadAction","target":["https:\/\/safetysourcefire.ca\/product\/cold-water-rescue-sling\/"]}]},{"@type":"ImageObject","inLanguage":"fr-CA","@id":"https:\/\/safetysourcefire.ca\/product\/cold-water-rescue-sling\/#primaryimage","url":"https:\/\/safetysourcefire.ca\/wp-content\/uploads\/2022\/12\/Cold-water-rescue-slingweb.jpg","contentUrl":"https:\/\/safetysourcefire.ca\/wp-content\/uploads\/2022\/12\/Cold-water-rescue-slingweb.jpg","width":600,"height":600,"caption":"sling"},{"@type":"BreadcrumbList","@id":"https:\/\/safetysourcefire.ca\/product\/cold-water-rescue-sling\/#breadcrumb","itemListElement":[{"@type":"ListItem","position":1,"name":"Home","item":"https:\/\/safetysourcefire.ca\/"},{"@type":"ListItem","position":2,"name":"Products","item":"https:\/\/safetysourcefire.ca\/shop\/"},{"@type":"ListItem","position":3,"name":"Cold Water Rescue Sling"}]},{"@type":"WebSite","@id":"https:\/\/safetysourcefire.ca\/#website","url":"https:\/\/safetysourcefire.ca\/","name":"Safety Source Fire","description":"","publisher":{"@id":"https:\/\/safetysourcefire.ca\/#organization"},"potentialAction":[{"@type":"SearchAction","target":{"@type":"EntryPoint","urlTemplate":"https:\/\/safetysourcefire.ca\/?s={search_term_string}"},"query-input":{"@type":"PropertyValueSpecification","valueRequired":true,"valueName":"search_term_string"}}],"inLanguage":"fr-CA"},{"@type":"Organization","@id":"https:\/\/safetysourcefire.ca\/#organization","name":"Safety Source Fire","url":"https:\/\/safetysourcefire.ca\/","logo":{"@type":"ImageObject","inLanguage":"fr-CA","@id":"https:\/\/safetysourcefire.ca\/#\/schema\/logo\/image\/","url":"https:\/\/safetysourcefire.ca\/wp-content\/uploads\/2021\/01\/SSF_logo_CC0000-3.png","contentUrl":"https:\/\/safetysourcefire.ca\/wp-content\/uploads\/2021\/01\/SSF_logo_CC0000-3.png","width":1107,"height":365,"caption":"Safety Source Fire"},"image":{"@id":"https:\/\/safetysourcefire.ca\/#\/schema\/logo\/image\/"},"sameAs":["https:\/\/www.facebook.com\/mmfssca","https:\/\/x.com\/mmfssca"]}]}},"_links":{"self":[{"href":"https:\/\/safetysourcefire.ca\/fr\/wp-json\/wp\/v2\/product\/27150","targetHints":{"allow":["GET"]}}],"collection":[{"href":"https:\/\/safetysourcefire.ca\/fr\/wp-json\/wp\/v2\/product"}],"about":[{"href":"https:\/\/safetysourcefire.ca\/fr\/wp-json\/wp\/v2\/types\/product"}],"wp:featuredmedia":[{"embeddable":true,"href":"https:\/\/safetysourcefire.ca\/fr\/wp-json\/wp\/v2\/media\/27122"}],"wp:attachment":[{"href":"https:\/\/safetysourcefire.ca\/fr\/wp-json\/wp\/v2\/media?parent=27150"}],"wp:term":[{"taxonomy":"product_brand","embeddable":true,"href":"https:\/\/safetysourcefire.ca\/fr\/wp-json\/wp\/v2\/product_brand?post=27150"},{"taxonomy":"product_cat","embeddable":true,"href":"https:\/\/safetysourcefire.ca\/fr\/wp-json\/wp\/v2\/product_cat?post=27150"},{"taxonomy":"product_tag","embeddable":true,"href":"https:\/\/safetysourcefire.ca\/fr\/wp-json\/wp\/v2\/product_tag?post=27150"}],"curies":[{"name":"wp","href":"https:\/\/api.w.org\/{rel}","templated":true}]}}