{"id":27179,"date":"2022-12-15T20:45:21","date_gmt":"2022-12-15T20:45:21","guid":{"rendered":"https:\/\/safetysourcefire.ca\/?post_type=product&#038;p=27179"},"modified":"2023-10-03T12:47:28","modified_gmt":"2023-10-03T12:47:28","slug":"get-a-grip-ice-awls-classic","status":"publish","type":"product","link":"https:\/\/safetysourcefire.ca\/fr\/produit\/get-a-grip-ice-awls-classic\/","title":{"rendered":"Get a Grip\u00ae Ice Awls Classic"},"content":{"rendered":"<p>Ice Rescue Systems est un chercheur de premier plan dans la fabrication d&#039;\u00e9quipements de sauvetage sur glace. Nous avons pass\u00e9 d&#039;innombrables heures avec des sauveteurs professionnels \u00e0 d\u00e9velopper ce dont ils avaient besoin pour accro\u00eetre leur s\u00e9curit\u00e9. Ils voulaient un produit qui fonctionnait parfaitement \u00e0 maintes reprises et qui ne comportait aucune pi\u00e8ce mobile susceptible de se casser et de les laisser bloqu\u00e9s. Ils avaient besoin de quelque chose sur lequel ils pouvaient compter 100% de l&#039;\u00e9poque. Ils voulaient un produit qui n&#039;\u00e9caille pas la glace mais qui tient fermement \u00e0 la glace. Cela a finalement abouti \u00e0 la cr\u00e9ation de GET a GRIP\u00ae ICE AWLS par Ice Rescue Systems. Pour plus d&#039;informations, t\u00e9l\u00e9chargez la fiche produit Ice Awls.<\/p>\n<p>OBTENEZ un POIN\u00c7ON \u00c0 GLACE GRIP\u00ae CLASSIC de Ice Rescue Systems<\/p>\n<ul>\n<li>Auto-sauvetage d&#039;une faible immersion dans la glace<\/li>\n<li>Poign\u00e9e plus large<\/li>\n<li>85% Plus d&#039;adh\u00e9rence<\/li>\n<li>Extraction plus facile<\/li>\n<li>Plus rapide<\/li>\n<li>Aucune pi\u00e8ce mobile \u00e0 casser<\/li>\n<li>Flottante - Flotteur<\/li>\n<li>Haute visibilit\u00e9<\/li>\n<li>Garantie \u00e0 vie<\/li>\n<li>Fabriqu\u00e9 aux Etats-Unis<\/li>\n<\/ul>","protected":false},"excerpt":{"rendered":"<p>Lorsque la submersion \u00e0 travers la glace faible se produit, il est temps pour GET a GRIP\u00ae ICE AWLS CLASSIC par Ice Rescue Systems d&#039;entrer en action.<\/p>","protected":false},"featured_media":27181,"template":"","meta":[],"product_brand":[601],"product_cat":[462,464,51,135],"product_tag":[602,603],"class_list":{"0":"post-27179","1":"product","2":"type-product","3":"status-publish","4":"has-post-thumbnail","6":"product_brand-ice-rescue-systems","7":"product_cat-emergency-preparedness","8":"product_cat-flood","9":"product_cat-rescue","10":"product_cat-water-ice-rescue","11":"product_tag-ice-rescue-systems","12":"product_tag-irs","14":"first","15":"instock","16":"shipping-taxable","17":"product-type-simple"},"yoast_head":"<!-- This site is optimized with the Yoast SEO plugin v27.4 - https:\/\/yoast.com\/product\/yoast-seo-wordpress\/ -->\n<title>Get a Grip\u00ae Ice Awls Classic - Safety Source Fire<\/title>\n<meta name=\"robots\" content=\"index, follow, max-snippet:-1, max-image-preview:large, max-video-preview:-1\" \/>\n<link rel=\"canonical\" href=\"https:\/\/safetysourcefire.ca\/fr\/produit\/get-a-grip-ice-awls-classic\/\" \/>\n<meta property=\"og:locale\" content=\"fr_CA\" \/>\n<meta property=\"og:type\" content=\"article\" \/>\n<meta property=\"og:title\" content=\"Get a Grip\u00ae Ice Awls Classic - Safety Source Fire\" \/>\n<meta property=\"og:description\" content=\"When submergence through weak ice happens, it\u2019s time for GET a GRIP\u00ae ICE AWLS CLASSIC by Ice Rescue Systems to go into action.\" \/>\n<meta property=\"og:url\" content=\"https:\/\/safetysourcefire.ca\/fr\/produit\/get-a-grip-ice-awls-classic\/\" \/>\n<meta property=\"og:site_name\" content=\"Safety Source Fire\" \/>\n<meta property=\"article:publisher\" content=\"https:\/\/www.facebook.com\/mmfssca\" \/>\n<meta property=\"article:modified_time\" content=\"2023-10-03T12:47:28+00:00\" \/>\n<meta property=\"og:image\" content=\"https:\/\/safetysourcefire.ca\/wp-content\/uploads\/2022\/12\/Get-a-Grip-Ice-Awls-crossed.jpg\" \/>\n\t<meta property=\"og:image:width\" content=\"600\" \/>\n\t<meta property=\"og:image:height\" content=\"600\" \/>\n\t<meta property=\"og:image:type\" content=\"image\/jpeg\" \/>\n<meta name=\"twitter:card\" content=\"summary_large_image\" \/>\n<meta name=\"twitter:site\" content=\"@mmfssca\" \/>\n<meta name=\"twitter:label1\" content=\"Estimation du temps de lecture\" \/>\n\t<meta name=\"twitter:data1\" content=\"1 minute\" \/>\n<script type=\"application\/ld+json\" class=\"yoast-schema-graph\">{\"@context\":\"https:\\\/\\\/schema.org\",\"@graph\":[{\"@type\":\"WebPage\",\"@id\":\"https:\\\/\\\/safetysourcefire.ca\\\/product\\\/get-a-grip-ice-awls-classic\\\/\",\"url\":\"https:\\\/\\\/safetysourcefire.ca\\\/product\\\/get-a-grip-ice-awls-classic\\\/\",\"name\":\"Get a Grip\u00ae Ice Awls Classic - Safety Source Fire\",\"isPartOf\":{\"@id\":\"https:\\\/\\\/safetysourcefire.ca\\\/#website\"},\"primaryImageOfPage\":{\"@id\":\"https:\\\/\\\/safetysourcefire.ca\\\/product\\\/get-a-grip-ice-awls-classic\\\/#primaryimage\"},\"image\":{\"@id\":\"https:\\\/\\\/safetysourcefire.ca\\\/product\\\/get-a-grip-ice-awls-classic\\\/#primaryimage\"},\"thumbnailUrl\":\"https:\\\/\\\/safetysourcefire.ca\\\/wp-content\\\/uploads\\\/2022\\\/12\\\/Get-a-Grip-Ice-Awls-crossed.jpg\",\"datePublished\":\"2022-12-15T20:45:21+00:00\",\"dateModified\":\"2023-10-03T12:47:28+00:00\",\"breadcrumb\":{\"@id\":\"https:\\\/\\\/safetysourcefire.ca\\\/product\\\/get-a-grip-ice-awls-classic\\\/#breadcrumb\"},\"inLanguage\":\"fr-CA\",\"potentialAction\":[{\"@type\":\"ReadAction\",\"target\":[\"https:\\\/\\\/safetysourcefire.ca\\\/product\\\/get-a-grip-ice-awls-classic\\\/\"]}]},{\"@type\":\"ImageObject\",\"inLanguage\":\"fr-CA\",\"@id\":\"https:\\\/\\\/safetysourcefire.ca\\\/product\\\/get-a-grip-ice-awls-classic\\\/#primaryimage\",\"url\":\"https:\\\/\\\/safetysourcefire.ca\\\/wp-content\\\/uploads\\\/2022\\\/12\\\/Get-a-Grip-Ice-Awls-crossed.jpg\",\"contentUrl\":\"https:\\\/\\\/safetysourcefire.ca\\\/wp-content\\\/uploads\\\/2022\\\/12\\\/Get-a-Grip-Ice-Awls-crossed.jpg\",\"width\":600,\"height\":600,\"caption\":\"ice awls\"},{\"@type\":\"BreadcrumbList\",\"@id\":\"https:\\\/\\\/safetysourcefire.ca\\\/product\\\/get-a-grip-ice-awls-classic\\\/#breadcrumb\",\"itemListElement\":[{\"@type\":\"ListItem\",\"position\":1,\"name\":\"Home\",\"item\":\"https:\\\/\\\/safetysourcefire.ca\\\/\"},{\"@type\":\"ListItem\",\"position\":2,\"name\":\"Products\",\"item\":\"https:\\\/\\\/safetysourcefire.ca\\\/shop\\\/\"},{\"@type\":\"ListItem\",\"position\":3,\"name\":\"Get a Grip\u00ae Ice Awls Classic\"}]},{\"@type\":\"WebSite\",\"@id\":\"https:\\\/\\\/safetysourcefire.ca\\\/#website\",\"url\":\"https:\\\/\\\/safetysourcefire.ca\\\/\",\"name\":\"Safety Source Fire\",\"description\":\"\",\"publisher\":{\"@id\":\"https:\\\/\\\/safetysourcefire.ca\\\/#organization\"},\"potentialAction\":[{\"@type\":\"SearchAction\",\"target\":{\"@type\":\"EntryPoint\",\"urlTemplate\":\"https:\\\/\\\/safetysourcefire.ca\\\/?s={search_term_string}\"},\"query-input\":{\"@type\":\"PropertyValueSpecification\",\"valueRequired\":true,\"valueName\":\"search_term_string\"}}],\"inLanguage\":\"fr-CA\"},{\"@type\":\"Organization\",\"@id\":\"https:\\\/\\\/safetysourcefire.ca\\\/#organization\",\"name\":\"Safety Source Fire\",\"url\":\"https:\\\/\\\/safetysourcefire.ca\\\/\",\"logo\":{\"@type\":\"ImageObject\",\"inLanguage\":\"fr-CA\",\"@id\":\"https:\\\/\\\/safetysourcefire.ca\\\/#\\\/schema\\\/logo\\\/image\\\/\",\"url\":\"https:\\\/\\\/safetysourcefire.ca\\\/wp-content\\\/uploads\\\/2021\\\/01\\\/SSF_logo_CC0000-3.png\",\"contentUrl\":\"https:\\\/\\\/safetysourcefire.ca\\\/wp-content\\\/uploads\\\/2021\\\/01\\\/SSF_logo_CC0000-3.png\",\"width\":1107,\"height\":365,\"caption\":\"Safety Source Fire\"},\"image\":{\"@id\":\"https:\\\/\\\/safetysourcefire.ca\\\/#\\\/schema\\\/logo\\\/image\\\/\"},\"sameAs\":[\"https:\\\/\\\/www.facebook.com\\\/mmfssca\",\"https:\\\/\\\/x.com\\\/mmfssca\"]}]}<\/script>\n<!-- \/ Yoast SEO plugin. -->","yoast_head_json":{"title":"Poin\u00e7ons \u00e0 glace Get a Grip\u00ae Classic - Safety Source Fire","robots":{"index":"index","follow":"follow","max-snippet":"max-snippet:-1","max-image-preview":"max-image-preview:large","max-video-preview":"max-video-preview:-1"},"canonical":"https:\/\/safetysourcefire.ca\/fr\/produit\/get-a-grip-ice-awls-classic\/","og_locale":"fr_CA","og_type":"article","og_title":"Get a Grip\u00ae Ice Awls Classic - Safety Source Fire","og_description":"When submergence through weak ice happens, it\u2019s time for GET a GRIP\u00ae ICE AWLS CLASSIC by Ice Rescue Systems to go into action.","og_url":"https:\/\/safetysourcefire.ca\/fr\/produit\/get-a-grip-ice-awls-classic\/","og_site_name":"Safety Source Fire","article_publisher":"https:\/\/www.facebook.com\/mmfssca","article_modified_time":"2023-10-03T12:47:28+00:00","og_image":[{"width":600,"height":600,"url":"https:\/\/safetysourcefire.ca\/wp-content\/uploads\/2022\/12\/Get-a-Grip-Ice-Awls-crossed.jpg","type":"image\/jpeg"}],"twitter_card":"summary_large_image","twitter_site":"@mmfssca","twitter_misc":{"Estimation du temps de lecture":"1 minute"},"schema":{"@context":"https:\/\/schema.org","@graph":[{"@type":"WebPage","@id":"https:\/\/safetysourcefire.ca\/product\/get-a-grip-ice-awls-classic\/","url":"https:\/\/safetysourcefire.ca\/product\/get-a-grip-ice-awls-classic\/","name":"Poin\u00e7ons \u00e0 glace Get a Grip\u00ae Classic - Safety Source Fire","isPartOf":{"@id":"https:\/\/safetysourcefire.ca\/#website"},"primaryImageOfPage":{"@id":"https:\/\/safetysourcefire.ca\/product\/get-a-grip-ice-awls-classic\/#primaryimage"},"image":{"@id":"https:\/\/safetysourcefire.ca\/product\/get-a-grip-ice-awls-classic\/#primaryimage"},"thumbnailUrl":"https:\/\/safetysourcefire.ca\/wp-content\/uploads\/2022\/12\/Get-a-Grip-Ice-Awls-crossed.jpg","datePublished":"2022-12-15T20:45:21+00:00","dateModified":"2023-10-03T12:47:28+00:00","breadcrumb":{"@id":"https:\/\/safetysourcefire.ca\/product\/get-a-grip-ice-awls-classic\/#breadcrumb"},"inLanguage":"fr-CA","potentialAction":[{"@type":"ReadAction","target":["https:\/\/safetysourcefire.ca\/product\/get-a-grip-ice-awls-classic\/"]}]},{"@type":"ImageObject","inLanguage":"fr-CA","@id":"https:\/\/safetysourcefire.ca\/product\/get-a-grip-ice-awls-classic\/#primaryimage","url":"https:\/\/safetysourcefire.ca\/wp-content\/uploads\/2022\/12\/Get-a-Grip-Ice-Awls-crossed.jpg","contentUrl":"https:\/\/safetysourcefire.ca\/wp-content\/uploads\/2022\/12\/Get-a-Grip-Ice-Awls-crossed.jpg","width":600,"height":600,"caption":"ice awls"},{"@type":"BreadcrumbList","@id":"https:\/\/safetysourcefire.ca\/product\/get-a-grip-ice-awls-classic\/#breadcrumb","itemListElement":[{"@type":"ListItem","position":1,"name":"Home","item":"https:\/\/safetysourcefire.ca\/"},{"@type":"ListItem","position":2,"name":"Products","item":"https:\/\/safetysourcefire.ca\/shop\/"},{"@type":"ListItem","position":3,"name":"Get a Grip\u00ae Ice Awls Classic"}]},{"@type":"WebSite","@id":"https:\/\/safetysourcefire.ca\/#website","url":"https:\/\/safetysourcefire.ca\/","name":"Safety Source Fire","description":"","publisher":{"@id":"https:\/\/safetysourcefire.ca\/#organization"},"potentialAction":[{"@type":"SearchAction","target":{"@type":"EntryPoint","urlTemplate":"https:\/\/safetysourcefire.ca\/?s={search_term_string}"},"query-input":{"@type":"PropertyValueSpecification","valueRequired":true,"valueName":"search_term_string"}}],"inLanguage":"fr-CA"},{"@type":"Organization","@id":"https:\/\/safetysourcefire.ca\/#organization","name":"Safety Source Fire","url":"https:\/\/safetysourcefire.ca\/","logo":{"@type":"ImageObject","inLanguage":"fr-CA","@id":"https:\/\/safetysourcefire.ca\/#\/schema\/logo\/image\/","url":"https:\/\/safetysourcefire.ca\/wp-content\/uploads\/2021\/01\/SSF_logo_CC0000-3.png","contentUrl":"https:\/\/safetysourcefire.ca\/wp-content\/uploads\/2021\/01\/SSF_logo_CC0000-3.png","width":1107,"height":365,"caption":"Safety Source Fire"},"image":{"@id":"https:\/\/safetysourcefire.ca\/#\/schema\/logo\/image\/"},"sameAs":["https:\/\/www.facebook.com\/mmfssca","https:\/\/x.com\/mmfssca"]}]}},"_links":{"self":[{"href":"https:\/\/safetysourcefire.ca\/fr\/wp-json\/wp\/v2\/product\/27179","targetHints":{"allow":["GET"]}}],"collection":[{"href":"https:\/\/safetysourcefire.ca\/fr\/wp-json\/wp\/v2\/product"}],"about":[{"href":"https:\/\/safetysourcefire.ca\/fr\/wp-json\/wp\/v2\/types\/product"}],"wp:featuredmedia":[{"embeddable":true,"href":"https:\/\/safetysourcefire.ca\/fr\/wp-json\/wp\/v2\/media\/27181"}],"wp:attachment":[{"href":"https:\/\/safetysourcefire.ca\/fr\/wp-json\/wp\/v2\/media?parent=27179"}],"wp:term":[{"taxonomy":"product_brand","embeddable":true,"href":"https:\/\/safetysourcefire.ca\/fr\/wp-json\/wp\/v2\/product_brand?post=27179"},{"taxonomy":"product_cat","embeddable":true,"href":"https:\/\/safetysourcefire.ca\/fr\/wp-json\/wp\/v2\/product_cat?post=27179"},{"taxonomy":"product_tag","embeddable":true,"href":"https:\/\/safetysourcefire.ca\/fr\/wp-json\/wp\/v2\/product_tag?post=27179"}],"curies":[{"name":"wp","href":"https:\/\/api.w.org\/{rel}","templated":true}]}}