{"id":2718,"date":"2017-06-13T22:19:55","date_gmt":"2017-06-13T22:19:55","guid":{"rendered":"http:\/\/mmfss.ca\/?post_type=product&#038;p=2718"},"modified":"2020-04-27T21:23:25","modified_gmt":"2020-04-27T21:23:25","slug":"high-elevation-oscillating-blitzfire-monitor","status":"publish","type":"product","link":"https:\/\/safetysourcefire.ca\/fr\/produit\/high-elevation-oscillating-blitzfire-monitor\/","title":{"rendered":"Moniteur oscillant de haute \u00e9l\u00e9vation Blitzfire"},"content":{"rendered":"<p>Plage de d\u00e9bit jusqu'\u00e0 500 gpm (2000 l\/min). Le moniteur est dot\u00e9 de pivots d'entr\u00e9e et de sortie \u00e0 faible friction. L'\u00e9l\u00e9vation est r\u00e9glable manuellement entre 10 et 86 degr\u00e9s au-dessus de l'horizontale. La turbine \u00e0 eau fait que la buse balaie automatiquement \u00e0 10, 15 ou 20 degr\u00e9s de chaque c\u00f4t\u00e9 du centre. Le m\u00e9canisme oscillant peut \u00eatre d\u00e9sengag\u00e9 et la rotation horizontale d\u00e9plac\u00e9e manuellement. La vanne d'arr\u00eat de s\u00e9curit\u00e9 (SAFETY SHUT-OFF VALVE) arr\u00eate le d\u00e9bit si le moniteur glisse ou se soul\u00e8ve par inadvertance. Il dispose de six positions de d\u00e9bit \u00e0 d\u00e9tente avec une vanne brevet\u00e9e sans turbulence pour le contr\u00f4le du d\u00e9bit par l'op\u00e9rateur. Lorsque les pieds sont pli\u00e9s, les pointes en carbure pointent vers le haut pour plus de s\u00e9curit\u00e9. Les pieds robustes \u00e0 pointe de carbure se d\u00e9plient facilement pour un d\u00e9ploiment en position plus large. La taille globale du support de rangement est de 37,3\u2033L x 10,5\u2033L x 9,5\u2033H (94,7 x 26,7 x 24,4 cm). L'entr\u00e9e standard est un accouplement \u00e0 cosse \u00e0 bascule pivotant de 2,5\u2033 (65mm). La sortie standard est un filetage m\u00e2le rigide de 2,5\".<\/p>\n<p>&nbsp;<\/p>\n<table>\n<tbody>\n<tr>\n<td><strong>Configuration du moniteur<\/strong><\/td>\n<td>Portable (oscillant)<\/td>\n<\/tr>\n<tr>\n<td><strong>D\u00e9bit \u2013 Moniteurs<\/strong><\/td>\n<td>0-500 gpm (0-2000 l\/min)<\/td>\n<\/tr>\n<tr>\n<td><strong>Op\u00e9ration Source d&#039;\u00e9nergie<\/strong><\/td>\n<td>Manuel<\/td>\n<\/tr>\n<tr>\n<td><strong>Moniteur d&#039;entr\u00e9e<\/strong><\/td>\n<td>Cosse \u00e0 bascule de 2,5 pouces<\/td>\n<\/tr>\n<tr>\n<td><strong>Prise de moniteur<\/strong><\/td>\n<td>2,5 pouces (65 mm)<\/td>\n<\/tr>\n<tr>\n<td><strong>Contr\u00f4le horizontal<\/strong><\/td>\n<td>N \/ A<\/td>\n<\/tr>\n<tr>\n<td><strong>Mouvement horizontal (degr\u00e9s)<\/strong><\/td>\n<td>20 \u00e0 gauche et 20 \u00e0 droite du centre<\/td>\n<\/tr>\n<tr>\n<td><strong>Contr\u00f4le vertical<\/strong><\/td>\n<td>N \/ A<\/td>\n<\/tr>\n<tr>\n<td><strong>Mouvement vertical (degr\u00e9s)<\/strong><\/td>\n<td>10 au-dessus \u00e0 86 au-dessus de l&#039;horizontale<\/td>\n<\/tr>\n<tr>\n<td><strong>Arr\u00eat de s\u00e9curit\u00e9<\/strong><\/td>\n<td>Avec arr\u00eat de s\u00e9curit\u00e9<\/td>\n<\/tr>\n<tr>\n<td><strong>Soupape de limitation de pression<\/strong><\/td>\n<td>Pas de VRP<\/td>\n<\/tr>\n<tr>\n<td><strong>Conception de vanne<\/strong><\/td>\n<td>Vanne \u00e0 glissi\u00e8re (aluminium)<\/td>\n<\/tr>\n<tr>\n<td><strong>Finir<\/strong><\/td>\n<td>Bleu fonc\u00e9 enduit de poudre<\/td>\n<\/tr>\n<tr>\n<td><strong>Certifications<\/strong><\/td>\n<td>N \/ A<\/td>\n<\/tr>\n<\/tbody>\n<\/table>","protected":false},"excerpt":{"rendered":"<p>Comprend un moniteur oscillatoire, un support et une lance<\/p>\n<p>&nbsp;<\/p>","protected":false},"featured_media":2648,"template":"","meta":[],"product_brand":[179],"product_cat":[44,66],"product_tag":[364,355,354,365],"class_list":{"0":"post-2718","1":"product","2":"type-product","3":"status-publish","4":"has-post-thumbnail","6":"product_brand-tft","7":"product_cat-fire-suppression","8":"product_cat-nozzles-monitors","9":"product_tag-attack-monitor","10":"product_tag-task-force-tips","11":"product_tag-tft","12":"product_tag-tft-attack-monitors","14":"first","15":"instock","16":"shipping-taxable","17":"product-type-simple"},"yoast_head":"<!-- This site is optimized with the Yoast SEO plugin v27.4 - https:\/\/yoast.com\/product\/yoast-seo-wordpress\/ -->\n<title>High Elevation Oscillating Blitzfire Monitor - Safety Source Fire<\/title>\n<meta name=\"robots\" content=\"index, follow, max-snippet:-1, max-image-preview:large, max-video-preview:-1\" \/>\n<link rel=\"canonical\" href=\"https:\/\/safetysourcefire.ca\/fr\/?product=high-elevation-oscillating-blitzfire-monitor\" \/>\n<meta property=\"og:locale\" content=\"fr_CA\" \/>\n<meta property=\"og:type\" content=\"article\" \/>\n<meta property=\"og:title\" content=\"High Elevation Oscillating Blitzfire Monitor - Safety Source Fire\" \/>\n<meta property=\"og:description\" content=\"Includes Osc Monitor, Storage Bracket &amp; Master Stream  &nbsp;\" \/>\n<meta property=\"og:url\" content=\"https:\/\/safetysourcefire.ca\/fr\/?product=high-elevation-oscillating-blitzfire-monitor\" \/>\n<meta property=\"og:site_name\" content=\"Safety Source Fire\" \/>\n<meta property=\"article:publisher\" content=\"https:\/\/www.facebook.com\/mmfssca\" \/>\n<meta property=\"article:modified_time\" content=\"2020-04-27T21:23:25+00:00\" \/>\n<meta property=\"og:image\" content=\"https:\/\/safetysourcefire.ca\/wp-content\/uploads\/2017\/06\/XXC-33-HE.jpg\" \/>\n\t<meta property=\"og:image:width\" content=\"600\" \/>\n\t<meta property=\"og:image:height\" content=\"600\" \/>\n\t<meta property=\"og:image:type\" content=\"image\/jpeg\" \/>\n<meta name=\"twitter:card\" content=\"summary_large_image\" \/>\n<meta name=\"twitter:site\" content=\"@mmfssca\" \/>\n<meta name=\"twitter:label1\" content=\"Estimation du temps de lecture\" \/>\n\t<meta name=\"twitter:data1\" content=\"1 minute\" \/>\n<script type=\"application\/ld+json\" class=\"yoast-schema-graph\">{\"@context\":\"https:\\\/\\\/schema.org\",\"@graph\":[{\"@type\":\"WebPage\",\"@id\":\"https:\\\/\\\/safetysourcefire.ca\\\/?product=high-elevation-oscillating-blitzfire-monitor\",\"url\":\"https:\\\/\\\/safetysourcefire.ca\\\/?product=high-elevation-oscillating-blitzfire-monitor\",\"name\":\"High Elevation Oscillating Blitzfire Monitor - Safety Source Fire\",\"isPartOf\":{\"@id\":\"https:\\\/\\\/safetysourcefire.ca\\\/#website\"},\"primaryImageOfPage\":{\"@id\":\"https:\\\/\\\/safetysourcefire.ca\\\/?product=high-elevation-oscillating-blitzfire-monitor#primaryimage\"},\"image\":{\"@id\":\"https:\\\/\\\/safetysourcefire.ca\\\/?product=high-elevation-oscillating-blitzfire-monitor#primaryimage\"},\"thumbnailUrl\":\"https:\\\/\\\/safetysourcefire.ca\\\/wp-content\\\/uploads\\\/2017\\\/06\\\/XXC-33-HE.jpg\",\"datePublished\":\"2017-06-13T22:19:55+00:00\",\"dateModified\":\"2020-04-27T21:23:25+00:00\",\"breadcrumb\":{\"@id\":\"https:\\\/\\\/safetysourcefire.ca\\\/?product=high-elevation-oscillating-blitzfire-monitor#breadcrumb\"},\"inLanguage\":\"fr-CA\",\"potentialAction\":[{\"@type\":\"ReadAction\",\"target\":[\"https:\\\/\\\/safetysourcefire.ca\\\/?product=high-elevation-oscillating-blitzfire-monitor\"]}]},{\"@type\":\"ImageObject\",\"inLanguage\":\"fr-CA\",\"@id\":\"https:\\\/\\\/safetysourcefire.ca\\\/?product=high-elevation-oscillating-blitzfire-monitor#primaryimage\",\"url\":\"https:\\\/\\\/safetysourcefire.ca\\\/wp-content\\\/uploads\\\/2017\\\/06\\\/XXC-33-HE.jpg\",\"contentUrl\":\"https:\\\/\\\/safetysourcefire.ca\\\/wp-content\\\/uploads\\\/2017\\\/06\\\/XXC-33-HE.jpg\",\"width\":600,\"height\":600,\"caption\":\"High Elevation Oscillating Blitzfire Monitor\"},{\"@type\":\"BreadcrumbList\",\"@id\":\"https:\\\/\\\/safetysourcefire.ca\\\/?product=high-elevation-oscillating-blitzfire-monitor#breadcrumb\",\"itemListElement\":[{\"@type\":\"ListItem\",\"position\":1,\"name\":\"Home\",\"item\":\"https:\\\/\\\/safetysourcefire.ca\\\/\"},{\"@type\":\"ListItem\",\"position\":2,\"name\":\"Products\",\"item\":\"https:\\\/\\\/safetysourcefire.ca\\\/shop\\\/\"},{\"@type\":\"ListItem\",\"position\":3,\"name\":\"High Elevation Oscillating Blitzfire Monitor\"}]},{\"@type\":\"WebSite\",\"@id\":\"https:\\\/\\\/safetysourcefire.ca\\\/#website\",\"url\":\"https:\\\/\\\/safetysourcefire.ca\\\/\",\"name\":\"Safety Source Fire\",\"description\":\"\",\"publisher\":{\"@id\":\"https:\\\/\\\/safetysourcefire.ca\\\/#organization\"},\"potentialAction\":[{\"@type\":\"SearchAction\",\"target\":{\"@type\":\"EntryPoint\",\"urlTemplate\":\"https:\\\/\\\/safetysourcefire.ca\\\/?s={search_term_string}\"},\"query-input\":{\"@type\":\"PropertyValueSpecification\",\"valueRequired\":true,\"valueName\":\"search_term_string\"}}],\"inLanguage\":\"fr-CA\"},{\"@type\":\"Organization\",\"@id\":\"https:\\\/\\\/safetysourcefire.ca\\\/#organization\",\"name\":\"Safety Source Fire\",\"url\":\"https:\\\/\\\/safetysourcefire.ca\\\/\",\"logo\":{\"@type\":\"ImageObject\",\"inLanguage\":\"fr-CA\",\"@id\":\"https:\\\/\\\/safetysourcefire.ca\\\/#\\\/schema\\\/logo\\\/image\\\/\",\"url\":\"https:\\\/\\\/safetysourcefire.ca\\\/wp-content\\\/uploads\\\/2021\\\/01\\\/SSF_logo_CC0000-3.png\",\"contentUrl\":\"https:\\\/\\\/safetysourcefire.ca\\\/wp-content\\\/uploads\\\/2021\\\/01\\\/SSF_logo_CC0000-3.png\",\"width\":1107,\"height\":365,\"caption\":\"Safety Source Fire\"},\"image\":{\"@id\":\"https:\\\/\\\/safetysourcefire.ca\\\/#\\\/schema\\\/logo\\\/image\\\/\"},\"sameAs\":[\"https:\\\/\\\/www.facebook.com\\\/mmfssca\",\"https:\\\/\\\/x.com\\\/mmfssca\"]}]}<\/script>\n<!-- \/ Yoast SEO plugin. -->","yoast_head_json":{"title":"High Elevation Oscillating Blitzfire Monitor - Safety Source Fire","robots":{"index":"index","follow":"follow","max-snippet":"max-snippet:-1","max-image-preview":"max-image-preview:large","max-video-preview":"max-video-preview:-1"},"canonical":"https:\/\/safetysourcefire.ca\/fr\/?product=high-elevation-oscillating-blitzfire-monitor","og_locale":"fr_CA","og_type":"article","og_title":"High Elevation Oscillating Blitzfire Monitor - Safety Source Fire","og_description":"Includes Osc Monitor, Storage Bracket &amp; Master Stream  &nbsp;","og_url":"https:\/\/safetysourcefire.ca\/fr\/?product=high-elevation-oscillating-blitzfire-monitor","og_site_name":"Safety Source Fire","article_publisher":"https:\/\/www.facebook.com\/mmfssca","article_modified_time":"2020-04-27T21:23:25+00:00","og_image":[{"width":600,"height":600,"url":"https:\/\/safetysourcefire.ca\/wp-content\/uploads\/2017\/06\/XXC-33-HE.jpg","type":"image\/jpeg"}],"twitter_card":"summary_large_image","twitter_site":"@mmfssca","twitter_misc":{"Estimation du temps de lecture":"1 minute"},"schema":{"@context":"https:\/\/schema.org","@graph":[{"@type":"WebPage","@id":"https:\/\/safetysourcefire.ca\/?product=high-elevation-oscillating-blitzfire-monitor","url":"https:\/\/safetysourcefire.ca\/?product=high-elevation-oscillating-blitzfire-monitor","name":"High Elevation Oscillating Blitzfire Monitor - Safety Source Fire","isPartOf":{"@id":"https:\/\/safetysourcefire.ca\/#website"},"primaryImageOfPage":{"@id":"https:\/\/safetysourcefire.ca\/?product=high-elevation-oscillating-blitzfire-monitor#primaryimage"},"image":{"@id":"https:\/\/safetysourcefire.ca\/?product=high-elevation-oscillating-blitzfire-monitor#primaryimage"},"thumbnailUrl":"https:\/\/safetysourcefire.ca\/wp-content\/uploads\/2017\/06\/XXC-33-HE.jpg","datePublished":"2017-06-13T22:19:55+00:00","dateModified":"2020-04-27T21:23:25+00:00","breadcrumb":{"@id":"https:\/\/safetysourcefire.ca\/?product=high-elevation-oscillating-blitzfire-monitor#breadcrumb"},"inLanguage":"fr-CA","potentialAction":[{"@type":"ReadAction","target":["https:\/\/safetysourcefire.ca\/?product=high-elevation-oscillating-blitzfire-monitor"]}]},{"@type":"ImageObject","inLanguage":"fr-CA","@id":"https:\/\/safetysourcefire.ca\/?product=high-elevation-oscillating-blitzfire-monitor#primaryimage","url":"https:\/\/safetysourcefire.ca\/wp-content\/uploads\/2017\/06\/XXC-33-HE.jpg","contentUrl":"https:\/\/safetysourcefire.ca\/wp-content\/uploads\/2017\/06\/XXC-33-HE.jpg","width":600,"height":600,"caption":"High Elevation Oscillating Blitzfire Monitor"},{"@type":"BreadcrumbList","@id":"https:\/\/safetysourcefire.ca\/?product=high-elevation-oscillating-blitzfire-monitor#breadcrumb","itemListElement":[{"@type":"ListItem","position":1,"name":"Home","item":"https:\/\/safetysourcefire.ca\/"},{"@type":"ListItem","position":2,"name":"Products","item":"https:\/\/safetysourcefire.ca\/shop\/"},{"@type":"ListItem","position":3,"name":"High Elevation Oscillating Blitzfire Monitor"}]},{"@type":"WebSite","@id":"https:\/\/safetysourcefire.ca\/#website","url":"https:\/\/safetysourcefire.ca\/","name":"Safety Source Fire","description":"","publisher":{"@id":"https:\/\/safetysourcefire.ca\/#organization"},"potentialAction":[{"@type":"SearchAction","target":{"@type":"EntryPoint","urlTemplate":"https:\/\/safetysourcefire.ca\/?s={search_term_string}"},"query-input":{"@type":"PropertyValueSpecification","valueRequired":true,"valueName":"search_term_string"}}],"inLanguage":"fr-CA"},{"@type":"Organization","@id":"https:\/\/safetysourcefire.ca\/#organization","name":"Safety Source Fire","url":"https:\/\/safetysourcefire.ca\/","logo":{"@type":"ImageObject","inLanguage":"fr-CA","@id":"https:\/\/safetysourcefire.ca\/#\/schema\/logo\/image\/","url":"https:\/\/safetysourcefire.ca\/wp-content\/uploads\/2021\/01\/SSF_logo_CC0000-3.png","contentUrl":"https:\/\/safetysourcefire.ca\/wp-content\/uploads\/2021\/01\/SSF_logo_CC0000-3.png","width":1107,"height":365,"caption":"Safety Source Fire"},"image":{"@id":"https:\/\/safetysourcefire.ca\/#\/schema\/logo\/image\/"},"sameAs":["https:\/\/www.facebook.com\/mmfssca","https:\/\/x.com\/mmfssca"]}]}},"_links":{"self":[{"href":"https:\/\/safetysourcefire.ca\/fr\/wp-json\/wp\/v2\/product\/2718","targetHints":{"allow":["GET"]}}],"collection":[{"href":"https:\/\/safetysourcefire.ca\/fr\/wp-json\/wp\/v2\/product"}],"about":[{"href":"https:\/\/safetysourcefire.ca\/fr\/wp-json\/wp\/v2\/types\/product"}],"wp:featuredmedia":[{"embeddable":true,"href":"https:\/\/safetysourcefire.ca\/fr\/wp-json\/wp\/v2\/media\/2648"}],"wp:attachment":[{"href":"https:\/\/safetysourcefire.ca\/fr\/wp-json\/wp\/v2\/media?parent=2718"}],"wp:term":[{"taxonomy":"product_brand","embeddable":true,"href":"https:\/\/safetysourcefire.ca\/fr\/wp-json\/wp\/v2\/product_brand?post=2718"},{"taxonomy":"product_cat","embeddable":true,"href":"https:\/\/safetysourcefire.ca\/fr\/wp-json\/wp\/v2\/product_cat?post=2718"},{"taxonomy":"product_tag","embeddable":true,"href":"https:\/\/safetysourcefire.ca\/fr\/wp-json\/wp\/v2\/product_tag?post=2718"}],"curies":[{"name":"wp","href":"https:\/\/api.w.org\/{rel}","templated":true}]}}