{"id":2736,"date":"2017-12-04T22:44:36","date_gmt":"2017-12-04T22:44:36","guid":{"rendered":"http:\/\/mmfss.ca\/?post_type=product&#038;p=2736"},"modified":"2020-04-27T21:22:04","modified_gmt":"2020-04-27T21:22:04","slug":"g-force-nozzles","status":"publish","type":"product","link":"https:\/\/safetysourcefire.ca\/fr\/produit\/g-force-nozzles\/","title":{"rendered":"Lance G-Force"},"content":{"rendered":"<p>La s\u00e9rie G-Force est prise en charge par une vaste \u00e9quipe de repr\u00e9sentants de service technique disponibles 24 heures sur 24, de la documentation en ligne, une biblioth\u00e8que de formation vid\u00e9o, des capacit\u00e9s exclusives de s\u00e9rialisation ainsi qu'une garantie de suivi sur les produits. Une gamme ayant fait ses preuves, garantie 5 ans. Incorporant des composants de performance uniques tels qu'une vanne coulissante en acier inoxydable, un filtre \u00e0 d\u00e9bris d'admission et des choix de mod\u00e8les de brouillard protecteur, la s\u00e9rie G-Force offre des performances \u00e9lev\u00e9es et une fiabilit\u00e9 hors pairs. Fabriqu\u00e9e exclusivement dans les installations de production de TFT aux \u00c9tats-Unis.<\/p>\n<p><strong>Fonctionnalit\u00e9s:<\/strong><\/p>\n<ul>\n<li><strong>Plusieurs fonctions disponibles avec les mod\u00e8les G-force<\/strong> \u2013 Avec des centaines de mod\u00e8les disponibles, la s\u00e9rie G-Force propose des configurations de buse en deux pi\u00e8ces, des vannes \u00e0 bille et des buses monobloc avec vanne int\u00e9gr\u00e9e. Tous les mod\u00e8les, y compris les configurations de vanne \u00e0 bille en deux pi\u00e8ces, peuvent \u00eatre command\u00e9s avec une poign\u00e9e pistolet \u00e0 code couleur et un couvercle de poign\u00e9e de vanne.<\/li>\n<li><strong>Vanne \u00e0 glissi\u00e8re en acier inoxydable<\/strong> - La vanne \u00e0 glissi\u00e8re unique en son genre ainsi que les d\u00e9tentes de position positive de la vanne dans toutes les buses monobloc offrent des performances de flux sans turbulence, m\u00eame lors de l'ouverture de la buse.<\/li>\n<li><strong>\u00c9cran \u00e0 d\u00e9bris int\u00e9gr\u00e9<\/strong> \u2013 Le tamis d&#039;entr\u00e9e emp\u00eache les d\u00e9bris destructeurs de motifs d&#039;entrer dans la buse et de s&#039;y loger. Les articles qui traversent le tamis sont facilement \u00e9vacu\u00e9s par l&#039;avant de la buse.<\/li>\n<li><strong>Dents de filage fixes en m\u00e9tal, en caoutchouc moul\u00e9 ou en acier inoxydable<\/strong> \u2013 Tous les mod\u00e8les peuvent \u00eatre command\u00e9s avec votre choix de dents fixes en m\u00e9tal taill\u00e9 au diamant, en caoutchouc moul\u00e9 fixe ou en acier inoxydable. Toutes les dents de brouillard sont con\u00e7ues pour fournir des performances sup\u00e9rieures et une protection exceptionnelle des pompiers. Le pare-chocs en caoutchouc coll\u00e9 offre une fiabilit\u00e9 robuste \u00e0 long terme, m\u00eame dans les conditions de lutte contre les incendies les plus difficiles.<\/li>\n<li><strong>Rin\u00e7age sans ajustement du jet ni arr\u00eat de la buse<\/strong> \u2013 Les buses peuvent \u00eatre facilement et efficacement rinc\u00e9es des d\u00e9bris ind\u00e9sirables sans arr\u00eater ou modifier la s\u00e9lection du motif. La manoeuvre peut \u00eatre faite m\u00eame dans des conditions dangereuses de lutte contre l'incendie.<\/li>\n<li><strong>\u00c9tiquetage r\u00e9fl\u00e9chissant et marquage laser permanent<\/strong> \u2013 L'\u00e9tiquetage r\u00e9fl\u00e9chissant \u00e0 rev\u00eatement transparent fournit une image r\u00e9fl\u00e9chissante la nuit (et dans l'obscurit\u00e9 en g\u00e9n\u00e9ral). Les commandes op\u00e9rationnelles grav\u00e9es au laser \u00e0 contraste \u00e9lev\u00e9 sont marqu\u00e9es de fa\u00e7on permanente pour une dur\u00e9e de service sans pareil.<\/li>\n<li><strong>Poign\u00e9e de valve \u00e0 code couleur robuste et poign\u00e9e pistolet<\/strong> - Poign\u00e9e de pistolet de forme ergonomique, poign\u00e9e de valve et couvercles en polym\u00e8re ultra-r\u00e9sistant pour une fiabilit\u00e9 \u00e0 toute \u00e9preuve. Onze couleurs disponibles permettant une personnalisation totale. Parfait identifier le conduit de refoulement de la pompe et\/ou un appareil d'incendie sp\u00e9cifique.<\/li>\n<li><strong>Bague d'index<\/strong> \u2013 La large bague est facile \u00e0 saisir et fournit une indication visuelle et tactile du d\u00e9bit, de la pression et des choix de rin\u00e7age.<\/li>\n<li><strong>Indicateur tactile de position<\/strong> - L'indicateur tactile int\u00e9gr\u00e9 fournit un cran de s\u00e9lection de motif pr\u00e9d\u00e9fini en option ou un verrouillage de motif. Le r\u00e9glage rapide du motif de changement permet de passer d'un flux droit vers un large motif de brouillard protecteur avec un simple mouvement de la main.<\/li>\n<li><strong>Identification des mod\u00e8les<\/strong> \u2013 Chaque buse est marqu\u00e9e de fa\u00e7on permanente avec un num\u00e9ro de s\u00e9rie unique qui facilite le suivi des actifs du service, la date de fabrication, l'identification du mod\u00e8le et permet de suivre facilement les activit\u00e9s de service et de garantie. La recherche par num\u00e9ro de s\u00e9rie offerte en ligne vous donne un acc\u00e8s imm\u00e9diat \u00e0 toute la documentation op\u00e9rationnelle et de service li\u00e9 \u00e0 votre produit.<\/li>\n<\/ul>","protected":false},"excerpt":{"rendered":"<p>Con\u00e7ue pour sa polyvalence et sa configuration personnalisable, la s\u00e9rie unique de lances fixes automatiques G-Force combine plus de 40 ans d'innovation et d'exp\u00e9rience en mati\u00e8re de conception. Encore une fois, Task Force Tips vous propose de v\u00e9ritables outils de lutte contre les incendies de nouvelle g\u00e9n\u00e9ration.<\/p>","protected":false},"featured_media":2589,"template":"","meta":[],"product_brand":[179],"product_cat":[44,66],"product_tag":[355,354],"class_list":{"0":"post-2736","1":"product","2":"type-product","3":"status-publish","4":"has-post-thumbnail","6":"product_brand-tft","7":"product_cat-fire-suppression","8":"product_cat-nozzles-monitors","9":"product_tag-task-force-tips","10":"product_tag-tft","12":"first","13":"instock","14":"shipping-taxable","15":"product-type-simple"},"yoast_head":"<!-- This site is optimized with the Yoast SEO plugin v27.6 - https:\/\/yoast.com\/product\/yoast-seo-wordpress\/ -->\n<title>G-Force Nozzles - Safety Source Fire<\/title>\n<meta name=\"robots\" content=\"index, follow, max-snippet:-1, max-image-preview:large, max-video-preview:-1\" \/>\n<link rel=\"canonical\" href=\"https:\/\/safetysourcefire.ca\/fr\/?product=g-force-nozzles\" \/>\n<meta property=\"og:locale\" content=\"fr_CA\" \/>\n<meta property=\"og:type\" content=\"article\" \/>\n<meta property=\"og:title\" content=\"G-Force Nozzles - Safety Source Fire\" \/>\n<meta property=\"og:description\" content=\"Based on a highly customizable global nozzle platform design, the unique G-Force series of fixed, selectable, and automatic nozzles combine over 40 years of Task Force Tips design innovation and experience into true next generation firefighting tools.\" \/>\n<meta property=\"og:url\" content=\"https:\/\/safetysourcefire.ca\/fr\/?product=g-force-nozzles\" \/>\n<meta property=\"og:site_name\" content=\"Safety Source Fire\" \/>\n<meta property=\"article:publisher\" content=\"https:\/\/www.facebook.com\/mmfssca\" \/>\n<meta property=\"article:modified_time\" content=\"2020-04-27T21:22:04+00:00\" \/>\n<meta property=\"og:image\" content=\"https:\/\/safetysourcefire.ca\/wp-content\/uploads\/2017\/06\/GF3C1S.jpg\" \/>\n\t<meta property=\"og:image:width\" content=\"600\" \/>\n\t<meta property=\"og:image:height\" content=\"600\" \/>\n\t<meta property=\"og:image:type\" content=\"image\/jpeg\" \/>\n<meta name=\"twitter:card\" content=\"summary_large_image\" \/>\n<meta name=\"twitter:site\" content=\"@mmfssca\" \/>\n<meta name=\"twitter:label1\" content=\"Estimation du temps de lecture\" \/>\n\t<meta name=\"twitter:data1\" content=\"2 minutes\" \/>\n<script type=\"application\/ld+json\" class=\"yoast-schema-graph\">{\"@context\":\"https:\\\/\\\/schema.org\",\"@graph\":[{\"@type\":\"WebPage\",\"@id\":\"https:\\\/\\\/safetysourcefire.ca\\\/?product=g-force-nozzles\",\"url\":\"https:\\\/\\\/safetysourcefire.ca\\\/?product=g-force-nozzles\",\"name\":\"G-Force Nozzles - Safety Source Fire\",\"isPartOf\":{\"@id\":\"https:\\\/\\\/safetysourcefire.ca\\\/#website\"},\"primaryImageOfPage\":{\"@id\":\"https:\\\/\\\/safetysourcefire.ca\\\/?product=g-force-nozzles#primaryimage\"},\"image\":{\"@id\":\"https:\\\/\\\/safetysourcefire.ca\\\/?product=g-force-nozzles#primaryimage\"},\"thumbnailUrl\":\"https:\\\/\\\/safetysourcefire.ca\\\/wp-content\\\/uploads\\\/2017\\\/06\\\/GF3C1S.jpg\",\"datePublished\":\"2017-12-04T22:44:36+00:00\",\"dateModified\":\"2020-04-27T21:22:04+00:00\",\"breadcrumb\":{\"@id\":\"https:\\\/\\\/safetysourcefire.ca\\\/?product=g-force-nozzles#breadcrumb\"},\"inLanguage\":\"fr-CA\",\"potentialAction\":[{\"@type\":\"ReadAction\",\"target\":[\"https:\\\/\\\/safetysourcefire.ca\\\/?product=g-force-nozzles\"]}]},{\"@type\":\"ImageObject\",\"inLanguage\":\"fr-CA\",\"@id\":\"https:\\\/\\\/safetysourcefire.ca\\\/?product=g-force-nozzles#primaryimage\",\"url\":\"https:\\\/\\\/safetysourcefire.ca\\\/wp-content\\\/uploads\\\/2017\\\/06\\\/GF3C1S.jpg\",\"contentUrl\":\"https:\\\/\\\/safetysourcefire.ca\\\/wp-content\\\/uploads\\\/2017\\\/06\\\/GF3C1S.jpg\",\"width\":600,\"height\":600,\"caption\":\"G-Force Nozzles\"},{\"@type\":\"BreadcrumbList\",\"@id\":\"https:\\\/\\\/safetysourcefire.ca\\\/?product=g-force-nozzles#breadcrumb\",\"itemListElement\":[{\"@type\":\"ListItem\",\"position\":1,\"name\":\"Home\",\"item\":\"https:\\\/\\\/safetysourcefire.ca\\\/\"},{\"@type\":\"ListItem\",\"position\":2,\"name\":\"Products\",\"item\":\"https:\\\/\\\/safetysourcefire.ca\\\/shop\\\/\"},{\"@type\":\"ListItem\",\"position\":3,\"name\":\"G-Force Nozzles\"}]},{\"@type\":\"WebSite\",\"@id\":\"https:\\\/\\\/safetysourcefire.ca\\\/#website\",\"url\":\"https:\\\/\\\/safetysourcefire.ca\\\/\",\"name\":\"Safety Source Fire\",\"description\":\"\",\"publisher\":{\"@id\":\"https:\\\/\\\/safetysourcefire.ca\\\/#organization\"},\"potentialAction\":[{\"@type\":\"SearchAction\",\"target\":{\"@type\":\"EntryPoint\",\"urlTemplate\":\"https:\\\/\\\/safetysourcefire.ca\\\/?s={search_term_string}\"},\"query-input\":{\"@type\":\"PropertyValueSpecification\",\"valueRequired\":true,\"valueName\":\"search_term_string\"}}],\"inLanguage\":\"fr-CA\"},{\"@type\":\"Organization\",\"@id\":\"https:\\\/\\\/safetysourcefire.ca\\\/#organization\",\"name\":\"Safety Source Fire\",\"url\":\"https:\\\/\\\/safetysourcefire.ca\\\/\",\"logo\":{\"@type\":\"ImageObject\",\"inLanguage\":\"fr-CA\",\"@id\":\"https:\\\/\\\/safetysourcefire.ca\\\/#\\\/schema\\\/logo\\\/image\\\/\",\"url\":\"https:\\\/\\\/safetysourcefire.ca\\\/wp-content\\\/uploads\\\/2021\\\/01\\\/SSF_logo_CC0000-3.png\",\"contentUrl\":\"https:\\\/\\\/safetysourcefire.ca\\\/wp-content\\\/uploads\\\/2021\\\/01\\\/SSF_logo_CC0000-3.png\",\"width\":1107,\"height\":365,\"caption\":\"Safety Source Fire\"},\"image\":{\"@id\":\"https:\\\/\\\/safetysourcefire.ca\\\/#\\\/schema\\\/logo\\\/image\\\/\"},\"sameAs\":[\"https:\\\/\\\/www.facebook.com\\\/mmfssca\",\"https:\\\/\\\/x.com\\\/mmfssca\"]}]}<\/script>\n<!-- \/ Yoast SEO plugin. -->","yoast_head_json":{"title":"G-Force Nozzles - Safety Source Fire","robots":{"index":"index","follow":"follow","max-snippet":"max-snippet:-1","max-image-preview":"max-image-preview:large","max-video-preview":"max-video-preview:-1"},"canonical":"https:\/\/safetysourcefire.ca\/fr\/?product=g-force-nozzles","og_locale":"fr_CA","og_type":"article","og_title":"G-Force Nozzles - Safety Source Fire","og_description":"Based on a highly customizable global nozzle platform design, the unique G-Force series of fixed, selectable, and automatic nozzles combine over 40 years of Task Force Tips design innovation and experience into true next generation firefighting tools.","og_url":"https:\/\/safetysourcefire.ca\/fr\/?product=g-force-nozzles","og_site_name":"Safety Source Fire","article_publisher":"https:\/\/www.facebook.com\/mmfssca","article_modified_time":"2020-04-27T21:22:04+00:00","og_image":[{"width":600,"height":600,"url":"https:\/\/safetysourcefire.ca\/wp-content\/uploads\/2017\/06\/GF3C1S.jpg","type":"image\/jpeg"}],"twitter_card":"summary_large_image","twitter_site":"@mmfssca","twitter_misc":{"Estimation du temps de lecture":"2 minutes"},"schema":{"@context":"https:\/\/schema.org","@graph":[{"@type":"WebPage","@id":"https:\/\/safetysourcefire.ca\/?product=g-force-nozzles","url":"https:\/\/safetysourcefire.ca\/?product=g-force-nozzles","name":"G-Force Nozzles - Safety Source Fire","isPartOf":{"@id":"https:\/\/safetysourcefire.ca\/#website"},"primaryImageOfPage":{"@id":"https:\/\/safetysourcefire.ca\/?product=g-force-nozzles#primaryimage"},"image":{"@id":"https:\/\/safetysourcefire.ca\/?product=g-force-nozzles#primaryimage"},"thumbnailUrl":"https:\/\/safetysourcefire.ca\/wp-content\/uploads\/2017\/06\/GF3C1S.jpg","datePublished":"2017-12-04T22:44:36+00:00","dateModified":"2020-04-27T21:22:04+00:00","breadcrumb":{"@id":"https:\/\/safetysourcefire.ca\/?product=g-force-nozzles#breadcrumb"},"inLanguage":"fr-CA","potentialAction":[{"@type":"ReadAction","target":["https:\/\/safetysourcefire.ca\/?product=g-force-nozzles"]}]},{"@type":"ImageObject","inLanguage":"fr-CA","@id":"https:\/\/safetysourcefire.ca\/?product=g-force-nozzles#primaryimage","url":"https:\/\/safetysourcefire.ca\/wp-content\/uploads\/2017\/06\/GF3C1S.jpg","contentUrl":"https:\/\/safetysourcefire.ca\/wp-content\/uploads\/2017\/06\/GF3C1S.jpg","width":600,"height":600,"caption":"G-Force Nozzles"},{"@type":"BreadcrumbList","@id":"https:\/\/safetysourcefire.ca\/?product=g-force-nozzles#breadcrumb","itemListElement":[{"@type":"ListItem","position":1,"name":"Home","item":"https:\/\/safetysourcefire.ca\/"},{"@type":"ListItem","position":2,"name":"Products","item":"https:\/\/safetysourcefire.ca\/shop\/"},{"@type":"ListItem","position":3,"name":"G-Force Nozzles"}]},{"@type":"WebSite","@id":"https:\/\/safetysourcefire.ca\/#website","url":"https:\/\/safetysourcefire.ca\/","name":"Safety Source Fire","description":"","publisher":{"@id":"https:\/\/safetysourcefire.ca\/#organization"},"potentialAction":[{"@type":"SearchAction","target":{"@type":"EntryPoint","urlTemplate":"https:\/\/safetysourcefire.ca\/?s={search_term_string}"},"query-input":{"@type":"PropertyValueSpecification","valueRequired":true,"valueName":"search_term_string"}}],"inLanguage":"fr-CA"},{"@type":"Organization","@id":"https:\/\/safetysourcefire.ca\/#organization","name":"Safety Source Fire","url":"https:\/\/safetysourcefire.ca\/","logo":{"@type":"ImageObject","inLanguage":"fr-CA","@id":"https:\/\/safetysourcefire.ca\/#\/schema\/logo\/image\/","url":"https:\/\/safetysourcefire.ca\/wp-content\/uploads\/2021\/01\/SSF_logo_CC0000-3.png","contentUrl":"https:\/\/safetysourcefire.ca\/wp-content\/uploads\/2021\/01\/SSF_logo_CC0000-3.png","width":1107,"height":365,"caption":"Safety Source Fire"},"image":{"@id":"https:\/\/safetysourcefire.ca\/#\/schema\/logo\/image\/"},"sameAs":["https:\/\/www.facebook.com\/mmfssca","https:\/\/x.com\/mmfssca"]}]}},"_links":{"self":[{"href":"https:\/\/safetysourcefire.ca\/fr\/wp-json\/wp\/v2\/product\/2736","targetHints":{"allow":["GET"]}}],"collection":[{"href":"https:\/\/safetysourcefire.ca\/fr\/wp-json\/wp\/v2\/product"}],"about":[{"href":"https:\/\/safetysourcefire.ca\/fr\/wp-json\/wp\/v2\/types\/product"}],"wp:featuredmedia":[{"embeddable":true,"href":"https:\/\/safetysourcefire.ca\/fr\/wp-json\/wp\/v2\/media\/2589"}],"wp:attachment":[{"href":"https:\/\/safetysourcefire.ca\/fr\/wp-json\/wp\/v2\/media?parent=2736"}],"wp:term":[{"taxonomy":"product_brand","embeddable":true,"href":"https:\/\/safetysourcefire.ca\/fr\/wp-json\/wp\/v2\/product_brand?post=2736"},{"taxonomy":"product_cat","embeddable":true,"href":"https:\/\/safetysourcefire.ca\/fr\/wp-json\/wp\/v2\/product_cat?post=2736"},{"taxonomy":"product_tag","embeddable":true,"href":"https:\/\/safetysourcefire.ca\/fr\/wp-json\/wp\/v2\/product_tag?post=2736"}],"curies":[{"name":"wp","href":"https:\/\/api.w.org\/{rel}","templated":true}]}}