{"id":27362,"date":"2023-02-14T22:01:47","date_gmt":"2023-02-14T22:01:47","guid":{"rendered":"https:\/\/safetysourcefire.ca\/?post_type=product&#038;p=27362"},"modified":"2023-02-15T15:09:54","modified_gmt":"2023-02-15T15:09:54","slug":"14qt-personal-cooler","status":"publish","type":"product","link":"https:\/\/safetysourcefire.ca\/fr\/produit\/14qt-personal-cooler\/","title":{"rendered":"Glaci\u00e8re personnelle 14 pintes"},"content":{"rendered":"<p>\u00c0 commencer par des parois en polyur\u00e9thane de 1,5 po d&#039;\u00e9paisseur de qualit\u00e9 commerciale et un couvercle \u00e0 joint de cong\u00e9lateur, tous con\u00e7us pour retenir le froid, quelle que soit la distance parcourue.<\/p>\n<ul>\n<li>Bo\u00eete s\u00e8che con\u00e7ue pour garder les objets personnels au sec<\/li>\n<li>Ouvre-bouteille avec aimant<\/li>\n<li>Plateau int\u00e9rieur pour les denr\u00e9es non p\u00e9rissables pour rester au frais et au sec<\/li>\n<li>Capacit\u00e9 de 14 pintes pouvant contenir 2 blocs de glace Pelican de 1 lb pour garder les boissons froides<\/li>\n<li>Garantie 3 ans<\/li>\n<\/ul>\n<p>Int\u00e9rieur (L \u00d7 L \u00d7 P) 12,75 x 7,25\u2033 x 8,75 (32,4 x 18,4 x 22,2 cm)<br \/>\nExt\u00e9rieur (L\u00d7L\u00d7P) 18.00 x 11.50\u2033 x 13.00 (45.7 x 29.2 x 33 cm)<br \/>\nVolume 14.00QT (13.25 L)<br \/>\nVolume int\u00e9rieur 0,47 pi\u00b3 (0,013 m\u00b3)<\/p>\n<p><a href=\"https:\/\/www.pelican.com\/ca\/en\/product-pdf\/?product=cooler&amp;item=20&amp;source=web\" target=\"_blank\" rel=\"noopener\">T\u00e9l\u00e9charger la fiche technique (.pdf)<\/a><\/p>\n<p><iframe loading=\"lazy\" title=\"lecteur vid\u00e9o YouTube\" src=\"https:\/\/www.youtube.com\/embed\/jfLVEftoNBg\" width=\"560\" height=\"315\" frameborder=\"0\" allowfullscreen=\"allowfullscreen\"><\/iframe><\/p>","protected":false},"excerpt":{"rendered":"<p>Nous avons con\u00e7u la glaci\u00e8re personnelle la plus polyvalente au monde pour que vous puissiez emporter tout ce dont vous avez besoin.<\/p>","protected":false},"featured_media":27365,"template":"","meta":[],"product_brand":[146],"product_cat":[462,464,465,49,489,463],"product_tag":[330],"class_list":{"0":"post-27362","1":"product","2":"type-product","3":"status-publish","4":"has-post-thumbnail","6":"product_brand-pelican","7":"product_cat-emergency-preparedness","8":"product_cat-flood","9":"product_cat-hurricane","10":"product_cat-medical","11":"product_cat-recovery","12":"product_cat-wildland-fire","13":"product_tag-pelican","15":"first","16":"instock","17":"shipping-taxable","18":"product-type-simple"},"yoast_head":"<!-- This site is optimized with the Yoast SEO plugin v27.4 - https:\/\/yoast.com\/product\/yoast-seo-wordpress\/ -->\n<title>14QT Personal Cooler - Safety Source Fire<\/title>\n<meta name=\"robots\" content=\"index, follow, max-snippet:-1, max-image-preview:large, max-video-preview:-1\" \/>\n<link rel=\"canonical\" href=\"https:\/\/safetysourcefire.ca\/fr\/?product=14qt-personal-cooler\" \/>\n<meta property=\"og:locale\" content=\"fr_CA\" \/>\n<meta property=\"og:type\" content=\"article\" \/>\n<meta property=\"og:title\" content=\"14QT Personal Cooler - Safety Source Fire\" \/>\n<meta property=\"og:description\" content=\"We built the world\u2019s most versatile personal cooler so you can pack everything you need.\" \/>\n<meta property=\"og:url\" content=\"https:\/\/safetysourcefire.ca\/fr\/?product=14qt-personal-cooler\" \/>\n<meta property=\"og:site_name\" content=\"Safety Source Fire\" \/>\n<meta property=\"article:publisher\" content=\"https:\/\/www.facebook.com\/mmfssca\" \/>\n<meta property=\"article:modified_time\" content=\"2023-02-15T15:09:54+00:00\" \/>\n<meta property=\"og:image\" content=\"https:\/\/safetysourcefire.ca\/wp-content\/uploads\/2023\/02\/pelican-14qt-personal-cooler-lunchbox.jpg\" \/>\n\t<meta property=\"og:image:width\" content=\"600\" \/>\n\t<meta property=\"og:image:height\" content=\"600\" \/>\n\t<meta property=\"og:image:type\" content=\"image\/jpeg\" \/>\n<meta name=\"twitter:card\" content=\"summary_large_image\" \/>\n<meta name=\"twitter:site\" content=\"@mmfssca\" \/>\n<meta name=\"twitter:label1\" content=\"Estimation du temps de lecture\" \/>\n\t<meta name=\"twitter:data1\" content=\"1 minute\" \/>\n<script type=\"application\/ld+json\" class=\"yoast-schema-graph\">{\"@context\":\"https:\\\/\\\/schema.org\",\"@graph\":[{\"@type\":\"WebPage\",\"@id\":\"https:\\\/\\\/safetysourcefire.ca\\\/?product=14qt-personal-cooler\",\"url\":\"https:\\\/\\\/safetysourcefire.ca\\\/?product=14qt-personal-cooler\",\"name\":\"14QT Personal Cooler - Safety Source Fire\",\"isPartOf\":{\"@id\":\"https:\\\/\\\/safetysourcefire.ca\\\/#website\"},\"primaryImageOfPage\":{\"@id\":\"https:\\\/\\\/safetysourcefire.ca\\\/?product=14qt-personal-cooler#primaryimage\"},\"image\":{\"@id\":\"https:\\\/\\\/safetysourcefire.ca\\\/?product=14qt-personal-cooler#primaryimage\"},\"thumbnailUrl\":\"https:\\\/\\\/safetysourcefire.ca\\\/wp-content\\\/uploads\\\/2023\\\/02\\\/pelican-14qt-personal-cooler-lunchbox.jpg\",\"datePublished\":\"2023-02-14T22:01:47+00:00\",\"dateModified\":\"2023-02-15T15:09:54+00:00\",\"breadcrumb\":{\"@id\":\"https:\\\/\\\/safetysourcefire.ca\\\/?product=14qt-personal-cooler#breadcrumb\"},\"inLanguage\":\"fr-CA\",\"potentialAction\":[{\"@type\":\"ReadAction\",\"target\":[\"https:\\\/\\\/safetysourcefire.ca\\\/?product=14qt-personal-cooler\"]}]},{\"@type\":\"ImageObject\",\"inLanguage\":\"fr-CA\",\"@id\":\"https:\\\/\\\/safetysourcefire.ca\\\/?product=14qt-personal-cooler#primaryimage\",\"url\":\"https:\\\/\\\/safetysourcefire.ca\\\/wp-content\\\/uploads\\\/2023\\\/02\\\/pelican-14qt-personal-cooler-lunchbox.jpg\",\"contentUrl\":\"https:\\\/\\\/safetysourcefire.ca\\\/wp-content\\\/uploads\\\/2023\\\/02\\\/pelican-14qt-personal-cooler-lunchbox.jpg\",\"width\":600,\"height\":600,\"caption\":\"cooler\"},{\"@type\":\"BreadcrumbList\",\"@id\":\"https:\\\/\\\/safetysourcefire.ca\\\/?product=14qt-personal-cooler#breadcrumb\",\"itemListElement\":[{\"@type\":\"ListItem\",\"position\":1,\"name\":\"Home\",\"item\":\"https:\\\/\\\/safetysourcefire.ca\\\/\"},{\"@type\":\"ListItem\",\"position\":2,\"name\":\"Products\",\"item\":\"https:\\\/\\\/safetysourcefire.ca\\\/shop\\\/\"},{\"@type\":\"ListItem\",\"position\":3,\"name\":\"14QT Personal Cooler\"}]},{\"@type\":\"WebSite\",\"@id\":\"https:\\\/\\\/safetysourcefire.ca\\\/#website\",\"url\":\"https:\\\/\\\/safetysourcefire.ca\\\/\",\"name\":\"Safety Source Fire\",\"description\":\"\",\"publisher\":{\"@id\":\"https:\\\/\\\/safetysourcefire.ca\\\/#organization\"},\"potentialAction\":[{\"@type\":\"SearchAction\",\"target\":{\"@type\":\"EntryPoint\",\"urlTemplate\":\"https:\\\/\\\/safetysourcefire.ca\\\/?s={search_term_string}\"},\"query-input\":{\"@type\":\"PropertyValueSpecification\",\"valueRequired\":true,\"valueName\":\"search_term_string\"}}],\"inLanguage\":\"fr-CA\"},{\"@type\":\"Organization\",\"@id\":\"https:\\\/\\\/safetysourcefire.ca\\\/#organization\",\"name\":\"Safety Source Fire\",\"url\":\"https:\\\/\\\/safetysourcefire.ca\\\/\",\"logo\":{\"@type\":\"ImageObject\",\"inLanguage\":\"fr-CA\",\"@id\":\"https:\\\/\\\/safetysourcefire.ca\\\/#\\\/schema\\\/logo\\\/image\\\/\",\"url\":\"https:\\\/\\\/safetysourcefire.ca\\\/wp-content\\\/uploads\\\/2021\\\/01\\\/SSF_logo_CC0000-3.png\",\"contentUrl\":\"https:\\\/\\\/safetysourcefire.ca\\\/wp-content\\\/uploads\\\/2021\\\/01\\\/SSF_logo_CC0000-3.png\",\"width\":1107,\"height\":365,\"caption\":\"Safety Source Fire\"},\"image\":{\"@id\":\"https:\\\/\\\/safetysourcefire.ca\\\/#\\\/schema\\\/logo\\\/image\\\/\"},\"sameAs\":[\"https:\\\/\\\/www.facebook.com\\\/mmfssca\",\"https:\\\/\\\/x.com\\\/mmfssca\"]}]}<\/script>\n<!-- \/ Yoast SEO plugin. -->","yoast_head_json":{"title":"Glaci\u00e8re personnelle 14QT - Safety Source Fire","robots":{"index":"index","follow":"follow","max-snippet":"max-snippet:-1","max-image-preview":"max-image-preview:large","max-video-preview":"max-video-preview:-1"},"canonical":"https:\/\/safetysourcefire.ca\/fr\/?product=14qt-personal-cooler","og_locale":"fr_CA","og_type":"article","og_title":"14QT Personal Cooler - Safety Source Fire","og_description":"We built the world\u2019s most versatile personal cooler so you can pack everything you need.","og_url":"https:\/\/safetysourcefire.ca\/fr\/?product=14qt-personal-cooler","og_site_name":"Safety Source Fire","article_publisher":"https:\/\/www.facebook.com\/mmfssca","article_modified_time":"2023-02-15T15:09:54+00:00","og_image":[{"width":600,"height":600,"url":"https:\/\/safetysourcefire.ca\/wp-content\/uploads\/2023\/02\/pelican-14qt-personal-cooler-lunchbox.jpg","type":"image\/jpeg"}],"twitter_card":"summary_large_image","twitter_site":"@mmfssca","twitter_misc":{"Estimation du temps de lecture":"1 minute"},"schema":{"@context":"https:\/\/schema.org","@graph":[{"@type":"WebPage","@id":"https:\/\/safetysourcefire.ca\/?product=14qt-personal-cooler","url":"https:\/\/safetysourcefire.ca\/?product=14qt-personal-cooler","name":"Glaci\u00e8re personnelle 14QT - Safety Source Fire","isPartOf":{"@id":"https:\/\/safetysourcefire.ca\/#website"},"primaryImageOfPage":{"@id":"https:\/\/safetysourcefire.ca\/?product=14qt-personal-cooler#primaryimage"},"image":{"@id":"https:\/\/safetysourcefire.ca\/?product=14qt-personal-cooler#primaryimage"},"thumbnailUrl":"https:\/\/safetysourcefire.ca\/wp-content\/uploads\/2023\/02\/pelican-14qt-personal-cooler-lunchbox.jpg","datePublished":"2023-02-14T22:01:47+00:00","dateModified":"2023-02-15T15:09:54+00:00","breadcrumb":{"@id":"https:\/\/safetysourcefire.ca\/?product=14qt-personal-cooler#breadcrumb"},"inLanguage":"fr-CA","potentialAction":[{"@type":"ReadAction","target":["https:\/\/safetysourcefire.ca\/?product=14qt-personal-cooler"]}]},{"@type":"ImageObject","inLanguage":"fr-CA","@id":"https:\/\/safetysourcefire.ca\/?product=14qt-personal-cooler#primaryimage","url":"https:\/\/safetysourcefire.ca\/wp-content\/uploads\/2023\/02\/pelican-14qt-personal-cooler-lunchbox.jpg","contentUrl":"https:\/\/safetysourcefire.ca\/wp-content\/uploads\/2023\/02\/pelican-14qt-personal-cooler-lunchbox.jpg","width":600,"height":600,"caption":"cooler"},{"@type":"BreadcrumbList","@id":"https:\/\/safetysourcefire.ca\/?product=14qt-personal-cooler#breadcrumb","itemListElement":[{"@type":"ListItem","position":1,"name":"Home","item":"https:\/\/safetysourcefire.ca\/"},{"@type":"ListItem","position":2,"name":"Products","item":"https:\/\/safetysourcefire.ca\/shop\/"},{"@type":"ListItem","position":3,"name":"14QT Personal Cooler"}]},{"@type":"WebSite","@id":"https:\/\/safetysourcefire.ca\/#website","url":"https:\/\/safetysourcefire.ca\/","name":"Safety Source Fire","description":"","publisher":{"@id":"https:\/\/safetysourcefire.ca\/#organization"},"potentialAction":[{"@type":"SearchAction","target":{"@type":"EntryPoint","urlTemplate":"https:\/\/safetysourcefire.ca\/?s={search_term_string}"},"query-input":{"@type":"PropertyValueSpecification","valueRequired":true,"valueName":"search_term_string"}}],"inLanguage":"fr-CA"},{"@type":"Organization","@id":"https:\/\/safetysourcefire.ca\/#organization","name":"Safety Source Fire","url":"https:\/\/safetysourcefire.ca\/","logo":{"@type":"ImageObject","inLanguage":"fr-CA","@id":"https:\/\/safetysourcefire.ca\/#\/schema\/logo\/image\/","url":"https:\/\/safetysourcefire.ca\/wp-content\/uploads\/2021\/01\/SSF_logo_CC0000-3.png","contentUrl":"https:\/\/safetysourcefire.ca\/wp-content\/uploads\/2021\/01\/SSF_logo_CC0000-3.png","width":1107,"height":365,"caption":"Safety Source Fire"},"image":{"@id":"https:\/\/safetysourcefire.ca\/#\/schema\/logo\/image\/"},"sameAs":["https:\/\/www.facebook.com\/mmfssca","https:\/\/x.com\/mmfssca"]}]}},"_links":{"self":[{"href":"https:\/\/safetysourcefire.ca\/fr\/wp-json\/wp\/v2\/product\/27362","targetHints":{"allow":["GET"]}}],"collection":[{"href":"https:\/\/safetysourcefire.ca\/fr\/wp-json\/wp\/v2\/product"}],"about":[{"href":"https:\/\/safetysourcefire.ca\/fr\/wp-json\/wp\/v2\/types\/product"}],"wp:featuredmedia":[{"embeddable":true,"href":"https:\/\/safetysourcefire.ca\/fr\/wp-json\/wp\/v2\/media\/27365"}],"wp:attachment":[{"href":"https:\/\/safetysourcefire.ca\/fr\/wp-json\/wp\/v2\/media?parent=27362"}],"wp:term":[{"taxonomy":"product_brand","embeddable":true,"href":"https:\/\/safetysourcefire.ca\/fr\/wp-json\/wp\/v2\/product_brand?post=27362"},{"taxonomy":"product_cat","embeddable":true,"href":"https:\/\/safetysourcefire.ca\/fr\/wp-json\/wp\/v2\/product_cat?post=27362"},{"taxonomy":"product_tag","embeddable":true,"href":"https:\/\/safetysourcefire.ca\/fr\/wp-json\/wp\/v2\/product_tag?post=27362"}],"curies":[{"name":"wp","href":"https:\/\/api.w.org\/{rel}","templated":true}]}}