{"id":2737,"date":"2017-06-13T22:46:55","date_gmt":"2017-06-13T22:46:55","guid":{"rendered":"http:\/\/mmfss.ca\/?post_type=product&#038;p=2737"},"modified":"2020-04-27T21:23:06","modified_gmt":"2020-04-27T21:23:06","slug":"fliptip-tip-only","status":"publish","type":"product","link":"https:\/\/safetysourcefire.ca\/fr\/produit\/fliptip-tip-only\/","title":{"rendered":"Embout FlipTip\u00ae (tip only)"},"content":{"rendered":"<p><strong>FlipTip\u00ae avec arr\u00eat \u00e0 bille int\u00e9gr\u00e9 \u2013 <\/strong>Int\u00e9gr\u00e9e \u00e0 une fermeture \u00e0 bille \u00e0 volume \u00e9lev\u00e9, la combinaison FlipTip offre un choix de plusieurs jets droits \u00e0 fort impact \u00e0 partir d'une seule buse. L'arr\u00eat \u00e0 bille de style d\u00e9tente permet un contr\u00f4le positif par l'op\u00e9rateur tout en assurant la durabilit\u00e9 des poign\u00e9es en polym\u00e8re et de la poign\u00e9e pistolet.<\/p>\n<p><strong>FlipTip\u00ae avec arr\u00eat \u00e0 bille int\u00e9gr\u00e9 et buse G-Force<\/strong> - Arr\u00eat \u00e0 bille \u00e0 volume \u00e9lev\u00e9 et votre choix de buse combin\u00e9e G-Force. Le FlipTip fournit une buse unique qui offre \u00e0 la fois un al\u00e9sage lisse et une buse combin\u00e9e haute performance. L'arr\u00eat \u00e0 bille de style d\u00e9tente permet un contr\u00f4le positif par l'op\u00e9rateur, le choix d'un fonctionnement \u00e0 7 bars ou \u00e0 basse pression de 5 bars (100 ou 75 psi), et des dents de brouillard en acier inoxydable, en m\u00e9tal coup\u00e9 ou en caoutchouc coll\u00e9.<\/p>\n<p>&nbsp;<\/p>\n<p><strong>Choix de configuration de FlipTip et particularit\u00e9s du produit<\/strong><\/p>\n<p><strong>Choix de l&#039;orifice de la pointe avant<\/strong><\/p>\n<p>Le composant avant de FlipTip fonctionne avec 4 choix d'orifices diff\u00e9rents. Fournissant des d\u00e9bits de 50 \u00e0 200 gpm (190 \u00e0 760 l\/min), l'embout peut \u00eatre facilement retir\u00e9, ce qui permet de connecter ou retirer facilement le tuyau. Tous les embouts ont des raccords pivotants molet\u00e9s et une voie d'eau conique unique pour une qualit\u00e9 de flux maximale.<\/p>\n<p><strong>Choix de l&#039;orifice de la pointe arri\u00e8re<\/strong><\/p>\n<p>Le composant arri\u00e8re du FlipTip est disponible avec 6 diff\u00e9rentes tailles d'orifice et fournit des d\u00e9bits d'eau \u00e0 partir de 150 gpm (570 l\/min). Tous les inserts \u00e0 pointe conique unique sont con\u00e7us pour offrir des flux de mousse d'eau ou d'air comprim\u00e9 haute performance, et sont maintenus solidement en place pendant les op\u00e9rations difficiles d'attaque initiales.<\/p>\n<p><strong>M\u00e9canisme de verrouillage du pivot<\/strong><\/p>\n<p>Le FlipTip peut \u00eatre chang\u00e9 rapidement et en toute s\u00e9curit\u00e9. Passer d'une petite pointe \u00e0 une grande pointe pendant les op\u00e9rations de lutte contre l'incendie n'a jamais \u00e9t\u00e9 aussi facile gr\u00e2ce \u00e0 l'aide d'un m\u00e9canisme de verrouillage par torsion positif qui emp\u00eache tout mouvement involontaire. La bague de verrouillage est facilement maniable m\u00eame avec une main gant\u00e9e, humide ou pleine de mousse!<\/p>\n<p><strong>Redresseur de flux<\/strong><\/p>\n<p>Pour fournir des performances de flux maximales, tous les mod\u00e8les FlipTip int\u00e8grent un redresseur de flux l\u00e9ger, directement dans le syst\u00e8me de couplage arri\u00e8re. Pour les op\u00e9rations en hauteur o\u00f9 les d\u00e9bris peuvent \u00eatre un probl\u00e8me, ou pour maximiser les performances du jet de mousse \u00e0 air comprim\u00e9, l'insert peut \u00eatre facilement retir\u00e9.<\/p>","protected":false},"excerpt":{"rendered":"<p>Le Tip-Only FlipTip\u00ae est l'addition id\u00e9ale pour tout robinet d'arr\u00eat \u00e0 bille.<\/p>","protected":false},"featured_media":2572,"template":"","meta":[],"product_brand":[179],"product_cat":[44,66],"product_tag":[355,354],"class_list":{"0":"post-2737","1":"product","2":"type-product","3":"status-publish","4":"has-post-thumbnail","6":"product_brand-tft","7":"product_cat-fire-suppression","8":"product_cat-nozzles-monitors","9":"product_tag-task-force-tips","10":"product_tag-tft","12":"first","13":"instock","14":"shipping-taxable","15":"product-type-simple"},"yoast_head":"<!-- This site is optimized with the Yoast SEO plugin v27.4 - https:\/\/yoast.com\/product\/yoast-seo-wordpress\/ -->\n<title>FlipTip\u00ae Tip Only - Safety Source Fire<\/title>\n<meta name=\"robots\" content=\"index, follow, max-snippet:-1, max-image-preview:large, max-video-preview:-1\" \/>\n<link rel=\"canonical\" href=\"https:\/\/safetysourcefire.ca\/fr\/?product=fliptip-tip-only\" \/>\n<meta property=\"og:locale\" content=\"fr_CA\" \/>\n<meta property=\"og:type\" content=\"article\" \/>\n<meta property=\"og:title\" content=\"FlipTip\u00ae Tip Only - Safety Source Fire\" \/>\n<meta property=\"og:description\" content=\"The Tip-Only Model is an ideal choice for an addition to any ball valve shut off.\" \/>\n<meta property=\"og:url\" content=\"https:\/\/safetysourcefire.ca\/fr\/?product=fliptip-tip-only\" \/>\n<meta property=\"og:site_name\" content=\"Safety Source Fire\" \/>\n<meta property=\"article:publisher\" content=\"https:\/\/www.facebook.com\/mmfssca\" \/>\n<meta property=\"article:modified_time\" content=\"2020-04-27T21:23:06+00:00\" \/>\n<meta property=\"og:image\" content=\"https:\/\/safetysourcefire.ca\/wp-content\/uploads\/2017\/06\/FlipTip.jpg\" \/>\n\t<meta property=\"og:image:width\" content=\"600\" \/>\n\t<meta property=\"og:image:height\" content=\"600\" \/>\n\t<meta property=\"og:image:type\" content=\"image\/jpeg\" \/>\n<meta name=\"twitter:card\" content=\"summary_large_image\" \/>\n<meta name=\"twitter:site\" content=\"@mmfssca\" \/>\n<meta name=\"twitter:label1\" content=\"Estimation du temps de lecture\" \/>\n\t<meta name=\"twitter:data1\" content=\"2 minutes\" \/>\n<script type=\"application\/ld+json\" class=\"yoast-schema-graph\">{\"@context\":\"https:\\\/\\\/schema.org\",\"@graph\":[{\"@type\":\"WebPage\",\"@id\":\"https:\\\/\\\/safetysourcefire.ca\\\/?product=fliptip-tip-only\",\"url\":\"https:\\\/\\\/safetysourcefire.ca\\\/?product=fliptip-tip-only\",\"name\":\"FlipTip\u00ae Tip Only - Safety Source Fire\",\"isPartOf\":{\"@id\":\"https:\\\/\\\/safetysourcefire.ca\\\/#website\"},\"primaryImageOfPage\":{\"@id\":\"https:\\\/\\\/safetysourcefire.ca\\\/?product=fliptip-tip-only#primaryimage\"},\"image\":{\"@id\":\"https:\\\/\\\/safetysourcefire.ca\\\/?product=fliptip-tip-only#primaryimage\"},\"thumbnailUrl\":\"https:\\\/\\\/safetysourcefire.ca\\\/wp-content\\\/uploads\\\/2017\\\/06\\\/FlipTip.jpg\",\"datePublished\":\"2017-06-13T22:46:55+00:00\",\"dateModified\":\"2020-04-27T21:23:06+00:00\",\"breadcrumb\":{\"@id\":\"https:\\\/\\\/safetysourcefire.ca\\\/?product=fliptip-tip-only#breadcrumb\"},\"inLanguage\":\"fr-CA\",\"potentialAction\":[{\"@type\":\"ReadAction\",\"target\":[\"https:\\\/\\\/safetysourcefire.ca\\\/?product=fliptip-tip-only\"]}]},{\"@type\":\"ImageObject\",\"inLanguage\":\"fr-CA\",\"@id\":\"https:\\\/\\\/safetysourcefire.ca\\\/?product=fliptip-tip-only#primaryimage\",\"url\":\"https:\\\/\\\/safetysourcefire.ca\\\/wp-content\\\/uploads\\\/2017\\\/06\\\/FlipTip.jpg\",\"contentUrl\":\"https:\\\/\\\/safetysourcefire.ca\\\/wp-content\\\/uploads\\\/2017\\\/06\\\/FlipTip.jpg\",\"width\":600,\"height\":600,\"caption\":\"FlipTip\"},{\"@type\":\"BreadcrumbList\",\"@id\":\"https:\\\/\\\/safetysourcefire.ca\\\/?product=fliptip-tip-only#breadcrumb\",\"itemListElement\":[{\"@type\":\"ListItem\",\"position\":1,\"name\":\"Home\",\"item\":\"https:\\\/\\\/safetysourcefire.ca\\\/\"},{\"@type\":\"ListItem\",\"position\":2,\"name\":\"Products\",\"item\":\"https:\\\/\\\/safetysourcefire.ca\\\/shop\\\/\"},{\"@type\":\"ListItem\",\"position\":3,\"name\":\"FlipTip\u00ae Tip Only\"}]},{\"@type\":\"WebSite\",\"@id\":\"https:\\\/\\\/safetysourcefire.ca\\\/#website\",\"url\":\"https:\\\/\\\/safetysourcefire.ca\\\/\",\"name\":\"Safety Source Fire\",\"description\":\"\",\"publisher\":{\"@id\":\"https:\\\/\\\/safetysourcefire.ca\\\/#organization\"},\"potentialAction\":[{\"@type\":\"SearchAction\",\"target\":{\"@type\":\"EntryPoint\",\"urlTemplate\":\"https:\\\/\\\/safetysourcefire.ca\\\/?s={search_term_string}\"},\"query-input\":{\"@type\":\"PropertyValueSpecification\",\"valueRequired\":true,\"valueName\":\"search_term_string\"}}],\"inLanguage\":\"fr-CA\"},{\"@type\":\"Organization\",\"@id\":\"https:\\\/\\\/safetysourcefire.ca\\\/#organization\",\"name\":\"Safety Source Fire\",\"url\":\"https:\\\/\\\/safetysourcefire.ca\\\/\",\"logo\":{\"@type\":\"ImageObject\",\"inLanguage\":\"fr-CA\",\"@id\":\"https:\\\/\\\/safetysourcefire.ca\\\/#\\\/schema\\\/logo\\\/image\\\/\",\"url\":\"https:\\\/\\\/safetysourcefire.ca\\\/wp-content\\\/uploads\\\/2021\\\/01\\\/SSF_logo_CC0000-3.png\",\"contentUrl\":\"https:\\\/\\\/safetysourcefire.ca\\\/wp-content\\\/uploads\\\/2021\\\/01\\\/SSF_logo_CC0000-3.png\",\"width\":1107,\"height\":365,\"caption\":\"Safety Source Fire\"},\"image\":{\"@id\":\"https:\\\/\\\/safetysourcefire.ca\\\/#\\\/schema\\\/logo\\\/image\\\/\"},\"sameAs\":[\"https:\\\/\\\/www.facebook.com\\\/mmfssca\",\"https:\\\/\\\/x.com\\\/mmfssca\"]}]}<\/script>\n<!-- \/ Yoast SEO plugin. -->","yoast_head_json":{"title":"FlipTip\u00ae Tip Only - Safety Source Fire","robots":{"index":"index","follow":"follow","max-snippet":"max-snippet:-1","max-image-preview":"max-image-preview:large","max-video-preview":"max-video-preview:-1"},"canonical":"https:\/\/safetysourcefire.ca\/fr\/?product=fliptip-tip-only","og_locale":"fr_CA","og_type":"article","og_title":"FlipTip\u00ae Tip Only - Safety Source Fire","og_description":"The Tip-Only Model is an ideal choice for an addition to any ball valve shut off.","og_url":"https:\/\/safetysourcefire.ca\/fr\/?product=fliptip-tip-only","og_site_name":"Safety Source Fire","article_publisher":"https:\/\/www.facebook.com\/mmfssca","article_modified_time":"2020-04-27T21:23:06+00:00","og_image":[{"width":600,"height":600,"url":"https:\/\/safetysourcefire.ca\/wp-content\/uploads\/2017\/06\/FlipTip.jpg","type":"image\/jpeg"}],"twitter_card":"summary_large_image","twitter_site":"@mmfssca","twitter_misc":{"Estimation du temps de lecture":"2 minutes"},"schema":{"@context":"https:\/\/schema.org","@graph":[{"@type":"WebPage","@id":"https:\/\/safetysourcefire.ca\/?product=fliptip-tip-only","url":"https:\/\/safetysourcefire.ca\/?product=fliptip-tip-only","name":"FlipTip\u00ae Tip Only - Safety Source Fire","isPartOf":{"@id":"https:\/\/safetysourcefire.ca\/#website"},"primaryImageOfPage":{"@id":"https:\/\/safetysourcefire.ca\/?product=fliptip-tip-only#primaryimage"},"image":{"@id":"https:\/\/safetysourcefire.ca\/?product=fliptip-tip-only#primaryimage"},"thumbnailUrl":"https:\/\/safetysourcefire.ca\/wp-content\/uploads\/2017\/06\/FlipTip.jpg","datePublished":"2017-06-13T22:46:55+00:00","dateModified":"2020-04-27T21:23:06+00:00","breadcrumb":{"@id":"https:\/\/safetysourcefire.ca\/?product=fliptip-tip-only#breadcrumb"},"inLanguage":"fr-CA","potentialAction":[{"@type":"ReadAction","target":["https:\/\/safetysourcefire.ca\/?product=fliptip-tip-only"]}]},{"@type":"ImageObject","inLanguage":"fr-CA","@id":"https:\/\/safetysourcefire.ca\/?product=fliptip-tip-only#primaryimage","url":"https:\/\/safetysourcefire.ca\/wp-content\/uploads\/2017\/06\/FlipTip.jpg","contentUrl":"https:\/\/safetysourcefire.ca\/wp-content\/uploads\/2017\/06\/FlipTip.jpg","width":600,"height":600,"caption":"FlipTip"},{"@type":"BreadcrumbList","@id":"https:\/\/safetysourcefire.ca\/?product=fliptip-tip-only#breadcrumb","itemListElement":[{"@type":"ListItem","position":1,"name":"Home","item":"https:\/\/safetysourcefire.ca\/"},{"@type":"ListItem","position":2,"name":"Products","item":"https:\/\/safetysourcefire.ca\/shop\/"},{"@type":"ListItem","position":3,"name":"FlipTip\u00ae Tip Only"}]},{"@type":"WebSite","@id":"https:\/\/safetysourcefire.ca\/#website","url":"https:\/\/safetysourcefire.ca\/","name":"Safety Source Fire","description":"","publisher":{"@id":"https:\/\/safetysourcefire.ca\/#organization"},"potentialAction":[{"@type":"SearchAction","target":{"@type":"EntryPoint","urlTemplate":"https:\/\/safetysourcefire.ca\/?s={search_term_string}"},"query-input":{"@type":"PropertyValueSpecification","valueRequired":true,"valueName":"search_term_string"}}],"inLanguage":"fr-CA"},{"@type":"Organization","@id":"https:\/\/safetysourcefire.ca\/#organization","name":"Safety Source Fire","url":"https:\/\/safetysourcefire.ca\/","logo":{"@type":"ImageObject","inLanguage":"fr-CA","@id":"https:\/\/safetysourcefire.ca\/#\/schema\/logo\/image\/","url":"https:\/\/safetysourcefire.ca\/wp-content\/uploads\/2021\/01\/SSF_logo_CC0000-3.png","contentUrl":"https:\/\/safetysourcefire.ca\/wp-content\/uploads\/2021\/01\/SSF_logo_CC0000-3.png","width":1107,"height":365,"caption":"Safety Source Fire"},"image":{"@id":"https:\/\/safetysourcefire.ca\/#\/schema\/logo\/image\/"},"sameAs":["https:\/\/www.facebook.com\/mmfssca","https:\/\/x.com\/mmfssca"]}]}},"_links":{"self":[{"href":"https:\/\/safetysourcefire.ca\/fr\/wp-json\/wp\/v2\/product\/2737","targetHints":{"allow":["GET"]}}],"collection":[{"href":"https:\/\/safetysourcefire.ca\/fr\/wp-json\/wp\/v2\/product"}],"about":[{"href":"https:\/\/safetysourcefire.ca\/fr\/wp-json\/wp\/v2\/types\/product"}],"wp:featuredmedia":[{"embeddable":true,"href":"https:\/\/safetysourcefire.ca\/fr\/wp-json\/wp\/v2\/media\/2572"}],"wp:attachment":[{"href":"https:\/\/safetysourcefire.ca\/fr\/wp-json\/wp\/v2\/media?parent=2737"}],"wp:term":[{"taxonomy":"product_brand","embeddable":true,"href":"https:\/\/safetysourcefire.ca\/fr\/wp-json\/wp\/v2\/product_brand?post=2737"},{"taxonomy":"product_cat","embeddable":true,"href":"https:\/\/safetysourcefire.ca\/fr\/wp-json\/wp\/v2\/product_cat?post=2737"},{"taxonomy":"product_tag","embeddable":true,"href":"https:\/\/safetysourcefire.ca\/fr\/wp-json\/wp\/v2\/product_tag?post=2737"}],"curies":[{"name":"wp","href":"https:\/\/api.w.org\/{rel}","templated":true}]}}