{"id":27370,"date":"2023-02-14T22:06:20","date_gmt":"2023-02-14T22:06:20","guid":{"rendered":"https:\/\/safetysourcefire.ca\/?post_type=product&#038;p=27370"},"modified":"2023-09-06T15:05:35","modified_gmt":"2023-09-06T15:05:35","slug":"8qt-personal-cooler","status":"publish","type":"product","link":"https:\/\/safetysourcefire.ca\/fr\/produit\/8qt-personal-cooler\/","title":{"rendered":"Glaci\u00e8re personnelle 8 pintes"},"content":{"rendered":"<p>Un sac de glace int\u00e9gr\u00e9 est amovible et r\u00e9utilisable. Cette bo\u00eete \u00e0 lunch gardera vos essentiels quotidiens prot\u00e9g\u00e9s et au frais toute la journ\u00e9e.<\/p>\n<ul id=\"pdp-bullets\" class=\"pl-20\">\n<li class=\"pad-5\">Compartiment interne trompeusement grand<\/li>\n<li class=\"pad-5\">Pack de glace amovible int\u00e9gr\u00e9<\/li>\n<li class=\"pad-5\">Plateau amovible<\/li>\n<li class=\"pad-5\">Compartiment de stockage \u00e0 sec suppl\u00e9mentaire dans le couvercle<\/li>\n<li class=\"pad-5\">Loquet s\u00e9curis\u00e9 Press &amp; Pull\u2122<\/li>\n<li class=\"pad-5\">Poign\u00e9e de transport pliable<\/li>\n<li class=\"pad-5\">Attachez les ouvertures sur le c\u00f4t\u00e9<\/li>\n<li class=\"pad-5\">Ext\u00e9rieur r\u00e9sistant<\/li>\n<\/ul>\n<p><a href=\"https:\/\/www.pelican.com\/ca\/en\/product-pdf\/?product=cooler&amp;item=22&amp;source=web\" target=\"_blank\" rel=\"noopener\">T\u00e9l\u00e9charger la fiche technique (.pdf)<\/a><\/p>\n<p>&nbsp;<\/p>\n<p>&nbsp;<\/p>","protected":false},"excerpt":{"rendered":"<p>La glaci\u00e8re personnelle 8QT comprend des compartiments s\u00e9par\u00e9s pour le stockage humide et sec, y compris : une bo\u00eete s\u00e8che pour ranger les articles personnels, un plateau int\u00e9rieur amovible pour garder les denr\u00e9es non p\u00e9rissables au frais et un compartiment principal pour les articles plus volumineux.<\/p>","protected":false},"featured_media":27371,"template":"","meta":[],"product_brand":[146],"product_cat":[462,464,465,49,489,463],"product_tag":[330],"class_list":{"0":"post-27370","1":"product","2":"type-product","3":"status-publish","4":"has-post-thumbnail","6":"product_brand-pelican","7":"product_cat-emergency-preparedness","8":"product_cat-flood","9":"product_cat-hurricane","10":"product_cat-medical","11":"product_cat-recovery","12":"product_cat-wildland-fire","13":"product_tag-pelican","15":"first","16":"instock","17":"shipping-taxable","18":"product-type-simple"},"yoast_head":"<!-- This site is optimized with the Yoast SEO plugin v27.4 - https:\/\/yoast.com\/product\/yoast-seo-wordpress\/ -->\n<title>8QT Personal Cooler - Safety Source Fire<\/title>\n<meta name=\"robots\" content=\"index, follow, max-snippet:-1, max-image-preview:large, max-video-preview:-1\" \/>\n<link rel=\"canonical\" href=\"https:\/\/safetysourcefire.ca\/fr\/?product=8qt-personal-cooler\" \/>\n<meta property=\"og:locale\" content=\"fr_CA\" \/>\n<meta property=\"og:type\" content=\"article\" \/>\n<meta property=\"og:title\" content=\"8QT Personal Cooler - Safety Source Fire\" \/>\n<meta property=\"og:description\" content=\"The 8QT Personal Cooler features separate compartments for wet and dry storage, including: a dry box to store personal items, a removable inner tray to keep non-perishables cool, and a main compartment for larger items.\" \/>\n<meta property=\"og:url\" content=\"https:\/\/safetysourcefire.ca\/fr\/?product=8qt-personal-cooler\" \/>\n<meta property=\"og:site_name\" content=\"Safety Source Fire\" \/>\n<meta property=\"article:publisher\" content=\"https:\/\/www.facebook.com\/mmfssca\" \/>\n<meta property=\"article:modified_time\" content=\"2023-09-06T15:05:35+00:00\" \/>\n<meta property=\"og:image\" content=\"https:\/\/safetysourcefire.ca\/wp-content\/uploads\/2023\/02\/pelican-8qt-hard-cooler-dark-gray-green-closed.jpg\" \/>\n\t<meta property=\"og:image:width\" content=\"600\" \/>\n\t<meta property=\"og:image:height\" content=\"600\" \/>\n\t<meta property=\"og:image:type\" content=\"image\/jpeg\" \/>\n<meta name=\"twitter:card\" content=\"summary_large_image\" \/>\n<meta name=\"twitter:site\" content=\"@mmfssca\" \/>\n<meta name=\"twitter:label1\" content=\"Estimation du temps de lecture\" \/>\n\t<meta name=\"twitter:data1\" content=\"1 minute\" \/>\n<script type=\"application\/ld+json\" class=\"yoast-schema-graph\">{\"@context\":\"https:\\\/\\\/schema.org\",\"@graph\":[{\"@type\":\"WebPage\",\"@id\":\"https:\\\/\\\/safetysourcefire.ca\\\/?product=8qt-personal-cooler\",\"url\":\"https:\\\/\\\/safetysourcefire.ca\\\/?product=8qt-personal-cooler\",\"name\":\"8QT Personal Cooler - Safety Source Fire\",\"isPartOf\":{\"@id\":\"https:\\\/\\\/safetysourcefire.ca\\\/#website\"},\"primaryImageOfPage\":{\"@id\":\"https:\\\/\\\/safetysourcefire.ca\\\/?product=8qt-personal-cooler#primaryimage\"},\"image\":{\"@id\":\"https:\\\/\\\/safetysourcefire.ca\\\/?product=8qt-personal-cooler#primaryimage\"},\"thumbnailUrl\":\"https:\\\/\\\/safetysourcefire.ca\\\/wp-content\\\/uploads\\\/2023\\\/02\\\/pelican-8qt-hard-cooler-dark-gray-green-closed.jpg\",\"datePublished\":\"2023-02-14T22:06:20+00:00\",\"dateModified\":\"2023-09-06T15:05:35+00:00\",\"breadcrumb\":{\"@id\":\"https:\\\/\\\/safetysourcefire.ca\\\/?product=8qt-personal-cooler#breadcrumb\"},\"inLanguage\":\"fr-CA\",\"potentialAction\":[{\"@type\":\"ReadAction\",\"target\":[\"https:\\\/\\\/safetysourcefire.ca\\\/?product=8qt-personal-cooler\"]}]},{\"@type\":\"ImageObject\",\"inLanguage\":\"fr-CA\",\"@id\":\"https:\\\/\\\/safetysourcefire.ca\\\/?product=8qt-personal-cooler#primaryimage\",\"url\":\"https:\\\/\\\/safetysourcefire.ca\\\/wp-content\\\/uploads\\\/2023\\\/02\\\/pelican-8qt-hard-cooler-dark-gray-green-closed.jpg\",\"contentUrl\":\"https:\\\/\\\/safetysourcefire.ca\\\/wp-content\\\/uploads\\\/2023\\\/02\\\/pelican-8qt-hard-cooler-dark-gray-green-closed.jpg\",\"width\":600,\"height\":600,\"caption\":\"pelican 8q hard cooler\"},{\"@type\":\"BreadcrumbList\",\"@id\":\"https:\\\/\\\/safetysourcefire.ca\\\/?product=8qt-personal-cooler#breadcrumb\",\"itemListElement\":[{\"@type\":\"ListItem\",\"position\":1,\"name\":\"Home\",\"item\":\"https:\\\/\\\/safetysourcefire.ca\\\/\"},{\"@type\":\"ListItem\",\"position\":2,\"name\":\"Products\",\"item\":\"https:\\\/\\\/safetysourcefire.ca\\\/shop\\\/\"},{\"@type\":\"ListItem\",\"position\":3,\"name\":\"8QT Personal Cooler\"}]},{\"@type\":\"WebSite\",\"@id\":\"https:\\\/\\\/safetysourcefire.ca\\\/#website\",\"url\":\"https:\\\/\\\/safetysourcefire.ca\\\/\",\"name\":\"Safety Source Fire\",\"description\":\"\",\"publisher\":{\"@id\":\"https:\\\/\\\/safetysourcefire.ca\\\/#organization\"},\"potentialAction\":[{\"@type\":\"SearchAction\",\"target\":{\"@type\":\"EntryPoint\",\"urlTemplate\":\"https:\\\/\\\/safetysourcefire.ca\\\/?s={search_term_string}\"},\"query-input\":{\"@type\":\"PropertyValueSpecification\",\"valueRequired\":true,\"valueName\":\"search_term_string\"}}],\"inLanguage\":\"fr-CA\"},{\"@type\":\"Organization\",\"@id\":\"https:\\\/\\\/safetysourcefire.ca\\\/#organization\",\"name\":\"Safety Source Fire\",\"url\":\"https:\\\/\\\/safetysourcefire.ca\\\/\",\"logo\":{\"@type\":\"ImageObject\",\"inLanguage\":\"fr-CA\",\"@id\":\"https:\\\/\\\/safetysourcefire.ca\\\/#\\\/schema\\\/logo\\\/image\\\/\",\"url\":\"https:\\\/\\\/safetysourcefire.ca\\\/wp-content\\\/uploads\\\/2021\\\/01\\\/SSF_logo_CC0000-3.png\",\"contentUrl\":\"https:\\\/\\\/safetysourcefire.ca\\\/wp-content\\\/uploads\\\/2021\\\/01\\\/SSF_logo_CC0000-3.png\",\"width\":1107,\"height\":365,\"caption\":\"Safety Source Fire\"},\"image\":{\"@id\":\"https:\\\/\\\/safetysourcefire.ca\\\/#\\\/schema\\\/logo\\\/image\\\/\"},\"sameAs\":[\"https:\\\/\\\/www.facebook.com\\\/mmfssca\",\"https:\\\/\\\/x.com\\\/mmfssca\"]}]}<\/script>\n<!-- \/ Yoast SEO plugin. -->","yoast_head_json":{"title":"Glaci\u00e8re personnelle 8QT - Safety Source Fire","robots":{"index":"index","follow":"follow","max-snippet":"max-snippet:-1","max-image-preview":"max-image-preview:large","max-video-preview":"max-video-preview:-1"},"canonical":"https:\/\/safetysourcefire.ca\/fr\/?product=8qt-personal-cooler","og_locale":"fr_CA","og_type":"article","og_title":"8QT Personal Cooler - Safety Source Fire","og_description":"The 8QT Personal Cooler features separate compartments for wet and dry storage, including: a dry box to store personal items, a removable inner tray to keep non-perishables cool, and a main compartment for larger items.","og_url":"https:\/\/safetysourcefire.ca\/fr\/?product=8qt-personal-cooler","og_site_name":"Safety Source Fire","article_publisher":"https:\/\/www.facebook.com\/mmfssca","article_modified_time":"2023-09-06T15:05:35+00:00","og_image":[{"width":600,"height":600,"url":"https:\/\/safetysourcefire.ca\/wp-content\/uploads\/2023\/02\/pelican-8qt-hard-cooler-dark-gray-green-closed.jpg","type":"image\/jpeg"}],"twitter_card":"summary_large_image","twitter_site":"@mmfssca","twitter_misc":{"Estimation du temps de lecture":"1 minute"},"schema":{"@context":"https:\/\/schema.org","@graph":[{"@type":"WebPage","@id":"https:\/\/safetysourcefire.ca\/?product=8qt-personal-cooler","url":"https:\/\/safetysourcefire.ca\/?product=8qt-personal-cooler","name":"Glaci\u00e8re personnelle 8QT - Safety Source Fire","isPartOf":{"@id":"https:\/\/safetysourcefire.ca\/#website"},"primaryImageOfPage":{"@id":"https:\/\/safetysourcefire.ca\/?product=8qt-personal-cooler#primaryimage"},"image":{"@id":"https:\/\/safetysourcefire.ca\/?product=8qt-personal-cooler#primaryimage"},"thumbnailUrl":"https:\/\/safetysourcefire.ca\/wp-content\/uploads\/2023\/02\/pelican-8qt-hard-cooler-dark-gray-green-closed.jpg","datePublished":"2023-02-14T22:06:20+00:00","dateModified":"2023-09-06T15:05:35+00:00","breadcrumb":{"@id":"https:\/\/safetysourcefire.ca\/?product=8qt-personal-cooler#breadcrumb"},"inLanguage":"fr-CA","potentialAction":[{"@type":"ReadAction","target":["https:\/\/safetysourcefire.ca\/?product=8qt-personal-cooler"]}]},{"@type":"ImageObject","inLanguage":"fr-CA","@id":"https:\/\/safetysourcefire.ca\/?product=8qt-personal-cooler#primaryimage","url":"https:\/\/safetysourcefire.ca\/wp-content\/uploads\/2023\/02\/pelican-8qt-hard-cooler-dark-gray-green-closed.jpg","contentUrl":"https:\/\/safetysourcefire.ca\/wp-content\/uploads\/2023\/02\/pelican-8qt-hard-cooler-dark-gray-green-closed.jpg","width":600,"height":600,"caption":"pelican 8q hard cooler"},{"@type":"BreadcrumbList","@id":"https:\/\/safetysourcefire.ca\/?product=8qt-personal-cooler#breadcrumb","itemListElement":[{"@type":"ListItem","position":1,"name":"Home","item":"https:\/\/safetysourcefire.ca\/"},{"@type":"ListItem","position":2,"name":"Products","item":"https:\/\/safetysourcefire.ca\/shop\/"},{"@type":"ListItem","position":3,"name":"8QT Personal Cooler"}]},{"@type":"WebSite","@id":"https:\/\/safetysourcefire.ca\/#website","url":"https:\/\/safetysourcefire.ca\/","name":"Safety Source Fire","description":"","publisher":{"@id":"https:\/\/safetysourcefire.ca\/#organization"},"potentialAction":[{"@type":"SearchAction","target":{"@type":"EntryPoint","urlTemplate":"https:\/\/safetysourcefire.ca\/?s={search_term_string}"},"query-input":{"@type":"PropertyValueSpecification","valueRequired":true,"valueName":"search_term_string"}}],"inLanguage":"fr-CA"},{"@type":"Organization","@id":"https:\/\/safetysourcefire.ca\/#organization","name":"Safety Source Fire","url":"https:\/\/safetysourcefire.ca\/","logo":{"@type":"ImageObject","inLanguage":"fr-CA","@id":"https:\/\/safetysourcefire.ca\/#\/schema\/logo\/image\/","url":"https:\/\/safetysourcefire.ca\/wp-content\/uploads\/2021\/01\/SSF_logo_CC0000-3.png","contentUrl":"https:\/\/safetysourcefire.ca\/wp-content\/uploads\/2021\/01\/SSF_logo_CC0000-3.png","width":1107,"height":365,"caption":"Safety Source Fire"},"image":{"@id":"https:\/\/safetysourcefire.ca\/#\/schema\/logo\/image\/"},"sameAs":["https:\/\/www.facebook.com\/mmfssca","https:\/\/x.com\/mmfssca"]}]}},"_links":{"self":[{"href":"https:\/\/safetysourcefire.ca\/fr\/wp-json\/wp\/v2\/product\/27370","targetHints":{"allow":["GET"]}}],"collection":[{"href":"https:\/\/safetysourcefire.ca\/fr\/wp-json\/wp\/v2\/product"}],"about":[{"href":"https:\/\/safetysourcefire.ca\/fr\/wp-json\/wp\/v2\/types\/product"}],"wp:featuredmedia":[{"embeddable":true,"href":"https:\/\/safetysourcefire.ca\/fr\/wp-json\/wp\/v2\/media\/27371"}],"wp:attachment":[{"href":"https:\/\/safetysourcefire.ca\/fr\/wp-json\/wp\/v2\/media?parent=27370"}],"wp:term":[{"taxonomy":"product_brand","embeddable":true,"href":"https:\/\/safetysourcefire.ca\/fr\/wp-json\/wp\/v2\/product_brand?post=27370"},{"taxonomy":"product_cat","embeddable":true,"href":"https:\/\/safetysourcefire.ca\/fr\/wp-json\/wp\/v2\/product_cat?post=27370"},{"taxonomy":"product_tag","embeddable":true,"href":"https:\/\/safetysourcefire.ca\/fr\/wp-json\/wp\/v2\/product_tag?post=27370"}],"curies":[{"name":"wp","href":"https:\/\/api.w.org\/{rel}","templated":true}]}}