{"id":2739,"date":"2017-06-13T22:49:41","date_gmt":"2017-06-13T22:49:41","guid":{"rendered":"http:\/\/mmfss.ca\/?post_type=product&#038;p=2739"},"modified":"2020-04-27T21:23:06","modified_gmt":"2020-04-27T21:23:06","slug":"self-educting-foam-nozzle","status":"publish","type":"product","link":"https:\/\/safetysourcefire.ca\/fr\/produit\/self-educting-foam-nozzle\/","title":{"rendered":"Lance \u00e0 mousse auto-agrippante 250, 350, 500, 750 gpm"},"content":{"rendered":"<p>Cette buse \u00e0 brouillard \u00e0 gallon fixe \u00e9valu\u00e9 \u00e0 100 psi (7 bars) est disponible avec votre choix de 250, 350, 500 ou 750 gpm (950, 1300, 2000, 3000 l\/min). L'angle du brouillard est r\u00e9glable par l'utilisateur entre un brouillard large de 90\u00ba et un flux droit. Le d\u00e9flecteur de la buse s'enl\u00e8ve facilement pour rincer les d\u00e9bris. Le raccord pivotant standard est un filetage femelle 2,5\u2033 NH, NPSH ou BSP (65 mm). La g\u00e9om\u00e9trie d'\u00e9coulement simple (brevet en instance) peut \u00e9vacuer l'\u00e9mulseur \u00e0 0,5%, 1%, 3% ou 6% sans avoir peur de boucher de petits passages. Le pourcentage est facilement r\u00e9gl\u00e9 avec une plaque \u00e0 orifice interchangeable. Un jeu de plaques \u00e0 orifice en mousse calibr\u00e9 est inclus. La buse est livr\u00e9e avec un tuyau \u00e0 concentr\u00e9 de qualit\u00e9 industrielle r\u00e9sistant aux UV de 8 pieds de long, de 1,5 po de diam\u00e8tre (2,4 mx 38 mm), avec un raccord de verrouillage pour une fixation rapide et s\u00e9cure \u00e0 la buse. La conception simple et efficace ne n\u00e9cessite aucune graisse ou autre entretien particulier. L'anneau halo\/formeur de flux est fabriqu\u00e9 \u00e0 partir d'un polym\u00e8re r\u00e9sistant aux hautes temp\u00e9ratures, non corrosif. L'amortisseur en caoutchouc est r\u00e9sistant aux UV. La buse auto-extractible MASTER FOAM est disponible en aluminium anodis\u00e9 dur ANSI A356.0.T6. Toutes les buses MASTER FOAM sont compatibles avec l'accessoire d'aspiration d'air \u00e0 faible expansion FJ-LX-M FOAMJET.<\/p>","protected":false},"excerpt":{"rendered":"<p>La lance MASTER FOAM de Task Force Tips est une lance en mousse auto-\u00e9ductrice simple et robuste avec une qualit\u00e9 de jet et une port\u00e9e sup\u00e9rieures.<\/p>","protected":false},"featured_media":2413,"template":"","meta":[],"product_brand":[179],"product_cat":[44,63,66],"product_tag":[355,354],"class_list":{"0":"post-2739","1":"product","2":"type-product","3":"status-publish","4":"has-post-thumbnail","6":"product_brand-tft","7":"product_cat-fire-suppression","8":"product_cat-foam","9":"product_cat-nozzles-monitors","10":"product_tag-task-force-tips","11":"product_tag-tft","13":"first","14":"instock","15":"shipping-taxable","16":"product-type-simple"},"yoast_head":"<!-- This site is optimized with the Yoast SEO plugin v27.5 - https:\/\/yoast.com\/product\/yoast-seo-wordpress\/ -->\n<title>Self-Educting Foam Nozzle 250, 350, 500, 750 gpm - Safety Source Fire<\/title>\n<meta name=\"robots\" content=\"index, follow, max-snippet:-1, max-image-preview:large, max-video-preview:-1\" \/>\n<link rel=\"canonical\" href=\"https:\/\/safetysourcefire.ca\/fr\/produit\/self-educting-foam-nozzle\/\" \/>\n<meta property=\"og:locale\" content=\"fr_CA\" \/>\n<meta property=\"og:type\" content=\"article\" \/>\n<meta property=\"og:title\" content=\"Self-Educting Foam Nozzle 250, 350, 500, 750 gpm - Safety Source Fire\" \/>\n<meta property=\"og:description\" content=\"The Task Force Tips&#039; MASTER FOAM nozzle is a simple and rugged self-educting foam nozzle with superior stream quality and reach.\" \/>\n<meta property=\"og:url\" content=\"https:\/\/safetysourcefire.ca\/fr\/produit\/self-educting-foam-nozzle\/\" \/>\n<meta property=\"og:site_name\" content=\"Safety Source Fire\" \/>\n<meta property=\"article:publisher\" content=\"https:\/\/www.facebook.com\/mmfssca\" \/>\n<meta property=\"article:modified_time\" content=\"2020-04-27T21:23:06+00:00\" \/>\n<meta property=\"og:image\" content=\"https:\/\/safetysourcefire.ca\/wp-content\/uploads\/2017\/06\/ZMF12A.jpg\" \/>\n\t<meta property=\"og:image:width\" content=\"600\" \/>\n\t<meta property=\"og:image:height\" content=\"600\" \/>\n\t<meta property=\"og:image:type\" content=\"image\/jpeg\" \/>\n<meta name=\"twitter:card\" content=\"summary_large_image\" \/>\n<meta name=\"twitter:site\" content=\"@mmfssca\" \/>\n<meta name=\"twitter:label1\" content=\"Estimation du temps de lecture\" \/>\n\t<meta name=\"twitter:data1\" content=\"1 minute\" \/>\n<script type=\"application\/ld+json\" class=\"yoast-schema-graph\">{\"@context\":\"https:\\\/\\\/schema.org\",\"@graph\":[{\"@type\":\"WebPage\",\"@id\":\"https:\\\/\\\/safetysourcefire.ca\\\/product\\\/self-educting-foam-nozzle\\\/\",\"url\":\"https:\\\/\\\/safetysourcefire.ca\\\/product\\\/self-educting-foam-nozzle\\\/\",\"name\":\"Self-Educting Foam Nozzle 250, 350, 500, 750 gpm - Safety Source Fire\",\"isPartOf\":{\"@id\":\"https:\\\/\\\/safetysourcefire.ca\\\/#website\"},\"primaryImageOfPage\":{\"@id\":\"https:\\\/\\\/safetysourcefire.ca\\\/product\\\/self-educting-foam-nozzle\\\/#primaryimage\"},\"image\":{\"@id\":\"https:\\\/\\\/safetysourcefire.ca\\\/product\\\/self-educting-foam-nozzle\\\/#primaryimage\"},\"thumbnailUrl\":\"https:\\\/\\\/safetysourcefire.ca\\\/wp-content\\\/uploads\\\/2017\\\/06\\\/ZMF12A.jpg\",\"datePublished\":\"2017-06-13T22:49:41+00:00\",\"dateModified\":\"2020-04-27T21:23:06+00:00\",\"breadcrumb\":{\"@id\":\"https:\\\/\\\/safetysourcefire.ca\\\/product\\\/self-educting-foam-nozzle\\\/#breadcrumb\"},\"inLanguage\":\"fr-CA\",\"potentialAction\":[{\"@type\":\"ReadAction\",\"target\":[\"https:\\\/\\\/safetysourcefire.ca\\\/product\\\/self-educting-foam-nozzle\\\/\"]}]},{\"@type\":\"ImageObject\",\"inLanguage\":\"fr-CA\",\"@id\":\"https:\\\/\\\/safetysourcefire.ca\\\/product\\\/self-educting-foam-nozzle\\\/#primaryimage\",\"url\":\"https:\\\/\\\/safetysourcefire.ca\\\/wp-content\\\/uploads\\\/2017\\\/06\\\/ZMF12A.jpg\",\"contentUrl\":\"https:\\\/\\\/safetysourcefire.ca\\\/wp-content\\\/uploads\\\/2017\\\/06\\\/ZMF12A.jpg\",\"width\":600,\"height\":600,\"caption\":\"Self-Educting Foam Nozzle\"},{\"@type\":\"BreadcrumbList\",\"@id\":\"https:\\\/\\\/safetysourcefire.ca\\\/product\\\/self-educting-foam-nozzle\\\/#breadcrumb\",\"itemListElement\":[{\"@type\":\"ListItem\",\"position\":1,\"name\":\"Home\",\"item\":\"https:\\\/\\\/safetysourcefire.ca\\\/\"},{\"@type\":\"ListItem\",\"position\":2,\"name\":\"Products\",\"item\":\"https:\\\/\\\/safetysourcefire.ca\\\/shop\\\/\"},{\"@type\":\"ListItem\",\"position\":3,\"name\":\"Self-Educting Foam Nozzle 250, 350, 500, 750 gpm\"}]},{\"@type\":\"WebSite\",\"@id\":\"https:\\\/\\\/safetysourcefire.ca\\\/#website\",\"url\":\"https:\\\/\\\/safetysourcefire.ca\\\/\",\"name\":\"Safety Source Fire\",\"description\":\"\",\"publisher\":{\"@id\":\"https:\\\/\\\/safetysourcefire.ca\\\/#organization\"},\"potentialAction\":[{\"@type\":\"SearchAction\",\"target\":{\"@type\":\"EntryPoint\",\"urlTemplate\":\"https:\\\/\\\/safetysourcefire.ca\\\/?s={search_term_string}\"},\"query-input\":{\"@type\":\"PropertyValueSpecification\",\"valueRequired\":true,\"valueName\":\"search_term_string\"}}],\"inLanguage\":\"fr-CA\"},{\"@type\":\"Organization\",\"@id\":\"https:\\\/\\\/safetysourcefire.ca\\\/#organization\",\"name\":\"Safety Source Fire\",\"url\":\"https:\\\/\\\/safetysourcefire.ca\\\/\",\"logo\":{\"@type\":\"ImageObject\",\"inLanguage\":\"fr-CA\",\"@id\":\"https:\\\/\\\/safetysourcefire.ca\\\/#\\\/schema\\\/logo\\\/image\\\/\",\"url\":\"https:\\\/\\\/safetysourcefire.ca\\\/wp-content\\\/uploads\\\/2021\\\/01\\\/SSF_logo_CC0000-3.png\",\"contentUrl\":\"https:\\\/\\\/safetysourcefire.ca\\\/wp-content\\\/uploads\\\/2021\\\/01\\\/SSF_logo_CC0000-3.png\",\"width\":1107,\"height\":365,\"caption\":\"Safety Source Fire\"},\"image\":{\"@id\":\"https:\\\/\\\/safetysourcefire.ca\\\/#\\\/schema\\\/logo\\\/image\\\/\"},\"sameAs\":[\"https:\\\/\\\/www.facebook.com\\\/mmfssca\",\"https:\\\/\\\/x.com\\\/mmfssca\"]}]}<\/script>\n<!-- \/ Yoast SEO plugin. -->","yoast_head_json":{"title":"Lance \u00e0 mousse auto-\u00e9jectrice 250, 350, 500, 750 gpm - Safety Source Fire","robots":{"index":"index","follow":"follow","max-snippet":"max-snippet:-1","max-image-preview":"max-image-preview:large","max-video-preview":"max-video-preview:-1"},"canonical":"https:\/\/safetysourcefire.ca\/fr\/produit\/self-educting-foam-nozzle\/","og_locale":"fr_CA","og_type":"article","og_title":"Self-Educting Foam Nozzle 250, 350, 500, 750 gpm - Safety Source Fire","og_description":"The Task Force Tips' MASTER FOAM nozzle is a simple and rugged self-educting foam nozzle with superior stream quality and reach.","og_url":"https:\/\/safetysourcefire.ca\/fr\/produit\/self-educting-foam-nozzle\/","og_site_name":"Safety Source Fire","article_publisher":"https:\/\/www.facebook.com\/mmfssca","article_modified_time":"2020-04-27T21:23:06+00:00","og_image":[{"width":600,"height":600,"url":"https:\/\/safetysourcefire.ca\/wp-content\/uploads\/2017\/06\/ZMF12A.jpg","type":"image\/jpeg"}],"twitter_card":"summary_large_image","twitter_site":"@mmfssca","twitter_misc":{"Estimation du temps de lecture":"1 minute"},"schema":{"@context":"https:\/\/schema.org","@graph":[{"@type":"WebPage","@id":"https:\/\/safetysourcefire.ca\/product\/self-educting-foam-nozzle\/","url":"https:\/\/safetysourcefire.ca\/product\/self-educting-foam-nozzle\/","name":"Lance \u00e0 mousse auto-\u00e9jectrice 250, 350, 500, 750 gpm - Safety Source Fire","isPartOf":{"@id":"https:\/\/safetysourcefire.ca\/#website"},"primaryImageOfPage":{"@id":"https:\/\/safetysourcefire.ca\/product\/self-educting-foam-nozzle\/#primaryimage"},"image":{"@id":"https:\/\/safetysourcefire.ca\/product\/self-educting-foam-nozzle\/#primaryimage"},"thumbnailUrl":"https:\/\/safetysourcefire.ca\/wp-content\/uploads\/2017\/06\/ZMF12A.jpg","datePublished":"2017-06-13T22:49:41+00:00","dateModified":"2020-04-27T21:23:06+00:00","breadcrumb":{"@id":"https:\/\/safetysourcefire.ca\/product\/self-educting-foam-nozzle\/#breadcrumb"},"inLanguage":"fr-CA","potentialAction":[{"@type":"ReadAction","target":["https:\/\/safetysourcefire.ca\/product\/self-educting-foam-nozzle\/"]}]},{"@type":"ImageObject","inLanguage":"fr-CA","@id":"https:\/\/safetysourcefire.ca\/product\/self-educting-foam-nozzle\/#primaryimage","url":"https:\/\/safetysourcefire.ca\/wp-content\/uploads\/2017\/06\/ZMF12A.jpg","contentUrl":"https:\/\/safetysourcefire.ca\/wp-content\/uploads\/2017\/06\/ZMF12A.jpg","width":600,"height":600,"caption":"Self-Educting Foam Nozzle"},{"@type":"BreadcrumbList","@id":"https:\/\/safetysourcefire.ca\/product\/self-educting-foam-nozzle\/#breadcrumb","itemListElement":[{"@type":"ListItem","position":1,"name":"Home","item":"https:\/\/safetysourcefire.ca\/"},{"@type":"ListItem","position":2,"name":"Products","item":"https:\/\/safetysourcefire.ca\/shop\/"},{"@type":"ListItem","position":3,"name":"Self-Educting Foam Nozzle 250, 350, 500, 750 gpm"}]},{"@type":"WebSite","@id":"https:\/\/safetysourcefire.ca\/#website","url":"https:\/\/safetysourcefire.ca\/","name":"Safety Source Fire","description":"","publisher":{"@id":"https:\/\/safetysourcefire.ca\/#organization"},"potentialAction":[{"@type":"SearchAction","target":{"@type":"EntryPoint","urlTemplate":"https:\/\/safetysourcefire.ca\/?s={search_term_string}"},"query-input":{"@type":"PropertyValueSpecification","valueRequired":true,"valueName":"search_term_string"}}],"inLanguage":"fr-CA"},{"@type":"Organization","@id":"https:\/\/safetysourcefire.ca\/#organization","name":"Safety Source Fire","url":"https:\/\/safetysourcefire.ca\/","logo":{"@type":"ImageObject","inLanguage":"fr-CA","@id":"https:\/\/safetysourcefire.ca\/#\/schema\/logo\/image\/","url":"https:\/\/safetysourcefire.ca\/wp-content\/uploads\/2021\/01\/SSF_logo_CC0000-3.png","contentUrl":"https:\/\/safetysourcefire.ca\/wp-content\/uploads\/2021\/01\/SSF_logo_CC0000-3.png","width":1107,"height":365,"caption":"Safety Source Fire"},"image":{"@id":"https:\/\/safetysourcefire.ca\/#\/schema\/logo\/image\/"},"sameAs":["https:\/\/www.facebook.com\/mmfssca","https:\/\/x.com\/mmfssca"]}]}},"_links":{"self":[{"href":"https:\/\/safetysourcefire.ca\/fr\/wp-json\/wp\/v2\/product\/2739","targetHints":{"allow":["GET"]}}],"collection":[{"href":"https:\/\/safetysourcefire.ca\/fr\/wp-json\/wp\/v2\/product"}],"about":[{"href":"https:\/\/safetysourcefire.ca\/fr\/wp-json\/wp\/v2\/types\/product"}],"wp:featuredmedia":[{"embeddable":true,"href":"https:\/\/safetysourcefire.ca\/fr\/wp-json\/wp\/v2\/media\/2413"}],"wp:attachment":[{"href":"https:\/\/safetysourcefire.ca\/fr\/wp-json\/wp\/v2\/media?parent=2739"}],"wp:term":[{"taxonomy":"product_brand","embeddable":true,"href":"https:\/\/safetysourcefire.ca\/fr\/wp-json\/wp\/v2\/product_brand?post=2739"},{"taxonomy":"product_cat","embeddable":true,"href":"https:\/\/safetysourcefire.ca\/fr\/wp-json\/wp\/v2\/product_cat?post=2739"},{"taxonomy":"product_tag","embeddable":true,"href":"https:\/\/safetysourcefire.ca\/fr\/wp-json\/wp\/v2\/product_tag?post=2739"}],"curies":[{"name":"wp","href":"https:\/\/api.w.org\/{rel}","templated":true}]}}