{"id":27393,"date":"2023-02-15T14:32:09","date_gmt":"2023-02-15T14:32:09","guid":{"rendered":"https:\/\/safetysourcefire.ca\/?post_type=product&#038;p=27393"},"modified":"2023-02-15T15:15:32","modified_gmt":"2023-02-15T15:15:32","slug":"3415-right-angle-light-2","status":"publish","type":"product","link":"https:\/\/safetysourcefire.ca\/fr\/produit\/3415-right-angle-light-2\/","title":{"rendered":"\u00c9clairage Pelican \u00e0 angle droit 3415"},"content":{"rendered":"<p>Le 3415 est la lampe de travail compacte certifi\u00e9e par s\u00e9curit\u00e9 ultime. Les certifications Classe I II III Division 1 offrent la s\u00e9curit\u00e9 n\u00e9cessaire pour la plupart des emplacements dangereux. Le 3415 est \u00e9quip\u00e9 \u00e0 la fois d&#039;une LED spot et d&#039;une LED Flood pour le gros plan et la distance, de sorte que vous pouvez avoir un \u00e9clairage \u00e9tendu dans la zone de travail imm\u00e9diate tout en p\u00e9n\u00e9trant l&#039;obscurit\u00e9 \u00e0 des centaines de m\u00e8tres. Il peut \u00eatre activ\u00e9 pour faire fonctionner une ou les deux LED avec 3 niveaux de luminosit\u00e9. La t\u00eate articul\u00e9e et le clip int\u00e9gr\u00e9 permettent de diriger la lumi\u00e8re l\u00e0 o\u00f9 elle est n\u00e9cessaire. L&#039;indicateur permanent du niveau de batterie garantit que vous saurez toujours o\u00f9 se trouve l&#039;\u00e9tat de votre batterie.<\/p>\n<p>Le Pelican 3415 - un outil d&#039;\u00e9clairage multit\u00e2che de qualit\u00e9 professionnelle qui vous aidera \u00e0 faire le travail - en toutes circonstances.<\/p>\n<ul>\n<li>336 lumens<\/li>\n<li>2 modes : spot, clignotant<\/li>\n<li>T\u00eate de lampe articul\u00e9e<\/li>\n<li>Pince d'attache<\/li>\n<li>Certifi\u00e9e de s\u00e9curit\u00e9 Classe I, Classe II, Classe III - Division 1<\/li>\n<li>Lani\u00e8re de s\u00e9curit\u00e9<\/li>\n<li>Anneau fendu install\u00e9<\/li>\n<li>Indication du niveau de batterie \u00e0 temps plein<\/li>\n<\/ul>","protected":false},"excerpt":{"rendered":"<p>La lampe de travail \u00e0 haute s\u00e9curit\u00e9 la plus polyvalente au monde.<\/p>","protected":false},"featured_media":27394,"template":"","meta":[],"product_brand":[146],"product_cat":[462,464,465,48,81],"product_tag":[330],"class_list":{"0":"post-27393","1":"product","2":"type-product","3":"status-publish","4":"has-post-thumbnail","6":"product_brand-pelican","7":"product_cat-emergency-preparedness","8":"product_cat-flood","9":"product_cat-hurricane","10":"product_cat-lighting","11":"product_cat-personal-lighting","12":"product_tag-pelican","14":"first","15":"instock","16":"shipping-taxable","17":"product-type-simple"},"yoast_head":"<!-- This site is optimized with the Yoast SEO plugin v27.4 - https:\/\/yoast.com\/product\/yoast-seo-wordpress\/ -->\n<title>3415 Right Angle Light - Safety Source Fire<\/title>\n<meta name=\"robots\" content=\"index, follow, max-snippet:-1, max-image-preview:large, max-video-preview:-1\" \/>\n<link rel=\"canonical\" href=\"https:\/\/safetysourcefire.ca\/fr\/?product=3415-right-angle-light-2\" \/>\n<meta property=\"og:locale\" content=\"fr_CA\" \/>\n<meta property=\"og:type\" content=\"article\" \/>\n<meta property=\"og:title\" content=\"3415 Right Angle Light - Safety Source Fire\" \/>\n<meta property=\"og:description\" content=\"The most versatile intrinsically safe work light in the world.\" \/>\n<meta property=\"og:url\" content=\"https:\/\/safetysourcefire.ca\/fr\/?product=3415-right-angle-light-2\" \/>\n<meta property=\"og:site_name\" content=\"Safety Source Fire\" \/>\n<meta property=\"article:publisher\" content=\"https:\/\/www.facebook.com\/mmfssca\" \/>\n<meta property=\"article:modified_time\" content=\"2023-02-15T15:15:32+00:00\" \/>\n<meta property=\"og:image\" content=\"https:\/\/safetysourcefire.ca\/wp-content\/uploads\/2023\/02\/pelican-3415-3415m-right-angle-led-flashlight.jpg\" \/>\n\t<meta property=\"og:image:width\" content=\"600\" \/>\n\t<meta property=\"og:image:height\" content=\"600\" \/>\n\t<meta property=\"og:image:type\" content=\"image\/jpeg\" \/>\n<meta name=\"twitter:card\" content=\"summary_large_image\" \/>\n<meta name=\"twitter:site\" content=\"@mmfssca\" \/>\n<meta name=\"twitter:label1\" content=\"Estimation du temps de lecture\" \/>\n\t<meta name=\"twitter:data1\" content=\"1 minute\" \/>\n<script type=\"application\/ld+json\" class=\"yoast-schema-graph\">{\"@context\":\"https:\\\/\\\/schema.org\",\"@graph\":[{\"@type\":\"WebPage\",\"@id\":\"https:\\\/\\\/safetysourcefire.ca\\\/?product=3415-right-angle-light-2\",\"url\":\"https:\\\/\\\/safetysourcefire.ca\\\/?product=3415-right-angle-light-2\",\"name\":\"3415 Right Angle Light - Safety Source Fire\",\"isPartOf\":{\"@id\":\"https:\\\/\\\/safetysourcefire.ca\\\/#website\"},\"primaryImageOfPage\":{\"@id\":\"https:\\\/\\\/safetysourcefire.ca\\\/?product=3415-right-angle-light-2#primaryimage\"},\"image\":{\"@id\":\"https:\\\/\\\/safetysourcefire.ca\\\/?product=3415-right-angle-light-2#primaryimage\"},\"thumbnailUrl\":\"https:\\\/\\\/safetysourcefire.ca\\\/wp-content\\\/uploads\\\/2023\\\/02\\\/pelican-3415-3415m-right-angle-led-flashlight.jpg\",\"datePublished\":\"2023-02-15T14:32:09+00:00\",\"dateModified\":\"2023-02-15T15:15:32+00:00\",\"breadcrumb\":{\"@id\":\"https:\\\/\\\/safetysourcefire.ca\\\/?product=3415-right-angle-light-2#breadcrumb\"},\"inLanguage\":\"fr-CA\",\"potentialAction\":[{\"@type\":\"ReadAction\",\"target\":[\"https:\\\/\\\/safetysourcefire.ca\\\/?product=3415-right-angle-light-2\"]}]},{\"@type\":\"ImageObject\",\"inLanguage\":\"fr-CA\",\"@id\":\"https:\\\/\\\/safetysourcefire.ca\\\/?product=3415-right-angle-light-2#primaryimage\",\"url\":\"https:\\\/\\\/safetysourcefire.ca\\\/wp-content\\\/uploads\\\/2023\\\/02\\\/pelican-3415-3415m-right-angle-led-flashlight.jpg\",\"contentUrl\":\"https:\\\/\\\/safetysourcefire.ca\\\/wp-content\\\/uploads\\\/2023\\\/02\\\/pelican-3415-3415m-right-angle-led-flashlight.jpg\",\"width\":600,\"height\":600,\"caption\":\"3415 flashlight\"},{\"@type\":\"BreadcrumbList\",\"@id\":\"https:\\\/\\\/safetysourcefire.ca\\\/?product=3415-right-angle-light-2#breadcrumb\",\"itemListElement\":[{\"@type\":\"ListItem\",\"position\":1,\"name\":\"Home\",\"item\":\"https:\\\/\\\/safetysourcefire.ca\\\/\"},{\"@type\":\"ListItem\",\"position\":2,\"name\":\"Products\",\"item\":\"https:\\\/\\\/safetysourcefire.ca\\\/shop\\\/\"},{\"@type\":\"ListItem\",\"position\":3,\"name\":\"3415 Right Angle Light\"}]},{\"@type\":\"WebSite\",\"@id\":\"https:\\\/\\\/safetysourcefire.ca\\\/#website\",\"url\":\"https:\\\/\\\/safetysourcefire.ca\\\/\",\"name\":\"Safety Source Fire\",\"description\":\"\",\"publisher\":{\"@id\":\"https:\\\/\\\/safetysourcefire.ca\\\/#organization\"},\"potentialAction\":[{\"@type\":\"SearchAction\",\"target\":{\"@type\":\"EntryPoint\",\"urlTemplate\":\"https:\\\/\\\/safetysourcefire.ca\\\/?s={search_term_string}\"},\"query-input\":{\"@type\":\"PropertyValueSpecification\",\"valueRequired\":true,\"valueName\":\"search_term_string\"}}],\"inLanguage\":\"fr-CA\"},{\"@type\":\"Organization\",\"@id\":\"https:\\\/\\\/safetysourcefire.ca\\\/#organization\",\"name\":\"Safety Source Fire\",\"url\":\"https:\\\/\\\/safetysourcefire.ca\\\/\",\"logo\":{\"@type\":\"ImageObject\",\"inLanguage\":\"fr-CA\",\"@id\":\"https:\\\/\\\/safetysourcefire.ca\\\/#\\\/schema\\\/logo\\\/image\\\/\",\"url\":\"https:\\\/\\\/safetysourcefire.ca\\\/wp-content\\\/uploads\\\/2021\\\/01\\\/SSF_logo_CC0000-3.png\",\"contentUrl\":\"https:\\\/\\\/safetysourcefire.ca\\\/wp-content\\\/uploads\\\/2021\\\/01\\\/SSF_logo_CC0000-3.png\",\"width\":1107,\"height\":365,\"caption\":\"Safety Source Fire\"},\"image\":{\"@id\":\"https:\\\/\\\/safetysourcefire.ca\\\/#\\\/schema\\\/logo\\\/image\\\/\"},\"sameAs\":[\"https:\\\/\\\/www.facebook.com\\\/mmfssca\",\"https:\\\/\\\/x.com\\\/mmfssca\"]}]}<\/script>\n<!-- \/ Yoast SEO plugin. -->","yoast_head_json":{"title":"3415 Lumi\u00e8re \u00e0 angle droit - Source de s\u00e9curit\u00e9 incendie","robots":{"index":"index","follow":"follow","max-snippet":"max-snippet:-1","max-image-preview":"max-image-preview:large","max-video-preview":"max-video-preview:-1"},"canonical":"https:\/\/safetysourcefire.ca\/fr\/?product=3415-right-angle-light-2","og_locale":"fr_CA","og_type":"article","og_title":"3415 Right Angle Light - Safety Source Fire","og_description":"The most versatile intrinsically safe work light in the world.","og_url":"https:\/\/safetysourcefire.ca\/fr\/?product=3415-right-angle-light-2","og_site_name":"Safety Source Fire","article_publisher":"https:\/\/www.facebook.com\/mmfssca","article_modified_time":"2023-02-15T15:15:32+00:00","og_image":[{"width":600,"height":600,"url":"https:\/\/safetysourcefire.ca\/wp-content\/uploads\/2023\/02\/pelican-3415-3415m-right-angle-led-flashlight.jpg","type":"image\/jpeg"}],"twitter_card":"summary_large_image","twitter_site":"@mmfssca","twitter_misc":{"Estimation du temps de lecture":"1 minute"},"schema":{"@context":"https:\/\/schema.org","@graph":[{"@type":"WebPage","@id":"https:\/\/safetysourcefire.ca\/?product=3415-right-angle-light-2","url":"https:\/\/safetysourcefire.ca\/?product=3415-right-angle-light-2","name":"3415 Lumi\u00e8re \u00e0 angle droit - Source de s\u00e9curit\u00e9 incendie","isPartOf":{"@id":"https:\/\/safetysourcefire.ca\/#website"},"primaryImageOfPage":{"@id":"https:\/\/safetysourcefire.ca\/?product=3415-right-angle-light-2#primaryimage"},"image":{"@id":"https:\/\/safetysourcefire.ca\/?product=3415-right-angle-light-2#primaryimage"},"thumbnailUrl":"https:\/\/safetysourcefire.ca\/wp-content\/uploads\/2023\/02\/pelican-3415-3415m-right-angle-led-flashlight.jpg","datePublished":"2023-02-15T14:32:09+00:00","dateModified":"2023-02-15T15:15:32+00:00","breadcrumb":{"@id":"https:\/\/safetysourcefire.ca\/?product=3415-right-angle-light-2#breadcrumb"},"inLanguage":"fr-CA","potentialAction":[{"@type":"ReadAction","target":["https:\/\/safetysourcefire.ca\/?product=3415-right-angle-light-2"]}]},{"@type":"ImageObject","inLanguage":"fr-CA","@id":"https:\/\/safetysourcefire.ca\/?product=3415-right-angle-light-2#primaryimage","url":"https:\/\/safetysourcefire.ca\/wp-content\/uploads\/2023\/02\/pelican-3415-3415m-right-angle-led-flashlight.jpg","contentUrl":"https:\/\/safetysourcefire.ca\/wp-content\/uploads\/2023\/02\/pelican-3415-3415m-right-angle-led-flashlight.jpg","width":600,"height":600,"caption":"3415 flashlight"},{"@type":"BreadcrumbList","@id":"https:\/\/safetysourcefire.ca\/?product=3415-right-angle-light-2#breadcrumb","itemListElement":[{"@type":"ListItem","position":1,"name":"Home","item":"https:\/\/safetysourcefire.ca\/"},{"@type":"ListItem","position":2,"name":"Products","item":"https:\/\/safetysourcefire.ca\/shop\/"},{"@type":"ListItem","position":3,"name":"3415 Right Angle Light"}]},{"@type":"WebSite","@id":"https:\/\/safetysourcefire.ca\/#website","url":"https:\/\/safetysourcefire.ca\/","name":"Safety Source Fire","description":"","publisher":{"@id":"https:\/\/safetysourcefire.ca\/#organization"},"potentialAction":[{"@type":"SearchAction","target":{"@type":"EntryPoint","urlTemplate":"https:\/\/safetysourcefire.ca\/?s={search_term_string}"},"query-input":{"@type":"PropertyValueSpecification","valueRequired":true,"valueName":"search_term_string"}}],"inLanguage":"fr-CA"},{"@type":"Organization","@id":"https:\/\/safetysourcefire.ca\/#organization","name":"Safety Source Fire","url":"https:\/\/safetysourcefire.ca\/","logo":{"@type":"ImageObject","inLanguage":"fr-CA","@id":"https:\/\/safetysourcefire.ca\/#\/schema\/logo\/image\/","url":"https:\/\/safetysourcefire.ca\/wp-content\/uploads\/2021\/01\/SSF_logo_CC0000-3.png","contentUrl":"https:\/\/safetysourcefire.ca\/wp-content\/uploads\/2021\/01\/SSF_logo_CC0000-3.png","width":1107,"height":365,"caption":"Safety Source Fire"},"image":{"@id":"https:\/\/safetysourcefire.ca\/#\/schema\/logo\/image\/"},"sameAs":["https:\/\/www.facebook.com\/mmfssca","https:\/\/x.com\/mmfssca"]}]}},"_links":{"self":[{"href":"https:\/\/safetysourcefire.ca\/fr\/wp-json\/wp\/v2\/product\/27393","targetHints":{"allow":["GET"]}}],"collection":[{"href":"https:\/\/safetysourcefire.ca\/fr\/wp-json\/wp\/v2\/product"}],"about":[{"href":"https:\/\/safetysourcefire.ca\/fr\/wp-json\/wp\/v2\/types\/product"}],"wp:featuredmedia":[{"embeddable":true,"href":"https:\/\/safetysourcefire.ca\/fr\/wp-json\/wp\/v2\/media\/27394"}],"wp:attachment":[{"href":"https:\/\/safetysourcefire.ca\/fr\/wp-json\/wp\/v2\/media?parent=27393"}],"wp:term":[{"taxonomy":"product_brand","embeddable":true,"href":"https:\/\/safetysourcefire.ca\/fr\/wp-json\/wp\/v2\/product_brand?post=27393"},{"taxonomy":"product_cat","embeddable":true,"href":"https:\/\/safetysourcefire.ca\/fr\/wp-json\/wp\/v2\/product_cat?post=27393"},{"taxonomy":"product_tag","embeddable":true,"href":"https:\/\/safetysourcefire.ca\/fr\/wp-json\/wp\/v2\/product_tag?post=27393"}],"curies":[{"name":"wp","href":"https:\/\/api.w.org\/{rel}","templated":true}]}}