{"id":27404,"date":"2023-02-15T14:55:35","date_gmt":"2023-02-15T14:55:35","guid":{"rendered":"https:\/\/safetysourcefire.ca\/?post_type=product&#038;p=27404"},"modified":"2023-03-30T13:23:21","modified_gmt":"2023-03-30T13:23:21","slug":"9050-flashlight","status":"publish","type":"product","link":"https:\/\/safetysourcefire.ca\/fr\/produit\/9050-flashlight\/","title":{"rendered":"9050 Lampe de poche"},"content":{"rendered":"<p>Le 9050 comprend la premi\u00e8re technologie de l&#039;industrie - Le syst\u00e8me de batterie flexible vous permet de choisir entre Li-ion, AA alcaline ou AA NiMH pour faire fonctionner la lumi\u00e8re. Quatre emplacements de batterie vous permettent de maximiser l&#039;autonomie. Le syst\u00e8me de batterie \u00e0 changement rapide signifie que vous disposez d&#039;un \u00e9clairage continu pour faire le travail. Choisissez entre les modes spot, flood, spot\/flood ou clignotant pour trouver le bon faisceau pour votre travail. La t\u00eate de spot\/projecteur produit jusqu&#039;\u00e0 3369 lumens sans avoir besoin de diffuseurs ou d&#039;accessoires afin que vous puissiez choisir rapidement le bon type de faisceau pour votre travail. Une base de chargeur repens\u00e9e rend le montage et le d\u00e9montage de la lanterne rapides et faciles. Les feux arri\u00e8re aux couleurs r\u00e9glables rendent la notification ou l&#039;identification aussi simple que d&#039;appuyer sur l&#039;interrupteur d\u00e9di\u00e9.<\/p>\n<p>Le Pelican 9050 offre l&#039;innovation, la durabilit\u00e9 et les meilleures performances de sa cat\u00e9gorie que vous attendez de Pelican.<\/p>\n<ul>\n<li>3369 lumens<\/li>\n<li>Syst\u00e8me de batterie flexible pouvant fonctionner sur des batteries Li-ion, des piles alcalines AA ou NiMH AA<\/li>\n<li>4 emplacements de batterie pour prolonger l&#039;autonomie ou r\u00e9duire le poids<\/li>\n<li>Modes Spot, Flood, Spot\/Flood et Clignotant<\/li>\n<li>3369 lumens de puissance lumineuse maximale<\/li>\n<li>La base de chargeur pratique permet un montage et un d\u00e9montage rapides<\/li>\n<li>Feux arri\u00e8re avec interrupteur d\u00e9di\u00e9 et couleurs r\u00e9glables (Vert, Bleu, Rouge)<\/li>\n<li>Classement IP67<\/li>\n<li>Activation de l&#039;interrupteur compatible avec les gants<\/li>\n<li>Base large pour la stabilit\u00e9<\/li>\n<li>Commutateur d&#039;indicateur d&#039;\u00e9tat de la batterie<\/li>\n<li>Approuv\u00e9 NFPA (National Fire Protection Association) 1901<\/li>\n<\/ul>\n<p><iframe loading=\"lazy\" title=\"lecteur vid\u00e9o YouTube\" src=\"https:\/\/www.youtube.com\/embed\/zo-SggwpfVY\" width=\"560\" height=\"315\" frameborder=\"0\" allowfullscreen=\"allowfullscreen\"><\/iframe><\/p>","protected":false},"excerpt":{"rendered":"<p>La nouvelle lanterne 9050 est la nouvelle g\u00e9n\u00e9ration d&#039;\u00e9clairage haute performance Pelican.<\/p>","protected":false},"featured_media":27416,"template":"","meta":[],"product_brand":[146],"product_cat":[462,464,465,48,81,80],"product_tag":[330],"class_list":{"0":"post-27404","1":"product","2":"type-product","3":"status-publish","4":"has-post-thumbnail","6":"product_brand-pelican","7":"product_cat-emergency-preparedness","8":"product_cat-flood","9":"product_cat-hurricane","10":"product_cat-lighting","11":"product_cat-personal-lighting","12":"product_cat-scene-lighting","13":"product_tag-pelican","15":"first","16":"instock","17":"shipping-taxable","18":"product-type-simple"},"yoast_head":"<!-- This site is optimized with the Yoast SEO plugin v27.4 - https:\/\/yoast.com\/product\/yoast-seo-wordpress\/ -->\n<title>9050 Flashlight - Safety Source Fire<\/title>\n<meta name=\"robots\" content=\"index, follow, max-snippet:-1, max-image-preview:large, max-video-preview:-1\" \/>\n<link rel=\"canonical\" href=\"https:\/\/safetysourcefire.ca\/fr\/?product=9050-flashlight\" \/>\n<meta property=\"og:locale\" content=\"fr_CA\" \/>\n<meta property=\"og:type\" content=\"article\" \/>\n<meta property=\"og:title\" content=\"9050 Flashlight - Safety Source Fire\" \/>\n<meta property=\"og:description\" content=\"The new 9050 lantern is the next generation of Pelican High Performance lighting.\" \/>\n<meta property=\"og:url\" content=\"https:\/\/safetysourcefire.ca\/fr\/?product=9050-flashlight\" \/>\n<meta property=\"og:site_name\" content=\"Safety Source Fire\" \/>\n<meta property=\"article:publisher\" content=\"https:\/\/www.facebook.com\/mmfssca\" \/>\n<meta property=\"article:modified_time\" content=\"2023-03-30T13:23:21+00:00\" \/>\n<meta property=\"og:image\" content=\"https:\/\/safetysourcefire.ca\/wp-content\/uploads\/2023\/02\/pelican-flashlight-9050-bright-led-light-1.jpg\" \/>\n\t<meta property=\"og:image:width\" content=\"600\" \/>\n\t<meta property=\"og:image:height\" content=\"600\" \/>\n\t<meta property=\"og:image:type\" content=\"image\/jpeg\" \/>\n<meta name=\"twitter:card\" content=\"summary_large_image\" \/>\n<meta name=\"twitter:site\" content=\"@mmfssca\" \/>\n<meta name=\"twitter:label1\" content=\"Estimation du temps de lecture\" \/>\n\t<meta name=\"twitter:data1\" content=\"1 minute\" \/>\n<script type=\"application\/ld+json\" class=\"yoast-schema-graph\">{\"@context\":\"https:\\\/\\\/schema.org\",\"@graph\":[{\"@type\":\"WebPage\",\"@id\":\"https:\\\/\\\/safetysourcefire.ca\\\/?product=9050-flashlight\",\"url\":\"https:\\\/\\\/safetysourcefire.ca\\\/?product=9050-flashlight\",\"name\":\"9050 Flashlight - Safety Source Fire\",\"isPartOf\":{\"@id\":\"https:\\\/\\\/safetysourcefire.ca\\\/#website\"},\"primaryImageOfPage\":{\"@id\":\"https:\\\/\\\/safetysourcefire.ca\\\/?product=9050-flashlight#primaryimage\"},\"image\":{\"@id\":\"https:\\\/\\\/safetysourcefire.ca\\\/?product=9050-flashlight#primaryimage\"},\"thumbnailUrl\":\"https:\\\/\\\/safetysourcefire.ca\\\/wp-content\\\/uploads\\\/2023\\\/02\\\/pelican-flashlight-9050-bright-led-light-1.jpg\",\"datePublished\":\"2023-02-15T14:55:35+00:00\",\"dateModified\":\"2023-03-30T13:23:21+00:00\",\"breadcrumb\":{\"@id\":\"https:\\\/\\\/safetysourcefire.ca\\\/?product=9050-flashlight#breadcrumb\"},\"inLanguage\":\"fr-CA\",\"potentialAction\":[{\"@type\":\"ReadAction\",\"target\":[\"https:\\\/\\\/safetysourcefire.ca\\\/?product=9050-flashlight\"]}]},{\"@type\":\"ImageObject\",\"inLanguage\":\"fr-CA\",\"@id\":\"https:\\\/\\\/safetysourcefire.ca\\\/?product=9050-flashlight#primaryimage\",\"url\":\"https:\\\/\\\/safetysourcefire.ca\\\/wp-content\\\/uploads\\\/2023\\\/02\\\/pelican-flashlight-9050-bright-led-light-1.jpg\",\"contentUrl\":\"https:\\\/\\\/safetysourcefire.ca\\\/wp-content\\\/uploads\\\/2023\\\/02\\\/pelican-flashlight-9050-bright-led-light-1.jpg\",\"width\":600,\"height\":600,\"caption\":\"9050 flashlight\"},{\"@type\":\"BreadcrumbList\",\"@id\":\"https:\\\/\\\/safetysourcefire.ca\\\/?product=9050-flashlight#breadcrumb\",\"itemListElement\":[{\"@type\":\"ListItem\",\"position\":1,\"name\":\"Home\",\"item\":\"https:\\\/\\\/safetysourcefire.ca\\\/\"},{\"@type\":\"ListItem\",\"position\":2,\"name\":\"Products\",\"item\":\"https:\\\/\\\/safetysourcefire.ca\\\/shop\\\/\"},{\"@type\":\"ListItem\",\"position\":3,\"name\":\"9050 Flashlight\"}]},{\"@type\":\"WebSite\",\"@id\":\"https:\\\/\\\/safetysourcefire.ca\\\/#website\",\"url\":\"https:\\\/\\\/safetysourcefire.ca\\\/\",\"name\":\"Safety Source Fire\",\"description\":\"\",\"publisher\":{\"@id\":\"https:\\\/\\\/safetysourcefire.ca\\\/#organization\"},\"potentialAction\":[{\"@type\":\"SearchAction\",\"target\":{\"@type\":\"EntryPoint\",\"urlTemplate\":\"https:\\\/\\\/safetysourcefire.ca\\\/?s={search_term_string}\"},\"query-input\":{\"@type\":\"PropertyValueSpecification\",\"valueRequired\":true,\"valueName\":\"search_term_string\"}}],\"inLanguage\":\"fr-CA\"},{\"@type\":\"Organization\",\"@id\":\"https:\\\/\\\/safetysourcefire.ca\\\/#organization\",\"name\":\"Safety Source Fire\",\"url\":\"https:\\\/\\\/safetysourcefire.ca\\\/\",\"logo\":{\"@type\":\"ImageObject\",\"inLanguage\":\"fr-CA\",\"@id\":\"https:\\\/\\\/safetysourcefire.ca\\\/#\\\/schema\\\/logo\\\/image\\\/\",\"url\":\"https:\\\/\\\/safetysourcefire.ca\\\/wp-content\\\/uploads\\\/2021\\\/01\\\/SSF_logo_CC0000-3.png\",\"contentUrl\":\"https:\\\/\\\/safetysourcefire.ca\\\/wp-content\\\/uploads\\\/2021\\\/01\\\/SSF_logo_CC0000-3.png\",\"width\":1107,\"height\":365,\"caption\":\"Safety Source Fire\"},\"image\":{\"@id\":\"https:\\\/\\\/safetysourcefire.ca\\\/#\\\/schema\\\/logo\\\/image\\\/\"},\"sameAs\":[\"https:\\\/\\\/www.facebook.com\\\/mmfssca\",\"https:\\\/\\\/x.com\\\/mmfssca\"]}]}<\/script>\n<!-- \/ Yoast SEO plugin. -->","yoast_head_json":{"title":"Lampe de poche 9050 - Source de s\u00e9curit\u00e9 incendie","robots":{"index":"index","follow":"follow","max-snippet":"max-snippet:-1","max-image-preview":"max-image-preview:large","max-video-preview":"max-video-preview:-1"},"canonical":"https:\/\/safetysourcefire.ca\/fr\/?product=9050-flashlight","og_locale":"fr_CA","og_type":"article","og_title":"9050 Flashlight - Safety Source Fire","og_description":"The new 9050 lantern is the next generation of Pelican High Performance lighting.","og_url":"https:\/\/safetysourcefire.ca\/fr\/?product=9050-flashlight","og_site_name":"Safety Source Fire","article_publisher":"https:\/\/www.facebook.com\/mmfssca","article_modified_time":"2023-03-30T13:23:21+00:00","og_image":[{"width":600,"height":600,"url":"https:\/\/safetysourcefire.ca\/wp-content\/uploads\/2023\/02\/pelican-flashlight-9050-bright-led-light-1.jpg","type":"image\/jpeg"}],"twitter_card":"summary_large_image","twitter_site":"@mmfssca","twitter_misc":{"Estimation du temps de lecture":"1 minute"},"schema":{"@context":"https:\/\/schema.org","@graph":[{"@type":"WebPage","@id":"https:\/\/safetysourcefire.ca\/?product=9050-flashlight","url":"https:\/\/safetysourcefire.ca\/?product=9050-flashlight","name":"Lampe de poche 9050 - Source de s\u00e9curit\u00e9 incendie","isPartOf":{"@id":"https:\/\/safetysourcefire.ca\/#website"},"primaryImageOfPage":{"@id":"https:\/\/safetysourcefire.ca\/?product=9050-flashlight#primaryimage"},"image":{"@id":"https:\/\/safetysourcefire.ca\/?product=9050-flashlight#primaryimage"},"thumbnailUrl":"https:\/\/safetysourcefire.ca\/wp-content\/uploads\/2023\/02\/pelican-flashlight-9050-bright-led-light-1.jpg","datePublished":"2023-02-15T14:55:35+00:00","dateModified":"2023-03-30T13:23:21+00:00","breadcrumb":{"@id":"https:\/\/safetysourcefire.ca\/?product=9050-flashlight#breadcrumb"},"inLanguage":"fr-CA","potentialAction":[{"@type":"ReadAction","target":["https:\/\/safetysourcefire.ca\/?product=9050-flashlight"]}]},{"@type":"ImageObject","inLanguage":"fr-CA","@id":"https:\/\/safetysourcefire.ca\/?product=9050-flashlight#primaryimage","url":"https:\/\/safetysourcefire.ca\/wp-content\/uploads\/2023\/02\/pelican-flashlight-9050-bright-led-light-1.jpg","contentUrl":"https:\/\/safetysourcefire.ca\/wp-content\/uploads\/2023\/02\/pelican-flashlight-9050-bright-led-light-1.jpg","width":600,"height":600,"caption":"9050 flashlight"},{"@type":"BreadcrumbList","@id":"https:\/\/safetysourcefire.ca\/?product=9050-flashlight#breadcrumb","itemListElement":[{"@type":"ListItem","position":1,"name":"Home","item":"https:\/\/safetysourcefire.ca\/"},{"@type":"ListItem","position":2,"name":"Products","item":"https:\/\/safetysourcefire.ca\/shop\/"},{"@type":"ListItem","position":3,"name":"9050 Flashlight"}]},{"@type":"WebSite","@id":"https:\/\/safetysourcefire.ca\/#website","url":"https:\/\/safetysourcefire.ca\/","name":"Safety Source Fire","description":"","publisher":{"@id":"https:\/\/safetysourcefire.ca\/#organization"},"potentialAction":[{"@type":"SearchAction","target":{"@type":"EntryPoint","urlTemplate":"https:\/\/safetysourcefire.ca\/?s={search_term_string}"},"query-input":{"@type":"PropertyValueSpecification","valueRequired":true,"valueName":"search_term_string"}}],"inLanguage":"fr-CA"},{"@type":"Organization","@id":"https:\/\/safetysourcefire.ca\/#organization","name":"Safety Source Fire","url":"https:\/\/safetysourcefire.ca\/","logo":{"@type":"ImageObject","inLanguage":"fr-CA","@id":"https:\/\/safetysourcefire.ca\/#\/schema\/logo\/image\/","url":"https:\/\/safetysourcefire.ca\/wp-content\/uploads\/2021\/01\/SSF_logo_CC0000-3.png","contentUrl":"https:\/\/safetysourcefire.ca\/wp-content\/uploads\/2021\/01\/SSF_logo_CC0000-3.png","width":1107,"height":365,"caption":"Safety Source Fire"},"image":{"@id":"https:\/\/safetysourcefire.ca\/#\/schema\/logo\/image\/"},"sameAs":["https:\/\/www.facebook.com\/mmfssca","https:\/\/x.com\/mmfssca"]}]}},"_links":{"self":[{"href":"https:\/\/safetysourcefire.ca\/fr\/wp-json\/wp\/v2\/product\/27404","targetHints":{"allow":["GET"]}}],"collection":[{"href":"https:\/\/safetysourcefire.ca\/fr\/wp-json\/wp\/v2\/product"}],"about":[{"href":"https:\/\/safetysourcefire.ca\/fr\/wp-json\/wp\/v2\/types\/product"}],"wp:featuredmedia":[{"embeddable":true,"href":"https:\/\/safetysourcefire.ca\/fr\/wp-json\/wp\/v2\/media\/27416"}],"wp:attachment":[{"href":"https:\/\/safetysourcefire.ca\/fr\/wp-json\/wp\/v2\/media?parent=27404"}],"wp:term":[{"taxonomy":"product_brand","embeddable":true,"href":"https:\/\/safetysourcefire.ca\/fr\/wp-json\/wp\/v2\/product_brand?post=27404"},{"taxonomy":"product_cat","embeddable":true,"href":"https:\/\/safetysourcefire.ca\/fr\/wp-json\/wp\/v2\/product_cat?post=27404"},{"taxonomy":"product_tag","embeddable":true,"href":"https:\/\/safetysourcefire.ca\/fr\/wp-json\/wp\/v2\/product_tag?post=27404"}],"curies":[{"name":"wp","href":"https:\/\/api.w.org\/{rel}","templated":true}]}}