{"id":27434,"date":"2023-02-15T16:55:01","date_gmt":"2023-02-15T16:55:01","guid":{"rendered":"https:\/\/safetysourcefire.ca\/?post_type=product&#038;p=27434"},"modified":"2023-02-15T18:29:00","modified_gmt":"2023-02-15T18:29:00","slug":"csc22-csuc22","status":"publish","type":"product","link":"https:\/\/safetysourcefire.ca\/fr\/produit\/csc22-csuc22\/","title":{"rendered":"CSC22 \/ CSUC22"},"content":{"rendered":"<p>Le mod\u00e8le CS\/CSU Split-Shaft est \u00e9quip\u00e9 d&#039;une transmission C22 entra\u00een\u00e9e par cha\u00eene. La transmission C22 offre le meilleur transfert de puissance de sa cat\u00e9gorie. L&#039;entra\u00eenement par cha\u00eene silencieux ne produit aucun g\u00e9missement de vitesse, fournit un changement de vitesse positif et n\u00e9cessite moins de puissance, ce qui am\u00e9liorera l&#039;efficacit\u00e9 de l&#039;appareil.<\/p>\n<ul>\n<li>Turbines flamm\u00e9es (standard sur CSU, en option sur CS)<\/li>\n<li>Corps de pompe en fonte \u00e0 haute r\u00e9sistance \u00e0 la traction en deux parties, fendu horizontalement<\/li>\n<li>Corps de pompe en bronze\/bronze en option<\/li>\n<li>Tous les roulements \u00e0 billes \u00e0 gorge profonde lubrifi\u00e9s \u00e0 l&#039;huile et \u00e0 la graisse situ\u00e9s \u00e0 l&#039;ext\u00e9rieur du corps de pompe<\/li>\n<li>Turbine \u00e0 double moyeu en bronze \u00e9quilibr\u00e9e avec pr\u00e9cision<\/li>\n<li>Arbre de roue s\u00e9parable en acier inoxydable<\/li>\n<li>Anneaux de turbine en bronze rempla\u00e7ables<\/li>\n<li>Anneaux d\u00e9flecteurs mont\u00e9s sur l&#039;arbre de la roue<\/li>\n<li>Norme de garniture BFG r\u00e9glable (garniture m\u00e9canique \u00e0 ressort disponible)<\/li>\n<li>C22 Transmission compos\u00e9e d&#039;un carter en aluminium et entra\u00een\u00e9e par cha\u00eene pour un fonctionnement silencieux<\/li>\n<li>Pression maximale de la pompe : 400 PSI (34 bars)<\/li>\n<\/ul>\n<p>&nbsp;<\/p>\n<p><a href=\"https:\/\/www.waterousco.com\/media\/pdfs\/Specs\/CS-CSU.pdf\">T\u00e9l\u00e9charger la fiche technique<\/a><\/p>\n<p><iframe loading=\"lazy\" title=\"lecteur vid\u00e9o YouTube\" src=\"https:\/\/www.youtube.com\/embed\/o3uxkSntd-k\" width=\"560\" height=\"315\" frameborder=\"0\" allowfullscreen=\"allowfullscreen\"><\/iframe><\/p>","protected":false},"excerpt":{"rendered":"<p>Con\u00e7u avec un corps en deux parties divis\u00e9 horizontalement avec des passages d&#039;admission et d&#039;\u00e9vacuation en une seule coul\u00e9e et au m\u00eame niveau. Cette conception offre la hauteur la plus basse possible, un centre de gravit\u00e9 plus bas et plus d&#039;espace pour les enrouleurs de tuyau, les lits de tuyau et d&#039;autres \u00e9quipements.<\/p>","protected":false},"featured_media":27436,"template":"","meta":[],"product_brand":[607],"product_cat":[608],"product_tag":[609],"class_list":{"0":"post-27434","1":"product","2":"type-product","3":"status-publish","4":"has-post-thumbnail","6":"product_brand-waterous","7":"product_cat-vehicle-mounted-pumps","8":"product_tag-waterous","10":"first","11":"instock","12":"shipping-taxable","13":"product-type-simple"},"yoast_head":"<!-- This site is optimized with the Yoast SEO plugin v27.4 - https:\/\/yoast.com\/product\/yoast-seo-wordpress\/ -->\n<title>CSC22 \/ CSUC22 - Safety Source Fire<\/title>\n<meta name=\"robots\" content=\"index, follow, max-snippet:-1, max-image-preview:large, max-video-preview:-1\" \/>\n<link rel=\"canonical\" href=\"https:\/\/safetysourcefire.ca\/fr\/?product=csc22-csuc22\" \/>\n<meta property=\"og:locale\" content=\"fr_CA\" \/>\n<meta property=\"og:type\" content=\"article\" \/>\n<meta property=\"og:title\" content=\"CSC22 \/ CSUC22 - Safety Source Fire\" \/>\n<meta property=\"og:description\" content=\"Designed with a two-piece, horizontally-split body with intake and discharge passageways in a single casting and on the same level. This design provides the lowest possible height, a lower center of gravity and more room for hose reels, hose beds and other equipment.\" \/>\n<meta property=\"og:url\" content=\"https:\/\/safetysourcefire.ca\/fr\/?product=csc22-csuc22\" \/>\n<meta property=\"og:site_name\" content=\"Safety Source Fire\" \/>\n<meta property=\"article:publisher\" content=\"https:\/\/www.facebook.com\/mmfssca\" \/>\n<meta property=\"article:modified_time\" content=\"2023-02-15T18:29:00+00:00\" \/>\n<meta property=\"og:image\" content=\"https:\/\/safetysourcefire.ca\/wp-content\/uploads\/2023\/02\/csc20_3_-1536x1031-1.jpg\" \/>\n\t<meta property=\"og:image:width\" content=\"600\" \/>\n\t<meta property=\"og:image:height\" content=\"600\" \/>\n\t<meta property=\"og:image:type\" content=\"image\/jpeg\" \/>\n<meta name=\"twitter:card\" content=\"summary_large_image\" \/>\n<meta name=\"twitter:site\" content=\"@mmfssca\" \/>\n<meta name=\"twitter:label1\" content=\"Estimation du temps de lecture\" \/>\n\t<meta name=\"twitter:data1\" content=\"1 minute\" \/>\n<script type=\"application\/ld+json\" class=\"yoast-schema-graph\">{\"@context\":\"https:\\\/\\\/schema.org\",\"@graph\":[{\"@type\":\"WebPage\",\"@id\":\"https:\\\/\\\/safetysourcefire.ca\\\/?product=csc22-csuc22\",\"url\":\"https:\\\/\\\/safetysourcefire.ca\\\/?product=csc22-csuc22\",\"name\":\"CSC22 \\\/ CSUC22 - Safety Source Fire\",\"isPartOf\":{\"@id\":\"https:\\\/\\\/safetysourcefire.ca\\\/#website\"},\"primaryImageOfPage\":{\"@id\":\"https:\\\/\\\/safetysourcefire.ca\\\/?product=csc22-csuc22#primaryimage\"},\"image\":{\"@id\":\"https:\\\/\\\/safetysourcefire.ca\\\/?product=csc22-csuc22#primaryimage\"},\"thumbnailUrl\":\"https:\\\/\\\/safetysourcefire.ca\\\/wp-content\\\/uploads\\\/2023\\\/02\\\/csc20_3_-1536x1031-1.jpg\",\"datePublished\":\"2023-02-15T16:55:01+00:00\",\"dateModified\":\"2023-02-15T18:29:00+00:00\",\"breadcrumb\":{\"@id\":\"https:\\\/\\\/safetysourcefire.ca\\\/?product=csc22-csuc22#breadcrumb\"},\"inLanguage\":\"fr-CA\",\"potentialAction\":[{\"@type\":\"ReadAction\",\"target\":[\"https:\\\/\\\/safetysourcefire.ca\\\/?product=csc22-csuc22\"]}]},{\"@type\":\"ImageObject\",\"inLanguage\":\"fr-CA\",\"@id\":\"https:\\\/\\\/safetysourcefire.ca\\\/?product=csc22-csuc22#primaryimage\",\"url\":\"https:\\\/\\\/safetysourcefire.ca\\\/wp-content\\\/uploads\\\/2023\\\/02\\\/csc20_3_-1536x1031-1.jpg\",\"contentUrl\":\"https:\\\/\\\/safetysourcefire.ca\\\/wp-content\\\/uploads\\\/2023\\\/02\\\/csc20_3_-1536x1031-1.jpg\",\"width\":600,\"height\":600,\"caption\":\"CSC20 pump\"},{\"@type\":\"BreadcrumbList\",\"@id\":\"https:\\\/\\\/safetysourcefire.ca\\\/?product=csc22-csuc22#breadcrumb\",\"itemListElement\":[{\"@type\":\"ListItem\",\"position\":1,\"name\":\"Home\",\"item\":\"https:\\\/\\\/safetysourcefire.ca\\\/\"},{\"@type\":\"ListItem\",\"position\":2,\"name\":\"Products\",\"item\":\"https:\\\/\\\/safetysourcefire.ca\\\/shop\\\/\"},{\"@type\":\"ListItem\",\"position\":3,\"name\":\"CSC22 \\\/ CSUC22\"}]},{\"@type\":\"WebSite\",\"@id\":\"https:\\\/\\\/safetysourcefire.ca\\\/#website\",\"url\":\"https:\\\/\\\/safetysourcefire.ca\\\/\",\"name\":\"Safety Source Fire\",\"description\":\"\",\"publisher\":{\"@id\":\"https:\\\/\\\/safetysourcefire.ca\\\/#organization\"},\"potentialAction\":[{\"@type\":\"SearchAction\",\"target\":{\"@type\":\"EntryPoint\",\"urlTemplate\":\"https:\\\/\\\/safetysourcefire.ca\\\/?s={search_term_string}\"},\"query-input\":{\"@type\":\"PropertyValueSpecification\",\"valueRequired\":true,\"valueName\":\"search_term_string\"}}],\"inLanguage\":\"fr-CA\"},{\"@type\":\"Organization\",\"@id\":\"https:\\\/\\\/safetysourcefire.ca\\\/#organization\",\"name\":\"Safety Source Fire\",\"url\":\"https:\\\/\\\/safetysourcefire.ca\\\/\",\"logo\":{\"@type\":\"ImageObject\",\"inLanguage\":\"fr-CA\",\"@id\":\"https:\\\/\\\/safetysourcefire.ca\\\/#\\\/schema\\\/logo\\\/image\\\/\",\"url\":\"https:\\\/\\\/safetysourcefire.ca\\\/wp-content\\\/uploads\\\/2021\\\/01\\\/SSF_logo_CC0000-3.png\",\"contentUrl\":\"https:\\\/\\\/safetysourcefire.ca\\\/wp-content\\\/uploads\\\/2021\\\/01\\\/SSF_logo_CC0000-3.png\",\"width\":1107,\"height\":365,\"caption\":\"Safety Source Fire\"},\"image\":{\"@id\":\"https:\\\/\\\/safetysourcefire.ca\\\/#\\\/schema\\\/logo\\\/image\\\/\"},\"sameAs\":[\"https:\\\/\\\/www.facebook.com\\\/mmfssca\",\"https:\\\/\\\/x.com\\\/mmfssca\"]}]}<\/script>\n<!-- \/ Yoast SEO plugin. -->","yoast_head_json":{"title":"CSC22 \/ CSUC22 - Incendie de source de s\u00e9curit\u00e9","robots":{"index":"index","follow":"follow","max-snippet":"max-snippet:-1","max-image-preview":"max-image-preview:large","max-video-preview":"max-video-preview:-1"},"canonical":"https:\/\/safetysourcefire.ca\/fr\/?product=csc22-csuc22","og_locale":"fr_CA","og_type":"article","og_title":"CSC22 \/ CSUC22 - Safety Source Fire","og_description":"Designed with a two-piece, horizontally-split body with intake and discharge passageways in a single casting and on the same level. This design provides the lowest possible height, a lower center of gravity and more room for hose reels, hose beds and other equipment.","og_url":"https:\/\/safetysourcefire.ca\/fr\/?product=csc22-csuc22","og_site_name":"Safety Source Fire","article_publisher":"https:\/\/www.facebook.com\/mmfssca","article_modified_time":"2023-02-15T18:29:00+00:00","og_image":[{"width":600,"height":600,"url":"https:\/\/safetysourcefire.ca\/wp-content\/uploads\/2023\/02\/csc20_3_-1536x1031-1.jpg","type":"image\/jpeg"}],"twitter_card":"summary_large_image","twitter_site":"@mmfssca","twitter_misc":{"Estimation du temps de lecture":"1 minute"},"schema":{"@context":"https:\/\/schema.org","@graph":[{"@type":"WebPage","@id":"https:\/\/safetysourcefire.ca\/?product=csc22-csuc22","url":"https:\/\/safetysourcefire.ca\/?product=csc22-csuc22","name":"CSC22 \/ CSUC22 - Incendie de source de s\u00e9curit\u00e9","isPartOf":{"@id":"https:\/\/safetysourcefire.ca\/#website"},"primaryImageOfPage":{"@id":"https:\/\/safetysourcefire.ca\/?product=csc22-csuc22#primaryimage"},"image":{"@id":"https:\/\/safetysourcefire.ca\/?product=csc22-csuc22#primaryimage"},"thumbnailUrl":"https:\/\/safetysourcefire.ca\/wp-content\/uploads\/2023\/02\/csc20_3_-1536x1031-1.jpg","datePublished":"2023-02-15T16:55:01+00:00","dateModified":"2023-02-15T18:29:00+00:00","breadcrumb":{"@id":"https:\/\/safetysourcefire.ca\/?product=csc22-csuc22#breadcrumb"},"inLanguage":"fr-CA","potentialAction":[{"@type":"ReadAction","target":["https:\/\/safetysourcefire.ca\/?product=csc22-csuc22"]}]},{"@type":"ImageObject","inLanguage":"fr-CA","@id":"https:\/\/safetysourcefire.ca\/?product=csc22-csuc22#primaryimage","url":"https:\/\/safetysourcefire.ca\/wp-content\/uploads\/2023\/02\/csc20_3_-1536x1031-1.jpg","contentUrl":"https:\/\/safetysourcefire.ca\/wp-content\/uploads\/2023\/02\/csc20_3_-1536x1031-1.jpg","width":600,"height":600,"caption":"CSC20 pump"},{"@type":"BreadcrumbList","@id":"https:\/\/safetysourcefire.ca\/?product=csc22-csuc22#breadcrumb","itemListElement":[{"@type":"ListItem","position":1,"name":"Home","item":"https:\/\/safetysourcefire.ca\/"},{"@type":"ListItem","position":2,"name":"Products","item":"https:\/\/safetysourcefire.ca\/shop\/"},{"@type":"ListItem","position":3,"name":"CSC22 \/ CSUC22"}]},{"@type":"WebSite","@id":"https:\/\/safetysourcefire.ca\/#website","url":"https:\/\/safetysourcefire.ca\/","name":"Safety Source Fire","description":"","publisher":{"@id":"https:\/\/safetysourcefire.ca\/#organization"},"potentialAction":[{"@type":"SearchAction","target":{"@type":"EntryPoint","urlTemplate":"https:\/\/safetysourcefire.ca\/?s={search_term_string}"},"query-input":{"@type":"PropertyValueSpecification","valueRequired":true,"valueName":"search_term_string"}}],"inLanguage":"fr-CA"},{"@type":"Organization","@id":"https:\/\/safetysourcefire.ca\/#organization","name":"Safety Source Fire","url":"https:\/\/safetysourcefire.ca\/","logo":{"@type":"ImageObject","inLanguage":"fr-CA","@id":"https:\/\/safetysourcefire.ca\/#\/schema\/logo\/image\/","url":"https:\/\/safetysourcefire.ca\/wp-content\/uploads\/2021\/01\/SSF_logo_CC0000-3.png","contentUrl":"https:\/\/safetysourcefire.ca\/wp-content\/uploads\/2021\/01\/SSF_logo_CC0000-3.png","width":1107,"height":365,"caption":"Safety Source Fire"},"image":{"@id":"https:\/\/safetysourcefire.ca\/#\/schema\/logo\/image\/"},"sameAs":["https:\/\/www.facebook.com\/mmfssca","https:\/\/x.com\/mmfssca"]}]}},"_links":{"self":[{"href":"https:\/\/safetysourcefire.ca\/fr\/wp-json\/wp\/v2\/product\/27434","targetHints":{"allow":["GET"]}}],"collection":[{"href":"https:\/\/safetysourcefire.ca\/fr\/wp-json\/wp\/v2\/product"}],"about":[{"href":"https:\/\/safetysourcefire.ca\/fr\/wp-json\/wp\/v2\/types\/product"}],"wp:featuredmedia":[{"embeddable":true,"href":"https:\/\/safetysourcefire.ca\/fr\/wp-json\/wp\/v2\/media\/27436"}],"wp:attachment":[{"href":"https:\/\/safetysourcefire.ca\/fr\/wp-json\/wp\/v2\/media?parent=27434"}],"wp:term":[{"taxonomy":"product_brand","embeddable":true,"href":"https:\/\/safetysourcefire.ca\/fr\/wp-json\/wp\/v2\/product_brand?post=27434"},{"taxonomy":"product_cat","embeddable":true,"href":"https:\/\/safetysourcefire.ca\/fr\/wp-json\/wp\/v2\/product_cat?post=27434"},{"taxonomy":"product_tag","embeddable":true,"href":"https:\/\/safetysourcefire.ca\/fr\/wp-json\/wp\/v2\/product_tag?post=27434"}],"curies":[{"name":"wp","href":"https:\/\/api.w.org\/{rel}","templated":true}]}}