{"id":27448,"date":"2023-02-15T18:28:23","date_gmt":"2023-02-15T18:28:23","guid":{"rendered":"https:\/\/safetysourcefire.ca\/?post_type=product&#038;p=27448"},"modified":"2023-02-15T18:36:12","modified_gmt":"2023-02-15T18:36:12","slug":"cgc22","status":"publish","type":"product","link":"https:\/\/safetysourcefire.ca\/fr\/produit\/cgc22\/","title":{"rendered":"CGC22"},"content":{"rendered":"<p>Le mod\u00e8le CG Split-Shaft est \u00e9quip\u00e9 d&#039;une transmission C22 entra\u00een\u00e9e par cha\u00eene. La transmission C22 offre le meilleur transfert de puissance de sa cat\u00e9gorie. L&#039;entra\u00eenement par cha\u00eene silencieux ne produit aucun g\u00e9missement de vitesse, fournit un changement de vitesse positif et n\u00e9cessite moins de puissance, ce qui am\u00e9liorera l&#039;efficacit\u00e9 de l&#039;appareil.<\/p>\n<ul>\n<li>Fonte grise \u00e0 grain fin \u00e0 haute r\u00e9sistance (bronze\/bronze en option), corps de volute en deux parties, fendu verticalement<\/li>\n<li>Acier inoxydable 17-4, arbre de turbine trait\u00e9 thermiquement<\/li>\n<li>Turbine \u00e0 double moyeu en bronze enti\u00e8rement ferm\u00e9e avec moyeux plaqu\u00e9s \u00e0 la flamme<\/li>\n<li>Raccords d&#039;admission Victaulic\u00ae ou filet\u00e9s<\/li>\n<li>Garnitures m\u00e9caniques autor\u00e9glables r\u00e9sistantes \u00e0 la corrosion et \u00e0 l&#039;usure<\/li>\n<li>Transmission \u00e0 cha\u00eene C22 pour un fonctionnement silencieux et le meilleur transfert de puissance de sa cat\u00e9gorie<\/li>\n<li>Garantie limit\u00e9e de 7 ans<\/li>\n<\/ul>\n<p><a href=\"https:\/\/www.waterousco.com\/media\/pdfs\/Specs\/CG.pdf\">T\u00e9l\u00e9charger la fiche technique<\/a><\/p>","protected":false},"excerpt":{"rendered":"<p>La conception \u00e0 un \u00e9tage avec volute \u00e0 division verticale et transmission de la pompe offre un fonctionnement simple, un entretien facile et une capacit\u00e9 de r\u00e9serve \u00e9lev\u00e9e.<\/p>","protected":false},"featured_media":27449,"template":"","meta":[],"product_brand":[607],"product_cat":[608],"product_tag":[609],"class_list":{"0":"post-27448","1":"product","2":"type-product","3":"status-publish","4":"has-post-thumbnail","6":"product_brand-waterous","7":"product_cat-vehicle-mounted-pumps","8":"product_tag-waterous","10":"first","11":"instock","12":"shipping-taxable","13":"product-type-simple"},"yoast_head":"<!-- This site is optimized with the Yoast SEO plugin v27.4 - https:\/\/yoast.com\/product\/yoast-seo-wordpress\/ -->\n<title>CGC22 - Safety Source Fire<\/title>\n<meta name=\"robots\" content=\"index, follow, max-snippet:-1, max-image-preview:large, max-video-preview:-1\" \/>\n<link rel=\"canonical\" href=\"https:\/\/safetysourcefire.ca\/fr\/?product=cgc22\" \/>\n<meta property=\"og:locale\" content=\"fr_CA\" \/>\n<meta property=\"og:type\" content=\"article\" \/>\n<meta property=\"og:title\" content=\"CGC22 - Safety Source Fire\" \/>\n<meta property=\"og:description\" content=\"The single stage design with vertically-split volute and pump transmission provides simple operation, easy maintenance and high reserve capacity.\" \/>\n<meta property=\"og:url\" content=\"https:\/\/safetysourcefire.ca\/fr\/?product=cgc22\" \/>\n<meta property=\"og:site_name\" content=\"Safety Source Fire\" \/>\n<meta property=\"article:publisher\" content=\"https:\/\/www.facebook.com\/mmfssca\" \/>\n<meta property=\"article:modified_time\" content=\"2023-02-15T18:36:12+00:00\" \/>\n<meta property=\"og:image\" content=\"https:\/\/safetysourcefire.ca\/wp-content\/uploads\/2023\/02\/cgc20_2__1-600x642-1.jpg\" \/>\n\t<meta property=\"og:image:width\" content=\"600\" \/>\n\t<meta property=\"og:image:height\" content=\"600\" \/>\n\t<meta property=\"og:image:type\" content=\"image\/jpeg\" \/>\n<meta name=\"twitter:card\" content=\"summary_large_image\" \/>\n<meta name=\"twitter:site\" content=\"@mmfssca\" \/>\n<meta name=\"twitter:label1\" content=\"Estimation du temps de lecture\" \/>\n\t<meta name=\"twitter:data1\" content=\"1 minute\" \/>\n<script type=\"application\/ld+json\" class=\"yoast-schema-graph\">{\"@context\":\"https:\\\/\\\/schema.org\",\"@graph\":[{\"@type\":\"WebPage\",\"@id\":\"https:\\\/\\\/safetysourcefire.ca\\\/?product=cgc22\",\"url\":\"https:\\\/\\\/safetysourcefire.ca\\\/?product=cgc22\",\"name\":\"CGC22 - Safety Source Fire\",\"isPartOf\":{\"@id\":\"https:\\\/\\\/safetysourcefire.ca\\\/#website\"},\"primaryImageOfPage\":{\"@id\":\"https:\\\/\\\/safetysourcefire.ca\\\/?product=cgc22#primaryimage\"},\"image\":{\"@id\":\"https:\\\/\\\/safetysourcefire.ca\\\/?product=cgc22#primaryimage\"},\"thumbnailUrl\":\"https:\\\/\\\/safetysourcefire.ca\\\/wp-content\\\/uploads\\\/2023\\\/02\\\/cgc20_2__1-600x642-1.jpg\",\"datePublished\":\"2023-02-15T18:28:23+00:00\",\"dateModified\":\"2023-02-15T18:36:12+00:00\",\"breadcrumb\":{\"@id\":\"https:\\\/\\\/safetysourcefire.ca\\\/?product=cgc22#breadcrumb\"},\"inLanguage\":\"fr-CA\",\"potentialAction\":[{\"@type\":\"ReadAction\",\"target\":[\"https:\\\/\\\/safetysourcefire.ca\\\/?product=cgc22\"]}]},{\"@type\":\"ImageObject\",\"inLanguage\":\"fr-CA\",\"@id\":\"https:\\\/\\\/safetysourcefire.ca\\\/?product=cgc22#primaryimage\",\"url\":\"https:\\\/\\\/safetysourcefire.ca\\\/wp-content\\\/uploads\\\/2023\\\/02\\\/cgc20_2__1-600x642-1.jpg\",\"contentUrl\":\"https:\\\/\\\/safetysourcefire.ca\\\/wp-content\\\/uploads\\\/2023\\\/02\\\/cgc20_2__1-600x642-1.jpg\",\"width\":600,\"height\":600,\"caption\":\"CGC20 pump\"},{\"@type\":\"BreadcrumbList\",\"@id\":\"https:\\\/\\\/safetysourcefire.ca\\\/?product=cgc22#breadcrumb\",\"itemListElement\":[{\"@type\":\"ListItem\",\"position\":1,\"name\":\"Home\",\"item\":\"https:\\\/\\\/safetysourcefire.ca\\\/\"},{\"@type\":\"ListItem\",\"position\":2,\"name\":\"Products\",\"item\":\"https:\\\/\\\/safetysourcefire.ca\\\/shop\\\/\"},{\"@type\":\"ListItem\",\"position\":3,\"name\":\"CGC22\"}]},{\"@type\":\"WebSite\",\"@id\":\"https:\\\/\\\/safetysourcefire.ca\\\/#website\",\"url\":\"https:\\\/\\\/safetysourcefire.ca\\\/\",\"name\":\"Safety Source Fire\",\"description\":\"\",\"publisher\":{\"@id\":\"https:\\\/\\\/safetysourcefire.ca\\\/#organization\"},\"potentialAction\":[{\"@type\":\"SearchAction\",\"target\":{\"@type\":\"EntryPoint\",\"urlTemplate\":\"https:\\\/\\\/safetysourcefire.ca\\\/?s={search_term_string}\"},\"query-input\":{\"@type\":\"PropertyValueSpecification\",\"valueRequired\":true,\"valueName\":\"search_term_string\"}}],\"inLanguage\":\"fr-CA\"},{\"@type\":\"Organization\",\"@id\":\"https:\\\/\\\/safetysourcefire.ca\\\/#organization\",\"name\":\"Safety Source Fire\",\"url\":\"https:\\\/\\\/safetysourcefire.ca\\\/\",\"logo\":{\"@type\":\"ImageObject\",\"inLanguage\":\"fr-CA\",\"@id\":\"https:\\\/\\\/safetysourcefire.ca\\\/#\\\/schema\\\/logo\\\/image\\\/\",\"url\":\"https:\\\/\\\/safetysourcefire.ca\\\/wp-content\\\/uploads\\\/2021\\\/01\\\/SSF_logo_CC0000-3.png\",\"contentUrl\":\"https:\\\/\\\/safetysourcefire.ca\\\/wp-content\\\/uploads\\\/2021\\\/01\\\/SSF_logo_CC0000-3.png\",\"width\":1107,\"height\":365,\"caption\":\"Safety Source Fire\"},\"image\":{\"@id\":\"https:\\\/\\\/safetysourcefire.ca\\\/#\\\/schema\\\/logo\\\/image\\\/\"},\"sameAs\":[\"https:\\\/\\\/www.facebook.com\\\/mmfssca\",\"https:\\\/\\\/x.com\\\/mmfssca\"]}]}<\/script>\n<!-- \/ Yoast SEO plugin. -->","yoast_head_json":{"title":"CGC22 - Incendie de source de s\u00e9curit\u00e9","robots":{"index":"index","follow":"follow","max-snippet":"max-snippet:-1","max-image-preview":"max-image-preview:large","max-video-preview":"max-video-preview:-1"},"canonical":"https:\/\/safetysourcefire.ca\/fr\/?product=cgc22","og_locale":"fr_CA","og_type":"article","og_title":"CGC22 - Safety Source Fire","og_description":"The single stage design with vertically-split volute and pump transmission provides simple operation, easy maintenance and high reserve capacity.","og_url":"https:\/\/safetysourcefire.ca\/fr\/?product=cgc22","og_site_name":"Safety Source Fire","article_publisher":"https:\/\/www.facebook.com\/mmfssca","article_modified_time":"2023-02-15T18:36:12+00:00","og_image":[{"width":600,"height":600,"url":"https:\/\/safetysourcefire.ca\/wp-content\/uploads\/2023\/02\/cgc20_2__1-600x642-1.jpg","type":"image\/jpeg"}],"twitter_card":"summary_large_image","twitter_site":"@mmfssca","twitter_misc":{"Estimation du temps de lecture":"1 minute"},"schema":{"@context":"https:\/\/schema.org","@graph":[{"@type":"WebPage","@id":"https:\/\/safetysourcefire.ca\/?product=cgc22","url":"https:\/\/safetysourcefire.ca\/?product=cgc22","name":"CGC22 - Incendie de source de s\u00e9curit\u00e9","isPartOf":{"@id":"https:\/\/safetysourcefire.ca\/#website"},"primaryImageOfPage":{"@id":"https:\/\/safetysourcefire.ca\/?product=cgc22#primaryimage"},"image":{"@id":"https:\/\/safetysourcefire.ca\/?product=cgc22#primaryimage"},"thumbnailUrl":"https:\/\/safetysourcefire.ca\/wp-content\/uploads\/2023\/02\/cgc20_2__1-600x642-1.jpg","datePublished":"2023-02-15T18:28:23+00:00","dateModified":"2023-02-15T18:36:12+00:00","breadcrumb":{"@id":"https:\/\/safetysourcefire.ca\/?product=cgc22#breadcrumb"},"inLanguage":"fr-CA","potentialAction":[{"@type":"ReadAction","target":["https:\/\/safetysourcefire.ca\/?product=cgc22"]}]},{"@type":"ImageObject","inLanguage":"fr-CA","@id":"https:\/\/safetysourcefire.ca\/?product=cgc22#primaryimage","url":"https:\/\/safetysourcefire.ca\/wp-content\/uploads\/2023\/02\/cgc20_2__1-600x642-1.jpg","contentUrl":"https:\/\/safetysourcefire.ca\/wp-content\/uploads\/2023\/02\/cgc20_2__1-600x642-1.jpg","width":600,"height":600,"caption":"CGC20 pump"},{"@type":"BreadcrumbList","@id":"https:\/\/safetysourcefire.ca\/?product=cgc22#breadcrumb","itemListElement":[{"@type":"ListItem","position":1,"name":"Home","item":"https:\/\/safetysourcefire.ca\/"},{"@type":"ListItem","position":2,"name":"Products","item":"https:\/\/safetysourcefire.ca\/shop\/"},{"@type":"ListItem","position":3,"name":"CGC22"}]},{"@type":"WebSite","@id":"https:\/\/safetysourcefire.ca\/#website","url":"https:\/\/safetysourcefire.ca\/","name":"Safety Source Fire","description":"","publisher":{"@id":"https:\/\/safetysourcefire.ca\/#organization"},"potentialAction":[{"@type":"SearchAction","target":{"@type":"EntryPoint","urlTemplate":"https:\/\/safetysourcefire.ca\/?s={search_term_string}"},"query-input":{"@type":"PropertyValueSpecification","valueRequired":true,"valueName":"search_term_string"}}],"inLanguage":"fr-CA"},{"@type":"Organization","@id":"https:\/\/safetysourcefire.ca\/#organization","name":"Safety Source Fire","url":"https:\/\/safetysourcefire.ca\/","logo":{"@type":"ImageObject","inLanguage":"fr-CA","@id":"https:\/\/safetysourcefire.ca\/#\/schema\/logo\/image\/","url":"https:\/\/safetysourcefire.ca\/wp-content\/uploads\/2021\/01\/SSF_logo_CC0000-3.png","contentUrl":"https:\/\/safetysourcefire.ca\/wp-content\/uploads\/2021\/01\/SSF_logo_CC0000-3.png","width":1107,"height":365,"caption":"Safety Source Fire"},"image":{"@id":"https:\/\/safetysourcefire.ca\/#\/schema\/logo\/image\/"},"sameAs":["https:\/\/www.facebook.com\/mmfssca","https:\/\/x.com\/mmfssca"]}]}},"_links":{"self":[{"href":"https:\/\/safetysourcefire.ca\/fr\/wp-json\/wp\/v2\/product\/27448","targetHints":{"allow":["GET"]}}],"collection":[{"href":"https:\/\/safetysourcefire.ca\/fr\/wp-json\/wp\/v2\/product"}],"about":[{"href":"https:\/\/safetysourcefire.ca\/fr\/wp-json\/wp\/v2\/types\/product"}],"wp:featuredmedia":[{"embeddable":true,"href":"https:\/\/safetysourcefire.ca\/fr\/wp-json\/wp\/v2\/media\/27449"}],"wp:attachment":[{"href":"https:\/\/safetysourcefire.ca\/fr\/wp-json\/wp\/v2\/media?parent=27448"}],"wp:term":[{"taxonomy":"product_brand","embeddable":true,"href":"https:\/\/safetysourcefire.ca\/fr\/wp-json\/wp\/v2\/product_brand?post=27448"},{"taxonomy":"product_cat","embeddable":true,"href":"https:\/\/safetysourcefire.ca\/fr\/wp-json\/wp\/v2\/product_cat?post=27448"},{"taxonomy":"product_tag","embeddable":true,"href":"https:\/\/safetysourcefire.ca\/fr\/wp-json\/wp\/v2\/product_tag?post=27448"}],"curies":[{"name":"wp","href":"https:\/\/api.w.org\/{rel}","templated":true}]}}