{"id":2745,"date":"2017-06-13T22:58:37","date_gmt":"2017-06-13T22:58:37","guid":{"rendered":"http:\/\/mmfss.ca\/?post_type=product&#038;p=2745"},"modified":"2020-04-27T21:23:05","modified_gmt":"2020-04-27T21:23:05","slug":"valve-integral-tip-nozzle-2-5-38mm","status":"publish","type":"product","link":"https:\/\/safetysourcefire.ca\/fr\/produit\/valve-integral-tip-nozzle-2-5-38mm\/","title":{"rendered":"Lance \u00e0 embout int\u00e9gr\u00e9 avec valve 2,5 po (38 mm)"},"content":{"rendered":"<p>Utilisez cette vanne comme cannon lisse au diam\u00e8tre s\u00e9lectionn\u00e9. Six positions de d\u00e9bit de d\u00e9tente sont possibles. Couvre-poign\u00e9es de couleur \u00e9galement disponibles. Raccord d'entr\u00e9e pivotant \u00e0 plein temps \u00e0 oreilles \u00e0 bascule de 2,5\u2033 (65 mm) et norme de sortie m\u00e2le de 1,5\u2033 (38 mm). Tous les mat\u00e9riaux utilis\u00e9s sont l\u00e9gers.<\/p>\n<p>&nbsp;<\/p>\n<table>\n<tbody>\n<tr>\n<td><strong>Style de corps de buse<\/strong><\/td>\n<td>Buse avec arr\u00eat<\/td>\n<\/tr>\n<tr>\n<td><strong>Taille d&#039;accouplement c\u00f4t\u00e9 A<\/strong><\/td>\n<td>2,5 pouces (65 mm)<\/td>\n<\/tr>\n<tr>\n<td><strong>Style d&#039;accouplement c\u00f4t\u00e9 A<\/strong><\/td>\n<td>Bascule<\/td>\n<\/tr>\n<tr>\n<td><strong>Accouplement pivotant \/ c\u00f4t\u00e9 rigide A<\/strong><\/td>\n<td>Pivotant (en tout temps, m\u00eame apr\u00e8s serrage)<\/td>\n<\/tr>\n<tr>\n<td><strong>Taille d&#039;accouplement c\u00f4t\u00e9 B<\/strong><\/td>\n<td>1 1\/2 pouce (38 mm)<\/td>\n<\/tr>\n<tr>\n<td><strong>Style d&#039;accouplement c\u00f4t\u00e9 B<\/strong><\/td>\n<td>Filets m\u00e2les<\/td>\n<\/tr>\n<tr>\n<td><strong>Accouplement pivotant \/ c\u00f4t\u00e9 rigide B<\/strong><\/td>\n<td>Rigide<\/td>\n<\/tr>\n<tr>\n<td><strong>Taille de l&#039;orifice<\/strong><\/td>\n<td>1,0 pouce (25 mm)<\/td>\n<\/tr>\n<tr>\n<td><strong>Protecteur de fil r\u00e9tractable<\/strong><\/td>\n<td>Oui<\/td>\n<\/tr>\n<\/tbody>\n<\/table>","protected":false},"excerpt":{"rendered":"<p>Vanne d'arr\u00eat  pour utilisation avec des lances.<\/p>","protected":false},"featured_media":2610,"template":"","meta":[],"product_brand":[179],"product_cat":[44,66],"product_tag":[355,354],"class_list":{"0":"post-2745","1":"product","2":"type-product","3":"status-publish","4":"has-post-thumbnail","6":"product_brand-tft","7":"product_cat-fire-suppression","8":"product_cat-nozzles-monitors","9":"product_tag-task-force-tips","10":"product_tag-tft","12":"first","13":"instock","14":"shipping-taxable","15":"product-type-simple"},"yoast_head":"<!-- This site is optimized with the Yoast SEO plugin v27.4 - https:\/\/yoast.com\/product\/yoast-seo-wordpress\/ -->\n<title>Valve Integral Tip Nozzle 2.5&quot; (38mm) - Safety Source Fire<\/title>\n<meta name=\"robots\" content=\"index, follow, max-snippet:-1, max-image-preview:large, max-video-preview:-1\" \/>\n<link rel=\"canonical\" href=\"https:\/\/safetysourcefire.ca\/fr\/?product=valve-integral-tip-nozzle-2-5-38mm\" \/>\n<meta property=\"og:locale\" content=\"fr_CA\" \/>\n<meta property=\"og:type\" content=\"article\" \/>\n<meta property=\"og:title\" content=\"Valve Integral Tip Nozzle 2.5&quot; (38mm) - Safety Source Fire\" \/>\n<meta property=\"og:description\" content=\"Separate ball-type shutoff valve for use with tip only nozzles.\" \/>\n<meta property=\"og:url\" content=\"https:\/\/safetysourcefire.ca\/fr\/?product=valve-integral-tip-nozzle-2-5-38mm\" \/>\n<meta property=\"og:site_name\" content=\"Safety Source Fire\" \/>\n<meta property=\"article:publisher\" content=\"https:\/\/www.facebook.com\/mmfssca\" \/>\n<meta property=\"article:modified_time\" content=\"2020-04-27T21:23:05+00:00\" \/>\n<meta property=\"og:image\" content=\"https:\/\/safetysourcefire.ca\/wp-content\/uploads\/2017\/06\/HVIT23.jpg\" \/>\n\t<meta property=\"og:image:width\" content=\"600\" \/>\n\t<meta property=\"og:image:height\" content=\"600\" \/>\n\t<meta property=\"og:image:type\" content=\"image\/jpeg\" \/>\n<meta name=\"twitter:card\" content=\"summary_large_image\" \/>\n<meta name=\"twitter:site\" content=\"@mmfssca\" \/>\n<script type=\"application\/ld+json\" class=\"yoast-schema-graph\">{\"@context\":\"https:\\\/\\\/schema.org\",\"@graph\":[{\"@type\":\"WebPage\",\"@id\":\"https:\\\/\\\/safetysourcefire.ca\\\/?product=valve-integral-tip-nozzle-2-5-38mm\",\"url\":\"https:\\\/\\\/safetysourcefire.ca\\\/?product=valve-integral-tip-nozzle-2-5-38mm\",\"name\":\"Valve Integral Tip Nozzle 2.5\\\" (38mm) - Safety Source Fire\",\"isPartOf\":{\"@id\":\"https:\\\/\\\/safetysourcefire.ca\\\/#website\"},\"primaryImageOfPage\":{\"@id\":\"https:\\\/\\\/safetysourcefire.ca\\\/?product=valve-integral-tip-nozzle-2-5-38mm#primaryimage\"},\"image\":{\"@id\":\"https:\\\/\\\/safetysourcefire.ca\\\/?product=valve-integral-tip-nozzle-2-5-38mm#primaryimage\"},\"thumbnailUrl\":\"https:\\\/\\\/safetysourcefire.ca\\\/wp-content\\\/uploads\\\/2017\\\/06\\\/HVIT23.jpg\",\"datePublished\":\"2017-06-13T22:58:37+00:00\",\"dateModified\":\"2020-04-27T21:23:05+00:00\",\"breadcrumb\":{\"@id\":\"https:\\\/\\\/safetysourcefire.ca\\\/?product=valve-integral-tip-nozzle-2-5-38mm#breadcrumb\"},\"inLanguage\":\"fr-CA\",\"potentialAction\":[{\"@type\":\"ReadAction\",\"target\":[\"https:\\\/\\\/safetysourcefire.ca\\\/?product=valve-integral-tip-nozzle-2-5-38mm\"]}]},{\"@type\":\"ImageObject\",\"inLanguage\":\"fr-CA\",\"@id\":\"https:\\\/\\\/safetysourcefire.ca\\\/?product=valve-integral-tip-nozzle-2-5-38mm#primaryimage\",\"url\":\"https:\\\/\\\/safetysourcefire.ca\\\/wp-content\\\/uploads\\\/2017\\\/06\\\/HVIT23.jpg\",\"contentUrl\":\"https:\\\/\\\/safetysourcefire.ca\\\/wp-content\\\/uploads\\\/2017\\\/06\\\/HVIT23.jpg\",\"width\":600,\"height\":600,\"caption\":\"Valve Integral Tip Nozzle\"},{\"@type\":\"BreadcrumbList\",\"@id\":\"https:\\\/\\\/safetysourcefire.ca\\\/?product=valve-integral-tip-nozzle-2-5-38mm#breadcrumb\",\"itemListElement\":[{\"@type\":\"ListItem\",\"position\":1,\"name\":\"Home\",\"item\":\"https:\\\/\\\/safetysourcefire.ca\\\/\"},{\"@type\":\"ListItem\",\"position\":2,\"name\":\"Products\",\"item\":\"https:\\\/\\\/safetysourcefire.ca\\\/shop\\\/\"},{\"@type\":\"ListItem\",\"position\":3,\"name\":\"Valve Integral Tip Nozzle 2.5&#8243; (38mm)\"}]},{\"@type\":\"WebSite\",\"@id\":\"https:\\\/\\\/safetysourcefire.ca\\\/#website\",\"url\":\"https:\\\/\\\/safetysourcefire.ca\\\/\",\"name\":\"Safety Source Fire\",\"description\":\"\",\"publisher\":{\"@id\":\"https:\\\/\\\/safetysourcefire.ca\\\/#organization\"},\"potentialAction\":[{\"@type\":\"SearchAction\",\"target\":{\"@type\":\"EntryPoint\",\"urlTemplate\":\"https:\\\/\\\/safetysourcefire.ca\\\/?s={search_term_string}\"},\"query-input\":{\"@type\":\"PropertyValueSpecification\",\"valueRequired\":true,\"valueName\":\"search_term_string\"}}],\"inLanguage\":\"fr-CA\"},{\"@type\":\"Organization\",\"@id\":\"https:\\\/\\\/safetysourcefire.ca\\\/#organization\",\"name\":\"Safety Source Fire\",\"url\":\"https:\\\/\\\/safetysourcefire.ca\\\/\",\"logo\":{\"@type\":\"ImageObject\",\"inLanguage\":\"fr-CA\",\"@id\":\"https:\\\/\\\/safetysourcefire.ca\\\/#\\\/schema\\\/logo\\\/image\\\/\",\"url\":\"https:\\\/\\\/safetysourcefire.ca\\\/wp-content\\\/uploads\\\/2021\\\/01\\\/SSF_logo_CC0000-3.png\",\"contentUrl\":\"https:\\\/\\\/safetysourcefire.ca\\\/wp-content\\\/uploads\\\/2021\\\/01\\\/SSF_logo_CC0000-3.png\",\"width\":1107,\"height\":365,\"caption\":\"Safety Source Fire\"},\"image\":{\"@id\":\"https:\\\/\\\/safetysourcefire.ca\\\/#\\\/schema\\\/logo\\\/image\\\/\"},\"sameAs\":[\"https:\\\/\\\/www.facebook.com\\\/mmfssca\",\"https:\\\/\\\/x.com\\\/mmfssca\"]}]}<\/script>\n<!-- \/ Yoast SEO plugin. -->","yoast_head_json":{"title":"Valve Integral Tip Nozzle 2.5\" (38mm) - Safety Source Fire","robots":{"index":"index","follow":"follow","max-snippet":"max-snippet:-1","max-image-preview":"max-image-preview:large","max-video-preview":"max-video-preview:-1"},"canonical":"https:\/\/safetysourcefire.ca\/fr\/?product=valve-integral-tip-nozzle-2-5-38mm","og_locale":"fr_CA","og_type":"article","og_title":"Valve Integral Tip Nozzle 2.5\" (38mm) - Safety Source Fire","og_description":"Separate ball-type shutoff valve for use with tip only nozzles.","og_url":"https:\/\/safetysourcefire.ca\/fr\/?product=valve-integral-tip-nozzle-2-5-38mm","og_site_name":"Safety Source Fire","article_publisher":"https:\/\/www.facebook.com\/mmfssca","article_modified_time":"2020-04-27T21:23:05+00:00","og_image":[{"width":600,"height":600,"url":"https:\/\/safetysourcefire.ca\/wp-content\/uploads\/2017\/06\/HVIT23.jpg","type":"image\/jpeg"}],"twitter_card":"summary_large_image","twitter_site":"@mmfssca","schema":{"@context":"https:\/\/schema.org","@graph":[{"@type":"WebPage","@id":"https:\/\/safetysourcefire.ca\/?product=valve-integral-tip-nozzle-2-5-38mm","url":"https:\/\/safetysourcefire.ca\/?product=valve-integral-tip-nozzle-2-5-38mm","name":"Valve Integral Tip Nozzle 2.5\" (38mm) - Safety Source Fire","isPartOf":{"@id":"https:\/\/safetysourcefire.ca\/#website"},"primaryImageOfPage":{"@id":"https:\/\/safetysourcefire.ca\/?product=valve-integral-tip-nozzle-2-5-38mm#primaryimage"},"image":{"@id":"https:\/\/safetysourcefire.ca\/?product=valve-integral-tip-nozzle-2-5-38mm#primaryimage"},"thumbnailUrl":"https:\/\/safetysourcefire.ca\/wp-content\/uploads\/2017\/06\/HVIT23.jpg","datePublished":"2017-06-13T22:58:37+00:00","dateModified":"2020-04-27T21:23:05+00:00","breadcrumb":{"@id":"https:\/\/safetysourcefire.ca\/?product=valve-integral-tip-nozzle-2-5-38mm#breadcrumb"},"inLanguage":"fr-CA","potentialAction":[{"@type":"ReadAction","target":["https:\/\/safetysourcefire.ca\/?product=valve-integral-tip-nozzle-2-5-38mm"]}]},{"@type":"ImageObject","inLanguage":"fr-CA","@id":"https:\/\/safetysourcefire.ca\/?product=valve-integral-tip-nozzle-2-5-38mm#primaryimage","url":"https:\/\/safetysourcefire.ca\/wp-content\/uploads\/2017\/06\/HVIT23.jpg","contentUrl":"https:\/\/safetysourcefire.ca\/wp-content\/uploads\/2017\/06\/HVIT23.jpg","width":600,"height":600,"caption":"Valve Integral Tip Nozzle"},{"@type":"BreadcrumbList","@id":"https:\/\/safetysourcefire.ca\/?product=valve-integral-tip-nozzle-2-5-38mm#breadcrumb","itemListElement":[{"@type":"ListItem","position":1,"name":"Home","item":"https:\/\/safetysourcefire.ca\/"},{"@type":"ListItem","position":2,"name":"Products","item":"https:\/\/safetysourcefire.ca\/shop\/"},{"@type":"ListItem","position":3,"name":"Valve Integral Tip Nozzle 2.5&#8243; (38mm)"}]},{"@type":"WebSite","@id":"https:\/\/safetysourcefire.ca\/#website","url":"https:\/\/safetysourcefire.ca\/","name":"Safety Source Fire","description":"","publisher":{"@id":"https:\/\/safetysourcefire.ca\/#organization"},"potentialAction":[{"@type":"SearchAction","target":{"@type":"EntryPoint","urlTemplate":"https:\/\/safetysourcefire.ca\/?s={search_term_string}"},"query-input":{"@type":"PropertyValueSpecification","valueRequired":true,"valueName":"search_term_string"}}],"inLanguage":"fr-CA"},{"@type":"Organization","@id":"https:\/\/safetysourcefire.ca\/#organization","name":"Safety Source Fire","url":"https:\/\/safetysourcefire.ca\/","logo":{"@type":"ImageObject","inLanguage":"fr-CA","@id":"https:\/\/safetysourcefire.ca\/#\/schema\/logo\/image\/","url":"https:\/\/safetysourcefire.ca\/wp-content\/uploads\/2021\/01\/SSF_logo_CC0000-3.png","contentUrl":"https:\/\/safetysourcefire.ca\/wp-content\/uploads\/2021\/01\/SSF_logo_CC0000-3.png","width":1107,"height":365,"caption":"Safety Source Fire"},"image":{"@id":"https:\/\/safetysourcefire.ca\/#\/schema\/logo\/image\/"},"sameAs":["https:\/\/www.facebook.com\/mmfssca","https:\/\/x.com\/mmfssca"]}]}},"_links":{"self":[{"href":"https:\/\/safetysourcefire.ca\/fr\/wp-json\/wp\/v2\/product\/2745","targetHints":{"allow":["GET"]}}],"collection":[{"href":"https:\/\/safetysourcefire.ca\/fr\/wp-json\/wp\/v2\/product"}],"about":[{"href":"https:\/\/safetysourcefire.ca\/fr\/wp-json\/wp\/v2\/types\/product"}],"wp:featuredmedia":[{"embeddable":true,"href":"https:\/\/safetysourcefire.ca\/fr\/wp-json\/wp\/v2\/media\/2610"}],"wp:attachment":[{"href":"https:\/\/safetysourcefire.ca\/fr\/wp-json\/wp\/v2\/media?parent=2745"}],"wp:term":[{"taxonomy":"product_brand","embeddable":true,"href":"https:\/\/safetysourcefire.ca\/fr\/wp-json\/wp\/v2\/product_brand?post=2745"},{"taxonomy":"product_cat","embeddable":true,"href":"https:\/\/safetysourcefire.ca\/fr\/wp-json\/wp\/v2\/product_cat?post=2745"},{"taxonomy":"product_tag","embeddable":true,"href":"https:\/\/safetysourcefire.ca\/fr\/wp-json\/wp\/v2\/product_tag?post=2745"}],"curies":[{"name":"wp","href":"https:\/\/api.w.org\/{rel}","templated":true}]}}