{"id":27660,"date":"2023-04-21T19:24:10","date_gmt":"2023-04-21T19:24:10","guid":{"rendered":"https:\/\/safetysourcefire.ca\/?post_type=product&#038;p=27660"},"modified":"2023-04-21T20:42:56","modified_gmt":"2023-04-21T20:42:56","slug":"forestry-kit-with-pcw3000-winch","status":"publish","type":"product","link":"https:\/\/safetysourcefire.ca\/fr\/produit\/forestry-kit-with-pcw3000-winch\/","title":{"rendered":"Kit forestier avec treuil PCW3000"},"content":{"rendered":"<p>Le c\u00f4ne de d\u00e9bardage (PCA-1290) emp\u00eache les grumes de se coincer dans les racines, les souches et autres obstacles. Sa forme lui permet de glisser le long des arbres r\u00e9siduels, \u00e9vitant ainsi les blessures lors de la r\u00e9g\u00e9n\u00e9ration. La corde de 10 mm x 50 m permet d&#039;atteindre les arbres l\u00e0 o\u00f9 ils se trouvent. La poulie simple (PCA-1275) sera utile pour d\u00e9vier la charge ou pour doubler la force de traction le moment venu. Combin\u00e9 \u00e0 la puissance de 700 kg offerte par le treuil PCW3000, vous obtiendrez 1 400 kg de force !<\/p>\n<p>Remarque : Une (1) \u00e9lingue d&#039;ancrage en polyester de 60 mm x 2,5 m est incluse avec le treuil.<\/p>\n<p>Le kit PCW3000-FK comprend\u00a0:<\/p>\n<ul>\n<li>TREUIL DE TIRAGE \u00c0 ESSENCE PCW3000 GX35<\/li>\n<li>PCA-1275 POULIE LAT\u00c9RALE SIMPLE<\/li>\n<li>PCA-0102 VALISE DE TRANSPORT<\/li>\n<li>PCA-1290 C\u00d4NE DE D\u00c9RAPAGE<\/li>\n<li>PCA-1276 MOUSQUETON \u00c0 VERROUILLAGE (X2)<\/li>\n<li>PCA-1282 CROCHET VERROUILLABLE<\/li>\n<li>PCA-1260 \u00c9LINGUE EN POLYESTER<\/li>\n<li>PCA-1255 PETIT SAC \u00c0 CORDE<\/li>\n<li>PCA-1205M CORDE 10MM X 50M<\/li>\n<li>CHA\u00ceNE COLLIER PCA-1295<\/li>\n<\/ul>\n<p><iframe loading=\"lazy\" title=\"PCW3000\/PCW5000 - Pr\u00e9parez-vous en 4 \u00e9tapes faciles\" width=\"980\" height=\"551\" src=\"https:\/\/www.youtube.com\/embed\/tboYSRfUjls?feature=oembed&#038;enablejsapi=1&#038;origin=https:\/\/safetysourcefire.ca\" frameborder=\"0\" allow=\"accelerometer; autoplay; clipboard-write; encrypted-media; gyroscope; picture-in-picture; web-share\" allowfullscreen><\/iframe><\/p>\n<p>&nbsp;<\/p>","protected":false},"excerpt":{"rendered":"<p class=\"p1\">Comprend le treuil toutes positions PCW3000 ainsi qu&#039;une mallette de protection et des accessoires adapt\u00e9s pour extraire les b\u00fbches.<\/p>","protected":false},"featured_media":27661,"template":"","meta":[],"product_brand":[371],"product_cat":[51,131],"product_tag":[372],"class_list":{"0":"post-27660","1":"product","2":"type-product","3":"status-publish","4":"has-post-thumbnail","6":"product_brand-portable-winch-co","7":"product_cat-rescue","8":"product_cat-rope-rescue","9":"product_tag-portable-winch-co","11":"first","12":"instock","13":"shipping-taxable","14":"product-type-simple"},"yoast_head":"<!-- This site is optimized with the Yoast SEO plugin v27.5 - https:\/\/yoast.com\/product\/yoast-seo-wordpress\/ -->\n<title>Forestry Kit with PCW3000 Winch - Safety Source Fire<\/title>\n<meta name=\"robots\" content=\"index, follow, max-snippet:-1, max-image-preview:large, max-video-preview:-1\" \/>\n<link rel=\"canonical\" href=\"https:\/\/safetysourcefire.ca\/fr\/produit\/forestry-kit-with-pcw3000-winch\/\" \/>\n<meta property=\"og:locale\" content=\"fr_CA\" \/>\n<meta property=\"og:type\" content=\"article\" \/>\n<meta property=\"og:title\" content=\"Forestry Kit with PCW3000 Winch - Safety Source Fire\" \/>\n<meta property=\"og:description\" content=\"Includes the all-position winch PCW3000 as well as a protective case and accessories adapted to extract logs.\" \/>\n<meta property=\"og:url\" content=\"https:\/\/safetysourcefire.ca\/fr\/produit\/forestry-kit-with-pcw3000-winch\/\" \/>\n<meta property=\"og:site_name\" content=\"Safety Source Fire\" \/>\n<meta property=\"article:publisher\" content=\"https:\/\/www.facebook.com\/mmfssca\" \/>\n<meta property=\"article:modified_time\" content=\"2023-04-21T20:42:56+00:00\" \/>\n<meta property=\"og:image\" content=\"https:\/\/safetysourcefire.ca\/wp-content\/uploads\/2023\/04\/PCW3000-FK-01.jpg\" \/>\n\t<meta property=\"og:image:width\" content=\"600\" \/>\n\t<meta property=\"og:image:height\" content=\"600\" \/>\n\t<meta property=\"og:image:type\" content=\"image\/jpeg\" \/>\n<meta name=\"twitter:card\" content=\"summary_large_image\" \/>\n<meta name=\"twitter:site\" content=\"@mmfssca\" \/>\n<meta name=\"twitter:label1\" content=\"Estimation du temps de lecture\" \/>\n\t<meta name=\"twitter:data1\" content=\"1 minute\" \/>\n<script type=\"application\/ld+json\" class=\"yoast-schema-graph\">{\"@context\":\"https:\\\/\\\/schema.org\",\"@graph\":[{\"@type\":\"WebPage\",\"@id\":\"https:\\\/\\\/safetysourcefire.ca\\\/product\\\/forestry-kit-with-pcw3000-winch\\\/\",\"url\":\"https:\\\/\\\/safetysourcefire.ca\\\/product\\\/forestry-kit-with-pcw3000-winch\\\/\",\"name\":\"Forestry Kit with PCW3000 Winch - Safety Source Fire\",\"isPartOf\":{\"@id\":\"https:\\\/\\\/safetysourcefire.ca\\\/#website\"},\"primaryImageOfPage\":{\"@id\":\"https:\\\/\\\/safetysourcefire.ca\\\/product\\\/forestry-kit-with-pcw3000-winch\\\/#primaryimage\"},\"image\":{\"@id\":\"https:\\\/\\\/safetysourcefire.ca\\\/product\\\/forestry-kit-with-pcw3000-winch\\\/#primaryimage\"},\"thumbnailUrl\":\"https:\\\/\\\/safetysourcefire.ca\\\/wp-content\\\/uploads\\\/2023\\\/04\\\/PCW3000-FK-01.jpg\",\"datePublished\":\"2023-04-21T19:24:10+00:00\",\"dateModified\":\"2023-04-21T20:42:56+00:00\",\"breadcrumb\":{\"@id\":\"https:\\\/\\\/safetysourcefire.ca\\\/product\\\/forestry-kit-with-pcw3000-winch\\\/#breadcrumb\"},\"inLanguage\":\"fr-CA\",\"potentialAction\":[{\"@type\":\"ReadAction\",\"target\":[\"https:\\\/\\\/safetysourcefire.ca\\\/product\\\/forestry-kit-with-pcw3000-winch\\\/\"]}]},{\"@type\":\"ImageObject\",\"inLanguage\":\"fr-CA\",\"@id\":\"https:\\\/\\\/safetysourcefire.ca\\\/product\\\/forestry-kit-with-pcw3000-winch\\\/#primaryimage\",\"url\":\"https:\\\/\\\/safetysourcefire.ca\\\/wp-content\\\/uploads\\\/2023\\\/04\\\/PCW3000-FK-01.jpg\",\"contentUrl\":\"https:\\\/\\\/safetysourcefire.ca\\\/wp-content\\\/uploads\\\/2023\\\/04\\\/PCW3000-FK-01.jpg\",\"width\":600,\"height\":600,\"caption\":\"Winch Kit\"},{\"@type\":\"BreadcrumbList\",\"@id\":\"https:\\\/\\\/safetysourcefire.ca\\\/product\\\/forestry-kit-with-pcw3000-winch\\\/#breadcrumb\",\"itemListElement\":[{\"@type\":\"ListItem\",\"position\":1,\"name\":\"Home\",\"item\":\"https:\\\/\\\/safetysourcefire.ca\\\/\"},{\"@type\":\"ListItem\",\"position\":2,\"name\":\"Products\",\"item\":\"https:\\\/\\\/safetysourcefire.ca\\\/shop\\\/\"},{\"@type\":\"ListItem\",\"position\":3,\"name\":\"Forestry Kit with PCW3000 Winch\"}]},{\"@type\":\"WebSite\",\"@id\":\"https:\\\/\\\/safetysourcefire.ca\\\/#website\",\"url\":\"https:\\\/\\\/safetysourcefire.ca\\\/\",\"name\":\"Safety Source Fire\",\"description\":\"\",\"publisher\":{\"@id\":\"https:\\\/\\\/safetysourcefire.ca\\\/#organization\"},\"potentialAction\":[{\"@type\":\"SearchAction\",\"target\":{\"@type\":\"EntryPoint\",\"urlTemplate\":\"https:\\\/\\\/safetysourcefire.ca\\\/?s={search_term_string}\"},\"query-input\":{\"@type\":\"PropertyValueSpecification\",\"valueRequired\":true,\"valueName\":\"search_term_string\"}}],\"inLanguage\":\"fr-CA\"},{\"@type\":\"Organization\",\"@id\":\"https:\\\/\\\/safetysourcefire.ca\\\/#organization\",\"name\":\"Safety Source Fire\",\"url\":\"https:\\\/\\\/safetysourcefire.ca\\\/\",\"logo\":{\"@type\":\"ImageObject\",\"inLanguage\":\"fr-CA\",\"@id\":\"https:\\\/\\\/safetysourcefire.ca\\\/#\\\/schema\\\/logo\\\/image\\\/\",\"url\":\"https:\\\/\\\/safetysourcefire.ca\\\/wp-content\\\/uploads\\\/2021\\\/01\\\/SSF_logo_CC0000-3.png\",\"contentUrl\":\"https:\\\/\\\/safetysourcefire.ca\\\/wp-content\\\/uploads\\\/2021\\\/01\\\/SSF_logo_CC0000-3.png\",\"width\":1107,\"height\":365,\"caption\":\"Safety Source Fire\"},\"image\":{\"@id\":\"https:\\\/\\\/safetysourcefire.ca\\\/#\\\/schema\\\/logo\\\/image\\\/\"},\"sameAs\":[\"https:\\\/\\\/www.facebook.com\\\/mmfssca\",\"https:\\\/\\\/x.com\\\/mmfssca\"]}]}<\/script>\n<!-- \/ Yoast SEO plugin. -->","yoast_head_json":{"title":"Kit forestier avec treuil PCW3000 - Safety Source Fire","robots":{"index":"index","follow":"follow","max-snippet":"max-snippet:-1","max-image-preview":"max-image-preview:large","max-video-preview":"max-video-preview:-1"},"canonical":"https:\/\/safetysourcefire.ca\/fr\/produit\/forestry-kit-with-pcw3000-winch\/","og_locale":"fr_CA","og_type":"article","og_title":"Forestry Kit with PCW3000 Winch - Safety Source Fire","og_description":"Includes the all-position winch PCW3000 as well as a protective case and accessories adapted to extract logs.","og_url":"https:\/\/safetysourcefire.ca\/fr\/produit\/forestry-kit-with-pcw3000-winch\/","og_site_name":"Safety Source Fire","article_publisher":"https:\/\/www.facebook.com\/mmfssca","article_modified_time":"2023-04-21T20:42:56+00:00","og_image":[{"width":600,"height":600,"url":"https:\/\/safetysourcefire.ca\/wp-content\/uploads\/2023\/04\/PCW3000-FK-01.jpg","type":"image\/jpeg"}],"twitter_card":"summary_large_image","twitter_site":"@mmfssca","twitter_misc":{"Estimation du temps de lecture":"1 minute"},"schema":{"@context":"https:\/\/schema.org","@graph":[{"@type":"WebPage","@id":"https:\/\/safetysourcefire.ca\/product\/forestry-kit-with-pcw3000-winch\/","url":"https:\/\/safetysourcefire.ca\/product\/forestry-kit-with-pcw3000-winch\/","name":"Kit forestier avec treuil PCW3000 - Safety Source Fire","isPartOf":{"@id":"https:\/\/safetysourcefire.ca\/#website"},"primaryImageOfPage":{"@id":"https:\/\/safetysourcefire.ca\/product\/forestry-kit-with-pcw3000-winch\/#primaryimage"},"image":{"@id":"https:\/\/safetysourcefire.ca\/product\/forestry-kit-with-pcw3000-winch\/#primaryimage"},"thumbnailUrl":"https:\/\/safetysourcefire.ca\/wp-content\/uploads\/2023\/04\/PCW3000-FK-01.jpg","datePublished":"2023-04-21T19:24:10+00:00","dateModified":"2023-04-21T20:42:56+00:00","breadcrumb":{"@id":"https:\/\/safetysourcefire.ca\/product\/forestry-kit-with-pcw3000-winch\/#breadcrumb"},"inLanguage":"fr-CA","potentialAction":[{"@type":"ReadAction","target":["https:\/\/safetysourcefire.ca\/product\/forestry-kit-with-pcw3000-winch\/"]}]},{"@type":"ImageObject","inLanguage":"fr-CA","@id":"https:\/\/safetysourcefire.ca\/product\/forestry-kit-with-pcw3000-winch\/#primaryimage","url":"https:\/\/safetysourcefire.ca\/wp-content\/uploads\/2023\/04\/PCW3000-FK-01.jpg","contentUrl":"https:\/\/safetysourcefire.ca\/wp-content\/uploads\/2023\/04\/PCW3000-FK-01.jpg","width":600,"height":600,"caption":"Winch Kit"},{"@type":"BreadcrumbList","@id":"https:\/\/safetysourcefire.ca\/product\/forestry-kit-with-pcw3000-winch\/#breadcrumb","itemListElement":[{"@type":"ListItem","position":1,"name":"Home","item":"https:\/\/safetysourcefire.ca\/"},{"@type":"ListItem","position":2,"name":"Products","item":"https:\/\/safetysourcefire.ca\/shop\/"},{"@type":"ListItem","position":3,"name":"Forestry Kit with PCW3000 Winch"}]},{"@type":"WebSite","@id":"https:\/\/safetysourcefire.ca\/#website","url":"https:\/\/safetysourcefire.ca\/","name":"Safety Source Fire","description":"","publisher":{"@id":"https:\/\/safetysourcefire.ca\/#organization"},"potentialAction":[{"@type":"SearchAction","target":{"@type":"EntryPoint","urlTemplate":"https:\/\/safetysourcefire.ca\/?s={search_term_string}"},"query-input":{"@type":"PropertyValueSpecification","valueRequired":true,"valueName":"search_term_string"}}],"inLanguage":"fr-CA"},{"@type":"Organization","@id":"https:\/\/safetysourcefire.ca\/#organization","name":"Safety Source Fire","url":"https:\/\/safetysourcefire.ca\/","logo":{"@type":"ImageObject","inLanguage":"fr-CA","@id":"https:\/\/safetysourcefire.ca\/#\/schema\/logo\/image\/","url":"https:\/\/safetysourcefire.ca\/wp-content\/uploads\/2021\/01\/SSF_logo_CC0000-3.png","contentUrl":"https:\/\/safetysourcefire.ca\/wp-content\/uploads\/2021\/01\/SSF_logo_CC0000-3.png","width":1107,"height":365,"caption":"Safety Source Fire"},"image":{"@id":"https:\/\/safetysourcefire.ca\/#\/schema\/logo\/image\/"},"sameAs":["https:\/\/www.facebook.com\/mmfssca","https:\/\/x.com\/mmfssca"]}]}},"_links":{"self":[{"href":"https:\/\/safetysourcefire.ca\/fr\/wp-json\/wp\/v2\/product\/27660","targetHints":{"allow":["GET"]}}],"collection":[{"href":"https:\/\/safetysourcefire.ca\/fr\/wp-json\/wp\/v2\/product"}],"about":[{"href":"https:\/\/safetysourcefire.ca\/fr\/wp-json\/wp\/v2\/types\/product"}],"wp:featuredmedia":[{"embeddable":true,"href":"https:\/\/safetysourcefire.ca\/fr\/wp-json\/wp\/v2\/media\/27661"}],"wp:attachment":[{"href":"https:\/\/safetysourcefire.ca\/fr\/wp-json\/wp\/v2\/media?parent=27660"}],"wp:term":[{"taxonomy":"product_brand","embeddable":true,"href":"https:\/\/safetysourcefire.ca\/fr\/wp-json\/wp\/v2\/product_brand?post=27660"},{"taxonomy":"product_cat","embeddable":true,"href":"https:\/\/safetysourcefire.ca\/fr\/wp-json\/wp\/v2\/product_cat?post=27660"},{"taxonomy":"product_tag","embeddable":true,"href":"https:\/\/safetysourcefire.ca\/fr\/wp-json\/wp\/v2\/product_tag?post=27660"}],"curies":[{"name":"wp","href":"https:\/\/api.w.org\/{rel}","templated":true}]}}