{"id":27669,"date":"2023-04-25T19:28:42","date_gmt":"2023-04-25T19:28:42","guid":{"rendered":"https:\/\/safetysourcefire.ca\/?post_type=product&#038;p=27669"},"modified":"2023-06-01T17:29:05","modified_gmt":"2023-06-01T17:29:05","slug":"omnishore","status":"publish","type":"product","link":"https:\/\/safetysourcefire.ca\/fr\/produit\/omnishore\/","title":{"rendered":"Syst\u00e8me d&#039;\u00e9taiement OmniShore"},"content":{"rendered":"<p>Con\u00e7u pour \u00e9conomiser du poids et de l&#039;espace sur votre camion<\/p>\n<ul>\n<li style=\"list-style-type: none;\">\n<ul>\n<li>Un seul syst\u00e8me pour toutes les op\u00e9rations d&#039;\u00e9taiement<\/li>\n<li>Construisez n&#039;importe quelle application avec un syst\u00e8me de seulement six entretoises diff\u00e9rentes<\/li>\n<li>Construisez des longueurs jusqu&#039;\u00e0 17 pieds sans avoir besoin de tuyaux d&#039;extension<\/li>\n<\/ul>\n<\/li>\n<\/ul>\n<p>Configuration rapide et facile<\/p>\n<ul>\n<li style=\"list-style-type: none;\">\n<ul>\n<li>Chaque entretoise peut \u00eatre connect\u00e9e \u00e0 n&#039;importe quelle autre entretoise<\/li>\n<li>Chaque accessoire s&#039;adapte aux deux extr\u00e9mit\u00e9s de toutes les entretoises<\/li>\n<li>Deux fois la course du piston vous offre une flexibilit\u00e9 maximale sans mesure exacte<\/li>\n<\/ul>\n<\/li>\n<\/ul>\n<p>S\u00e9curit\u00e9 maximale<\/p>\n<ul>\n<li style=\"list-style-type: none;\">\n<ul>\n<li>Toutes les combinaisons d&#039;entretoises sont autoris\u00e9es et s\u00fbres<\/li>\n<li>Les entretoises les plus solides du march\u00e9<\/li>\n<li>Holmatro a d\u00e9velopp\u00e9 OmniShore selon les crit\u00e8res de test utilis\u00e9s par le sous-groupe US&amp;R Structures de la FEMA pour \u00e9valuer des \u00e9tayages de type similaire.<\/li>\n<\/ul>\n<\/li>\n<\/ul>\n<p>Avec OmniLock, personne n&#039;a besoin d&#039;\u00eatre \u00e0 proximit\u00e9 d&#039;une charge en mouvement<\/p>\n<ul>\n<li style=\"list-style-type: none;\">\n<ul>\n<li>Surveillez et utilisez les entretoises OmniLock \u00e0 distance<\/li>\n<li>OmniLock suit et verrouille automatiquement une charge dans les deux sens<\/li>\n<li>Prenez le contr\u00f4le avec moins de main-d&#039;\u0153uvre gr\u00e2ce \u00e0 la manette sans fil<\/li>\n<\/ul>\n<\/li>\n<\/ul>\n<p>OmniShore offre :<\/p>\n<ul>\n<li>Applications illimit\u00e9es avec moins de pi\u00e8ces<\/li>\n<li>Configuration transparente avec moins de manipulation<\/li>\n<li>Contr\u00f4le total avec moins de main-d&#039;\u0153uvre<\/li>\n<\/ul>\n<p>V\u00e9rifier la <a href=\"https:\/\/www.holmatro.com\/sites\/default\/files\/downloads\/en\/omnishore-en-15027247.pdf\">catalogue<\/a> pour les composants et ensembles disponibles.<\/p>\n<p>&nbsp;<\/p>\n<p><iframe loading=\"lazy\" title=\"Holmatro OmniShore - S\u00e9curit\u00e9 s\u00e9curis\u00e9e.\" width=\"980\" height=\"551\" src=\"https:\/\/www.youtube.com\/embed\/y2I8c_POnEg?feature=oembed&#038;enablejsapi=1&#038;origin=https:\/\/safetysourcefire.ca\" frameborder=\"0\" allow=\"accelerometer; autoplay; clipboard-write; encrypted-media; gyroscope; picture-in-picture; web-share\" allowfullscreen><\/iframe><\/p>\n<p>&nbsp;<\/p>","protected":false},"excerpt":{"rendered":"<p>Les premiers intervenants ont besoin d&#039;un \u00e9quipement d&#039;\u00e9taiement aussi intuitif, polyvalent et intelligent qu&#039;eux. C&#039;est pourquoi Holmatro a d\u00e9velopp\u00e9 OmniShore, un syst\u00e8me d&#039;\u00e9tayage enti\u00e8rement repens\u00e9 et con\u00e7u conform\u00e9ment \u00e0 des normes de qualit\u00e9 et de s\u00e9curit\u00e9 in\u00e9gal\u00e9es.<\/p>","protected":false},"featured_media":27671,"template":"","meta":[],"product_brand":[174],"product_cat":[51,133],"product_tag":[309],"class_list":{"0":"post-27669","1":"product","2":"type-product","3":"status-publish","4":"has-post-thumbnail","6":"product_brand-holmatro","7":"product_cat-rescue","8":"product_cat-stabilization-shoring","9":"product_tag-holmatro","11":"first","12":"instock","13":"featured","14":"shipping-taxable","15":"product-type-simple"},"yoast_head":"<!-- This site is optimized with the Yoast SEO plugin v27.4 - https:\/\/yoast.com\/product\/yoast-seo-wordpress\/ -->\n<title>OmniShore Shoring System - Safety Source Fire<\/title>\n<meta name=\"robots\" content=\"index, follow, max-snippet:-1, max-image-preview:large, max-video-preview:-1\" \/>\n<link rel=\"canonical\" href=\"https:\/\/safetysourcefire.ca\/fr\/produit\/omnishore\/\" \/>\n<meta property=\"og:locale\" content=\"fr_CA\" \/>\n<meta property=\"og:type\" content=\"article\" \/>\n<meta property=\"og:title\" content=\"OmniShore Shoring System - Safety Source Fire\" \/>\n<meta property=\"og:description\" content=\"First responders need shoring equipment that is as intuitive, versatile and smart as they are. That is why Holmatro developed OmniShore, a shoring system reimagined from the ground up and designed in accordance with unparalleled standards of quality and safety.\" \/>\n<meta property=\"og:url\" content=\"https:\/\/safetysourcefire.ca\/fr\/produit\/omnishore\/\" \/>\n<meta property=\"og:site_name\" content=\"Safety Source Fire\" \/>\n<meta property=\"article:publisher\" content=\"https:\/\/www.facebook.com\/mmfssca\" \/>\n<meta property=\"article:modified_time\" content=\"2023-06-01T17:29:05+00:00\" \/>\n<meta property=\"og:image\" content=\"https:\/\/safetysourcefire.ca\/wp-content\/uploads\/2023\/04\/OmniShore.jpg\" \/>\n\t<meta property=\"og:image:width\" content=\"600\" \/>\n\t<meta property=\"og:image:height\" content=\"600\" \/>\n\t<meta property=\"og:image:type\" content=\"image\/jpeg\" \/>\n<meta name=\"twitter:card\" content=\"summary_large_image\" \/>\n<meta name=\"twitter:site\" content=\"@mmfssca\" \/>\n<meta name=\"twitter:label1\" content=\"Estimation du temps de lecture\" \/>\n\t<meta name=\"twitter:data1\" content=\"1 minute\" \/>\n<script type=\"application\/ld+json\" class=\"yoast-schema-graph\">{\"@context\":\"https:\\\/\\\/schema.org\",\"@graph\":[{\"@type\":\"WebPage\",\"@id\":\"https:\\\/\\\/safetysourcefire.ca\\\/product\\\/omnishore\\\/\",\"url\":\"https:\\\/\\\/safetysourcefire.ca\\\/product\\\/omnishore\\\/\",\"name\":\"OmniShore Shoring System - Safety Source Fire\",\"isPartOf\":{\"@id\":\"https:\\\/\\\/safetysourcefire.ca\\\/#website\"},\"primaryImageOfPage\":{\"@id\":\"https:\\\/\\\/safetysourcefire.ca\\\/product\\\/omnishore\\\/#primaryimage\"},\"image\":{\"@id\":\"https:\\\/\\\/safetysourcefire.ca\\\/product\\\/omnishore\\\/#primaryimage\"},\"thumbnailUrl\":\"https:\\\/\\\/safetysourcefire.ca\\\/wp-content\\\/uploads\\\/2023\\\/04\\\/OmniShore.jpg\",\"datePublished\":\"2023-04-25T19:28:42+00:00\",\"dateModified\":\"2023-06-01T17:29:05+00:00\",\"breadcrumb\":{\"@id\":\"https:\\\/\\\/safetysourcefire.ca\\\/product\\\/omnishore\\\/#breadcrumb\"},\"inLanguage\":\"fr-CA\",\"potentialAction\":[{\"@type\":\"ReadAction\",\"target\":[\"https:\\\/\\\/safetysourcefire.ca\\\/product\\\/omnishore\\\/\"]}]},{\"@type\":\"ImageObject\",\"inLanguage\":\"fr-CA\",\"@id\":\"https:\\\/\\\/safetysourcefire.ca\\\/product\\\/omnishore\\\/#primaryimage\",\"url\":\"https:\\\/\\\/safetysourcefire.ca\\\/wp-content\\\/uploads\\\/2023\\\/04\\\/OmniShore.jpg\",\"contentUrl\":\"https:\\\/\\\/safetysourcefire.ca\\\/wp-content\\\/uploads\\\/2023\\\/04\\\/OmniShore.jpg\",\"width\":600,\"height\":600,\"caption\":\"Omnishore catalog cover\"},{\"@type\":\"BreadcrumbList\",\"@id\":\"https:\\\/\\\/safetysourcefire.ca\\\/product\\\/omnishore\\\/#breadcrumb\",\"itemListElement\":[{\"@type\":\"ListItem\",\"position\":1,\"name\":\"Home\",\"item\":\"https:\\\/\\\/safetysourcefire.ca\\\/\"},{\"@type\":\"ListItem\",\"position\":2,\"name\":\"Products\",\"item\":\"https:\\\/\\\/safetysourcefire.ca\\\/shop\\\/\"},{\"@type\":\"ListItem\",\"position\":3,\"name\":\"OmniShore Shoring System\"}]},{\"@type\":\"WebSite\",\"@id\":\"https:\\\/\\\/safetysourcefire.ca\\\/#website\",\"url\":\"https:\\\/\\\/safetysourcefire.ca\\\/\",\"name\":\"Safety Source Fire\",\"description\":\"\",\"publisher\":{\"@id\":\"https:\\\/\\\/safetysourcefire.ca\\\/#organization\"},\"potentialAction\":[{\"@type\":\"SearchAction\",\"target\":{\"@type\":\"EntryPoint\",\"urlTemplate\":\"https:\\\/\\\/safetysourcefire.ca\\\/?s={search_term_string}\"},\"query-input\":{\"@type\":\"PropertyValueSpecification\",\"valueRequired\":true,\"valueName\":\"search_term_string\"}}],\"inLanguage\":\"fr-CA\"},{\"@type\":\"Organization\",\"@id\":\"https:\\\/\\\/safetysourcefire.ca\\\/#organization\",\"name\":\"Safety Source Fire\",\"url\":\"https:\\\/\\\/safetysourcefire.ca\\\/\",\"logo\":{\"@type\":\"ImageObject\",\"inLanguage\":\"fr-CA\",\"@id\":\"https:\\\/\\\/safetysourcefire.ca\\\/#\\\/schema\\\/logo\\\/image\\\/\",\"url\":\"https:\\\/\\\/safetysourcefire.ca\\\/wp-content\\\/uploads\\\/2021\\\/01\\\/SSF_logo_CC0000-3.png\",\"contentUrl\":\"https:\\\/\\\/safetysourcefire.ca\\\/wp-content\\\/uploads\\\/2021\\\/01\\\/SSF_logo_CC0000-3.png\",\"width\":1107,\"height\":365,\"caption\":\"Safety Source Fire\"},\"image\":{\"@id\":\"https:\\\/\\\/safetysourcefire.ca\\\/#\\\/schema\\\/logo\\\/image\\\/\"},\"sameAs\":[\"https:\\\/\\\/www.facebook.com\\\/mmfssca\",\"https:\\\/\\\/x.com\\\/mmfssca\"]}]}<\/script>\n<!-- \/ Yoast SEO plugin. -->","yoast_head_json":{"title":"Syst\u00e8me d&#039;\u00e9taiement OmniShore - Source de s\u00e9curit\u00e9 incendie","robots":{"index":"index","follow":"follow","max-snippet":"max-snippet:-1","max-image-preview":"max-image-preview:large","max-video-preview":"max-video-preview:-1"},"canonical":"https:\/\/safetysourcefire.ca\/fr\/produit\/omnishore\/","og_locale":"fr_CA","og_type":"article","og_title":"OmniShore Shoring System - Safety Source Fire","og_description":"First responders need shoring equipment that is as intuitive, versatile and smart as they are. That is why Holmatro developed OmniShore, a shoring system reimagined from the ground up and designed in accordance with unparalleled standards of quality and safety.","og_url":"https:\/\/safetysourcefire.ca\/fr\/produit\/omnishore\/","og_site_name":"Safety Source Fire","article_publisher":"https:\/\/www.facebook.com\/mmfssca","article_modified_time":"2023-06-01T17:29:05+00:00","og_image":[{"width":600,"height":600,"url":"https:\/\/safetysourcefire.ca\/wp-content\/uploads\/2023\/04\/OmniShore.jpg","type":"image\/jpeg"}],"twitter_card":"summary_large_image","twitter_site":"@mmfssca","twitter_misc":{"Estimation du temps de lecture":"1 minute"},"schema":{"@context":"https:\/\/schema.org","@graph":[{"@type":"WebPage","@id":"https:\/\/safetysourcefire.ca\/product\/omnishore\/","url":"https:\/\/safetysourcefire.ca\/product\/omnishore\/","name":"Syst\u00e8me d&#039;\u00e9taiement OmniShore - Source de s\u00e9curit\u00e9 incendie","isPartOf":{"@id":"https:\/\/safetysourcefire.ca\/#website"},"primaryImageOfPage":{"@id":"https:\/\/safetysourcefire.ca\/product\/omnishore\/#primaryimage"},"image":{"@id":"https:\/\/safetysourcefire.ca\/product\/omnishore\/#primaryimage"},"thumbnailUrl":"https:\/\/safetysourcefire.ca\/wp-content\/uploads\/2023\/04\/OmniShore.jpg","datePublished":"2023-04-25T19:28:42+00:00","dateModified":"2023-06-01T17:29:05+00:00","breadcrumb":{"@id":"https:\/\/safetysourcefire.ca\/product\/omnishore\/#breadcrumb"},"inLanguage":"fr-CA","potentialAction":[{"@type":"ReadAction","target":["https:\/\/safetysourcefire.ca\/product\/omnishore\/"]}]},{"@type":"ImageObject","inLanguage":"fr-CA","@id":"https:\/\/safetysourcefire.ca\/product\/omnishore\/#primaryimage","url":"https:\/\/safetysourcefire.ca\/wp-content\/uploads\/2023\/04\/OmniShore.jpg","contentUrl":"https:\/\/safetysourcefire.ca\/wp-content\/uploads\/2023\/04\/OmniShore.jpg","width":600,"height":600,"caption":"Omnishore catalog cover"},{"@type":"BreadcrumbList","@id":"https:\/\/safetysourcefire.ca\/product\/omnishore\/#breadcrumb","itemListElement":[{"@type":"ListItem","position":1,"name":"Home","item":"https:\/\/safetysourcefire.ca\/"},{"@type":"ListItem","position":2,"name":"Products","item":"https:\/\/safetysourcefire.ca\/shop\/"},{"@type":"ListItem","position":3,"name":"OmniShore Shoring System"}]},{"@type":"WebSite","@id":"https:\/\/safetysourcefire.ca\/#website","url":"https:\/\/safetysourcefire.ca\/","name":"Safety Source Fire","description":"","publisher":{"@id":"https:\/\/safetysourcefire.ca\/#organization"},"potentialAction":[{"@type":"SearchAction","target":{"@type":"EntryPoint","urlTemplate":"https:\/\/safetysourcefire.ca\/?s={search_term_string}"},"query-input":{"@type":"PropertyValueSpecification","valueRequired":true,"valueName":"search_term_string"}}],"inLanguage":"fr-CA"},{"@type":"Organization","@id":"https:\/\/safetysourcefire.ca\/#organization","name":"Safety Source Fire","url":"https:\/\/safetysourcefire.ca\/","logo":{"@type":"ImageObject","inLanguage":"fr-CA","@id":"https:\/\/safetysourcefire.ca\/#\/schema\/logo\/image\/","url":"https:\/\/safetysourcefire.ca\/wp-content\/uploads\/2021\/01\/SSF_logo_CC0000-3.png","contentUrl":"https:\/\/safetysourcefire.ca\/wp-content\/uploads\/2021\/01\/SSF_logo_CC0000-3.png","width":1107,"height":365,"caption":"Safety Source Fire"},"image":{"@id":"https:\/\/safetysourcefire.ca\/#\/schema\/logo\/image\/"},"sameAs":["https:\/\/www.facebook.com\/mmfssca","https:\/\/x.com\/mmfssca"]}]}},"_links":{"self":[{"href":"https:\/\/safetysourcefire.ca\/fr\/wp-json\/wp\/v2\/product\/27669","targetHints":{"allow":["GET"]}}],"collection":[{"href":"https:\/\/safetysourcefire.ca\/fr\/wp-json\/wp\/v2\/product"}],"about":[{"href":"https:\/\/safetysourcefire.ca\/fr\/wp-json\/wp\/v2\/types\/product"}],"wp:featuredmedia":[{"embeddable":true,"href":"https:\/\/safetysourcefire.ca\/fr\/wp-json\/wp\/v2\/media\/27671"}],"wp:attachment":[{"href":"https:\/\/safetysourcefire.ca\/fr\/wp-json\/wp\/v2\/media?parent=27669"}],"wp:term":[{"taxonomy":"product_brand","embeddable":true,"href":"https:\/\/safetysourcefire.ca\/fr\/wp-json\/wp\/v2\/product_brand?post=27669"},{"taxonomy":"product_cat","embeddable":true,"href":"https:\/\/safetysourcefire.ca\/fr\/wp-json\/wp\/v2\/product_cat?post=27669"},{"taxonomy":"product_tag","embeddable":true,"href":"https:\/\/safetysourcefire.ca\/fr\/wp-json\/wp\/v2\/product_tag?post=27669"}],"curies":[{"name":"wp","href":"https:\/\/api.w.org\/{rel}","templated":true}]}}