{"id":27799,"date":"2023-06-01T17:09:42","date_gmt":"2023-06-01T17:09:42","guid":{"rendered":"https:\/\/safetysourcefire.ca\/?post_type=product&#038;p=27799"},"modified":"2023-06-01T17:16:34","modified_gmt":"2023-06-01T17:16:34","slug":"k-1-pace-rescue","status":"publish","type":"product","link":"https:\/\/safetysourcefire.ca\/fr\/produit\/k-1-pace-rescue\/","title":{"rendered":"Sauvetage K 1 PACE"},"content":{"rendered":"<p>\u00c9quip\u00e9 de la fonction de freinage X-Halt\u2122 pour la s\u00e9curit\u00e9 de fonctionnement et d&#039;un prot\u00e8ge-lame en magn\u00e9sium con\u00e7u pour \u00eatre visible dans la fum\u00e9e et les projections d&#039;eau pour une utilisation facile. De faibles vibrations et une machine parfaitement \u00e9quilibr\u00e9e garantissent un fonctionnement plus facile. Aliment\u00e9 par le syst\u00e8me de batterie Husqvarna PACE avec une puissance \u00e9lev\u00e9e et une charge rapide et une correspondance bien adapt\u00e9e avec notre gamme de lames de batterie sp\u00e9cialement con\u00e7ue pour une profondeur de coupe maximale et des performances optimis\u00e9es.<\/p>\n<ul>\n<li>Prot\u00e8ge-lame en magn\u00e9sium<\/li>\n<li>Sangle de transport r\u00e9glable<\/li>\n<li>Puissant<\/li>\n<li>Z\u00e9ro \u00e9mission de CO\u2082 lors de l&#039;utilisation<\/li>\n<li>Fonctionnement s\u00fbr<\/li>\n<li>Souple.<\/li>\n<li>Un choix plus durable<\/li>\n<li>Ergonomique et convivial<\/li>\n<li>Syst\u00e8me de batterie PACE haute puissance<\/li>\n<li>Connectivit\u00e9 int\u00e9gr\u00e9e<\/li>\n<li>Placement intelligent de la batterie<\/li>\n<li>Moteur sans balais efficace<\/li>\n<li>\u00c9quilibre parfait<\/li>\n<li>Poign\u00e9es ergonomiques<\/li>\n<li>Changement facile de la position du prot\u00e8ge-lame<\/li>\n<li>Syst\u00e8me anti-vibration<\/li>\n<\/ul>\n<p>SP\u00c9CIFICATIONS SUP\u00c9RIEURES<br \/>\nSource d&#039;alimentation\u00a0: batterie<br \/>\nProfondeur de coupe, max : 5,7 po<br \/>\nDiam\u00e8tre de la lame, max\u00a0: 14,21\u00a0po<br \/>\nPoids : 17,42 livres<\/p>","protected":false},"excerpt":{"rendered":"<p>La cisaille \u00e0 batterie haute puissance K 1 PACE Rescue offre la puissance et les performances que vous attendez des cisailles \u00e0 essence \u00e9quivalentes.<\/p>","protected":false},"featured_media":27800,"template":"","meta":[],"product_brand":[384],"product_cat":[462,128,465,51,132,463],"product_tag":[386],"class_list":{"0":"post-27799","1":"product","2":"type-product","3":"status-publish","4":"has-post-thumbnail","6":"product_brand-husqvarna","7":"product_cat-emergency-preparedness","8":"product_cat-extrication-rescue","9":"product_cat-hurricane","10":"product_cat-rescue","11":"product_cat-saws","12":"product_cat-wildland-fire","13":"product_tag-husqvarna","15":"first","16":"instock","17":"shipping-taxable","18":"product-type-simple"},"yoast_head":"<!-- This site is optimized with the Yoast SEO plugin v27.5 - https:\/\/yoast.com\/product\/yoast-seo-wordpress\/ -->\n<title>K\u202f1 PACE Rescue - Safety Source Fire<\/title>\n<meta name=\"robots\" content=\"index, follow, max-snippet:-1, max-image-preview:large, max-video-preview:-1\" \/>\n<link rel=\"canonical\" href=\"https:\/\/safetysourcefire.ca\/fr\/produit\/k-1-pace-rescue\/\" \/>\n<meta property=\"og:locale\" content=\"fr_CA\" \/>\n<meta property=\"og:type\" content=\"article\" \/>\n<meta property=\"og:title\" content=\"K\u202f1 PACE Rescue - Safety Source Fire\" \/>\n<meta property=\"og:description\" content=\"K\u202f1\u00a0PACE Rescue high power battery cutter has the power and performance you expect from equivalent petrol-powered cutters.\" \/>\n<meta property=\"og:url\" content=\"https:\/\/safetysourcefire.ca\/fr\/produit\/k-1-pace-rescue\/\" \/>\n<meta property=\"og:site_name\" content=\"Safety Source Fire\" \/>\n<meta property=\"article:publisher\" content=\"https:\/\/www.facebook.com\/mmfssca\" \/>\n<meta property=\"article:modified_time\" content=\"2023-06-01T17:16:34+00:00\" \/>\n<meta property=\"og:image\" content=\"https:\/\/safetysourcefire.ca\/wp-content\/uploads\/2023\/06\/K1Pace1.jpg\" \/>\n\t<meta property=\"og:image:width\" content=\"600\" \/>\n\t<meta property=\"og:image:height\" content=\"600\" \/>\n\t<meta property=\"og:image:type\" content=\"image\/jpeg\" \/>\n<meta name=\"twitter:card\" content=\"summary_large_image\" \/>\n<meta name=\"twitter:site\" content=\"@mmfssca\" \/>\n<meta name=\"twitter:label1\" content=\"Estimation du temps de lecture\" \/>\n\t<meta name=\"twitter:data1\" content=\"1 minute\" \/>\n<script type=\"application\/ld+json\" class=\"yoast-schema-graph\">{\"@context\":\"https:\\\/\\\/schema.org\",\"@graph\":[{\"@type\":\"WebPage\",\"@id\":\"https:\\\/\\\/safetysourcefire.ca\\\/product\\\/k-1-pace-rescue\\\/\",\"url\":\"https:\\\/\\\/safetysourcefire.ca\\\/product\\\/k-1-pace-rescue\\\/\",\"name\":\"K\u202f1 PACE Rescue - Safety Source Fire\",\"isPartOf\":{\"@id\":\"https:\\\/\\\/safetysourcefire.ca\\\/#website\"},\"primaryImageOfPage\":{\"@id\":\"https:\\\/\\\/safetysourcefire.ca\\\/product\\\/k-1-pace-rescue\\\/#primaryimage\"},\"image\":{\"@id\":\"https:\\\/\\\/safetysourcefire.ca\\\/product\\\/k-1-pace-rescue\\\/#primaryimage\"},\"thumbnailUrl\":\"https:\\\/\\\/safetysourcefire.ca\\\/wp-content\\\/uploads\\\/2023\\\/06\\\/K1Pace1.jpg\",\"datePublished\":\"2023-06-01T17:09:42+00:00\",\"dateModified\":\"2023-06-01T17:16:34+00:00\",\"breadcrumb\":{\"@id\":\"https:\\\/\\\/safetysourcefire.ca\\\/product\\\/k-1-pace-rescue\\\/#breadcrumb\"},\"inLanguage\":\"fr-CA\",\"potentialAction\":[{\"@type\":\"ReadAction\",\"target\":[\"https:\\\/\\\/safetysourcefire.ca\\\/product\\\/k-1-pace-rescue\\\/\"]}]},{\"@type\":\"ImageObject\",\"inLanguage\":\"fr-CA\",\"@id\":\"https:\\\/\\\/safetysourcefire.ca\\\/product\\\/k-1-pace-rescue\\\/#primaryimage\",\"url\":\"https:\\\/\\\/safetysourcefire.ca\\\/wp-content\\\/uploads\\\/2023\\\/06\\\/K1Pace1.jpg\",\"contentUrl\":\"https:\\\/\\\/safetysourcefire.ca\\\/wp-content\\\/uploads\\\/2023\\\/06\\\/K1Pace1.jpg\",\"width\":600,\"height\":600,\"caption\":\"K1 Pace Rescue Saw\"},{\"@type\":\"BreadcrumbList\",\"@id\":\"https:\\\/\\\/safetysourcefire.ca\\\/product\\\/k-1-pace-rescue\\\/#breadcrumb\",\"itemListElement\":[{\"@type\":\"ListItem\",\"position\":1,\"name\":\"Home\",\"item\":\"https:\\\/\\\/safetysourcefire.ca\\\/\"},{\"@type\":\"ListItem\",\"position\":2,\"name\":\"Products\",\"item\":\"https:\\\/\\\/safetysourcefire.ca\\\/shop\\\/\"},{\"@type\":\"ListItem\",\"position\":3,\"name\":\"K\u202f1 PACE Rescue\"}]},{\"@type\":\"WebSite\",\"@id\":\"https:\\\/\\\/safetysourcefire.ca\\\/#website\",\"url\":\"https:\\\/\\\/safetysourcefire.ca\\\/\",\"name\":\"Safety Source Fire\",\"description\":\"\",\"publisher\":{\"@id\":\"https:\\\/\\\/safetysourcefire.ca\\\/#organization\"},\"potentialAction\":[{\"@type\":\"SearchAction\",\"target\":{\"@type\":\"EntryPoint\",\"urlTemplate\":\"https:\\\/\\\/safetysourcefire.ca\\\/?s={search_term_string}\"},\"query-input\":{\"@type\":\"PropertyValueSpecification\",\"valueRequired\":true,\"valueName\":\"search_term_string\"}}],\"inLanguage\":\"fr-CA\"},{\"@type\":\"Organization\",\"@id\":\"https:\\\/\\\/safetysourcefire.ca\\\/#organization\",\"name\":\"Safety Source Fire\",\"url\":\"https:\\\/\\\/safetysourcefire.ca\\\/\",\"logo\":{\"@type\":\"ImageObject\",\"inLanguage\":\"fr-CA\",\"@id\":\"https:\\\/\\\/safetysourcefire.ca\\\/#\\\/schema\\\/logo\\\/image\\\/\",\"url\":\"https:\\\/\\\/safetysourcefire.ca\\\/wp-content\\\/uploads\\\/2021\\\/01\\\/SSF_logo_CC0000-3.png\",\"contentUrl\":\"https:\\\/\\\/safetysourcefire.ca\\\/wp-content\\\/uploads\\\/2021\\\/01\\\/SSF_logo_CC0000-3.png\",\"width\":1107,\"height\":365,\"caption\":\"Safety Source Fire\"},\"image\":{\"@id\":\"https:\\\/\\\/safetysourcefire.ca\\\/#\\\/schema\\\/logo\\\/image\\\/\"},\"sameAs\":[\"https:\\\/\\\/www.facebook.com\\\/mmfssca\",\"https:\\\/\\\/x.com\\\/mmfssca\"]}]}<\/script>\n<!-- \/ Yoast SEO plugin. -->","yoast_head_json":{"title":"K 1 PACE Rescue - S\u00e9curit\u00e9 incendie source","robots":{"index":"index","follow":"follow","max-snippet":"max-snippet:-1","max-image-preview":"max-image-preview:large","max-video-preview":"max-video-preview:-1"},"canonical":"https:\/\/safetysourcefire.ca\/fr\/produit\/k-1-pace-rescue\/","og_locale":"fr_CA","og_type":"article","og_title":"K\u202f1 PACE Rescue - Safety Source Fire","og_description":"K\u202f1\u00a0PACE Rescue high power battery cutter has the power and performance you expect from equivalent petrol-powered cutters.","og_url":"https:\/\/safetysourcefire.ca\/fr\/produit\/k-1-pace-rescue\/","og_site_name":"Safety Source Fire","article_publisher":"https:\/\/www.facebook.com\/mmfssca","article_modified_time":"2023-06-01T17:16:34+00:00","og_image":[{"width":600,"height":600,"url":"https:\/\/safetysourcefire.ca\/wp-content\/uploads\/2023\/06\/K1Pace1.jpg","type":"image\/jpeg"}],"twitter_card":"summary_large_image","twitter_site":"@mmfssca","twitter_misc":{"Estimation du temps de lecture":"1 minute"},"schema":{"@context":"https:\/\/schema.org","@graph":[{"@type":"WebPage","@id":"https:\/\/safetysourcefire.ca\/product\/k-1-pace-rescue\/","url":"https:\/\/safetysourcefire.ca\/product\/k-1-pace-rescue\/","name":"K 1 PACE Rescue - S\u00e9curit\u00e9 incendie source","isPartOf":{"@id":"https:\/\/safetysourcefire.ca\/#website"},"primaryImageOfPage":{"@id":"https:\/\/safetysourcefire.ca\/product\/k-1-pace-rescue\/#primaryimage"},"image":{"@id":"https:\/\/safetysourcefire.ca\/product\/k-1-pace-rescue\/#primaryimage"},"thumbnailUrl":"https:\/\/safetysourcefire.ca\/wp-content\/uploads\/2023\/06\/K1Pace1.jpg","datePublished":"2023-06-01T17:09:42+00:00","dateModified":"2023-06-01T17:16:34+00:00","breadcrumb":{"@id":"https:\/\/safetysourcefire.ca\/product\/k-1-pace-rescue\/#breadcrumb"},"inLanguage":"fr-CA","potentialAction":[{"@type":"ReadAction","target":["https:\/\/safetysourcefire.ca\/product\/k-1-pace-rescue\/"]}]},{"@type":"ImageObject","inLanguage":"fr-CA","@id":"https:\/\/safetysourcefire.ca\/product\/k-1-pace-rescue\/#primaryimage","url":"https:\/\/safetysourcefire.ca\/wp-content\/uploads\/2023\/06\/K1Pace1.jpg","contentUrl":"https:\/\/safetysourcefire.ca\/wp-content\/uploads\/2023\/06\/K1Pace1.jpg","width":600,"height":600,"caption":"K1 Pace Rescue Saw"},{"@type":"BreadcrumbList","@id":"https:\/\/safetysourcefire.ca\/product\/k-1-pace-rescue\/#breadcrumb","itemListElement":[{"@type":"ListItem","position":1,"name":"Home","item":"https:\/\/safetysourcefire.ca\/"},{"@type":"ListItem","position":2,"name":"Products","item":"https:\/\/safetysourcefire.ca\/shop\/"},{"@type":"ListItem","position":3,"name":"K\u202f1 PACE Rescue"}]},{"@type":"WebSite","@id":"https:\/\/safetysourcefire.ca\/#website","url":"https:\/\/safetysourcefire.ca\/","name":"Safety Source Fire","description":"","publisher":{"@id":"https:\/\/safetysourcefire.ca\/#organization"},"potentialAction":[{"@type":"SearchAction","target":{"@type":"EntryPoint","urlTemplate":"https:\/\/safetysourcefire.ca\/?s={search_term_string}"},"query-input":{"@type":"PropertyValueSpecification","valueRequired":true,"valueName":"search_term_string"}}],"inLanguage":"fr-CA"},{"@type":"Organization","@id":"https:\/\/safetysourcefire.ca\/#organization","name":"Safety Source Fire","url":"https:\/\/safetysourcefire.ca\/","logo":{"@type":"ImageObject","inLanguage":"fr-CA","@id":"https:\/\/safetysourcefire.ca\/#\/schema\/logo\/image\/","url":"https:\/\/safetysourcefire.ca\/wp-content\/uploads\/2021\/01\/SSF_logo_CC0000-3.png","contentUrl":"https:\/\/safetysourcefire.ca\/wp-content\/uploads\/2021\/01\/SSF_logo_CC0000-3.png","width":1107,"height":365,"caption":"Safety Source Fire"},"image":{"@id":"https:\/\/safetysourcefire.ca\/#\/schema\/logo\/image\/"},"sameAs":["https:\/\/www.facebook.com\/mmfssca","https:\/\/x.com\/mmfssca"]}]}},"_links":{"self":[{"href":"https:\/\/safetysourcefire.ca\/fr\/wp-json\/wp\/v2\/product\/27799","targetHints":{"allow":["GET"]}}],"collection":[{"href":"https:\/\/safetysourcefire.ca\/fr\/wp-json\/wp\/v2\/product"}],"about":[{"href":"https:\/\/safetysourcefire.ca\/fr\/wp-json\/wp\/v2\/types\/product"}],"wp:featuredmedia":[{"embeddable":true,"href":"https:\/\/safetysourcefire.ca\/fr\/wp-json\/wp\/v2\/media\/27800"}],"wp:attachment":[{"href":"https:\/\/safetysourcefire.ca\/fr\/wp-json\/wp\/v2\/media?parent=27799"}],"wp:term":[{"taxonomy":"product_brand","embeddable":true,"href":"https:\/\/safetysourcefire.ca\/fr\/wp-json\/wp\/v2\/product_brand?post=27799"},{"taxonomy":"product_cat","embeddable":true,"href":"https:\/\/safetysourcefire.ca\/fr\/wp-json\/wp\/v2\/product_cat?post=27799"},{"taxonomy":"product_tag","embeddable":true,"href":"https:\/\/safetysourcefire.ca\/fr\/wp-json\/wp\/v2\/product_tag?post=27799"}],"curies":[{"name":"wp","href":"https:\/\/api.w.org\/{rel}","templated":true}]}}