{"id":27822,"date":"2023-06-09T15:15:10","date_gmt":"2023-06-09T15:15:10","guid":{"rendered":"https:\/\/safetysourcefire.ca\/?post_type=product&#038;p=27822"},"modified":"2026-03-23T17:28:38","modified_gmt":"2026-03-23T17:28:38","slug":"mini-striker-lightweight-high-pressure-pump","status":"publish","type":"product","link":"https:\/\/safetysourcefire.ca\/fr\/produit\/mini-striker-lightweight-high-pressure-pump\/","title":{"rendered":"Pompe haute pression l\u00e9g\u00e8re MINI-STRIKER\u00ae"},"content":{"rendered":"<p>La MINI-STRIKER\u00ae est une pompe portable et l\u00e9g\u00e8re, id\u00e9ale pour les interventions initiales et tr\u00e8s appr\u00e9ci\u00e9e pour les applications sur ch\u00e2ssis d&#039;entr\u00e9e de gamme. La pompe incendie MINI-STRIKER\u00ae combine un bloc de pompage monobloc aliment\u00e9 par un moteur Honda 4 temps de 2,5 CV fiable, pour des performances exceptionnelles.<\/p>\n<p>APPLICATIONS<\/p>\n<ul>\n<li>Lutte contre les incendies d&#039;attaque initiale<\/li>\n<li>Op\u00e9rations de gicleurs<\/li>\n<li>Unit\u00e9s \u00e0 enfiler d&#039;entr\u00e9e de gamme<\/li>\n<li>Protection du chalet<\/li>\n<\/ul>\n<p>CARACT\u00c9RISTIQUES ET AVANTAGES<\/p>\n<ul>\n<li>Composants de pompe en alliage d&#039;aluminium l\u00e9ger<\/li>\n<li>Portatif et compact<\/li>\n<li>Moteur Honda 4 temps fiable<\/li>\n<li>Poign\u00e9e de transport robuste<\/li>\n<li>R\u00e9servoir de carburant int\u00e9gr\u00e9<\/li>\n<li>Syst\u00e8me de chariot cl\u00e9 en main en option<\/li>\n<\/ul>\n<p>CONFIGURATIONS<\/p>\n<ul>\n<li>Portable (MSTR-P) : Base plate en poly\u00e9thyl\u00e8ne noir avec quatre coussinets en caoutchouc. Unit\u00e9 \u00e9galement fournie avec une seule poign\u00e9e de transport composite noire mont\u00e9e sur le dessus pour le transport.<\/li>\n<li>Mont\u00e9 sur v\u00e9hicule (MSTR-V) : quatre isolateurs industriels mont\u00e9s directement sur la base du moteur avec filetage femelle M6 x 1,0.<\/li>\n<li><a href=\"https:\/\/safetysourcefire.ca\/fr\/produit\/mini-striker-2-5-hp-firefighting-skid-deck\/\">Plate-forme de d\u00e9rapage <\/a>(MSTR-SD) : Combine le MINI-STRIKER\u00ae avec une tuyauterie non corrosive mont\u00e9e sur un copolym\u00e8re de polypropyl\u00e8ne.<\/li>\n<\/ul>\n<p><a href=\"https:\/\/waterax.imgix.net\/products\/documents\/mini-striker-one-pager.pdf\">Mini-Striker - Fiche descriptive<\/a><\/p>\n<p><a href=\"https:\/\/waterax.imgix.net\/products\/documents\/MINI-STRIKER%20Matrix.pdf\">Matrice de s\u00e9lection des produits Mini-Striker<\/a><\/p>\n<p style=\"text-align: center;\"><iframe class=\"youtube-video\" title=\"lecteur vid\u00e9o YouTube\" src=\"https:\/\/www.youtube.com\/embed\/0MoX0BUs-gM?si=HG3P-lWr2coRsm4S\" frameborder=\"0\" allowfullscreen=\"allowfullscreen\"><span data-mce-type=\"bookmark\" style=\"display: inline-block; width: 0px; overflow: hidden; line-height: 0;\" class=\"mce_SELRES_start\"><\/span><\/iframe><\/p>\n<p>&nbsp;<\/p>","protected":false},"excerpt":{"rendered":"<p>Le MINI-STRIKER\u00ae est une pompe portative et l\u00e9g\u00e8re qui convient bien aux op\u00e9rations d&#039;attaque initiale et est un choix tr\u00e8s populaire pour les applications sur patins d&#039;entr\u00e9e de gamme.<\/p>","protected":false},"featured_media":27824,"template":"","meta":[],"product_brand":[185],"product_cat":[462,44,68,608,463],"product_tag":[358],"class_list":{"0":"post-27822","1":"product","2":"type-product","3":"status-publish","4":"has-post-thumbnail","6":"product_brand-waterax","7":"product_cat-emergency-preparedness","8":"product_cat-fire-suppression","9":"product_cat-portable-pumps","10":"product_cat-vehicle-mounted-pumps","11":"product_cat-wildland-fire","12":"product_tag-waterax","14":"first","15":"instock","16":"shipping-taxable","17":"product-type-simple"},"yoast_head":"<!-- This site is optimized with the Yoast SEO plugin v27.4 - https:\/\/yoast.com\/product\/yoast-seo-wordpress\/ -->\n<title>MINI-STRIKER\u00ae Lightweight High-Pressure Pump - Safety Source Fire<\/title>\n<meta name=\"robots\" content=\"index, follow, max-snippet:-1, max-image-preview:large, max-video-preview:-1\" \/>\n<link rel=\"canonical\" href=\"https:\/\/safetysourcefire.ca\/fr\/produit\/mini-striker-lightweight-high-pressure-pump\/\" \/>\n<meta property=\"og:locale\" content=\"fr_CA\" \/>\n<meta property=\"og:type\" content=\"article\" \/>\n<meta property=\"og:title\" content=\"MINI-STRIKER\u00ae Lightweight High-Pressure Pump - Safety Source Fire\" \/>\n<meta property=\"og:description\" content=\"The MINI-STRIKER\u00ae is a portable and lightweight pump that is well suited for initial attack operations and is a very popular choice for entry level skid applications.\" \/>\n<meta property=\"og:url\" content=\"https:\/\/safetysourcefire.ca\/fr\/produit\/mini-striker-lightweight-high-pressure-pump\/\" \/>\n<meta property=\"og:site_name\" content=\"Safety Source Fire\" \/>\n<meta property=\"article:publisher\" content=\"https:\/\/www.facebook.com\/mmfssca\" \/>\n<meta property=\"article:modified_time\" content=\"2026-03-23T17:28:38+00:00\" \/>\n<meta property=\"og:image\" content=\"https:\/\/safetysourcefire.ca\/wp-content\/uploads\/2023\/06\/MSTR-P.jpg\" \/>\n\t<meta property=\"og:image:width\" content=\"600\" \/>\n\t<meta property=\"og:image:height\" content=\"600\" \/>\n\t<meta property=\"og:image:type\" content=\"image\/jpeg\" \/>\n<meta name=\"twitter:card\" content=\"summary_large_image\" \/>\n<meta name=\"twitter:site\" content=\"@mmfssca\" \/>\n<meta name=\"twitter:label1\" content=\"Estimation du temps de lecture\" \/>\n\t<meta name=\"twitter:data1\" content=\"1 minute\" \/>\n<script type=\"application\/ld+json\" class=\"yoast-schema-graph\">{\"@context\":\"https:\\\/\\\/schema.org\",\"@graph\":[{\"@type\":\"WebPage\",\"@id\":\"https:\\\/\\\/safetysourcefire.ca\\\/product\\\/mini-striker-lightweight-high-pressure-pump\\\/\",\"url\":\"https:\\\/\\\/safetysourcefire.ca\\\/product\\\/mini-striker-lightweight-high-pressure-pump\\\/\",\"name\":\"MINI-STRIKER\u00ae Lightweight High-Pressure Pump - Safety Source Fire\",\"isPartOf\":{\"@id\":\"https:\\\/\\\/safetysourcefire.ca\\\/#website\"},\"primaryImageOfPage\":{\"@id\":\"https:\\\/\\\/safetysourcefire.ca\\\/product\\\/mini-striker-lightweight-high-pressure-pump\\\/#primaryimage\"},\"image\":{\"@id\":\"https:\\\/\\\/safetysourcefire.ca\\\/product\\\/mini-striker-lightweight-high-pressure-pump\\\/#primaryimage\"},\"thumbnailUrl\":\"https:\\\/\\\/safetysourcefire.ca\\\/wp-content\\\/uploads\\\/2023\\\/06\\\/MSTR-P.jpg\",\"datePublished\":\"2023-06-09T15:15:10+00:00\",\"dateModified\":\"2026-03-23T17:28:38+00:00\",\"breadcrumb\":{\"@id\":\"https:\\\/\\\/safetysourcefire.ca\\\/product\\\/mini-striker-lightweight-high-pressure-pump\\\/#breadcrumb\"},\"inLanguage\":\"fr-CA\",\"potentialAction\":[{\"@type\":\"ReadAction\",\"target\":[\"https:\\\/\\\/safetysourcefire.ca\\\/product\\\/mini-striker-lightweight-high-pressure-pump\\\/\"]}]},{\"@type\":\"ImageObject\",\"inLanguage\":\"fr-CA\",\"@id\":\"https:\\\/\\\/safetysourcefire.ca\\\/product\\\/mini-striker-lightweight-high-pressure-pump\\\/#primaryimage\",\"url\":\"https:\\\/\\\/safetysourcefire.ca\\\/wp-content\\\/uploads\\\/2023\\\/06\\\/MSTR-P.jpg\",\"contentUrl\":\"https:\\\/\\\/safetysourcefire.ca\\\/wp-content\\\/uploads\\\/2023\\\/06\\\/MSTR-P.jpg\",\"width\":600,\"height\":600,\"caption\":\"mini-striker portable\"},{\"@type\":\"BreadcrumbList\",\"@id\":\"https:\\\/\\\/safetysourcefire.ca\\\/product\\\/mini-striker-lightweight-high-pressure-pump\\\/#breadcrumb\",\"itemListElement\":[{\"@type\":\"ListItem\",\"position\":1,\"name\":\"Home\",\"item\":\"https:\\\/\\\/safetysourcefire.ca\\\/\"},{\"@type\":\"ListItem\",\"position\":2,\"name\":\"Products\",\"item\":\"https:\\\/\\\/safetysourcefire.ca\\\/shop\\\/\"},{\"@type\":\"ListItem\",\"position\":3,\"name\":\"MINI-STRIKER\u00ae Lightweight High-Pressure Pump\"}]},{\"@type\":\"WebSite\",\"@id\":\"https:\\\/\\\/safetysourcefire.ca\\\/#website\",\"url\":\"https:\\\/\\\/safetysourcefire.ca\\\/\",\"name\":\"Safety Source Fire\",\"description\":\"\",\"publisher\":{\"@id\":\"https:\\\/\\\/safetysourcefire.ca\\\/#organization\"},\"potentialAction\":[{\"@type\":\"SearchAction\",\"target\":{\"@type\":\"EntryPoint\",\"urlTemplate\":\"https:\\\/\\\/safetysourcefire.ca\\\/?s={search_term_string}\"},\"query-input\":{\"@type\":\"PropertyValueSpecification\",\"valueRequired\":true,\"valueName\":\"search_term_string\"}}],\"inLanguage\":\"fr-CA\"},{\"@type\":\"Organization\",\"@id\":\"https:\\\/\\\/safetysourcefire.ca\\\/#organization\",\"name\":\"Safety Source Fire\",\"url\":\"https:\\\/\\\/safetysourcefire.ca\\\/\",\"logo\":{\"@type\":\"ImageObject\",\"inLanguage\":\"fr-CA\",\"@id\":\"https:\\\/\\\/safetysourcefire.ca\\\/#\\\/schema\\\/logo\\\/image\\\/\",\"url\":\"https:\\\/\\\/safetysourcefire.ca\\\/wp-content\\\/uploads\\\/2021\\\/01\\\/SSF_logo_CC0000-3.png\",\"contentUrl\":\"https:\\\/\\\/safetysourcefire.ca\\\/wp-content\\\/uploads\\\/2021\\\/01\\\/SSF_logo_CC0000-3.png\",\"width\":1107,\"height\":365,\"caption\":\"Safety Source Fire\"},\"image\":{\"@id\":\"https:\\\/\\\/safetysourcefire.ca\\\/#\\\/schema\\\/logo\\\/image\\\/\"},\"sameAs\":[\"https:\\\/\\\/www.facebook.com\\\/mmfssca\",\"https:\\\/\\\/x.com\\\/mmfssca\"]}]}<\/script>\n<!-- \/ Yoast SEO plugin. -->","yoast_head_json":{"title":"MINI-STRIKER\u00ae Lightweight High-Pressure Pump - Safety Source Fire","robots":{"index":"index","follow":"follow","max-snippet":"max-snippet:-1","max-image-preview":"max-image-preview:large","max-video-preview":"max-video-preview:-1"},"canonical":"https:\/\/safetysourcefire.ca\/fr\/produit\/mini-striker-lightweight-high-pressure-pump\/","og_locale":"fr_CA","og_type":"article","og_title":"MINI-STRIKER\u00ae Lightweight High-Pressure Pump - Safety Source Fire","og_description":"The MINI-STRIKER\u00ae is a portable and lightweight pump that is well suited for initial attack operations and is a very popular choice for entry level skid applications.","og_url":"https:\/\/safetysourcefire.ca\/fr\/produit\/mini-striker-lightweight-high-pressure-pump\/","og_site_name":"Safety Source Fire","article_publisher":"https:\/\/www.facebook.com\/mmfssca","article_modified_time":"2026-03-23T17:28:38+00:00","og_image":[{"width":600,"height":600,"url":"https:\/\/safetysourcefire.ca\/wp-content\/uploads\/2023\/06\/MSTR-P.jpg","type":"image\/jpeg"}],"twitter_card":"summary_large_image","twitter_site":"@mmfssca","twitter_misc":{"Estimation du temps de lecture":"1 minute"},"schema":{"@context":"https:\/\/schema.org","@graph":[{"@type":"WebPage","@id":"https:\/\/safetysourcefire.ca\/product\/mini-striker-lightweight-high-pressure-pump\/","url":"https:\/\/safetysourcefire.ca\/product\/mini-striker-lightweight-high-pressure-pump\/","name":"MINI-STRIKER\u00ae Lightweight High-Pressure Pump - Safety Source Fire","isPartOf":{"@id":"https:\/\/safetysourcefire.ca\/#website"},"primaryImageOfPage":{"@id":"https:\/\/safetysourcefire.ca\/product\/mini-striker-lightweight-high-pressure-pump\/#primaryimage"},"image":{"@id":"https:\/\/safetysourcefire.ca\/product\/mini-striker-lightweight-high-pressure-pump\/#primaryimage"},"thumbnailUrl":"https:\/\/safetysourcefire.ca\/wp-content\/uploads\/2023\/06\/MSTR-P.jpg","datePublished":"2023-06-09T15:15:10+00:00","dateModified":"2026-03-23T17:28:38+00:00","breadcrumb":{"@id":"https:\/\/safetysourcefire.ca\/product\/mini-striker-lightweight-high-pressure-pump\/#breadcrumb"},"inLanguage":"fr-CA","potentialAction":[{"@type":"ReadAction","target":["https:\/\/safetysourcefire.ca\/product\/mini-striker-lightweight-high-pressure-pump\/"]}]},{"@type":"ImageObject","inLanguage":"fr-CA","@id":"https:\/\/safetysourcefire.ca\/product\/mini-striker-lightweight-high-pressure-pump\/#primaryimage","url":"https:\/\/safetysourcefire.ca\/wp-content\/uploads\/2023\/06\/MSTR-P.jpg","contentUrl":"https:\/\/safetysourcefire.ca\/wp-content\/uploads\/2023\/06\/MSTR-P.jpg","width":600,"height":600,"caption":"mini-striker portable"},{"@type":"BreadcrumbList","@id":"https:\/\/safetysourcefire.ca\/product\/mini-striker-lightweight-high-pressure-pump\/#breadcrumb","itemListElement":[{"@type":"ListItem","position":1,"name":"Home","item":"https:\/\/safetysourcefire.ca\/"},{"@type":"ListItem","position":2,"name":"Products","item":"https:\/\/safetysourcefire.ca\/shop\/"},{"@type":"ListItem","position":3,"name":"MINI-STRIKER\u00ae Lightweight High-Pressure Pump"}]},{"@type":"WebSite","@id":"https:\/\/safetysourcefire.ca\/#website","url":"https:\/\/safetysourcefire.ca\/","name":"Safety Source Fire","description":"","publisher":{"@id":"https:\/\/safetysourcefire.ca\/#organization"},"potentialAction":[{"@type":"SearchAction","target":{"@type":"EntryPoint","urlTemplate":"https:\/\/safetysourcefire.ca\/?s={search_term_string}"},"query-input":{"@type":"PropertyValueSpecification","valueRequired":true,"valueName":"search_term_string"}}],"inLanguage":"fr-CA"},{"@type":"Organization","@id":"https:\/\/safetysourcefire.ca\/#organization","name":"Safety Source Fire","url":"https:\/\/safetysourcefire.ca\/","logo":{"@type":"ImageObject","inLanguage":"fr-CA","@id":"https:\/\/safetysourcefire.ca\/#\/schema\/logo\/image\/","url":"https:\/\/safetysourcefire.ca\/wp-content\/uploads\/2021\/01\/SSF_logo_CC0000-3.png","contentUrl":"https:\/\/safetysourcefire.ca\/wp-content\/uploads\/2021\/01\/SSF_logo_CC0000-3.png","width":1107,"height":365,"caption":"Safety Source Fire"},"image":{"@id":"https:\/\/safetysourcefire.ca\/#\/schema\/logo\/image\/"},"sameAs":["https:\/\/www.facebook.com\/mmfssca","https:\/\/x.com\/mmfssca"]}]}},"_links":{"self":[{"href":"https:\/\/safetysourcefire.ca\/fr\/wp-json\/wp\/v2\/product\/27822","targetHints":{"allow":["GET"]}}],"collection":[{"href":"https:\/\/safetysourcefire.ca\/fr\/wp-json\/wp\/v2\/product"}],"about":[{"href":"https:\/\/safetysourcefire.ca\/fr\/wp-json\/wp\/v2\/types\/product"}],"wp:featuredmedia":[{"embeddable":true,"href":"https:\/\/safetysourcefire.ca\/fr\/wp-json\/wp\/v2\/media\/27824"}],"wp:attachment":[{"href":"https:\/\/safetysourcefire.ca\/fr\/wp-json\/wp\/v2\/media?parent=27822"}],"wp:term":[{"taxonomy":"product_brand","embeddable":true,"href":"https:\/\/safetysourcefire.ca\/fr\/wp-json\/wp\/v2\/product_brand?post=27822"},{"taxonomy":"product_cat","embeddable":true,"href":"https:\/\/safetysourcefire.ca\/fr\/wp-json\/wp\/v2\/product_cat?post=27822"},{"taxonomy":"product_tag","embeddable":true,"href":"https:\/\/safetysourcefire.ca\/fr\/wp-json\/wp\/v2\/product_tag?post=27822"}],"curies":[{"name":"wp","href":"https:\/\/api.w.org\/{rel}","templated":true}]}}