{"id":27843,"date":"2023-06-16T19:03:16","date_gmt":"2023-06-16T19:03:16","guid":{"rendered":"https:\/\/safetysourcefire.ca\/?post_type=product&#038;p=27843"},"modified":"2025-05-26T15:38:02","modified_gmt":"2025-05-26T15:38:02","slug":"quickee","status":"publish","type":"product","link":"https:\/\/safetysourcefire.ca\/fr\/produit\/quickee\/","title":{"rendered":"Rapide"},"content":{"rendered":"<p>De sa facilit\u00e9 de transport \u00e0 sa configuration rapide, vous entrerez et sortirez avant de vous en rendre compte. Il peut \u00eatre inclin\u00e9 \u00e0 n&#039;importe quel angle entre 0 et 180 degr\u00e9s, et il peut \u00eatre charg\u00e9 en trois heures gr\u00e2ce \u00e0 un indicateur de capacit\u00e9 de la batterie affich\u00e9 sur l&#039;interface de l&#039;op\u00e9rateur.<\/p>\n<ul>\n<li>Taille de la lame\u00a0: 20\u00a0po (508\u00a0mm)<\/li>\n<li>Taille\u00a0: 21&quot;x21&quot;x10 \u00bc&quot; (534 mm x 534 mm x 260 mm)<\/li>\n<li>Poids : 46 livres (21 kg)<\/li>\n<li>CFM maximum\u00a0: 11\u00a0400 \u00e9quivalents AMCA (19\u00a0369 m3\/h)<\/li>\n<li>D\u00e9bit d&#039;air libre\u00a0: 24\u00a0000 CFM (40\u00a0820 m3\/h)<\/li>\n<li>Batterie : Li-Ion<\/li>\n<li>Autonomie\u00a0:\u00a040+ minutes \u00e0 11\u00a0400 CFM (19\u00a0369 m3\/h), 4+ heures \u00e0 6\u00a0500 CFM (11\u00a0045 m3\/h)<\/li>\n<li>Temps de charge : 0% \u2013 90% en 1 heure 45 minutes. Temps de charge complet 3 heures. Aucun souvenir.<\/li>\n<li>Cycle de vie de la batterie : jusqu&#039;\u00e0 500 d\u00e9charges compl\u00e8tes, standard de l&#039;industrie.<\/li>\n<li>Double alimentation : fonctionne sur batterie ou sur secteur, commutation automatique transparente.<\/li>\n<li>Indice de protection : IP-67<\/li>\n<li>Son : 87 dB \u00e0 10 pi (3 m)<\/li>\n<li>Inclinaison : 0 \u2013 180 degr\u00e9s<\/li>\n<li>Indicateur de capacit\u00e9 de la batterie<\/li>\n<li>LED d&#039;\u00e9clairage de chemin d&#039;angle r\u00e9glable<\/li>\n<li>2 ans de garantie<\/li>\n<\/ul>","protected":false},"excerpt":{"rendered":"<p>Construit sur la m\u00eame technologie que le BH-20, avec des performances accrues dans un bo\u00eetier plus petit et plus l\u00e9ger, le Quickee est l&#039;une des unit\u00e9s les plus efficaces et efficaces sur le march\u00e9.<\/p>","protected":false},"featured_media":27856,"template":"","meta":[],"product_brand":[196],"product_cat":[129,51],"product_tag":[264],"class_list":{"0":"post-27843","1":"product","2":"type-product","3":"status-publish","4":"has-post-thumbnail","6":"product_brand-blowhard","7":"product_cat-fans","8":"product_cat-rescue","9":"product_tag-blowhard","11":"first","12":"instock","13":"shipping-taxable","14":"product-type-simple"},"yoast_head":"<!-- This site is optimized with the Yoast SEO plugin v27.5 - https:\/\/yoast.com\/product\/yoast-seo-wordpress\/ -->\n<title>Quickee - Safety Source Fire<\/title>\n<meta name=\"robots\" content=\"index, follow, max-snippet:-1, max-image-preview:large, max-video-preview:-1\" \/>\n<link rel=\"canonical\" href=\"https:\/\/safetysourcefire.ca\/fr\/produit\/quickee\/\" \/>\n<meta property=\"og:locale\" content=\"fr_CA\" \/>\n<meta property=\"og:type\" content=\"article\" \/>\n<meta property=\"og:title\" content=\"Quickee - Safety Source Fire\" \/>\n<meta property=\"og:description\" content=\"Built on the same technology as the BH-20, with increased performance in a smaller and lighter package, the Quickee is one of the more efficient and effective units on the marketplace.\" \/>\n<meta property=\"og:url\" content=\"https:\/\/safetysourcefire.ca\/fr\/produit\/quickee\/\" \/>\n<meta property=\"og:site_name\" content=\"Safety Source Fire\" \/>\n<meta property=\"article:publisher\" content=\"https:\/\/www.facebook.com\/mmfssca\" \/>\n<meta property=\"article:modified_time\" content=\"2025-05-26T15:38:02+00:00\" \/>\n<meta property=\"og:image\" content=\"https:\/\/safetysourcefire.ca\/wp-content\/uploads\/2023\/06\/Quickee.jpg\" \/>\n\t<meta property=\"og:image:width\" content=\"600\" \/>\n\t<meta property=\"og:image:height\" content=\"600\" \/>\n\t<meta property=\"og:image:type\" content=\"image\/jpeg\" \/>\n<meta name=\"twitter:card\" content=\"summary_large_image\" \/>\n<meta name=\"twitter:site\" content=\"@mmfssca\" \/>\n<meta name=\"twitter:label1\" content=\"Estimation du temps de lecture\" \/>\n\t<meta name=\"twitter:data1\" content=\"1 minute\" \/>\n<script type=\"application\/ld+json\" class=\"yoast-schema-graph\">{\"@context\":\"https:\\\/\\\/schema.org\",\"@graph\":[{\"@type\":\"WebPage\",\"@id\":\"https:\\\/\\\/safetysourcefire.ca\\\/product\\\/quickee\\\/\",\"url\":\"https:\\\/\\\/safetysourcefire.ca\\\/product\\\/quickee\\\/\",\"name\":\"Quickee - Safety Source Fire\",\"isPartOf\":{\"@id\":\"https:\\\/\\\/safetysourcefire.ca\\\/#website\"},\"primaryImageOfPage\":{\"@id\":\"https:\\\/\\\/safetysourcefire.ca\\\/product\\\/quickee\\\/#primaryimage\"},\"image\":{\"@id\":\"https:\\\/\\\/safetysourcefire.ca\\\/product\\\/quickee\\\/#primaryimage\"},\"thumbnailUrl\":\"https:\\\/\\\/safetysourcefire.ca\\\/wp-content\\\/uploads\\\/2023\\\/06\\\/Quickee.jpg\",\"datePublished\":\"2023-06-16T19:03:16+00:00\",\"dateModified\":\"2025-05-26T15:38:02+00:00\",\"breadcrumb\":{\"@id\":\"https:\\\/\\\/safetysourcefire.ca\\\/product\\\/quickee\\\/#breadcrumb\"},\"inLanguage\":\"fr-CA\",\"potentialAction\":[{\"@type\":\"ReadAction\",\"target\":[\"https:\\\/\\\/safetysourcefire.ca\\\/product\\\/quickee\\\/\"]}]},{\"@type\":\"ImageObject\",\"inLanguage\":\"fr-CA\",\"@id\":\"https:\\\/\\\/safetysourcefire.ca\\\/product\\\/quickee\\\/#primaryimage\",\"url\":\"https:\\\/\\\/safetysourcefire.ca\\\/wp-content\\\/uploads\\\/2023\\\/06\\\/Quickee.jpg\",\"contentUrl\":\"https:\\\/\\\/safetysourcefire.ca\\\/wp-content\\\/uploads\\\/2023\\\/06\\\/Quickee.jpg\",\"width\":600,\"height\":600,\"caption\":\"Quickee\"},{\"@type\":\"BreadcrumbList\",\"@id\":\"https:\\\/\\\/safetysourcefire.ca\\\/product\\\/quickee\\\/#breadcrumb\",\"itemListElement\":[{\"@type\":\"ListItem\",\"position\":1,\"name\":\"Home\",\"item\":\"https:\\\/\\\/safetysourcefire.ca\\\/\"},{\"@type\":\"ListItem\",\"position\":2,\"name\":\"Products\",\"item\":\"https:\\\/\\\/safetysourcefire.ca\\\/shop\\\/\"},{\"@type\":\"ListItem\",\"position\":3,\"name\":\"Quickee\"}]},{\"@type\":\"WebSite\",\"@id\":\"https:\\\/\\\/safetysourcefire.ca\\\/#website\",\"url\":\"https:\\\/\\\/safetysourcefire.ca\\\/\",\"name\":\"Safety Source Fire\",\"description\":\"\",\"publisher\":{\"@id\":\"https:\\\/\\\/safetysourcefire.ca\\\/#organization\"},\"potentialAction\":[{\"@type\":\"SearchAction\",\"target\":{\"@type\":\"EntryPoint\",\"urlTemplate\":\"https:\\\/\\\/safetysourcefire.ca\\\/?s={search_term_string}\"},\"query-input\":{\"@type\":\"PropertyValueSpecification\",\"valueRequired\":true,\"valueName\":\"search_term_string\"}}],\"inLanguage\":\"fr-CA\"},{\"@type\":\"Organization\",\"@id\":\"https:\\\/\\\/safetysourcefire.ca\\\/#organization\",\"name\":\"Safety Source Fire\",\"url\":\"https:\\\/\\\/safetysourcefire.ca\\\/\",\"logo\":{\"@type\":\"ImageObject\",\"inLanguage\":\"fr-CA\",\"@id\":\"https:\\\/\\\/safetysourcefire.ca\\\/#\\\/schema\\\/logo\\\/image\\\/\",\"url\":\"https:\\\/\\\/safetysourcefire.ca\\\/wp-content\\\/uploads\\\/2021\\\/01\\\/SSF_logo_CC0000-3.png\",\"contentUrl\":\"https:\\\/\\\/safetysourcefire.ca\\\/wp-content\\\/uploads\\\/2021\\\/01\\\/SSF_logo_CC0000-3.png\",\"width\":1107,\"height\":365,\"caption\":\"Safety Source Fire\"},\"image\":{\"@id\":\"https:\\\/\\\/safetysourcefire.ca\\\/#\\\/schema\\\/logo\\\/image\\\/\"},\"sameAs\":[\"https:\\\/\\\/www.facebook.com\\\/mmfssca\",\"https:\\\/\\\/x.com\\\/mmfssca\"]}]}<\/script>\n<!-- \/ Yoast SEO plugin. -->","yoast_head_json":{"title":"Quickee - Source de s\u00e9curit\u00e9 incendie","robots":{"index":"index","follow":"follow","max-snippet":"max-snippet:-1","max-image-preview":"max-image-preview:large","max-video-preview":"max-video-preview:-1"},"canonical":"https:\/\/safetysourcefire.ca\/fr\/produit\/quickee\/","og_locale":"fr_CA","og_type":"article","og_title":"Quickee - Safety Source Fire","og_description":"Built on the same technology as the BH-20, with increased performance in a smaller and lighter package, the Quickee is one of the more efficient and effective units on the marketplace.","og_url":"https:\/\/safetysourcefire.ca\/fr\/produit\/quickee\/","og_site_name":"Safety Source Fire","article_publisher":"https:\/\/www.facebook.com\/mmfssca","article_modified_time":"2025-05-26T15:38:02+00:00","og_image":[{"width":600,"height":600,"url":"https:\/\/safetysourcefire.ca\/wp-content\/uploads\/2023\/06\/Quickee.jpg","type":"image\/jpeg"}],"twitter_card":"summary_large_image","twitter_site":"@mmfssca","twitter_misc":{"Estimation du temps de lecture":"1 minute"},"schema":{"@context":"https:\/\/schema.org","@graph":[{"@type":"WebPage","@id":"https:\/\/safetysourcefire.ca\/product\/quickee\/","url":"https:\/\/safetysourcefire.ca\/product\/quickee\/","name":"Quickee - Source de s\u00e9curit\u00e9 incendie","isPartOf":{"@id":"https:\/\/safetysourcefire.ca\/#website"},"primaryImageOfPage":{"@id":"https:\/\/safetysourcefire.ca\/product\/quickee\/#primaryimage"},"image":{"@id":"https:\/\/safetysourcefire.ca\/product\/quickee\/#primaryimage"},"thumbnailUrl":"https:\/\/safetysourcefire.ca\/wp-content\/uploads\/2023\/06\/Quickee.jpg","datePublished":"2023-06-16T19:03:16+00:00","dateModified":"2025-05-26T15:38:02+00:00","breadcrumb":{"@id":"https:\/\/safetysourcefire.ca\/product\/quickee\/#breadcrumb"},"inLanguage":"fr-CA","potentialAction":[{"@type":"ReadAction","target":["https:\/\/safetysourcefire.ca\/product\/quickee\/"]}]},{"@type":"ImageObject","inLanguage":"fr-CA","@id":"https:\/\/safetysourcefire.ca\/product\/quickee\/#primaryimage","url":"https:\/\/safetysourcefire.ca\/wp-content\/uploads\/2023\/06\/Quickee.jpg","contentUrl":"https:\/\/safetysourcefire.ca\/wp-content\/uploads\/2023\/06\/Quickee.jpg","width":600,"height":600,"caption":"Quickee"},{"@type":"BreadcrumbList","@id":"https:\/\/safetysourcefire.ca\/product\/quickee\/#breadcrumb","itemListElement":[{"@type":"ListItem","position":1,"name":"Home","item":"https:\/\/safetysourcefire.ca\/"},{"@type":"ListItem","position":2,"name":"Products","item":"https:\/\/safetysourcefire.ca\/shop\/"},{"@type":"ListItem","position":3,"name":"Quickee"}]},{"@type":"WebSite","@id":"https:\/\/safetysourcefire.ca\/#website","url":"https:\/\/safetysourcefire.ca\/","name":"Safety Source Fire","description":"","publisher":{"@id":"https:\/\/safetysourcefire.ca\/#organization"},"potentialAction":[{"@type":"SearchAction","target":{"@type":"EntryPoint","urlTemplate":"https:\/\/safetysourcefire.ca\/?s={search_term_string}"},"query-input":{"@type":"PropertyValueSpecification","valueRequired":true,"valueName":"search_term_string"}}],"inLanguage":"fr-CA"},{"@type":"Organization","@id":"https:\/\/safetysourcefire.ca\/#organization","name":"Safety Source Fire","url":"https:\/\/safetysourcefire.ca\/","logo":{"@type":"ImageObject","inLanguage":"fr-CA","@id":"https:\/\/safetysourcefire.ca\/#\/schema\/logo\/image\/","url":"https:\/\/safetysourcefire.ca\/wp-content\/uploads\/2021\/01\/SSF_logo_CC0000-3.png","contentUrl":"https:\/\/safetysourcefire.ca\/wp-content\/uploads\/2021\/01\/SSF_logo_CC0000-3.png","width":1107,"height":365,"caption":"Safety Source Fire"},"image":{"@id":"https:\/\/safetysourcefire.ca\/#\/schema\/logo\/image\/"},"sameAs":["https:\/\/www.facebook.com\/mmfssca","https:\/\/x.com\/mmfssca"]}]}},"_links":{"self":[{"href":"https:\/\/safetysourcefire.ca\/fr\/wp-json\/wp\/v2\/product\/27843","targetHints":{"allow":["GET"]}}],"collection":[{"href":"https:\/\/safetysourcefire.ca\/fr\/wp-json\/wp\/v2\/product"}],"about":[{"href":"https:\/\/safetysourcefire.ca\/fr\/wp-json\/wp\/v2\/types\/product"}],"wp:featuredmedia":[{"embeddable":true,"href":"https:\/\/safetysourcefire.ca\/fr\/wp-json\/wp\/v2\/media\/27856"}],"wp:attachment":[{"href":"https:\/\/safetysourcefire.ca\/fr\/wp-json\/wp\/v2\/media?parent=27843"}],"wp:term":[{"taxonomy":"product_brand","embeddable":true,"href":"https:\/\/safetysourcefire.ca\/fr\/wp-json\/wp\/v2\/product_brand?post=27843"},{"taxonomy":"product_cat","embeddable":true,"href":"https:\/\/safetysourcefire.ca\/fr\/wp-json\/wp\/v2\/product_cat?post=27843"},{"taxonomy":"product_tag","embeddable":true,"href":"https:\/\/safetysourcefire.ca\/fr\/wp-json\/wp\/v2\/product_tag?post=27843"}],"curies":[{"name":"wp","href":"https:\/\/api.w.org\/{rel}","templated":true}]}}