{"id":28008,"date":"2023-09-06T14:43:17","date_gmt":"2023-09-06T14:43:17","guid":{"rendered":"https:\/\/safetysourcefire.ca\/?post_type=product&#038;p=28008"},"modified":"2023-09-06T16:33:21","modified_gmt":"2023-09-06T16:33:21","slug":"emergency-plug","status":"publish","type":"product","link":"https:\/\/safetysourcefire.ca\/fr\/produit\/emergency-plug\/","title":{"rendered":"Prise d&#039;urgence\u00ae"},"content":{"rendered":"<p>L&#039;Emergency Plug\u00ae (Plug) a \u00e9t\u00e9 d\u00e9velopp\u00e9 pour emp\u00eacher les mouvements impr\u00e9visibles des v\u00e9hicules \u00e9lectriques (VE) enti\u00e8rement ou hybrides en cas d&#039;urgence ainsi que lors d&#039;un entretien r\u00e9gulier.<\/p>\n<p>M\u00eame si chaque prise n\u00e9cessite des signaux diff\u00e9rents, notre prise simule les diff\u00e9rents protocoles de charge de chaque v\u00e9hicule \u00e9lectrique, nous sommes en mesure de garantir l&#039;ad\u00e9quation de la prise au 100% de tous les v\u00e9hicules \u00e9lectriques conformes aux protocoles de s\u00e9curit\u00e9 de la r\u00e9glementation UN ECE R100. En fournissant un retour visuel continu depuis le Plug indiquant si le v\u00e9hicule \u00e9lectrique est toujours capable de d\u00e9marrer ou non, nous pouvons garantir la s\u00e9curit\u00e9 des utilisateurs tout au long de la situation d&#039;urgence ou pendant toute la proc\u00e9dure de maintenance. Cr\u00e9er et maintenir rapidement un environnement de travail s\u00fbr.<\/p>\n<ul>\n<li>\n<p class=\"p1\">Emp\u00eache un v\u00e9hicule \u00e9lectrique de repartir par sa propre propulsion<\/p>\n<\/li>\n<li>\n<p class=\"p1\">Donne un retour de couleur indiquant que la prise fonctionne et est connect\u00e9e au VE<\/p>\n<\/li>\n<li>\n<p class=\"p1\">Aucun contact avec la haute tension<\/p>\n<\/li>\n<li>\n<p class=\"p1\">\u00c9limine ou r\u00e9duit consid\u00e9rablement le temps pass\u00e9 dans un environnement de travail dangereux\u00a0!<\/p>\n<\/li>\n<li>\n<p class=\"p1\">Universel, s\u2019adapte \u00e0 toutes les prises \u2013 dans le monde entier<\/p>\n<\/li>\n<li>\n<p class=\"p1\">Peut \u00eatre branch\u00e9 et d\u00e9branch\u00e9 \u00e0 tout moment<\/p>\n<\/li>\n<li>\n<p class=\"p1\">Tous les syst\u00e8mes \u00e9lectriques restent op\u00e9rationnels, comme les fen\u00eatres, les si\u00e8ges et les lumi\u00e8res<\/p>\n<\/li>\n<li>\n<p class=\"p1\">Pour utilisation dans les voitures l\u00e9g\u00e8res, les camions lourds et les bus<\/p>\n<\/li>\n<li class=\"p1\">Pour tous les premiers intervenants et techniciens<\/li>\n<\/ul>\n<p><a href=\"https:\/\/safetysourcefire.ca\/wp-content\/uploads\/2023\/09\/Emergency-Plug-Brochure-2023.-EN.-DIGITAL.pdf\">T\u00e9l\u00e9chargez la brochure<\/a><\/p>\n<p><a href=\"https:\/\/safetysourcefire.ca\/wp-content\/uploads\/2023\/09\/Emergency-plug-datasheet-EPH2NA1-DEF.pdf\">T\u00e9l\u00e9charger la fiche technique<\/a><\/p>\n<p style=\"text-align: center;\"><iframe class=\"youtube-video\" title=\"lecteur vid\u00e9o YouTube\" src=\"https:\/\/www.youtube.com\/embed\/TTv6AkGKw2I?si=qA5cinBQXR69i_n7\" frameborder=\"0\" allowfullscreen=\"allowfullscreen\"><\/iframe><\/p>\n<p style=\"text-align: center;\"><iframe class=\"youtube-video\" title=\"lecteur vid\u00e9o YouTube\" src=\"https:\/\/www.youtube.com\/embed\/OooOaJ7RGwU?si=0IKd-ln6GiK9AgbT\" frameborder=\"0\" allowfullscreen=\"allowfullscreen\"><\/iframe><\/p>","protected":false},"excerpt":{"rendered":"<p>Cr\u00e9ez rapidement un environnement de travail s\u00fbr pour les premiers intervenants travaillant sur tout type de v\u00e9hicules \u00e9lectriques complets et hybrides.<\/p>","protected":false},"featured_media":28009,"template":"","meta":[],"product_brand":[616],"product_cat":[128,51,133],"product_tag":[617],"class_list":{"0":"post-28008","1":"product","2":"type-product","3":"status-publish","4":"has-post-thumbnail","6":"product_brand-emergency-plug","7":"product_cat-extrication-rescue","8":"product_cat-rescue","9":"product_cat-stabilization-shoring","10":"product_tag-emergency-plug","12":"first","13":"instock","14":"featured","15":"shipping-taxable","16":"product-type-simple"},"yoast_head":"<!-- This site is optimized with the Yoast SEO plugin v27.4 - https:\/\/yoast.com\/product\/yoast-seo-wordpress\/ -->\n<title>Emergency Plug\u00ae - Safety Source Fire<\/title>\n<meta name=\"robots\" content=\"index, follow, max-snippet:-1, max-image-preview:large, max-video-preview:-1\" \/>\n<link rel=\"canonical\" href=\"https:\/\/safetysourcefire.ca\/fr\/produit\/emergency-plug\/\" \/>\n<meta property=\"og:locale\" content=\"fr_CA\" \/>\n<meta property=\"og:type\" content=\"article\" \/>\n<meta property=\"og:title\" content=\"Emergency Plug\u00ae - Safety Source Fire\" \/>\n<meta property=\"og:description\" content=\"Quickly create a safe working environment for first responders working on any type of Full and Hybrid Electric Vehicles.\" \/>\n<meta property=\"og:url\" content=\"https:\/\/safetysourcefire.ca\/fr\/produit\/emergency-plug\/\" \/>\n<meta property=\"og:site_name\" content=\"Safety Source Fire\" \/>\n<meta property=\"article:publisher\" content=\"https:\/\/www.facebook.com\/mmfssca\" \/>\n<meta property=\"article:modified_time\" content=\"2023-09-06T16:33:21+00:00\" \/>\n<meta property=\"og:image\" content=\"https:\/\/safetysourcefire.ca\/wp-content\/uploads\/2023\/09\/emergency-plug_1.jpg\" \/>\n\t<meta property=\"og:image:width\" content=\"600\" \/>\n\t<meta property=\"og:image:height\" content=\"600\" \/>\n\t<meta property=\"og:image:type\" content=\"image\/jpeg\" \/>\n<meta name=\"twitter:card\" content=\"summary_large_image\" \/>\n<meta name=\"twitter:site\" content=\"@mmfssca\" \/>\n<meta name=\"twitter:label1\" content=\"Estimation du temps de lecture\" \/>\n\t<meta name=\"twitter:data1\" content=\"1 minute\" \/>\n<script type=\"application\/ld+json\" class=\"yoast-schema-graph\">{\"@context\":\"https:\\\/\\\/schema.org\",\"@graph\":[{\"@type\":\"WebPage\",\"@id\":\"https:\\\/\\\/safetysourcefire.ca\\\/product\\\/emergency-plug\\\/\",\"url\":\"https:\\\/\\\/safetysourcefire.ca\\\/product\\\/emergency-plug\\\/\",\"name\":\"Emergency Plug\u00ae - Safety Source Fire\",\"isPartOf\":{\"@id\":\"https:\\\/\\\/safetysourcefire.ca\\\/#website\"},\"primaryImageOfPage\":{\"@id\":\"https:\\\/\\\/safetysourcefire.ca\\\/product\\\/emergency-plug\\\/#primaryimage\"},\"image\":{\"@id\":\"https:\\\/\\\/safetysourcefire.ca\\\/product\\\/emergency-plug\\\/#primaryimage\"},\"thumbnailUrl\":\"https:\\\/\\\/safetysourcefire.ca\\\/wp-content\\\/uploads\\\/2023\\\/09\\\/emergency-plug_1.jpg\",\"datePublished\":\"2023-09-06T14:43:17+00:00\",\"dateModified\":\"2023-09-06T16:33:21+00:00\",\"breadcrumb\":{\"@id\":\"https:\\\/\\\/safetysourcefire.ca\\\/product\\\/emergency-plug\\\/#breadcrumb\"},\"inLanguage\":\"fr-CA\",\"potentialAction\":[{\"@type\":\"ReadAction\",\"target\":[\"https:\\\/\\\/safetysourcefire.ca\\\/product\\\/emergency-plug\\\/\"]}]},{\"@type\":\"ImageObject\",\"inLanguage\":\"fr-CA\",\"@id\":\"https:\\\/\\\/safetysourcefire.ca\\\/product\\\/emergency-plug\\\/#primaryimage\",\"url\":\"https:\\\/\\\/safetysourcefire.ca\\\/wp-content\\\/uploads\\\/2023\\\/09\\\/emergency-plug_1.jpg\",\"contentUrl\":\"https:\\\/\\\/safetysourcefire.ca\\\/wp-content\\\/uploads\\\/2023\\\/09\\\/emergency-plug_1.jpg\",\"width\":600,\"height\":600,\"caption\":\"Emergency Plug\"},{\"@type\":\"BreadcrumbList\",\"@id\":\"https:\\\/\\\/safetysourcefire.ca\\\/product\\\/emergency-plug\\\/#breadcrumb\",\"itemListElement\":[{\"@type\":\"ListItem\",\"position\":1,\"name\":\"Home\",\"item\":\"https:\\\/\\\/safetysourcefire.ca\\\/\"},{\"@type\":\"ListItem\",\"position\":2,\"name\":\"Products\",\"item\":\"https:\\\/\\\/safetysourcefire.ca\\\/shop\\\/\"},{\"@type\":\"ListItem\",\"position\":3,\"name\":\"Emergency Plug\u00ae\"}]},{\"@type\":\"WebSite\",\"@id\":\"https:\\\/\\\/safetysourcefire.ca\\\/#website\",\"url\":\"https:\\\/\\\/safetysourcefire.ca\\\/\",\"name\":\"Safety Source Fire\",\"description\":\"\",\"publisher\":{\"@id\":\"https:\\\/\\\/safetysourcefire.ca\\\/#organization\"},\"potentialAction\":[{\"@type\":\"SearchAction\",\"target\":{\"@type\":\"EntryPoint\",\"urlTemplate\":\"https:\\\/\\\/safetysourcefire.ca\\\/?s={search_term_string}\"},\"query-input\":{\"@type\":\"PropertyValueSpecification\",\"valueRequired\":true,\"valueName\":\"search_term_string\"}}],\"inLanguage\":\"fr-CA\"},{\"@type\":\"Organization\",\"@id\":\"https:\\\/\\\/safetysourcefire.ca\\\/#organization\",\"name\":\"Safety Source Fire\",\"url\":\"https:\\\/\\\/safetysourcefire.ca\\\/\",\"logo\":{\"@type\":\"ImageObject\",\"inLanguage\":\"fr-CA\",\"@id\":\"https:\\\/\\\/safetysourcefire.ca\\\/#\\\/schema\\\/logo\\\/image\\\/\",\"url\":\"https:\\\/\\\/safetysourcefire.ca\\\/wp-content\\\/uploads\\\/2021\\\/01\\\/SSF_logo_CC0000-3.png\",\"contentUrl\":\"https:\\\/\\\/safetysourcefire.ca\\\/wp-content\\\/uploads\\\/2021\\\/01\\\/SSF_logo_CC0000-3.png\",\"width\":1107,\"height\":365,\"caption\":\"Safety Source Fire\"},\"image\":{\"@id\":\"https:\\\/\\\/safetysourcefire.ca\\\/#\\\/schema\\\/logo\\\/image\\\/\"},\"sameAs\":[\"https:\\\/\\\/www.facebook.com\\\/mmfssca\",\"https:\\\/\\\/x.com\\\/mmfssca\"]}]}<\/script>\n<!-- \/ Yoast SEO plugin. -->","yoast_head_json":{"title":"Prise d&#039;urgence\u00ae - Source de s\u00e9curit\u00e9 incendie","robots":{"index":"index","follow":"follow","max-snippet":"max-snippet:-1","max-image-preview":"max-image-preview:large","max-video-preview":"max-video-preview:-1"},"canonical":"https:\/\/safetysourcefire.ca\/fr\/produit\/emergency-plug\/","og_locale":"fr_CA","og_type":"article","og_title":"Emergency Plug\u00ae - Safety Source Fire","og_description":"Quickly create a safe working environment for first responders working on any type of Full and Hybrid Electric Vehicles.","og_url":"https:\/\/safetysourcefire.ca\/fr\/produit\/emergency-plug\/","og_site_name":"Safety Source Fire","article_publisher":"https:\/\/www.facebook.com\/mmfssca","article_modified_time":"2023-09-06T16:33:21+00:00","og_image":[{"width":600,"height":600,"url":"https:\/\/safetysourcefire.ca\/wp-content\/uploads\/2023\/09\/emergency-plug_1.jpg","type":"image\/jpeg"}],"twitter_card":"summary_large_image","twitter_site":"@mmfssca","twitter_misc":{"Estimation du temps de lecture":"1 minute"},"schema":{"@context":"https:\/\/schema.org","@graph":[{"@type":"WebPage","@id":"https:\/\/safetysourcefire.ca\/product\/emergency-plug\/","url":"https:\/\/safetysourcefire.ca\/product\/emergency-plug\/","name":"Prise d&#039;urgence\u00ae - Source de s\u00e9curit\u00e9 incendie","isPartOf":{"@id":"https:\/\/safetysourcefire.ca\/#website"},"primaryImageOfPage":{"@id":"https:\/\/safetysourcefire.ca\/product\/emergency-plug\/#primaryimage"},"image":{"@id":"https:\/\/safetysourcefire.ca\/product\/emergency-plug\/#primaryimage"},"thumbnailUrl":"https:\/\/safetysourcefire.ca\/wp-content\/uploads\/2023\/09\/emergency-plug_1.jpg","datePublished":"2023-09-06T14:43:17+00:00","dateModified":"2023-09-06T16:33:21+00:00","breadcrumb":{"@id":"https:\/\/safetysourcefire.ca\/product\/emergency-plug\/#breadcrumb"},"inLanguage":"fr-CA","potentialAction":[{"@type":"ReadAction","target":["https:\/\/safetysourcefire.ca\/product\/emergency-plug\/"]}]},{"@type":"ImageObject","inLanguage":"fr-CA","@id":"https:\/\/safetysourcefire.ca\/product\/emergency-plug\/#primaryimage","url":"https:\/\/safetysourcefire.ca\/wp-content\/uploads\/2023\/09\/emergency-plug_1.jpg","contentUrl":"https:\/\/safetysourcefire.ca\/wp-content\/uploads\/2023\/09\/emergency-plug_1.jpg","width":600,"height":600,"caption":"Emergency Plug"},{"@type":"BreadcrumbList","@id":"https:\/\/safetysourcefire.ca\/product\/emergency-plug\/#breadcrumb","itemListElement":[{"@type":"ListItem","position":1,"name":"Home","item":"https:\/\/safetysourcefire.ca\/"},{"@type":"ListItem","position":2,"name":"Products","item":"https:\/\/safetysourcefire.ca\/shop\/"},{"@type":"ListItem","position":3,"name":"Emergency Plug\u00ae"}]},{"@type":"WebSite","@id":"https:\/\/safetysourcefire.ca\/#website","url":"https:\/\/safetysourcefire.ca\/","name":"Safety Source Fire","description":"","publisher":{"@id":"https:\/\/safetysourcefire.ca\/#organization"},"potentialAction":[{"@type":"SearchAction","target":{"@type":"EntryPoint","urlTemplate":"https:\/\/safetysourcefire.ca\/?s={search_term_string}"},"query-input":{"@type":"PropertyValueSpecification","valueRequired":true,"valueName":"search_term_string"}}],"inLanguage":"fr-CA"},{"@type":"Organization","@id":"https:\/\/safetysourcefire.ca\/#organization","name":"Safety Source Fire","url":"https:\/\/safetysourcefire.ca\/","logo":{"@type":"ImageObject","inLanguage":"fr-CA","@id":"https:\/\/safetysourcefire.ca\/#\/schema\/logo\/image\/","url":"https:\/\/safetysourcefire.ca\/wp-content\/uploads\/2021\/01\/SSF_logo_CC0000-3.png","contentUrl":"https:\/\/safetysourcefire.ca\/wp-content\/uploads\/2021\/01\/SSF_logo_CC0000-3.png","width":1107,"height":365,"caption":"Safety Source Fire"},"image":{"@id":"https:\/\/safetysourcefire.ca\/#\/schema\/logo\/image\/"},"sameAs":["https:\/\/www.facebook.com\/mmfssca","https:\/\/x.com\/mmfssca"]}]}},"_links":{"self":[{"href":"https:\/\/safetysourcefire.ca\/fr\/wp-json\/wp\/v2\/product\/28008","targetHints":{"allow":["GET"]}}],"collection":[{"href":"https:\/\/safetysourcefire.ca\/fr\/wp-json\/wp\/v2\/product"}],"about":[{"href":"https:\/\/safetysourcefire.ca\/fr\/wp-json\/wp\/v2\/types\/product"}],"wp:featuredmedia":[{"embeddable":true,"href":"https:\/\/safetysourcefire.ca\/fr\/wp-json\/wp\/v2\/media\/28009"}],"wp:attachment":[{"href":"https:\/\/safetysourcefire.ca\/fr\/wp-json\/wp\/v2\/media?parent=28008"}],"wp:term":[{"taxonomy":"product_brand","embeddable":true,"href":"https:\/\/safetysourcefire.ca\/fr\/wp-json\/wp\/v2\/product_brand?post=28008"},{"taxonomy":"product_cat","embeddable":true,"href":"https:\/\/safetysourcefire.ca\/fr\/wp-json\/wp\/v2\/product_cat?post=28008"},{"taxonomy":"product_tag","embeddable":true,"href":"https:\/\/safetysourcefire.ca\/fr\/wp-json\/wp\/v2\/product_tag?post=28008"}],"curies":[{"name":"wp","href":"https:\/\/api.w.org\/{rel}","templated":true}]}}