{"id":2802,"date":"2017-06-14T00:14:47","date_gmt":"2017-06-14T00:14:47","guid":{"rendered":"http:\/\/mmfss.ca\/?post_type=product&#038;p=2802"},"modified":"2020-04-27T21:22:47","modified_gmt":"2020-04-27T21:22:47","slug":"jumbo-short-ball-intake-valve-with-parallel-drive-shaft-ap-series","status":"publish","type":"product","link":"https:\/\/safetysourcefire.ca\/fr\/produit\/jumbo-short-ball-intake-valve-with-parallel-drive-shaft-ap-series\/","title":{"rendered":"Soupape d'alimentation \u00e0 bille courte jumbo avec arbre d'entra\u00eenement parall\u00e8le - S\u00e9rie AP"},"content":{"rendered":"<p>Con\u00e7ue pour \u00eatre utilis\u00e9e avec un tuyau de 3.5, 4, 4.5, 5 ou 6 pouces (89, 100, 115, 125 ou 150 mm).  La perte de friction est de 3 psi \u00e0 2000 gpm. Con\u00e7ue pour le travail sous pression ou sous vide sur une autopompe. La pression de fonctionnement maximale est de 250 psi (17 bar). R\u00e9pond au test de r\u00e9sistance hydrostatique de 900 psi (62 bar). Les pi\u00e8ces moul\u00e9es en aluminium sont anodis\u00e9es et rev\u00eatues de poudre TFT \u00e0 l'int\u00e9rieur et \u00e0 l'ext\u00e9rieur pour une protection maximale contre la corrosion. Tous les composants du c\u00f4t\u00e9 humide de la vanne sont en acier inoxydable pour une protection suppl\u00e9mentaire contre la corrosion. La manivelle a besoin de 7-\u00bd tours pour se fermer, r\u00e9pondant aux exigences de fermeture lente de la NFPA. Un indicateur de position unique indique \u00e0 l'op\u00e9rateur si la vanne est ouverte, ferm\u00e9e ou quelque part entre les deux. La manivelle est install\u00e9e \u00e0 2-5\/8\", mais peut \u00eatre commut\u00e9e sur 1-5\/8\" si d\u00e9sir\u00e9. L'unit\u00e9 est \u00e9quip\u00e9e d'une vanne de vidange robuste de 3\/4 po (19 mm) pour vidanger rapidement l'eau du bo\u00eetier de la vanne. Un port pour une vanne de purge d'air (en option) est int\u00e9gr\u00e9 \u00e0 la conception pour une configuration conviviale. Le raccord de tuyau et les connexions du camion sont fix\u00e9s \u00e0 la vanne \u00e0 l'aide de bagues de roulement en polym\u00e8re qui fournissent une isolation \u00e9lectrique pour aider \u00e0 pr\u00e9venir la corrosion galvanique. Comprend la soupape de d\u00e9charge de pression r\u00e9glable de TFT avec une d\u00e9charge qui peut \u00eatre dirig\u00e9e dans l'une des quatre directions et est conforme \u00e0 la norme NFPA 1901. Contactez le service client de TFT pour les configurations suppl\u00e9mentaires possibles.<\/p>","protected":false},"excerpt":{"rendered":"<p>La soupape d'alimentation \u00e0 petite bille Jumbo de TFT poss\u00e8de une \u00e9norme voie d'eau de 5 \u00bc pouces de diam\u00e8tre permettant ainsi une faible perte de friction afin de maximiser le d\u00e9bit.<\/p>","protected":false},"featured_media":2777,"template":"","meta":[],"product_brand":[179],"product_cat":[44,64],"product_tag":[355,354],"class_list":{"0":"post-2802","1":"product","2":"type-product","3":"status-publish","4":"has-post-thumbnail","6":"product_brand-tft","7":"product_cat-fire-suppression","8":"product_cat-hardware-appliances-adapters","9":"product_tag-task-force-tips","10":"product_tag-tft","12":"first","13":"instock","14":"shipping-taxable","15":"product-type-simple"},"yoast_head":"<!-- This site is optimized with the Yoast SEO plugin v27.4 - https:\/\/yoast.com\/product\/yoast-seo-wordpress\/ -->\n<title>Jumbo Short Ball Intake Valve with Parallel Drive Shaft - AP Series - Safety Source Fire<\/title>\n<meta name=\"robots\" content=\"index, follow, max-snippet:-1, max-image-preview:large, max-video-preview:-1\" \/>\n<link rel=\"canonical\" href=\"https:\/\/safetysourcefire.ca\/fr\/?product=jumbo-short-ball-intake-valve-with-parallel-drive-shaft-ap-series\" \/>\n<meta property=\"og:locale\" content=\"fr_CA\" \/>\n<meta property=\"og:type\" content=\"article\" \/>\n<meta property=\"og:title\" content=\"Jumbo Short Ball Intake Valve with Parallel Drive Shaft - AP Series - Safety Source Fire\" \/>\n<meta property=\"og:description\" content=\"TFT\u2019s Jumbo Small Ball Intake Valve has a huge 5-\u00bc inch diameter waterway giving low friction loss to maximize flow.\" \/>\n<meta property=\"og:url\" content=\"https:\/\/safetysourcefire.ca\/fr\/?product=jumbo-short-ball-intake-valve-with-parallel-drive-shaft-ap-series\" \/>\n<meta property=\"og:site_name\" content=\"Safety Source Fire\" \/>\n<meta property=\"article:publisher\" content=\"https:\/\/www.facebook.com\/mmfssca\" \/>\n<meta property=\"article:modified_time\" content=\"2020-04-27T21:22:47+00:00\" \/>\n<meta property=\"og:image\" content=\"https:\/\/safetysourcefire.ca\/wp-content\/uploads\/2017\/06\/AP7NR-NX-PS.jpg\" \/>\n\t<meta property=\"og:image:width\" content=\"600\" \/>\n\t<meta property=\"og:image:height\" content=\"600\" \/>\n\t<meta property=\"og:image:type\" content=\"image\/jpeg\" \/>\n<meta name=\"twitter:card\" content=\"summary_large_image\" \/>\n<meta name=\"twitter:site\" content=\"@mmfssca\" \/>\n<meta name=\"twitter:label1\" content=\"Estimation du temps de lecture\" \/>\n\t<meta name=\"twitter:data1\" content=\"1 minute\" \/>\n<script type=\"application\/ld+json\" class=\"yoast-schema-graph\">{\"@context\":\"https:\\\/\\\/schema.org\",\"@graph\":[{\"@type\":\"WebPage\",\"@id\":\"https:\\\/\\\/safetysourcefire.ca\\\/?product=jumbo-short-ball-intake-valve-with-parallel-drive-shaft-ap-series\",\"url\":\"https:\\\/\\\/safetysourcefire.ca\\\/?product=jumbo-short-ball-intake-valve-with-parallel-drive-shaft-ap-series\",\"name\":\"Jumbo Short Ball Intake Valve with Parallel Drive Shaft - AP Series - Safety Source Fire\",\"isPartOf\":{\"@id\":\"https:\\\/\\\/safetysourcefire.ca\\\/#website\"},\"primaryImageOfPage\":{\"@id\":\"https:\\\/\\\/safetysourcefire.ca\\\/?product=jumbo-short-ball-intake-valve-with-parallel-drive-shaft-ap-series#primaryimage\"},\"image\":{\"@id\":\"https:\\\/\\\/safetysourcefire.ca\\\/?product=jumbo-short-ball-intake-valve-with-parallel-drive-shaft-ap-series#primaryimage\"},\"thumbnailUrl\":\"https:\\\/\\\/safetysourcefire.ca\\\/wp-content\\\/uploads\\\/2017\\\/06\\\/AP7NR-NX-PS.jpg\",\"datePublished\":\"2017-06-14T00:14:47+00:00\",\"dateModified\":\"2020-04-27T21:22:47+00:00\",\"breadcrumb\":{\"@id\":\"https:\\\/\\\/safetysourcefire.ca\\\/?product=jumbo-short-ball-intake-valve-with-parallel-drive-shaft-ap-series#breadcrumb\"},\"inLanguage\":\"fr-CA\",\"potentialAction\":[{\"@type\":\"ReadAction\",\"target\":[\"https:\\\/\\\/safetysourcefire.ca\\\/?product=jumbo-short-ball-intake-valve-with-parallel-drive-shaft-ap-series\"]}]},{\"@type\":\"ImageObject\",\"inLanguage\":\"fr-CA\",\"@id\":\"https:\\\/\\\/safetysourcefire.ca\\\/?product=jumbo-short-ball-intake-valve-with-parallel-drive-shaft-ap-series#primaryimage\",\"url\":\"https:\\\/\\\/safetysourcefire.ca\\\/wp-content\\\/uploads\\\/2017\\\/06\\\/AP7NR-NX-PS.jpg\",\"contentUrl\":\"https:\\\/\\\/safetysourcefire.ca\\\/wp-content\\\/uploads\\\/2017\\\/06\\\/AP7NR-NX-PS.jpg\",\"width\":600,\"height\":600,\"caption\":\"Jumbo Short Ball Intake Valve\"},{\"@type\":\"BreadcrumbList\",\"@id\":\"https:\\\/\\\/safetysourcefire.ca\\\/?product=jumbo-short-ball-intake-valve-with-parallel-drive-shaft-ap-series#breadcrumb\",\"itemListElement\":[{\"@type\":\"ListItem\",\"position\":1,\"name\":\"Home\",\"item\":\"https:\\\/\\\/safetysourcefire.ca\\\/\"},{\"@type\":\"ListItem\",\"position\":2,\"name\":\"Products\",\"item\":\"https:\\\/\\\/safetysourcefire.ca\\\/shop\\\/\"},{\"@type\":\"ListItem\",\"position\":3,\"name\":\"Jumbo Short Ball Intake Valve with Parallel Drive Shaft &#8211; AP Series\"}]},{\"@type\":\"WebSite\",\"@id\":\"https:\\\/\\\/safetysourcefire.ca\\\/#website\",\"url\":\"https:\\\/\\\/safetysourcefire.ca\\\/\",\"name\":\"Safety Source Fire\",\"description\":\"\",\"publisher\":{\"@id\":\"https:\\\/\\\/safetysourcefire.ca\\\/#organization\"},\"potentialAction\":[{\"@type\":\"SearchAction\",\"target\":{\"@type\":\"EntryPoint\",\"urlTemplate\":\"https:\\\/\\\/safetysourcefire.ca\\\/?s={search_term_string}\"},\"query-input\":{\"@type\":\"PropertyValueSpecification\",\"valueRequired\":true,\"valueName\":\"search_term_string\"}}],\"inLanguage\":\"fr-CA\"},{\"@type\":\"Organization\",\"@id\":\"https:\\\/\\\/safetysourcefire.ca\\\/#organization\",\"name\":\"Safety Source Fire\",\"url\":\"https:\\\/\\\/safetysourcefire.ca\\\/\",\"logo\":{\"@type\":\"ImageObject\",\"inLanguage\":\"fr-CA\",\"@id\":\"https:\\\/\\\/safetysourcefire.ca\\\/#\\\/schema\\\/logo\\\/image\\\/\",\"url\":\"https:\\\/\\\/safetysourcefire.ca\\\/wp-content\\\/uploads\\\/2021\\\/01\\\/SSF_logo_CC0000-3.png\",\"contentUrl\":\"https:\\\/\\\/safetysourcefire.ca\\\/wp-content\\\/uploads\\\/2021\\\/01\\\/SSF_logo_CC0000-3.png\",\"width\":1107,\"height\":365,\"caption\":\"Safety Source Fire\"},\"image\":{\"@id\":\"https:\\\/\\\/safetysourcefire.ca\\\/#\\\/schema\\\/logo\\\/image\\\/\"},\"sameAs\":[\"https:\\\/\\\/www.facebook.com\\\/mmfssca\",\"https:\\\/\\\/x.com\\\/mmfssca\"]}]}<\/script>\n<!-- \/ Yoast SEO plugin. -->","yoast_head_json":{"title":"Jumbo Short Ball Intake Valve with Parallel Drive Shaft - AP Series - Safety Source Fire","robots":{"index":"index","follow":"follow","max-snippet":"max-snippet:-1","max-image-preview":"max-image-preview:large","max-video-preview":"max-video-preview:-1"},"canonical":"https:\/\/safetysourcefire.ca\/fr\/?product=jumbo-short-ball-intake-valve-with-parallel-drive-shaft-ap-series","og_locale":"fr_CA","og_type":"article","og_title":"Jumbo Short Ball Intake Valve with Parallel Drive Shaft - AP Series - Safety Source Fire","og_description":"TFT\u2019s Jumbo Small Ball Intake Valve has a huge 5-\u00bc inch diameter waterway giving low friction loss to maximize flow.","og_url":"https:\/\/safetysourcefire.ca\/fr\/?product=jumbo-short-ball-intake-valve-with-parallel-drive-shaft-ap-series","og_site_name":"Safety Source Fire","article_publisher":"https:\/\/www.facebook.com\/mmfssca","article_modified_time":"2020-04-27T21:22:47+00:00","og_image":[{"width":600,"height":600,"url":"https:\/\/safetysourcefire.ca\/wp-content\/uploads\/2017\/06\/AP7NR-NX-PS.jpg","type":"image\/jpeg"}],"twitter_card":"summary_large_image","twitter_site":"@mmfssca","twitter_misc":{"Estimation du temps de lecture":"1 minute"},"schema":{"@context":"https:\/\/schema.org","@graph":[{"@type":"WebPage","@id":"https:\/\/safetysourcefire.ca\/?product=jumbo-short-ball-intake-valve-with-parallel-drive-shaft-ap-series","url":"https:\/\/safetysourcefire.ca\/?product=jumbo-short-ball-intake-valve-with-parallel-drive-shaft-ap-series","name":"Jumbo Short Ball Intake Valve with Parallel Drive Shaft - AP Series - Safety Source Fire","isPartOf":{"@id":"https:\/\/safetysourcefire.ca\/#website"},"primaryImageOfPage":{"@id":"https:\/\/safetysourcefire.ca\/?product=jumbo-short-ball-intake-valve-with-parallel-drive-shaft-ap-series#primaryimage"},"image":{"@id":"https:\/\/safetysourcefire.ca\/?product=jumbo-short-ball-intake-valve-with-parallel-drive-shaft-ap-series#primaryimage"},"thumbnailUrl":"https:\/\/safetysourcefire.ca\/wp-content\/uploads\/2017\/06\/AP7NR-NX-PS.jpg","datePublished":"2017-06-14T00:14:47+00:00","dateModified":"2020-04-27T21:22:47+00:00","breadcrumb":{"@id":"https:\/\/safetysourcefire.ca\/?product=jumbo-short-ball-intake-valve-with-parallel-drive-shaft-ap-series#breadcrumb"},"inLanguage":"fr-CA","potentialAction":[{"@type":"ReadAction","target":["https:\/\/safetysourcefire.ca\/?product=jumbo-short-ball-intake-valve-with-parallel-drive-shaft-ap-series"]}]},{"@type":"ImageObject","inLanguage":"fr-CA","@id":"https:\/\/safetysourcefire.ca\/?product=jumbo-short-ball-intake-valve-with-parallel-drive-shaft-ap-series#primaryimage","url":"https:\/\/safetysourcefire.ca\/wp-content\/uploads\/2017\/06\/AP7NR-NX-PS.jpg","contentUrl":"https:\/\/safetysourcefire.ca\/wp-content\/uploads\/2017\/06\/AP7NR-NX-PS.jpg","width":600,"height":600,"caption":"Jumbo Short Ball Intake Valve"},{"@type":"BreadcrumbList","@id":"https:\/\/safetysourcefire.ca\/?product=jumbo-short-ball-intake-valve-with-parallel-drive-shaft-ap-series#breadcrumb","itemListElement":[{"@type":"ListItem","position":1,"name":"Home","item":"https:\/\/safetysourcefire.ca\/"},{"@type":"ListItem","position":2,"name":"Products","item":"https:\/\/safetysourcefire.ca\/shop\/"},{"@type":"ListItem","position":3,"name":"Jumbo Short Ball Intake Valve with Parallel Drive Shaft &#8211; AP Series"}]},{"@type":"WebSite","@id":"https:\/\/safetysourcefire.ca\/#website","url":"https:\/\/safetysourcefire.ca\/","name":"Safety Source Fire","description":"","publisher":{"@id":"https:\/\/safetysourcefire.ca\/#organization"},"potentialAction":[{"@type":"SearchAction","target":{"@type":"EntryPoint","urlTemplate":"https:\/\/safetysourcefire.ca\/?s={search_term_string}"},"query-input":{"@type":"PropertyValueSpecification","valueRequired":true,"valueName":"search_term_string"}}],"inLanguage":"fr-CA"},{"@type":"Organization","@id":"https:\/\/safetysourcefire.ca\/#organization","name":"Safety Source Fire","url":"https:\/\/safetysourcefire.ca\/","logo":{"@type":"ImageObject","inLanguage":"fr-CA","@id":"https:\/\/safetysourcefire.ca\/#\/schema\/logo\/image\/","url":"https:\/\/safetysourcefire.ca\/wp-content\/uploads\/2021\/01\/SSF_logo_CC0000-3.png","contentUrl":"https:\/\/safetysourcefire.ca\/wp-content\/uploads\/2021\/01\/SSF_logo_CC0000-3.png","width":1107,"height":365,"caption":"Safety Source Fire"},"image":{"@id":"https:\/\/safetysourcefire.ca\/#\/schema\/logo\/image\/"},"sameAs":["https:\/\/www.facebook.com\/mmfssca","https:\/\/x.com\/mmfssca"]}]}},"_links":{"self":[{"href":"https:\/\/safetysourcefire.ca\/fr\/wp-json\/wp\/v2\/product\/2802","targetHints":{"allow":["GET"]}}],"collection":[{"href":"https:\/\/safetysourcefire.ca\/fr\/wp-json\/wp\/v2\/product"}],"about":[{"href":"https:\/\/safetysourcefire.ca\/fr\/wp-json\/wp\/v2\/types\/product"}],"wp:featuredmedia":[{"embeddable":true,"href":"https:\/\/safetysourcefire.ca\/fr\/wp-json\/wp\/v2\/media\/2777"}],"wp:attachment":[{"href":"https:\/\/safetysourcefire.ca\/fr\/wp-json\/wp\/v2\/media?parent=2802"}],"wp:term":[{"taxonomy":"product_brand","embeddable":true,"href":"https:\/\/safetysourcefire.ca\/fr\/wp-json\/wp\/v2\/product_brand?post=2802"},{"taxonomy":"product_cat","embeddable":true,"href":"https:\/\/safetysourcefire.ca\/fr\/wp-json\/wp\/v2\/product_cat?post=2802"},{"taxonomy":"product_tag","embeddable":true,"href":"https:\/\/safetysourcefire.ca\/fr\/wp-json\/wp\/v2\/product_tag?post=2802"}],"curies":[{"name":"wp","href":"https:\/\/api.w.org\/{rel}","templated":true}]}}