{"id":2805,"date":"2017-06-14T00:18:22","date_gmt":"2017-06-14T00:18:22","guid":{"rendered":"http:\/\/mmfss.ca\/?post_type=product&#038;p=2805"},"modified":"2020-04-27T21:22:47","modified_gmt":"2020-04-27T21:22:47","slug":"jumbo-low-profile-ball-intake-valve-left-or-right-hand-drive-axd-series","status":"publish","type":"product","link":"https:\/\/safetysourcefire.ca\/fr\/produit\/jumbo-low-profile-ball-intake-valve-left-or-right-hand-drive-axd-series\/","title":{"rendered":"Soupape d'alimentation \u00e0 profil bas avec bille surdimensionn\u00e9e (conduite gauche ou droite) - S\u00e9rie AXD"},"content":{"rendered":"<p>Con\u00e7ue pour \u00eatre utilis\u00e9 avec un tuyau de 3.5, 4, 4.5, 5 ou 6 pouces (89, 100, 115, 125 ou 150 mm). Le coude d'admission \u00e0 30\u00b0 pivote \u00e0 360\u00b0, poss\u00e8de de multiples crans positifs et comprend un point d'ancrage pour la courroie du capuchon. Effectuez des raccordements de tuyaux dans n'importe quelle direction avec un minimum de plis et de contraintes. La vanne est con\u00e7ue pour un service sous pression ou sous vide. La pression de fonctionnement maximale est de 250 psi (17 bar). R\u00e9pond au test de r\u00e9sistance hydrostatique de 900 psi (62 bar). Sept tours et demi de la manivelle pour fermer la vanne r\u00e9pondent aux exigences de fermeture lente de la NFPA. Un indicateur de position r\u00e9fl\u00e9chissant indique clairement \u00e0 l'op\u00e9rateur la position de la vanne. La manivelle peut \u00eatre r\u00e9gl\u00e9e pour fonctionner \u00e0 l'avant ou en haut de la vanne afin de maximiser le fonctionnement. Une sortie d'air situ\u00e9e en haut de la vanne permet de purger l'air rapidement. La soupape de surpression (PRV) r\u00e9glable de TFT est install\u00e9e avec la d\u00e9charge dirig\u00e9e vers le bas et est conforme \u00e0 la norme NFPA 1901. Les pi\u00e8ces moul\u00e9es en aluminium sont anodis\u00e9es \u00e0 rev\u00eatement dur et rev\u00eatues de poudre TFT \u00e0 l'int\u00e9rieur et \u00e0 l'ext\u00e9rieur pour une protection maximale contre la corrosion. Tous les composants mouill\u00e9s sont des alliages d'aluminium pour emp\u00eacher la corrosion galvanique et sont sp\u00e9cialement rev\u00eatus pour une protection suppl\u00e9mentaire contre la corrosion. Le raccord de tuyau et les connexions du camion sont fix\u00e9s \u00e0 la vanne \u00e0 l'aide de bagues de roulement en polym\u00e8re qui peuvent fournir une isolation \u00e9lectrique pour aider \u00e0 pr\u00e9venir la corrosion galvanique. La vanne d'admission \u00e0 bille ''Jumbo Low Profile'' est couverte par une garantie de 10 ans. La perte de friction est de 5 psi \u00e0 2000 gpm. Contactez le service client TFT pour toute information suppl\u00e9mentaire.<\/p>","protected":false},"excerpt":{"rendered":"<p>La soupape d'alimentation \u00e0 profil bas avec bille surdimensionn\u00e9e de TFT fonctionne avec une \u00e9norme voie d'eau de 5 1\/4 po (133 mm) de diam\u00e8tre, permettant une faible perte de friction afin de maximiser le d\u00e9bit.<\/p>","protected":false},"featured_media":2788,"template":"","meta":[],"product_brand":[179],"product_cat":[44,64],"product_tag":[355,354],"class_list":{"0":"post-2805","1":"product","2":"type-product","3":"status-publish","4":"has-post-thumbnail","6":"product_brand-tft","7":"product_cat-fire-suppression","8":"product_cat-hardware-appliances-adapters","9":"product_tag-task-force-tips","10":"product_tag-tft","12":"first","13":"instock","14":"shipping-taxable","15":"product-type-simple"},"yoast_head":"<!-- This site is optimized with the Yoast SEO plugin v27.4 - https:\/\/yoast.com\/product\/yoast-seo-wordpress\/ -->\n<title>Jumbo Low Profile Ball Intake Valve, Left or Right Hand Drive - AXD Series - Safety Source Fire<\/title>\n<meta name=\"robots\" content=\"index, follow, max-snippet:-1, max-image-preview:large, max-video-preview:-1\" \/>\n<link rel=\"canonical\" href=\"https:\/\/safetysourcefire.ca\/fr\/?product=jumbo-low-profile-ball-intake-valve-left-or-right-hand-drive-axd-series\" \/>\n<meta property=\"og:locale\" content=\"fr_CA\" \/>\n<meta property=\"og:type\" content=\"article\" \/>\n<meta property=\"og:title\" content=\"Jumbo Low Profile Ball Intake Valve, Left or Right Hand Drive - AXD Series - Safety Source Fire\" \/>\n<meta property=\"og:description\" content=\"TFT\u2019s Jumbo Low Profile Ball intake valve has a huge 5-1\/4 inch (133 mm) diameter waterway giving low friction loss to maximize flow.\" \/>\n<meta property=\"og:url\" content=\"https:\/\/safetysourcefire.ca\/fr\/?product=jumbo-low-profile-ball-intake-valve-left-or-right-hand-drive-axd-series\" \/>\n<meta property=\"og:site_name\" content=\"Safety Source Fire\" \/>\n<meta property=\"article:publisher\" content=\"https:\/\/www.facebook.com\/mmfssca\" \/>\n<meta property=\"article:modified_time\" content=\"2020-04-27T21:22:47+00:00\" \/>\n<meta property=\"og:image\" content=\"https:\/\/safetysourcefire.ca\/wp-content\/uploads\/2017\/06\/AXD1SP-NX-F.jpg\" \/>\n\t<meta property=\"og:image:width\" content=\"600\" \/>\n\t<meta property=\"og:image:height\" content=\"600\" \/>\n\t<meta property=\"og:image:type\" content=\"image\/jpeg\" \/>\n<meta name=\"twitter:card\" content=\"summary_large_image\" \/>\n<meta name=\"twitter:site\" content=\"@mmfssca\" \/>\n<meta name=\"twitter:label1\" content=\"Estimation du temps de lecture\" \/>\n\t<meta name=\"twitter:data1\" content=\"1 minute\" \/>\n<script type=\"application\/ld+json\" class=\"yoast-schema-graph\">{\"@context\":\"https:\\\/\\\/schema.org\",\"@graph\":[{\"@type\":\"WebPage\",\"@id\":\"https:\\\/\\\/safetysourcefire.ca\\\/?product=jumbo-low-profile-ball-intake-valve-left-or-right-hand-drive-axd-series\",\"url\":\"https:\\\/\\\/safetysourcefire.ca\\\/?product=jumbo-low-profile-ball-intake-valve-left-or-right-hand-drive-axd-series\",\"name\":\"Jumbo Low Profile Ball Intake Valve, Left or Right Hand Drive - AXD Series - Safety Source Fire\",\"isPartOf\":{\"@id\":\"https:\\\/\\\/safetysourcefire.ca\\\/#website\"},\"primaryImageOfPage\":{\"@id\":\"https:\\\/\\\/safetysourcefire.ca\\\/?product=jumbo-low-profile-ball-intake-valve-left-or-right-hand-drive-axd-series#primaryimage\"},\"image\":{\"@id\":\"https:\\\/\\\/safetysourcefire.ca\\\/?product=jumbo-low-profile-ball-intake-valve-left-or-right-hand-drive-axd-series#primaryimage\"},\"thumbnailUrl\":\"https:\\\/\\\/safetysourcefire.ca\\\/wp-content\\\/uploads\\\/2017\\\/06\\\/AXD1SP-NX-F.jpg\",\"datePublished\":\"2017-06-14T00:18:22+00:00\",\"dateModified\":\"2020-04-27T21:22:47+00:00\",\"breadcrumb\":{\"@id\":\"https:\\\/\\\/safetysourcefire.ca\\\/?product=jumbo-low-profile-ball-intake-valve-left-or-right-hand-drive-axd-series#breadcrumb\"},\"inLanguage\":\"fr-CA\",\"potentialAction\":[{\"@type\":\"ReadAction\",\"target\":[\"https:\\\/\\\/safetysourcefire.ca\\\/?product=jumbo-low-profile-ball-intake-valve-left-or-right-hand-drive-axd-series\"]}]},{\"@type\":\"ImageObject\",\"inLanguage\":\"fr-CA\",\"@id\":\"https:\\\/\\\/safetysourcefire.ca\\\/?product=jumbo-low-profile-ball-intake-valve-left-or-right-hand-drive-axd-series#primaryimage\",\"url\":\"https:\\\/\\\/safetysourcefire.ca\\\/wp-content\\\/uploads\\\/2017\\\/06\\\/AXD1SP-NX-F.jpg\",\"contentUrl\":\"https:\\\/\\\/safetysourcefire.ca\\\/wp-content\\\/uploads\\\/2017\\\/06\\\/AXD1SP-NX-F.jpg\",\"width\":600,\"height\":600,\"caption\":\"Jumbo Low Profile Ball Intake Valve\"},{\"@type\":\"BreadcrumbList\",\"@id\":\"https:\\\/\\\/safetysourcefire.ca\\\/?product=jumbo-low-profile-ball-intake-valve-left-or-right-hand-drive-axd-series#breadcrumb\",\"itemListElement\":[{\"@type\":\"ListItem\",\"position\":1,\"name\":\"Home\",\"item\":\"https:\\\/\\\/safetysourcefire.ca\\\/\"},{\"@type\":\"ListItem\",\"position\":2,\"name\":\"Products\",\"item\":\"https:\\\/\\\/safetysourcefire.ca\\\/shop\\\/\"},{\"@type\":\"ListItem\",\"position\":3,\"name\":\"Jumbo Low Profile Ball Intake Valve, Left or Right Hand Drive &#8211; AXD Series\"}]},{\"@type\":\"WebSite\",\"@id\":\"https:\\\/\\\/safetysourcefire.ca\\\/#website\",\"url\":\"https:\\\/\\\/safetysourcefire.ca\\\/\",\"name\":\"Safety Source Fire\",\"description\":\"\",\"publisher\":{\"@id\":\"https:\\\/\\\/safetysourcefire.ca\\\/#organization\"},\"potentialAction\":[{\"@type\":\"SearchAction\",\"target\":{\"@type\":\"EntryPoint\",\"urlTemplate\":\"https:\\\/\\\/safetysourcefire.ca\\\/?s={search_term_string}\"},\"query-input\":{\"@type\":\"PropertyValueSpecification\",\"valueRequired\":true,\"valueName\":\"search_term_string\"}}],\"inLanguage\":\"fr-CA\"},{\"@type\":\"Organization\",\"@id\":\"https:\\\/\\\/safetysourcefire.ca\\\/#organization\",\"name\":\"Safety Source Fire\",\"url\":\"https:\\\/\\\/safetysourcefire.ca\\\/\",\"logo\":{\"@type\":\"ImageObject\",\"inLanguage\":\"fr-CA\",\"@id\":\"https:\\\/\\\/safetysourcefire.ca\\\/#\\\/schema\\\/logo\\\/image\\\/\",\"url\":\"https:\\\/\\\/safetysourcefire.ca\\\/wp-content\\\/uploads\\\/2021\\\/01\\\/SSF_logo_CC0000-3.png\",\"contentUrl\":\"https:\\\/\\\/safetysourcefire.ca\\\/wp-content\\\/uploads\\\/2021\\\/01\\\/SSF_logo_CC0000-3.png\",\"width\":1107,\"height\":365,\"caption\":\"Safety Source Fire\"},\"image\":{\"@id\":\"https:\\\/\\\/safetysourcefire.ca\\\/#\\\/schema\\\/logo\\\/image\\\/\"},\"sameAs\":[\"https:\\\/\\\/www.facebook.com\\\/mmfssca\",\"https:\\\/\\\/x.com\\\/mmfssca\"]}]}<\/script>\n<!-- \/ Yoast SEO plugin. -->","yoast_head_json":{"title":"Jumbo Low Profile Ball Intake Valve, Left or Right Hand Drive - AXD Series - Safety Source Fire","robots":{"index":"index","follow":"follow","max-snippet":"max-snippet:-1","max-image-preview":"max-image-preview:large","max-video-preview":"max-video-preview:-1"},"canonical":"https:\/\/safetysourcefire.ca\/fr\/?product=jumbo-low-profile-ball-intake-valve-left-or-right-hand-drive-axd-series","og_locale":"fr_CA","og_type":"article","og_title":"Jumbo Low Profile Ball Intake Valve, Left or Right Hand Drive - AXD Series - Safety Source Fire","og_description":"TFT\u2019s Jumbo Low Profile Ball intake valve has a huge 5-1\/4 inch (133 mm) diameter waterway giving low friction loss to maximize flow.","og_url":"https:\/\/safetysourcefire.ca\/fr\/?product=jumbo-low-profile-ball-intake-valve-left-or-right-hand-drive-axd-series","og_site_name":"Safety Source Fire","article_publisher":"https:\/\/www.facebook.com\/mmfssca","article_modified_time":"2020-04-27T21:22:47+00:00","og_image":[{"width":600,"height":600,"url":"https:\/\/safetysourcefire.ca\/wp-content\/uploads\/2017\/06\/AXD1SP-NX-F.jpg","type":"image\/jpeg"}],"twitter_card":"summary_large_image","twitter_site":"@mmfssca","twitter_misc":{"Estimation du temps de lecture":"1 minute"},"schema":{"@context":"https:\/\/schema.org","@graph":[{"@type":"WebPage","@id":"https:\/\/safetysourcefire.ca\/?product=jumbo-low-profile-ball-intake-valve-left-or-right-hand-drive-axd-series","url":"https:\/\/safetysourcefire.ca\/?product=jumbo-low-profile-ball-intake-valve-left-or-right-hand-drive-axd-series","name":"Jumbo Low Profile Ball Intake Valve, Left or Right Hand Drive - AXD Series - Safety Source Fire","isPartOf":{"@id":"https:\/\/safetysourcefire.ca\/#website"},"primaryImageOfPage":{"@id":"https:\/\/safetysourcefire.ca\/?product=jumbo-low-profile-ball-intake-valve-left-or-right-hand-drive-axd-series#primaryimage"},"image":{"@id":"https:\/\/safetysourcefire.ca\/?product=jumbo-low-profile-ball-intake-valve-left-or-right-hand-drive-axd-series#primaryimage"},"thumbnailUrl":"https:\/\/safetysourcefire.ca\/wp-content\/uploads\/2017\/06\/AXD1SP-NX-F.jpg","datePublished":"2017-06-14T00:18:22+00:00","dateModified":"2020-04-27T21:22:47+00:00","breadcrumb":{"@id":"https:\/\/safetysourcefire.ca\/?product=jumbo-low-profile-ball-intake-valve-left-or-right-hand-drive-axd-series#breadcrumb"},"inLanguage":"fr-CA","potentialAction":[{"@type":"ReadAction","target":["https:\/\/safetysourcefire.ca\/?product=jumbo-low-profile-ball-intake-valve-left-or-right-hand-drive-axd-series"]}]},{"@type":"ImageObject","inLanguage":"fr-CA","@id":"https:\/\/safetysourcefire.ca\/?product=jumbo-low-profile-ball-intake-valve-left-or-right-hand-drive-axd-series#primaryimage","url":"https:\/\/safetysourcefire.ca\/wp-content\/uploads\/2017\/06\/AXD1SP-NX-F.jpg","contentUrl":"https:\/\/safetysourcefire.ca\/wp-content\/uploads\/2017\/06\/AXD1SP-NX-F.jpg","width":600,"height":600,"caption":"Jumbo Low Profile Ball Intake Valve"},{"@type":"BreadcrumbList","@id":"https:\/\/safetysourcefire.ca\/?product=jumbo-low-profile-ball-intake-valve-left-or-right-hand-drive-axd-series#breadcrumb","itemListElement":[{"@type":"ListItem","position":1,"name":"Home","item":"https:\/\/safetysourcefire.ca\/"},{"@type":"ListItem","position":2,"name":"Products","item":"https:\/\/safetysourcefire.ca\/shop\/"},{"@type":"ListItem","position":3,"name":"Jumbo Low Profile Ball Intake Valve, Left or Right Hand Drive &#8211; AXD Series"}]},{"@type":"WebSite","@id":"https:\/\/safetysourcefire.ca\/#website","url":"https:\/\/safetysourcefire.ca\/","name":"Safety Source Fire","description":"","publisher":{"@id":"https:\/\/safetysourcefire.ca\/#organization"},"potentialAction":[{"@type":"SearchAction","target":{"@type":"EntryPoint","urlTemplate":"https:\/\/safetysourcefire.ca\/?s={search_term_string}"},"query-input":{"@type":"PropertyValueSpecification","valueRequired":true,"valueName":"search_term_string"}}],"inLanguage":"fr-CA"},{"@type":"Organization","@id":"https:\/\/safetysourcefire.ca\/#organization","name":"Safety Source Fire","url":"https:\/\/safetysourcefire.ca\/","logo":{"@type":"ImageObject","inLanguage":"fr-CA","@id":"https:\/\/safetysourcefire.ca\/#\/schema\/logo\/image\/","url":"https:\/\/safetysourcefire.ca\/wp-content\/uploads\/2021\/01\/SSF_logo_CC0000-3.png","contentUrl":"https:\/\/safetysourcefire.ca\/wp-content\/uploads\/2021\/01\/SSF_logo_CC0000-3.png","width":1107,"height":365,"caption":"Safety Source Fire"},"image":{"@id":"https:\/\/safetysourcefire.ca\/#\/schema\/logo\/image\/"},"sameAs":["https:\/\/www.facebook.com\/mmfssca","https:\/\/x.com\/mmfssca"]}]}},"_links":{"self":[{"href":"https:\/\/safetysourcefire.ca\/fr\/wp-json\/wp\/v2\/product\/2805","targetHints":{"allow":["GET"]}}],"collection":[{"href":"https:\/\/safetysourcefire.ca\/fr\/wp-json\/wp\/v2\/product"}],"about":[{"href":"https:\/\/safetysourcefire.ca\/fr\/wp-json\/wp\/v2\/types\/product"}],"wp:featuredmedia":[{"embeddable":true,"href":"https:\/\/safetysourcefire.ca\/fr\/wp-json\/wp\/v2\/media\/2788"}],"wp:attachment":[{"href":"https:\/\/safetysourcefire.ca\/fr\/wp-json\/wp\/v2\/media?parent=2805"}],"wp:term":[{"taxonomy":"product_brand","embeddable":true,"href":"https:\/\/safetysourcefire.ca\/fr\/wp-json\/wp\/v2\/product_brand?post=2805"},{"taxonomy":"product_cat","embeddable":true,"href":"https:\/\/safetysourcefire.ca\/fr\/wp-json\/wp\/v2\/product_cat?post=2805"},{"taxonomy":"product_tag","embeddable":true,"href":"https:\/\/safetysourcefire.ca\/fr\/wp-json\/wp\/v2\/product_tag?post=2805"}],"curies":[{"name":"wp","href":"https:\/\/api.w.org\/{rel}","templated":true}]}}