{"id":28065,"date":"2023-09-18T18:24:24","date_gmt":"2023-09-18T18:24:24","guid":{"rendered":"https:\/\/safetysourcefire.ca\/?post_type=product&#038;p=28065"},"modified":"2024-08-16T12:47:52","modified_gmt":"2024-08-16T12:47:52","slug":"surface-based-rapid-rescue-recovery-system","status":"publish","type":"product","link":"https:\/\/safetysourcefire.ca\/fr\/produit\/surface-based-rapid-rescue-recovery-system\/","title":{"rendered":"Syst\u00e8me de surface pour sauvetage\/r\u00e9cup\u00e9ration rapide"},"content":{"rendered":"<p>RPKB 5.1 (20\u2032)<br \/>\nCe syst\u00e8me Marsars donne au sauveteur sur glace de l&#039;\u00e9quipage d&#039;un bateau bas\u00e9 en surface les moyens d&#039;effectuer une r\u00e9cup\u00e9ration sous-marine rapide. Cela r\u00e9duit le risque de blessure auquel les plongeurs sont confront\u00e9s, permettant ainsi de mettre fin plus rapidement \u00e0 la perte d&#039;une famille ainsi qu&#039;au temps pass\u00e9 sur place. Le kit RPKB 5.1 comprend une poign\u00e9e et des extensions pour une longueur de 20\u2032 pour une profondeur de recherche de 15\u2032.<\/p>\n<p>Les trousses comprennent\u00a0:<\/p>\n<ul>\n<li>Sac de transport\/de rangement<\/li>\n<li>Poign\u00e9e flottante de haute qualit\u00e9 de 70\u2033 de longueur<\/li>\n<li>Extensions enduites de 66\u2033 de longueur<\/li>\n<li>Crochet de pr\u00e9hension\/de levage amovible avec ligne<\/li>\n<li>Moniteur de visualisation dans un bo\u00eetier Pelican\u2122 \u00e9tanche<\/li>\n<li>Pile lithium-ion ou 8 piles alcalines AAA (incluses)<\/li>\n<li>C\u00e2ble d&#039;alimentation sup\u00e9rieur de 30 pieds construit en polyur\u00e9thane renforc\u00e9 de Kevlar tr\u00e8s r\u00e9sistant<\/li>\n<li>Cam\u00e9ra vid\u00e9o sous-marine \u00e9tanche jusqu&#039;\u00e0 150\u2032 de profondeur<\/li>\n<li>Garantie d&#039;un an contre les d\u00e9fauts de mat\u00e9riaux et de fabrication<\/li>\n<li>Cam\u00e9ra \u00e9tanche prot\u00e9g\u00e9e par un bo\u00eetier en plastique avec une sph\u00e8re en acrylique transparent<\/li>\n<li>Eclairage LED de basse ou haute intensit\u00e9<\/li>\n<li>Objectif fisheye int\u00e9gr\u00e9 offrant un champ de vision de 170\u02da<\/li>\n<li>Support flottant 17\u2033 x 8\u2033 x 1\u2033 pour moniteur de surface<\/li>\n<li>Pare-soleil amovible pour une visualisation plus facile \u00e0 la lumi\u00e8re du jour<\/li>\n<li>Mallette de rangement \u00e9tanche pour appareil photo\/accessoires (19\u2033L x 16\u2033H x 7\u2033W)<\/li>\n<li>Trousse de suppression des rayures de lentille en plastique acrylique<\/li>\n<li>Chargeur de batterie lithium-ion<\/li>\n<\/ul>","protected":false},"excerpt":{"rendered":"<p><strong>Prix de liquidation\u00a0: $1 995,00<br \/>\n<\/strong><em>Quantit\u00e9 : 1<\/em><\/p>\n<p><em>Veuillez noter : les ventes d&#039;articles en liquidation sont finales ; aucun \u00e9change ni retour.<\/em><\/p>","protected":false},"featured_media":28066,"template":"","meta":[],"product_brand":[620],"product_cat":[43,462,464,49,489,51,135],"product_tag":[324],"class_list":{"0":"post-28065","1":"product","2":"type-product","3":"status-publish","4":"has-post-thumbnail","6":"product_brand-marsars","7":"product_cat-clearance","8":"product_cat-emergency-preparedness","9":"product_cat-flood","10":"product_cat-medical","11":"product_cat-recovery","12":"product_cat-rescue","13":"product_cat-water-ice-rescue","14":"product_tag-marsars","16":"first","17":"instock","18":"shipping-taxable","19":"product-type-simple"},"yoast_head":"<!-- This site is optimized with the Yoast SEO plugin v27.4 - https:\/\/yoast.com\/product\/yoast-seo-wordpress\/ -->\n<title>Surface-Based Rapid Rescue\/Recovery System - Safety Source Fire<\/title>\n<meta name=\"robots\" content=\"index, follow, max-snippet:-1, max-image-preview:large, max-video-preview:-1\" \/>\n<link rel=\"canonical\" href=\"https:\/\/safetysourcefire.ca\/fr\/produit\/surface-based-rapid-rescue-recovery-system\/\" \/>\n<meta property=\"og:locale\" content=\"fr_CA\" \/>\n<meta property=\"og:type\" content=\"article\" \/>\n<meta property=\"og:title\" content=\"Surface-Based Rapid Rescue\/Recovery System - Safety Source Fire\" \/>\n<meta property=\"og:description\" content=\"Clearance Price: $1,995.00 Qty: 1  Please note: Clearance item sales are final; no exchanges or returns.\" \/>\n<meta property=\"og:url\" content=\"https:\/\/safetysourcefire.ca\/fr\/produit\/surface-based-rapid-rescue-recovery-system\/\" \/>\n<meta property=\"og:site_name\" content=\"Safety Source Fire\" \/>\n<meta property=\"article:publisher\" content=\"https:\/\/www.facebook.com\/mmfssca\" \/>\n<meta property=\"article:modified_time\" content=\"2024-08-16T12:47:52+00:00\" \/>\n<meta property=\"og:image\" content=\"https:\/\/safetysourcefire.ca\/wp-content\/uploads\/2023\/09\/recoverykit.jpg\" \/>\n\t<meta property=\"og:image:width\" content=\"600\" \/>\n\t<meta property=\"og:image:height\" content=\"600\" \/>\n\t<meta property=\"og:image:type\" content=\"image\/jpeg\" \/>\n<meta name=\"twitter:card\" content=\"summary_large_image\" \/>\n<meta name=\"twitter:site\" content=\"@mmfssca\" \/>\n<meta name=\"twitter:label1\" content=\"Estimation du temps de lecture\" \/>\n\t<meta name=\"twitter:data1\" content=\"2 minutes\" \/>\n<script type=\"application\/ld+json\" class=\"yoast-schema-graph\">{\"@context\":\"https:\\\/\\\/schema.org\",\"@graph\":[{\"@type\":\"WebPage\",\"@id\":\"https:\\\/\\\/safetysourcefire.ca\\\/product\\\/surface-based-rapid-rescue-recovery-system\\\/\",\"url\":\"https:\\\/\\\/safetysourcefire.ca\\\/product\\\/surface-based-rapid-rescue-recovery-system\\\/\",\"name\":\"Surface-Based Rapid Rescue\\\/Recovery System - Safety Source Fire\",\"isPartOf\":{\"@id\":\"https:\\\/\\\/safetysourcefire.ca\\\/#website\"},\"primaryImageOfPage\":{\"@id\":\"https:\\\/\\\/safetysourcefire.ca\\\/product\\\/surface-based-rapid-rescue-recovery-system\\\/#primaryimage\"},\"image\":{\"@id\":\"https:\\\/\\\/safetysourcefire.ca\\\/product\\\/surface-based-rapid-rescue-recovery-system\\\/#primaryimage\"},\"thumbnailUrl\":\"https:\\\/\\\/safetysourcefire.ca\\\/wp-content\\\/uploads\\\/2023\\\/09\\\/recoverykit.jpg\",\"datePublished\":\"2023-09-18T18:24:24+00:00\",\"dateModified\":\"2024-08-16T12:47:52+00:00\",\"breadcrumb\":{\"@id\":\"https:\\\/\\\/safetysourcefire.ca\\\/product\\\/surface-based-rapid-rescue-recovery-system\\\/#breadcrumb\"},\"inLanguage\":\"fr-CA\",\"potentialAction\":[{\"@type\":\"ReadAction\",\"target\":[\"https:\\\/\\\/safetysourcefire.ca\\\/product\\\/surface-based-rapid-rescue-recovery-system\\\/\"]}]},{\"@type\":\"ImageObject\",\"inLanguage\":\"fr-CA\",\"@id\":\"https:\\\/\\\/safetysourcefire.ca\\\/product\\\/surface-based-rapid-rescue-recovery-system\\\/#primaryimage\",\"url\":\"https:\\\/\\\/safetysourcefire.ca\\\/wp-content\\\/uploads\\\/2023\\\/09\\\/recoverykit.jpg\",\"contentUrl\":\"https:\\\/\\\/safetysourcefire.ca\\\/wp-content\\\/uploads\\\/2023\\\/09\\\/recoverykit.jpg\",\"width\":600,\"height\":600,\"caption\":\"underwater recovery kit\"},{\"@type\":\"BreadcrumbList\",\"@id\":\"https:\\\/\\\/safetysourcefire.ca\\\/product\\\/surface-based-rapid-rescue-recovery-system\\\/#breadcrumb\",\"itemListElement\":[{\"@type\":\"ListItem\",\"position\":1,\"name\":\"Home\",\"item\":\"https:\\\/\\\/safetysourcefire.ca\\\/\"},{\"@type\":\"ListItem\",\"position\":2,\"name\":\"Products\",\"item\":\"https:\\\/\\\/safetysourcefire.ca\\\/shop\\\/\"},{\"@type\":\"ListItem\",\"position\":3,\"name\":\"Surface-Based Rapid Rescue\\\/Recovery System\"}]},{\"@type\":\"WebSite\",\"@id\":\"https:\\\/\\\/safetysourcefire.ca\\\/#website\",\"url\":\"https:\\\/\\\/safetysourcefire.ca\\\/\",\"name\":\"Safety Source Fire\",\"description\":\"\",\"publisher\":{\"@id\":\"https:\\\/\\\/safetysourcefire.ca\\\/#organization\"},\"potentialAction\":[{\"@type\":\"SearchAction\",\"target\":{\"@type\":\"EntryPoint\",\"urlTemplate\":\"https:\\\/\\\/safetysourcefire.ca\\\/?s={search_term_string}\"},\"query-input\":{\"@type\":\"PropertyValueSpecification\",\"valueRequired\":true,\"valueName\":\"search_term_string\"}}],\"inLanguage\":\"fr-CA\"},{\"@type\":\"Organization\",\"@id\":\"https:\\\/\\\/safetysourcefire.ca\\\/#organization\",\"name\":\"Safety Source Fire\",\"url\":\"https:\\\/\\\/safetysourcefire.ca\\\/\",\"logo\":{\"@type\":\"ImageObject\",\"inLanguage\":\"fr-CA\",\"@id\":\"https:\\\/\\\/safetysourcefire.ca\\\/#\\\/schema\\\/logo\\\/image\\\/\",\"url\":\"https:\\\/\\\/safetysourcefire.ca\\\/wp-content\\\/uploads\\\/2021\\\/01\\\/SSF_logo_CC0000-3.png\",\"contentUrl\":\"https:\\\/\\\/safetysourcefire.ca\\\/wp-content\\\/uploads\\\/2021\\\/01\\\/SSF_logo_CC0000-3.png\",\"width\":1107,\"height\":365,\"caption\":\"Safety Source Fire\"},\"image\":{\"@id\":\"https:\\\/\\\/safetysourcefire.ca\\\/#\\\/schema\\\/logo\\\/image\\\/\"},\"sameAs\":[\"https:\\\/\\\/www.facebook.com\\\/mmfssca\",\"https:\\\/\\\/x.com\\\/mmfssca\"]}]}<\/script>\n<!-- \/ Yoast SEO plugin. -->","yoast_head_json":{"title":"Syst\u00e8me de sauvetage et de r\u00e9cup\u00e9ration rapide en surface - Incendie \u00e0 source de s\u00e9curit\u00e9","robots":{"index":"index","follow":"follow","max-snippet":"max-snippet:-1","max-image-preview":"max-image-preview:large","max-video-preview":"max-video-preview:-1"},"canonical":"https:\/\/safetysourcefire.ca\/fr\/produit\/surface-based-rapid-rescue-recovery-system\/","og_locale":"fr_CA","og_type":"article","og_title":"Surface-Based Rapid Rescue\/Recovery System - Safety Source Fire","og_description":"Clearance Price: $1,995.00 Qty: 1  Please note: Clearance item sales are final; no exchanges or returns.","og_url":"https:\/\/safetysourcefire.ca\/fr\/produit\/surface-based-rapid-rescue-recovery-system\/","og_site_name":"Safety Source Fire","article_publisher":"https:\/\/www.facebook.com\/mmfssca","article_modified_time":"2024-08-16T12:47:52+00:00","og_image":[{"width":600,"height":600,"url":"https:\/\/safetysourcefire.ca\/wp-content\/uploads\/2023\/09\/recoverykit.jpg","type":"image\/jpeg"}],"twitter_card":"summary_large_image","twitter_site":"@mmfssca","twitter_misc":{"Estimation du temps de lecture":"2 minutes"},"schema":{"@context":"https:\/\/schema.org","@graph":[{"@type":"WebPage","@id":"https:\/\/safetysourcefire.ca\/product\/surface-based-rapid-rescue-recovery-system\/","url":"https:\/\/safetysourcefire.ca\/product\/surface-based-rapid-rescue-recovery-system\/","name":"Syst\u00e8me de sauvetage et de r\u00e9cup\u00e9ration rapide en surface - Incendie \u00e0 source de s\u00e9curit\u00e9","isPartOf":{"@id":"https:\/\/safetysourcefire.ca\/#website"},"primaryImageOfPage":{"@id":"https:\/\/safetysourcefire.ca\/product\/surface-based-rapid-rescue-recovery-system\/#primaryimage"},"image":{"@id":"https:\/\/safetysourcefire.ca\/product\/surface-based-rapid-rescue-recovery-system\/#primaryimage"},"thumbnailUrl":"https:\/\/safetysourcefire.ca\/wp-content\/uploads\/2023\/09\/recoverykit.jpg","datePublished":"2023-09-18T18:24:24+00:00","dateModified":"2024-08-16T12:47:52+00:00","breadcrumb":{"@id":"https:\/\/safetysourcefire.ca\/product\/surface-based-rapid-rescue-recovery-system\/#breadcrumb"},"inLanguage":"fr-CA","potentialAction":[{"@type":"ReadAction","target":["https:\/\/safetysourcefire.ca\/product\/surface-based-rapid-rescue-recovery-system\/"]}]},{"@type":"ImageObject","inLanguage":"fr-CA","@id":"https:\/\/safetysourcefire.ca\/product\/surface-based-rapid-rescue-recovery-system\/#primaryimage","url":"https:\/\/safetysourcefire.ca\/wp-content\/uploads\/2023\/09\/recoverykit.jpg","contentUrl":"https:\/\/safetysourcefire.ca\/wp-content\/uploads\/2023\/09\/recoverykit.jpg","width":600,"height":600,"caption":"underwater recovery kit"},{"@type":"BreadcrumbList","@id":"https:\/\/safetysourcefire.ca\/product\/surface-based-rapid-rescue-recovery-system\/#breadcrumb","itemListElement":[{"@type":"ListItem","position":1,"name":"Home","item":"https:\/\/safetysourcefire.ca\/"},{"@type":"ListItem","position":2,"name":"Products","item":"https:\/\/safetysourcefire.ca\/shop\/"},{"@type":"ListItem","position":3,"name":"Surface-Based Rapid Rescue\/Recovery System"}]},{"@type":"WebSite","@id":"https:\/\/safetysourcefire.ca\/#website","url":"https:\/\/safetysourcefire.ca\/","name":"Safety Source Fire","description":"","publisher":{"@id":"https:\/\/safetysourcefire.ca\/#organization"},"potentialAction":[{"@type":"SearchAction","target":{"@type":"EntryPoint","urlTemplate":"https:\/\/safetysourcefire.ca\/?s={search_term_string}"},"query-input":{"@type":"PropertyValueSpecification","valueRequired":true,"valueName":"search_term_string"}}],"inLanguage":"fr-CA"},{"@type":"Organization","@id":"https:\/\/safetysourcefire.ca\/#organization","name":"Safety Source Fire","url":"https:\/\/safetysourcefire.ca\/","logo":{"@type":"ImageObject","inLanguage":"fr-CA","@id":"https:\/\/safetysourcefire.ca\/#\/schema\/logo\/image\/","url":"https:\/\/safetysourcefire.ca\/wp-content\/uploads\/2021\/01\/SSF_logo_CC0000-3.png","contentUrl":"https:\/\/safetysourcefire.ca\/wp-content\/uploads\/2021\/01\/SSF_logo_CC0000-3.png","width":1107,"height":365,"caption":"Safety Source Fire"},"image":{"@id":"https:\/\/safetysourcefire.ca\/#\/schema\/logo\/image\/"},"sameAs":["https:\/\/www.facebook.com\/mmfssca","https:\/\/x.com\/mmfssca"]}]}},"_links":{"self":[{"href":"https:\/\/safetysourcefire.ca\/fr\/wp-json\/wp\/v2\/product\/28065","targetHints":{"allow":["GET"]}}],"collection":[{"href":"https:\/\/safetysourcefire.ca\/fr\/wp-json\/wp\/v2\/product"}],"about":[{"href":"https:\/\/safetysourcefire.ca\/fr\/wp-json\/wp\/v2\/types\/product"}],"wp:featuredmedia":[{"embeddable":true,"href":"https:\/\/safetysourcefire.ca\/fr\/wp-json\/wp\/v2\/media\/28066"}],"wp:attachment":[{"href":"https:\/\/safetysourcefire.ca\/fr\/wp-json\/wp\/v2\/media?parent=28065"}],"wp:term":[{"taxonomy":"product_brand","embeddable":true,"href":"https:\/\/safetysourcefire.ca\/fr\/wp-json\/wp\/v2\/product_brand?post=28065"},{"taxonomy":"product_cat","embeddable":true,"href":"https:\/\/safetysourcefire.ca\/fr\/wp-json\/wp\/v2\/product_cat?post=28065"},{"taxonomy":"product_tag","embeddable":true,"href":"https:\/\/safetysourcefire.ca\/fr\/wp-json\/wp\/v2\/product_tag?post=28065"}],"curies":[{"name":"wp","href":"https:\/\/api.w.org\/{rel}","templated":true}]}}