{"id":28115,"date":"2023-10-03T12:33:13","date_gmt":"2023-10-03T12:33:13","guid":{"rendered":"https:\/\/safetysourcefire.ca\/?post_type=product&#038;p=28115"},"modified":"2025-05-12T17:36:02","modified_gmt":"2025-05-12T17:36:02","slug":"air-card-voc-detection-device","status":"publish","type":"product","link":"https:\/\/safetysourcefire.ca\/fr\/produit\/air-card-voc-detection-device\/","title":{"rendered":"Dispositif de d\u00e9tection de COV Air Card"},"content":{"rendered":"<p>La carte est charg\u00e9e de pastilles violettes qui d\u00e9tectent les COV dans l&#039;air. Au cours de la p\u00e9riode de test de 30 jours, plus les pellets perdent rapidement leur couleur violette, plus les niveaux de COV sont \u00e9lev\u00e9s.<\/p>\n<p>Utiliser la carte a\u00e9rienne<\/p>\n<ul>\n<li>Choisissez un emplacement\u00a0: placez votre AirCard dans un endroit o\u00f9 votre \u00e9quipage passe du temps \u2013 g\u00e9n\u00e9ralement la station ou l&#039;appareil.<br \/>\nScannez le code QR\u00a0: Le code QR vous am\u00e8nera \u00e0 un formulaire simple. Localisez votre service et remplissez toutes les informations demand\u00e9es. Parfois, vous recevrez un rappel pour v\u00e9rifier votre carte.<\/li>\n<li>Surveillez votre Air Card\u00a0: vous devez vous enregistrer r\u00e9guli\u00e8rement avec votre Air Card. Si vous remarquez que les perles ont perdu leur couleur violette (elles peuvent changer de couleur), scannez \u00e0 nouveau votre code QR pour soumettre vos r\u00e9sultats. S&#039;il reste encore du violet apr\u00e8s 30 jours, scannez le code QR pour mettre fin \u00e0 l&#039;\u00e9valuation de la qualit\u00e9 de l&#039;air et envisagez de refaire un test dans 60 jours.<\/li>\n<li>\u00c9valuez vos r\u00e9sultats\u00a0: apr\u00e8s avoir soumis vos r\u00e9sultats, vous recevrez un e-mail expliquant la signification de vos r\u00e9sultats ainsi que les prochaines \u00e9tapes pour aider \u00e0 prot\u00e9ger la sant\u00e9 de votre \u00e9quipage.<\/li>\n<\/ul>\n<p><iframe class=\"youtube-video\" title=\"lecteur vid\u00e9o YouTube\" src=\"https:\/\/www.youtube.com\/embed\/697NKn7KiUc?si=u6HaC3_HeZjlwUdv\" frameborder=\"0\" allowfullscreen=\"allowfullscreen\"><\/iframe><\/p>","protected":false},"excerpt":{"rendered":"<p>L&#039;Air Card est un moyen simple de tester les niveaux nocifs de COV dans l&#039;air que vous et votre \u00e9quipage respirez.<\/p>","protected":false},"featured_media":28116,"template":"","meta":[],"product_brand":[179],"product_cat":[123,452,50],"product_tag":[355,354],"class_list":{"0":"post-28115","1":"product","2":"type-product","3":"status-publish","4":"has-post-thumbnail","6":"product_brand-tft","7":"product_cat-hazmat-ppe","8":"product_cat-miscellaneous-ppe","9":"product_cat-personal-protective-equipment","10":"product_tag-task-force-tips","11":"product_tag-tft","13":"first","14":"instock","15":"shipping-taxable","16":"product-type-simple"},"yoast_head":"<!-- This site is optimized with the Yoast SEO plugin v27.4 - https:\/\/yoast.com\/product\/yoast-seo-wordpress\/ -->\n<title>Air Card VOC Detection Device - Safety Source Fire<\/title>\n<meta name=\"robots\" content=\"index, follow, max-snippet:-1, max-image-preview:large, max-video-preview:-1\" \/>\n<link rel=\"canonical\" href=\"https:\/\/safetysourcefire.ca\/fr\/?product=air-card-voc-detection-device\" \/>\n<meta property=\"og:locale\" content=\"fr_CA\" \/>\n<meta property=\"og:type\" content=\"article\" \/>\n<meta property=\"og:title\" content=\"Air Card VOC Detection Device - Safety Source Fire\" \/>\n<meta property=\"og:description\" content=\"The Air Card is an easy way to test for health harmful levels of VOCs in the air that you and your crew breathe.\" \/>\n<meta property=\"og:url\" content=\"https:\/\/safetysourcefire.ca\/fr\/?product=air-card-voc-detection-device\" \/>\n<meta property=\"og:site_name\" content=\"Safety Source Fire\" \/>\n<meta property=\"article:publisher\" content=\"https:\/\/www.facebook.com\/mmfssca\" \/>\n<meta property=\"article:modified_time\" content=\"2025-05-12T17:36:02+00:00\" \/>\n<meta property=\"og:image\" content=\"https:\/\/safetysourcefire.ca\/wp-content\/uploads\/2023\/10\/AirCard.jpg\" \/>\n\t<meta property=\"og:image:width\" content=\"600\" \/>\n\t<meta property=\"og:image:height\" content=\"600\" \/>\n\t<meta property=\"og:image:type\" content=\"image\/jpeg\" \/>\n<meta name=\"twitter:card\" content=\"summary_large_image\" \/>\n<meta name=\"twitter:site\" content=\"@mmfssca\" \/>\n<meta name=\"twitter:label1\" content=\"Estimation du temps de lecture\" \/>\n\t<meta name=\"twitter:data1\" content=\"1 minute\" \/>\n<script type=\"application\/ld+json\" class=\"yoast-schema-graph\">{\"@context\":\"https:\\\/\\\/schema.org\",\"@graph\":[{\"@type\":\"WebPage\",\"@id\":\"https:\\\/\\\/safetysourcefire.ca\\\/?product=air-card-voc-detection-device\",\"url\":\"https:\\\/\\\/safetysourcefire.ca\\\/?product=air-card-voc-detection-device\",\"name\":\"Air Card VOC Detection Device - Safety Source Fire\",\"isPartOf\":{\"@id\":\"https:\\\/\\\/safetysourcefire.ca\\\/#website\"},\"primaryImageOfPage\":{\"@id\":\"https:\\\/\\\/safetysourcefire.ca\\\/?product=air-card-voc-detection-device#primaryimage\"},\"image\":{\"@id\":\"https:\\\/\\\/safetysourcefire.ca\\\/?product=air-card-voc-detection-device#primaryimage\"},\"thumbnailUrl\":\"https:\\\/\\\/safetysourcefire.ca\\\/wp-content\\\/uploads\\\/2023\\\/10\\\/AirCard.jpg\",\"datePublished\":\"2023-10-03T12:33:13+00:00\",\"dateModified\":\"2025-05-12T17:36:02+00:00\",\"breadcrumb\":{\"@id\":\"https:\\\/\\\/safetysourcefire.ca\\\/?product=air-card-voc-detection-device#breadcrumb\"},\"inLanguage\":\"fr-CA\",\"potentialAction\":[{\"@type\":\"ReadAction\",\"target\":[\"https:\\\/\\\/safetysourcefire.ca\\\/?product=air-card-voc-detection-device\"]}]},{\"@type\":\"ImageObject\",\"inLanguage\":\"fr-CA\",\"@id\":\"https:\\\/\\\/safetysourcefire.ca\\\/?product=air-card-voc-detection-device#primaryimage\",\"url\":\"https:\\\/\\\/safetysourcefire.ca\\\/wp-content\\\/uploads\\\/2023\\\/10\\\/AirCard.jpg\",\"contentUrl\":\"https:\\\/\\\/safetysourcefire.ca\\\/wp-content\\\/uploads\\\/2023\\\/10\\\/AirCard.jpg\",\"width\":600,\"height\":600,\"caption\":\"Air Card in Package\"},{\"@type\":\"BreadcrumbList\",\"@id\":\"https:\\\/\\\/safetysourcefire.ca\\\/?product=air-card-voc-detection-device#breadcrumb\",\"itemListElement\":[{\"@type\":\"ListItem\",\"position\":1,\"name\":\"Home\",\"item\":\"https:\\\/\\\/safetysourcefire.ca\\\/\"},{\"@type\":\"ListItem\",\"position\":2,\"name\":\"Products\",\"item\":\"https:\\\/\\\/safetysourcefire.ca\\\/shop\\\/\"},{\"@type\":\"ListItem\",\"position\":3,\"name\":\"Air Card VOC Detection Device\"}]},{\"@type\":\"WebSite\",\"@id\":\"https:\\\/\\\/safetysourcefire.ca\\\/#website\",\"url\":\"https:\\\/\\\/safetysourcefire.ca\\\/\",\"name\":\"Safety Source Fire\",\"description\":\"\",\"publisher\":{\"@id\":\"https:\\\/\\\/safetysourcefire.ca\\\/#organization\"},\"potentialAction\":[{\"@type\":\"SearchAction\",\"target\":{\"@type\":\"EntryPoint\",\"urlTemplate\":\"https:\\\/\\\/safetysourcefire.ca\\\/?s={search_term_string}\"},\"query-input\":{\"@type\":\"PropertyValueSpecification\",\"valueRequired\":true,\"valueName\":\"search_term_string\"}}],\"inLanguage\":\"fr-CA\"},{\"@type\":\"Organization\",\"@id\":\"https:\\\/\\\/safetysourcefire.ca\\\/#organization\",\"name\":\"Safety Source Fire\",\"url\":\"https:\\\/\\\/safetysourcefire.ca\\\/\",\"logo\":{\"@type\":\"ImageObject\",\"inLanguage\":\"fr-CA\",\"@id\":\"https:\\\/\\\/safetysourcefire.ca\\\/#\\\/schema\\\/logo\\\/image\\\/\",\"url\":\"https:\\\/\\\/safetysourcefire.ca\\\/wp-content\\\/uploads\\\/2021\\\/01\\\/SSF_logo_CC0000-3.png\",\"contentUrl\":\"https:\\\/\\\/safetysourcefire.ca\\\/wp-content\\\/uploads\\\/2021\\\/01\\\/SSF_logo_CC0000-3.png\",\"width\":1107,\"height\":365,\"caption\":\"Safety Source Fire\"},\"image\":{\"@id\":\"https:\\\/\\\/safetysourcefire.ca\\\/#\\\/schema\\\/logo\\\/image\\\/\"},\"sameAs\":[\"https:\\\/\\\/www.facebook.com\\\/mmfssca\",\"https:\\\/\\\/x.com\\\/mmfssca\"]}]}<\/script>\n<!-- \/ Yoast SEO plugin. -->","yoast_head_json":{"title":"D\u00e9tecteur de COV Air Card - Source de s\u00e9curit\u00e9 incendie","robots":{"index":"index","follow":"follow","max-snippet":"max-snippet:-1","max-image-preview":"max-image-preview:large","max-video-preview":"max-video-preview:-1"},"canonical":"https:\/\/safetysourcefire.ca\/fr\/?product=air-card-voc-detection-device","og_locale":"fr_CA","og_type":"article","og_title":"Air Card VOC Detection Device - Safety Source Fire","og_description":"The Air Card is an easy way to test for health harmful levels of VOCs in the air that you and your crew breathe.","og_url":"https:\/\/safetysourcefire.ca\/fr\/?product=air-card-voc-detection-device","og_site_name":"Safety Source Fire","article_publisher":"https:\/\/www.facebook.com\/mmfssca","article_modified_time":"2025-05-12T17:36:02+00:00","og_image":[{"width":600,"height":600,"url":"https:\/\/safetysourcefire.ca\/wp-content\/uploads\/2023\/10\/AirCard.jpg","type":"image\/jpeg"}],"twitter_card":"summary_large_image","twitter_site":"@mmfssca","twitter_misc":{"Estimation du temps de lecture":"1 minute"},"schema":{"@context":"https:\/\/schema.org","@graph":[{"@type":"WebPage","@id":"https:\/\/safetysourcefire.ca\/?product=air-card-voc-detection-device","url":"https:\/\/safetysourcefire.ca\/?product=air-card-voc-detection-device","name":"D\u00e9tecteur de COV Air Card - Source de s\u00e9curit\u00e9 incendie","isPartOf":{"@id":"https:\/\/safetysourcefire.ca\/#website"},"primaryImageOfPage":{"@id":"https:\/\/safetysourcefire.ca\/?product=air-card-voc-detection-device#primaryimage"},"image":{"@id":"https:\/\/safetysourcefire.ca\/?product=air-card-voc-detection-device#primaryimage"},"thumbnailUrl":"https:\/\/safetysourcefire.ca\/wp-content\/uploads\/2023\/10\/AirCard.jpg","datePublished":"2023-10-03T12:33:13+00:00","dateModified":"2025-05-12T17:36:02+00:00","breadcrumb":{"@id":"https:\/\/safetysourcefire.ca\/?product=air-card-voc-detection-device#breadcrumb"},"inLanguage":"fr-CA","potentialAction":[{"@type":"ReadAction","target":["https:\/\/safetysourcefire.ca\/?product=air-card-voc-detection-device"]}]},{"@type":"ImageObject","inLanguage":"fr-CA","@id":"https:\/\/safetysourcefire.ca\/?product=air-card-voc-detection-device#primaryimage","url":"https:\/\/safetysourcefire.ca\/wp-content\/uploads\/2023\/10\/AirCard.jpg","contentUrl":"https:\/\/safetysourcefire.ca\/wp-content\/uploads\/2023\/10\/AirCard.jpg","width":600,"height":600,"caption":"Air Card in Package"},{"@type":"BreadcrumbList","@id":"https:\/\/safetysourcefire.ca\/?product=air-card-voc-detection-device#breadcrumb","itemListElement":[{"@type":"ListItem","position":1,"name":"Home","item":"https:\/\/safetysourcefire.ca\/"},{"@type":"ListItem","position":2,"name":"Products","item":"https:\/\/safetysourcefire.ca\/shop\/"},{"@type":"ListItem","position":3,"name":"Air Card VOC Detection Device"}]},{"@type":"WebSite","@id":"https:\/\/safetysourcefire.ca\/#website","url":"https:\/\/safetysourcefire.ca\/","name":"Safety Source Fire","description":"","publisher":{"@id":"https:\/\/safetysourcefire.ca\/#organization"},"potentialAction":[{"@type":"SearchAction","target":{"@type":"EntryPoint","urlTemplate":"https:\/\/safetysourcefire.ca\/?s={search_term_string}"},"query-input":{"@type":"PropertyValueSpecification","valueRequired":true,"valueName":"search_term_string"}}],"inLanguage":"fr-CA"},{"@type":"Organization","@id":"https:\/\/safetysourcefire.ca\/#organization","name":"Safety Source Fire","url":"https:\/\/safetysourcefire.ca\/","logo":{"@type":"ImageObject","inLanguage":"fr-CA","@id":"https:\/\/safetysourcefire.ca\/#\/schema\/logo\/image\/","url":"https:\/\/safetysourcefire.ca\/wp-content\/uploads\/2021\/01\/SSF_logo_CC0000-3.png","contentUrl":"https:\/\/safetysourcefire.ca\/wp-content\/uploads\/2021\/01\/SSF_logo_CC0000-3.png","width":1107,"height":365,"caption":"Safety Source Fire"},"image":{"@id":"https:\/\/safetysourcefire.ca\/#\/schema\/logo\/image\/"},"sameAs":["https:\/\/www.facebook.com\/mmfssca","https:\/\/x.com\/mmfssca"]}]}},"_links":{"self":[{"href":"https:\/\/safetysourcefire.ca\/fr\/wp-json\/wp\/v2\/product\/28115","targetHints":{"allow":["GET"]}}],"collection":[{"href":"https:\/\/safetysourcefire.ca\/fr\/wp-json\/wp\/v2\/product"}],"about":[{"href":"https:\/\/safetysourcefire.ca\/fr\/wp-json\/wp\/v2\/types\/product"}],"wp:featuredmedia":[{"embeddable":true,"href":"https:\/\/safetysourcefire.ca\/fr\/wp-json\/wp\/v2\/media\/28116"}],"wp:attachment":[{"href":"https:\/\/safetysourcefire.ca\/fr\/wp-json\/wp\/v2\/media?parent=28115"}],"wp:term":[{"taxonomy":"product_brand","embeddable":true,"href":"https:\/\/safetysourcefire.ca\/fr\/wp-json\/wp\/v2\/product_brand?post=28115"},{"taxonomy":"product_cat","embeddable":true,"href":"https:\/\/safetysourcefire.ca\/fr\/wp-json\/wp\/v2\/product_cat?post=28115"},{"taxonomy":"product_tag","embeddable":true,"href":"https:\/\/safetysourcefire.ca\/fr\/wp-json\/wp\/v2\/product_tag?post=28115"}],"curies":[{"name":"wp","href":"https:\/\/api.w.org\/{rel}","templated":true}]}}